{"id":10308,"date":"2023-11-08T12:15:23","date_gmt":"2023-11-08T11:15:23","guid":{"rendered":"https:\/\/paulrivera.it\/contacts\/"},"modified":"2026-04-09T15:05:45","modified_gmt":"2026-04-09T13:05:45","slug":"contacts","status":"publish","type":"page","link":"https:\/\/paulrivera.it\/fr\/contacts\/","title":{"rendered":"Contacts"},"content":{"rendered":"<div class=\"wpb-content-wrapper\"><p>[vc_row full_width=&#8221;stretch_row&#8221; css=&#8221;.vc_custom_1590737121889{background-image: url(https:\/\/paulrivera.it\/wp-content\/uploads\/2020\/05\/contatti_background.png?id=1242) !important;background-position: center !important;background-repeat: no-repeat !important;background-size: cover !important;}&#8221;][vc_column][vc_empty_space height=&#8221;100px&#8221;][vc_row_inner css=&#8221;.vc_custom_1590679843660{background-color: rgba(255,255,255,0.88) !important;*background-color: rgb(255,255,255) !important;}&#8221;][vc_column_inner width=&#8221;1\/2&#8243; css=&#8221;.vc_custom_1583244805020{padding-top: 20% !important;padding-bottom: 20% !important;padding-left: 20% !important;}&#8221; offset=&#8221;vc_hidden-md vc_hidden-sm vc_hidden-xs&#8221;][vc_column_text]<\/p>\n<p style=\"text-align: left;\"><span style=\"color: #333333; letter-spacing: 2px; font-family: Questrial; font-size: 25px;\">BESOIN D&#8217;AIDE?<\/span><\/p>\n<p>Vous avez besoin d&#8217;aide ou vous avez des questions sp\u00e9cifiques concernant l&#8217;achat des produits professionnels Paul Rivera ? Contactez facilement notre service client.[\/vc_column_text][vc_column_text]<\/p>\n<h2><span style=\"color: #333333; letter-spacing: 2px; font-family: Questrial; font-size: 25px;\">NOTRE<br \/>\nSERVICE CLIENT<\/span><\/h2>\n<p>Contactez-nous \u00e0 notre num\u00e9ro vert, envoyez-nous un courriel ou remplissez le formulaire dans son int\u00e9gralit\u00e9. Notre service client vous contactera dans les plus brefs d\u00e9lais.<\/p>\n<p><i class=\"fas fa-phone-alt\"><\/i> 800 273 708<br \/>\n<i class=\"far fa-envelope\"><\/i> <a href=\"mailto:info@paulrivera.it\">info@paulrivera.it<\/a>[\/vc_column_text][vc_column_text]<\/p>\n<h2><span style=\"color: #333333; letter-spacing: 2px; font-family: Questrial; font-size: 25px;\">D\u00c9COUVREZ L&#8217;UNIVERS<br \/>\nPAUL RIVERA<\/span><\/h2>\n<p>Paul Rivera propose des produits sur mesure, pour des exp\u00e9riences uniques qui satisferont les besoins des coiffeurs et de leurs clients.[\/vc_column_text][vc_column_text]<\/p>\n<p style=\"text-align: left;\"><img loading=\"lazy\" decoding=\"async\" class=\"wp-image-1092 alignleft\" src=\"https:\/\/paulrivera.it\/wp-content\/uploads\/2020\/03\/icon_download_catalog.png\" alt=\"\" width=\"30\" height=\"30\" srcset=\"https:\/\/paulrivera.it\/wp-content\/uploads\/2020\/03\/icon_download_catalog.png 40w, https:\/\/paulrivera.it\/wp-content\/uploads\/2020\/03\/icon_download_catalog-24x24.png 24w, https:\/\/paulrivera.it\/wp-content\/uploads\/2020\/03\/icon_download_catalog-36x36.png 36w\" sizes=\"auto, (max-width: 30px) 100vw, 30px\" \/><a href=\"https:\/\/comprof.it\/cataloghi\/paul_rivera\/paul_rivera_products_book.pdf\" target=\"_blank\" rel=\"noopener noreferrer\">T\u00e9l\u00e9charger le catalogue de produits<\/a><\/p>\n<p>[\/vc_column_text][\/vc_column_inner][vc_column_inner width=&#8221;1\/2&#8243; css=&#8221;.vc_custom_1583244809734{padding-top: 20% !important;padding-right: 20% !important;padding-bottom: 20% !important;}&#8221; offset=&#8221;vc_hidden-md vc_hidden-sm vc_hidden-xs&#8221;][vc_raw_html css=&#8221;&#8221;]JTNDJTIxLS0lMjBDdXN0b20lMjBGb3JtJTNBJTIwUGF1bCUyMFJpdmVyYSUyMEZSJTIwLS0lM0UlMEElM0NsaW5rJTIwcmVsJTNEJTIyc3R5bGVzaGVldCUyMiUyMGhyZWYlM0QlMjJodHRwcyUzQSUyRiUyRmhlbHBkZXNrLmNvbXByb2YuaXQlMkZhc3NldHMlMkZjdXN0b20tZm9ybSUyRmN1c3RvbS1mb3JtLmNzcyUyMiUzRSUwQSUzQ2RpdiUyMGlkJTNEJTIyY3VzdG9tLWZvcm0tbWY0QU9udTglMjIlM0UlM0MlMkZkaXYlM0UlMEElM0NzY3JpcHQlMjBzcmMlM0QlMjJodHRwcyUzQSUyRiUyRmhlbHBkZXNrLmNvbXByb2YuaXQlMkZhc3NldHMlMkZjdXN0b20tZm9ybSUyRmN1c3RvbS1mb3JtLmpzJTIyJTNFJTNDJTJGc2NyaXB0JTNFJTBBJTNDc2NyaXB0JTNFJTBBJTIwJTIwWmFtbWFkQ3VzdG9tRm9ybS5pbml0JTI4JTdCJTBBJTIwJTIwJTIwJTIwZWwlM0ElMjAlMjAlMjAlMjAlMjAlMjAlMjclMjNjdXN0b20tZm9ybS1tZjRBT251OCUyNyUyQyUwQSUyMCUyMCUyMCUyMHRva2VuJTNBJTIwJTIwJTIwJTI3bWY0QU9udThmVENYNlZxMk1lRDJ4TGhBeTRYV0Yzd3g2eGw0bWo4VGk5V0NOZVpNajZrZGpSQmk3NjFBTndkLSUyNyUyQyUwQSUyMCUyMCUyMCUyMGJhc2VVcmwlM0ElMjAlMjdodHRwcyUzQSUyRiUyRmhlbHBkZXNrLmNvbXByb2YuaXQlMjclMEElMjAlMjAlN0QlMjklM0IlMEElM0MlMkZzY3JpcHQlM0U=[\/vc_raw_html][\/vc_column_inner][\/vc_row_inner][vc_row_inner css=&#8221;.vc_custom_1590737146404{background-color: rgba(255,255,255,0.89) !important;*background-color: rgb(255,255,255) !important;}&#8221;][vc_column_inner css=&#8221;.vc_custom_1583244842495{padding-top: 10% !important;padding-right: 10% !important;padding-bottom: 10% !important;padding-left: 10% !important;}&#8221; offset=&#8221;vc_hidden-lg&#8221;][vc_column_text]<\/p>\n<p style=\"text-align: left;\"><span style=\"color: #333333; letter-spacing: 2px; font-family: Questrial; font-size: 25px;\">BESOIN D&#8217;AIDE?<\/span><\/p>\n<p>Vous avez besoin d&#8217;aide ou vous avez des questions sp\u00e9cifiques concernant l&#8217;achat des produits professionnels Paul Rivera ? Contactez facilement notre service client.[\/vc_column_text][vc_column_text]<\/p>\n<h2><span style=\"color: #333333; letter-spacing: 2px; font-family: Questrial; font-size: 25px;\">NOTRE<br \/>\nSERVICE CLIENT<\/span><\/h2>\n<p>Contactez-nous \u00e0 notre num\u00e9ro vert, envoyez-nous un courriel ou remplissez le formulaire dans son int\u00e9gralit\u00e9. Notre service client vous contactera dans les plus brefs d\u00e9lais.<\/p>\n<p><i class=\"fas fa-phone-alt\"><\/i> 800 273 708<br \/>\n<i class=\"far fa-envelope\"><\/i> <a href=\"mailto:info@paulrivera.it\">info@paulrivera.it<\/a>[\/vc_column_text][vc_column_text]<\/p>\n<h2><span style=\"color: #333333; letter-spacing: 2px; font-family: Questrial; font-size: 25px;\">D\u00c9COUVREZ L&#8217;UNIVERS<br \/>\nPAUL RIVERA<\/span><\/h2>\n<p>Paul Rivera propose des produits sur mesure, pour des exp\u00e9riences uniques qui satisferont les besoins des coiffeurs et de leurs clients.[\/vc_column_text][vc_column_text]<\/p>\n<p style=\"text-align: left;\"><img loading=\"lazy\" decoding=\"async\" class=\"wp-image-1092 alignleft\" src=\"https:\/\/paulrivera.it\/wp-content\/uploads\/2020\/03\/icon_download_catalog.png\" alt=\"\" width=\"30\" height=\"30\" srcset=\"https:\/\/paulrivera.it\/wp-content\/uploads\/2020\/03\/icon_download_catalog.png 40w, https:\/\/paulrivera.it\/wp-content\/uploads\/2020\/03\/icon_download_catalog-24x24.png 24w, https:\/\/paulrivera.it\/wp-content\/uploads\/2020\/03\/icon_download_catalog-36x36.png 36w\" sizes=\"auto, (max-width: 30px) 100vw, 30px\" \/><a href=\"https:\/\/comprof.it\/cataloghi\/paul_rivera\/paul_rivera_products_book.pdf\" target=\"_blank\" rel=\"noopener noreferrer\">T\u00e9l\u00e9charger le catalogue de produits<\/a><\/p>\n<p>[\/vc_column_text][vc_raw_html]JTNDc2NyaXB0JTIwY2hhcnNldCUzRCUyMnV0Zi04JTIyJTIwdHlwZSUzRCUyMnRleHQlMkZqYXZhc2NyaXB0JTIyJTIwc3JjJTNEJTIyJTJGJTJGanMtZXUxLmhzZm9ybXMubmV0JTJGZm9ybXMlMkZlbWJlZCUyRnYyLmpzJTIyJTNFJTNDJTJGc2NyaXB0JTNFJTBBJTNDc2NyaXB0JTNFJTBBJTIwJTIwaGJzcHQuZm9ybXMuY3JlYXRlJTI4JTdCJTBBJTIwJTIwJTIwJTIwcmVnaW9uJTNBJTIwJTIyZXUxJTIyJTJDJTBBJTIwJTIwJTIwJTIwcG9ydGFsSWQlM0ElMjAlMjIyNDg5MDY1NyUyMiUyQyUwQSUyMCUyMCUyMCUyMGZvcm1JZCUzQSUyMCUyMjhiYmJmNjNmLWQ4YWYtNDAzYi04MmMxLTM1ZDE2MjhiMjc0MyUyMiUwQSUyMCUyMCU3RCUyOSUzQiUwQSUzQyUyRnNjcmlwdCUzRQ==[\/vc_raw_html][\/vc_column_inner][\/vc_row_inner][vc_empty_space height=&#8221;100px&#8221;][\/vc_column][\/vc_row]<\/p>\n<\/div>","protected":false},"excerpt":{"rendered":"<p>[vc_row full_width=&#8221;stretch_row&#8221; css=&#8221;.vc_custom_1590737121889{background-image: url(https:\/\/paulrivera.it\/wp-content\/uploads\/2020\/05\/contatti_background.png?id=1242) !important;background-position: center !important;background-repeat: no-repeat !important;background-size: cover !important;}&#8221;][vc_column][vc_empty_space height=&#8221;100px&#8221;][vc_row_inner css=&#8221;.vc_custom_1590679843660{background-color: rgba(255,255,255,0.88) !important;*background-color: rgb(255,255,255) !important;}&#8221;][vc_column_inner width=&#8221;1\/2&#8243; css=&#8221;.vc_custom_1583244805020{padding-top: 20% !important;padding-bottom: 20% !important;padding-left: 20% !important;}&#8221; offset=&#8221;vc_hidden-md vc_hidden-sm vc_hidden-xs&#8221;][vc_column_text] BESOIN D&#8217;AIDE? Vous avez besoin d&#8217;aide ou vous avez des questions sp\u00e9cifiques concernant l&#8217;achat des produits professionnels Paul Rivera ? Contactez facilement notre service client.[\/vc_column_text][vc_column_text] NOTRE SERVICE&hellip;<\/p>\n","protected":false},"author":1,"featured_media":0,"parent":0,"menu_order":0,"comment_status":"closed","ping_status":"closed","template":"","meta":{"footnotes":""},"class_list":["post-10308","page","type-page","status-publish","hentry","description-off"],"yoast_head":"<!-- This site is optimized with the Yoast SEO plugin v27.2 - https:\/\/yoast.com\/product\/yoast-seo-wordpress\/ -->\n<title>Contacts | Paul Rivera<\/title>\n<meta name=\"description\" content=\"Contactez-nous \u00e0 notre num\u00e9ro vert, envoyez-nous un courriel ou remplissez le formulaire dans son int\u00e9gralit\u00e9. Notre service client vous contactera dans les plus brefs d\u00e9lais.\" \/>\n<meta name=\"robots\" content=\"index, follow, max-snippet:-1, max-image-preview:large, max-video-preview:-1\" \/>\n<link rel=\"canonical\" href=\"https:\/\/paulrivera.it\/fr\/contacts\/\" \/>\n<meta property=\"og:locale\" content=\"fr_FR\" \/>\n<meta property=\"og:type\" content=\"article\" \/>\n<meta property=\"og:title\" content=\"Contacts | Paul Rivera\" \/>\n<meta property=\"og:description\" content=\"Contactez-nous \u00e0 notre num\u00e9ro vert, envoyez-nous un courriel ou remplissez le formulaire dans son int\u00e9gralit\u00e9. Notre service client vous contactera dans les plus brefs d\u00e9lais.\" \/>\n<meta property=\"og:url\" content=\"https:\/\/paulrivera.it\/fr\/contacts\/\" \/>\n<meta property=\"og:site_name\" content=\"Paul Rivera\" \/>\n<meta property=\"article:modified_time\" content=\"2026-04-09T13:05:45+00:00\" \/>\n<meta property=\"og:image\" content=\"https:\/\/paulrivera.it\/wp-content\/uploads\/2020\/03\/icon_download_catalog.png\" \/>\n\t<meta property=\"og:image:width\" content=\"40\" \/>\n\t<meta property=\"og:image:height\" content=\"40\" \/>\n\t<meta property=\"og:image:type\" content=\"image\/png\" \/>\n<meta name=\"twitter:card\" content=\"summary_large_image\" \/>\n<meta name=\"twitter:label1\" content=\"Est. reading time\" \/>\n\t<meta name=\"twitter:data1\" content=\"2 minutes\" \/>\n<script type=\"application\/ld+json\" class=\"yoast-schema-graph\">{\"@context\":\"https:\/\/schema.org\",\"@graph\":[{\"@type\":\"WebPage\",\"@id\":\"https:\/\/paulrivera.it\/fr\/contacts\/\",\"url\":\"https:\/\/paulrivera.it\/fr\/contacts\/\",\"name\":\"Contacts | Paul Rivera\",\"isPartOf\":{\"@id\":\"https:\/\/paulrivera.it\/fr\/#website\"},\"primaryImageOfPage\":{\"@id\":\"https:\/\/paulrivera.it\/fr\/contacts\/#primaryimage\"},\"image\":{\"@id\":\"https:\/\/paulrivera.it\/fr\/contacts\/#primaryimage\"},\"thumbnailUrl\":\"https:\/\/paulrivera.it\/wp-content\/uploads\/2020\/03\/icon_download_catalog.png\",\"datePublished\":\"2023-11-08T11:15:23+00:00\",\"dateModified\":\"2026-04-09T13:05:45+00:00\",\"description\":\"Contactez-nous \u00e0 notre num\u00e9ro vert, envoyez-nous un courriel ou remplissez le formulaire dans son int\u00e9gralit\u00e9. Notre service client vous contactera dans les plus brefs d\u00e9lais.\",\"breadcrumb\":{\"@id\":\"https:\/\/paulrivera.it\/fr\/contacts\/#breadcrumb\"},\"inLanguage\":\"fr-FR\",\"potentialAction\":[{\"@type\":\"ReadAction\",\"target\":[\"https:\/\/paulrivera.it\/fr\/contacts\/\"]}]},{\"@type\":\"ImageObject\",\"inLanguage\":\"fr-FR\",\"@id\":\"https:\/\/paulrivera.it\/fr\/contacts\/#primaryimage\",\"url\":\"https:\/\/paulrivera.it\/wp-content\/uploads\/2020\/03\/icon_download_catalog.png\",\"contentUrl\":\"https:\/\/paulrivera.it\/wp-content\/uploads\/2020\/03\/icon_download_catalog.png\"},{\"@type\":\"BreadcrumbList\",\"@id\":\"https:\/\/paulrivera.it\/fr\/contacts\/#breadcrumb\",\"itemListElement\":[{\"@type\":\"ListItem\",\"position\":1,\"name\":\"Home\",\"item\":\"https:\/\/paulrivera.it\/fr\/\"},{\"@type\":\"ListItem\",\"position\":2,\"name\":\"Contacts\"}]},{\"@type\":\"WebSite\",\"@id\":\"https:\/\/paulrivera.it\/fr\/#website\",\"url\":\"https:\/\/paulrivera.it\/fr\/\",\"name\":\"Paul Rivera\",\"description\":\"Hair Beauty Celebration\",\"publisher\":{\"@id\":\"https:\/\/paulrivera.it\/fr\/#organization\"},\"potentialAction\":[{\"@type\":\"SearchAction\",\"target\":{\"@type\":\"EntryPoint\",\"urlTemplate\":\"https:\/\/paulrivera.it\/fr\/?s={search_term_string}\"},\"query-input\":{\"@type\":\"PropertyValueSpecification\",\"valueRequired\":true,\"valueName\":\"search_term_string\"}}],\"inLanguage\":\"fr-FR\"},{\"@type\":\"Organization\",\"@id\":\"https:\/\/paulrivera.it\/fr\/#organization\",\"name\":\"Paul Rivera\",\"url\":\"https:\/\/paulrivera.it\/fr\/\",\"logo\":{\"@type\":\"ImageObject\",\"inLanguage\":\"fr-FR\",\"@id\":\"https:\/\/paulrivera.it\/fr\/#\/schema\/logo\/image\/\",\"url\":\"https:\/\/paulrivera.it\/wp-content\/uploads\/2020\/02\/paul_rivera_logo_header_x2.png\",\"contentUrl\":\"https:\/\/paulrivera.it\/wp-content\/uploads\/2020\/02\/paul_rivera_logo_header_x2.png\",\"width\":470,\"height\":60,\"caption\":\"Paul Rivera\"},\"image\":{\"@id\":\"https:\/\/paulrivera.it\/fr\/#\/schema\/logo\/image\/\"}}]}<\/script>\n<!-- \/ Yoast SEO plugin. -->","yoast_head_json":{"title":"Contacts | Paul Rivera","description":"Contactez-nous \u00e0 notre num\u00e9ro vert, envoyez-nous un courriel ou remplissez le formulaire dans son int\u00e9gralit\u00e9. Notre service client vous contactera dans les plus brefs d\u00e9lais.","robots":{"index":"index","follow":"follow","max-snippet":"max-snippet:-1","max-image-preview":"max-image-preview:large","max-video-preview":"max-video-preview:-1"},"canonical":"https:\/\/paulrivera.it\/fr\/contacts\/","og_locale":"fr_FR","og_type":"article","og_title":"Contacts | Paul Rivera","og_description":"Contactez-nous \u00e0 notre num\u00e9ro vert, envoyez-nous un courriel ou remplissez le formulaire dans son int\u00e9gralit\u00e9. Notre service client vous contactera dans les plus brefs d\u00e9lais.","og_url":"https:\/\/paulrivera.it\/fr\/contacts\/","og_site_name":"Paul Rivera","article_modified_time":"2026-04-09T13:05:45+00:00","og_image":[{"width":40,"height":40,"url":"https:\/\/paulrivera.it\/wp-content\/uploads\/2020\/03\/icon_download_catalog.png","type":"image\/png"}],"twitter_card":"summary_large_image","twitter_misc":{"Est. reading time":"2 minutes"},"schema":{"@context":"https:\/\/schema.org","@graph":[{"@type":"WebPage","@id":"https:\/\/paulrivera.it\/fr\/contacts\/","url":"https:\/\/paulrivera.it\/fr\/contacts\/","name":"Contacts | Paul Rivera","isPartOf":{"@id":"https:\/\/paulrivera.it\/fr\/#website"},"primaryImageOfPage":{"@id":"https:\/\/paulrivera.it\/fr\/contacts\/#primaryimage"},"image":{"@id":"https:\/\/paulrivera.it\/fr\/contacts\/#primaryimage"},"thumbnailUrl":"https:\/\/paulrivera.it\/wp-content\/uploads\/2020\/03\/icon_download_catalog.png","datePublished":"2023-11-08T11:15:23+00:00","dateModified":"2026-04-09T13:05:45+00:00","description":"Contactez-nous \u00e0 notre num\u00e9ro vert, envoyez-nous un courriel ou remplissez le formulaire dans son int\u00e9gralit\u00e9. Notre service client vous contactera dans les plus brefs d\u00e9lais.","breadcrumb":{"@id":"https:\/\/paulrivera.it\/fr\/contacts\/#breadcrumb"},"inLanguage":"fr-FR","potentialAction":[{"@type":"ReadAction","target":["https:\/\/paulrivera.it\/fr\/contacts\/"]}]},{"@type":"ImageObject","inLanguage":"fr-FR","@id":"https:\/\/paulrivera.it\/fr\/contacts\/#primaryimage","url":"https:\/\/paulrivera.it\/wp-content\/uploads\/2020\/03\/icon_download_catalog.png","contentUrl":"https:\/\/paulrivera.it\/wp-content\/uploads\/2020\/03\/icon_download_catalog.png"},{"@type":"BreadcrumbList","@id":"https:\/\/paulrivera.it\/fr\/contacts\/#breadcrumb","itemListElement":[{"@type":"ListItem","position":1,"name":"Home","item":"https:\/\/paulrivera.it\/fr\/"},{"@type":"ListItem","position":2,"name":"Contacts"}]},{"@type":"WebSite","@id":"https:\/\/paulrivera.it\/fr\/#website","url":"https:\/\/paulrivera.it\/fr\/","name":"Paul Rivera","description":"Hair Beauty Celebration","publisher":{"@id":"https:\/\/paulrivera.it\/fr\/#organization"},"potentialAction":[{"@type":"SearchAction","target":{"@type":"EntryPoint","urlTemplate":"https:\/\/paulrivera.it\/fr\/?s={search_term_string}"},"query-input":{"@type":"PropertyValueSpecification","valueRequired":true,"valueName":"search_term_string"}}],"inLanguage":"fr-FR"},{"@type":"Organization","@id":"https:\/\/paulrivera.it\/fr\/#organization","name":"Paul Rivera","url":"https:\/\/paulrivera.it\/fr\/","logo":{"@type":"ImageObject","inLanguage":"fr-FR","@id":"https:\/\/paulrivera.it\/fr\/#\/schema\/logo\/image\/","url":"https:\/\/paulrivera.it\/wp-content\/uploads\/2020\/02\/paul_rivera_logo_header_x2.png","contentUrl":"https:\/\/paulrivera.it\/wp-content\/uploads\/2020\/02\/paul_rivera_logo_header_x2.png","width":470,"height":60,"caption":"Paul Rivera"},"image":{"@id":"https:\/\/paulrivera.it\/fr\/#\/schema\/logo\/image\/"}}]}},"_links":{"self":[{"href":"https:\/\/paulrivera.it\/fr\/wp-json\/wp\/v2\/pages\/10308","targetHints":{"allow":["GET"]}}],"collection":[{"href":"https:\/\/paulrivera.it\/fr\/wp-json\/wp\/v2\/pages"}],"about":[{"href":"https:\/\/paulrivera.it\/fr\/wp-json\/wp\/v2\/types\/page"}],"author":[{"embeddable":true,"href":"https:\/\/paulrivera.it\/fr\/wp-json\/wp\/v2\/users\/1"}],"replies":[{"embeddable":true,"href":"https:\/\/paulrivera.it\/fr\/wp-json\/wp\/v2\/comments?post=10308"}],"version-history":[{"count":5,"href":"https:\/\/paulrivera.it\/fr\/wp-json\/wp\/v2\/pages\/10308\/revisions"}],"predecessor-version":[{"id":16564,"href":"https:\/\/paulrivera.it\/fr\/wp-json\/wp\/v2\/pages\/10308\/revisions\/16564"}],"wp:attachment":[{"href":"https:\/\/paulrivera.it\/fr\/wp-json\/wp\/v2\/media?parent=10308"}],"curies":[{"name":"wp","href":"https:\/\/api.w.org\/{rel}","templated":true}]}}