{"id":10323,"date":"2023-04-17T09:00:51","date_gmt":"2023-04-17T07:00:51","guid":{"rendered":"https:\/\/paulrivera.it\/product\/crystalia-creme-colorante-ton-sur-ton-sans-ammoniaque\/"},"modified":"2024-05-13T14:14:12","modified_gmt":"2024-05-13T12:14:12","slug":"crystalia-creme-colorante-ton-sur-ton-sans-ammoniaque","status":"publish","type":"product","link":"https:\/\/paulrivera.it\/fr\/prodotti\/coloration\/crystalia-creme-colorante-ton-sur-ton-sans-ammoniaque\/","title":{"rendered":"Crystalia &#8211; Cr\u00e8me Colorante Ton Sur Ton Sans Ammoniaque"},"content":{"rendered":"<div class=\"wpb-content-wrapper\"><p>[vc_row full_width=&#8221;stretch_row&#8221;][vc_column][vc_row_inner el_id=&#8221;desktop&#8221;][vc_column_inner width=&#8221;1\/2&#8243; css=&#8221;.vc_custom_1583137813038{padding-right: 10% !important;padding-left: 30% !important;}&#8221; offset=&#8221;vc_hidden-md vc_hidden-sm vc_hidden-xs&#8221;][vc_column_text]<\/p>\n<h1><span style=\"font-size: 28px;\">Les bonnes raisons de l&#8217;aimer<\/span><\/h1>\n<ul>\n<li style=\"font-weight: 400;\" aria-level=\"1\"><span style=\"font-weight: 400;\">Masque parfaitement les premiers cheveux blancs\u00a0<\/span><\/li>\n<li style=\"font-weight: 400;\" aria-level=\"1\"><span style=\"font-weight: 400;\">Formule sans ammoniaque\u00a0<\/span><\/li>\n<li style=\"font-weight: 400;\" aria-level=\"1\"><span style=\"font-weight: 400;\">Rehausse la couleur naturelle en la rendant plus lumineuse et plus intense.<\/span><\/li>\n<li style=\"font-weight: 400;\" aria-level=\"1\"><span style=\"font-weight: 400;\">Corrige les reflets ind\u00e9sirables dus aux traitements chimiques, tout en respectant la fibre capillaire<\/span><\/li>\n<li style=\"font-weight: 400;\" aria-level=\"1\"><span style=\"font-weight: 400;\">Nuances pouvant \u00eatre m\u00e9lang\u00e9es pour personnaliser et \u00e9quilibrer la couleur et les reflets<\/span><\/li>\n<\/ul>\n<p>[\/vc_column_text][vc_column_text]<\/p>\n<h1><span style=\"font-size: 28px;\">Les principes actifs de la formule<\/span><\/h1>\n<ul>\n<li style=\"font-weight: 400;\" aria-level=\"1\"><span style=\"font-weight: 400;\">C\u00e9ramides A2 : ils r\u00e9pliquent l&#8217;action des c\u00e9ramides et des acides amin\u00e9s pr\u00e9sents dans le cheveu, en activant les processus de r\u00e9g\u00e9n\u00e9ration de la cuticule externe et en r\u00e9parant le cheveu sur toute sa longueur. De plus, ils cr\u00e9ent une barri\u00e8re protectrice contre le dess\u00e8chement et les agents ext\u00e9rieurs nocifs.<\/span><\/li>\n<li style=\"font-weight: 400;\" aria-level=\"1\"><span style=\"font-weight: 400;\">Beurre de Karit\u00e9 : riche en vitamine A, D et E, il se caract\u00e9rise par ses grandes propri\u00e9t\u00e9s nourrissantes, antioxydantes et hydratantes. Il apporte brillance et douceur \u00e0 la fibre capillaire et aide \u00e0 pr\u00e9venir les pointes fourchues et la casse des cheveux, en sublimant leur couleur, en renfor\u00e7ant les tiges et en exer\u00e7ant une action anti-frisottis.\u00a0<\/span><\/li>\n<li style=\"font-weight: 400;\" aria-level=\"1\"><span style=\"font-weight: 400;\">Extrait de ginseng : riche en vitamines et antioxydants, il stimule la circulation sanguine en favorisant l&#8217;oxyg\u00e9nation des tissus. Il nourrit, renforce les follicules pileux et les racines, favorise la croissance de nouveaux cheveux et pr\u00e9vient leur fragilisation et leur casse.<\/span><\/li>\n<\/ul>\n<p>[\/vc_column_text][vc_column_text]<\/p>\n<h1>Mode d&#8217;emploi<\/h1>\n<p><span style=\"font-weight: 400;\">Dans un bol non m\u00e9tallique, m\u00e9langer la Cr\u00e8me Colorante Crystalia avec l&#8217;\u00c9mulsion Oxydante Ultra Vox choisie, selon le ratio (1:2) pour : raviver la couleur et corriger les reflets ind\u00e9sirables (Ultravox 5 vol.), masquer les premiers cheveux blancs ou garder la m\u00eame nuance que la base de d\u00e9part (Ultravox 10 vol.).<\/span><\/p>\n<p><span style=\"font-weight: 400;\">De plus, vous pouvez \u00e9galement l&#8217;utiliser en m\u00e9langeant plusieurs nuances et, qui plus est, ajouter Crystalia Clear pour cr\u00e9er des couleurs personnalis\u00e9es.<\/span><\/p>\n<p><span style=\"font-weight: 400;\">Ce produit est exclusivement pr\u00e9vu pour un usage professionnel.<\/span>[\/vc_column_text][\/vc_column_inner][vc_column_inner width=&#8221;1\/2&#8243; css=&#8221;.vc_custom_1680252717754{background-image: url(https:\/\/paulrivera.it\/wp-content\/uploads\/2023\/03\/background_adv_produc_crystalia.png?id=5950) !important;background-position: center !important;background-repeat: no-repeat !important;background-size: cover !important;}&#8221; offset=&#8221;vc_hidden-md vc_hidden-sm vc_hidden-xs&#8221;][vc_single_image image=&#8221;10199&#8243; img_size=&#8221;large&#8221; alignment=&#8221;center&#8221;][\/vc_column_inner][\/vc_row_inner][vc_row_inner el_id=&#8221;tablet&#8221;][vc_column_inner offset=&#8221;vc_hidden-lg vc_hidden-xs&#8221;][vc_column_text]<\/p>\n<h1><span style=\"font-size: 28px;\">Les bonnes raisons de l&#8217;aimer<\/span><\/h1>\n<ul>\n<li style=\"font-weight: 400;\" aria-level=\"1\"><span style=\"font-weight: 400;\">Masque parfaitement les premiers cheveux blancs\u00a0<\/span><\/li>\n<li style=\"font-weight: 400;\" aria-level=\"1\"><span style=\"font-weight: 400;\">Formule sans ammoniaque\u00a0<\/span><\/li>\n<li style=\"font-weight: 400;\" aria-level=\"1\"><span style=\"font-weight: 400;\">Rehausse la couleur naturelle en la rendant plus lumineuse et plus intense.<\/span><\/li>\n<li style=\"font-weight: 400;\" aria-level=\"1\"><span style=\"font-weight: 400;\">Corrige les reflets ind\u00e9sirables dus aux traitements chimiques, tout en respectant la fibre capillaire<\/span><\/li>\n<li style=\"font-weight: 400;\" aria-level=\"1\"><span style=\"font-weight: 400;\">Nuances pouvant \u00eatre m\u00e9lang\u00e9es pour personnaliser et \u00e9quilibrer la couleur et les reflets<\/span><\/li>\n<\/ul>\n<p>[\/vc_column_text][vc_column_text]<\/p>\n<h1><span style=\"font-size: 28px;\">Les principes actifs de la formule<\/span><\/h1>\n<ul>\n<li style=\"font-weight: 400;\" aria-level=\"1\"><span style=\"font-weight: 400;\">C\u00e9ramides A2 : ils r\u00e9pliquent l&#8217;action des c\u00e9ramides et des acides amin\u00e9s pr\u00e9sents dans le cheveu, en activant les processus de r\u00e9g\u00e9n\u00e9ration de la cuticule externe et en r\u00e9parant le cheveu sur toute sa longueur. De plus, ils cr\u00e9ent une barri\u00e8re protectrice contre le dess\u00e8chement et les agents ext\u00e9rieurs nocifs.<\/span><\/li>\n<li style=\"font-weight: 400;\" aria-level=\"1\"><span style=\"font-weight: 400;\">Beurre de Karit\u00e9 : riche en vitamine A, D et E, il se caract\u00e9rise par ses grandes propri\u00e9t\u00e9s nourrissantes, antioxydantes et hydratantes. Il apporte brillance et douceur \u00e0 la fibre capillaire et aide \u00e0 pr\u00e9venir les pointes fourchues et la casse des cheveux, en sublimant leur couleur, en renfor\u00e7ant les tiges et en exer\u00e7ant une action anti-frisottis.\u00a0<\/span><\/li>\n<li style=\"font-weight: 400;\" aria-level=\"1\"><span style=\"font-weight: 400;\">Extrait de ginseng : riche en vitamines et antioxydants, il stimule la circulation sanguine en favorisant l&#8217;oxyg\u00e9nation des tissus. Il nourrit, renforce les follicules pileux et les racines, favorise la croissance de nouveaux cheveux et pr\u00e9vient leur fragilisation et leur casse.<\/span><\/li>\n<\/ul>\n<p>[\/vc_column_text][vc_column_text]<\/p>\n<h1>Mode d&#8217;emploi<\/h1>\n<p><span style=\"font-weight: 400;\">Dans un bol non m\u00e9tallique, m\u00e9langer la Cr\u00e8me Colorante Crystalia avec l&#8217;\u00c9mulsion Oxydante Ultra Vox choisie, selon le ratio (1:2) pour : raviver la couleur et corriger les reflets ind\u00e9sirables (Ultravox 5 vol.), masquer les premiers cheveux blancs ou garder la m\u00eame nuance que la base de d\u00e9part (Ultravox 10 vol.).<\/span><\/p>\n<p><span style=\"font-weight: 400;\">De plus, vous pouvez \u00e9galement l&#8217;utiliser en m\u00e9langeant plusieurs nuances et, qui plus est, ajouter Crystalia Clear pour cr\u00e9er des couleurs personnalis\u00e9es.<\/span><\/p>\n<p><span style=\"font-weight: 400;\">Ce produit est exclusivement pr\u00e9vu pour un usage professionnel.<\/span>[\/vc_column_text][\/vc_column_inner][\/vc_row_inner][vc_row_inner el_id=&#8221;mobile&#8221;][vc_column_inner width=&#8221;1\/2&#8243; offset=&#8221;vc_hidden-lg vc_hidden-md vc_hidden-sm&#8221;][vc_column_text]<\/p>\n<h1><span style=\"font-size: 28px;\">Les bonnes raisons de l&#8217;aimer<\/span><\/h1>\n<ul>\n<li style=\"font-weight: 400;\" aria-level=\"1\"><span style=\"font-weight: 400;\">Masque parfaitement les premiers cheveux blancs\u00a0<\/span><\/li>\n<li style=\"font-weight: 400;\" aria-level=\"1\"><span style=\"font-weight: 400;\">Formule sans ammoniaque\u00a0<\/span><\/li>\n<li style=\"font-weight: 400;\" aria-level=\"1\"><span style=\"font-weight: 400;\">Rehausse la couleur naturelle en la rendant plus lumineuse et plus intense.<\/span><\/li>\n<li style=\"font-weight: 400;\" aria-level=\"1\"><span style=\"font-weight: 400;\">Corrige les reflets ind\u00e9sirables dus aux traitements chimiques, tout en respectant la fibre capillaire<\/span><\/li>\n<li style=\"font-weight: 400;\" aria-level=\"1\"><span style=\"font-weight: 400;\">Nuances pouvant \u00eatre m\u00e9lang\u00e9es pour personnaliser et \u00e9quilibrer la couleur et les reflets<\/span><\/li>\n<\/ul>\n<p>[\/vc_column_text][vc_column_text]<\/p>\n<h1><span style=\"font-size: 28px;\">Les principes actifs de la formule<\/span><\/h1>\n<ul>\n<li style=\"font-weight: 400;\" aria-level=\"1\"><span style=\"font-weight: 400;\">C\u00e9ramides A2 : ils r\u00e9pliquent l&#8217;action des c\u00e9ramides et des acides amin\u00e9s pr\u00e9sents dans le cheveu, en activant les processus de r\u00e9g\u00e9n\u00e9ration de la cuticule externe et en r\u00e9parant le cheveu sur toute sa longueur. De plus, ils cr\u00e9ent une barri\u00e8re protectrice contre le dess\u00e8chement et les agents ext\u00e9rieurs nocifs.<\/span><\/li>\n<li style=\"font-weight: 400;\" aria-level=\"1\"><span style=\"font-weight: 400;\">Beurre de Karit\u00e9 : riche en vitamine A, D et E, il se caract\u00e9rise par ses grandes propri\u00e9t\u00e9s nourrissantes, antioxydantes et hydratantes. Il apporte brillance et douceur \u00e0 la fibre capillaire et aide \u00e0 pr\u00e9venir les pointes fourchues et la casse des cheveux, en sublimant leur couleur, en renfor\u00e7ant les tiges et en exer\u00e7ant une action anti-frisottis.\u00a0<\/span><\/li>\n<li style=\"font-weight: 400;\" aria-level=\"1\"><span style=\"font-weight: 400;\">Extrait de ginseng : riche en vitamines et antioxydants, il stimule la circulation sanguine en favorisant l&#8217;oxyg\u00e9nation des tissus. Il nourrit, renforce les follicules pileux et les racines, favorise la croissance de nouveaux cheveux et pr\u00e9vient leur fragilisation et leur casse.<\/span><\/li>\n<\/ul>\n<p>[\/vc_column_text][vc_column_text]<\/p>\n<h1>Mode d&#8217;emploi<\/h1>\n<p><span style=\"font-weight: 400;\">Dans un bol non m\u00e9tallique, m\u00e9langer la Cr\u00e8me Colorante Crystalia avec l&#8217;\u00c9mulsion Oxydante Ultra Vox choisie, selon le ratio (1:2) pour : raviver la couleur et corriger les reflets ind\u00e9sirables (Ultravox 5 vol.), masquer les premiers cheveux blancs ou garder la m\u00eame nuance que la base de d\u00e9part (Ultravox 10 vol.).<\/span><\/p>\n<p><span style=\"font-weight: 400;\">De plus, vous pouvez \u00e9galement l&#8217;utiliser en m\u00e9langeant plusieurs nuances et, qui plus est, ajouter Crystalia Clear pour cr\u00e9er des couleurs personnalis\u00e9es.<\/span><\/p>\n<p><span style=\"font-weight: 400;\">Ce produit est exclusivement pr\u00e9vu pour un usage professionnel.<\/span>[\/vc_column_text][\/vc_column_inner][vc_column_inner width=&#8221;1\/2&#8243; css=&#8221;.vc_custom_1680254405312{background-image: url(https:\/\/paulrivera.it\/wp-content\/uploads\/2023\/03\/background_adv_produc_crystalia.png?id=5950) !important;background-position: center !important;background-repeat: no-repeat !important;background-size: cover !important;}&#8221; offset=&#8221;vc_hidden-lg vc_hidden-md vc_hidden-sm&#8221;][vc_single_image image=&#8221;10199&#8243; img_size=&#8221;large&#8221; alignment=&#8221;center&#8221;][\/vc_column_inner][\/vc_row_inner][\/vc_column][\/vc_row][vc_row css=&#8221;.vc_custom_1582192829011{padding-top: 50px !important;}&#8221;][vc_column][vc_row_inner][vc_column_inner][vc_column_text]<\/p>\n<h1 style=\"text-align: center;\">Vous aimerez aussi<\/h1>\n<h1 style=\"text-align: center;\"><\/h1>\n<p>[\/vc_column_text][\/vc_column_inner][\/vc_row_inner][vc_raw_html]W3dwYi1wcm9kdWN0LXNsaWRlci1zaG9ydGNvZGUgaWQ9IjE2OCJd[\/vc_raw_html][\/vc_column][\/vc_row]<\/p>\n<\/div>","protected":false},"excerpt":{"rendered":"<p><b>Crystalia<\/b><span style=\"font-weight: 400;\"> est une<\/span><b> cr\u00e8me colorante ton sur ton sans ammoniaque<\/b><span style=\"font-weight: 400;\"> qui personnalise vos cheveux en leur donnant un look<\/span><b> uniforme et lumineux.\u00a0<\/b><\/p>\n<p><span style=\"font-weight: 400;\">Gr\u00e2ce \u00e0 son<\/span><b> action d\u00e9licate,<\/b><span style=\"font-weight: 400;\"> c&#8217;est la coloration id\u00e9ale pour couvrir les<\/span><b> premiers cheveux blancs,<\/b><span style=\"font-weight: 400;\"> mais aussi l&#8217;alli\u00e9 id\u00e9al pour<\/span><b> raviver et rehausser les reflets des cheveux color\u00e9s.<\/b><\/p>\n<p><span style=\"font-weight: 400;\">Sa formule derni\u00e8re g\u00e9n\u00e9ration est enrichie en<\/span><b> Multi-Crystal Power<\/b><span style=\"font-weight: 400;\"> : une pr\u00e9cieuse synergie d&#8217;actifs qui, associ\u00e9s au<\/span><b> Beurre de karit\u00e9<\/b><span style=\"font-weight: 400;\">, au<\/span><b> Ginseng<\/b><span style=\"font-weight: 400;\"> et aux<\/span><b> C\u00e9ramides A2<\/b><span style=\"font-weight: 400;\">, donnent une couleur l\u00e9g\u00e8re et non agressive. R\u00e9sultat ? Des performances au top pour un respect maximal de la fibre capillaire.\u00a0<\/span><\/p>\n<p><span style=\"font-weight: 400;\">100 ml<\/span><\/p>\n<p><span style=\"font-weight: 400;\">44 nuances r\u00e9parties en 12 familles de couleurs<\/span><\/p>\n<p><span style=\"font-weight: 400;\">Mixing 1:2<\/span><\/p>\n<p>&nbsp;<\/p>\n[maxbutton id=\"5\"]\n","protected":false},"featured_media":10154,"template":"","meta":[],"product_brand":[],"product_cat":[1305],"product_tag":[],"class_list":{"0":"post-10323","1":"product","2":"type-product","3":"status-publish","4":"has-post-thumbnail","6":"product_cat-coloration","7":"description-off","9":"first","10":"instock","11":"shipping-taxable","12":"purchasable","13":"product-type-variable"},"yoast_head":"<!-- This site is optimized with the Yoast SEO plugin v27.2 - https:\/\/yoast.com\/product\/yoast-seo-wordpress\/ -->\n<title>Crystalia - Cr\u00e8me Colorante Ton Sur Ton Sans Ammoniaque<\/title>\n<meta name=\"description\" content=\"Crystalia est une cr\u00e8me colorante ton sur ton sans ammoniaque qui personnalise vos cheveux en leur donnant un look uniforme et lumineux.\u00a0\" \/>\n<meta name=\"robots\" content=\"index, follow, max-snippet:-1, max-image-preview:large, max-video-preview:-1\" \/>\n<link rel=\"canonical\" href=\"https:\/\/paulrivera.it\/fr\/prodotti\/coloration\/crystalia-creme-colorante-ton-sur-ton-sans-ammoniaque\/\" \/>\n<meta property=\"og:locale\" content=\"fr_FR\" \/>\n<meta property=\"og:type\" content=\"article\" \/>\n<meta property=\"og:title\" content=\"Crystalia - Cr\u00e8me Colorante Ton Sur Ton Sans Ammoniaque\" \/>\n<meta property=\"og:description\" content=\"Crystalia est une cr\u00e8me colorante ton sur ton sans ammoniaque qui personnalise vos cheveux en leur donnant un look uniforme et lumineux.\u00a0\" \/>\n<meta property=\"og:url\" content=\"https:\/\/paulrivera.it\/fr\/prodotti\/coloration\/crystalia-creme-colorante-ton-sur-ton-sans-ammoniaque\/\" \/>\n<meta property=\"og:site_name\" content=\"Paul Rivera\" \/>\n<meta property=\"article:modified_time\" content=\"2024-05-13T12:14:12+00:00\" \/>\n<meta property=\"og:image\" content=\"https:\/\/paulrivera.it\/wp-content\/uploads\/2023\/03\/6033xx_paul_rivera_crystalia_100ml_-1.png\" \/>\n\t<meta property=\"og:image:width\" content=\"800\" \/>\n\t<meta property=\"og:image:height\" content=\"800\" \/>\n\t<meta property=\"og:image:type\" content=\"image\/png\" \/>\n<meta name=\"twitter:card\" content=\"summary_large_image\" \/>\n<meta name=\"twitter:label1\" content=\"Est. reading time\" \/>\n\t<meta name=\"twitter:data1\" content=\"6 minutes\" \/>\n<script type=\"application\/ld+json\" class=\"yoast-schema-graph\">{\"@context\":\"https:\/\/schema.org\",\"@graph\":[{\"@type\":\"WebPage\",\"@id\":\"https:\/\/paulrivera.it\/fr\/prodotti\/coloration\/crystalia-creme-colorante-ton-sur-ton-sans-ammoniaque\/\",\"url\":\"https:\/\/paulrivera.it\/fr\/prodotti\/coloration\/crystalia-creme-colorante-ton-sur-ton-sans-ammoniaque\/\",\"name\":\"Crystalia - Cr\u00e8me Colorante Ton Sur Ton Sans Ammoniaque\",\"isPartOf\":{\"@id\":\"https:\/\/paulrivera.it\/fr\/#website\"},\"primaryImageOfPage\":{\"@id\":\"https:\/\/paulrivera.it\/fr\/prodotti\/coloration\/crystalia-creme-colorante-ton-sur-ton-sans-ammoniaque\/#primaryimage\"},\"image\":{\"@id\":\"https:\/\/paulrivera.it\/fr\/prodotti\/coloration\/crystalia-creme-colorante-ton-sur-ton-sans-ammoniaque\/#primaryimage\"},\"thumbnailUrl\":\"https:\/\/paulrivera.it\/wp-content\/uploads\/2023\/03\/6033xx_paul_rivera_crystalia_100ml_-1.png\",\"datePublished\":\"2023-04-17T07:00:51+00:00\",\"dateModified\":\"2024-05-13T12:14:12+00:00\",\"description\":\"Crystalia est une cr\u00e8me colorante ton sur ton sans ammoniaque qui personnalise vos cheveux en leur donnant un look uniforme et lumineux.\u00a0\",\"breadcrumb\":{\"@id\":\"https:\/\/paulrivera.it\/fr\/prodotti\/coloration\/crystalia-creme-colorante-ton-sur-ton-sans-ammoniaque\/#breadcrumb\"},\"inLanguage\":\"fr-FR\",\"potentialAction\":[{\"@type\":\"ReadAction\",\"target\":[\"https:\/\/paulrivera.it\/fr\/prodotti\/coloration\/crystalia-creme-colorante-ton-sur-ton-sans-ammoniaque\/\"]}]},{\"@type\":\"ImageObject\",\"inLanguage\":\"fr-FR\",\"@id\":\"https:\/\/paulrivera.it\/fr\/prodotti\/coloration\/crystalia-creme-colorante-ton-sur-ton-sans-ammoniaque\/#primaryimage\",\"url\":\"https:\/\/paulrivera.it\/wp-content\/uploads\/2023\/03\/6033xx_paul_rivera_crystalia_100ml_-1.png\",\"contentUrl\":\"https:\/\/paulrivera.it\/wp-content\/uploads\/2023\/03\/6033xx_paul_rivera_crystalia_100ml_-1.png\",\"width\":800,\"height\":800},{\"@type\":\"BreadcrumbList\",\"@id\":\"https:\/\/paulrivera.it\/fr\/prodotti\/coloration\/crystalia-creme-colorante-ton-sur-ton-sans-ammoniaque\/#breadcrumb\",\"itemListElement\":[{\"@type\":\"ListItem\",\"position\":1,\"name\":\"Home\",\"item\":\"https:\/\/paulrivera.it\/fr\/\"},{\"@type\":\"ListItem\",\"position\":2,\"name\":\"Pagina shop\",\"item\":\"https:\/\/paulrivera.it\/prodotti\/\"},{\"@type\":\"ListItem\",\"position\":3,\"name\":\"Crystalia &#8211; Cr\u00e8me Colorante Ton Sur Ton Sans Ammoniaque\"}]},{\"@type\":\"WebSite\",\"@id\":\"https:\/\/paulrivera.it\/fr\/#website\",\"url\":\"https:\/\/paulrivera.it\/fr\/\",\"name\":\"Paul Rivera\",\"description\":\"Hair Beauty Celebration\",\"publisher\":{\"@id\":\"https:\/\/paulrivera.it\/fr\/#organization\"},\"potentialAction\":[{\"@type\":\"SearchAction\",\"target\":{\"@type\":\"EntryPoint\",\"urlTemplate\":\"https:\/\/paulrivera.it\/fr\/?s={search_term_string}\"},\"query-input\":{\"@type\":\"PropertyValueSpecification\",\"valueRequired\":true,\"valueName\":\"search_term_string\"}}],\"inLanguage\":\"fr-FR\"},{\"@type\":\"Organization\",\"@id\":\"https:\/\/paulrivera.it\/fr\/#organization\",\"name\":\"Paul Rivera\",\"url\":\"https:\/\/paulrivera.it\/fr\/\",\"logo\":{\"@type\":\"ImageObject\",\"inLanguage\":\"fr-FR\",\"@id\":\"https:\/\/paulrivera.it\/fr\/#\/schema\/logo\/image\/\",\"url\":\"https:\/\/paulrivera.it\/wp-content\/uploads\/2020\/02\/paul_rivera_logo_header_x2.png\",\"contentUrl\":\"https:\/\/paulrivera.it\/wp-content\/uploads\/2020\/02\/paul_rivera_logo_header_x2.png\",\"width\":470,\"height\":60,\"caption\":\"Paul Rivera\"},\"image\":{\"@id\":\"https:\/\/paulrivera.it\/fr\/#\/schema\/logo\/image\/\"}}]}<\/script>\n<!-- \/ Yoast SEO plugin. -->","yoast_head_json":{"title":"Crystalia - Cr\u00e8me Colorante Ton Sur Ton Sans Ammoniaque","description":"Crystalia est une cr\u00e8me colorante ton sur ton sans ammoniaque qui personnalise vos cheveux en leur donnant un look uniforme et lumineux.\u00a0","robots":{"index":"index","follow":"follow","max-snippet":"max-snippet:-1","max-image-preview":"max-image-preview:large","max-video-preview":"max-video-preview:-1"},"canonical":"https:\/\/paulrivera.it\/fr\/prodotti\/coloration\/crystalia-creme-colorante-ton-sur-ton-sans-ammoniaque\/","og_locale":"fr_FR","og_type":"article","og_title":"Crystalia - Cr\u00e8me Colorante Ton Sur Ton Sans Ammoniaque","og_description":"Crystalia est une cr\u00e8me colorante ton sur ton sans ammoniaque qui personnalise vos cheveux en leur donnant un look uniforme et lumineux.\u00a0","og_url":"https:\/\/paulrivera.it\/fr\/prodotti\/coloration\/crystalia-creme-colorante-ton-sur-ton-sans-ammoniaque\/","og_site_name":"Paul Rivera","article_modified_time":"2024-05-13T12:14:12+00:00","og_image":[{"width":800,"height":800,"url":"https:\/\/paulrivera.it\/wp-content\/uploads\/2023\/03\/6033xx_paul_rivera_crystalia_100ml_-1.png","type":"image\/png"}],"twitter_card":"summary_large_image","twitter_misc":{"Est. reading time":"6 minutes"},"schema":{"@context":"https:\/\/schema.org","@graph":[{"@type":"WebPage","@id":"https:\/\/paulrivera.it\/fr\/prodotti\/coloration\/crystalia-creme-colorante-ton-sur-ton-sans-ammoniaque\/","url":"https:\/\/paulrivera.it\/fr\/prodotti\/coloration\/crystalia-creme-colorante-ton-sur-ton-sans-ammoniaque\/","name":"Crystalia - Cr\u00e8me Colorante Ton Sur Ton Sans Ammoniaque","isPartOf":{"@id":"https:\/\/paulrivera.it\/fr\/#website"},"primaryImageOfPage":{"@id":"https:\/\/paulrivera.it\/fr\/prodotti\/coloration\/crystalia-creme-colorante-ton-sur-ton-sans-ammoniaque\/#primaryimage"},"image":{"@id":"https:\/\/paulrivera.it\/fr\/prodotti\/coloration\/crystalia-creme-colorante-ton-sur-ton-sans-ammoniaque\/#primaryimage"},"thumbnailUrl":"https:\/\/paulrivera.it\/wp-content\/uploads\/2023\/03\/6033xx_paul_rivera_crystalia_100ml_-1.png","datePublished":"2023-04-17T07:00:51+00:00","dateModified":"2024-05-13T12:14:12+00:00","description":"Crystalia est une cr\u00e8me colorante ton sur ton sans ammoniaque qui personnalise vos cheveux en leur donnant un look uniforme et lumineux.\u00a0","breadcrumb":{"@id":"https:\/\/paulrivera.it\/fr\/prodotti\/coloration\/crystalia-creme-colorante-ton-sur-ton-sans-ammoniaque\/#breadcrumb"},"inLanguage":"fr-FR","potentialAction":[{"@type":"ReadAction","target":["https:\/\/paulrivera.it\/fr\/prodotti\/coloration\/crystalia-creme-colorante-ton-sur-ton-sans-ammoniaque\/"]}]},{"@type":"ImageObject","inLanguage":"fr-FR","@id":"https:\/\/paulrivera.it\/fr\/prodotti\/coloration\/crystalia-creme-colorante-ton-sur-ton-sans-ammoniaque\/#primaryimage","url":"https:\/\/paulrivera.it\/wp-content\/uploads\/2023\/03\/6033xx_paul_rivera_crystalia_100ml_-1.png","contentUrl":"https:\/\/paulrivera.it\/wp-content\/uploads\/2023\/03\/6033xx_paul_rivera_crystalia_100ml_-1.png","width":800,"height":800},{"@type":"BreadcrumbList","@id":"https:\/\/paulrivera.it\/fr\/prodotti\/coloration\/crystalia-creme-colorante-ton-sur-ton-sans-ammoniaque\/#breadcrumb","itemListElement":[{"@type":"ListItem","position":1,"name":"Home","item":"https:\/\/paulrivera.it\/fr\/"},{"@type":"ListItem","position":2,"name":"Pagina shop","item":"https:\/\/paulrivera.it\/prodotti\/"},{"@type":"ListItem","position":3,"name":"Crystalia &#8211; Cr\u00e8me Colorante Ton Sur Ton Sans Ammoniaque"}]},{"@type":"WebSite","@id":"https:\/\/paulrivera.it\/fr\/#website","url":"https:\/\/paulrivera.it\/fr\/","name":"Paul Rivera","description":"Hair Beauty Celebration","publisher":{"@id":"https:\/\/paulrivera.it\/fr\/#organization"},"potentialAction":[{"@type":"SearchAction","target":{"@type":"EntryPoint","urlTemplate":"https:\/\/paulrivera.it\/fr\/?s={search_term_string}"},"query-input":{"@type":"PropertyValueSpecification","valueRequired":true,"valueName":"search_term_string"}}],"inLanguage":"fr-FR"},{"@type":"Organization","@id":"https:\/\/paulrivera.it\/fr\/#organization","name":"Paul Rivera","url":"https:\/\/paulrivera.it\/fr\/","logo":{"@type":"ImageObject","inLanguage":"fr-FR","@id":"https:\/\/paulrivera.it\/fr\/#\/schema\/logo\/image\/","url":"https:\/\/paulrivera.it\/wp-content\/uploads\/2020\/02\/paul_rivera_logo_header_x2.png","contentUrl":"https:\/\/paulrivera.it\/wp-content\/uploads\/2020\/02\/paul_rivera_logo_header_x2.png","width":470,"height":60,"caption":"Paul Rivera"},"image":{"@id":"https:\/\/paulrivera.it\/fr\/#\/schema\/logo\/image\/"}}]}},"_links":{"self":[{"href":"https:\/\/paulrivera.it\/fr\/wp-json\/wp\/v2\/product\/10323","targetHints":{"allow":["GET"]}}],"collection":[{"href":"https:\/\/paulrivera.it\/fr\/wp-json\/wp\/v2\/product"}],"about":[{"href":"https:\/\/paulrivera.it\/fr\/wp-json\/wp\/v2\/types\/product"}],"wp:featuredmedia":[{"embeddable":true,"href":"https:\/\/paulrivera.it\/fr\/wp-json\/wp\/v2\/media\/10154"}],"wp:attachment":[{"href":"https:\/\/paulrivera.it\/fr\/wp-json\/wp\/v2\/media?parent=10323"}],"wp:term":[{"taxonomy":"product_brand","embeddable":true,"href":"https:\/\/paulrivera.it\/fr\/wp-json\/wp\/v2\/product_brand?post=10323"},{"taxonomy":"product_cat","embeddable":true,"href":"https:\/\/paulrivera.it\/fr\/wp-json\/wp\/v2\/product_cat?post=10323"},{"taxonomy":"product_tag","embeddable":true,"href":"https:\/\/paulrivera.it\/fr\/wp-json\/wp\/v2\/product_tag?post=10323"}],"curies":[{"name":"wp","href":"https:\/\/api.w.org\/{rel}","templated":true}]}}