{"id":10540,"date":"2020-02-18T09:19:01","date_gmt":"2020-02-18T08:19:01","guid":{"rendered":"https:\/\/paulrivera.it\/product\/ultra-vox-emulsion-oxydante-5-volumes\/"},"modified":"2024-05-13T15:03:08","modified_gmt":"2024-05-13T13:03:08","slug":"ultra-vox-emulsion-oxydante-5-volumes","status":"publish","type":"product","link":"https:\/\/paulrivera.it\/fr\/prodotti\/produits-techniques\/ultra-vox-emulsion-oxydante\/ultra-vox-emulsion-oxydante-5-volumes\/","title":{"rendered":"Ultra Vox \u2013 \u00c9mulsion Oxydante 5 volumes"},"content":{"rendered":"<div class=\"wpb-content-wrapper\"><p>[vc_row full_width=&#8221;stretch_row&#8221;][vc_column][vc_row_inner el_id=&#8221;desktop&#8221;][vc_column_inner width=&#8221;1\/2&#8243; css=&#8221;.vc_custom_1582194227194{padding-top: 10% !important;padding-right: 10% !important;padding-bottom: 10% !important;padding-left: 30% !important;}&#8221; offset=&#8221;vc_hidden-md vc_hidden-sm vc_hidden-xs&#8221;][vc_column_text]<br \/>\n<strong><span style=\"font-size: 28px;\">Les bonnes raisons de l&#8217;aimer<\/span><\/strong><\/p>\n<ul>\n<li><span style=\"font-weight: 400;\">Vous ne pourrez pas vous en passer si vous souhaitez r\u00e9aliser un soin parfait<\/span><\/li>\n<li>Sa formule est ultra-performante et hautement stabilis\u00e9e<\/li>\n<\/ul>\n<p>[\/vc_column_text][vc_column_text]<br \/>\n<strong><span style=\"font-size: 28px;\">Mode d&#8217;emploi<\/span><\/strong><\/p>\n<p><span style=\"font-weight: 400;\">Suivez les ratios de m\u00e9lange et les instructions indiqu\u00e9es sur l&#8217;emballage de la couleur Paul Rivera choisie. NB : Ce produit est exclusivement pr\u00e9vu pour un usage professionnel.<\/span>[\/vc_column_text][\/vc_column_inner][vc_column_inner width=&#8221;1\/2&#8243; css=&#8221;.vc_custom_1582194232021{background-image: url(https:\/\/paulrivera.it\/wp-content\/uploads\/2020\/02\/background_adv_product.png?id=296) !important;background-position: center !important;background-repeat: no-repeat !important;background-size: cover !important;}&#8221; offset=&#8221;vc_hidden-md vc_hidden-sm vc_hidden-xs&#8221;][vc_single_image image=&#8221;9786&#8243; img_size=&#8221;large&#8221; alignment=&#8221;center&#8221;][\/vc_column_inner][\/vc_row_inner][vc_row_inner el_id=&#8221;tablet&#8221;][vc_column_inner offset=&#8221;vc_hidden-lg vc_hidden-xs&#8221;][vc_column_text]<br \/>\n<strong><span style=\"font-size: 28px;\">Les bonnes raisons de l&#8217;aimer<\/span><\/strong><\/p>\n<ul>\n<li><span style=\"font-weight: 400;\">Vous ne pourrez pas vous en passer si vous souhaitez r\u00e9aliser un soin parfait<\/span><\/li>\n<li>Sa formule est ultra-performante et hautement stabilis\u00e9e<\/li>\n<\/ul>\n<p>[\/vc_column_text][vc_column_text]<br \/>\n<strong><span style=\"font-size: 28px;\">Mode d&#8217;emploi<\/span><\/strong><\/p>\n<p><span style=\"font-weight: 400;\">Suivez les ratios de m\u00e9lange et les instructions indiqu\u00e9es sur l&#8217;emballage de la couleur Paul Rivera choisie. NB : Ce produit est exclusivement pr\u00e9vu pour un usage professionnel.<\/span>[\/vc_column_text][\/vc_column_inner][\/vc_row_inner][vc_row_inner el_id=&#8221;mobile&#8221;][vc_column_inner width=&#8221;1\/2&#8243; offset=&#8221;vc_hidden-lg vc_hidden-md vc_hidden-sm&#8221;][vc_column_text]<br \/>\n<strong><span style=\"font-size: 28px;\">Les bonnes raisons de l&#8217;aimer<\/span><\/strong><\/p>\n<ul>\n<li><span style=\"font-weight: 400;\">Vous ne pourrez pas vous en passer si vous souhaitez r\u00e9aliser un soin parfait<\/span><\/li>\n<li>Sa formule est ultra-performante et hautement stabilis\u00e9e<\/li>\n<\/ul>\n<p>[\/vc_column_text][vc_column_text]<br \/>\n<strong><span style=\"font-size: 28px;\">Mode d&#8217;emploi<\/span><\/strong><\/p>\n<p><span style=\"font-weight: 400;\">Suivez les ratios de m\u00e9lange et les instructions indiqu\u00e9es sur l&#8217;emballage de la couleur Paul Rivera choisie. NB : Ce produit est exclusivement pr\u00e9vu pour un usage professionnel.<\/span>[\/vc_column_text][\/vc_column_inner][vc_column_inner width=&#8221;1\/2&#8243; css=&#8221;.vc_custom_1582194178853{background-image: url(https:\/\/paulrivera.it\/wp-content\/uploads\/2020\/02\/background_adv_product.png?id=296) !important;background-position: center !important;background-repeat: no-repeat !important;background-size: cover !important;}&#8221; offset=&#8221;vc_hidden-lg vc_hidden-md vc_hidden-sm&#8221;][vc_single_image image=&#8221;9786&#8243; img_size=&#8221;large&#8221; alignment=&#8221;center&#8221;][\/vc_column_inner][\/vc_row_inner][\/vc_column][\/vc_row][vc_row css=&#8221;.vc_custom_1582192829011{padding-top: 50px !important;}&#8221;][vc_column][vc_row_inner][vc_column_inner][vc_column_text]<\/p>\n<h1 style=\"text-align: center;\">Vous aimerez aussi<\/h1>\n<p>[\/vc_column_text][\/vc_column_inner][\/vc_row_inner][vc_raw_html]W3dwYi1wcm9kdWN0LXNsaWRlci1zaG9ydGNvZGUgaWQ9IjIxNyJd[\/vc_raw_html][\/vc_column][\/vc_row]<\/p>\n<\/div>","protected":false},"excerpt":{"rendered":"<p><span style=\"font-weight: 400;\">Ultra Vox est une <strong>\u00e9mulsion oxydante stabilis\u00e9e<\/strong>, un produit technique indispensable pour la coloration professionnelle en salon.<\/span><\/p>\n<p><span style=\"font-weight: 400;\">La haute qualit\u00e9 d&#8217;une <strong>formule ultra-performante<\/strong> favorise la p\u00e9n\u00e9tration du pigment colorant et sublime les caract\u00e9ristiques de la couleur cosm\u00e9tique utilis\u00e9e.\u00a0 La texture de l&#8217;oxyg\u00e8ne en cr\u00e8me Ultra Vox cr\u00e9e un m\u00e9lange compact et facile \u00e0 appliquer lors du soin particulier. \u00c0 utiliser avec les colorations \u00e0 oxydation Paul Rivera.<\/span><\/p>\n<p>5 volumes (1,5%)<\/p>\n<p><span style=\"font-weight: 400;\">1000 ml<\/span><\/p>\n<p>&nbsp;<\/p>\n[maxbutton id=\"5\"]\n","protected":false},"featured_media":9537,"template":"","meta":[],"product_brand":[],"product_cat":[1310],"product_tag":[],"class_list":{"0":"post-10540","1":"product","2":"type-product","3":"status-publish","4":"has-post-thumbnail","6":"product_cat-ultra-vox-emulsion-oxydante","7":"description-off","9":"first","10":"instock","11":"shipping-taxable","12":"product-type-simple"},"yoast_head":"<!-- This site is optimized with the Yoast SEO plugin v27.2 - https:\/\/yoast.com\/product\/yoast-seo-wordpress\/ -->\n<title>Ultra Vox \u2013 \u00c9mulsion Oxydante 5 volumes<\/title>\n<meta name=\"description\" content=\"Ultra Vox est une \u00e9mulsion oxydante stabilis\u00e9e, un produit technique indispensable pour la coloration professionnelle en salon.\" \/>\n<meta name=\"robots\" content=\"index, follow, max-snippet:-1, max-image-preview:large, max-video-preview:-1\" \/>\n<link rel=\"canonical\" href=\"https:\/\/paulrivera.it\/fr\/prodotti\/produits-techniques\/ultra-vox-emulsion-oxydante\/ultra-vox-emulsion-oxydante-5-volumes\/\" \/>\n<meta property=\"og:locale\" content=\"fr_FR\" \/>\n<meta property=\"og:type\" content=\"article\" \/>\n<meta property=\"og:title\" content=\"Ultra Vox \u2013 \u00c9mulsion Oxydante 5 volumes\" \/>\n<meta property=\"og:description\" content=\"Ultra Vox est une \u00e9mulsion oxydante stabilis\u00e9e, un produit technique indispensable pour la coloration professionnelle en salon.\" \/>\n<meta property=\"og:url\" content=\"https:\/\/paulrivera.it\/fr\/prodotti\/produits-techniques\/ultra-vox-emulsion-oxydante\/ultra-vox-emulsion-oxydante-5-volumes\/\" \/>\n<meta property=\"og:site_name\" content=\"Paul Rivera\" \/>\n<meta property=\"article:modified_time\" content=\"2024-05-13T13:03:08+00:00\" \/>\n<meta property=\"og:image\" content=\"https:\/\/paulrivera.it\/wp-content\/uploads\/2020\/02\/604118_paul_rivera_ultra_vox_oxidation_emulsion_5vol_1000ml.png\" \/>\n\t<meta property=\"og:image:width\" content=\"800\" \/>\n\t<meta property=\"og:image:height\" content=\"800\" \/>\n\t<meta property=\"og:image:type\" content=\"image\/png\" \/>\n<meta name=\"twitter:card\" content=\"summary_large_image\" \/>\n<meta name=\"twitter:label1\" content=\"Est. reading time\" \/>\n\t<meta name=\"twitter:data1\" content=\"2 minutes\" \/>\n<script type=\"application\/ld+json\" class=\"yoast-schema-graph\">{\"@context\":\"https:\/\/schema.org\",\"@graph\":[{\"@type\":\"WebPage\",\"@id\":\"https:\/\/paulrivera.it\/fr\/prodotti\/produits-techniques\/ultra-vox-emulsion-oxydante\/ultra-vox-emulsion-oxydante-5-volumes\/\",\"url\":\"https:\/\/paulrivera.it\/fr\/prodotti\/produits-techniques\/ultra-vox-emulsion-oxydante\/ultra-vox-emulsion-oxydante-5-volumes\/\",\"name\":\"Ultra Vox \u2013 \u00c9mulsion Oxydante 5 volumes\",\"isPartOf\":{\"@id\":\"https:\/\/paulrivera.it\/fr\/#website\"},\"primaryImageOfPage\":{\"@id\":\"https:\/\/paulrivera.it\/fr\/prodotti\/produits-techniques\/ultra-vox-emulsion-oxydante\/ultra-vox-emulsion-oxydante-5-volumes\/#primaryimage\"},\"image\":{\"@id\":\"https:\/\/paulrivera.it\/fr\/prodotti\/produits-techniques\/ultra-vox-emulsion-oxydante\/ultra-vox-emulsion-oxydante-5-volumes\/#primaryimage\"},\"thumbnailUrl\":\"https:\/\/paulrivera.it\/wp-content\/uploads\/2020\/02\/604118_paul_rivera_ultra_vox_oxidation_emulsion_5vol_1000ml.png\",\"datePublished\":\"2020-02-18T08:19:01+00:00\",\"dateModified\":\"2024-05-13T13:03:08+00:00\",\"description\":\"Ultra Vox est une \u00e9mulsion oxydante stabilis\u00e9e, un produit technique indispensable pour la coloration professionnelle en salon.\",\"breadcrumb\":{\"@id\":\"https:\/\/paulrivera.it\/fr\/prodotti\/produits-techniques\/ultra-vox-emulsion-oxydante\/ultra-vox-emulsion-oxydante-5-volumes\/#breadcrumb\"},\"inLanguage\":\"fr-FR\",\"potentialAction\":[{\"@type\":\"ReadAction\",\"target\":[\"https:\/\/paulrivera.it\/fr\/prodotti\/produits-techniques\/ultra-vox-emulsion-oxydante\/ultra-vox-emulsion-oxydante-5-volumes\/\"]}]},{\"@type\":\"ImageObject\",\"inLanguage\":\"fr-FR\",\"@id\":\"https:\/\/paulrivera.it\/fr\/prodotti\/produits-techniques\/ultra-vox-emulsion-oxydante\/ultra-vox-emulsion-oxydante-5-volumes\/#primaryimage\",\"url\":\"https:\/\/paulrivera.it\/wp-content\/uploads\/2020\/02\/604118_paul_rivera_ultra_vox_oxidation_emulsion_5vol_1000ml.png\",\"contentUrl\":\"https:\/\/paulrivera.it\/wp-content\/uploads\/2020\/02\/604118_paul_rivera_ultra_vox_oxidation_emulsion_5vol_1000ml.png\",\"width\":800,\"height\":800},{\"@type\":\"BreadcrumbList\",\"@id\":\"https:\/\/paulrivera.it\/fr\/prodotti\/produits-techniques\/ultra-vox-emulsion-oxydante\/ultra-vox-emulsion-oxydante-5-volumes\/#breadcrumb\",\"itemListElement\":[{\"@type\":\"ListItem\",\"position\":1,\"name\":\"Home\",\"item\":\"https:\/\/paulrivera.it\/fr\/\"},{\"@type\":\"ListItem\",\"position\":2,\"name\":\"Pagina shop\",\"item\":\"https:\/\/paulrivera.it\/prodotti\/\"},{\"@type\":\"ListItem\",\"position\":3,\"name\":\"Ultra Vox \u2013 \u00c9mulsion Oxydante 5 volumes\"}]},{\"@type\":\"WebSite\",\"@id\":\"https:\/\/paulrivera.it\/fr\/#website\",\"url\":\"https:\/\/paulrivera.it\/fr\/\",\"name\":\"Paul Rivera\",\"description\":\"Hair Beauty Celebration\",\"publisher\":{\"@id\":\"https:\/\/paulrivera.it\/fr\/#organization\"},\"potentialAction\":[{\"@type\":\"SearchAction\",\"target\":{\"@type\":\"EntryPoint\",\"urlTemplate\":\"https:\/\/paulrivera.it\/fr\/?s={search_term_string}\"},\"query-input\":{\"@type\":\"PropertyValueSpecification\",\"valueRequired\":true,\"valueName\":\"search_term_string\"}}],\"inLanguage\":\"fr-FR\"},{\"@type\":\"Organization\",\"@id\":\"https:\/\/paulrivera.it\/fr\/#organization\",\"name\":\"Paul Rivera\",\"url\":\"https:\/\/paulrivera.it\/fr\/\",\"logo\":{\"@type\":\"ImageObject\",\"inLanguage\":\"fr-FR\",\"@id\":\"https:\/\/paulrivera.it\/fr\/#\/schema\/logo\/image\/\",\"url\":\"https:\/\/paulrivera.it\/wp-content\/uploads\/2020\/02\/paul_rivera_logo_header_x2.png\",\"contentUrl\":\"https:\/\/paulrivera.it\/wp-content\/uploads\/2020\/02\/paul_rivera_logo_header_x2.png\",\"width\":470,\"height\":60,\"caption\":\"Paul Rivera\"},\"image\":{\"@id\":\"https:\/\/paulrivera.it\/fr\/#\/schema\/logo\/image\/\"}}]}<\/script>\n<!-- \/ Yoast SEO plugin. -->","yoast_head_json":{"title":"Ultra Vox \u2013 \u00c9mulsion Oxydante 5 volumes","description":"Ultra Vox est une \u00e9mulsion oxydante stabilis\u00e9e, un produit technique indispensable pour la coloration professionnelle en salon.","robots":{"index":"index","follow":"follow","max-snippet":"max-snippet:-1","max-image-preview":"max-image-preview:large","max-video-preview":"max-video-preview:-1"},"canonical":"https:\/\/paulrivera.it\/fr\/prodotti\/produits-techniques\/ultra-vox-emulsion-oxydante\/ultra-vox-emulsion-oxydante-5-volumes\/","og_locale":"fr_FR","og_type":"article","og_title":"Ultra Vox \u2013 \u00c9mulsion Oxydante 5 volumes","og_description":"Ultra Vox est une \u00e9mulsion oxydante stabilis\u00e9e, un produit technique indispensable pour la coloration professionnelle en salon.","og_url":"https:\/\/paulrivera.it\/fr\/prodotti\/produits-techniques\/ultra-vox-emulsion-oxydante\/ultra-vox-emulsion-oxydante-5-volumes\/","og_site_name":"Paul Rivera","article_modified_time":"2024-05-13T13:03:08+00:00","og_image":[{"width":800,"height":800,"url":"https:\/\/paulrivera.it\/wp-content\/uploads\/2020\/02\/604118_paul_rivera_ultra_vox_oxidation_emulsion_5vol_1000ml.png","type":"image\/png"}],"twitter_card":"summary_large_image","twitter_misc":{"Est. reading time":"2 minutes"},"schema":{"@context":"https:\/\/schema.org","@graph":[{"@type":"WebPage","@id":"https:\/\/paulrivera.it\/fr\/prodotti\/produits-techniques\/ultra-vox-emulsion-oxydante\/ultra-vox-emulsion-oxydante-5-volumes\/","url":"https:\/\/paulrivera.it\/fr\/prodotti\/produits-techniques\/ultra-vox-emulsion-oxydante\/ultra-vox-emulsion-oxydante-5-volumes\/","name":"Ultra Vox \u2013 \u00c9mulsion Oxydante 5 volumes","isPartOf":{"@id":"https:\/\/paulrivera.it\/fr\/#website"},"primaryImageOfPage":{"@id":"https:\/\/paulrivera.it\/fr\/prodotti\/produits-techniques\/ultra-vox-emulsion-oxydante\/ultra-vox-emulsion-oxydante-5-volumes\/#primaryimage"},"image":{"@id":"https:\/\/paulrivera.it\/fr\/prodotti\/produits-techniques\/ultra-vox-emulsion-oxydante\/ultra-vox-emulsion-oxydante-5-volumes\/#primaryimage"},"thumbnailUrl":"https:\/\/paulrivera.it\/wp-content\/uploads\/2020\/02\/604118_paul_rivera_ultra_vox_oxidation_emulsion_5vol_1000ml.png","datePublished":"2020-02-18T08:19:01+00:00","dateModified":"2024-05-13T13:03:08+00:00","description":"Ultra Vox est une \u00e9mulsion oxydante stabilis\u00e9e, un produit technique indispensable pour la coloration professionnelle en salon.","breadcrumb":{"@id":"https:\/\/paulrivera.it\/fr\/prodotti\/produits-techniques\/ultra-vox-emulsion-oxydante\/ultra-vox-emulsion-oxydante-5-volumes\/#breadcrumb"},"inLanguage":"fr-FR","potentialAction":[{"@type":"ReadAction","target":["https:\/\/paulrivera.it\/fr\/prodotti\/produits-techniques\/ultra-vox-emulsion-oxydante\/ultra-vox-emulsion-oxydante-5-volumes\/"]}]},{"@type":"ImageObject","inLanguage":"fr-FR","@id":"https:\/\/paulrivera.it\/fr\/prodotti\/produits-techniques\/ultra-vox-emulsion-oxydante\/ultra-vox-emulsion-oxydante-5-volumes\/#primaryimage","url":"https:\/\/paulrivera.it\/wp-content\/uploads\/2020\/02\/604118_paul_rivera_ultra_vox_oxidation_emulsion_5vol_1000ml.png","contentUrl":"https:\/\/paulrivera.it\/wp-content\/uploads\/2020\/02\/604118_paul_rivera_ultra_vox_oxidation_emulsion_5vol_1000ml.png","width":800,"height":800},{"@type":"BreadcrumbList","@id":"https:\/\/paulrivera.it\/fr\/prodotti\/produits-techniques\/ultra-vox-emulsion-oxydante\/ultra-vox-emulsion-oxydante-5-volumes\/#breadcrumb","itemListElement":[{"@type":"ListItem","position":1,"name":"Home","item":"https:\/\/paulrivera.it\/fr\/"},{"@type":"ListItem","position":2,"name":"Pagina shop","item":"https:\/\/paulrivera.it\/prodotti\/"},{"@type":"ListItem","position":3,"name":"Ultra Vox \u2013 \u00c9mulsion Oxydante 5 volumes"}]},{"@type":"WebSite","@id":"https:\/\/paulrivera.it\/fr\/#website","url":"https:\/\/paulrivera.it\/fr\/","name":"Paul Rivera","description":"Hair Beauty Celebration","publisher":{"@id":"https:\/\/paulrivera.it\/fr\/#organization"},"potentialAction":[{"@type":"SearchAction","target":{"@type":"EntryPoint","urlTemplate":"https:\/\/paulrivera.it\/fr\/?s={search_term_string}"},"query-input":{"@type":"PropertyValueSpecification","valueRequired":true,"valueName":"search_term_string"}}],"inLanguage":"fr-FR"},{"@type":"Organization","@id":"https:\/\/paulrivera.it\/fr\/#organization","name":"Paul Rivera","url":"https:\/\/paulrivera.it\/fr\/","logo":{"@type":"ImageObject","inLanguage":"fr-FR","@id":"https:\/\/paulrivera.it\/fr\/#\/schema\/logo\/image\/","url":"https:\/\/paulrivera.it\/wp-content\/uploads\/2020\/02\/paul_rivera_logo_header_x2.png","contentUrl":"https:\/\/paulrivera.it\/wp-content\/uploads\/2020\/02\/paul_rivera_logo_header_x2.png","width":470,"height":60,"caption":"Paul Rivera"},"image":{"@id":"https:\/\/paulrivera.it\/fr\/#\/schema\/logo\/image\/"}}]}},"_links":{"self":[{"href":"https:\/\/paulrivera.it\/fr\/wp-json\/wp\/v2\/product\/10540","targetHints":{"allow":["GET"]}}],"collection":[{"href":"https:\/\/paulrivera.it\/fr\/wp-json\/wp\/v2\/product"}],"about":[{"href":"https:\/\/paulrivera.it\/fr\/wp-json\/wp\/v2\/types\/product"}],"wp:featuredmedia":[{"embeddable":true,"href":"https:\/\/paulrivera.it\/fr\/wp-json\/wp\/v2\/media\/9537"}],"wp:attachment":[{"href":"https:\/\/paulrivera.it\/fr\/wp-json\/wp\/v2\/media?parent=10540"}],"wp:term":[{"taxonomy":"product_brand","embeddable":true,"href":"https:\/\/paulrivera.it\/fr\/wp-json\/wp\/v2\/product_brand?post=10540"},{"taxonomy":"product_cat","embeddable":true,"href":"https:\/\/paulrivera.it\/fr\/wp-json\/wp\/v2\/product_cat?post=10540"},{"taxonomy":"product_tag","embeddable":true,"href":"https:\/\/paulrivera.it\/fr\/wp-json\/wp\/v2\/product_tag?post=10540"}],"curies":[{"name":"wp","href":"https:\/\/api.w.org\/{rel}","templated":true}]}}