{"id":10543,"date":"2020-02-18T09:26:35","date_gmt":"2020-02-18T08:26:35","guid":{"rendered":"https:\/\/paulrivera.it\/product\/wavebuild-lotion-ondulante-pour-cheveux-naturels\/"},"modified":"2024-05-13T14:58:29","modified_gmt":"2024-05-13T12:58:29","slug":"wavebuild-lotion-ondulante-pour-cheveux-naturels","status":"publish","type":"product","link":"https:\/\/paulrivera.it\/fr\/prodotti\/produits-techniques\/wavebuild-lotion-ondulante\/wavebuild-lotion-ondulante-pour-cheveux-naturels\/","title":{"rendered":"Wavebuild Lotion Ondulante Pour Cheveux Naturels"},"content":{"rendered":"<div class=\"wpb-content-wrapper\"><p>[vc_row full_width=&#8221;stretch_row&#8221;][vc_column][vc_row_inner el_id=&#8221;desktop&#8221;][vc_column_inner width=&#8221;1\/2&#8243; css=&#8221;.vc_custom_1582818635881{padding-right: 10% !important;padding-left: 30% !important;}&#8221; offset=&#8221;vc_hidden-md vc_hidden-sm vc_hidden-xs&#8221;][vc_column_text]<br \/>\n<strong><span style=\"font-size: 28px;\">Les bonnes raisons de l&#8217;aimer<\/span><\/strong><\/p>\n<ul>\n<li><span style=\"font-weight: 400;\">Des boucles \u00e9lastiques et d\u00e9finies sur cheveux naturels<\/span><\/li>\n<li>N&#8217;ab\u00eeme pas les cheveux lors de l&#8217;application<\/li>\n<li>Des cheveux doux et prot\u00e9g\u00e9s pendant le soin<\/li>\n<li>Sans thioglycolates ni ammoniaque<\/li>\n<\/ul>\n<p>[\/vc_column_text][vc_column_text]<br \/>\n<strong><span style=\"font-size: 28px;\">Les principes actifs de la formule<\/span><\/strong><\/p>\n<ul>\n<li><span style=\"font-weight: 400;\">Prot\u00e9ines de Bl\u00e9 : actifs aux propri\u00e9t\u00e9s cosm\u00e9tiques exceptionnelles, ils hydratent et restructurent les cheveux en douceur, en leur donnant un aspect soyeux et souple \u00e0 la fois.<\/span><\/li>\n<li>Tr\u00e9halose : pouvoir cosm\u00e9tique sup\u00e9rieur. Il enveloppe les mol\u00e9cules d&#8217;eau pour capter l&#8217;hydratation et la maintenir constante, en garantissant ainsi une action humectante unique.<\/li>\n<\/ul>\n<p>[\/vc_column_text][vc_column_text]<br \/>\n<strong><span style=\"font-size: 28px;\">Mode d&#8217;emploi<\/span><\/strong><\/p>\n<p><span style=\"font-weight: 400;\">Apr\u00e8s avoir lav\u00e9 et essor\u00e9 vos cheveux, enroulez-les sur des bigoudis, qui doivent \u00eatre soigneusement satur\u00e9s de Lotion Ondulante, en commen\u00e7ant par la nuque, sans toucher le cuir chevelu. Couvrez avec un bonnet et laissez agir 20 \u00e0 25 minutes. Rincez abondamment.<\/span><\/p>\n<p><span style=\"font-weight: 400;\">Tamponnez et saturez les bigoudis avec le Neutralisant, en le laissant agir 5 minutes. Retirez les bigoudis, r\u00e9appliquez le neutralisant et laissez agir quelques minutes. Rincez soigneusement et effectuez un shampoing l\u00e9ger. Ne d\u00e9passez jamais le temps d\u2019application recommand\u00e9. N&#8217;utilisez pas de sources de chaleur.<\/span>[\/vc_column_text][\/vc_column_inner][vc_column_inner width=&#8221;1\/2&#8243; css=&#8221;.vc_custom_1582194232021{background-image: url(https:\/\/paulrivera.it\/wp-content\/uploads\/2020\/02\/background_adv_product.png?id=296) !important;background-position: center !important;background-repeat: no-repeat !important;background-size: cover !important;}&#8221; offset=&#8221;vc_hidden-md vc_hidden-sm vc_hidden-xs&#8221;][vc_empty_space height=&#8221;100px&#8221;][vc_single_image image=&#8221;9778&#8243; img_size=&#8221;large&#8221; alignment=&#8221;center&#8221;][vc_empty_space height=&#8221;100px&#8221;][\/vc_column_inner][\/vc_row_inner][vc_row_inner el_id=&#8221;tablet&#8221;][vc_column_inner offset=&#8221;vc_hidden-lg vc_hidden-xs&#8221;][vc_column_text]<br \/>\n<strong><span style=\"font-size: 28px;\">Les bonnes raisons de l&#8217;aimer<\/span><\/strong><\/p>\n<ul>\n<li><span style=\"font-weight: 400;\">Des boucles \u00e9lastiques et d\u00e9finies sur cheveux naturels<\/span><\/li>\n<li>N&#8217;ab\u00eeme pas les cheveux lors de l&#8217;application<\/li>\n<li>Des cheveux doux et prot\u00e9g\u00e9s pendant le soin<\/li>\n<li>Sans thioglycolates ni ammoniaque<\/li>\n<\/ul>\n<p>[\/vc_column_text][vc_column_text]<br \/>\n<strong><span style=\"font-size: 28px;\">Les principes actifs de la formule<\/span><\/strong><\/p>\n<ul>\n<li><span style=\"font-weight: 400;\">Prot\u00e9ines de Bl\u00e9 : actifs aux propri\u00e9t\u00e9s cosm\u00e9tiques exceptionnelles, ils hydratent et restructurent les cheveux en douceur, en leur donnant un aspect soyeux et souple \u00e0 la fois.<\/span><\/li>\n<li>Tr\u00e9halose : pouvoir cosm\u00e9tique sup\u00e9rieur. Il enveloppe les mol\u00e9cules d&#8217;eau pour capter l&#8217;hydratation et la maintenir constante, en garantissant ainsi une action humectante unique.<\/li>\n<\/ul>\n<p>[\/vc_column_text][vc_column_text]<br \/>\n<strong><span style=\"font-size: 28px;\">Mode d&#8217;emploi<\/span><\/strong><\/p>\n<p><span style=\"font-weight: 400;\">Apr\u00e8s avoir lav\u00e9 et essor\u00e9 vos cheveux, enroulez-les sur des bigoudis, qui doivent \u00eatre soigneusement satur\u00e9s de Lotion Ondulante, en commen\u00e7ant par la nuque, sans toucher le cuir chevelu. Couvrez avec un bonnet et laissez agir 20 \u00e0 25 minutes. Rincez abondamment.<\/span><\/p>\n<p><span style=\"font-weight: 400;\">Tamponnez et saturez les bigoudis avec le Neutralisant, en le laissant agir 5 minutes. Retirez les bigoudis, r\u00e9appliquez le neutralisant et laissez agir quelques minutes. Rincez soigneusement et effectuez un shampoing l\u00e9ger. Ne d\u00e9passez jamais le temps d\u2019application recommand\u00e9. N&#8217;utilisez pas de sources de chaleur.<\/span><\/p>\n<p>[\/vc_column_text][\/vc_column_inner][\/vc_row_inner][vc_row_inner el_id=&#8221;mobile&#8221;][vc_column_inner width=&#8221;1\/2&#8243; offset=&#8221;vc_hidden-lg vc_hidden-md vc_hidden-sm&#8221;][vc_column_text]<br \/>\n<strong><span style=\"font-size: 28px;\">Les bonnes raisons de l&#8217;aimer<\/span><\/strong><\/p>\n<ul>\n<li><span style=\"font-weight: 400;\">Des boucles \u00e9lastiques et d\u00e9finies sur cheveux naturels<\/span><\/li>\n<li>N&#8217;ab\u00eeme pas les cheveux lors de l&#8217;application<\/li>\n<li>Des cheveux doux et prot\u00e9g\u00e9s pendant le soin<\/li>\n<li>Sans thioglycolates ni ammoniaque<\/li>\n<\/ul>\n<p>[\/vc_column_text][vc_column_text]<br \/>\n<strong><span style=\"font-size: 28px;\">Les principes actifs de la formule<\/span><\/strong><\/p>\n<ul>\n<li><span style=\"font-weight: 400;\">Prot\u00e9ines de Bl\u00e9 : actifs aux propri\u00e9t\u00e9s cosm\u00e9tiques exceptionnelles, ils hydratent et restructurent les cheveux en douceur, en leur donnant un aspect soyeux et souple \u00e0 la fois.<\/span><\/li>\n<li>Tr\u00e9halose : pouvoir cosm\u00e9tique sup\u00e9rieur. Il enveloppe les mol\u00e9cules d&#8217;eau pour capter l&#8217;hydratation et la maintenir constante, en garantissant ainsi une action humectante unique.<\/li>\n<\/ul>\n<p>[\/vc_column_text][vc_column_text]<br \/>\n<strong><span style=\"font-size: 28px;\">Mode d&#8217;emploi<\/span><\/strong><\/p>\n<p><span style=\"font-weight: 400;\">Apr\u00e8s avoir lav\u00e9 et essor\u00e9 vos cheveux, enroulez-les sur des bigoudis, qui doivent \u00eatre soigneusement satur\u00e9s de Lotion Ondulante, en commen\u00e7ant par la nuque, sans toucher le cuir chevelu. Couvrez avec un bonnet et laissez agir 20 \u00e0 25 minutes. Rincez abondamment.<\/span><\/p>\n<p><span style=\"font-weight: 400;\">Tamponnez et saturez les bigoudis avec le Neutralisant, en le laissant agir 5 minutes. Retirez les bigoudis, r\u00e9appliquez le neutralisant et laissez agir quelques minutes. Rincez soigneusement et effectuez un shampoing l\u00e9ger. Ne d\u00e9passez jamais le temps d\u2019application recommand\u00e9. N&#8217;utilisez pas de sources de chaleur.<\/span><\/p>\n<p>[\/vc_column_text][\/vc_column_inner][vc_column_inner width=&#8221;1\/2&#8243; css=&#8221;.vc_custom_1582194178853{background-image: url(https:\/\/paulrivera.it\/wp-content\/uploads\/2020\/02\/background_adv_product.png?id=296) !important;background-position: center !important;background-repeat: no-repeat !important;background-size: cover !important;}&#8221; offset=&#8221;vc_hidden-lg vc_hidden-md vc_hidden-sm&#8221;][vc_single_image image=&#8221;9778&#8243; img_size=&#8221;large&#8221; alignment=&#8221;center&#8221;][\/vc_column_inner][\/vc_row_inner][\/vc_column][\/vc_row][vc_row css=&#8221;.vc_custom_1582192829011{padding-top: 50px !important;}&#8221;][vc_column][vc_row_inner][vc_column_inner][vc_column_text]<\/p>\n<h1 style=\"text-align: center;\">Vous aimerez aussi<\/h1>\n<p>[\/vc_column_text][\/vc_column_inner][\/vc_row_inner][vc_raw_html]W3dwYi1wcm9kdWN0LXNsaWRlci1zaG9ydGNvZGUgaWQ9IjIwMCJd[\/vc_raw_html][\/vc_column][\/vc_row]<\/p>\n<\/div>","protected":false},"excerpt":{"rendered":"<p><span style=\"font-weight: 400;\">La lotion ondulante Wavebuild permet de cr\u00e9er des boucles toutes douces sur <strong>cheveux naturels<\/strong>. Les cheveux lisses ou plats changent de forme : gr\u00e2ce \u00e0 la lotion pour permanente, vous allez pouvoir cr\u00e9er des vagues incroyablement \u00e9lastiques et qui durent longtemps.<\/span><\/p>\n<p><span style=\"font-weight: 400;\">Elle assure un r\u00e9sultat naturel, sans agresser la fibre : <strong>sans thioglycolates ni ammoniaque<\/strong>, la lotion ondulante pour cheveux naturels agit tout en respectant la structure du cheveu. Sa formule conditionnante est renforc\u00e9e par les prot\u00e9ines de bl\u00e9 et le tr\u00e9halose.<\/span><\/p>\n<p><span style=\"font-weight: 400;\">250 ml<\/span><\/p>\n<p>&nbsp;<\/p>\n[maxbutton id=\"5\"]\n","protected":false},"featured_media":9546,"template":"","meta":[],"product_brand":[],"product_cat":[1311],"product_tag":[],"class_list":{"0":"post-10543","1":"product","2":"type-product","3":"status-publish","4":"has-post-thumbnail","6":"product_cat-wavebuild-lotion-ondulante","7":"description-off","9":"first","10":"instock","11":"shipping-taxable","12":"product-type-simple"},"yoast_head":"<!-- This site is optimized with the Yoast SEO plugin v27.2 - https:\/\/yoast.com\/product\/yoast-seo-wordpress\/ -->\n<title>Wavebuild Lotion Ondulante Pour Cheveux Naturels<\/title>\n<meta name=\"description\" content=\"La lotion ondulante Wavebuild permet de cr\u00e9er des boucles toutes douces sur cheveux naturels.\" \/>\n<meta name=\"robots\" content=\"index, follow, max-snippet:-1, max-image-preview:large, max-video-preview:-1\" \/>\n<link rel=\"canonical\" href=\"https:\/\/paulrivera.it\/fr\/prodotti\/produits-techniques\/wavebuild-lotion-ondulante\/wavebuild-lotion-ondulante-pour-cheveux-naturels\/\" \/>\n<meta property=\"og:locale\" content=\"fr_FR\" \/>\n<meta property=\"og:type\" content=\"article\" \/>\n<meta property=\"og:title\" content=\"Wavebuild Lotion Ondulante Pour Cheveux Naturels\" \/>\n<meta property=\"og:description\" content=\"La lotion ondulante Wavebuild permet de cr\u00e9er des boucles toutes douces sur cheveux naturels.\" \/>\n<meta property=\"og:url\" content=\"https:\/\/paulrivera.it\/fr\/prodotti\/produits-techniques\/wavebuild-lotion-ondulante\/wavebuild-lotion-ondulante-pour-cheveux-naturels\/\" \/>\n<meta property=\"og:site_name\" content=\"Paul Rivera\" \/>\n<meta property=\"article:modified_time\" content=\"2024-05-13T12:58:29+00:00\" \/>\n<meta property=\"og:image\" content=\"https:\/\/paulrivera.it\/wp-content\/uploads\/2020\/02\/604248_paul_rivera_wavebuild_waving_lotion_natural_hair_1_250ml.png\" \/>\n\t<meta property=\"og:image:width\" content=\"800\" \/>\n\t<meta property=\"og:image:height\" content=\"800\" \/>\n\t<meta property=\"og:image:type\" content=\"image\/png\" \/>\n<meta name=\"twitter:card\" content=\"summary_large_image\" \/>\n<meta name=\"twitter:label1\" content=\"Est. reading time\" \/>\n\t<meta name=\"twitter:data1\" content=\"4 minutes\" \/>\n<script type=\"application\/ld+json\" class=\"yoast-schema-graph\">{\"@context\":\"https:\/\/schema.org\",\"@graph\":[{\"@type\":\"WebPage\",\"@id\":\"https:\/\/paulrivera.it\/fr\/prodotti\/produits-techniques\/wavebuild-lotion-ondulante\/wavebuild-lotion-ondulante-pour-cheveux-naturels\/\",\"url\":\"https:\/\/paulrivera.it\/fr\/prodotti\/produits-techniques\/wavebuild-lotion-ondulante\/wavebuild-lotion-ondulante-pour-cheveux-naturels\/\",\"name\":\"Wavebuild Lotion Ondulante Pour Cheveux Naturels\",\"isPartOf\":{\"@id\":\"https:\/\/paulrivera.it\/fr\/#website\"},\"primaryImageOfPage\":{\"@id\":\"https:\/\/paulrivera.it\/fr\/prodotti\/produits-techniques\/wavebuild-lotion-ondulante\/wavebuild-lotion-ondulante-pour-cheveux-naturels\/#primaryimage\"},\"image\":{\"@id\":\"https:\/\/paulrivera.it\/fr\/prodotti\/produits-techniques\/wavebuild-lotion-ondulante\/wavebuild-lotion-ondulante-pour-cheveux-naturels\/#primaryimage\"},\"thumbnailUrl\":\"https:\/\/paulrivera.it\/wp-content\/uploads\/2020\/02\/604248_paul_rivera_wavebuild_waving_lotion_natural_hair_1_250ml.png\",\"datePublished\":\"2020-02-18T08:26:35+00:00\",\"dateModified\":\"2024-05-13T12:58:29+00:00\",\"description\":\"La lotion ondulante Wavebuild permet de cr\u00e9er des boucles toutes douces sur cheveux naturels.\",\"breadcrumb\":{\"@id\":\"https:\/\/paulrivera.it\/fr\/prodotti\/produits-techniques\/wavebuild-lotion-ondulante\/wavebuild-lotion-ondulante-pour-cheveux-naturels\/#breadcrumb\"},\"inLanguage\":\"fr-FR\",\"potentialAction\":[{\"@type\":\"ReadAction\",\"target\":[\"https:\/\/paulrivera.it\/fr\/prodotti\/produits-techniques\/wavebuild-lotion-ondulante\/wavebuild-lotion-ondulante-pour-cheveux-naturels\/\"]}]},{\"@type\":\"ImageObject\",\"inLanguage\":\"fr-FR\",\"@id\":\"https:\/\/paulrivera.it\/fr\/prodotti\/produits-techniques\/wavebuild-lotion-ondulante\/wavebuild-lotion-ondulante-pour-cheveux-naturels\/#primaryimage\",\"url\":\"https:\/\/paulrivera.it\/wp-content\/uploads\/2020\/02\/604248_paul_rivera_wavebuild_waving_lotion_natural_hair_1_250ml.png\",\"contentUrl\":\"https:\/\/paulrivera.it\/wp-content\/uploads\/2020\/02\/604248_paul_rivera_wavebuild_waving_lotion_natural_hair_1_250ml.png\",\"width\":800,\"height\":800},{\"@type\":\"BreadcrumbList\",\"@id\":\"https:\/\/paulrivera.it\/fr\/prodotti\/produits-techniques\/wavebuild-lotion-ondulante\/wavebuild-lotion-ondulante-pour-cheveux-naturels\/#breadcrumb\",\"itemListElement\":[{\"@type\":\"ListItem\",\"position\":1,\"name\":\"Home\",\"item\":\"https:\/\/paulrivera.it\/fr\/\"},{\"@type\":\"ListItem\",\"position\":2,\"name\":\"Pagina shop\",\"item\":\"https:\/\/paulrivera.it\/prodotti\/\"},{\"@type\":\"ListItem\",\"position\":3,\"name\":\"Wavebuild Lotion Ondulante Pour Cheveux Naturels\"}]},{\"@type\":\"WebSite\",\"@id\":\"https:\/\/paulrivera.it\/fr\/#website\",\"url\":\"https:\/\/paulrivera.it\/fr\/\",\"name\":\"Paul Rivera\",\"description\":\"Hair Beauty Celebration\",\"publisher\":{\"@id\":\"https:\/\/paulrivera.it\/fr\/#organization\"},\"potentialAction\":[{\"@type\":\"SearchAction\",\"target\":{\"@type\":\"EntryPoint\",\"urlTemplate\":\"https:\/\/paulrivera.it\/fr\/?s={search_term_string}\"},\"query-input\":{\"@type\":\"PropertyValueSpecification\",\"valueRequired\":true,\"valueName\":\"search_term_string\"}}],\"inLanguage\":\"fr-FR\"},{\"@type\":\"Organization\",\"@id\":\"https:\/\/paulrivera.it\/fr\/#organization\",\"name\":\"Paul Rivera\",\"url\":\"https:\/\/paulrivera.it\/fr\/\",\"logo\":{\"@type\":\"ImageObject\",\"inLanguage\":\"fr-FR\",\"@id\":\"https:\/\/paulrivera.it\/fr\/#\/schema\/logo\/image\/\",\"url\":\"https:\/\/paulrivera.it\/wp-content\/uploads\/2020\/02\/paul_rivera_logo_header_x2.png\",\"contentUrl\":\"https:\/\/paulrivera.it\/wp-content\/uploads\/2020\/02\/paul_rivera_logo_header_x2.png\",\"width\":470,\"height\":60,\"caption\":\"Paul Rivera\"},\"image\":{\"@id\":\"https:\/\/paulrivera.it\/fr\/#\/schema\/logo\/image\/\"}}]}<\/script>\n<!-- \/ Yoast SEO plugin. -->","yoast_head_json":{"title":"Wavebuild Lotion Ondulante Pour Cheveux Naturels","description":"La lotion ondulante Wavebuild permet de cr\u00e9er des boucles toutes douces sur cheveux naturels.","robots":{"index":"index","follow":"follow","max-snippet":"max-snippet:-1","max-image-preview":"max-image-preview:large","max-video-preview":"max-video-preview:-1"},"canonical":"https:\/\/paulrivera.it\/fr\/prodotti\/produits-techniques\/wavebuild-lotion-ondulante\/wavebuild-lotion-ondulante-pour-cheveux-naturels\/","og_locale":"fr_FR","og_type":"article","og_title":"Wavebuild Lotion Ondulante Pour Cheveux Naturels","og_description":"La lotion ondulante Wavebuild permet de cr\u00e9er des boucles toutes douces sur cheveux naturels.","og_url":"https:\/\/paulrivera.it\/fr\/prodotti\/produits-techniques\/wavebuild-lotion-ondulante\/wavebuild-lotion-ondulante-pour-cheveux-naturels\/","og_site_name":"Paul Rivera","article_modified_time":"2024-05-13T12:58:29+00:00","og_image":[{"width":800,"height":800,"url":"https:\/\/paulrivera.it\/wp-content\/uploads\/2020\/02\/604248_paul_rivera_wavebuild_waving_lotion_natural_hair_1_250ml.png","type":"image\/png"}],"twitter_card":"summary_large_image","twitter_misc":{"Est. reading time":"4 minutes"},"schema":{"@context":"https:\/\/schema.org","@graph":[{"@type":"WebPage","@id":"https:\/\/paulrivera.it\/fr\/prodotti\/produits-techniques\/wavebuild-lotion-ondulante\/wavebuild-lotion-ondulante-pour-cheveux-naturels\/","url":"https:\/\/paulrivera.it\/fr\/prodotti\/produits-techniques\/wavebuild-lotion-ondulante\/wavebuild-lotion-ondulante-pour-cheveux-naturels\/","name":"Wavebuild Lotion Ondulante Pour Cheveux Naturels","isPartOf":{"@id":"https:\/\/paulrivera.it\/fr\/#website"},"primaryImageOfPage":{"@id":"https:\/\/paulrivera.it\/fr\/prodotti\/produits-techniques\/wavebuild-lotion-ondulante\/wavebuild-lotion-ondulante-pour-cheveux-naturels\/#primaryimage"},"image":{"@id":"https:\/\/paulrivera.it\/fr\/prodotti\/produits-techniques\/wavebuild-lotion-ondulante\/wavebuild-lotion-ondulante-pour-cheveux-naturels\/#primaryimage"},"thumbnailUrl":"https:\/\/paulrivera.it\/wp-content\/uploads\/2020\/02\/604248_paul_rivera_wavebuild_waving_lotion_natural_hair_1_250ml.png","datePublished":"2020-02-18T08:26:35+00:00","dateModified":"2024-05-13T12:58:29+00:00","description":"La lotion ondulante Wavebuild permet de cr\u00e9er des boucles toutes douces sur cheveux naturels.","breadcrumb":{"@id":"https:\/\/paulrivera.it\/fr\/prodotti\/produits-techniques\/wavebuild-lotion-ondulante\/wavebuild-lotion-ondulante-pour-cheveux-naturels\/#breadcrumb"},"inLanguage":"fr-FR","potentialAction":[{"@type":"ReadAction","target":["https:\/\/paulrivera.it\/fr\/prodotti\/produits-techniques\/wavebuild-lotion-ondulante\/wavebuild-lotion-ondulante-pour-cheveux-naturels\/"]}]},{"@type":"ImageObject","inLanguage":"fr-FR","@id":"https:\/\/paulrivera.it\/fr\/prodotti\/produits-techniques\/wavebuild-lotion-ondulante\/wavebuild-lotion-ondulante-pour-cheveux-naturels\/#primaryimage","url":"https:\/\/paulrivera.it\/wp-content\/uploads\/2020\/02\/604248_paul_rivera_wavebuild_waving_lotion_natural_hair_1_250ml.png","contentUrl":"https:\/\/paulrivera.it\/wp-content\/uploads\/2020\/02\/604248_paul_rivera_wavebuild_waving_lotion_natural_hair_1_250ml.png","width":800,"height":800},{"@type":"BreadcrumbList","@id":"https:\/\/paulrivera.it\/fr\/prodotti\/produits-techniques\/wavebuild-lotion-ondulante\/wavebuild-lotion-ondulante-pour-cheveux-naturels\/#breadcrumb","itemListElement":[{"@type":"ListItem","position":1,"name":"Home","item":"https:\/\/paulrivera.it\/fr\/"},{"@type":"ListItem","position":2,"name":"Pagina shop","item":"https:\/\/paulrivera.it\/prodotti\/"},{"@type":"ListItem","position":3,"name":"Wavebuild Lotion Ondulante Pour Cheveux Naturels"}]},{"@type":"WebSite","@id":"https:\/\/paulrivera.it\/fr\/#website","url":"https:\/\/paulrivera.it\/fr\/","name":"Paul Rivera","description":"Hair Beauty Celebration","publisher":{"@id":"https:\/\/paulrivera.it\/fr\/#organization"},"potentialAction":[{"@type":"SearchAction","target":{"@type":"EntryPoint","urlTemplate":"https:\/\/paulrivera.it\/fr\/?s={search_term_string}"},"query-input":{"@type":"PropertyValueSpecification","valueRequired":true,"valueName":"search_term_string"}}],"inLanguage":"fr-FR"},{"@type":"Organization","@id":"https:\/\/paulrivera.it\/fr\/#organization","name":"Paul Rivera","url":"https:\/\/paulrivera.it\/fr\/","logo":{"@type":"ImageObject","inLanguage":"fr-FR","@id":"https:\/\/paulrivera.it\/fr\/#\/schema\/logo\/image\/","url":"https:\/\/paulrivera.it\/wp-content\/uploads\/2020\/02\/paul_rivera_logo_header_x2.png","contentUrl":"https:\/\/paulrivera.it\/wp-content\/uploads\/2020\/02\/paul_rivera_logo_header_x2.png","width":470,"height":60,"caption":"Paul Rivera"},"image":{"@id":"https:\/\/paulrivera.it\/fr\/#\/schema\/logo\/image\/"}}]}},"_links":{"self":[{"href":"https:\/\/paulrivera.it\/fr\/wp-json\/wp\/v2\/product\/10543","targetHints":{"allow":["GET"]}}],"collection":[{"href":"https:\/\/paulrivera.it\/fr\/wp-json\/wp\/v2\/product"}],"about":[{"href":"https:\/\/paulrivera.it\/fr\/wp-json\/wp\/v2\/types\/product"}],"wp:featuredmedia":[{"embeddable":true,"href":"https:\/\/paulrivera.it\/fr\/wp-json\/wp\/v2\/media\/9546"}],"wp:attachment":[{"href":"https:\/\/paulrivera.it\/fr\/wp-json\/wp\/v2\/media?parent=10543"}],"wp:term":[{"taxonomy":"product_brand","embeddable":true,"href":"https:\/\/paulrivera.it\/fr\/wp-json\/wp\/v2\/product_brand?post=10543"},{"taxonomy":"product_cat","embeddable":true,"href":"https:\/\/paulrivera.it\/fr\/wp-json\/wp\/v2\/product_cat?post=10543"},{"taxonomy":"product_tag","embeddable":true,"href":"https:\/\/paulrivera.it\/fr\/wp-json\/wp\/v2\/product_tag?post=10543"}],"curies":[{"name":"wp","href":"https:\/\/api.w.org\/{rel}","templated":true}]}}