{"id":10544,"date":"2020-02-18T09:26:09","date_gmt":"2020-02-18T08:26:09","guid":{"rendered":"https:\/\/paulrivera.it\/product\/wavebuild-neutralisant-pour-lotions-ondulantes\/"},"modified":"2024-05-13T14:58:57","modified_gmt":"2024-05-13T12:58:57","slug":"wavebuild-neutralisant-pour-lotions-ondulantes","status":"publish","type":"product","link":"https:\/\/paulrivera.it\/fr\/prodotti\/produits-techniques\/wavebuild-lotion-ondulante\/wavebuild-neutralisant-pour-lotions-ondulantes\/","title":{"rendered":"Wavebuild &#8211; Neutralisant Pour Lotions Ondulantes"},"content":{"rendered":"<div class=\"wpb-content-wrapper\"><p>[vc_row full_width=&#8221;stretch_row&#8221;][vc_column][vc_row_inner el_id=&#8221;desktop&#8221;][vc_column_inner width=&#8221;1\/2&#8243; css=&#8221;.vc_custom_1582194227194{padding-top: 10% !important;padding-right: 10% !important;padding-bottom: 10% !important;padding-left: 30% !important;}&#8221; offset=&#8221;vc_hidden-md vc_hidden-sm vc_hidden-xs&#8221;][vc_column_text]<br \/>\n<strong><span style=\"font-size: 28px;\">Les bonnes raisons de l&#8217;aimer<\/span><\/strong><\/p>\n<ul>\n<li><span style=\"font-weight: 400;\">Indispensable pour neutraliser les r\u00e9sidus et stabiliser l&#8217;ondulation<\/span><\/li>\n<li>N&#8217;agresse pas la fibre lors du soin particulier<\/li>\n<li>Formule conditionnante<\/li>\n<\/ul>\n<p>[\/vc_column_text][vc_column_text]<br \/>\n<strong><span style=\"font-size: 28px;\">Les principes actifs de la formule<\/span><\/strong><\/p>\n<ul>\n<li><span style=\"font-weight: 400;\">Prot\u00e9ines de Bl\u00e9 : actifs aux propri\u00e9t\u00e9s cosm\u00e9tiques exceptionnelles, ils hydratent et restructurent les cheveux en douceur, en leur donnant un aspect soyeux et souple \u00e0 la fois.<\/span><\/li>\n<\/ul>\n<p>[\/vc_column_text][vc_column_text]<br \/>\n<strong><span style=\"font-size: 28px;\">Mode d&#8217;emploi<\/span><\/strong><\/p>\n<p><span style=\"font-weight: 400;\">Lorsque le d\u00e9lai d&#8217;application de la lotion ondulante choisie est \u00e9coul\u00e9, rincer environ 3 minutes \u00e0 l&#8217;eau ti\u00e8de et tamponner les bigoudis. Veiller \u00e0 saturer tous les bigoudis avec le Neutralisant et laisser agir 5 minutes. Apr\u00e8s avoir retir\u00e9 les bigoudis, appliquer de nouveau le neutralisant, en le laissant agir quelques minutes. Rincer soigneusement, effectuer un shampoing l\u00e9ger puis proc\u00e9der au coiffage.<\/span><\/p>\n<p>[\/vc_column_text][\/vc_column_inner][vc_column_inner width=&#8221;1\/2&#8243; css=&#8221;.vc_custom_1582194232021{background-image: url(https:\/\/paulrivera.it\/wp-content\/uploads\/2020\/02\/background_adv_product.png?id=296) !important;background-position: center !important;background-repeat: no-repeat !important;background-size: cover !important;}&#8221; offset=&#8221;vc_hidden-md vc_hidden-sm vc_hidden-xs&#8221;][vc_single_image image=&#8221;9777&#8243; img_size=&#8221;large&#8221; alignment=&#8221;center&#8221;][\/vc_column_inner][\/vc_row_inner][vc_row_inner el_id=&#8221;tablet&#8221;][vc_column_inner offset=&#8221;vc_hidden-lg vc_hidden-xs&#8221;][vc_column_text]<br \/>\n<strong><span style=\"font-size: 28px;\">Les bonnes raisons de l&#8217;aimer<\/span><\/strong><\/p>\n<ul>\n<li><span style=\"font-weight: 400;\">Indispensable pour neutraliser les r\u00e9sidus et stabiliser l&#8217;ondulation<\/span><\/li>\n<li>N&#8217;agresse pas la fibre lors du soin particulier<\/li>\n<li>Formule conditionnante<\/li>\n<\/ul>\n<p>[\/vc_column_text][vc_column_text]<br \/>\n<strong><span style=\"font-size: 28px;\">Les principes actifs de la formule<\/span><\/strong><\/p>\n<ul>\n<li><span style=\"font-weight: 400;\">Prot\u00e9ines de Bl\u00e9 : actifs aux propri\u00e9t\u00e9s cosm\u00e9tiques exceptionnelles, ils hydratent et restructurent les cheveux en douceur, en leur donnant un aspect soyeux et souple \u00e0 la fois.<\/span><\/li>\n<\/ul>\n<p>[\/vc_column_text][vc_column_text]<br \/>\n<strong><span style=\"font-size: 28px;\">Mode d&#8217;emploi<\/span><\/strong><\/p>\n<p><span style=\"font-weight: 400;\">Lorsque le d\u00e9lai d&#8217;application de la lotion ondulante choisie est \u00e9coul\u00e9, rincer environ 3 minutes \u00e0 l&#8217;eau ti\u00e8de et tamponner les bigoudis. Veiller \u00e0 saturer tous les bigoudis avec le Neutralisant et laisser agir 5 minutes. Apr\u00e8s avoir retir\u00e9 les bigoudis, appliquer de nouveau le neutralisant, en le laissant agir quelques minutes. Rincer soigneusement, effectuer un shampoing l\u00e9ger puis proc\u00e9der au coiffage.<\/span><\/p>\n<p>[\/vc_column_text][\/vc_column_inner][\/vc_row_inner][vc_row_inner el_id=&#8221;mobile&#8221;][vc_column_inner width=&#8221;1\/2&#8243; offset=&#8221;vc_hidden-lg vc_hidden-md vc_hidden-sm&#8221;][vc_column_text]<br \/>\n<strong><span style=\"font-size: 28px;\">Les bonnes raisons de l&#8217;aimer<\/span><\/strong><\/p>\n<ul>\n<li><span style=\"font-weight: 400;\">Indispensable pour neutraliser les r\u00e9sidus et stabiliser l&#8217;ondulation<\/span><\/li>\n<li>N&#8217;agresse pas la fibre lors du soin particulier<\/li>\n<li>Formule conditionnante<\/li>\n<\/ul>\n<p>[\/vc_column_text][vc_column_text]<br \/>\n<strong><span style=\"font-size: 28px;\">Les principes actifs de la formule<\/span><\/strong><\/p>\n<ul>\n<li><span style=\"font-weight: 400;\">Prot\u00e9ines de Bl\u00e9 : actifs aux propri\u00e9t\u00e9s cosm\u00e9tiques exceptionnelles, ils hydratent et restructurent les cheveux en douceur, en leur donnant un aspect soyeux et souple \u00e0 la fois.<\/span><\/li>\n<\/ul>\n<p>[\/vc_column_text][vc_column_text]<br \/>\n<strong><span style=\"font-size: 28px;\">Mode d&#8217;emploi<\/span><\/strong><\/p>\n<p><span style=\"font-weight: 400;\">Lorsque le d\u00e9lai d&#8217;application de la lotion ondulante choisie est \u00e9coul\u00e9, rincer environ 3 minutes \u00e0 l&#8217;eau ti\u00e8de et tamponner les bigoudis. Veiller \u00e0 saturer tous les bigoudis avec le Neutralisant et laisser agir 5 minutes. Apr\u00e8s avoir retir\u00e9 les bigoudis, appliquer de nouveau le neutralisant, en le laissant agir quelques minutes. Rincer soigneusement, effectuer un shampoing l\u00e9ger puis proc\u00e9der au coiffage.<\/span><\/p>\n<p>[\/vc_column_text][\/vc_column_inner][vc_column_inner width=&#8221;1\/2&#8243; css=&#8221;.vc_custom_1582194178853{background-image: url(https:\/\/paulrivera.it\/wp-content\/uploads\/2020\/02\/background_adv_product.png?id=296) !important;background-position: center !important;background-repeat: no-repeat !important;background-size: cover !important;}&#8221; offset=&#8221;vc_hidden-lg vc_hidden-md vc_hidden-sm&#8221;][vc_single_image image=&#8221;9777&#8243; img_size=&#8221;large&#8221; alignment=&#8221;center&#8221;][\/vc_column_inner][\/vc_row_inner][\/vc_column][\/vc_row][vc_row css=&#8221;.vc_custom_1582192829011{padding-top: 50px !important;}&#8221;][vc_column][vc_row_inner][vc_column_inner][vc_column_text]<\/p>\n<h1 style=\"text-align: center;\">Vous aimerez aussi<\/h1>\n<p>[\/vc_column_text][\/vc_column_inner][\/vc_row_inner][vc_raw_html]W3dwYi1wcm9kdWN0LXNsaWRlci1zaG9ydGNvZGUgaWQ9IjIwMiJd[\/vc_raw_html][\/vc_column][\/vc_row]<\/p>\n<\/div>","protected":false},"excerpt":{"rendered":"<p><span style=\"font-weight: 400;\">Avec Wavebuild, stabilisez <strong>l&#8217;ondulation et neutralisez les r\u00e9sidus<\/strong> alcalins li\u00e9s aux soins particuliers r\u00e9alis\u00e9s en salon.<strong> Fixe l&#8217;effet de la permanente<\/strong> et donne d\u00e9finition et volume aux cheveux.<\/span><\/p>\n<p><span style=\"font-weight: 400;\">Contient des <strong>prot\u00e9ines de bl\u00e9<\/strong>, qui assurent protection et hydratation, pour un effet conditionnant et protecteur efficace pendant le soin particulier. Le neutralisant doit \u00eatre utilis\u00e9 avec la lotion ondulante pour cheveux naturels et avec la lotion ondulante <strong>Wavebuild<\/strong> pour cheveux color\u00e9s.<\/span><\/p>\n<p><span style=\"font-weight: 400;\">1000 ml<\/span><\/p>\n<p>&nbsp;<\/p>\n[maxbutton id=\"5\"]\n","protected":false},"featured_media":9548,"template":"","meta":[],"product_brand":[],"product_cat":[1311],"product_tag":[],"class_list":{"0":"post-10544","1":"product","2":"type-product","3":"status-publish","4":"has-post-thumbnail","6":"product_cat-wavebuild-lotion-ondulante","7":"description-off","9":"first","10":"instock","11":"shipping-taxable","12":"product-type-simple"},"yoast_head":"<!-- This site is optimized with the Yoast SEO plugin v27.2 - https:\/\/yoast.com\/product\/yoast-seo-wordpress\/ -->\n<title>Wavebuild - Neutralisant Pour Lotions Ondulantes<\/title>\n<meta name=\"description\" content=\"Avec Wavebuild, stabilisez l&#039;ondulation et neutralisez les r\u00e9sidus alcalins li\u00e9s aux soins particuliers r\u00e9alis\u00e9s en salon.\" \/>\n<meta name=\"robots\" content=\"index, follow, max-snippet:-1, max-image-preview:large, max-video-preview:-1\" \/>\n<link rel=\"canonical\" href=\"https:\/\/paulrivera.it\/fr\/prodotti\/produits-techniques\/wavebuild-lotion-ondulante\/wavebuild-neutralisant-pour-lotions-ondulantes\/\" \/>\n<meta property=\"og:locale\" content=\"fr_FR\" \/>\n<meta property=\"og:type\" content=\"article\" \/>\n<meta property=\"og:title\" content=\"Wavebuild - Neutralisant Pour Lotions Ondulantes\" \/>\n<meta property=\"og:description\" content=\"Avec Wavebuild, stabilisez l&#039;ondulation et neutralisez les r\u00e9sidus alcalins li\u00e9s aux soins particuliers r\u00e9alis\u00e9s en salon.\" \/>\n<meta property=\"og:url\" content=\"https:\/\/paulrivera.it\/fr\/prodotti\/produits-techniques\/wavebuild-lotion-ondulante\/wavebuild-neutralisant-pour-lotions-ondulantes\/\" \/>\n<meta property=\"og:site_name\" content=\"Paul Rivera\" \/>\n<meta property=\"article:modified_time\" content=\"2024-05-13T12:58:57+00:00\" \/>\n<meta property=\"og:image\" content=\"https:\/\/paulrivera.it\/wp-content\/uploads\/2020\/02\/604262_paul_rivera_wavebuild_neutralizer_waving_hair_lotion_1000ml.png\" \/>\n\t<meta property=\"og:image:width\" content=\"800\" \/>\n\t<meta property=\"og:image:height\" content=\"800\" \/>\n\t<meta property=\"og:image:type\" content=\"image\/png\" \/>\n<meta name=\"twitter:card\" content=\"summary_large_image\" \/>\n<meta name=\"twitter:label1\" content=\"Est. reading time\" \/>\n\t<meta name=\"twitter:data1\" content=\"3 minutes\" \/>\n<script type=\"application\/ld+json\" class=\"yoast-schema-graph\">{\"@context\":\"https:\/\/schema.org\",\"@graph\":[{\"@type\":\"WebPage\",\"@id\":\"https:\/\/paulrivera.it\/fr\/prodotti\/produits-techniques\/wavebuild-lotion-ondulante\/wavebuild-neutralisant-pour-lotions-ondulantes\/\",\"url\":\"https:\/\/paulrivera.it\/fr\/prodotti\/produits-techniques\/wavebuild-lotion-ondulante\/wavebuild-neutralisant-pour-lotions-ondulantes\/\",\"name\":\"Wavebuild - Neutralisant Pour Lotions Ondulantes\",\"isPartOf\":{\"@id\":\"https:\/\/paulrivera.it\/fr\/#website\"},\"primaryImageOfPage\":{\"@id\":\"https:\/\/paulrivera.it\/fr\/prodotti\/produits-techniques\/wavebuild-lotion-ondulante\/wavebuild-neutralisant-pour-lotions-ondulantes\/#primaryimage\"},\"image\":{\"@id\":\"https:\/\/paulrivera.it\/fr\/prodotti\/produits-techniques\/wavebuild-lotion-ondulante\/wavebuild-neutralisant-pour-lotions-ondulantes\/#primaryimage\"},\"thumbnailUrl\":\"https:\/\/paulrivera.it\/wp-content\/uploads\/2020\/02\/604262_paul_rivera_wavebuild_neutralizer_waving_hair_lotion_1000ml.png\",\"datePublished\":\"2020-02-18T08:26:09+00:00\",\"dateModified\":\"2024-05-13T12:58:57+00:00\",\"description\":\"Avec Wavebuild, stabilisez l'ondulation et neutralisez les r\u00e9sidus alcalins li\u00e9s aux soins particuliers r\u00e9alis\u00e9s en salon.\",\"breadcrumb\":{\"@id\":\"https:\/\/paulrivera.it\/fr\/prodotti\/produits-techniques\/wavebuild-lotion-ondulante\/wavebuild-neutralisant-pour-lotions-ondulantes\/#breadcrumb\"},\"inLanguage\":\"fr-FR\",\"potentialAction\":[{\"@type\":\"ReadAction\",\"target\":[\"https:\/\/paulrivera.it\/fr\/prodotti\/produits-techniques\/wavebuild-lotion-ondulante\/wavebuild-neutralisant-pour-lotions-ondulantes\/\"]}]},{\"@type\":\"ImageObject\",\"inLanguage\":\"fr-FR\",\"@id\":\"https:\/\/paulrivera.it\/fr\/prodotti\/produits-techniques\/wavebuild-lotion-ondulante\/wavebuild-neutralisant-pour-lotions-ondulantes\/#primaryimage\",\"url\":\"https:\/\/paulrivera.it\/wp-content\/uploads\/2020\/02\/604262_paul_rivera_wavebuild_neutralizer_waving_hair_lotion_1000ml.png\",\"contentUrl\":\"https:\/\/paulrivera.it\/wp-content\/uploads\/2020\/02\/604262_paul_rivera_wavebuild_neutralizer_waving_hair_lotion_1000ml.png\",\"width\":800,\"height\":800},{\"@type\":\"BreadcrumbList\",\"@id\":\"https:\/\/paulrivera.it\/fr\/prodotti\/produits-techniques\/wavebuild-lotion-ondulante\/wavebuild-neutralisant-pour-lotions-ondulantes\/#breadcrumb\",\"itemListElement\":[{\"@type\":\"ListItem\",\"position\":1,\"name\":\"Home\",\"item\":\"https:\/\/paulrivera.it\/fr\/\"},{\"@type\":\"ListItem\",\"position\":2,\"name\":\"Pagina shop\",\"item\":\"https:\/\/paulrivera.it\/prodotti\/\"},{\"@type\":\"ListItem\",\"position\":3,\"name\":\"Wavebuild &#8211; Neutralisant Pour Lotions Ondulantes\"}]},{\"@type\":\"WebSite\",\"@id\":\"https:\/\/paulrivera.it\/fr\/#website\",\"url\":\"https:\/\/paulrivera.it\/fr\/\",\"name\":\"Paul Rivera\",\"description\":\"Hair Beauty Celebration\",\"publisher\":{\"@id\":\"https:\/\/paulrivera.it\/fr\/#organization\"},\"potentialAction\":[{\"@type\":\"SearchAction\",\"target\":{\"@type\":\"EntryPoint\",\"urlTemplate\":\"https:\/\/paulrivera.it\/fr\/?s={search_term_string}\"},\"query-input\":{\"@type\":\"PropertyValueSpecification\",\"valueRequired\":true,\"valueName\":\"search_term_string\"}}],\"inLanguage\":\"fr-FR\"},{\"@type\":\"Organization\",\"@id\":\"https:\/\/paulrivera.it\/fr\/#organization\",\"name\":\"Paul Rivera\",\"url\":\"https:\/\/paulrivera.it\/fr\/\",\"logo\":{\"@type\":\"ImageObject\",\"inLanguage\":\"fr-FR\",\"@id\":\"https:\/\/paulrivera.it\/fr\/#\/schema\/logo\/image\/\",\"url\":\"https:\/\/paulrivera.it\/wp-content\/uploads\/2020\/02\/paul_rivera_logo_header_x2.png\",\"contentUrl\":\"https:\/\/paulrivera.it\/wp-content\/uploads\/2020\/02\/paul_rivera_logo_header_x2.png\",\"width\":470,\"height\":60,\"caption\":\"Paul Rivera\"},\"image\":{\"@id\":\"https:\/\/paulrivera.it\/fr\/#\/schema\/logo\/image\/\"}}]}<\/script>\n<!-- \/ Yoast SEO plugin. -->","yoast_head_json":{"title":"Wavebuild - Neutralisant Pour Lotions Ondulantes","description":"Avec Wavebuild, stabilisez l'ondulation et neutralisez les r\u00e9sidus alcalins li\u00e9s aux soins particuliers r\u00e9alis\u00e9s en salon.","robots":{"index":"index","follow":"follow","max-snippet":"max-snippet:-1","max-image-preview":"max-image-preview:large","max-video-preview":"max-video-preview:-1"},"canonical":"https:\/\/paulrivera.it\/fr\/prodotti\/produits-techniques\/wavebuild-lotion-ondulante\/wavebuild-neutralisant-pour-lotions-ondulantes\/","og_locale":"fr_FR","og_type":"article","og_title":"Wavebuild - Neutralisant Pour Lotions Ondulantes","og_description":"Avec Wavebuild, stabilisez l'ondulation et neutralisez les r\u00e9sidus alcalins li\u00e9s aux soins particuliers r\u00e9alis\u00e9s en salon.","og_url":"https:\/\/paulrivera.it\/fr\/prodotti\/produits-techniques\/wavebuild-lotion-ondulante\/wavebuild-neutralisant-pour-lotions-ondulantes\/","og_site_name":"Paul Rivera","article_modified_time":"2024-05-13T12:58:57+00:00","og_image":[{"width":800,"height":800,"url":"https:\/\/paulrivera.it\/wp-content\/uploads\/2020\/02\/604262_paul_rivera_wavebuild_neutralizer_waving_hair_lotion_1000ml.png","type":"image\/png"}],"twitter_card":"summary_large_image","twitter_misc":{"Est. reading time":"3 minutes"},"schema":{"@context":"https:\/\/schema.org","@graph":[{"@type":"WebPage","@id":"https:\/\/paulrivera.it\/fr\/prodotti\/produits-techniques\/wavebuild-lotion-ondulante\/wavebuild-neutralisant-pour-lotions-ondulantes\/","url":"https:\/\/paulrivera.it\/fr\/prodotti\/produits-techniques\/wavebuild-lotion-ondulante\/wavebuild-neutralisant-pour-lotions-ondulantes\/","name":"Wavebuild - Neutralisant Pour Lotions Ondulantes","isPartOf":{"@id":"https:\/\/paulrivera.it\/fr\/#website"},"primaryImageOfPage":{"@id":"https:\/\/paulrivera.it\/fr\/prodotti\/produits-techniques\/wavebuild-lotion-ondulante\/wavebuild-neutralisant-pour-lotions-ondulantes\/#primaryimage"},"image":{"@id":"https:\/\/paulrivera.it\/fr\/prodotti\/produits-techniques\/wavebuild-lotion-ondulante\/wavebuild-neutralisant-pour-lotions-ondulantes\/#primaryimage"},"thumbnailUrl":"https:\/\/paulrivera.it\/wp-content\/uploads\/2020\/02\/604262_paul_rivera_wavebuild_neutralizer_waving_hair_lotion_1000ml.png","datePublished":"2020-02-18T08:26:09+00:00","dateModified":"2024-05-13T12:58:57+00:00","description":"Avec Wavebuild, stabilisez l'ondulation et neutralisez les r\u00e9sidus alcalins li\u00e9s aux soins particuliers r\u00e9alis\u00e9s en salon.","breadcrumb":{"@id":"https:\/\/paulrivera.it\/fr\/prodotti\/produits-techniques\/wavebuild-lotion-ondulante\/wavebuild-neutralisant-pour-lotions-ondulantes\/#breadcrumb"},"inLanguage":"fr-FR","potentialAction":[{"@type":"ReadAction","target":["https:\/\/paulrivera.it\/fr\/prodotti\/produits-techniques\/wavebuild-lotion-ondulante\/wavebuild-neutralisant-pour-lotions-ondulantes\/"]}]},{"@type":"ImageObject","inLanguage":"fr-FR","@id":"https:\/\/paulrivera.it\/fr\/prodotti\/produits-techniques\/wavebuild-lotion-ondulante\/wavebuild-neutralisant-pour-lotions-ondulantes\/#primaryimage","url":"https:\/\/paulrivera.it\/wp-content\/uploads\/2020\/02\/604262_paul_rivera_wavebuild_neutralizer_waving_hair_lotion_1000ml.png","contentUrl":"https:\/\/paulrivera.it\/wp-content\/uploads\/2020\/02\/604262_paul_rivera_wavebuild_neutralizer_waving_hair_lotion_1000ml.png","width":800,"height":800},{"@type":"BreadcrumbList","@id":"https:\/\/paulrivera.it\/fr\/prodotti\/produits-techniques\/wavebuild-lotion-ondulante\/wavebuild-neutralisant-pour-lotions-ondulantes\/#breadcrumb","itemListElement":[{"@type":"ListItem","position":1,"name":"Home","item":"https:\/\/paulrivera.it\/fr\/"},{"@type":"ListItem","position":2,"name":"Pagina shop","item":"https:\/\/paulrivera.it\/prodotti\/"},{"@type":"ListItem","position":3,"name":"Wavebuild &#8211; Neutralisant Pour Lotions Ondulantes"}]},{"@type":"WebSite","@id":"https:\/\/paulrivera.it\/fr\/#website","url":"https:\/\/paulrivera.it\/fr\/","name":"Paul Rivera","description":"Hair Beauty Celebration","publisher":{"@id":"https:\/\/paulrivera.it\/fr\/#organization"},"potentialAction":[{"@type":"SearchAction","target":{"@type":"EntryPoint","urlTemplate":"https:\/\/paulrivera.it\/fr\/?s={search_term_string}"},"query-input":{"@type":"PropertyValueSpecification","valueRequired":true,"valueName":"search_term_string"}}],"inLanguage":"fr-FR"},{"@type":"Organization","@id":"https:\/\/paulrivera.it\/fr\/#organization","name":"Paul Rivera","url":"https:\/\/paulrivera.it\/fr\/","logo":{"@type":"ImageObject","inLanguage":"fr-FR","@id":"https:\/\/paulrivera.it\/fr\/#\/schema\/logo\/image\/","url":"https:\/\/paulrivera.it\/wp-content\/uploads\/2020\/02\/paul_rivera_logo_header_x2.png","contentUrl":"https:\/\/paulrivera.it\/wp-content\/uploads\/2020\/02\/paul_rivera_logo_header_x2.png","width":470,"height":60,"caption":"Paul Rivera"},"image":{"@id":"https:\/\/paulrivera.it\/fr\/#\/schema\/logo\/image\/"}}]}},"_links":{"self":[{"href":"https:\/\/paulrivera.it\/fr\/wp-json\/wp\/v2\/product\/10544","targetHints":{"allow":["GET"]}}],"collection":[{"href":"https:\/\/paulrivera.it\/fr\/wp-json\/wp\/v2\/product"}],"about":[{"href":"https:\/\/paulrivera.it\/fr\/wp-json\/wp\/v2\/types\/product"}],"wp:featuredmedia":[{"embeddable":true,"href":"https:\/\/paulrivera.it\/fr\/wp-json\/wp\/v2\/media\/9548"}],"wp:attachment":[{"href":"https:\/\/paulrivera.it\/fr\/wp-json\/wp\/v2\/media?parent=10544"}],"wp:term":[{"taxonomy":"product_brand","embeddable":true,"href":"https:\/\/paulrivera.it\/fr\/wp-json\/wp\/v2\/product_brand?post=10544"},{"taxonomy":"product_cat","embeddable":true,"href":"https:\/\/paulrivera.it\/fr\/wp-json\/wp\/v2\/product_cat?post=10544"},{"taxonomy":"product_tag","embeddable":true,"href":"https:\/\/paulrivera.it\/fr\/wp-json\/wp\/v2\/product_tag?post=10544"}],"curies":[{"name":"wp","href":"https:\/\/api.w.org\/{rel}","templated":true}]}}