{"id":10545,"date":"2020-02-18T09:38:40","date_gmt":"2020-02-18T08:38:40","guid":{"rendered":"https:\/\/paulrivera.it\/product\/fabulous-spray-instantane-10-en-1\/"},"modified":"2024-05-13T14:51:15","modified_gmt":"2024-05-13T12:51:15","slug":"fabulous-spray-instantane-10-en-1","status":"publish","type":"product","link":"https:\/\/paulrivera.it\/fr\/prodotti\/finish-styling-fr\/fabulous-spray-instantane-10-en-1\/","title":{"rendered":"Fabulous &#8211; Spray Instantan\u00e9 10 En 1"},"content":{"rendered":"<div class=\"wpb-content-wrapper\"><p>[vc_row full_width=&#8221;stretch_row&#8221;][vc_column][vc_row_inner el_id=&#8221;desktop&#8221;][vc_column_inner width=&#8221;1\/2&#8243; css=&#8221;.vc_custom_1582194227194{padding-top: 10% !important;padding-right: 10% !important;padding-bottom: 10% !important;padding-left: 30% !important;}&#8221; offset=&#8221;vc_hidden-md vc_hidden-sm vc_hidden-xs&#8221;][vc_column_text]<br \/>\n<strong><span style=\"font-size: 28px;\">Les bonnes raisons de l&#8217;aimer<\/span><\/strong><\/p>\n<ul>\n<li><span style=\"font-weight: 400;\">D\u00e9m\u00ealant<\/span><\/li>\n<li>Donne du volume<\/li>\n<li>Illumine<\/li>\n<li>R\u00e9g\u00e9n\u00e8re<\/li>\n<li>Hydrate<\/li>\n<li>Combat les pointes fourchues<\/li>\n<li>Action anti-frisottis<\/li>\n<li>Prot\u00e8ge la couleur<\/li>\n<li>Simplifie le s\u00e9chage<\/li>\n<li>Thermoprotecteur<\/li>\n<\/ul>\n<p>[\/vc_column_text][vc_column_text]<br \/>\n<strong><span style=\"font-size: 28px;\">Les principes actifs de la formule<\/span><\/strong><\/p>\n<ul>\n<li><span style=\"font-weight: 400;\">Extraits de sureau : excellente source de flavono\u00efdes, de vitamine E et C, le sureau est un antioxydant naturel qui poss\u00e8de des propri\u00e9t\u00e9s r\u00e9g\u00e9n\u00e9rantes et nutritives reconnues.<\/span><\/li>\n<li><span style=\"font-weight: 400;\">Orchid\u00e9e : ses incroyables propri\u00e9t\u00e9s adoucissantes donnent de la douceur aux cheveux, en r\u00e9parant les pointes fourchues et en les renfor\u00e7ant en profondeur.<\/span><\/li>\n<\/ul>\n<p>[\/vc_column_text][vc_column_text]<br \/>\n<strong><span style=\"font-size: 28px;\">Mode d&#8217;emploi<\/span><\/strong><\/p>\n<p><span style=\"font-weight: 400;\">Vaporiser le spray 10 en 1 sur cheveux humides et proc\u00e9der au coiffage souhait\u00e9. Ne pas rincer.<\/span>[\/vc_column_text][\/vc_column_inner][vc_column_inner width=&#8221;1\/2&#8243; css=&#8221;.vc_custom_1582893559078{background-image: url(https:\/\/paulrivera.it\/wp-content\/uploads\/2020\/02\/background_adv_produc_fabolous.png?id=917) !important;background-position: center !important;background-repeat: no-repeat !important;background-size: cover !important;}&#8221; offset=&#8221;vc_hidden-md vc_hidden-sm vc_hidden-xs&#8221;][vc_single_image image=&#8221;9806&#8243; img_size=&#8221;large&#8221; alignment=&#8221;center&#8221;][\/vc_column_inner][\/vc_row_inner][vc_row_inner el_id=&#8221;tablet&#8221;][vc_column_inner offset=&#8221;vc_hidden-lg vc_hidden-xs&#8221;][vc_column_text]<br \/>\n<strong><span style=\"font-size: 28px;\">Les bonnes raisons de l&#8217;aimer<\/span><\/strong><\/p>\n<ul>\n<li><span style=\"font-weight: 400;\">D\u00e9m\u00ealant<\/span><\/li>\n<li>Donne du volume<\/li>\n<li>Illumine<\/li>\n<li>R\u00e9g\u00e9n\u00e8re<\/li>\n<li>Hydrate<\/li>\n<li>Combat les pointes fourchues<\/li>\n<li>Action anti-frisottis<\/li>\n<li>Prot\u00e8ge la couleur<\/li>\n<li>Simplifie le s\u00e9chage<\/li>\n<li>Thermoprotecteur<\/li>\n<\/ul>\n<p>[\/vc_column_text][vc_column_text]<br \/>\n<strong><span style=\"font-size: 28px;\">Les principes actifs de la formule<\/span><\/strong><\/p>\n<ul>\n<li><span style=\"font-weight: 400;\">Extraits de sureau : excellente source de flavono\u00efdes, de vitamine E et C, le sureau est un antioxydant naturel qui poss\u00e8de des propri\u00e9t\u00e9s r\u00e9g\u00e9n\u00e9rantes et nutritives reconnues.<\/span><\/li>\n<li><span style=\"font-weight: 400;\">Orchid\u00e9e : ses incroyables propri\u00e9t\u00e9s adoucissantes donnent de la douceur aux cheveux, en r\u00e9parant les pointes fourchues et en les renfor\u00e7ant en profondeur.<\/span><\/li>\n<\/ul>\n<p>[\/vc_column_text][vc_column_text]<br \/>\n<strong><span style=\"font-size: 28px;\">Mode d&#8217;emploi<\/span><\/strong><\/p>\n<p><span style=\"font-weight: 400;\">Vaporiser le spray 10 en 1 sur cheveux humides et proc\u00e9der au coiffage souhait\u00e9. Ne pas rincer.<\/span>[\/vc_column_text][\/vc_column_inner][\/vc_row_inner][vc_row_inner el_id=&#8221;mobile&#8221;][vc_column_inner width=&#8221;1\/2&#8243; offset=&#8221;vc_hidden-lg vc_hidden-md vc_hidden-sm&#8221;][vc_column_text]<br \/>\n<strong><span style=\"font-size: 28px;\">Les bonnes raisons de l&#8217;aimer<\/span><\/strong><\/p>\n<ul>\n<li><span style=\"font-weight: 400;\">D\u00e9m\u00ealant<\/span><\/li>\n<li>Donne du volume<\/li>\n<li>Illumine<\/li>\n<li>R\u00e9g\u00e9n\u00e8re<\/li>\n<li>Hydrate<\/li>\n<li>Combat les pointes fourchues<\/li>\n<li>Action anti-frisottis<\/li>\n<li>Prot\u00e8ge la couleur<\/li>\n<li>Simplifie le s\u00e9chage<\/li>\n<li>Thermoprotecteur<\/li>\n<\/ul>\n<p>[\/vc_column_text][vc_column_text]<br \/>\n<strong><span style=\"font-size: 28px;\">Les principes actifs de la formule<\/span><\/strong><\/p>\n<ul>\n<li><span style=\"font-weight: 400;\">Extraits de sureau : excellente source de flavono\u00efdes, de vitamine E et C, le sureau est un antioxydant naturel qui poss\u00e8de des propri\u00e9t\u00e9s r\u00e9g\u00e9n\u00e9rantes et nutritives reconnues.<\/span><\/li>\n<li><span style=\"font-weight: 400;\">Orchid\u00e9e : ses incroyables propri\u00e9t\u00e9s adoucissantes donnent de la douceur aux cheveux, en r\u00e9parant les pointes fourchues et en les renfor\u00e7ant en profondeur.<\/span><\/li>\n<\/ul>\n<p>[\/vc_column_text][vc_column_text]<br \/>\n<strong><span style=\"font-size: 28px;\">Mode d&#8217;emploi<\/span><\/strong><\/p>\n<p><span style=\"font-weight: 400;\">Vaporiser le spray 10 en 1 sur cheveux humides et proc\u00e9der au coiffage souhait\u00e9. Ne pas rincer.<\/span>[\/vc_column_text][\/vc_column_inner][vc_column_inner width=&#8221;1\/2&#8243; css=&#8221;.vc_custom_1582893578889{background-position: center !important;background-repeat: no-repeat !important;background-size: cover !important;}&#8221; offset=&#8221;vc_hidden-lg vc_hidden-md vc_hidden-sm&#8221;][vc_single_image image=&#8221;9806&#8243; img_size=&#8221;large&#8221; alignment=&#8221;center&#8221;][\/vc_column_inner][\/vc_row_inner][\/vc_column][\/vc_row][vc_row css=&#8221;.vc_custom_1582192829011{padding-top: 50px !important;}&#8221;][vc_column][vc_row_inner][vc_column_inner][vc_column_text]<\/p>\n<h1 style=\"text-align: center;\">Vous aimerez aussi<\/h1>\n<p>[\/vc_column_text][\/vc_column_inner][\/vc_row_inner][vc_raw_html]W3dwYi1wcm9kdWN0LXNsaWRlci1zaG9ydGNvZGUgaWQ9IjE5NCJd[\/vc_raw_html][\/vc_column][\/vc_row]<\/p>\n<\/div>","protected":false},"excerpt":{"rendered":"<p><span style=\"font-weight: 400;\"><strong>Fabulous est un spray \u00e0 action instantan\u00e9e aux 10 effets<\/strong> : con\u00e7u pour sublimer la beaut\u00e9 des cheveux jour apr\u00e8s jour, il a \u00e9t\u00e9 formul\u00e9 \u00e0 partir d&#8217;<strong>extraits de sureau et d&#8217;orchid\u00e9e<\/strong>.<\/span><\/p>\n<p><span style=\"font-weight: 400;\">Gr\u00e2ce \u00e0 sa technologie intensive <strong>sans rin\u00e7age<\/strong>, il est id\u00e9al lorsqu&#8217;on est toujours press\u00e9, mais que l&#8217;on ne souhaite pas pour autant sacrifier la beaut\u00e9 et le bien-\u00eatre de ses cheveux. R\u00e9g\u00e9n\u00e8re, hydrate, discipline, illumine et prot\u00e8ge sans alourdir : un <strong>soin complet<\/strong> pour tous types de cheveux dans un produit multi-actif in\u00e9dit.<\/span><\/p>\n<p><span style=\"font-weight: 400;\">200 ml<\/span><\/p>\n<p>&nbsp;<\/p>\n[maxbutton id=\"5\"]\n","protected":false},"featured_media":9563,"template":"","meta":[],"product_brand":[],"product_cat":[1306],"product_tag":[],"class_list":{"0":"post-10545","1":"product","2":"type-product","3":"status-publish","4":"has-post-thumbnail","6":"product_cat-finish-styling-fr","7":"description-off","9":"first","10":"instock","11":"shipping-taxable","12":"product-type-simple"},"yoast_head":"<!-- This site is optimized with the Yoast SEO plugin v27.2 - https:\/\/yoast.com\/product\/yoast-seo-wordpress\/ -->\n<title>Fabulous - Spray Instantan\u00e9 10 En 1<\/title>\n<meta name=\"description\" content=\"Fabulous est un spray \u00e0 action instantan\u00e9e aux 10 effets : con\u00e7u pour sublimer la beaut\u00e9 des cheveux jour apr\u00e8s jour, il a \u00e9t\u00e9 formul\u00e9 \u00e0 partir d&#039;extraits de sureau et d&#039;orchid\u00e9e.\" \/>\n<meta name=\"robots\" content=\"index, follow, max-snippet:-1, max-image-preview:large, max-video-preview:-1\" \/>\n<link rel=\"canonical\" href=\"https:\/\/paulrivera.it\/fr\/prodotti\/finish-styling-fr\/fabulous-spray-instantane-10-en-1\/\" \/>\n<meta property=\"og:locale\" content=\"fr_FR\" \/>\n<meta property=\"og:type\" content=\"article\" \/>\n<meta property=\"og:title\" content=\"Fabulous - Spray Instantan\u00e9 10 En 1\" \/>\n<meta property=\"og:description\" content=\"Fabulous est un spray \u00e0 action instantan\u00e9e aux 10 effets : con\u00e7u pour sublimer la beaut\u00e9 des cheveux jour apr\u00e8s jour, il a \u00e9t\u00e9 formul\u00e9 \u00e0 partir d&#039;extraits de sureau et d&#039;orchid\u00e9e.\" \/>\n<meta property=\"og:url\" content=\"https:\/\/paulrivera.it\/fr\/prodotti\/finish-styling-fr\/fabulous-spray-instantane-10-en-1\/\" \/>\n<meta property=\"og:site_name\" content=\"Paul Rivera\" \/>\n<meta property=\"article:modified_time\" content=\"2024-05-13T12:51:15+00:00\" \/>\n<meta property=\"og:image\" content=\"https:\/\/paulrivera.it\/wp-content\/uploads\/2020\/02\/606099_paul_rivera_fabulous_instant_spray_10_in_1_200ml.png\" \/>\n\t<meta property=\"og:image:width\" content=\"800\" \/>\n\t<meta property=\"og:image:height\" content=\"800\" \/>\n\t<meta property=\"og:image:type\" content=\"image\/png\" \/>\n<meta name=\"twitter:card\" content=\"summary_large_image\" \/>\n<meta name=\"twitter:label1\" content=\"Est. reading time\" \/>\n\t<meta name=\"twitter:data1\" content=\"3 minutes\" \/>\n<script type=\"application\/ld+json\" class=\"yoast-schema-graph\">{\"@context\":\"https:\/\/schema.org\",\"@graph\":[{\"@type\":\"WebPage\",\"@id\":\"https:\/\/paulrivera.it\/fr\/prodotti\/finish-styling-fr\/fabulous-spray-instantane-10-en-1\/\",\"url\":\"https:\/\/paulrivera.it\/fr\/prodotti\/finish-styling-fr\/fabulous-spray-instantane-10-en-1\/\",\"name\":\"Fabulous - Spray Instantan\u00e9 10 En 1\",\"isPartOf\":{\"@id\":\"https:\/\/paulrivera.it\/fr\/#website\"},\"primaryImageOfPage\":{\"@id\":\"https:\/\/paulrivera.it\/fr\/prodotti\/finish-styling-fr\/fabulous-spray-instantane-10-en-1\/#primaryimage\"},\"image\":{\"@id\":\"https:\/\/paulrivera.it\/fr\/prodotti\/finish-styling-fr\/fabulous-spray-instantane-10-en-1\/#primaryimage\"},\"thumbnailUrl\":\"https:\/\/paulrivera.it\/wp-content\/uploads\/2020\/02\/606099_paul_rivera_fabulous_instant_spray_10_in_1_200ml.png\",\"datePublished\":\"2020-02-18T08:38:40+00:00\",\"dateModified\":\"2024-05-13T12:51:15+00:00\",\"description\":\"Fabulous est un spray \u00e0 action instantan\u00e9e aux 10 effets : con\u00e7u pour sublimer la beaut\u00e9 des cheveux jour apr\u00e8s jour, il a \u00e9t\u00e9 formul\u00e9 \u00e0 partir d'extraits de sureau et d'orchid\u00e9e.\",\"breadcrumb\":{\"@id\":\"https:\/\/paulrivera.it\/fr\/prodotti\/finish-styling-fr\/fabulous-spray-instantane-10-en-1\/#breadcrumb\"},\"inLanguage\":\"fr-FR\",\"potentialAction\":[{\"@type\":\"ReadAction\",\"target\":[\"https:\/\/paulrivera.it\/fr\/prodotti\/finish-styling-fr\/fabulous-spray-instantane-10-en-1\/\"]}]},{\"@type\":\"ImageObject\",\"inLanguage\":\"fr-FR\",\"@id\":\"https:\/\/paulrivera.it\/fr\/prodotti\/finish-styling-fr\/fabulous-spray-instantane-10-en-1\/#primaryimage\",\"url\":\"https:\/\/paulrivera.it\/wp-content\/uploads\/2020\/02\/606099_paul_rivera_fabulous_instant_spray_10_in_1_200ml.png\",\"contentUrl\":\"https:\/\/paulrivera.it\/wp-content\/uploads\/2020\/02\/606099_paul_rivera_fabulous_instant_spray_10_in_1_200ml.png\",\"width\":800,\"height\":800},{\"@type\":\"BreadcrumbList\",\"@id\":\"https:\/\/paulrivera.it\/fr\/prodotti\/finish-styling-fr\/fabulous-spray-instantane-10-en-1\/#breadcrumb\",\"itemListElement\":[{\"@type\":\"ListItem\",\"position\":1,\"name\":\"Home\",\"item\":\"https:\/\/paulrivera.it\/fr\/\"},{\"@type\":\"ListItem\",\"position\":2,\"name\":\"Pagina shop\",\"item\":\"https:\/\/paulrivera.it\/prodotti\/\"},{\"@type\":\"ListItem\",\"position\":3,\"name\":\"Fabulous &#8211; Spray Instantan\u00e9 10 En 1\"}]},{\"@type\":\"WebSite\",\"@id\":\"https:\/\/paulrivera.it\/fr\/#website\",\"url\":\"https:\/\/paulrivera.it\/fr\/\",\"name\":\"Paul Rivera\",\"description\":\"Hair Beauty Celebration\",\"publisher\":{\"@id\":\"https:\/\/paulrivera.it\/fr\/#organization\"},\"potentialAction\":[{\"@type\":\"SearchAction\",\"target\":{\"@type\":\"EntryPoint\",\"urlTemplate\":\"https:\/\/paulrivera.it\/fr\/?s={search_term_string}\"},\"query-input\":{\"@type\":\"PropertyValueSpecification\",\"valueRequired\":true,\"valueName\":\"search_term_string\"}}],\"inLanguage\":\"fr-FR\"},{\"@type\":\"Organization\",\"@id\":\"https:\/\/paulrivera.it\/fr\/#organization\",\"name\":\"Paul Rivera\",\"url\":\"https:\/\/paulrivera.it\/fr\/\",\"logo\":{\"@type\":\"ImageObject\",\"inLanguage\":\"fr-FR\",\"@id\":\"https:\/\/paulrivera.it\/fr\/#\/schema\/logo\/image\/\",\"url\":\"https:\/\/paulrivera.it\/wp-content\/uploads\/2020\/02\/paul_rivera_logo_header_x2.png\",\"contentUrl\":\"https:\/\/paulrivera.it\/wp-content\/uploads\/2020\/02\/paul_rivera_logo_header_x2.png\",\"width\":470,\"height\":60,\"caption\":\"Paul Rivera\"},\"image\":{\"@id\":\"https:\/\/paulrivera.it\/fr\/#\/schema\/logo\/image\/\"}}]}<\/script>\n<!-- \/ Yoast SEO plugin. -->","yoast_head_json":{"title":"Fabulous - Spray Instantan\u00e9 10 En 1","description":"Fabulous est un spray \u00e0 action instantan\u00e9e aux 10 effets : con\u00e7u pour sublimer la beaut\u00e9 des cheveux jour apr\u00e8s jour, il a \u00e9t\u00e9 formul\u00e9 \u00e0 partir d'extraits de sureau et d'orchid\u00e9e.","robots":{"index":"index","follow":"follow","max-snippet":"max-snippet:-1","max-image-preview":"max-image-preview:large","max-video-preview":"max-video-preview:-1"},"canonical":"https:\/\/paulrivera.it\/fr\/prodotti\/finish-styling-fr\/fabulous-spray-instantane-10-en-1\/","og_locale":"fr_FR","og_type":"article","og_title":"Fabulous - Spray Instantan\u00e9 10 En 1","og_description":"Fabulous est un spray \u00e0 action instantan\u00e9e aux 10 effets : con\u00e7u pour sublimer la beaut\u00e9 des cheveux jour apr\u00e8s jour, il a \u00e9t\u00e9 formul\u00e9 \u00e0 partir d'extraits de sureau et d'orchid\u00e9e.","og_url":"https:\/\/paulrivera.it\/fr\/prodotti\/finish-styling-fr\/fabulous-spray-instantane-10-en-1\/","og_site_name":"Paul Rivera","article_modified_time":"2024-05-13T12:51:15+00:00","og_image":[{"width":800,"height":800,"url":"https:\/\/paulrivera.it\/wp-content\/uploads\/2020\/02\/606099_paul_rivera_fabulous_instant_spray_10_in_1_200ml.png","type":"image\/png"}],"twitter_card":"summary_large_image","twitter_misc":{"Est. reading time":"3 minutes"},"schema":{"@context":"https:\/\/schema.org","@graph":[{"@type":"WebPage","@id":"https:\/\/paulrivera.it\/fr\/prodotti\/finish-styling-fr\/fabulous-spray-instantane-10-en-1\/","url":"https:\/\/paulrivera.it\/fr\/prodotti\/finish-styling-fr\/fabulous-spray-instantane-10-en-1\/","name":"Fabulous - Spray Instantan\u00e9 10 En 1","isPartOf":{"@id":"https:\/\/paulrivera.it\/fr\/#website"},"primaryImageOfPage":{"@id":"https:\/\/paulrivera.it\/fr\/prodotti\/finish-styling-fr\/fabulous-spray-instantane-10-en-1\/#primaryimage"},"image":{"@id":"https:\/\/paulrivera.it\/fr\/prodotti\/finish-styling-fr\/fabulous-spray-instantane-10-en-1\/#primaryimage"},"thumbnailUrl":"https:\/\/paulrivera.it\/wp-content\/uploads\/2020\/02\/606099_paul_rivera_fabulous_instant_spray_10_in_1_200ml.png","datePublished":"2020-02-18T08:38:40+00:00","dateModified":"2024-05-13T12:51:15+00:00","description":"Fabulous est un spray \u00e0 action instantan\u00e9e aux 10 effets : con\u00e7u pour sublimer la beaut\u00e9 des cheveux jour apr\u00e8s jour, il a \u00e9t\u00e9 formul\u00e9 \u00e0 partir d'extraits de sureau et d'orchid\u00e9e.","breadcrumb":{"@id":"https:\/\/paulrivera.it\/fr\/prodotti\/finish-styling-fr\/fabulous-spray-instantane-10-en-1\/#breadcrumb"},"inLanguage":"fr-FR","potentialAction":[{"@type":"ReadAction","target":["https:\/\/paulrivera.it\/fr\/prodotti\/finish-styling-fr\/fabulous-spray-instantane-10-en-1\/"]}]},{"@type":"ImageObject","inLanguage":"fr-FR","@id":"https:\/\/paulrivera.it\/fr\/prodotti\/finish-styling-fr\/fabulous-spray-instantane-10-en-1\/#primaryimage","url":"https:\/\/paulrivera.it\/wp-content\/uploads\/2020\/02\/606099_paul_rivera_fabulous_instant_spray_10_in_1_200ml.png","contentUrl":"https:\/\/paulrivera.it\/wp-content\/uploads\/2020\/02\/606099_paul_rivera_fabulous_instant_spray_10_in_1_200ml.png","width":800,"height":800},{"@type":"BreadcrumbList","@id":"https:\/\/paulrivera.it\/fr\/prodotti\/finish-styling-fr\/fabulous-spray-instantane-10-en-1\/#breadcrumb","itemListElement":[{"@type":"ListItem","position":1,"name":"Home","item":"https:\/\/paulrivera.it\/fr\/"},{"@type":"ListItem","position":2,"name":"Pagina shop","item":"https:\/\/paulrivera.it\/prodotti\/"},{"@type":"ListItem","position":3,"name":"Fabulous &#8211; Spray Instantan\u00e9 10 En 1"}]},{"@type":"WebSite","@id":"https:\/\/paulrivera.it\/fr\/#website","url":"https:\/\/paulrivera.it\/fr\/","name":"Paul Rivera","description":"Hair Beauty Celebration","publisher":{"@id":"https:\/\/paulrivera.it\/fr\/#organization"},"potentialAction":[{"@type":"SearchAction","target":{"@type":"EntryPoint","urlTemplate":"https:\/\/paulrivera.it\/fr\/?s={search_term_string}"},"query-input":{"@type":"PropertyValueSpecification","valueRequired":true,"valueName":"search_term_string"}}],"inLanguage":"fr-FR"},{"@type":"Organization","@id":"https:\/\/paulrivera.it\/fr\/#organization","name":"Paul Rivera","url":"https:\/\/paulrivera.it\/fr\/","logo":{"@type":"ImageObject","inLanguage":"fr-FR","@id":"https:\/\/paulrivera.it\/fr\/#\/schema\/logo\/image\/","url":"https:\/\/paulrivera.it\/wp-content\/uploads\/2020\/02\/paul_rivera_logo_header_x2.png","contentUrl":"https:\/\/paulrivera.it\/wp-content\/uploads\/2020\/02\/paul_rivera_logo_header_x2.png","width":470,"height":60,"caption":"Paul Rivera"},"image":{"@id":"https:\/\/paulrivera.it\/fr\/#\/schema\/logo\/image\/"}}]}},"_links":{"self":[{"href":"https:\/\/paulrivera.it\/fr\/wp-json\/wp\/v2\/product\/10545","targetHints":{"allow":["GET"]}}],"collection":[{"href":"https:\/\/paulrivera.it\/fr\/wp-json\/wp\/v2\/product"}],"about":[{"href":"https:\/\/paulrivera.it\/fr\/wp-json\/wp\/v2\/types\/product"}],"wp:featuredmedia":[{"embeddable":true,"href":"https:\/\/paulrivera.it\/fr\/wp-json\/wp\/v2\/media\/9563"}],"wp:attachment":[{"href":"https:\/\/paulrivera.it\/fr\/wp-json\/wp\/v2\/media?parent=10545"}],"wp:term":[{"taxonomy":"product_brand","embeddable":true,"href":"https:\/\/paulrivera.it\/fr\/wp-json\/wp\/v2\/product_brand?post=10545"},{"taxonomy":"product_cat","embeddable":true,"href":"https:\/\/paulrivera.it\/fr\/wp-json\/wp\/v2\/product_cat?post=10545"},{"taxonomy":"product_tag","embeddable":true,"href":"https:\/\/paulrivera.it\/fr\/wp-json\/wp\/v2\/product_tag?post=10545"}],"curies":[{"name":"wp","href":"https:\/\/api.w.org\/{rel}","templated":true}]}}