{"id":10550,"date":"2022-12-05T17:28:07","date_gmt":"2022-12-05T16:28:07","guid":{"rendered":"https:\/\/paulrivera.it\/product\/full-up-creme-douce-et-fibreuse\/"},"modified":"2024-05-13T14:19:55","modified_gmt":"2024-05-13T12:19:55","slug":"full-up-creme-douce-et-fibreuse","status":"publish","type":"product","link":"https:\/\/paulrivera.it\/fr\/prodotti\/finish-styling-fr\/full-up-creme-douce-et-fibreuse\/","title":{"rendered":"Full Up &#8211; Cr\u00e8me Douce Et Fibreuse"},"content":{"rendered":"<div class=\"wpb-content-wrapper\"><p>[vc_row full_width=&#8221;stretch_row&#8221;][vc_column][vc_row_inner el_id=&#8221;desktop&#8221;][vc_column_inner width=&#8221;1\/2&#8243; css=&#8221;.vc_custom_1582194227194{padding-top: 10% !important;padding-right: 10% !important;padding-bottom: 10% !important;padding-left: 30% !important;}&#8221; offset=&#8221;vc_hidden-md vc_hidden-sm vc_hidden-xs&#8221;][vc_column_text]<br \/>\n<strong><span style=\"font-size: 28px;\">Les bonnes raisons de l&#8217;aimer<\/span><\/strong><\/p>\n<ul>\n<li><span style=\"font-weight: 400;\">Finition lumineuse au coiffage<\/span><\/li>\n<li>Am\u00e9liore l&#8217;\u00e9clat naturel des cheveux<\/li>\n<li>Donne au coiffage une tenue longue dur\u00e9e<\/li>\n<li>Ne graisse pas et n&#8217;alourdit pas les cheveux.<\/li>\n<\/ul>\n<p>[\/vc_column_text][vc_column_text]<br \/>\n<strong><span style=\"font-size: 28px;\">Mode d&#8217;emploi<\/span><\/strong><\/p>\n<p><span style=\"font-weight: 400;\">Appliquer la cire avec les mains sur cheveux humides ou secs, en modelant selon ses envies.<\/span>[\/vc_column_text][\/vc_column_inner][vc_column_inner width=&#8221;1\/2&#8243; css=&#8221;.vc_custom_1670257796843{background-image: url(https:\/\/paulrivera.it\/wp-content\/uploads\/2022\/12\/background_adv_produc_full_up.png?id=5255) !important;background-position: center !important;background-repeat: no-repeat !important;background-size: cover !important;}&#8221; offset=&#8221;vc_hidden-md vc_hidden-sm vc_hidden-xs&#8221;][vc_single_image image=&#8221;10037&#8243; img_size=&#8221;large&#8221;][\/vc_column_inner][\/vc_row_inner][vc_row_inner el_id=&#8221;tablet&#8221;][vc_column_inner offset=&#8221;vc_hidden-lg vc_hidden-xs&#8221;][vc_column_text]<br \/>\n<strong><span style=\"font-size: 28px;\">Les bonnes raisons de l&#8217;aimer<\/span><\/strong><\/p>\n<ul>\n<li><span style=\"font-weight: 400;\">Finition lumineuse au coiffage<\/span><\/li>\n<li>Am\u00e9liore l&#8217;\u00e9clat naturel des cheveux<\/li>\n<li>Donne au coiffage une tenue longue dur\u00e9e<\/li>\n<li>Ne graisse pas et n&#8217;alourdit pas les cheveux.<\/li>\n<\/ul>\n<p>[\/vc_column_text][vc_column_text]<br \/>\n<strong><span style=\"font-size: 28px;\">Mode d&#8217;emploi<\/span><\/strong><\/p>\n<p><span style=\"font-weight: 400;\">Appliquer la cire avec les mains sur cheveux humides ou secs, en modelant selon ses envies.<\/span>[\/vc_column_text][\/vc_column_inner][\/vc_row_inner][vc_row_inner el_id=&#8221;mobile&#8221;][vc_column_inner width=&#8221;1\/2&#8243; offset=&#8221;vc_hidden-lg vc_hidden-md vc_hidden-sm&#8221;][vc_column_text]<br \/>\n<strong><span style=\"font-size: 28px;\">Les bonnes raisons de l&#8217;aimer<\/span><\/strong><\/p>\n<ul>\n<li><span style=\"font-weight: 400;\">Finition lumineuse au coiffage<\/span><\/li>\n<li>Am\u00e9liore l&#8217;\u00e9clat naturel des cheveux<\/li>\n<li>Donne au coiffage une tenue longue dur\u00e9e<\/li>\n<li>Ne graisse pas et n&#8217;alourdit pas les cheveux.<\/li>\n<\/ul>\n<p>[\/vc_column_text][vc_column_text]<br \/>\n<strong><span style=\"font-size: 28px;\">Mode d&#8217;emploi<\/span><\/strong><\/p>\n<p><span style=\"font-weight: 400;\">Appliquer la cire avec les mains sur cheveux humides ou secs, en modelant selon ses envies.<\/span>[\/vc_column_text][\/vc_column_inner][vc_column_inner width=&#8221;1\/2&#8243; css=&#8221;.vc_custom_1670257929411{background-image: url(https:\/\/paulrivera.it\/wp-content\/uploads\/2022\/12\/background_adv_produc_full_up.png?id=5255) !important;background-position: center !important;background-repeat: no-repeat !important;background-size: cover !important;}&#8221; offset=&#8221;vc_hidden-lg vc_hidden-md vc_hidden-sm&#8221;][vc_single_image image=&#8221;10037&#8243; img_size=&#8221;large&#8221; alignment=&#8221;center&#8221;][\/vc_column_inner][\/vc_row_inner][\/vc_column][\/vc_row][vc_row css=&#8221;.vc_custom_1582192829011{padding-top: 50px !important;}&#8221;][vc_column][vc_row_inner][vc_column_inner][vc_column_text]<\/p>\n<h1 style=\"text-align: center;\">Vous aimerez aussi<\/h1>\n<p>[\/vc_column_text][\/vc_column_inner][\/vc_row_inner][vc_raw_html]W3dwYi1wcm9kdWN0LXNsaWRlci1zaG9ydGNvZGUgaWQ9IjE3NCJd[\/vc_raw_html][\/vc_column][\/vc_row]<\/p>\n<\/div>","protected":false},"excerpt":{"rendered":"<p><span style=\"font-weight: 400;\">Full Up est une cire fibreuse qui <strong>mod\u00e8le et fixe la coiffure<\/strong>, en soulignant la brillance naturelle des cheveux. Con\u00e7ue pour sculpter et d\u00e9finir le coiffage final, gr\u00e2ce \u00e0 sa texture douce et facile \u00e0 appliquer, elle permet de toujours obtenir des r\u00e9sultats parfaits, en garantissant une<strong> tenue longue dur\u00e9e.<\/strong><\/span><\/p>\n<p><span style=\"font-weight: 400;\">\u00a0<\/span><\/p>\n<p><span style=\"font-weight: 400;\">100 ml<\/span><\/p>\n<p>&nbsp;<\/p>\n[maxbutton id=\"5\"]\n","protected":false},"featured_media":10038,"template":"","meta":[],"product_brand":[],"product_cat":[1306],"product_tag":[],"class_list":{"0":"post-10550","1":"product","2":"type-product","3":"status-publish","4":"has-post-thumbnail","6":"product_cat-finish-styling-fr","7":"description-off","9":"first","10":"instock","11":"shipping-taxable","12":"product-type-simple"},"yoast_head":"<!-- This site is optimized with the Yoast SEO plugin v27.2 - https:\/\/yoast.com\/product\/yoast-seo-wordpress\/ -->\n<title>Full Up - Cr\u00e8me Douce Et Fibreuse<\/title>\n<meta name=\"description\" content=\"Full Up est une cire fibreuse qui mod\u00e8le et fixe la coiffure, en soulignant la brillance naturelle des cheveux.\" \/>\n<meta name=\"robots\" content=\"index, follow, max-snippet:-1, max-image-preview:large, max-video-preview:-1\" \/>\n<link rel=\"canonical\" href=\"https:\/\/paulrivera.it\/fr\/prodotti\/finish-styling-fr\/full-up-creme-douce-et-fibreuse\/\" \/>\n<meta property=\"og:locale\" content=\"fr_FR\" \/>\n<meta property=\"og:type\" content=\"article\" \/>\n<meta property=\"og:title\" content=\"Full Up - Cr\u00e8me Douce Et Fibreuse\" \/>\n<meta property=\"og:description\" content=\"Full Up est une cire fibreuse qui mod\u00e8le et fixe la coiffure, en soulignant la brillance naturelle des cheveux.\" \/>\n<meta property=\"og:url\" content=\"https:\/\/paulrivera.it\/fr\/prodotti\/finish-styling-fr\/full-up-creme-douce-et-fibreuse\/\" \/>\n<meta property=\"og:site_name\" content=\"Paul Rivera\" \/>\n<meta property=\"article:modified_time\" content=\"2024-05-13T12:19:55+00:00\" \/>\n<meta property=\"og:image\" content=\"https:\/\/paulrivera.it\/wp-content\/uploads\/2022\/12\/606167_paul_rivera_full_up_soft_fibrus_wax_100ml.png\" \/>\n\t<meta property=\"og:image:width\" content=\"800\" \/>\n\t<meta property=\"og:image:height\" content=\"800\" \/>\n\t<meta property=\"og:image:type\" content=\"image\/png\" \/>\n<meta name=\"twitter:card\" content=\"summary_large_image\" \/>\n<meta name=\"twitter:label1\" content=\"Est. reading time\" \/>\n\t<meta name=\"twitter:data1\" content=\"2 minutes\" \/>\n<script type=\"application\/ld+json\" class=\"yoast-schema-graph\">{\"@context\":\"https:\/\/schema.org\",\"@graph\":[{\"@type\":\"WebPage\",\"@id\":\"https:\/\/paulrivera.it\/fr\/prodotti\/finish-styling-fr\/full-up-creme-douce-et-fibreuse\/\",\"url\":\"https:\/\/paulrivera.it\/fr\/prodotti\/finish-styling-fr\/full-up-creme-douce-et-fibreuse\/\",\"name\":\"Full Up - Cr\u00e8me Douce Et Fibreuse\",\"isPartOf\":{\"@id\":\"https:\/\/paulrivera.it\/fr\/#website\"},\"primaryImageOfPage\":{\"@id\":\"https:\/\/paulrivera.it\/fr\/prodotti\/finish-styling-fr\/full-up-creme-douce-et-fibreuse\/#primaryimage\"},\"image\":{\"@id\":\"https:\/\/paulrivera.it\/fr\/prodotti\/finish-styling-fr\/full-up-creme-douce-et-fibreuse\/#primaryimage\"},\"thumbnailUrl\":\"https:\/\/paulrivera.it\/wp-content\/uploads\/2022\/12\/606167_paul_rivera_full_up_soft_fibrus_wax_100ml.png\",\"datePublished\":\"2022-12-05T16:28:07+00:00\",\"dateModified\":\"2024-05-13T12:19:55+00:00\",\"description\":\"Full Up est une cire fibreuse qui mod\u00e8le et fixe la coiffure, en soulignant la brillance naturelle des cheveux.\",\"breadcrumb\":{\"@id\":\"https:\/\/paulrivera.it\/fr\/prodotti\/finish-styling-fr\/full-up-creme-douce-et-fibreuse\/#breadcrumb\"},\"inLanguage\":\"fr-FR\",\"potentialAction\":[{\"@type\":\"ReadAction\",\"target\":[\"https:\/\/paulrivera.it\/fr\/prodotti\/finish-styling-fr\/full-up-creme-douce-et-fibreuse\/\"]}]},{\"@type\":\"ImageObject\",\"inLanguage\":\"fr-FR\",\"@id\":\"https:\/\/paulrivera.it\/fr\/prodotti\/finish-styling-fr\/full-up-creme-douce-et-fibreuse\/#primaryimage\",\"url\":\"https:\/\/paulrivera.it\/wp-content\/uploads\/2022\/12\/606167_paul_rivera_full_up_soft_fibrus_wax_100ml.png\",\"contentUrl\":\"https:\/\/paulrivera.it\/wp-content\/uploads\/2022\/12\/606167_paul_rivera_full_up_soft_fibrus_wax_100ml.png\",\"width\":800,\"height\":800},{\"@type\":\"BreadcrumbList\",\"@id\":\"https:\/\/paulrivera.it\/fr\/prodotti\/finish-styling-fr\/full-up-creme-douce-et-fibreuse\/#breadcrumb\",\"itemListElement\":[{\"@type\":\"ListItem\",\"position\":1,\"name\":\"Home\",\"item\":\"https:\/\/paulrivera.it\/fr\/\"},{\"@type\":\"ListItem\",\"position\":2,\"name\":\"Pagina shop\",\"item\":\"https:\/\/paulrivera.it\/prodotti\/\"},{\"@type\":\"ListItem\",\"position\":3,\"name\":\"Full Up &#8211; Cr\u00e8me Douce Et Fibreuse\"}]},{\"@type\":\"WebSite\",\"@id\":\"https:\/\/paulrivera.it\/fr\/#website\",\"url\":\"https:\/\/paulrivera.it\/fr\/\",\"name\":\"Paul Rivera\",\"description\":\"Hair Beauty Celebration\",\"publisher\":{\"@id\":\"https:\/\/paulrivera.it\/fr\/#organization\"},\"potentialAction\":[{\"@type\":\"SearchAction\",\"target\":{\"@type\":\"EntryPoint\",\"urlTemplate\":\"https:\/\/paulrivera.it\/fr\/?s={search_term_string}\"},\"query-input\":{\"@type\":\"PropertyValueSpecification\",\"valueRequired\":true,\"valueName\":\"search_term_string\"}}],\"inLanguage\":\"fr-FR\"},{\"@type\":\"Organization\",\"@id\":\"https:\/\/paulrivera.it\/fr\/#organization\",\"name\":\"Paul Rivera\",\"url\":\"https:\/\/paulrivera.it\/fr\/\",\"logo\":{\"@type\":\"ImageObject\",\"inLanguage\":\"fr-FR\",\"@id\":\"https:\/\/paulrivera.it\/fr\/#\/schema\/logo\/image\/\",\"url\":\"https:\/\/paulrivera.it\/wp-content\/uploads\/2020\/02\/paul_rivera_logo_header_x2.png\",\"contentUrl\":\"https:\/\/paulrivera.it\/wp-content\/uploads\/2020\/02\/paul_rivera_logo_header_x2.png\",\"width\":470,\"height\":60,\"caption\":\"Paul Rivera\"},\"image\":{\"@id\":\"https:\/\/paulrivera.it\/fr\/#\/schema\/logo\/image\/\"}}]}<\/script>\n<!-- \/ Yoast SEO plugin. -->","yoast_head_json":{"title":"Full Up - Cr\u00e8me Douce Et Fibreuse","description":"Full Up est une cire fibreuse qui mod\u00e8le et fixe la coiffure, en soulignant la brillance naturelle des cheveux.","robots":{"index":"index","follow":"follow","max-snippet":"max-snippet:-1","max-image-preview":"max-image-preview:large","max-video-preview":"max-video-preview:-1"},"canonical":"https:\/\/paulrivera.it\/fr\/prodotti\/finish-styling-fr\/full-up-creme-douce-et-fibreuse\/","og_locale":"fr_FR","og_type":"article","og_title":"Full Up - Cr\u00e8me Douce Et Fibreuse","og_description":"Full Up est une cire fibreuse qui mod\u00e8le et fixe la coiffure, en soulignant la brillance naturelle des cheveux.","og_url":"https:\/\/paulrivera.it\/fr\/prodotti\/finish-styling-fr\/full-up-creme-douce-et-fibreuse\/","og_site_name":"Paul Rivera","article_modified_time":"2024-05-13T12:19:55+00:00","og_image":[{"width":800,"height":800,"url":"https:\/\/paulrivera.it\/wp-content\/uploads\/2022\/12\/606167_paul_rivera_full_up_soft_fibrus_wax_100ml.png","type":"image\/png"}],"twitter_card":"summary_large_image","twitter_misc":{"Est. reading time":"2 minutes"},"schema":{"@context":"https:\/\/schema.org","@graph":[{"@type":"WebPage","@id":"https:\/\/paulrivera.it\/fr\/prodotti\/finish-styling-fr\/full-up-creme-douce-et-fibreuse\/","url":"https:\/\/paulrivera.it\/fr\/prodotti\/finish-styling-fr\/full-up-creme-douce-et-fibreuse\/","name":"Full Up - Cr\u00e8me Douce Et Fibreuse","isPartOf":{"@id":"https:\/\/paulrivera.it\/fr\/#website"},"primaryImageOfPage":{"@id":"https:\/\/paulrivera.it\/fr\/prodotti\/finish-styling-fr\/full-up-creme-douce-et-fibreuse\/#primaryimage"},"image":{"@id":"https:\/\/paulrivera.it\/fr\/prodotti\/finish-styling-fr\/full-up-creme-douce-et-fibreuse\/#primaryimage"},"thumbnailUrl":"https:\/\/paulrivera.it\/wp-content\/uploads\/2022\/12\/606167_paul_rivera_full_up_soft_fibrus_wax_100ml.png","datePublished":"2022-12-05T16:28:07+00:00","dateModified":"2024-05-13T12:19:55+00:00","description":"Full Up est une cire fibreuse qui mod\u00e8le et fixe la coiffure, en soulignant la brillance naturelle des cheveux.","breadcrumb":{"@id":"https:\/\/paulrivera.it\/fr\/prodotti\/finish-styling-fr\/full-up-creme-douce-et-fibreuse\/#breadcrumb"},"inLanguage":"fr-FR","potentialAction":[{"@type":"ReadAction","target":["https:\/\/paulrivera.it\/fr\/prodotti\/finish-styling-fr\/full-up-creme-douce-et-fibreuse\/"]}]},{"@type":"ImageObject","inLanguage":"fr-FR","@id":"https:\/\/paulrivera.it\/fr\/prodotti\/finish-styling-fr\/full-up-creme-douce-et-fibreuse\/#primaryimage","url":"https:\/\/paulrivera.it\/wp-content\/uploads\/2022\/12\/606167_paul_rivera_full_up_soft_fibrus_wax_100ml.png","contentUrl":"https:\/\/paulrivera.it\/wp-content\/uploads\/2022\/12\/606167_paul_rivera_full_up_soft_fibrus_wax_100ml.png","width":800,"height":800},{"@type":"BreadcrumbList","@id":"https:\/\/paulrivera.it\/fr\/prodotti\/finish-styling-fr\/full-up-creme-douce-et-fibreuse\/#breadcrumb","itemListElement":[{"@type":"ListItem","position":1,"name":"Home","item":"https:\/\/paulrivera.it\/fr\/"},{"@type":"ListItem","position":2,"name":"Pagina shop","item":"https:\/\/paulrivera.it\/prodotti\/"},{"@type":"ListItem","position":3,"name":"Full Up &#8211; Cr\u00e8me Douce Et Fibreuse"}]},{"@type":"WebSite","@id":"https:\/\/paulrivera.it\/fr\/#website","url":"https:\/\/paulrivera.it\/fr\/","name":"Paul Rivera","description":"Hair Beauty Celebration","publisher":{"@id":"https:\/\/paulrivera.it\/fr\/#organization"},"potentialAction":[{"@type":"SearchAction","target":{"@type":"EntryPoint","urlTemplate":"https:\/\/paulrivera.it\/fr\/?s={search_term_string}"},"query-input":{"@type":"PropertyValueSpecification","valueRequired":true,"valueName":"search_term_string"}}],"inLanguage":"fr-FR"},{"@type":"Organization","@id":"https:\/\/paulrivera.it\/fr\/#organization","name":"Paul Rivera","url":"https:\/\/paulrivera.it\/fr\/","logo":{"@type":"ImageObject","inLanguage":"fr-FR","@id":"https:\/\/paulrivera.it\/fr\/#\/schema\/logo\/image\/","url":"https:\/\/paulrivera.it\/wp-content\/uploads\/2020\/02\/paul_rivera_logo_header_x2.png","contentUrl":"https:\/\/paulrivera.it\/wp-content\/uploads\/2020\/02\/paul_rivera_logo_header_x2.png","width":470,"height":60,"caption":"Paul Rivera"},"image":{"@id":"https:\/\/paulrivera.it\/fr\/#\/schema\/logo\/image\/"}}]}},"_links":{"self":[{"href":"https:\/\/paulrivera.it\/fr\/wp-json\/wp\/v2\/product\/10550","targetHints":{"allow":["GET"]}}],"collection":[{"href":"https:\/\/paulrivera.it\/fr\/wp-json\/wp\/v2\/product"}],"about":[{"href":"https:\/\/paulrivera.it\/fr\/wp-json\/wp\/v2\/types\/product"}],"wp:featuredmedia":[{"embeddable":true,"href":"https:\/\/paulrivera.it\/fr\/wp-json\/wp\/v2\/media\/10038"}],"wp:attachment":[{"href":"https:\/\/paulrivera.it\/fr\/wp-json\/wp\/v2\/media?parent=10550"}],"wp:term":[{"taxonomy":"product_brand","embeddable":true,"href":"https:\/\/paulrivera.it\/fr\/wp-json\/wp\/v2\/product_brand?post=10550"},{"taxonomy":"product_cat","embeddable":true,"href":"https:\/\/paulrivera.it\/fr\/wp-json\/wp\/v2\/product_cat?post=10550"},{"taxonomy":"product_tag","embeddable":true,"href":"https:\/\/paulrivera.it\/fr\/wp-json\/wp\/v2\/product_tag?post=10550"}],"curies":[{"name":"wp","href":"https:\/\/api.w.org\/{rel}","templated":true}]}}