{"id":10560,"date":"2020-02-18T09:49:24","date_gmt":"2020-02-18T08:49:24","guid":{"rendered":"https:\/\/paulrivera.it\/product\/hilarious-spray-eco-directionnel\/"},"modified":"2024-05-13T14:44:47","modified_gmt":"2024-05-13T12:44:47","slug":"hilarious-spray-eco-directionnel","status":"publish","type":"product","link":"https:\/\/paulrivera.it\/fr\/prodotti\/finish-styling-fr\/hilarious-spray-eco-directionnel\/","title":{"rendered":"Hilarious &#8211; Spray \u00e9co-directionnel"},"content":{"rendered":"<div class=\"wpb-content-wrapper\"><p>[vc_row full_width=&#8221;stretch_row&#8221;][vc_column][vc_row_inner el_id=&#8221;desktop&#8221;][vc_column_inner width=&#8221;1\/2&#8243; css=&#8221;.vc_custom_1582194227194{padding-top: 10% !important;padding-right: 10% !important;padding-bottom: 10% !important;padding-left: 30% !important;}&#8221; offset=&#8221;vc_hidden-md vc_hidden-sm vc_hidden-xs&#8221;][vc_column_text]<br \/>\n<span style=\"font-size: 28px;\"><b>Les bonnes raisons de l&#8217;aimer<\/b><\/span><\/p>\n<ul>\n<li style=\"font-weight: 400;\" aria-level=\"1\"><span style=\"font-weight: 400;\">Structure et fixe la coiffure<\/span><\/li>\n<li style=\"font-weight: 400;\" aria-level=\"1\"><span style=\"font-weight: 400;\">Ne raidit pas et ne colle pas<\/span><\/li>\n<li style=\"font-weight: 400;\" aria-level=\"1\"><span style=\"font-weight: 400;\">Structure sans mouiller<\/span><\/li>\n<\/ul>\n<p>[\/vc_column_text][vc_column_text]<br \/>\n<span style=\"font-size: 28px;\"><b>Les principes actifs de la formule<\/b><\/span><\/p>\n<ul>\n<li style=\"font-weight: 400;\" aria-level=\"1\"><span style=\"font-weight: 400;\">Extraits de Grenade : fruit aux innombrables propri\u00e9t\u00e9s th\u00e9rapeutiques, la grenade est riche en vitamines et sels min\u00e9raux \u00e0 l&#8217;action r\u00e9g\u00e9n\u00e9rante, antioxydante et \u00e9lastifiante.<\/span><\/li>\n<li style=\"font-weight: 400;\" aria-level=\"1\"><span style=\"font-weight: 400;\">Arnica : connue pour ses propri\u00e9t\u00e9s anti-inflammatoires et stimulantes, l&#8217;arnica nourrit et tonifie le cuir chevelu.<\/span><\/li>\n<\/ul>\n<p>[\/vc_column_text][vc_column_text]<br \/>\n<span style=\"font-size: 28px;\"><b>Mode d&#8217;emploi<\/b><\/span><\/p>\n<p><span style=\"font-weight: 400;\">Vaporiser \u00e0 20 cm de distance, sur cheveux humides ou secs<\/span>[\/vc_column_text][\/vc_column_inner][vc_column_inner width=&#8221;1\/2&#8243; css=&#8221;.vc_custom_1582891882060{background-image: url(https:\/\/paulrivera.it\/wp-content\/uploads\/2020\/02\/background_adv_hilarious.png?id=903) !important;background-position: center !important;background-repeat: no-repeat !important;background-size: cover !important;}&#8221; offset=&#8221;vc_hidden-md vc_hidden-sm vc_hidden-xs&#8221;][vc_single_image image=&#8221;10805&#8243; img_size=&#8221;large&#8221; alignment=&#8221;center&#8221;][\/vc_column_inner][\/vc_row_inner][vc_row_inner el_id=&#8221;tablet&#8221;][vc_column_inner offset=&#8221;vc_hidden-lg vc_hidden-xs&#8221;][vc_column_text]<br \/>\n<span style=\"font-size: 28px;\"><b>Les bonnes raisons de l&#8217;aimer<\/b><\/span><\/p>\n<ul>\n<li style=\"font-weight: 400;\" aria-level=\"1\"><span style=\"font-weight: 400;\">Structure et fixe la coiffure<\/span><\/li>\n<li style=\"font-weight: 400;\" aria-level=\"1\"><span style=\"font-weight: 400;\">Ne raidit pas et ne colle pas<\/span><\/li>\n<li style=\"font-weight: 400;\" aria-level=\"1\"><span style=\"font-weight: 400;\">Structure sans mouiller<\/span><\/li>\n<\/ul>\n<p>[\/vc_column_text][vc_column_text]<br \/>\n<span style=\"font-size: 28px;\"><b>Les principes actifs de la formule<\/b><\/span><\/p>\n<ul>\n<li style=\"font-weight: 400;\" aria-level=\"1\"><span style=\"font-weight: 400;\">Extraits de Grenade : fruit aux innombrables propri\u00e9t\u00e9s th\u00e9rapeutiques, la grenade est riche en vitamines et sels min\u00e9raux \u00e0 l&#8217;action r\u00e9g\u00e9n\u00e9rante, antioxydante et \u00e9lastifiante.<\/span><\/li>\n<li style=\"font-weight: 400;\" aria-level=\"1\"><span style=\"font-weight: 400;\">Arnica : connue pour ses propri\u00e9t\u00e9s anti-inflammatoires et stimulantes, l&#8217;arnica nourrit et tonifie le cuir chevelu.<\/span><\/li>\n<\/ul>\n<p>[\/vc_column_text][vc_column_text]<br \/>\n<span style=\"font-size: 28px;\"><b>Mode d&#8217;emploi<\/b><\/span><\/p>\n<p><span style=\"font-weight: 400;\">Vaporiser \u00e0 20 cm de distance, sur cheveux humides ou secs<\/span>[\/vc_column_text][\/vc_column_inner][\/vc_row_inner][vc_row_inner el_id=&#8221;mobile&#8221;][vc_column_inner width=&#8221;1\/2&#8243; offset=&#8221;vc_hidden-lg vc_hidden-md vc_hidden-sm&#8221;][vc_column_text]<br \/>\n<span style=\"font-size: 28px;\"><b>Les bonnes raisons de l&#8217;aimer<\/b><\/span><\/p>\n<ul>\n<li style=\"font-weight: 400;\" aria-level=\"1\"><span style=\"font-weight: 400;\">Structure et fixe la coiffure<\/span><\/li>\n<li style=\"font-weight: 400;\" aria-level=\"1\"><span style=\"font-weight: 400;\">Ne raidit pas et ne colle pas<\/span><\/li>\n<li style=\"font-weight: 400;\" aria-level=\"1\"><span style=\"font-weight: 400;\">Structure sans mouiller<\/span><\/li>\n<\/ul>\n<p>[\/vc_column_text][vc_column_text]<br \/>\n<span style=\"font-size: 28px;\"><b>Les principes actifs de la formule<\/b><\/span><\/p>\n<ul>\n<li style=\"font-weight: 400;\" aria-level=\"1\"><span style=\"font-weight: 400;\">Extraits de Grenade : fruit aux innombrables propri\u00e9t\u00e9s th\u00e9rapeutiques, la grenade est riche en vitamines et sels min\u00e9raux \u00e0 l&#8217;action r\u00e9g\u00e9n\u00e9rante, antioxydante et \u00e9lastifiante.<\/span><\/li>\n<li style=\"font-weight: 400;\" aria-level=\"1\"><span style=\"font-weight: 400;\">Arnica : connue pour ses propri\u00e9t\u00e9s anti-inflammatoires et stimulantes, l&#8217;arnica nourrit et tonifie le cuir chevelu.<\/span><\/li>\n<\/ul>\n<p>[\/vc_column_text][vc_column_text]<br \/>\n<span style=\"font-size: 28px;\"><b>Mode d&#8217;emploi<\/b><\/span><\/p>\n<p><span style=\"font-weight: 400;\">Vaporiser \u00e0 20 cm de distance, sur cheveux humides ou secs<\/span>[\/vc_column_text][\/vc_column_inner][vc_column_inner width=&#8221;1\/2&#8243; css=&#8221;.vc_custom_1582891911276{background-image: url(https:\/\/paulrivera.it\/wp-content\/uploads\/2020\/02\/background_adv_hilarious.png?id=903) !important;background-position: center !important;background-repeat: no-repeat !important;background-size: cover !important;}&#8221; offset=&#8221;vc_hidden-lg vc_hidden-md vc_hidden-sm&#8221;][vc_single_image image=&#8221;10805&#8243; img_size=&#8221;large&#8221; alignment=&#8221;center&#8221;][\/vc_column_inner][\/vc_row_inner][\/vc_column][\/vc_row][vc_row css=&#8221;.vc_custom_1582192829011{padding-top: 50px !important;}&#8221;][vc_column][vc_row_inner][vc_column_inner][vc_column_text]<\/p>\n<h1 style=\"text-align: center;\">Vous aimerez aussi<\/h1>\n<p>[\/vc_column_text][\/vc_column_inner][\/vc_row_inner][vc_raw_html]W3dwYi1wcm9kdWN0LXNsaWRlci1zaG9ydGNvZGUgaWQ9IjE4NyJd[\/vc_raw_html][\/vc_column][\/vc_row]<\/p>\n<\/div>","protected":false},"excerpt":{"rendered":"<p><b>Hilarious<\/b><span style=\"font-weight: 400;\"> est<\/span><b> un spray directionnel sans gaz<\/b><span style=\"font-weight: 400;\"> qui fixe le coiffage, en assurant une tenue forte et durable. Maintient la forme de coiffure souhait\u00e9e,<\/span><b> sans raidissement<\/b><span style=\"font-weight: 400;\"> : les cheveux sont doux et \u00e9lastiques, prot\u00e9g\u00e9s par un film invisible et l\u00e9ger qui sublime et maintient la coiffure.<\/span><\/p>\n<p><span style=\"font-weight: 400;\">Gr\u00e2ce \u00e0 sa texture directionnelle,<\/span><b> modelez vos cheveux<\/b><span style=\"font-weight: 400;\"> comme bon vous semble, en leur donnant<\/span><b> structure et douceur,<\/b><span style=\"font-weight: 400;\"> avec un s\u00e9chage rapide et sans avoir \u00e0 mouiller les longueurs. Formule enrichie en<\/span><b> extraits de grenade et d&#8217;arnica<\/b><span style=\"font-weight: 400;\">.<\/span><\/p>\n<p><span style=\"font-weight: 400;\">300 ml<\/span><\/p>\n<p>&nbsp;<\/p>\n[maxbutton id=\"5\"]\n","protected":false},"featured_media":10812,"template":"","meta":[],"product_brand":[],"product_cat":[1306],"product_tag":[],"class_list":{"0":"post-10560","1":"product","2":"type-product","3":"status-publish","4":"has-post-thumbnail","6":"product_cat-finish-styling-fr","7":"description-off","9":"first","10":"instock","11":"shipping-taxable","12":"product-type-simple"},"yoast_head":"<!-- This site is optimized with the Yoast SEO plugin v27.2 - https:\/\/yoast.com\/product\/yoast-seo-wordpress\/ -->\n<title>Hilarious - Spray \u00e9co-directionnel<\/title>\n<meta name=\"description\" content=\"Hilarious est un spray directionnel sans gaz qui fixe le coiffage, en assurant une tenue forte et durable.\" \/>\n<meta name=\"robots\" content=\"index, follow, max-snippet:-1, max-image-preview:large, max-video-preview:-1\" \/>\n<link rel=\"canonical\" href=\"https:\/\/paulrivera.it\/fr\/prodotti\/finish-styling-fr\/hilarious-spray-eco-directionnel\/\" \/>\n<meta property=\"og:locale\" content=\"fr_FR\" \/>\n<meta property=\"og:type\" content=\"article\" \/>\n<meta property=\"og:title\" content=\"Hilarious - Spray \u00e9co-directionnel\" \/>\n<meta property=\"og:description\" content=\"Hilarious est un spray directionnel sans gaz qui fixe le coiffage, en assurant une tenue forte et durable.\" \/>\n<meta property=\"og:url\" content=\"https:\/\/paulrivera.it\/fr\/prodotti\/finish-styling-fr\/hilarious-spray-eco-directionnel\/\" \/>\n<meta property=\"og:site_name\" content=\"Paul Rivera\" \/>\n<meta property=\"article:modified_time\" content=\"2024-05-13T12:44:47+00:00\" \/>\n<meta property=\"og:image\" content=\"https:\/\/paulrivera.it\/wp-content\/uploads\/2024\/02\/606020_paul_rivera_hilarious_eco_directional_spray_300ml.png\" \/>\n\t<meta property=\"og:image:width\" content=\"800\" \/>\n\t<meta property=\"og:image:height\" content=\"800\" \/>\n\t<meta property=\"og:image:type\" content=\"image\/png\" \/>\n<meta name=\"twitter:card\" content=\"summary_large_image\" \/>\n<meta name=\"twitter:label1\" content=\"Est. reading time\" \/>\n\t<meta name=\"twitter:data1\" content=\"3 minutes\" \/>\n<script type=\"application\/ld+json\" class=\"yoast-schema-graph\">{\"@context\":\"https:\/\/schema.org\",\"@graph\":[{\"@type\":\"WebPage\",\"@id\":\"https:\/\/paulrivera.it\/fr\/prodotti\/finish-styling-fr\/hilarious-spray-eco-directionnel\/\",\"url\":\"https:\/\/paulrivera.it\/fr\/prodotti\/finish-styling-fr\/hilarious-spray-eco-directionnel\/\",\"name\":\"Hilarious - Spray \u00e9co-directionnel\",\"isPartOf\":{\"@id\":\"https:\/\/paulrivera.it\/fr\/#website\"},\"primaryImageOfPage\":{\"@id\":\"https:\/\/paulrivera.it\/fr\/prodotti\/finish-styling-fr\/hilarious-spray-eco-directionnel\/#primaryimage\"},\"image\":{\"@id\":\"https:\/\/paulrivera.it\/fr\/prodotti\/finish-styling-fr\/hilarious-spray-eco-directionnel\/#primaryimage\"},\"thumbnailUrl\":\"https:\/\/paulrivera.it\/wp-content\/uploads\/2024\/02\/606020_paul_rivera_hilarious_eco_directional_spray_300ml.png\",\"datePublished\":\"2020-02-18T08:49:24+00:00\",\"dateModified\":\"2024-05-13T12:44:47+00:00\",\"description\":\"Hilarious est un spray directionnel sans gaz qui fixe le coiffage, en assurant une tenue forte et durable.\",\"breadcrumb\":{\"@id\":\"https:\/\/paulrivera.it\/fr\/prodotti\/finish-styling-fr\/hilarious-spray-eco-directionnel\/#breadcrumb\"},\"inLanguage\":\"fr-FR\",\"potentialAction\":[{\"@type\":\"ReadAction\",\"target\":[\"https:\/\/paulrivera.it\/fr\/prodotti\/finish-styling-fr\/hilarious-spray-eco-directionnel\/\"]}]},{\"@type\":\"ImageObject\",\"inLanguage\":\"fr-FR\",\"@id\":\"https:\/\/paulrivera.it\/fr\/prodotti\/finish-styling-fr\/hilarious-spray-eco-directionnel\/#primaryimage\",\"url\":\"https:\/\/paulrivera.it\/wp-content\/uploads\/2024\/02\/606020_paul_rivera_hilarious_eco_directional_spray_300ml.png\",\"contentUrl\":\"https:\/\/paulrivera.it\/wp-content\/uploads\/2024\/02\/606020_paul_rivera_hilarious_eco_directional_spray_300ml.png\",\"width\":800,\"height\":800},{\"@type\":\"BreadcrumbList\",\"@id\":\"https:\/\/paulrivera.it\/fr\/prodotti\/finish-styling-fr\/hilarious-spray-eco-directionnel\/#breadcrumb\",\"itemListElement\":[{\"@type\":\"ListItem\",\"position\":1,\"name\":\"Home\",\"item\":\"https:\/\/paulrivera.it\/fr\/\"},{\"@type\":\"ListItem\",\"position\":2,\"name\":\"Pagina shop\",\"item\":\"https:\/\/paulrivera.it\/prodotti\/\"},{\"@type\":\"ListItem\",\"position\":3,\"name\":\"Hilarious &#8211; Spray \u00e9co-directionnel\"}]},{\"@type\":\"WebSite\",\"@id\":\"https:\/\/paulrivera.it\/fr\/#website\",\"url\":\"https:\/\/paulrivera.it\/fr\/\",\"name\":\"Paul Rivera\",\"description\":\"Hair Beauty Celebration\",\"publisher\":{\"@id\":\"https:\/\/paulrivera.it\/fr\/#organization\"},\"potentialAction\":[{\"@type\":\"SearchAction\",\"target\":{\"@type\":\"EntryPoint\",\"urlTemplate\":\"https:\/\/paulrivera.it\/fr\/?s={search_term_string}\"},\"query-input\":{\"@type\":\"PropertyValueSpecification\",\"valueRequired\":true,\"valueName\":\"search_term_string\"}}],\"inLanguage\":\"fr-FR\"},{\"@type\":\"Organization\",\"@id\":\"https:\/\/paulrivera.it\/fr\/#organization\",\"name\":\"Paul Rivera\",\"url\":\"https:\/\/paulrivera.it\/fr\/\",\"logo\":{\"@type\":\"ImageObject\",\"inLanguage\":\"fr-FR\",\"@id\":\"https:\/\/paulrivera.it\/fr\/#\/schema\/logo\/image\/\",\"url\":\"https:\/\/paulrivera.it\/wp-content\/uploads\/2020\/02\/paul_rivera_logo_header_x2.png\",\"contentUrl\":\"https:\/\/paulrivera.it\/wp-content\/uploads\/2020\/02\/paul_rivera_logo_header_x2.png\",\"width\":470,\"height\":60,\"caption\":\"Paul Rivera\"},\"image\":{\"@id\":\"https:\/\/paulrivera.it\/fr\/#\/schema\/logo\/image\/\"}}]}<\/script>\n<!-- \/ Yoast SEO plugin. -->","yoast_head_json":{"title":"Hilarious - Spray \u00e9co-directionnel","description":"Hilarious est un spray directionnel sans gaz qui fixe le coiffage, en assurant une tenue forte et durable.","robots":{"index":"index","follow":"follow","max-snippet":"max-snippet:-1","max-image-preview":"max-image-preview:large","max-video-preview":"max-video-preview:-1"},"canonical":"https:\/\/paulrivera.it\/fr\/prodotti\/finish-styling-fr\/hilarious-spray-eco-directionnel\/","og_locale":"fr_FR","og_type":"article","og_title":"Hilarious - Spray \u00e9co-directionnel","og_description":"Hilarious est un spray directionnel sans gaz qui fixe le coiffage, en assurant une tenue forte et durable.","og_url":"https:\/\/paulrivera.it\/fr\/prodotti\/finish-styling-fr\/hilarious-spray-eco-directionnel\/","og_site_name":"Paul Rivera","article_modified_time":"2024-05-13T12:44:47+00:00","og_image":[{"width":800,"height":800,"url":"https:\/\/paulrivera.it\/wp-content\/uploads\/2024\/02\/606020_paul_rivera_hilarious_eco_directional_spray_300ml.png","type":"image\/png"}],"twitter_card":"summary_large_image","twitter_misc":{"Est. reading time":"3 minutes"},"schema":{"@context":"https:\/\/schema.org","@graph":[{"@type":"WebPage","@id":"https:\/\/paulrivera.it\/fr\/prodotti\/finish-styling-fr\/hilarious-spray-eco-directionnel\/","url":"https:\/\/paulrivera.it\/fr\/prodotti\/finish-styling-fr\/hilarious-spray-eco-directionnel\/","name":"Hilarious - Spray \u00e9co-directionnel","isPartOf":{"@id":"https:\/\/paulrivera.it\/fr\/#website"},"primaryImageOfPage":{"@id":"https:\/\/paulrivera.it\/fr\/prodotti\/finish-styling-fr\/hilarious-spray-eco-directionnel\/#primaryimage"},"image":{"@id":"https:\/\/paulrivera.it\/fr\/prodotti\/finish-styling-fr\/hilarious-spray-eco-directionnel\/#primaryimage"},"thumbnailUrl":"https:\/\/paulrivera.it\/wp-content\/uploads\/2024\/02\/606020_paul_rivera_hilarious_eco_directional_spray_300ml.png","datePublished":"2020-02-18T08:49:24+00:00","dateModified":"2024-05-13T12:44:47+00:00","description":"Hilarious est un spray directionnel sans gaz qui fixe le coiffage, en assurant une tenue forte et durable.","breadcrumb":{"@id":"https:\/\/paulrivera.it\/fr\/prodotti\/finish-styling-fr\/hilarious-spray-eco-directionnel\/#breadcrumb"},"inLanguage":"fr-FR","potentialAction":[{"@type":"ReadAction","target":["https:\/\/paulrivera.it\/fr\/prodotti\/finish-styling-fr\/hilarious-spray-eco-directionnel\/"]}]},{"@type":"ImageObject","inLanguage":"fr-FR","@id":"https:\/\/paulrivera.it\/fr\/prodotti\/finish-styling-fr\/hilarious-spray-eco-directionnel\/#primaryimage","url":"https:\/\/paulrivera.it\/wp-content\/uploads\/2024\/02\/606020_paul_rivera_hilarious_eco_directional_spray_300ml.png","contentUrl":"https:\/\/paulrivera.it\/wp-content\/uploads\/2024\/02\/606020_paul_rivera_hilarious_eco_directional_spray_300ml.png","width":800,"height":800},{"@type":"BreadcrumbList","@id":"https:\/\/paulrivera.it\/fr\/prodotti\/finish-styling-fr\/hilarious-spray-eco-directionnel\/#breadcrumb","itemListElement":[{"@type":"ListItem","position":1,"name":"Home","item":"https:\/\/paulrivera.it\/fr\/"},{"@type":"ListItem","position":2,"name":"Pagina shop","item":"https:\/\/paulrivera.it\/prodotti\/"},{"@type":"ListItem","position":3,"name":"Hilarious &#8211; Spray \u00e9co-directionnel"}]},{"@type":"WebSite","@id":"https:\/\/paulrivera.it\/fr\/#website","url":"https:\/\/paulrivera.it\/fr\/","name":"Paul Rivera","description":"Hair Beauty Celebration","publisher":{"@id":"https:\/\/paulrivera.it\/fr\/#organization"},"potentialAction":[{"@type":"SearchAction","target":{"@type":"EntryPoint","urlTemplate":"https:\/\/paulrivera.it\/fr\/?s={search_term_string}"},"query-input":{"@type":"PropertyValueSpecification","valueRequired":true,"valueName":"search_term_string"}}],"inLanguage":"fr-FR"},{"@type":"Organization","@id":"https:\/\/paulrivera.it\/fr\/#organization","name":"Paul Rivera","url":"https:\/\/paulrivera.it\/fr\/","logo":{"@type":"ImageObject","inLanguage":"fr-FR","@id":"https:\/\/paulrivera.it\/fr\/#\/schema\/logo\/image\/","url":"https:\/\/paulrivera.it\/wp-content\/uploads\/2020\/02\/paul_rivera_logo_header_x2.png","contentUrl":"https:\/\/paulrivera.it\/wp-content\/uploads\/2020\/02\/paul_rivera_logo_header_x2.png","width":470,"height":60,"caption":"Paul Rivera"},"image":{"@id":"https:\/\/paulrivera.it\/fr\/#\/schema\/logo\/image\/"}}]}},"_links":{"self":[{"href":"https:\/\/paulrivera.it\/fr\/wp-json\/wp\/v2\/product\/10560","targetHints":{"allow":["GET"]}}],"collection":[{"href":"https:\/\/paulrivera.it\/fr\/wp-json\/wp\/v2\/product"}],"about":[{"href":"https:\/\/paulrivera.it\/fr\/wp-json\/wp\/v2\/types\/product"}],"wp:featuredmedia":[{"embeddable":true,"href":"https:\/\/paulrivera.it\/fr\/wp-json\/wp\/v2\/media\/10812"}],"wp:attachment":[{"href":"https:\/\/paulrivera.it\/fr\/wp-json\/wp\/v2\/media?parent=10560"}],"wp:term":[{"taxonomy":"product_brand","embeddable":true,"href":"https:\/\/paulrivera.it\/fr\/wp-json\/wp\/v2\/product_brand?post=10560"},{"taxonomy":"product_cat","embeddable":true,"href":"https:\/\/paulrivera.it\/fr\/wp-json\/wp\/v2\/product_cat?post=10560"},{"taxonomy":"product_tag","embeddable":true,"href":"https:\/\/paulrivera.it\/fr\/wp-json\/wp\/v2\/product_tag?post=10560"}],"curies":[{"name":"wp","href":"https:\/\/api.w.org\/{rel}","templated":true}]}}