{"id":10563,"date":"2020-02-18T09:48:15","date_gmt":"2020-02-18T08:48:15","guid":{"rendered":"https:\/\/paulrivera.it\/product\/luster-oil-non-oil-fluide-modelant-protecteur\/"},"modified":"2024-05-13T14:46:54","modified_gmt":"2024-05-13T12:46:54","slug":"luster-oil-non-oil-fluide-modelant-protecteur","status":"publish","type":"product","link":"https:\/\/paulrivera.it\/fr\/prodotti\/finish-styling-fr\/luster-oil-non-oil-fluide-modelant-protecteur\/","title":{"rendered":"Luster Oil Non Oil \u2013 Fluide Modelant Protecteur"},"content":{"rendered":"<div class=\"wpb-content-wrapper\"><p>[vc_row full_width=&#8221;stretch_row&#8221;][vc_column][vc_row_inner el_id=&#8221;desktop&#8221;][vc_column_inner width=&#8221;1\/2&#8243; css=&#8221;.vc_custom_1582194227194{padding-top: 10% !important;padding-right: 10% !important;padding-bottom: 10% !important;padding-left: 30% !important;}&#8221; offset=&#8221;vc_hidden-md vc_hidden-sm vc_hidden-xs&#8221;][vc_column_text]<br \/>\n<strong><span style=\"font-size: 28px;\">Les bonnes raisons de l&#8217;aimer<\/span><\/strong><\/p>\n<ul>\n<li><span style=\"font-weight: 400;\">Fa\u00e7onne et prot\u00e8ge les cheveux<\/span><\/li>\n<li>Hydrate les cheveux et exerce une action anti-frisottis<\/li>\n<li>Permet de cr\u00e9er des looks et textures naturels<\/li>\n<li>Ne graisse pas et ne colle pas<\/li>\n<\/ul>\n<p>[\/vc_column_text][vc_column_text]<br \/>\n<strong><span style=\"font-size: 28px;\">Les principes actifs de la formule<\/span><\/strong><\/p>\n<ul>\n<li><span style=\"font-weight: 400;\">Extraits de graines de lin : puissant rem\u00e8de naturel pour les cheveux en manque de nutrition, les graines de lin aident \u00e0 hydrater les cheveux et \u00e0 pr\u00e9server leur \u00e9lasticit\u00e9 et leur r\u00e9sistance.<\/span><\/li>\n<li><span style=\"font-weight: 400;\">M\u00e9lilot : riche en flavono\u00efdes et en coumarine, le m\u00e9lilot poss\u00e8de des propri\u00e9t\u00e9s r\u00e9g\u00e9n\u00e9rantes, relaxantes et nourrissantes qui en font une substance id\u00e9ale pour restructurer et d\u00e9m\u00ealer les cheveux, en les rendant brillants et volumineux.<\/span><\/li>\n<\/ul>\n<p>[\/vc_column_text][vc_column_text]<br \/>\n<strong><span style=\"font-size: 28px;\">Mode d&#8217;emploi<\/span><\/strong><\/p>\n<p><span style=\"font-weight: 400;\">Appliquer le fluide modelant Luster sur cheveux humides ou secs et proc\u00e9der au coiffage souhait\u00e9.<\/span>[\/vc_column_text][\/vc_column_inner][vc_column_inner width=&#8221;1\/2&#8243; css=&#8221;.vc_custom_1582892326729{background-image: url(https:\/\/paulrivera.it\/wp-content\/uploads\/2020\/02\/background_adv_produc_luster.png?id=919) !important;background-position: center !important;background-repeat: no-repeat !important;background-size: cover !important;}&#8221; offset=&#8221;vc_hidden-md vc_hidden-sm vc_hidden-xs&#8221;][vc_single_image image=&#8221;9808&#8243; img_size=&#8221;large&#8221; alignment=&#8221;center&#8221;][\/vc_column_inner][\/vc_row_inner][vc_row_inner el_id=&#8221;tablet&#8221;][vc_column_inner offset=&#8221;vc_hidden-lg vc_hidden-xs&#8221;][vc_column_text]<br \/>\n<strong><span style=\"font-size: 28px;\">Les bonnes raisons de l&#8217;aimer<\/span><\/strong><\/p>\n<ul>\n<li><span style=\"font-weight: 400;\">Fa\u00e7onne et prot\u00e8ge les cheveux<\/span><\/li>\n<li>Hydrate les cheveux et exerce une action anti-frisottis<\/li>\n<li>Permet de cr\u00e9er des looks et textures naturels<\/li>\n<li>Ne graisse pas et ne colle pas<\/li>\n<\/ul>\n<p>[\/vc_column_text][vc_column_text]<br \/>\n<strong><span style=\"font-size: 28px;\">Les principes actifs de la formule<\/span><\/strong><\/p>\n<ul>\n<li><span style=\"font-weight: 400;\">Extraits de graines de lin : puissant rem\u00e8de naturel pour les cheveux en manque de nutrition, les graines de lin aident \u00e0 hydrater les cheveux et \u00e0 pr\u00e9server leur \u00e9lasticit\u00e9 et leur r\u00e9sistance.<\/span><\/li>\n<li><span style=\"font-weight: 400;\">M\u00e9lilot : riche en flavono\u00efdes et en coumarine, le m\u00e9lilot poss\u00e8de des propri\u00e9t\u00e9s r\u00e9g\u00e9n\u00e9rantes, relaxantes et nourrissantes qui en font une substance id\u00e9ale pour restructurer et d\u00e9m\u00ealer les cheveux, en les rendant brillants et volumineux.<\/span><\/li>\n<\/ul>\n<p>[\/vc_column_text][vc_column_text]<br \/>\n<strong><span style=\"font-size: 28px;\">Mode d&#8217;emploi<\/span><\/strong><\/p>\n<p><span style=\"font-weight: 400;\">Appliquer le fluide modelant Luster sur cheveux humides ou secs et proc\u00e9der au coiffage souhait\u00e9.<\/span>[\/vc_column_text][\/vc_column_inner][\/vc_row_inner][vc_row_inner el_id=&#8221;mobile&#8221;][vc_column_inner width=&#8221;1\/2&#8243; offset=&#8221;vc_hidden-lg vc_hidden-md vc_hidden-sm&#8221;][vc_column_text]<br \/>\n<strong><span style=\"font-size: 28px;\">Les bonnes raisons de l&#8217;aimer<\/span><\/strong><\/p>\n<ul>\n<li><span style=\"font-weight: 400;\">Fa\u00e7onne et prot\u00e8ge les cheveux<\/span><\/li>\n<li>Hydrate les cheveux et exerce une action anti-frisottis<\/li>\n<li>Permet de cr\u00e9er des looks et textures naturels<\/li>\n<li>Ne graisse pas et ne colle pas<\/li>\n<\/ul>\n<p>[\/vc_column_text][vc_column_text]<br \/>\n<strong><span style=\"font-size: 28px;\">Les principes actifs de la formule<\/span><\/strong><\/p>\n<ul>\n<li><span style=\"font-weight: 400;\">Extraits de graines de lin : puissant rem\u00e8de naturel pour les cheveux en manque de nutrition, les graines de lin aident \u00e0 hydrater les cheveux et \u00e0 pr\u00e9server leur \u00e9lasticit\u00e9 et leur r\u00e9sistance.<\/span><\/li>\n<li><span style=\"font-weight: 400;\">M\u00e9lilot : riche en flavono\u00efdes et en coumarine, le m\u00e9lilot poss\u00e8de des propri\u00e9t\u00e9s r\u00e9g\u00e9n\u00e9rantes, relaxantes et nourrissantes qui en font une substance id\u00e9ale pour restructurer et d\u00e9m\u00ealer les cheveux, en les rendant brillants et volumineux.<\/span><\/li>\n<\/ul>\n<p>[\/vc_column_text][vc_column_text]<br \/>\n<strong><span style=\"font-size: 28px;\">Mode d&#8217;emploi<\/span><\/strong><\/p>\n<p><span style=\"font-weight: 400;\">Appliquer le fluide modelant Luster sur cheveux humides ou secs et proc\u00e9der au coiffage souhait\u00e9.<\/span>[\/vc_column_text][\/vc_column_inner][vc_column_inner width=&#8221;1\/2&#8243; css=&#8221;.vc_custom_1582892345786{background-image: url(https:\/\/paulrivera.it\/wp-content\/uploads\/2020\/02\/background_adv_produc_luster.png?id=919) !important;background-position: center !important;background-repeat: no-repeat !important;background-size: cover !important;}&#8221; offset=&#8221;vc_hidden-lg vc_hidden-md vc_hidden-sm&#8221;][vc_single_image image=&#8221;9808&#8243; img_size=&#8221;large&#8221; alignment=&#8221;center&#8221;][\/vc_column_inner][\/vc_row_inner][\/vc_column][\/vc_row][vc_row css=&#8221;.vc_custom_1582192829011{padding-top: 50px !important;}&#8221;][vc_column][vc_row_inner][vc_column_inner][vc_column_text]<\/p>\n<h1 style=\"text-align: center;\">Vous aimerez aussi<\/h1>\n<p>[\/vc_column_text][\/vc_column_inner][\/vc_row_inner][vc_raw_html]W3dwYi1wcm9kdWN0LXNsaWRlci1zaG9ydGNvZGUgaWQ9IjE5MyJd[\/vc_raw_html][\/vc_column][\/vc_row]<\/p>\n<\/div>","protected":false},"excerpt":{"rendered":"<p><span style=\"font-weight: 400;\">Oil non Oil Luster est un<strong> fluide modelant protecteur<\/strong>, id\u00e9al pour des looks et textures naturels. Il conf\u00e8re une l\u00e9g\u00e8re structure conditionnante et \u00e9limine les frisottis, sans laisser de r\u00e9sidus ni alourdir. Enrichi en <strong>extraits de graines de lin et de m\u00e9lilot<\/strong>, des principes actifs aux propri\u00e9t\u00e9s nourrissantes et hydratantes.<\/span><\/p>\n<p><span style=\"font-weight: 400;\">Il enveloppe les longueurs d&#8217;un film protecteur et l\u00e9g\u00e8rement fixateur. R\u00e9sultat ? Le fluide Luster <strong>illumine et fa\u00e7onne d&#8217;un seul geste<\/strong>, en donnant un effet brillance imm\u00e9diat aux cheveux. Les cheveux retrouvent douceur et vitalit\u00e9.<\/span><\/p>\n<p><span style=\"font-weight: 400;\">200 ml<\/span><\/p>\n<p>&nbsp;<\/p>\n[maxbutton id=\"5\"]\n","protected":false},"featured_media":9562,"template":"","meta":[],"product_brand":[],"product_cat":[1306],"product_tag":[],"class_list":{"0":"post-10563","1":"product","2":"type-product","3":"status-publish","4":"has-post-thumbnail","6":"product_cat-finish-styling-fr","7":"description-off","9":"first","10":"instock","11":"shipping-taxable","12":"product-type-simple"},"yoast_head":"<!-- This site is optimized with the Yoast SEO plugin v27.2 - https:\/\/yoast.com\/product\/yoast-seo-wordpress\/ -->\n<title>Luster Oil Non Oil \u2013 Fluide Modelant Protecteur<\/title>\n<meta name=\"description\" content=\"Oil non Oil Luster est un fluide modelant protecteur, id\u00e9al pour des looks et textures naturels.\" \/>\n<meta name=\"robots\" content=\"index, follow, max-snippet:-1, max-image-preview:large, max-video-preview:-1\" \/>\n<link rel=\"canonical\" href=\"https:\/\/paulrivera.it\/fr\/prodotti\/finish-styling-fr\/luster-oil-non-oil-fluide-modelant-protecteur\/\" \/>\n<meta property=\"og:locale\" content=\"fr_FR\" \/>\n<meta property=\"og:type\" content=\"article\" \/>\n<meta property=\"og:title\" content=\"Luster Oil Non Oil \u2013 Fluide Modelant Protecteur\" \/>\n<meta property=\"og:description\" content=\"Oil non Oil Luster est un fluide modelant protecteur, id\u00e9al pour des looks et textures naturels.\" \/>\n<meta property=\"og:url\" content=\"https:\/\/paulrivera.it\/fr\/prodotti\/finish-styling-fr\/luster-oil-non-oil-fluide-modelant-protecteur\/\" \/>\n<meta property=\"og:site_name\" content=\"Paul Rivera\" \/>\n<meta property=\"article:modified_time\" content=\"2024-05-13T12:46:54+00:00\" \/>\n<meta property=\"og:image\" content=\"https:\/\/paulrivera.it\/wp-content\/uploads\/2020\/02\/606129_paul_rivera_loster_protective_shaping_fluid_200ml.png\" \/>\n\t<meta property=\"og:image:width\" content=\"800\" \/>\n\t<meta property=\"og:image:height\" content=\"800\" \/>\n\t<meta property=\"og:image:type\" content=\"image\/png\" \/>\n<meta name=\"twitter:card\" content=\"summary_large_image\" \/>\n<meta name=\"twitter:label1\" content=\"Est. reading time\" \/>\n\t<meta name=\"twitter:data1\" content=\"3 minutes\" \/>\n<script type=\"application\/ld+json\" class=\"yoast-schema-graph\">{\"@context\":\"https:\/\/schema.org\",\"@graph\":[{\"@type\":\"WebPage\",\"@id\":\"https:\/\/paulrivera.it\/fr\/prodotti\/finish-styling-fr\/luster-oil-non-oil-fluide-modelant-protecteur\/\",\"url\":\"https:\/\/paulrivera.it\/fr\/prodotti\/finish-styling-fr\/luster-oil-non-oil-fluide-modelant-protecteur\/\",\"name\":\"Luster Oil Non Oil \u2013 Fluide Modelant Protecteur\",\"isPartOf\":{\"@id\":\"https:\/\/paulrivera.it\/fr\/#website\"},\"primaryImageOfPage\":{\"@id\":\"https:\/\/paulrivera.it\/fr\/prodotti\/finish-styling-fr\/luster-oil-non-oil-fluide-modelant-protecteur\/#primaryimage\"},\"image\":{\"@id\":\"https:\/\/paulrivera.it\/fr\/prodotti\/finish-styling-fr\/luster-oil-non-oil-fluide-modelant-protecteur\/#primaryimage\"},\"thumbnailUrl\":\"https:\/\/paulrivera.it\/wp-content\/uploads\/2020\/02\/606129_paul_rivera_loster_protective_shaping_fluid_200ml.png\",\"datePublished\":\"2020-02-18T08:48:15+00:00\",\"dateModified\":\"2024-05-13T12:46:54+00:00\",\"description\":\"Oil non Oil Luster est un fluide modelant protecteur, id\u00e9al pour des looks et textures naturels.\",\"breadcrumb\":{\"@id\":\"https:\/\/paulrivera.it\/fr\/prodotti\/finish-styling-fr\/luster-oil-non-oil-fluide-modelant-protecteur\/#breadcrumb\"},\"inLanguage\":\"fr-FR\",\"potentialAction\":[{\"@type\":\"ReadAction\",\"target\":[\"https:\/\/paulrivera.it\/fr\/prodotti\/finish-styling-fr\/luster-oil-non-oil-fluide-modelant-protecteur\/\"]}]},{\"@type\":\"ImageObject\",\"inLanguage\":\"fr-FR\",\"@id\":\"https:\/\/paulrivera.it\/fr\/prodotti\/finish-styling-fr\/luster-oil-non-oil-fluide-modelant-protecteur\/#primaryimage\",\"url\":\"https:\/\/paulrivera.it\/wp-content\/uploads\/2020\/02\/606129_paul_rivera_loster_protective_shaping_fluid_200ml.png\",\"contentUrl\":\"https:\/\/paulrivera.it\/wp-content\/uploads\/2020\/02\/606129_paul_rivera_loster_protective_shaping_fluid_200ml.png\",\"width\":800,\"height\":800},{\"@type\":\"BreadcrumbList\",\"@id\":\"https:\/\/paulrivera.it\/fr\/prodotti\/finish-styling-fr\/luster-oil-non-oil-fluide-modelant-protecteur\/#breadcrumb\",\"itemListElement\":[{\"@type\":\"ListItem\",\"position\":1,\"name\":\"Home\",\"item\":\"https:\/\/paulrivera.it\/fr\/\"},{\"@type\":\"ListItem\",\"position\":2,\"name\":\"Pagina shop\",\"item\":\"https:\/\/paulrivera.it\/prodotti\/\"},{\"@type\":\"ListItem\",\"position\":3,\"name\":\"Luster Oil Non Oil \u2013 Fluide Modelant Protecteur\"}]},{\"@type\":\"WebSite\",\"@id\":\"https:\/\/paulrivera.it\/fr\/#website\",\"url\":\"https:\/\/paulrivera.it\/fr\/\",\"name\":\"Paul Rivera\",\"description\":\"Hair Beauty Celebration\",\"publisher\":{\"@id\":\"https:\/\/paulrivera.it\/fr\/#organization\"},\"potentialAction\":[{\"@type\":\"SearchAction\",\"target\":{\"@type\":\"EntryPoint\",\"urlTemplate\":\"https:\/\/paulrivera.it\/fr\/?s={search_term_string}\"},\"query-input\":{\"@type\":\"PropertyValueSpecification\",\"valueRequired\":true,\"valueName\":\"search_term_string\"}}],\"inLanguage\":\"fr-FR\"},{\"@type\":\"Organization\",\"@id\":\"https:\/\/paulrivera.it\/fr\/#organization\",\"name\":\"Paul Rivera\",\"url\":\"https:\/\/paulrivera.it\/fr\/\",\"logo\":{\"@type\":\"ImageObject\",\"inLanguage\":\"fr-FR\",\"@id\":\"https:\/\/paulrivera.it\/fr\/#\/schema\/logo\/image\/\",\"url\":\"https:\/\/paulrivera.it\/wp-content\/uploads\/2020\/02\/paul_rivera_logo_header_x2.png\",\"contentUrl\":\"https:\/\/paulrivera.it\/wp-content\/uploads\/2020\/02\/paul_rivera_logo_header_x2.png\",\"width\":470,\"height\":60,\"caption\":\"Paul Rivera\"},\"image\":{\"@id\":\"https:\/\/paulrivera.it\/fr\/#\/schema\/logo\/image\/\"}}]}<\/script>\n<!-- \/ Yoast SEO plugin. -->","yoast_head_json":{"title":"Luster Oil Non Oil \u2013 Fluide Modelant Protecteur","description":"Oil non Oil Luster est un fluide modelant protecteur, id\u00e9al pour des looks et textures naturels.","robots":{"index":"index","follow":"follow","max-snippet":"max-snippet:-1","max-image-preview":"max-image-preview:large","max-video-preview":"max-video-preview:-1"},"canonical":"https:\/\/paulrivera.it\/fr\/prodotti\/finish-styling-fr\/luster-oil-non-oil-fluide-modelant-protecteur\/","og_locale":"fr_FR","og_type":"article","og_title":"Luster Oil Non Oil \u2013 Fluide Modelant Protecteur","og_description":"Oil non Oil Luster est un fluide modelant protecteur, id\u00e9al pour des looks et textures naturels.","og_url":"https:\/\/paulrivera.it\/fr\/prodotti\/finish-styling-fr\/luster-oil-non-oil-fluide-modelant-protecteur\/","og_site_name":"Paul Rivera","article_modified_time":"2024-05-13T12:46:54+00:00","og_image":[{"width":800,"height":800,"url":"https:\/\/paulrivera.it\/wp-content\/uploads\/2020\/02\/606129_paul_rivera_loster_protective_shaping_fluid_200ml.png","type":"image\/png"}],"twitter_card":"summary_large_image","twitter_misc":{"Est. reading time":"3 minutes"},"schema":{"@context":"https:\/\/schema.org","@graph":[{"@type":"WebPage","@id":"https:\/\/paulrivera.it\/fr\/prodotti\/finish-styling-fr\/luster-oil-non-oil-fluide-modelant-protecteur\/","url":"https:\/\/paulrivera.it\/fr\/prodotti\/finish-styling-fr\/luster-oil-non-oil-fluide-modelant-protecteur\/","name":"Luster Oil Non Oil \u2013 Fluide Modelant Protecteur","isPartOf":{"@id":"https:\/\/paulrivera.it\/fr\/#website"},"primaryImageOfPage":{"@id":"https:\/\/paulrivera.it\/fr\/prodotti\/finish-styling-fr\/luster-oil-non-oil-fluide-modelant-protecteur\/#primaryimage"},"image":{"@id":"https:\/\/paulrivera.it\/fr\/prodotti\/finish-styling-fr\/luster-oil-non-oil-fluide-modelant-protecteur\/#primaryimage"},"thumbnailUrl":"https:\/\/paulrivera.it\/wp-content\/uploads\/2020\/02\/606129_paul_rivera_loster_protective_shaping_fluid_200ml.png","datePublished":"2020-02-18T08:48:15+00:00","dateModified":"2024-05-13T12:46:54+00:00","description":"Oil non Oil Luster est un fluide modelant protecteur, id\u00e9al pour des looks et textures naturels.","breadcrumb":{"@id":"https:\/\/paulrivera.it\/fr\/prodotti\/finish-styling-fr\/luster-oil-non-oil-fluide-modelant-protecteur\/#breadcrumb"},"inLanguage":"fr-FR","potentialAction":[{"@type":"ReadAction","target":["https:\/\/paulrivera.it\/fr\/prodotti\/finish-styling-fr\/luster-oil-non-oil-fluide-modelant-protecteur\/"]}]},{"@type":"ImageObject","inLanguage":"fr-FR","@id":"https:\/\/paulrivera.it\/fr\/prodotti\/finish-styling-fr\/luster-oil-non-oil-fluide-modelant-protecteur\/#primaryimage","url":"https:\/\/paulrivera.it\/wp-content\/uploads\/2020\/02\/606129_paul_rivera_loster_protective_shaping_fluid_200ml.png","contentUrl":"https:\/\/paulrivera.it\/wp-content\/uploads\/2020\/02\/606129_paul_rivera_loster_protective_shaping_fluid_200ml.png","width":800,"height":800},{"@type":"BreadcrumbList","@id":"https:\/\/paulrivera.it\/fr\/prodotti\/finish-styling-fr\/luster-oil-non-oil-fluide-modelant-protecteur\/#breadcrumb","itemListElement":[{"@type":"ListItem","position":1,"name":"Home","item":"https:\/\/paulrivera.it\/fr\/"},{"@type":"ListItem","position":2,"name":"Pagina shop","item":"https:\/\/paulrivera.it\/prodotti\/"},{"@type":"ListItem","position":3,"name":"Luster Oil Non Oil \u2013 Fluide Modelant Protecteur"}]},{"@type":"WebSite","@id":"https:\/\/paulrivera.it\/fr\/#website","url":"https:\/\/paulrivera.it\/fr\/","name":"Paul Rivera","description":"Hair Beauty Celebration","publisher":{"@id":"https:\/\/paulrivera.it\/fr\/#organization"},"potentialAction":[{"@type":"SearchAction","target":{"@type":"EntryPoint","urlTemplate":"https:\/\/paulrivera.it\/fr\/?s={search_term_string}"},"query-input":{"@type":"PropertyValueSpecification","valueRequired":true,"valueName":"search_term_string"}}],"inLanguage":"fr-FR"},{"@type":"Organization","@id":"https:\/\/paulrivera.it\/fr\/#organization","name":"Paul Rivera","url":"https:\/\/paulrivera.it\/fr\/","logo":{"@type":"ImageObject","inLanguage":"fr-FR","@id":"https:\/\/paulrivera.it\/fr\/#\/schema\/logo\/image\/","url":"https:\/\/paulrivera.it\/wp-content\/uploads\/2020\/02\/paul_rivera_logo_header_x2.png","contentUrl":"https:\/\/paulrivera.it\/wp-content\/uploads\/2020\/02\/paul_rivera_logo_header_x2.png","width":470,"height":60,"caption":"Paul Rivera"},"image":{"@id":"https:\/\/paulrivera.it\/fr\/#\/schema\/logo\/image\/"}}]}},"_links":{"self":[{"href":"https:\/\/paulrivera.it\/fr\/wp-json\/wp\/v2\/product\/10563","targetHints":{"allow":["GET"]}}],"collection":[{"href":"https:\/\/paulrivera.it\/fr\/wp-json\/wp\/v2\/product"}],"about":[{"href":"https:\/\/paulrivera.it\/fr\/wp-json\/wp\/v2\/types\/product"}],"wp:featuredmedia":[{"embeddable":true,"href":"https:\/\/paulrivera.it\/fr\/wp-json\/wp\/v2\/media\/9562"}],"wp:attachment":[{"href":"https:\/\/paulrivera.it\/fr\/wp-json\/wp\/v2\/media?parent=10563"}],"wp:term":[{"taxonomy":"product_brand","embeddable":true,"href":"https:\/\/paulrivera.it\/fr\/wp-json\/wp\/v2\/product_brand?post=10563"},{"taxonomy":"product_cat","embeddable":true,"href":"https:\/\/paulrivera.it\/fr\/wp-json\/wp\/v2\/product_cat?post=10563"},{"taxonomy":"product_tag","embeddable":true,"href":"https:\/\/paulrivera.it\/fr\/wp-json\/wp\/v2\/product_tag?post=10563"}],"curies":[{"name":"wp","href":"https:\/\/api.w.org\/{rel}","templated":true}]}}