{"id":10565,"date":"2023-06-05T09:00:56","date_gmt":"2023-06-05T07:00:56","guid":{"rendered":"https:\/\/paulrivera.it\/product\/perfect-all-defence-shampoing-adoucissant\/"},"modified":"2024-05-13T14:12:03","modified_gmt":"2024-05-13T12:12:03","slug":"perfect-all-defence-shampoing-adoucissant","status":"publish","type":"product","link":"https:\/\/paulrivera.it\/fr\/prodotti\/soins\/perfect-all-usage-frequent\/perfect-all-defence-shampoing-adoucissant\/","title":{"rendered":"Perfect All Defence &#8211; Shampoing adoucissant"},"content":{"rendered":"<div class=\"wpb-content-wrapper\"><p>[vc_row full_width=&#8221;stretch_row&#8221;][vc_column][vc_row_inner el_id=&#8221;desktop&#8221;][vc_column_inner width=&#8221;1\/2&#8243; css=&#8221;.vc_custom_1582194227194{padding-top: 10% !important;padding-right: 10% !important;padding-bottom: 10% !important;padding-left: 30% !important;}&#8221; offset=&#8221;vc_hidden-md vc_hidden-sm vc_hidden-xs&#8221;][vc_column_text]<br \/>\n<span style=\"font-size: 28px;\"><b>Les bonnes raisons de l&#8217;aimer<\/b><\/span><\/p>\n<ul>\n<li style=\"font-weight: 400;\" aria-level=\"1\"><span style=\"font-weight: 400;\">Formule sans sulfate<\/span><\/li>\n<li style=\"font-weight: 400;\" aria-level=\"1\"><span style=\"font-weight: 400;\">Id\u00e9al pour un usage fr\u00e9quent<\/span><\/li>\n<li style=\"font-weight: 400;\" aria-level=\"1\"><span style=\"font-weight: 400;\">Action adoucissante sur les cheveux<\/span><\/li>\n<li style=\"font-weight: 400;\" aria-level=\"1\"><span style=\"font-weight: 400;\">Nettoie d\u00e9licatement le cuir chevelu et les cheveux<\/span><\/li>\n<\/ul>\n<p>[\/vc_column_text][vc_column_text]<br \/>\n<span style=\"font-size: 28px;\"><b>Les principes actifs de la formule<\/b><\/span><\/p>\n<ul>\n<li style=\"font-weight: 400;\" aria-level=\"1\"><span style=\"font-weight: 400;\">Extraits d&#8217;hamam\u00e9lis : combattent la fragilit\u00e9 capillaire, en purifiant et en favorisant la nutrition et l&#8217;oxyg\u00e9nation.<\/span><\/li>\n<li style=\"font-weight: 400;\" aria-level=\"1\"><span style=\"font-weight: 400;\">Myrte : puissant effet apaisant et tonifiant qui redonne leur douceur naturelle aux cheveux.<\/span><\/li>\n<\/ul>\n<p>[\/vc_column_text][vc_column_text]<br \/>\n<span style=\"font-size: 28px;\"><b>Mode d&#8217;emploi<\/b><\/span><\/p>\n<p><span style=\"font-weight: 400;\">Appliquer le shampoing sur cheveux mouill\u00e9s et masser. Rincer et r\u00e9p\u00e9ter si n\u00e9cessaire, avant de passer \u00e0 l&#8217;utilisation du masque \u00e0 usage fr\u00e9quent.<\/span>[\/vc_column_text][\/vc_column_inner][vc_column_inner width=&#8221;1\/2&#8243; css=&#8221;.vc_custom_1582809987844{background-image: url(https:\/\/paulrivera.it\/wp-content\/uploads\/2020\/02\/background_adv_product_perfect_all.png?id=862) !important;background-position: center !important;background-repeat: no-repeat !important;background-size: cover !important;}&#8221; offset=&#8221;vc_hidden-md vc_hidden-sm vc_hidden-xs&#8221;][vc_single_image image=&#8221;10214&#8243; img_size=&#8221;large&#8221; alignment=&#8221;center&#8221;][\/vc_column_inner][\/vc_row_inner][vc_row_inner el_id=&#8221;tablet&#8221;][vc_column_inner offset=&#8221;vc_hidden-lg vc_hidden-xs&#8221;][vc_column_text]<br \/>\n<span style=\"font-size: 28px;\"><b>Les bonnes raisons de l&#8217;aimer<\/b><\/span><\/p>\n<ul>\n<li style=\"font-weight: 400;\" aria-level=\"1\"><span style=\"font-weight: 400;\">Formule sans sulfate<\/span><\/li>\n<li style=\"font-weight: 400;\" aria-level=\"1\"><span style=\"font-weight: 400;\">Id\u00e9al pour un usage fr\u00e9quent<\/span><\/li>\n<li style=\"font-weight: 400;\" aria-level=\"1\"><span style=\"font-weight: 400;\">Action adoucissante sur les cheveux<\/span><\/li>\n<li style=\"font-weight: 400;\" aria-level=\"1\"><span style=\"font-weight: 400;\">Nettoie d\u00e9licatement le cuir chevelu et les cheveux<\/span><\/li>\n<\/ul>\n<p>[\/vc_column_text][vc_column_text]<br \/>\n<span style=\"font-size: 28px;\"><b>Les principes actifs de la formule<\/b><\/span><\/p>\n<ul>\n<li style=\"font-weight: 400;\" aria-level=\"1\"><span style=\"font-weight: 400;\">Extraits d&#8217;hamam\u00e9lis : combattent la fragilit\u00e9 capillaire, en purifiant et en favorisant la nutrition et l&#8217;oxyg\u00e9nation.<\/span><\/li>\n<li style=\"font-weight: 400;\" aria-level=\"1\"><span style=\"font-weight: 400;\">Myrte : puissant effet apaisant et tonifiant qui redonne leur douceur naturelle aux cheveux.<\/span><\/li>\n<\/ul>\n<p>[\/vc_column_text][vc_column_text]<br \/>\n<span style=\"font-size: 28px;\"><b>Mode d&#8217;emploi<\/b><\/span><\/p>\n<p><span style=\"font-weight: 400;\">Appliquer le shampoing sur cheveux mouill\u00e9s et masser. Rincer et r\u00e9p\u00e9ter si n\u00e9cessaire, avant de passer \u00e0 l&#8217;utilisation du masque \u00e0 usage fr\u00e9quent.<\/span>[\/vc_column_text][\/vc_column_inner][\/vc_row_inner][vc_row_inner el_id=&#8221;mobile&#8221;][vc_column_inner width=&#8221;1\/2&#8243; offset=&#8221;vc_hidden-lg vc_hidden-md vc_hidden-sm&#8221;][vc_column_text]<br \/>\n<span style=\"font-size: 28px;\"><b>Les bonnes raisons de l&#8217;aimer<\/b><\/span><\/p>\n<ul>\n<li style=\"font-weight: 400;\" aria-level=\"1\"><span style=\"font-weight: 400;\">Formule sans sulfate<\/span><\/li>\n<li style=\"font-weight: 400;\" aria-level=\"1\"><span style=\"font-weight: 400;\">Id\u00e9al pour un usage fr\u00e9quent<\/span><\/li>\n<li style=\"font-weight: 400;\" aria-level=\"1\"><span style=\"font-weight: 400;\">Action adoucissante sur les cheveux<\/span><\/li>\n<li style=\"font-weight: 400;\" aria-level=\"1\"><span style=\"font-weight: 400;\">Nettoie d\u00e9licatement le cuir chevelu et les cheveux<\/span><\/li>\n<\/ul>\n<p>[\/vc_column_text][vc_column_text]<br \/>\n<span style=\"font-size: 28px;\"><b>Les principes actifs de la formule<\/b><\/span><\/p>\n<ul>\n<li style=\"font-weight: 400;\" aria-level=\"1\"><span style=\"font-weight: 400;\">Extraits d&#8217;hamam\u00e9lis : combattent la fragilit\u00e9 capillaire, en purifiant et en favorisant la nutrition et l&#8217;oxyg\u00e9nation.<\/span><\/li>\n<li style=\"font-weight: 400;\" aria-level=\"1\"><span style=\"font-weight: 400;\">Myrte : puissant effet apaisant et tonifiant qui redonne leur douceur naturelle aux cheveux.<\/span><\/li>\n<\/ul>\n<p>[\/vc_column_text][vc_column_text]<br \/>\n<span style=\"font-size: 28px;\"><b>Mode d&#8217;emploi<\/b><\/span><\/p>\n<p><span style=\"font-weight: 400;\">Appliquer le shampoing sur cheveux mouill\u00e9s et masser. Rincer et r\u00e9p\u00e9ter si n\u00e9cessaire, avant de passer \u00e0 l&#8217;utilisation du masque \u00e0 usage fr\u00e9quent.<\/span>[\/vc_column_text][\/vc_column_inner][vc_column_inner width=&#8221;1\/2&#8243; css=&#8221;.vc_custom_1582810010637{background-image: url(https:\/\/paulrivera.it\/wp-content\/uploads\/2020\/02\/background_adv_product_perfect_all.png?id=862) !important;background-position: center !important;background-repeat: no-repeat !important;background-size: cover !important;}&#8221; offset=&#8221;vc_hidden-lg vc_hidden-md vc_hidden-sm&#8221;][vc_single_image image=&#8221;10214&#8243; img_size=&#8221;large&#8221; alignment=&#8221;center&#8221;][\/vc_column_inner][\/vc_row_inner][\/vc_column][\/vc_row][vc_row css=&#8221;.vc_custom_1582192829011{padding-top: 50px !important;}&#8221;][vc_column][vc_row_inner][vc_column_inner][vc_column_text]<\/p>\n<h1 style=\"text-align: center;\">Vous aimerez aussi<\/h1>\n<p>[\/vc_column_text][\/vc_column_inner][\/vc_row_inner][vc_raw_html]W3dwYi1wcm9kdWN0LXNsaWRlci1zaG9ydGNvZGUgaWQ9IjI1NyJd[\/vc_raw_html][\/vc_column][\/vc_row]<\/p>\n<\/div>","protected":false},"excerpt":{"rendered":"<p><span style=\"font-weight: 400;\">Id\u00e9al pour un<\/span><b> usage fr\u00e9quent<\/b><span style=\"font-weight: 400;\">, Perfect All Defence est un<\/span><b> shampooing revitalisant sans sulfate<\/b><span style=\"font-weight: 400;\">, avec une action adoucissante qui apporte douceur et l\u00e9g\u00e8ret\u00e9 aux cheveux.<\/span><\/p>\n<p><span style=\"font-weight: 400;\">Sa<\/span><b> formule<\/b><span style=\"font-weight: 400;\"> l\u00e9g\u00e8re et d\u00e9licate hydrate et nettoie les cheveux sans les alourdir.\u00a0<\/span><\/p>\n<p><span style=\"font-weight: 400;\">Une approche essentielle pour un<\/span><b> effet naturel<\/b><span style=\"font-weight: 400;\"> des principes actifs.<\/span><\/p>\n<p><span style=\"font-weight: 400;\">1000 ml<\/span><\/p>\n<p>&nbsp;<\/p>\n[maxbutton id=\"5\"]\n","protected":false},"featured_media":10210,"template":"","meta":[],"product_brand":[],"product_cat":[1319],"product_tag":[],"class_list":{"0":"post-10565","1":"product","2":"type-product","3":"status-publish","4":"has-post-thumbnail","6":"product_cat-perfect-all-usage-frequent","7":"description-off","9":"first","10":"instock","11":"shipping-taxable","12":"product-type-simple"},"yoast_head":"<!-- This site is optimized with the Yoast SEO plugin v27.2 - https:\/\/yoast.com\/product\/yoast-seo-wordpress\/ -->\n<title>Perfect All Defence - Shampoing adoucissant<\/title>\n<meta name=\"description\" content=\"Perfect All Defence est un shampooing revitalisant sans sulfate, avec une action adoucissante qui apporte douceur et l\u00e9g\u00e8ret\u00e9 aux cheveux.\" \/>\n<meta name=\"robots\" content=\"index, follow, max-snippet:-1, max-image-preview:large, max-video-preview:-1\" \/>\n<link rel=\"canonical\" href=\"https:\/\/paulrivera.it\/fr\/prodotti\/soins\/perfect-all-usage-frequent\/perfect-all-defence-shampoing-adoucissant\/\" \/>\n<meta property=\"og:locale\" content=\"fr_FR\" \/>\n<meta property=\"og:type\" content=\"article\" \/>\n<meta property=\"og:title\" content=\"Perfect All Defence - Shampoing adoucissant\" \/>\n<meta property=\"og:description\" content=\"Perfect All Defence est un shampooing revitalisant sans sulfate, avec une action adoucissante qui apporte douceur et l\u00e9g\u00e8ret\u00e9 aux cheveux.\" \/>\n<meta property=\"og:url\" content=\"https:\/\/paulrivera.it\/fr\/prodotti\/soins\/perfect-all-usage-frequent\/perfect-all-defence-shampoing-adoucissant\/\" \/>\n<meta property=\"og:site_name\" content=\"Paul Rivera\" \/>\n<meta property=\"article:modified_time\" content=\"2024-05-13T12:12:03+00:00\" \/>\n<meta property=\"og:image\" content=\"https:\/\/paulrivera.it\/wp-content\/uploads\/2023\/05\/604453_paul_rivera_perfect_all_defence_shampoo_1000ml.png\" \/>\n\t<meta property=\"og:image:width\" content=\"800\" \/>\n\t<meta property=\"og:image:height\" content=\"800\" \/>\n\t<meta property=\"og:image:type\" content=\"image\/png\" \/>\n<meta name=\"twitter:card\" content=\"summary_large_image\" \/>\n<meta name=\"twitter:label1\" content=\"Est. reading time\" \/>\n\t<meta name=\"twitter:data1\" content=\"2 minutes\" \/>\n<script type=\"application\/ld+json\" class=\"yoast-schema-graph\">{\"@context\":\"https:\/\/schema.org\",\"@graph\":[{\"@type\":\"WebPage\",\"@id\":\"https:\/\/paulrivera.it\/fr\/prodotti\/soins\/perfect-all-usage-frequent\/perfect-all-defence-shampoing-adoucissant\/\",\"url\":\"https:\/\/paulrivera.it\/fr\/prodotti\/soins\/perfect-all-usage-frequent\/perfect-all-defence-shampoing-adoucissant\/\",\"name\":\"Perfect All Defence - Shampoing adoucissant\",\"isPartOf\":{\"@id\":\"https:\/\/paulrivera.it\/fr\/#website\"},\"primaryImageOfPage\":{\"@id\":\"https:\/\/paulrivera.it\/fr\/prodotti\/soins\/perfect-all-usage-frequent\/perfect-all-defence-shampoing-adoucissant\/#primaryimage\"},\"image\":{\"@id\":\"https:\/\/paulrivera.it\/fr\/prodotti\/soins\/perfect-all-usage-frequent\/perfect-all-defence-shampoing-adoucissant\/#primaryimage\"},\"thumbnailUrl\":\"https:\/\/paulrivera.it\/wp-content\/uploads\/2023\/05\/604453_paul_rivera_perfect_all_defence_shampoo_1000ml.png\",\"datePublished\":\"2023-06-05T07:00:56+00:00\",\"dateModified\":\"2024-05-13T12:12:03+00:00\",\"description\":\"Perfect All Defence est un shampooing revitalisant sans sulfate, avec une action adoucissante qui apporte douceur et l\u00e9g\u00e8ret\u00e9 aux cheveux.\",\"breadcrumb\":{\"@id\":\"https:\/\/paulrivera.it\/fr\/prodotti\/soins\/perfect-all-usage-frequent\/perfect-all-defence-shampoing-adoucissant\/#breadcrumb\"},\"inLanguage\":\"fr-FR\",\"potentialAction\":[{\"@type\":\"ReadAction\",\"target\":[\"https:\/\/paulrivera.it\/fr\/prodotti\/soins\/perfect-all-usage-frequent\/perfect-all-defence-shampoing-adoucissant\/\"]}]},{\"@type\":\"ImageObject\",\"inLanguage\":\"fr-FR\",\"@id\":\"https:\/\/paulrivera.it\/fr\/prodotti\/soins\/perfect-all-usage-frequent\/perfect-all-defence-shampoing-adoucissant\/#primaryimage\",\"url\":\"https:\/\/paulrivera.it\/wp-content\/uploads\/2023\/05\/604453_paul_rivera_perfect_all_defence_shampoo_1000ml.png\",\"contentUrl\":\"https:\/\/paulrivera.it\/wp-content\/uploads\/2023\/05\/604453_paul_rivera_perfect_all_defence_shampoo_1000ml.png\",\"width\":800,\"height\":800},{\"@type\":\"BreadcrumbList\",\"@id\":\"https:\/\/paulrivera.it\/fr\/prodotti\/soins\/perfect-all-usage-frequent\/perfect-all-defence-shampoing-adoucissant\/#breadcrumb\",\"itemListElement\":[{\"@type\":\"ListItem\",\"position\":1,\"name\":\"Home\",\"item\":\"https:\/\/paulrivera.it\/fr\/\"},{\"@type\":\"ListItem\",\"position\":2,\"name\":\"Pagina shop\",\"item\":\"https:\/\/paulrivera.it\/prodotti\/\"},{\"@type\":\"ListItem\",\"position\":3,\"name\":\"Perfect All Defence &#8211; Shampoing adoucissant\"}]},{\"@type\":\"WebSite\",\"@id\":\"https:\/\/paulrivera.it\/fr\/#website\",\"url\":\"https:\/\/paulrivera.it\/fr\/\",\"name\":\"Paul Rivera\",\"description\":\"Hair Beauty Celebration\",\"publisher\":{\"@id\":\"https:\/\/paulrivera.it\/fr\/#organization\"},\"potentialAction\":[{\"@type\":\"SearchAction\",\"target\":{\"@type\":\"EntryPoint\",\"urlTemplate\":\"https:\/\/paulrivera.it\/fr\/?s={search_term_string}\"},\"query-input\":{\"@type\":\"PropertyValueSpecification\",\"valueRequired\":true,\"valueName\":\"search_term_string\"}}],\"inLanguage\":\"fr-FR\"},{\"@type\":\"Organization\",\"@id\":\"https:\/\/paulrivera.it\/fr\/#organization\",\"name\":\"Paul Rivera\",\"url\":\"https:\/\/paulrivera.it\/fr\/\",\"logo\":{\"@type\":\"ImageObject\",\"inLanguage\":\"fr-FR\",\"@id\":\"https:\/\/paulrivera.it\/fr\/#\/schema\/logo\/image\/\",\"url\":\"https:\/\/paulrivera.it\/wp-content\/uploads\/2020\/02\/paul_rivera_logo_header_x2.png\",\"contentUrl\":\"https:\/\/paulrivera.it\/wp-content\/uploads\/2020\/02\/paul_rivera_logo_header_x2.png\",\"width\":470,\"height\":60,\"caption\":\"Paul Rivera\"},\"image\":{\"@id\":\"https:\/\/paulrivera.it\/fr\/#\/schema\/logo\/image\/\"}}]}<\/script>\n<!-- \/ Yoast SEO plugin. -->","yoast_head_json":{"title":"Perfect All Defence - Shampoing adoucissant","description":"Perfect All Defence est un shampooing revitalisant sans sulfate, avec une action adoucissante qui apporte douceur et l\u00e9g\u00e8ret\u00e9 aux cheveux.","robots":{"index":"index","follow":"follow","max-snippet":"max-snippet:-1","max-image-preview":"max-image-preview:large","max-video-preview":"max-video-preview:-1"},"canonical":"https:\/\/paulrivera.it\/fr\/prodotti\/soins\/perfect-all-usage-frequent\/perfect-all-defence-shampoing-adoucissant\/","og_locale":"fr_FR","og_type":"article","og_title":"Perfect All Defence - Shampoing adoucissant","og_description":"Perfect All Defence est un shampooing revitalisant sans sulfate, avec une action adoucissante qui apporte douceur et l\u00e9g\u00e8ret\u00e9 aux cheveux.","og_url":"https:\/\/paulrivera.it\/fr\/prodotti\/soins\/perfect-all-usage-frequent\/perfect-all-defence-shampoing-adoucissant\/","og_site_name":"Paul Rivera","article_modified_time":"2024-05-13T12:12:03+00:00","og_image":[{"width":800,"height":800,"url":"https:\/\/paulrivera.it\/wp-content\/uploads\/2023\/05\/604453_paul_rivera_perfect_all_defence_shampoo_1000ml.png","type":"image\/png"}],"twitter_card":"summary_large_image","twitter_misc":{"Est. reading time":"2 minutes"},"schema":{"@context":"https:\/\/schema.org","@graph":[{"@type":"WebPage","@id":"https:\/\/paulrivera.it\/fr\/prodotti\/soins\/perfect-all-usage-frequent\/perfect-all-defence-shampoing-adoucissant\/","url":"https:\/\/paulrivera.it\/fr\/prodotti\/soins\/perfect-all-usage-frequent\/perfect-all-defence-shampoing-adoucissant\/","name":"Perfect All Defence - Shampoing adoucissant","isPartOf":{"@id":"https:\/\/paulrivera.it\/fr\/#website"},"primaryImageOfPage":{"@id":"https:\/\/paulrivera.it\/fr\/prodotti\/soins\/perfect-all-usage-frequent\/perfect-all-defence-shampoing-adoucissant\/#primaryimage"},"image":{"@id":"https:\/\/paulrivera.it\/fr\/prodotti\/soins\/perfect-all-usage-frequent\/perfect-all-defence-shampoing-adoucissant\/#primaryimage"},"thumbnailUrl":"https:\/\/paulrivera.it\/wp-content\/uploads\/2023\/05\/604453_paul_rivera_perfect_all_defence_shampoo_1000ml.png","datePublished":"2023-06-05T07:00:56+00:00","dateModified":"2024-05-13T12:12:03+00:00","description":"Perfect All Defence est un shampooing revitalisant sans sulfate, avec une action adoucissante qui apporte douceur et l\u00e9g\u00e8ret\u00e9 aux cheveux.","breadcrumb":{"@id":"https:\/\/paulrivera.it\/fr\/prodotti\/soins\/perfect-all-usage-frequent\/perfect-all-defence-shampoing-adoucissant\/#breadcrumb"},"inLanguage":"fr-FR","potentialAction":[{"@type":"ReadAction","target":["https:\/\/paulrivera.it\/fr\/prodotti\/soins\/perfect-all-usage-frequent\/perfect-all-defence-shampoing-adoucissant\/"]}]},{"@type":"ImageObject","inLanguage":"fr-FR","@id":"https:\/\/paulrivera.it\/fr\/prodotti\/soins\/perfect-all-usage-frequent\/perfect-all-defence-shampoing-adoucissant\/#primaryimage","url":"https:\/\/paulrivera.it\/wp-content\/uploads\/2023\/05\/604453_paul_rivera_perfect_all_defence_shampoo_1000ml.png","contentUrl":"https:\/\/paulrivera.it\/wp-content\/uploads\/2023\/05\/604453_paul_rivera_perfect_all_defence_shampoo_1000ml.png","width":800,"height":800},{"@type":"BreadcrumbList","@id":"https:\/\/paulrivera.it\/fr\/prodotti\/soins\/perfect-all-usage-frequent\/perfect-all-defence-shampoing-adoucissant\/#breadcrumb","itemListElement":[{"@type":"ListItem","position":1,"name":"Home","item":"https:\/\/paulrivera.it\/fr\/"},{"@type":"ListItem","position":2,"name":"Pagina shop","item":"https:\/\/paulrivera.it\/prodotti\/"},{"@type":"ListItem","position":3,"name":"Perfect All Defence &#8211; Shampoing adoucissant"}]},{"@type":"WebSite","@id":"https:\/\/paulrivera.it\/fr\/#website","url":"https:\/\/paulrivera.it\/fr\/","name":"Paul Rivera","description":"Hair Beauty Celebration","publisher":{"@id":"https:\/\/paulrivera.it\/fr\/#organization"},"potentialAction":[{"@type":"SearchAction","target":{"@type":"EntryPoint","urlTemplate":"https:\/\/paulrivera.it\/fr\/?s={search_term_string}"},"query-input":{"@type":"PropertyValueSpecification","valueRequired":true,"valueName":"search_term_string"}}],"inLanguage":"fr-FR"},{"@type":"Organization","@id":"https:\/\/paulrivera.it\/fr\/#organization","name":"Paul Rivera","url":"https:\/\/paulrivera.it\/fr\/","logo":{"@type":"ImageObject","inLanguage":"fr-FR","@id":"https:\/\/paulrivera.it\/fr\/#\/schema\/logo\/image\/","url":"https:\/\/paulrivera.it\/wp-content\/uploads\/2020\/02\/paul_rivera_logo_header_x2.png","contentUrl":"https:\/\/paulrivera.it\/wp-content\/uploads\/2020\/02\/paul_rivera_logo_header_x2.png","width":470,"height":60,"caption":"Paul Rivera"},"image":{"@id":"https:\/\/paulrivera.it\/fr\/#\/schema\/logo\/image\/"}}]}},"_links":{"self":[{"href":"https:\/\/paulrivera.it\/fr\/wp-json\/wp\/v2\/product\/10565","targetHints":{"allow":["GET"]}}],"collection":[{"href":"https:\/\/paulrivera.it\/fr\/wp-json\/wp\/v2\/product"}],"about":[{"href":"https:\/\/paulrivera.it\/fr\/wp-json\/wp\/v2\/types\/product"}],"wp:featuredmedia":[{"embeddable":true,"href":"https:\/\/paulrivera.it\/fr\/wp-json\/wp\/v2\/media\/10210"}],"wp:attachment":[{"href":"https:\/\/paulrivera.it\/fr\/wp-json\/wp\/v2\/media?parent=10565"}],"wp:term":[{"taxonomy":"product_brand","embeddable":true,"href":"https:\/\/paulrivera.it\/fr\/wp-json\/wp\/v2\/product_brand?post=10565"},{"taxonomy":"product_cat","embeddable":true,"href":"https:\/\/paulrivera.it\/fr\/wp-json\/wp\/v2\/product_cat?post=10565"},{"taxonomy":"product_tag","embeddable":true,"href":"https:\/\/paulrivera.it\/fr\/wp-json\/wp\/v2\/product_tag?post=10565"}],"curies":[{"name":"wp","href":"https:\/\/api.w.org\/{rel}","templated":true}]}}