{"id":10588,"date":"2020-02-18T09:37:30","date_gmt":"2020-02-18T08:37:30","guid":{"rendered":"https:\/\/paulrivera.it\/product\/absolute-sleek-shampooing-disciplinant-2\/"},"modified":"2024-05-13T14:52:46","modified_gmt":"2024-05-13T12:52:46","slug":"absolute-sleek-shampooing-disciplinant-2","status":"publish","type":"product","link":"https:\/\/paulrivera.it\/fr\/prodotti\/soins\/absolute-sleek-cheveux-crepus\/absolute-sleek-shampooing-disciplinant-2\/","title":{"rendered":"Absolute sleek \u2013 Shampooing disciplinant"},"content":{"rendered":"<div class=\"wpb-content-wrapper\"><p>[vc_row full_width=&#8221;stretch_row&#8221;][vc_column][vc_row_inner el_id=&#8221;desktop&#8221;][vc_column_inner width=&#8221;1\/2&#8243; css=&#8221;.vc_custom_1582194227194{padding-top: 10% !important;padding-right: 10% !important;padding-bottom: 10% !important;padding-left: 30% !important;}&#8221; offset=&#8221;vc_hidden-md vc_hidden-sm vc_hidden-xs&#8221;][vc_column_text]<br \/>\n<span style=\"font-size: 28px;\"><b>Les bonnes raisons de l&#8217;aimer<\/b><\/span><\/p>\n<ul>\n<li style=\"font-weight: 400;\" aria-level=\"1\"><span style=\"font-weight: 400;\">Nettoie et discipline les cheveux<\/span><\/li>\n<li style=\"font-weight: 400;\" aria-level=\"1\"><span style=\"font-weight: 400;\">Prot\u00e8ge les cheveux des frisottis<\/span><\/li>\n<li style=\"font-weight: 400;\" aria-level=\"1\"><span style=\"font-weight: 400;\">Des cheveux plus doux et soyeux<\/span><\/li>\n<li style=\"font-weight: 400;\" aria-level=\"1\"><span style=\"font-weight: 400;\">Un v\u00e9ritable alli\u00e9 contre la d\u00e9shydratation des cheveux<\/span><\/li>\n<\/ul>\n<p>[\/vc_column_text][vc_column_text]<br \/>\n<span style=\"font-size: 28px;\"><b>Les principes actifs de la formule<\/b><\/span><\/p>\n<ul>\n<li style=\"font-weight: 400;\" aria-level=\"1\"><span style=\"font-weight: 400;\">Extraits de ch\u00e2taigne : gr\u00e2ce aux vitamines et aux sels min\u00e9raux comme le potassium, le fer, le phosphore et le calcium, les extraits de ch\u00e2taigne favorisent la r\u00e9g\u00e9n\u00e9ration et renforcent l&#8217;hydratation.<\/span><\/li>\n<li style=\"font-weight: 400;\" aria-level=\"1\"><span style=\"font-weight: 400;\">Moringa : caract\u00e9ris\u00e9 par sa teneur \u00e9lev\u00e9e en acides amin\u00e9s, vitamines et sels min\u00e9raux, le moringa est connu pour ses propri\u00e9t\u00e9s \u00e9mollientes, antioxydantes et hydratantes.<\/span><\/li>\n<\/ul>\n<p>[\/vc_column_text][vc_column_text]<br \/>\n<span style=\"font-size: 28px;\"><b>Mode d&#8217;emploi<\/b><\/span><\/p>\n<p><span style=\"font-weight: 400;\">Appliquer sur cheveux mouill\u00e9s et masser. Rincer et r\u00e9p\u00e9ter si n\u00e9cessaire, avant d&#8217;appliquer le masque pour cheveux cr\u00e9pus Absolute Sleek.<\/span>[\/vc_column_text][\/vc_column_inner][vc_column_inner width=&#8221;1\/2&#8243; css=&#8221;.vc_custom_1583139976113{background-image: url(https:\/\/paulrivera.it\/wp-content\/uploads\/2020\/02\/background_adv_product_absolute_sleek.png?id=846) !important;background-position: center !important;background-repeat: no-repeat !important;background-size: cover !important;}&#8221; offset=&#8221;vc_hidden-md vc_hidden-sm vc_hidden-xs&#8221;][vc_single_image image=&#8221;9747&#8243; img_size=&#8221;large&#8221; alignment=&#8221;center&#8221;][\/vc_column_inner][\/vc_row_inner][vc_row_inner el_id=&#8221;tablet&#8221;][vc_column_inner offset=&#8221;vc_hidden-lg vc_hidden-xs&#8221;][vc_column_text]<br \/>\n<span style=\"font-size: 28px;\"><b>Les bonnes raisons de l&#8217;aimer<\/b><\/span><\/p>\n<ul>\n<li style=\"font-weight: 400;\" aria-level=\"1\"><span style=\"font-weight: 400;\">Nettoie et discipline les cheveux<\/span><\/li>\n<li style=\"font-weight: 400;\" aria-level=\"1\"><span style=\"font-weight: 400;\">Prot\u00e8ge les cheveux des frisottis<\/span><\/li>\n<li style=\"font-weight: 400;\" aria-level=\"1\"><span style=\"font-weight: 400;\">Des cheveux plus doux et soyeux<\/span><\/li>\n<li style=\"font-weight: 400;\" aria-level=\"1\"><span style=\"font-weight: 400;\">Un v\u00e9ritable alli\u00e9 contre la d\u00e9shydratation des cheveux<\/span><\/li>\n<\/ul>\n<p>[\/vc_column_text][vc_column_text]<br \/>\n<span style=\"font-size: 28px;\"><b>Les principes actifs de la formule<\/b><\/span><\/p>\n<ul>\n<li style=\"font-weight: 400;\" aria-level=\"1\"><span style=\"font-weight: 400;\">Extraits de ch\u00e2taigne : gr\u00e2ce aux vitamines et aux sels min\u00e9raux comme le potassium, le fer, le phosphore et le calcium, les extraits de ch\u00e2taigne favorisent la r\u00e9g\u00e9n\u00e9ration et renforcent l&#8217;hydratation.<\/span><\/li>\n<li style=\"font-weight: 400;\" aria-level=\"1\"><span style=\"font-weight: 400;\">Moringa : caract\u00e9ris\u00e9 par sa teneur \u00e9lev\u00e9e en acides amin\u00e9s, vitamines et sels min\u00e9raux, le moringa est connu pour ses propri\u00e9t\u00e9s \u00e9mollientes, antioxydantes et hydratantes.<\/span><\/li>\n<\/ul>\n<p>[\/vc_column_text][vc_column_text]<br \/>\n<span style=\"font-size: 28px;\"><b>Mode d&#8217;emploi<\/b><\/span><\/p>\n<p><span style=\"font-weight: 400;\">Appliquer sur cheveux mouill\u00e9s et masser. Rincer et r\u00e9p\u00e9ter si n\u00e9cessaire, avant d&#8217;appliquer le masque pour cheveux cr\u00e9pus Absolute Sleek.<\/span>[\/vc_column_text][\/vc_column_inner][\/vc_row_inner][vc_row_inner el_id=&#8221;mobile&#8221;][vc_column_inner width=&#8221;1\/2&#8243; offset=&#8221;vc_hidden-lg vc_hidden-md vc_hidden-sm&#8221;][vc_column_text]<br \/>\n<span style=\"font-size: 28px;\"><b>Les bonnes raisons de l&#8217;aimer<\/b><\/span><\/p>\n<ul>\n<li style=\"font-weight: 400;\" aria-level=\"1\"><span style=\"font-weight: 400;\">Nettoie et discipline les cheveux<\/span><\/li>\n<li style=\"font-weight: 400;\" aria-level=\"1\"><span style=\"font-weight: 400;\">Prot\u00e8ge les cheveux des frisottis<\/span><\/li>\n<li style=\"font-weight: 400;\" aria-level=\"1\"><span style=\"font-weight: 400;\">Des cheveux plus doux et soyeux<\/span><\/li>\n<li style=\"font-weight: 400;\" aria-level=\"1\"><span style=\"font-weight: 400;\">Un v\u00e9ritable alli\u00e9 contre la d\u00e9shydratation des cheveux<\/span><\/li>\n<\/ul>\n<p>[\/vc_column_text][vc_column_text]<br \/>\n<span style=\"font-size: 28px;\"><b>Les principes actifs de la formule<\/b><\/span><\/p>\n<ul>\n<li style=\"font-weight: 400;\" aria-level=\"1\"><span style=\"font-weight: 400;\">Extraits de ch\u00e2taigne : gr\u00e2ce aux vitamines et aux sels min\u00e9raux comme le potassium, le fer, le phosphore et le calcium, les extraits de ch\u00e2taigne favorisent la r\u00e9g\u00e9n\u00e9ration et renforcent l&#8217;hydratation.<\/span><\/li>\n<li style=\"font-weight: 400;\" aria-level=\"1\"><span style=\"font-weight: 400;\">Moringa : caract\u00e9ris\u00e9 par sa teneur \u00e9lev\u00e9e en acides amin\u00e9s, vitamines et sels min\u00e9raux, le moringa est connu pour ses propri\u00e9t\u00e9s \u00e9mollientes, antioxydantes et hydratantes.<\/span><\/li>\n<\/ul>\n<p>[\/vc_column_text][vc_column_text]<br \/>\n<span style=\"font-size: 28px;\"><b>Mode d&#8217;emploi<\/b><\/span><\/p>\n<p><span style=\"font-weight: 400;\">Appliquer sur cheveux mouill\u00e9s et masser. Rincer et r\u00e9p\u00e9ter si n\u00e9cessaire, avant d&#8217;appliquer le masque pour cheveux cr\u00e9pus Absolute Sleek.<\/span>[\/vc_column_text][\/vc_column_inner][vc_column_inner width=&#8221;1\/2&#8243; css=&#8221;.vc_custom_1583140012899{background-image: url(https:\/\/paulrivera.it\/wp-content\/uploads\/2020\/02\/background_adv_product_absolute_sleek.png?id=846) !important;background-position: center !important;background-repeat: no-repeat !important;background-size: cover !important;}&#8221; offset=&#8221;vc_hidden-lg vc_hidden-md vc_hidden-sm&#8221;][vc_single_image image=&#8221;9747&#8243; img_size=&#8221;large&#8221; alignment=&#8221;center&#8221;][\/vc_column_inner][\/vc_row_inner][\/vc_column][\/vc_row][vc_row css=&#8221;.vc_custom_1582192829011{padding-top: 50px !important;}&#8221;][vc_column][vc_row_inner][vc_column_inner][vc_column_text]<\/p>\n<h1 style=\"text-align: center;\">Vous aimerez aussi<\/h1>\n<p>[\/vc_column_text][\/vc_column_inner][\/vc_row_inner][vc_raw_html]W3dwYi1wcm9kdWN0LXNsaWRlci1zaG9ydGNvZGUgaWQ9IjIyNSJd[\/vc_raw_html][\/vc_column][\/vc_row]<\/p>\n<\/div>","protected":false},"excerpt":{"rendered":"<p><span style=\"font-weight: 400;\">Le<\/span><b> Shampoing Absolute Sleek<\/b><span style=\"font-weight: 400;\"> discipline les<\/span><b> cheveux cr\u00e9pus<\/b><span style=\"font-weight: 400;\"> et<\/span><b> rebelles<\/b><span style=\"font-weight: 400;\">. Il contr\u00f4le les cheveux difficiles \u00e0 coiffer, en neutralisant les frisottis gr\u00e2ce \u00e0 une<\/span><b> hydratation intense<\/b><span style=\"font-weight: 400;\"> de la fibre capillaire.<\/span><\/p>\n<p><span style=\"font-weight: 400;\">Gr\u00e2ce \u00e0 sa formule aux<\/span><b> extraits de ch\u00e2taigne<\/b><span style=\"font-weight: 400;\"> et<\/span><b> de moringa<\/b><span style=\"font-weight: 400;\">, ce shampoing combat la d\u00e9shydratation et le dess\u00e8chement de la cuticule, facteurs qui am\u00e8nent les cheveux \u00e0 absorber l&#8217;humidit\u00e9 pr\u00e9sente dans l&#8217;air et \u00e0 gonfler.<\/span><b> Faciles \u00e0 coiffer et disciplin\u00e9s<\/b><span style=\"font-weight: 400;\"> sur toute leur longueur, les cheveux deviennent lisses, brillants et doux comme de la soie.<\/span><\/p>\n<p><span style=\"font-weight: 400;\">1000 ml<\/span><\/p>\n<p>&nbsp;<\/p>\n[maxbutton id=\"5\"]\n","protected":false},"featured_media":9521,"template":"","meta":[],"product_brand":[],"product_cat":[1313],"product_tag":[],"class_list":{"0":"post-10588","1":"product","2":"type-product","3":"status-publish","4":"has-post-thumbnail","6":"product_cat-absolute-sleek-cheveux-crepus","7":"description-off","9":"first","10":"instock","11":"shipping-taxable","12":"product-type-simple"},"yoast_head":"<!-- This site is optimized with the Yoast SEO plugin v27.2 - https:\/\/yoast.com\/product\/yoast-seo-wordpress\/ -->\n<title>Absolute sleek \u2013 Shampooing disciplinant<\/title>\n<meta name=\"description\" content=\"Le Shampoing Absolute Sleek discipline les cheveux cr\u00e9pus et rebelles.\" \/>\n<meta name=\"robots\" content=\"index, follow, max-snippet:-1, max-image-preview:large, max-video-preview:-1\" \/>\n<link rel=\"canonical\" href=\"https:\/\/paulrivera.it\/fr\/prodotti\/soins\/absolute-sleek-cheveux-crepus\/absolute-sleek-shampooing-disciplinant-2\/\" \/>\n<meta property=\"og:locale\" content=\"fr_FR\" \/>\n<meta property=\"og:type\" content=\"article\" \/>\n<meta property=\"og:title\" content=\"Absolute sleek \u2013 Shampooing disciplinant\" \/>\n<meta property=\"og:description\" content=\"Le Shampoing Absolute Sleek discipline les cheveux cr\u00e9pus et rebelles.\" \/>\n<meta property=\"og:url\" content=\"https:\/\/paulrivera.it\/fr\/prodotti\/soins\/absolute-sleek-cheveux-crepus\/absolute-sleek-shampooing-disciplinant-2\/\" \/>\n<meta property=\"og:site_name\" content=\"Paul Rivera\" \/>\n<meta property=\"article:modified_time\" content=\"2024-05-13T12:52:46+00:00\" \/>\n<meta property=\"og:image\" content=\"https:\/\/paulrivera.it\/wp-content\/uploads\/2020\/02\/604606_paul_rivera_absolute_sleek_taming_shampoo_frizzy_hair_1000ml.png\" \/>\n\t<meta property=\"og:image:width\" content=\"800\" \/>\n\t<meta property=\"og:image:height\" content=\"800\" \/>\n\t<meta property=\"og:image:type\" content=\"image\/png\" \/>\n<meta name=\"twitter:card\" content=\"summary_large_image\" \/>\n<meta name=\"twitter:label1\" content=\"Est. reading time\" \/>\n\t<meta name=\"twitter:data1\" content=\"3 minutes\" \/>\n<script type=\"application\/ld+json\" class=\"yoast-schema-graph\">{\"@context\":\"https:\/\/schema.org\",\"@graph\":[{\"@type\":\"WebPage\",\"@id\":\"https:\/\/paulrivera.it\/fr\/prodotti\/soins\/absolute-sleek-cheveux-crepus\/absolute-sleek-shampooing-disciplinant-2\/\",\"url\":\"https:\/\/paulrivera.it\/fr\/prodotti\/soins\/absolute-sleek-cheveux-crepus\/absolute-sleek-shampooing-disciplinant-2\/\",\"name\":\"Absolute sleek \u2013 Shampooing disciplinant\",\"isPartOf\":{\"@id\":\"https:\/\/paulrivera.it\/fr\/#website\"},\"primaryImageOfPage\":{\"@id\":\"https:\/\/paulrivera.it\/fr\/prodotti\/soins\/absolute-sleek-cheveux-crepus\/absolute-sleek-shampooing-disciplinant-2\/#primaryimage\"},\"image\":{\"@id\":\"https:\/\/paulrivera.it\/fr\/prodotti\/soins\/absolute-sleek-cheveux-crepus\/absolute-sleek-shampooing-disciplinant-2\/#primaryimage\"},\"thumbnailUrl\":\"https:\/\/paulrivera.it\/wp-content\/uploads\/2020\/02\/604606_paul_rivera_absolute_sleek_taming_shampoo_frizzy_hair_1000ml.png\",\"datePublished\":\"2020-02-18T08:37:30+00:00\",\"dateModified\":\"2024-05-13T12:52:46+00:00\",\"description\":\"Le Shampoing Absolute Sleek discipline les cheveux cr\u00e9pus et rebelles.\",\"breadcrumb\":{\"@id\":\"https:\/\/paulrivera.it\/fr\/prodotti\/soins\/absolute-sleek-cheveux-crepus\/absolute-sleek-shampooing-disciplinant-2\/#breadcrumb\"},\"inLanguage\":\"fr-FR\",\"potentialAction\":[{\"@type\":\"ReadAction\",\"target\":[\"https:\/\/paulrivera.it\/fr\/prodotti\/soins\/absolute-sleek-cheveux-crepus\/absolute-sleek-shampooing-disciplinant-2\/\"]}]},{\"@type\":\"ImageObject\",\"inLanguage\":\"fr-FR\",\"@id\":\"https:\/\/paulrivera.it\/fr\/prodotti\/soins\/absolute-sleek-cheveux-crepus\/absolute-sleek-shampooing-disciplinant-2\/#primaryimage\",\"url\":\"https:\/\/paulrivera.it\/wp-content\/uploads\/2020\/02\/604606_paul_rivera_absolute_sleek_taming_shampoo_frizzy_hair_1000ml.png\",\"contentUrl\":\"https:\/\/paulrivera.it\/wp-content\/uploads\/2020\/02\/604606_paul_rivera_absolute_sleek_taming_shampoo_frizzy_hair_1000ml.png\",\"width\":800,\"height\":800},{\"@type\":\"BreadcrumbList\",\"@id\":\"https:\/\/paulrivera.it\/fr\/prodotti\/soins\/absolute-sleek-cheveux-crepus\/absolute-sleek-shampooing-disciplinant-2\/#breadcrumb\",\"itemListElement\":[{\"@type\":\"ListItem\",\"position\":1,\"name\":\"Home\",\"item\":\"https:\/\/paulrivera.it\/fr\/\"},{\"@type\":\"ListItem\",\"position\":2,\"name\":\"Pagina shop\",\"item\":\"https:\/\/paulrivera.it\/prodotti\/\"},{\"@type\":\"ListItem\",\"position\":3,\"name\":\"Absolute sleek \u2013 Shampooing disciplinant\"}]},{\"@type\":\"WebSite\",\"@id\":\"https:\/\/paulrivera.it\/fr\/#website\",\"url\":\"https:\/\/paulrivera.it\/fr\/\",\"name\":\"Paul Rivera\",\"description\":\"Hair Beauty Celebration\",\"publisher\":{\"@id\":\"https:\/\/paulrivera.it\/fr\/#organization\"},\"potentialAction\":[{\"@type\":\"SearchAction\",\"target\":{\"@type\":\"EntryPoint\",\"urlTemplate\":\"https:\/\/paulrivera.it\/fr\/?s={search_term_string}\"},\"query-input\":{\"@type\":\"PropertyValueSpecification\",\"valueRequired\":true,\"valueName\":\"search_term_string\"}}],\"inLanguage\":\"fr-FR\"},{\"@type\":\"Organization\",\"@id\":\"https:\/\/paulrivera.it\/fr\/#organization\",\"name\":\"Paul Rivera\",\"url\":\"https:\/\/paulrivera.it\/fr\/\",\"logo\":{\"@type\":\"ImageObject\",\"inLanguage\":\"fr-FR\",\"@id\":\"https:\/\/paulrivera.it\/fr\/#\/schema\/logo\/image\/\",\"url\":\"https:\/\/paulrivera.it\/wp-content\/uploads\/2020\/02\/paul_rivera_logo_header_x2.png\",\"contentUrl\":\"https:\/\/paulrivera.it\/wp-content\/uploads\/2020\/02\/paul_rivera_logo_header_x2.png\",\"width\":470,\"height\":60,\"caption\":\"Paul Rivera\"},\"image\":{\"@id\":\"https:\/\/paulrivera.it\/fr\/#\/schema\/logo\/image\/\"}}]}<\/script>\n<!-- \/ Yoast SEO plugin. -->","yoast_head_json":{"title":"Absolute sleek \u2013 Shampooing disciplinant","description":"Le Shampoing Absolute Sleek discipline les cheveux cr\u00e9pus et rebelles.","robots":{"index":"index","follow":"follow","max-snippet":"max-snippet:-1","max-image-preview":"max-image-preview:large","max-video-preview":"max-video-preview:-1"},"canonical":"https:\/\/paulrivera.it\/fr\/prodotti\/soins\/absolute-sleek-cheveux-crepus\/absolute-sleek-shampooing-disciplinant-2\/","og_locale":"fr_FR","og_type":"article","og_title":"Absolute sleek \u2013 Shampooing disciplinant","og_description":"Le Shampoing Absolute Sleek discipline les cheveux cr\u00e9pus et rebelles.","og_url":"https:\/\/paulrivera.it\/fr\/prodotti\/soins\/absolute-sleek-cheveux-crepus\/absolute-sleek-shampooing-disciplinant-2\/","og_site_name":"Paul Rivera","article_modified_time":"2024-05-13T12:52:46+00:00","og_image":[{"width":800,"height":800,"url":"https:\/\/paulrivera.it\/wp-content\/uploads\/2020\/02\/604606_paul_rivera_absolute_sleek_taming_shampoo_frizzy_hair_1000ml.png","type":"image\/png"}],"twitter_card":"summary_large_image","twitter_misc":{"Est. reading time":"3 minutes"},"schema":{"@context":"https:\/\/schema.org","@graph":[{"@type":"WebPage","@id":"https:\/\/paulrivera.it\/fr\/prodotti\/soins\/absolute-sleek-cheveux-crepus\/absolute-sleek-shampooing-disciplinant-2\/","url":"https:\/\/paulrivera.it\/fr\/prodotti\/soins\/absolute-sleek-cheveux-crepus\/absolute-sleek-shampooing-disciplinant-2\/","name":"Absolute sleek \u2013 Shampooing disciplinant","isPartOf":{"@id":"https:\/\/paulrivera.it\/fr\/#website"},"primaryImageOfPage":{"@id":"https:\/\/paulrivera.it\/fr\/prodotti\/soins\/absolute-sleek-cheveux-crepus\/absolute-sleek-shampooing-disciplinant-2\/#primaryimage"},"image":{"@id":"https:\/\/paulrivera.it\/fr\/prodotti\/soins\/absolute-sleek-cheveux-crepus\/absolute-sleek-shampooing-disciplinant-2\/#primaryimage"},"thumbnailUrl":"https:\/\/paulrivera.it\/wp-content\/uploads\/2020\/02\/604606_paul_rivera_absolute_sleek_taming_shampoo_frizzy_hair_1000ml.png","datePublished":"2020-02-18T08:37:30+00:00","dateModified":"2024-05-13T12:52:46+00:00","description":"Le Shampoing Absolute Sleek discipline les cheveux cr\u00e9pus et rebelles.","breadcrumb":{"@id":"https:\/\/paulrivera.it\/fr\/prodotti\/soins\/absolute-sleek-cheveux-crepus\/absolute-sleek-shampooing-disciplinant-2\/#breadcrumb"},"inLanguage":"fr-FR","potentialAction":[{"@type":"ReadAction","target":["https:\/\/paulrivera.it\/fr\/prodotti\/soins\/absolute-sleek-cheveux-crepus\/absolute-sleek-shampooing-disciplinant-2\/"]}]},{"@type":"ImageObject","inLanguage":"fr-FR","@id":"https:\/\/paulrivera.it\/fr\/prodotti\/soins\/absolute-sleek-cheveux-crepus\/absolute-sleek-shampooing-disciplinant-2\/#primaryimage","url":"https:\/\/paulrivera.it\/wp-content\/uploads\/2020\/02\/604606_paul_rivera_absolute_sleek_taming_shampoo_frizzy_hair_1000ml.png","contentUrl":"https:\/\/paulrivera.it\/wp-content\/uploads\/2020\/02\/604606_paul_rivera_absolute_sleek_taming_shampoo_frizzy_hair_1000ml.png","width":800,"height":800},{"@type":"BreadcrumbList","@id":"https:\/\/paulrivera.it\/fr\/prodotti\/soins\/absolute-sleek-cheveux-crepus\/absolute-sleek-shampooing-disciplinant-2\/#breadcrumb","itemListElement":[{"@type":"ListItem","position":1,"name":"Home","item":"https:\/\/paulrivera.it\/fr\/"},{"@type":"ListItem","position":2,"name":"Pagina shop","item":"https:\/\/paulrivera.it\/prodotti\/"},{"@type":"ListItem","position":3,"name":"Absolute sleek \u2013 Shampooing disciplinant"}]},{"@type":"WebSite","@id":"https:\/\/paulrivera.it\/fr\/#website","url":"https:\/\/paulrivera.it\/fr\/","name":"Paul Rivera","description":"Hair Beauty Celebration","publisher":{"@id":"https:\/\/paulrivera.it\/fr\/#organization"},"potentialAction":[{"@type":"SearchAction","target":{"@type":"EntryPoint","urlTemplate":"https:\/\/paulrivera.it\/fr\/?s={search_term_string}"},"query-input":{"@type":"PropertyValueSpecification","valueRequired":true,"valueName":"search_term_string"}}],"inLanguage":"fr-FR"},{"@type":"Organization","@id":"https:\/\/paulrivera.it\/fr\/#organization","name":"Paul Rivera","url":"https:\/\/paulrivera.it\/fr\/","logo":{"@type":"ImageObject","inLanguage":"fr-FR","@id":"https:\/\/paulrivera.it\/fr\/#\/schema\/logo\/image\/","url":"https:\/\/paulrivera.it\/wp-content\/uploads\/2020\/02\/paul_rivera_logo_header_x2.png","contentUrl":"https:\/\/paulrivera.it\/wp-content\/uploads\/2020\/02\/paul_rivera_logo_header_x2.png","width":470,"height":60,"caption":"Paul Rivera"},"image":{"@id":"https:\/\/paulrivera.it\/fr\/#\/schema\/logo\/image\/"}}]}},"_links":{"self":[{"href":"https:\/\/paulrivera.it\/fr\/wp-json\/wp\/v2\/product\/10588","targetHints":{"allow":["GET"]}}],"collection":[{"href":"https:\/\/paulrivera.it\/fr\/wp-json\/wp\/v2\/product"}],"about":[{"href":"https:\/\/paulrivera.it\/fr\/wp-json\/wp\/v2\/types\/product"}],"wp:featuredmedia":[{"embeddable":true,"href":"https:\/\/paulrivera.it\/fr\/wp-json\/wp\/v2\/media\/9521"}],"wp:attachment":[{"href":"https:\/\/paulrivera.it\/fr\/wp-json\/wp\/v2\/media?parent=10588"}],"wp:term":[{"taxonomy":"product_brand","embeddable":true,"href":"https:\/\/paulrivera.it\/fr\/wp-json\/wp\/v2\/product_brand?post=10588"},{"taxonomy":"product_cat","embeddable":true,"href":"https:\/\/paulrivera.it\/fr\/wp-json\/wp\/v2\/product_cat?post=10588"},{"taxonomy":"product_tag","embeddable":true,"href":"https:\/\/paulrivera.it\/fr\/wp-json\/wp\/v2\/product_tag?post=10588"}],"curies":[{"name":"wp","href":"https:\/\/api.w.org\/{rel}","templated":true}]}}