{"id":10591,"date":"2021-09-22T14:48:15","date_gmt":"2021-09-22T12:48:15","guid":{"rendered":"https:\/\/paulrivera.it\/product\/activize-kit-prevention-chute-de-cheveux-avec-shampoing-et-ampoules\/"},"modified":"2024-05-13T14:30:33","modified_gmt":"2024-05-13T12:30:33","slug":"activize-kit-prevention-chute-de-cheveux-avec-shampoing-et-ampoules","status":"publish","type":"product","link":"https:\/\/paulrivera.it\/fr\/prodotti\/soins\/activize-cheveux-fragiles\/activize-kit-prevention-chute-de-cheveux-avec-shampoing-et-ampoules\/","title":{"rendered":"Activize &#8211; Kit pr\u00e9vention chute de cheveux avec Shampoing et Ampoules"},"content":{"rendered":"<div class=\"wpb-content-wrapper\"><p>[vc_row full_width=&#8221;stretch_row&#8221;][vc_column][vc_row_inner el_id=&#8221;desktop&#8221;][vc_column_inner width=&#8221;1\/2&#8243; css=&#8221;.vc_custom_1582194227194{padding-top: 10% !important;padding-right: 10% !important;padding-bottom: 10% !important;padding-left: 30% !important;}&#8221; offset=&#8221;vc_hidden-md vc_hidden-sm vc_hidden-xs&#8221;][vc_column_text]<br \/>\n<span style=\"font-size: 28px;\"><b>Les bonnes raisons de l&#8217;aimer<\/b><\/span><\/p>\n<ul>\n<li style=\"font-weight: 400;\" aria-level=\"1\"><span style=\"font-weight: 400;\">Id\u00e9al pour les cheveux qui <\/span><b>ont tendance \u00e0 tomber<\/b><\/li>\n<li style=\"font-weight: 400;\" aria-level=\"1\"><span style=\"font-weight: 400;\">R\u00e9active la microcirculation du cuir chevelu<\/span><\/li>\n<li style=\"font-weight: 400;\" aria-level=\"1\"><b>Fortifie les cheveux<\/b><span style=\"font-weight: 400;\">, en luttant contre leur fragilisation<\/span><\/li>\n<li style=\"font-weight: 400;\" aria-level=\"1\"><span style=\"font-weight: 400;\">Les cheveux retrouvent force et vitalit\u00e9<\/span><\/li>\n<\/ul>\n<p>[\/vc_column_text][vc_column_text]<br \/>\n<span style=\"font-size: 28px;\"><b>Les bonnes raisons de l&#8217;aimer<\/b><\/span><\/p>\n<ul>\n<li style=\"font-weight: 400;\" aria-level=\"1\"><span style=\"font-weight: 400;\">Id\u00e9al pour les cheveux qui <\/span><b>ont tendance \u00e0 tomber<\/b><\/li>\n<li style=\"font-weight: 400;\" aria-level=\"1\"><span style=\"font-weight: 400;\">R\u00e9active la microcirculation du cuir chevelu<\/span><\/li>\n<li style=\"font-weight: 400;\" aria-level=\"1\"><b>Fortifie les cheveux<\/b><span style=\"font-weight: 400;\">, en luttant contre leur fragilisation<\/span><\/li>\n<li style=\"font-weight: 400;\" aria-level=\"1\"><span style=\"font-weight: 400;\">Les cheveux retrouvent force et vitalit\u00e9<\/span><\/li>\n<\/ul>\n<p>[\/vc_column_text][vc_column_text]<\/p>\n<h1><strong>Le Rituel<\/strong><\/h1>\n<ol>\n<li><span style=\"font-weight: 400;\">Appliquer le Shampoing \u00e9nergisant Activize sur cheveux mouill\u00e9s et masser doucement.<\/span><\/li>\n<li><span style=\"font-weight: 400;\">Rincer et r\u00e9p\u00e9ter si n\u00e9cessaire<\/span><\/li>\n<li><span style=\"font-weight: 400;\">Apr\u00e8s le shampoing, appliquer la Lotion \u00e9nergisante Activize sur le cuir chevelu.<\/span><\/li>\n<li><span style=\"font-weight: 400;\">Masser par mouvements circulaires jusqu&#8217;\u00e0 absorption<\/span><\/li>\n<li><span style=\"font-weight: 400;\">Ne pas rincer<\/span><\/li>\n<\/ol>\n<p><span style=\"font-weight: 400;\">\u00a0<\/span><\/p>\n<p><strong>Fr\u00e9quence d&#8217;utilisation<\/strong><\/p>\n<p><span style=\"font-weight: 400;\">Soin intensif :<\/span><\/p>\n<p><span style=\"font-weight: 400;\">appliquer 3 ampoules par semaine pendant 5 \u00e0 6 semaines.<\/span><\/p>\n<p><span style=\"font-weight: 400;\">Entretien\/Pr\u00e9vention :<\/span><\/p>\n<p><span style=\"font-weight: 400;\">appliquer 1 \u00e0 2 ampoules par semaine pendant 8 semaines. <\/span>[\/vc_column_text][\/vc_column_inner][vc_column_inner width=&#8221;1\/2&#8243; css=&#8221;.vc_custom_1592902052865{background-color: #e2585a !important;background-position: center !important;background-repeat: no-repeat !important;background-size: cover !important;}&#8221; offset=&#8221;vc_hidden-md vc_hidden-sm vc_hidden-xs&#8221;][vc_single_image image=&#8221;10007&#8243; img_size=&#8221;large&#8221; alignment=&#8221;center&#8221;][\/vc_column_inner][\/vc_row_inner][vc_row_inner el_id=&#8221;tablet&#8221;][vc_column_inner offset=&#8221;vc_hidden-lg vc_hidden-xs&#8221;][vc_column_text]<br \/>\n<span style=\"font-size: 28px;\"><b>Les bonnes raisons de l&#8217;aimer<\/b><\/span><\/p>\n<ul>\n<li style=\"font-weight: 400;\" aria-level=\"1\"><span style=\"font-weight: 400;\">Id\u00e9al pour les cheveux qui <\/span><b>ont tendance \u00e0 tomber<\/b><\/li>\n<li style=\"font-weight: 400;\" aria-level=\"1\"><span style=\"font-weight: 400;\">R\u00e9active la microcirculation du cuir chevelu<\/span><\/li>\n<li style=\"font-weight: 400;\" aria-level=\"1\"><b>Fortifie les cheveux<\/b><span style=\"font-weight: 400;\">, en luttant contre leur fragilisation<\/span><\/li>\n<li style=\"font-weight: 400;\" aria-level=\"1\"><span style=\"font-weight: 400;\">Les cheveux retrouvent force et vitalit\u00e9<\/span><\/li>\n<\/ul>\n<p>[\/vc_column_text][vc_column_text]<br \/>\n<span style=\"font-size: 28px;\"><b>Les principes actifs de la formule<\/b><\/span><\/p>\n<ul>\n<li style=\"font-weight: 400;\" aria-level=\"1\"><b>Cannelle<\/b><span style=\"font-weight: 400;\"> : \u00e9pice aux propri\u00e9t\u00e9s antimicrobiennes, qui \u00e9limine en profondeur l&#8217;accumulation de plaque sur les follicules pileux et stimule la croissance de cheveux forts et sains.<\/span><\/li>\n<li style=\"font-weight: 400;\" aria-level=\"1\"><b>Sauge<\/b><span style=\"font-weight: 400;\"> : une recharge d&#8217;\u00e9nergie intense pour les cheveux, gr\u00e2ce \u00e0 ses propri\u00e9t\u00e9s stimulantes et \u00e0 sa capacit\u00e9 \u00e0 r\u00e9activer la circulation sanguine localis\u00e9e.<\/span><\/li>\n<li style=\"font-weight: 400;\" aria-level=\"1\"><b>Ginkgo Biloba<\/b><span style=\"font-weight: 400;\"> : tr\u00e8s riche en sels min\u00e9raux et vitamines, il active les \u00e9changes intercellulaires et favorise l&#8217;irrigation des follicules pileux, en stimulant la microcirculation sanguine.<\/span><\/li>\n<\/ul>\n<p>[\/vc_column_text][vc_column_text]<\/p>\n<h1><strong>Le Rituel<\/strong><\/h1>\n<ol>\n<li><span style=\"font-weight: 400;\">Appliquer le Shampoing \u00e9nergisant Activize sur cheveux mouill\u00e9s et masser doucement.<\/span><\/li>\n<li><span style=\"font-weight: 400;\">Rincer et r\u00e9p\u00e9ter si n\u00e9cessaire<\/span><\/li>\n<li><span style=\"font-weight: 400;\">Apr\u00e8s le shampoing, appliquer la Lotion \u00e9nergisante Activize sur le cuir chevelu.<\/span><\/li>\n<li><span style=\"font-weight: 400;\">Masser par mouvements circulaires jusqu&#8217;\u00e0 absorption<\/span><\/li>\n<li><span style=\"font-weight: 400;\">Ne pas rincer<\/span><\/li>\n<\/ol>\n<p><span style=\"font-weight: 400;\">\u00a0<\/span><\/p>\n<p><strong>Fr\u00e9quence d&#8217;utilisation<\/strong><\/p>\n<p><span style=\"font-weight: 400;\">Soin intensif :<\/span><\/p>\n<p><span style=\"font-weight: 400;\">appliquer 3 ampoules par semaine pendant 5 \u00e0 6 semaines.<\/span><\/p>\n<p><span style=\"font-weight: 400;\">Entretien\/Pr\u00e9vention :<\/span><\/p>\n<p><span style=\"font-weight: 400;\">appliquer 1 \u00e0 2 ampoules par semaine pendant 8 semaines. <\/span>[\/vc_column_text][\/vc_column_inner][\/vc_row_inner][vc_row_inner el_id=&#8221;mobile&#8221;][vc_column_inner width=&#8221;1\/2&#8243; offset=&#8221;vc_hidden-lg vc_hidden-md vc_hidden-sm&#8221;][vc_column_text]<br \/>\n<span style=\"font-size: 28px;\"><b>Les bonnes raisons de l&#8217;aimer<\/b><\/span><\/p>\n<ul>\n<li style=\"font-weight: 400;\" aria-level=\"1\"><span style=\"font-weight: 400;\">Id\u00e9al pour les cheveux qui <\/span><b>ont tendance \u00e0 tomber<\/b><\/li>\n<li style=\"font-weight: 400;\" aria-level=\"1\"><span style=\"font-weight: 400;\">R\u00e9active la microcirculation du cuir chevelu<\/span><\/li>\n<li style=\"font-weight: 400;\" aria-level=\"1\"><b>Fortifie les cheveux<\/b><span style=\"font-weight: 400;\">, en luttant contre leur fragilisation<\/span><\/li>\n<li style=\"font-weight: 400;\" aria-level=\"1\"><span style=\"font-weight: 400;\">Les cheveux retrouvent force et vitalit\u00e9<\/span><\/li>\n<\/ul>\n<p>[\/vc_column_text][vc_column_text]<br \/>\n<span style=\"font-size: 28px;\"><b>Les principes actifs de la formule<\/b><\/span><\/p>\n<ul>\n<li style=\"font-weight: 400;\" aria-level=\"1\"><b>Cannelle<\/b><span style=\"font-weight: 400;\"> : \u00e9pice aux propri\u00e9t\u00e9s antimicrobiennes, qui \u00e9limine en profondeur l&#8217;accumulation de plaque sur les follicules pileux et stimule la croissance de cheveux forts et sains.<\/span><\/li>\n<li style=\"font-weight: 400;\" aria-level=\"1\"><b>Sauge<\/b><span style=\"font-weight: 400;\"> : une recharge d&#8217;\u00e9nergie intense pour les cheveux, gr\u00e2ce \u00e0 ses propri\u00e9t\u00e9s stimulantes et \u00e0 sa capacit\u00e9 \u00e0 r\u00e9activer la circulation sanguine localis\u00e9e.<\/span><\/li>\n<li style=\"font-weight: 400;\" aria-level=\"1\"><b>Ginkgo Biloba<\/b><span style=\"font-weight: 400;\"> : tr\u00e8s riche en sels min\u00e9raux et vitamines, il active les \u00e9changes intercellulaires et favorise l&#8217;irrigation des follicules pileux, en stimulant la microcirculation sanguine.<\/span><\/li>\n<\/ul>\n<p>[\/vc_column_text][vc_column_text]<\/p>\n<h1><strong>Le Rituel<\/strong><\/h1>\n<ol>\n<li><span style=\"font-weight: 400;\">Appliquer le Shampoing \u00e9nergisant Activize sur cheveux mouill\u00e9s et masser doucement.<\/span><\/li>\n<li><span style=\"font-weight: 400;\">Rincer et r\u00e9p\u00e9ter si n\u00e9cessaire<\/span><\/li>\n<li><span style=\"font-weight: 400;\">Apr\u00e8s le shampoing, appliquer la Lotion \u00e9nergisante Activize sur le cuir chevelu.<\/span><\/li>\n<li><span style=\"font-weight: 400;\">Masser par mouvements circulaires jusqu&#8217;\u00e0 absorption<\/span><\/li>\n<li><span style=\"font-weight: 400;\">Ne pas rincer<\/span><\/li>\n<\/ol>\n<p><span style=\"font-weight: 400;\">\u00a0<\/span><\/p>\n<p><strong>Fr\u00e9quence d&#8217;utilisation<\/strong><\/p>\n<p><span style=\"font-weight: 400;\">Soin intensif :<\/span><\/p>\n<p><span style=\"font-weight: 400;\">appliquer 3 ampoules par semaine pendant 5 \u00e0 6 semaines.<\/span><\/p>\n<p><span style=\"font-weight: 400;\">Entretien\/Pr\u00e9vention :<\/span><\/p>\n<p><span style=\"font-weight: 400;\">appliquer 1 \u00e0 2 ampoules par semaine pendant 8 semaines. <\/span>[\/vc_column_text][\/vc_column_inner][vc_column_inner width=&#8221;1\/2&#8243; css=&#8221;.vc_custom_1592902061201{background-color: #e2585a !important;background-position: center !important;background-repeat: no-repeat !important;background-size: cover !important;}&#8221; offset=&#8221;vc_hidden-lg vc_hidden-md vc_hidden-sm&#8221;][vc_single_image image=&#8221;10007&#8243; img_size=&#8221;large&#8221; alignment=&#8221;center&#8221;][\/vc_column_inner][\/vc_row_inner][\/vc_column][\/vc_row][vc_row css=&#8221;.vc_custom_1582192829011{padding-top: 50px !important;}&#8221;][vc_column][vc_row_inner][vc_column_inner][vc_column_text]<\/p>\n<h1 style=\"text-align: center;\">Vous aimerez aussi<\/h1>\n<p>[\/vc_column_text][\/vc_column_inner][\/vc_row_inner][vc_raw_html]W3dwYi1wcm9kdWN0LXNsaWRlci1zaG9ydGNvZGUgaWQ9IjIyNyJd[\/vc_raw_html][\/vc_column][\/vc_row]<\/p>\n<\/div>","protected":false},"excerpt":{"rendered":"<p><b>Plus forts, plus longtemps<\/b><span style=\"font-weight: 400;\">. Le shampooing et le soin \u00e9nergisant Activize favorisent le cycle de vie naturel des cheveux, en stimulant leur repousse et en<\/span><b> luttant contre leur fragilisation<\/b><span style=\"font-weight: 400;\">.\u00a0<\/span><\/p>\n<p><span style=\"font-weight: 400;\">Con\u00e7us pour r\u00e9pondre aux besoins des cheveux fragiles, les produits Activize se caract\u00e9risent par leurs<\/span><b> propri\u00e9t\u00e9s stimulantes et tonifiantes,<\/b><span style=\"font-weight: 400;\"> gr\u00e2ce \u00e0 leur formule riche en principes actifs : cannelle, sauge et ginkgo biloba.<\/span><\/p>\n<p><span style=\"font-weight: 400;\">Le Kit se compose d&#8217;un shampooing \u00e9nergisant de 350 ml, d&#8217;une bo\u00eete de 12 ampoules de 8 ml et d&#8217;un masseur de cuir chevelu, qui favorise la croissance des cheveux, en les rendant plus forts et plus brillants.<\/span><\/p>\n<p><b>*Efficacit\u00e9 du soin test\u00e9e in vivo dans des instituts universitaires italiens.<\/b><\/p>\n<p>&nbsp;<\/p>\n[maxbutton id=\"5\"]\n","protected":false},"featured_media":10007,"template":"","meta":[],"product_brand":[],"product_cat":[1314],"product_tag":[],"class_list":{"0":"post-10591","1":"product","2":"type-product","3":"status-publish","4":"has-post-thumbnail","6":"product_cat-activize-cheveux-fragiles","7":"description-off","9":"first","10":"instock","11":"shipping-taxable","12":"product-type-simple"},"yoast_head":"<!-- This site is optimized with the Yoast SEO plugin v27.2 - https:\/\/yoast.com\/product\/yoast-seo-wordpress\/ -->\n<title>Activize - Kit pr\u00e9vention chute de cheveux avec Shampoing et Ampoules<\/title>\n<meta name=\"description\" content=\"Le shampooing et le soin \u00e9nergisant Activize favorisent le cycle de vie naturel des cheveux, en stimulant leur repousse et en luttant contre leur fragilisation.\u00a0\" \/>\n<meta name=\"robots\" content=\"index, follow, max-snippet:-1, max-image-preview:large, max-video-preview:-1\" \/>\n<link rel=\"canonical\" href=\"https:\/\/paulrivera.it\/fr\/prodotti\/soins\/activize-cheveux-fragiles\/activize-kit-prevention-chute-de-cheveux-avec-shampoing-et-ampoules\/\" \/>\n<meta property=\"og:locale\" content=\"fr_FR\" \/>\n<meta property=\"og:type\" content=\"article\" \/>\n<meta property=\"og:title\" content=\"Activize - Kit pr\u00e9vention chute de cheveux avec Shampoing et Ampoules\" \/>\n<meta property=\"og:description\" content=\"Le shampooing et le soin \u00e9nergisant Activize favorisent le cycle de vie naturel des cheveux, en stimulant leur repousse et en luttant contre leur fragilisation.\u00a0\" \/>\n<meta property=\"og:url\" content=\"https:\/\/paulrivera.it\/fr\/prodotti\/soins\/activize-cheveux-fragiles\/activize-kit-prevention-chute-de-cheveux-avec-shampoing-et-ampoules\/\" \/>\n<meta property=\"og:site_name\" content=\"Paul Rivera\" \/>\n<meta property=\"article:modified_time\" content=\"2024-05-13T12:30:33+00:00\" \/>\n<meta property=\"og:image\" content=\"https:\/\/paulrivera.it\/wp-content\/uploads\/2022\/08\/paul_rivera_activize_kit_massaggiatore.png\" \/>\n\t<meta property=\"og:image:width\" content=\"800\" \/>\n\t<meta property=\"og:image:height\" content=\"800\" \/>\n\t<meta property=\"og:image:type\" content=\"image\/png\" \/>\n<meta name=\"twitter:card\" content=\"summary_large_image\" \/>\n<meta name=\"twitter:label1\" content=\"Est. reading time\" \/>\n\t<meta name=\"twitter:data1\" content=\"4 minutes\" \/>\n<script type=\"application\/ld+json\" class=\"yoast-schema-graph\">{\"@context\":\"https:\/\/schema.org\",\"@graph\":[{\"@type\":\"WebPage\",\"@id\":\"https:\/\/paulrivera.it\/fr\/prodotti\/soins\/activize-cheveux-fragiles\/activize-kit-prevention-chute-de-cheveux-avec-shampoing-et-ampoules\/\",\"url\":\"https:\/\/paulrivera.it\/fr\/prodotti\/soins\/activize-cheveux-fragiles\/activize-kit-prevention-chute-de-cheveux-avec-shampoing-et-ampoules\/\",\"name\":\"Activize - Kit pr\u00e9vention chute de cheveux avec Shampoing et Ampoules\",\"isPartOf\":{\"@id\":\"https:\/\/paulrivera.it\/fr\/#website\"},\"primaryImageOfPage\":{\"@id\":\"https:\/\/paulrivera.it\/fr\/prodotti\/soins\/activize-cheveux-fragiles\/activize-kit-prevention-chute-de-cheveux-avec-shampoing-et-ampoules\/#primaryimage\"},\"image\":{\"@id\":\"https:\/\/paulrivera.it\/fr\/prodotti\/soins\/activize-cheveux-fragiles\/activize-kit-prevention-chute-de-cheveux-avec-shampoing-et-ampoules\/#primaryimage\"},\"thumbnailUrl\":\"https:\/\/paulrivera.it\/wp-content\/uploads\/2022\/08\/paul_rivera_activize_kit_massaggiatore.png\",\"datePublished\":\"2021-09-22T12:48:15+00:00\",\"dateModified\":\"2024-05-13T12:30:33+00:00\",\"description\":\"Le shampooing et le soin \u00e9nergisant Activize favorisent le cycle de vie naturel des cheveux, en stimulant leur repousse et en luttant contre leur fragilisation.\u00a0\",\"breadcrumb\":{\"@id\":\"https:\/\/paulrivera.it\/fr\/prodotti\/soins\/activize-cheveux-fragiles\/activize-kit-prevention-chute-de-cheveux-avec-shampoing-et-ampoules\/#breadcrumb\"},\"inLanguage\":\"fr-FR\",\"potentialAction\":[{\"@type\":\"ReadAction\",\"target\":[\"https:\/\/paulrivera.it\/fr\/prodotti\/soins\/activize-cheveux-fragiles\/activize-kit-prevention-chute-de-cheveux-avec-shampoing-et-ampoules\/\"]}]},{\"@type\":\"ImageObject\",\"inLanguage\":\"fr-FR\",\"@id\":\"https:\/\/paulrivera.it\/fr\/prodotti\/soins\/activize-cheveux-fragiles\/activize-kit-prevention-chute-de-cheveux-avec-shampoing-et-ampoules\/#primaryimage\",\"url\":\"https:\/\/paulrivera.it\/wp-content\/uploads\/2022\/08\/paul_rivera_activize_kit_massaggiatore.png\",\"contentUrl\":\"https:\/\/paulrivera.it\/wp-content\/uploads\/2022\/08\/paul_rivera_activize_kit_massaggiatore.png\",\"width\":800,\"height\":800},{\"@type\":\"BreadcrumbList\",\"@id\":\"https:\/\/paulrivera.it\/fr\/prodotti\/soins\/activize-cheveux-fragiles\/activize-kit-prevention-chute-de-cheveux-avec-shampoing-et-ampoules\/#breadcrumb\",\"itemListElement\":[{\"@type\":\"ListItem\",\"position\":1,\"name\":\"Home\",\"item\":\"https:\/\/paulrivera.it\/fr\/\"},{\"@type\":\"ListItem\",\"position\":2,\"name\":\"Pagina shop\",\"item\":\"https:\/\/paulrivera.it\/prodotti\/\"},{\"@type\":\"ListItem\",\"position\":3,\"name\":\"Activize &#8211; Kit pr\u00e9vention chute de cheveux avec Shampoing et Ampoules\"}]},{\"@type\":\"WebSite\",\"@id\":\"https:\/\/paulrivera.it\/fr\/#website\",\"url\":\"https:\/\/paulrivera.it\/fr\/\",\"name\":\"Paul Rivera\",\"description\":\"Hair Beauty Celebration\",\"publisher\":{\"@id\":\"https:\/\/paulrivera.it\/fr\/#organization\"},\"potentialAction\":[{\"@type\":\"SearchAction\",\"target\":{\"@type\":\"EntryPoint\",\"urlTemplate\":\"https:\/\/paulrivera.it\/fr\/?s={search_term_string}\"},\"query-input\":{\"@type\":\"PropertyValueSpecification\",\"valueRequired\":true,\"valueName\":\"search_term_string\"}}],\"inLanguage\":\"fr-FR\"},{\"@type\":\"Organization\",\"@id\":\"https:\/\/paulrivera.it\/fr\/#organization\",\"name\":\"Paul Rivera\",\"url\":\"https:\/\/paulrivera.it\/fr\/\",\"logo\":{\"@type\":\"ImageObject\",\"inLanguage\":\"fr-FR\",\"@id\":\"https:\/\/paulrivera.it\/fr\/#\/schema\/logo\/image\/\",\"url\":\"https:\/\/paulrivera.it\/wp-content\/uploads\/2020\/02\/paul_rivera_logo_header_x2.png\",\"contentUrl\":\"https:\/\/paulrivera.it\/wp-content\/uploads\/2020\/02\/paul_rivera_logo_header_x2.png\",\"width\":470,\"height\":60,\"caption\":\"Paul Rivera\"},\"image\":{\"@id\":\"https:\/\/paulrivera.it\/fr\/#\/schema\/logo\/image\/\"}}]}<\/script>\n<!-- \/ Yoast SEO plugin. -->","yoast_head_json":{"title":"Activize - Kit pr\u00e9vention chute de cheveux avec Shampoing et Ampoules","description":"Le shampooing et le soin \u00e9nergisant Activize favorisent le cycle de vie naturel des cheveux, en stimulant leur repousse et en luttant contre leur fragilisation.\u00a0","robots":{"index":"index","follow":"follow","max-snippet":"max-snippet:-1","max-image-preview":"max-image-preview:large","max-video-preview":"max-video-preview:-1"},"canonical":"https:\/\/paulrivera.it\/fr\/prodotti\/soins\/activize-cheveux-fragiles\/activize-kit-prevention-chute-de-cheveux-avec-shampoing-et-ampoules\/","og_locale":"fr_FR","og_type":"article","og_title":"Activize - Kit pr\u00e9vention chute de cheveux avec Shampoing et Ampoules","og_description":"Le shampooing et le soin \u00e9nergisant Activize favorisent le cycle de vie naturel des cheveux, en stimulant leur repousse et en luttant contre leur fragilisation.\u00a0","og_url":"https:\/\/paulrivera.it\/fr\/prodotti\/soins\/activize-cheveux-fragiles\/activize-kit-prevention-chute-de-cheveux-avec-shampoing-et-ampoules\/","og_site_name":"Paul Rivera","article_modified_time":"2024-05-13T12:30:33+00:00","og_image":[{"width":800,"height":800,"url":"https:\/\/paulrivera.it\/wp-content\/uploads\/2022\/08\/paul_rivera_activize_kit_massaggiatore.png","type":"image\/png"}],"twitter_card":"summary_large_image","twitter_misc":{"Est. reading time":"4 minutes"},"schema":{"@context":"https:\/\/schema.org","@graph":[{"@type":"WebPage","@id":"https:\/\/paulrivera.it\/fr\/prodotti\/soins\/activize-cheveux-fragiles\/activize-kit-prevention-chute-de-cheveux-avec-shampoing-et-ampoules\/","url":"https:\/\/paulrivera.it\/fr\/prodotti\/soins\/activize-cheveux-fragiles\/activize-kit-prevention-chute-de-cheveux-avec-shampoing-et-ampoules\/","name":"Activize - Kit pr\u00e9vention chute de cheveux avec Shampoing et Ampoules","isPartOf":{"@id":"https:\/\/paulrivera.it\/fr\/#website"},"primaryImageOfPage":{"@id":"https:\/\/paulrivera.it\/fr\/prodotti\/soins\/activize-cheveux-fragiles\/activize-kit-prevention-chute-de-cheveux-avec-shampoing-et-ampoules\/#primaryimage"},"image":{"@id":"https:\/\/paulrivera.it\/fr\/prodotti\/soins\/activize-cheveux-fragiles\/activize-kit-prevention-chute-de-cheveux-avec-shampoing-et-ampoules\/#primaryimage"},"thumbnailUrl":"https:\/\/paulrivera.it\/wp-content\/uploads\/2022\/08\/paul_rivera_activize_kit_massaggiatore.png","datePublished":"2021-09-22T12:48:15+00:00","dateModified":"2024-05-13T12:30:33+00:00","description":"Le shampooing et le soin \u00e9nergisant Activize favorisent le cycle de vie naturel des cheveux, en stimulant leur repousse et en luttant contre leur fragilisation.\u00a0","breadcrumb":{"@id":"https:\/\/paulrivera.it\/fr\/prodotti\/soins\/activize-cheveux-fragiles\/activize-kit-prevention-chute-de-cheveux-avec-shampoing-et-ampoules\/#breadcrumb"},"inLanguage":"fr-FR","potentialAction":[{"@type":"ReadAction","target":["https:\/\/paulrivera.it\/fr\/prodotti\/soins\/activize-cheveux-fragiles\/activize-kit-prevention-chute-de-cheveux-avec-shampoing-et-ampoules\/"]}]},{"@type":"ImageObject","inLanguage":"fr-FR","@id":"https:\/\/paulrivera.it\/fr\/prodotti\/soins\/activize-cheveux-fragiles\/activize-kit-prevention-chute-de-cheveux-avec-shampoing-et-ampoules\/#primaryimage","url":"https:\/\/paulrivera.it\/wp-content\/uploads\/2022\/08\/paul_rivera_activize_kit_massaggiatore.png","contentUrl":"https:\/\/paulrivera.it\/wp-content\/uploads\/2022\/08\/paul_rivera_activize_kit_massaggiatore.png","width":800,"height":800},{"@type":"BreadcrumbList","@id":"https:\/\/paulrivera.it\/fr\/prodotti\/soins\/activize-cheveux-fragiles\/activize-kit-prevention-chute-de-cheveux-avec-shampoing-et-ampoules\/#breadcrumb","itemListElement":[{"@type":"ListItem","position":1,"name":"Home","item":"https:\/\/paulrivera.it\/fr\/"},{"@type":"ListItem","position":2,"name":"Pagina shop","item":"https:\/\/paulrivera.it\/prodotti\/"},{"@type":"ListItem","position":3,"name":"Activize &#8211; Kit pr\u00e9vention chute de cheveux avec Shampoing et Ampoules"}]},{"@type":"WebSite","@id":"https:\/\/paulrivera.it\/fr\/#website","url":"https:\/\/paulrivera.it\/fr\/","name":"Paul Rivera","description":"Hair Beauty Celebration","publisher":{"@id":"https:\/\/paulrivera.it\/fr\/#organization"},"potentialAction":[{"@type":"SearchAction","target":{"@type":"EntryPoint","urlTemplate":"https:\/\/paulrivera.it\/fr\/?s={search_term_string}"},"query-input":{"@type":"PropertyValueSpecification","valueRequired":true,"valueName":"search_term_string"}}],"inLanguage":"fr-FR"},{"@type":"Organization","@id":"https:\/\/paulrivera.it\/fr\/#organization","name":"Paul Rivera","url":"https:\/\/paulrivera.it\/fr\/","logo":{"@type":"ImageObject","inLanguage":"fr-FR","@id":"https:\/\/paulrivera.it\/fr\/#\/schema\/logo\/image\/","url":"https:\/\/paulrivera.it\/wp-content\/uploads\/2020\/02\/paul_rivera_logo_header_x2.png","contentUrl":"https:\/\/paulrivera.it\/wp-content\/uploads\/2020\/02\/paul_rivera_logo_header_x2.png","width":470,"height":60,"caption":"Paul Rivera"},"image":{"@id":"https:\/\/paulrivera.it\/fr\/#\/schema\/logo\/image\/"}}]}},"_links":{"self":[{"href":"https:\/\/paulrivera.it\/fr\/wp-json\/wp\/v2\/product\/10591","targetHints":{"allow":["GET"]}}],"collection":[{"href":"https:\/\/paulrivera.it\/fr\/wp-json\/wp\/v2\/product"}],"about":[{"href":"https:\/\/paulrivera.it\/fr\/wp-json\/wp\/v2\/types\/product"}],"wp:featuredmedia":[{"embeddable":true,"href":"https:\/\/paulrivera.it\/fr\/wp-json\/wp\/v2\/media\/10007"}],"wp:attachment":[{"href":"https:\/\/paulrivera.it\/fr\/wp-json\/wp\/v2\/media?parent=10591"}],"wp:term":[{"taxonomy":"product_brand","embeddable":true,"href":"https:\/\/paulrivera.it\/fr\/wp-json\/wp\/v2\/product_brand?post=10591"},{"taxonomy":"product_cat","embeddable":true,"href":"https:\/\/paulrivera.it\/fr\/wp-json\/wp\/v2\/product_cat?post=10591"},{"taxonomy":"product_tag","embeddable":true,"href":"https:\/\/paulrivera.it\/fr\/wp-json\/wp\/v2\/product_tag?post=10591"}],"curies":[{"name":"wp","href":"https:\/\/api.w.org\/{rel}","templated":true}]}}