{"id":10593,"date":"2020-02-18T09:39:10","date_gmt":"2020-02-18T08:39:10","guid":{"rendered":"https:\/\/paulrivera.it\/product\/activize-shampoing-energisant-2\/"},"modified":"2024-05-13T14:50:38","modified_gmt":"2024-05-13T12:50:38","slug":"activize-shampoing-energisant-2","status":"publish","type":"product","link":"https:\/\/paulrivera.it\/fr\/prodotti\/soins\/activize-cheveux-fragiles\/activize-shampoing-energisant-2\/","title":{"rendered":"Activize &#8211; Shampoing \u00e9nergisant"},"content":{"rendered":"<div class=\"wpb-content-wrapper\"><p>[vc_row full_width=&#8221;stretch_row&#8221;][vc_column][vc_row_inner el_id=&#8221;desktop&#8221;][vc_column_inner width=&#8221;1\/2&#8243; css=&#8221;.vc_custom_1582194227194{padding-top: 10% !important;padding-right: 10% !important;padding-bottom: 10% !important;padding-left: 30% !important;}&#8221; offset=&#8221;vc_hidden-md vc_hidden-sm vc_hidden-xs&#8221;][vc_column_text]<span style=\"font-size: 28px;\"><b>Les bonnes raisons de l&#8217;aimer<\/b><\/span><\/p>\n<ul>\n<li style=\"font-weight: 400;\" aria-level=\"1\"><span style=\"font-weight: 400;\">Con\u00e7u pour les cheveux fragiles qui ont tendance \u00e0 tomber<\/span><\/li>\n<li style=\"font-weight: 400;\" aria-level=\"1\"><span style=\"font-weight: 400;\">Renforce les cheveux<\/span><\/li>\n<li style=\"font-weight: 400;\" aria-level=\"1\"><span style=\"font-weight: 400;\">Nettoie et fortifie les cheveux<\/span><\/li>\n<\/ul>\n<p>[\/vc_column_text][vc_column_text]<span style=\"font-size: 28px;\"><b>Les principes actifs de la formule<\/b><\/span><\/p>\n<ul>\n<li style=\"font-weight: 400;\" aria-level=\"1\"><span style=\"font-weight: 400;\">Cannelle : elle stimule le cuir chevelu, favorise la circulation et poss\u00e8de des propri\u00e9t\u00e9s antimicrobiennes qui \u00e9liminent l&#8217;accumulation de plaque sur les follicules en emp\u00eachant la croissance des cheveux.<\/span><\/li>\n<li style=\"font-weight: 400;\" aria-level=\"1\"><span style=\"font-weight: 400;\">Sauge : une recharge d&#8217;\u00e9nergie intense pour les cheveux, gr\u00e2ce \u00e0 ses propri\u00e9t\u00e9s stimulantes et \u00e0 sa capacit\u00e9 \u00e0 r\u00e9activer la circulation sanguine localis\u00e9e.<\/span><\/li>\n<li style=\"font-weight: 400;\" aria-level=\"1\"><span style=\"font-weight: 400;\">Ginkgo Biloba : tr\u00e8s riche en sels min\u00e9raux et vitamines, il active les \u00e9changes intercellulaires et favorise l&#8217;irrigation des follicules pileux, en stimulant la microcirculation sanguine.<\/span><\/li>\n<\/ul>\n<p>[\/vc_column_text][vc_column_text]<span style=\"font-size: 28px;\"><b>Mode d&#8217;emploi<\/b><\/span><\/p>\n<p><span style=\"font-weight: 400;\">Appliquer le shampoing sur cheveux mouill\u00e9s et masser. Rincer et r\u00e9p\u00e9ter si n\u00e9cessaire. Passer ensuite \u00e0 l&#8217;application du soin anti-chute en ampoules Activize.<\/span>[\/vc_column_text][\/vc_column_inner][vc_column_inner width=&#8221;1\/2&#8243; css=&#8221;.vc_custom_1592902121310{background-color: #e2585a !important;background-position: center !important;background-repeat: no-repeat !important;background-size: cover !important;}&#8221; offset=&#8221;vc_hidden-md vc_hidden-sm vc_hidden-xs&#8221;][vc_empty_space height=&#8221;20px&#8221;][vc_single_image image=&#8221;9881&#8243; img_size=&#8221;large&#8221; alignment=&#8221;center&#8221;][vc_empty_space height=&#8221;20px&#8221;][\/vc_column_inner][\/vc_row_inner][vc_row_inner el_id=&#8221;tablet&#8221;][vc_column_inner offset=&#8221;vc_hidden-lg vc_hidden-xs&#8221;][vc_column_text]<span style=\"font-size: 28px;\"><b>Les bonnes raisons de l&#8217;aimer<\/b><\/span><\/p>\n<ul>\n<li style=\"font-weight: 400;\" aria-level=\"1\"><span style=\"font-weight: 400;\">Con\u00e7u pour les cheveux fragiles qui ont tendance \u00e0 tomber<\/span><\/li>\n<li style=\"font-weight: 400;\" aria-level=\"1\"><span style=\"font-weight: 400;\">Renforce les cheveux<\/span><\/li>\n<li style=\"font-weight: 400;\" aria-level=\"1\"><span style=\"font-weight: 400;\">Nettoie et fortifie les cheveux<\/span><\/li>\n<\/ul>\n<p>[\/vc_column_text][vc_column_text]<span style=\"font-size: 28px;\"><b>Les principes actifs de la formule<\/b><\/span><\/p>\n<ul>\n<li style=\"font-weight: 400;\" aria-level=\"1\"><span style=\"font-weight: 400;\">Cannelle : elle stimule le cuir chevelu, favorise la circulation et poss\u00e8de des propri\u00e9t\u00e9s antimicrobiennes qui \u00e9liminent l&#8217;accumulation de plaque sur les follicules en emp\u00eachant la croissance des cheveux.<\/span><\/li>\n<li style=\"font-weight: 400;\" aria-level=\"1\"><span style=\"font-weight: 400;\">Sauge : une recharge d&#8217;\u00e9nergie intense pour les cheveux, gr\u00e2ce \u00e0 ses propri\u00e9t\u00e9s stimulantes et \u00e0 sa capacit\u00e9 \u00e0 r\u00e9activer la circulation sanguine localis\u00e9e.<\/span><\/li>\n<li style=\"font-weight: 400;\" aria-level=\"1\"><span style=\"font-weight: 400;\">Ginkgo Biloba : tr\u00e8s riche en sels min\u00e9raux et vitamines, il active les \u00e9changes intercellulaires et favorise l&#8217;irrigation des follicules pileux, en stimulant la microcirculation sanguine.<\/span><\/li>\n<\/ul>\n<p>[\/vc_column_text][vc_column_text]<span style=\"font-size: 28px;\"><b>Mode d&#8217;emploi<\/b><\/span><\/p>\n<p><span style=\"font-weight: 400;\">Appliquer le shampoing sur cheveux mouill\u00e9s et masser. Rincer et r\u00e9p\u00e9ter si n\u00e9cessaire. Passer ensuite \u00e0 l&#8217;application du soin anti-chute en ampoules Activize.<\/span>[\/vc_column_text][\/vc_column_inner][\/vc_row_inner][vc_row_inner el_id=&#8221;mobile&#8221;][vc_column_inner width=&#8221;1\/2&#8243; offset=&#8221;vc_hidden-lg vc_hidden-md vc_hidden-sm&#8221;][vc_column_text]<span style=\"font-size: 28px;\"><b>Les bonnes raisons de l&#8217;aimer<\/b><\/span><\/p>\n<ul>\n<li style=\"font-weight: 400;\" aria-level=\"1\"><span style=\"font-weight: 400;\">Con\u00e7u pour les cheveux fragiles qui ont tendance \u00e0 tomber<\/span><\/li>\n<li style=\"font-weight: 400;\" aria-level=\"1\"><span style=\"font-weight: 400;\">Renforce les cheveux<\/span><\/li>\n<li style=\"font-weight: 400;\" aria-level=\"1\"><span style=\"font-weight: 400;\">Nettoie et fortifie les cheveux<\/span><\/li>\n<\/ul>\n<p>[\/vc_column_text][vc_column_text]<span style=\"font-size: 28px;\"><b>Les principes actifs de la formule<\/b><\/span><\/p>\n<ul>\n<li style=\"font-weight: 400;\" aria-level=\"1\"><span style=\"font-weight: 400;\">Cannelle : elle stimule le cuir chevelu, favorise la circulation et poss\u00e8de des propri\u00e9t\u00e9s antimicrobiennes qui \u00e9liminent l&#8217;accumulation de plaque sur les follicules en emp\u00eachant la croissance des cheveux.<\/span><\/li>\n<li style=\"font-weight: 400;\" aria-level=\"1\"><span style=\"font-weight: 400;\">Sauge : une recharge d&#8217;\u00e9nergie intense pour les cheveux, gr\u00e2ce \u00e0 ses propri\u00e9t\u00e9s stimulantes et \u00e0 sa capacit\u00e9 \u00e0 r\u00e9activer la circulation sanguine localis\u00e9e.<\/span><\/li>\n<li style=\"font-weight: 400;\" aria-level=\"1\"><span style=\"font-weight: 400;\">Ginkgo Biloba : tr\u00e8s riche en sels min\u00e9raux et vitamines, il active les \u00e9changes intercellulaires et favorise l&#8217;irrigation des follicules pileux, en stimulant la microcirculation sanguine.<\/span><\/li>\n<\/ul>\n<p>[\/vc_column_text][vc_column_text]<span style=\"font-size: 28px;\"><b>Mode d&#8217;emploi<\/b><\/span><\/p>\n<p><span style=\"font-weight: 400;\">Appliquer le shampoing sur cheveux mouill\u00e9s et masser. Rincer et r\u00e9p\u00e9ter si n\u00e9cessaire. Passer ensuite \u00e0 l&#8217;application du soin anti-chute en ampoules Activize.<\/span>[\/vc_column_text][\/vc_column_inner][vc_column_inner width=&#8221;1\/2&#8243; css=&#8221;.vc_custom_1592902127902{background-color: #e2585a !important;background-position: center !important;background-repeat: no-repeat !important;background-size: cover !important;}&#8221; offset=&#8221;vc_hidden-lg vc_hidden-md vc_hidden-sm&#8221;][vc_single_image image=&#8221;9881&#8243; img_size=&#8221;large&#8221; alignment=&#8221;center&#8221;][\/vc_column_inner][\/vc_row_inner][\/vc_column][\/vc_row][vc_row css=&#8221;.vc_custom_1582192829011{padding-top: 50px !important;}&#8221;][vc_column][vc_row_inner][vc_column_inner][vc_column_text]<\/p>\n<h1 style=\"text-align: center;\">Vous aimerez aussi<\/h1>\n<p>[\/vc_column_text][\/vc_column_inner][\/vc_row_inner][vc_raw_html]W3dwYi1wcm9kdWN0LXNsaWRlci1zaG9ydGNvZGUgaWQ9IjIzMSJd[\/vc_raw_html][\/vc_column][\/vc_row]<\/p>\n<\/div>","protected":false},"excerpt":{"rendered":"<p><span style=\"font-weight: 400;\">Le<\/span><b> shampooing Activize<\/b><span style=\"font-weight: 400;\"> est formul\u00e9 pour redonner de l&#8217;\u00e9nergie aux<\/span><b> cheveux fragiles<\/b><span style=\"font-weight: 400;\"> qui tombent et se cassent facilement.\u00a0 Un alli\u00e9 exceptionnel pour des cheveux plus forts et plus vifs, enrichi en<\/span><b> cannelle, sauge<\/b><span style=\"font-weight: 400;\"> et<\/span><b> Ginkgo Biloba<\/b><span style=\"font-weight: 400;\">, des principes actifs aux propri\u00e9t\u00e9s stimulantes et r\u00e9paratrices reconnues.<\/span><\/p>\n<p><span style=\"font-weight: 400;\">Activize<\/span><b> nettoie et renforce<\/b><span style=\"font-weight: 400;\">, en redonnant tonus et vitalit\u00e9 aux cheveux qui ont tendance \u00e0 tomber : son action cosm\u00e9tique int\u00e9gratrice pr\u00e9pare les cheveux au Traitement \u00c9nergisant Activize, le tout nouveau rituel qui<\/span><b> pr\u00e9vient la chute des cheveux<\/b><span style=\"font-weight: 400;\"> et renforce les cheveux fragilis\u00e9s.<\/span><\/p>\n<p><span style=\"font-weight: 400;\">1000 ml<\/span><\/p>\n<p>&nbsp;<\/p>\n[maxbutton id=\"5\"]\n","protected":false},"featured_media":9879,"template":"","meta":[],"product_brand":[],"product_cat":[1314],"product_tag":[],"class_list":{"0":"post-10593","1":"product","2":"type-product","3":"status-publish","4":"has-post-thumbnail","6":"product_cat-activize-cheveux-fragiles","7":"description-off","9":"first","10":"instock","11":"shipping-taxable","12":"product-type-simple"},"yoast_head":"<!-- This site is optimized with the Yoast SEO plugin v27.2 - https:\/\/yoast.com\/product\/yoast-seo-wordpress\/ -->\n<title>Activize - Shampoing \u00e9nergisant<\/title>\n<meta name=\"description\" content=\"Le shampooing Activize est formul\u00e9 pour redonner de l&#039;\u00e9nergie aux cheveux fragiles qui tombent et se cassent facilement.\" \/>\n<meta name=\"robots\" content=\"index, follow, max-snippet:-1, max-image-preview:large, max-video-preview:-1\" \/>\n<link rel=\"canonical\" href=\"https:\/\/paulrivera.it\/fr\/prodotti\/soins\/activize-cheveux-fragiles\/activize-shampoing-energisant-2\/\" \/>\n<meta property=\"og:locale\" content=\"fr_FR\" \/>\n<meta property=\"og:type\" content=\"article\" \/>\n<meta property=\"og:title\" content=\"Activize - Shampoing \u00e9nergisant\" \/>\n<meta property=\"og:description\" content=\"Le shampooing Activize est formul\u00e9 pour redonner de l&#039;\u00e9nergie aux cheveux fragiles qui tombent et se cassent facilement.\" \/>\n<meta property=\"og:url\" content=\"https:\/\/paulrivera.it\/fr\/prodotti\/soins\/activize-cheveux-fragiles\/activize-shampoing-energisant-2\/\" \/>\n<meta property=\"og:site_name\" content=\"Paul Rivera\" \/>\n<meta property=\"article:modified_time\" content=\"2024-05-13T12:50:38+00:00\" \/>\n<meta property=\"og:image\" content=\"https:\/\/paulrivera.it\/wp-content\/uploads\/2020\/06\/604774_paul_rivera_activize_energizing_shampoo_weak_hair_1000ml.png\" \/>\n\t<meta property=\"og:image:width\" content=\"800\" \/>\n\t<meta property=\"og:image:height\" content=\"800\" \/>\n\t<meta property=\"og:image:type\" content=\"image\/png\" \/>\n<meta name=\"twitter:card\" content=\"summary_large_image\" \/>\n<meta name=\"twitter:label1\" content=\"Est. reading time\" \/>\n\t<meta name=\"twitter:data1\" content=\"3 minutes\" \/>\n<script type=\"application\/ld+json\" class=\"yoast-schema-graph\">{\"@context\":\"https:\/\/schema.org\",\"@graph\":[{\"@type\":\"WebPage\",\"@id\":\"https:\/\/paulrivera.it\/fr\/prodotti\/soins\/activize-cheveux-fragiles\/activize-shampoing-energisant-2\/\",\"url\":\"https:\/\/paulrivera.it\/fr\/prodotti\/soins\/activize-cheveux-fragiles\/activize-shampoing-energisant-2\/\",\"name\":\"Activize - Shampoing \u00e9nergisant\",\"isPartOf\":{\"@id\":\"https:\/\/paulrivera.it\/fr\/#website\"},\"primaryImageOfPage\":{\"@id\":\"https:\/\/paulrivera.it\/fr\/prodotti\/soins\/activize-cheveux-fragiles\/activize-shampoing-energisant-2\/#primaryimage\"},\"image\":{\"@id\":\"https:\/\/paulrivera.it\/fr\/prodotti\/soins\/activize-cheveux-fragiles\/activize-shampoing-energisant-2\/#primaryimage\"},\"thumbnailUrl\":\"https:\/\/paulrivera.it\/wp-content\/uploads\/2020\/06\/604774_paul_rivera_activize_energizing_shampoo_weak_hair_1000ml.png\",\"datePublished\":\"2020-02-18T08:39:10+00:00\",\"dateModified\":\"2024-05-13T12:50:38+00:00\",\"description\":\"Le shampooing Activize est formul\u00e9 pour redonner de l'\u00e9nergie aux cheveux fragiles qui tombent et se cassent facilement.\",\"breadcrumb\":{\"@id\":\"https:\/\/paulrivera.it\/fr\/prodotti\/soins\/activize-cheveux-fragiles\/activize-shampoing-energisant-2\/#breadcrumb\"},\"inLanguage\":\"fr-FR\",\"potentialAction\":[{\"@type\":\"ReadAction\",\"target\":[\"https:\/\/paulrivera.it\/fr\/prodotti\/soins\/activize-cheveux-fragiles\/activize-shampoing-energisant-2\/\"]}]},{\"@type\":\"ImageObject\",\"inLanguage\":\"fr-FR\",\"@id\":\"https:\/\/paulrivera.it\/fr\/prodotti\/soins\/activize-cheveux-fragiles\/activize-shampoing-energisant-2\/#primaryimage\",\"url\":\"https:\/\/paulrivera.it\/wp-content\/uploads\/2020\/06\/604774_paul_rivera_activize_energizing_shampoo_weak_hair_1000ml.png\",\"contentUrl\":\"https:\/\/paulrivera.it\/wp-content\/uploads\/2020\/06\/604774_paul_rivera_activize_energizing_shampoo_weak_hair_1000ml.png\",\"width\":800,\"height\":800},{\"@type\":\"BreadcrumbList\",\"@id\":\"https:\/\/paulrivera.it\/fr\/prodotti\/soins\/activize-cheveux-fragiles\/activize-shampoing-energisant-2\/#breadcrumb\",\"itemListElement\":[{\"@type\":\"ListItem\",\"position\":1,\"name\":\"Home\",\"item\":\"https:\/\/paulrivera.it\/fr\/\"},{\"@type\":\"ListItem\",\"position\":2,\"name\":\"Pagina shop\",\"item\":\"https:\/\/paulrivera.it\/prodotti\/\"},{\"@type\":\"ListItem\",\"position\":3,\"name\":\"Activize &#8211; Shampoing \u00e9nergisant\"}]},{\"@type\":\"WebSite\",\"@id\":\"https:\/\/paulrivera.it\/fr\/#website\",\"url\":\"https:\/\/paulrivera.it\/fr\/\",\"name\":\"Paul Rivera\",\"description\":\"Hair Beauty Celebration\",\"publisher\":{\"@id\":\"https:\/\/paulrivera.it\/fr\/#organization\"},\"potentialAction\":[{\"@type\":\"SearchAction\",\"target\":{\"@type\":\"EntryPoint\",\"urlTemplate\":\"https:\/\/paulrivera.it\/fr\/?s={search_term_string}\"},\"query-input\":{\"@type\":\"PropertyValueSpecification\",\"valueRequired\":true,\"valueName\":\"search_term_string\"}}],\"inLanguage\":\"fr-FR\"},{\"@type\":\"Organization\",\"@id\":\"https:\/\/paulrivera.it\/fr\/#organization\",\"name\":\"Paul Rivera\",\"url\":\"https:\/\/paulrivera.it\/fr\/\",\"logo\":{\"@type\":\"ImageObject\",\"inLanguage\":\"fr-FR\",\"@id\":\"https:\/\/paulrivera.it\/fr\/#\/schema\/logo\/image\/\",\"url\":\"https:\/\/paulrivera.it\/wp-content\/uploads\/2020\/02\/paul_rivera_logo_header_x2.png\",\"contentUrl\":\"https:\/\/paulrivera.it\/wp-content\/uploads\/2020\/02\/paul_rivera_logo_header_x2.png\",\"width\":470,\"height\":60,\"caption\":\"Paul Rivera\"},\"image\":{\"@id\":\"https:\/\/paulrivera.it\/fr\/#\/schema\/logo\/image\/\"}}]}<\/script>\n<!-- \/ Yoast SEO plugin. -->","yoast_head_json":{"title":"Activize - Shampoing \u00e9nergisant","description":"Le shampooing Activize est formul\u00e9 pour redonner de l'\u00e9nergie aux cheveux fragiles qui tombent et se cassent facilement.","robots":{"index":"index","follow":"follow","max-snippet":"max-snippet:-1","max-image-preview":"max-image-preview:large","max-video-preview":"max-video-preview:-1"},"canonical":"https:\/\/paulrivera.it\/fr\/prodotti\/soins\/activize-cheveux-fragiles\/activize-shampoing-energisant-2\/","og_locale":"fr_FR","og_type":"article","og_title":"Activize - Shampoing \u00e9nergisant","og_description":"Le shampooing Activize est formul\u00e9 pour redonner de l'\u00e9nergie aux cheveux fragiles qui tombent et se cassent facilement.","og_url":"https:\/\/paulrivera.it\/fr\/prodotti\/soins\/activize-cheveux-fragiles\/activize-shampoing-energisant-2\/","og_site_name":"Paul Rivera","article_modified_time":"2024-05-13T12:50:38+00:00","og_image":[{"width":800,"height":800,"url":"https:\/\/paulrivera.it\/wp-content\/uploads\/2020\/06\/604774_paul_rivera_activize_energizing_shampoo_weak_hair_1000ml.png","type":"image\/png"}],"twitter_card":"summary_large_image","twitter_misc":{"Est. reading time":"3 minutes"},"schema":{"@context":"https:\/\/schema.org","@graph":[{"@type":"WebPage","@id":"https:\/\/paulrivera.it\/fr\/prodotti\/soins\/activize-cheveux-fragiles\/activize-shampoing-energisant-2\/","url":"https:\/\/paulrivera.it\/fr\/prodotti\/soins\/activize-cheveux-fragiles\/activize-shampoing-energisant-2\/","name":"Activize - Shampoing \u00e9nergisant","isPartOf":{"@id":"https:\/\/paulrivera.it\/fr\/#website"},"primaryImageOfPage":{"@id":"https:\/\/paulrivera.it\/fr\/prodotti\/soins\/activize-cheveux-fragiles\/activize-shampoing-energisant-2\/#primaryimage"},"image":{"@id":"https:\/\/paulrivera.it\/fr\/prodotti\/soins\/activize-cheveux-fragiles\/activize-shampoing-energisant-2\/#primaryimage"},"thumbnailUrl":"https:\/\/paulrivera.it\/wp-content\/uploads\/2020\/06\/604774_paul_rivera_activize_energizing_shampoo_weak_hair_1000ml.png","datePublished":"2020-02-18T08:39:10+00:00","dateModified":"2024-05-13T12:50:38+00:00","description":"Le shampooing Activize est formul\u00e9 pour redonner de l'\u00e9nergie aux cheveux fragiles qui tombent et se cassent facilement.","breadcrumb":{"@id":"https:\/\/paulrivera.it\/fr\/prodotti\/soins\/activize-cheveux-fragiles\/activize-shampoing-energisant-2\/#breadcrumb"},"inLanguage":"fr-FR","potentialAction":[{"@type":"ReadAction","target":["https:\/\/paulrivera.it\/fr\/prodotti\/soins\/activize-cheveux-fragiles\/activize-shampoing-energisant-2\/"]}]},{"@type":"ImageObject","inLanguage":"fr-FR","@id":"https:\/\/paulrivera.it\/fr\/prodotti\/soins\/activize-cheveux-fragiles\/activize-shampoing-energisant-2\/#primaryimage","url":"https:\/\/paulrivera.it\/wp-content\/uploads\/2020\/06\/604774_paul_rivera_activize_energizing_shampoo_weak_hair_1000ml.png","contentUrl":"https:\/\/paulrivera.it\/wp-content\/uploads\/2020\/06\/604774_paul_rivera_activize_energizing_shampoo_weak_hair_1000ml.png","width":800,"height":800},{"@type":"BreadcrumbList","@id":"https:\/\/paulrivera.it\/fr\/prodotti\/soins\/activize-cheveux-fragiles\/activize-shampoing-energisant-2\/#breadcrumb","itemListElement":[{"@type":"ListItem","position":1,"name":"Home","item":"https:\/\/paulrivera.it\/fr\/"},{"@type":"ListItem","position":2,"name":"Pagina shop","item":"https:\/\/paulrivera.it\/prodotti\/"},{"@type":"ListItem","position":3,"name":"Activize &#8211; Shampoing \u00e9nergisant"}]},{"@type":"WebSite","@id":"https:\/\/paulrivera.it\/fr\/#website","url":"https:\/\/paulrivera.it\/fr\/","name":"Paul Rivera","description":"Hair Beauty Celebration","publisher":{"@id":"https:\/\/paulrivera.it\/fr\/#organization"},"potentialAction":[{"@type":"SearchAction","target":{"@type":"EntryPoint","urlTemplate":"https:\/\/paulrivera.it\/fr\/?s={search_term_string}"},"query-input":{"@type":"PropertyValueSpecification","valueRequired":true,"valueName":"search_term_string"}}],"inLanguage":"fr-FR"},{"@type":"Organization","@id":"https:\/\/paulrivera.it\/fr\/#organization","name":"Paul Rivera","url":"https:\/\/paulrivera.it\/fr\/","logo":{"@type":"ImageObject","inLanguage":"fr-FR","@id":"https:\/\/paulrivera.it\/fr\/#\/schema\/logo\/image\/","url":"https:\/\/paulrivera.it\/wp-content\/uploads\/2020\/02\/paul_rivera_logo_header_x2.png","contentUrl":"https:\/\/paulrivera.it\/wp-content\/uploads\/2020\/02\/paul_rivera_logo_header_x2.png","width":470,"height":60,"caption":"Paul Rivera"},"image":{"@id":"https:\/\/paulrivera.it\/fr\/#\/schema\/logo\/image\/"}}]}},"_links":{"self":[{"href":"https:\/\/paulrivera.it\/fr\/wp-json\/wp\/v2\/product\/10593","targetHints":{"allow":["GET"]}}],"collection":[{"href":"https:\/\/paulrivera.it\/fr\/wp-json\/wp\/v2\/product"}],"about":[{"href":"https:\/\/paulrivera.it\/fr\/wp-json\/wp\/v2\/types\/product"}],"wp:featuredmedia":[{"embeddable":true,"href":"https:\/\/paulrivera.it\/fr\/wp-json\/wp\/v2\/media\/9879"}],"wp:attachment":[{"href":"https:\/\/paulrivera.it\/fr\/wp-json\/wp\/v2\/media?parent=10593"}],"wp:term":[{"taxonomy":"product_brand","embeddable":true,"href":"https:\/\/paulrivera.it\/fr\/wp-json\/wp\/v2\/product_brand?post=10593"},{"taxonomy":"product_cat","embeddable":true,"href":"https:\/\/paulrivera.it\/fr\/wp-json\/wp\/v2\/product_cat?post=10593"},{"taxonomy":"product_tag","embeddable":true,"href":"https:\/\/paulrivera.it\/fr\/wp-json\/wp\/v2\/product_tag?post=10593"}],"curies":[{"name":"wp","href":"https:\/\/api.w.org\/{rel}","templated":true}]}}