{"id":10596,"date":"2020-02-18T09:41:47","date_gmt":"2020-02-18T08:41:47","guid":{"rendered":"https:\/\/paulrivera.it\/product\/depurize-soin-normalisant-en-ampoules\/"},"modified":"2024-05-13T14:48:49","modified_gmt":"2024-05-13T12:48:49","slug":"depurize-soin-normalisant-en-ampoules","status":"publish","type":"product","link":"https:\/\/paulrivera.it\/fr\/prodotti\/soins\/depurize-cuir-chevelu-gras\/depurize-soin-normalisant-en-ampoules\/","title":{"rendered":"Depurize &#8211; Soin normalisant en ampoules"},"content":{"rendered":"<div class=\"wpb-content-wrapper\"><p>[vc_row full_width=&#8221;stretch_row&#8221;][vc_column][vc_row_inner el_id=&#8221;desktop&#8221;][vc_column_inner width=&#8221;1\/2&#8243; css=&#8221;.vc_custom_1582194227194{padding-top: 10% !important;padding-right: 10% !important;padding-bottom: 10% !important;padding-left: 30% !important;}&#8221; offset=&#8221;vc_hidden-md vc_hidden-sm vc_hidden-xs&#8221;][vc_column_text]<span style=\"font-size: 28px;\"><b>Les bonnes raisons de l&#8217;aimer<\/b><\/span><\/p>\n<ul>\n<li style=\"font-weight: 400;\" aria-level=\"1\"><span style=\"font-weight: 400;\">Sa fonction bivalente convient au cuir chevelu gras et aux pellicules<\/span><\/li>\n<li style=\"font-weight: 400;\" aria-level=\"1\"><span style=\"font-weight: 400;\">Combat efficacement les pellicules<\/span><\/li>\n<li style=\"font-weight: 400;\" aria-level=\"1\"><span style=\"font-weight: 400;\">\u00c9limine l&#8217;exc\u00e8s de s\u00e9bum<\/span><\/li>\n<li style=\"font-weight: 400;\" aria-level=\"1\"><span style=\"font-weight: 400;\">Normalise la peau en douceur<\/span><\/li>\n<\/ul>\n<p>[\/vc_column_text][vc_column_text]<span style=\"font-size: 28px;\"><b>Les principes actifs de la formule<\/b><\/span><\/p>\n<ul>\n<li style=\"font-weight: 400;\" aria-level=\"1\"><span style=\"font-weight: 400;\">Extrait de Saule : particuli\u00e8rement riche en flavono\u00efdes et glycosides salicyliques, le saule poss\u00e8de des propri\u00e9t\u00e9s purifiantes, analg\u00e9siques, antipyr\u00e9tiques et anti-inflammatoires.<\/span><\/li>\n<li style=\"font-weight: 400;\" aria-level=\"1\"><span style=\"font-weight: 400;\">Huile d&#8217;arbre \u00e0 th\u00e9 : elle poss\u00e8de de pr\u00e9cieuses propri\u00e9t\u00e9s curatives, d\u00e9sinfectantes, antibact\u00e9riennes, cicatrisantes et antifongiques.<\/span><\/li>\n<\/ul>\n<p>[\/vc_column_text][vc_column_text]<span style=\"font-size: 28px;\"><b>Mode d&#8217;emploi<\/b><\/span><\/p>\n<p><span style=\"font-weight: 400;\">Apr\u00e8s nettoyage avec le shampooing normalisant Depurize, appliquer la lotion sur la peau. Masser par mouvements circulaires jusqu&#8217;\u00e0 absorption, sans rincer.<\/span><\/p>\n<p><b>Fr\u00e9quence d&#8217;utilisation<\/b><\/p>\n<p><span style=\"font-weight: 400;\">Soin intensif : 3 ampoules par semaine pendant 5 \u00e0 6 semaines<\/span><\/p>\n<p><span style=\"font-weight: 400;\">Entretien\/Pr\u00e9vention : 1 \u00e0 2 ampoules par semaine pendant 8 semaines<\/span>[\/vc_column_text][\/vc_column_inner][vc_column_inner width=&#8221;1\/2&#8243; css=&#8221;.vc_custom_1592816166932{background-color: #008074 !important;background-position: center !important;background-repeat: no-repeat !important;background-size: cover !important;}&#8221; offset=&#8221;vc_hidden-md vc_hidden-sm vc_hidden-xs&#8221;][vc_empty_space height=&#8221;50px&#8221;][vc_single_image image=&#8221;9873&#8243; img_size=&#8221;large&#8221; alignment=&#8221;center&#8221;][vc_empty_space height=&#8221;50px&#8221;][\/vc_column_inner][\/vc_row_inner][vc_row_inner el_id=&#8221;tablet&#8221;][vc_column_inner offset=&#8221;vc_hidden-lg vc_hidden-xs&#8221;][vc_column_text]<span style=\"font-size: 28px;\"><b>Les bonnes raisons de l&#8217;aimer<\/b><\/span><\/p>\n<ul>\n<li style=\"font-weight: 400;\" aria-level=\"1\"><span style=\"font-weight: 400;\">Sa fonction bivalente convient au cuir chevelu gras et aux pellicules<\/span><\/li>\n<li style=\"font-weight: 400;\" aria-level=\"1\"><span style=\"font-weight: 400;\">Combat efficacement les pellicules<\/span><\/li>\n<li style=\"font-weight: 400;\" aria-level=\"1\"><span style=\"font-weight: 400;\">\u00c9limine l&#8217;exc\u00e8s de s\u00e9bum<\/span><\/li>\n<li style=\"font-weight: 400;\" aria-level=\"1\"><span style=\"font-weight: 400;\">Normalise la peau en douceur<\/span><\/li>\n<\/ul>\n<p>[\/vc_column_text][vc_column_text]<span style=\"font-size: 28px;\"><b>Les principes actifs de la formule<\/b><\/span><\/p>\n<ul>\n<li style=\"font-weight: 400;\" aria-level=\"1\"><span style=\"font-weight: 400;\">Extrait de Saule : particuli\u00e8rement riche en flavono\u00efdes et glycosides salicyliques, le saule poss\u00e8de des propri\u00e9t\u00e9s purifiantes, analg\u00e9siques, antipyr\u00e9tiques et anti-inflammatoires.<\/span><\/li>\n<li style=\"font-weight: 400;\" aria-level=\"1\"><span style=\"font-weight: 400;\">Huile d&#8217;arbre \u00e0 th\u00e9 : elle poss\u00e8de de pr\u00e9cieuses propri\u00e9t\u00e9s curatives, d\u00e9sinfectantes, antibact\u00e9riennes, cicatrisantes et antifongiques.<\/span><\/li>\n<\/ul>\n<p>[\/vc_column_text][vc_column_text]<span style=\"font-size: 28px;\"><b>Mode d&#8217;emploi<\/b><\/span><\/p>\n<p><span style=\"font-weight: 400;\">Apr\u00e8s nettoyage avec le shampooing normalisant Depurize, appliquer la lotion sur la peau. Masser par mouvements circulaires jusqu&#8217;\u00e0 absorption, sans rincer.<\/span><\/p>\n<p><b>Fr\u00e9quence d&#8217;utilisation<\/b><\/p>\n<p><span style=\"font-weight: 400;\">Soin intensif : 3 ampoules par semaine pendant 5 \u00e0 6 semaines<\/span><\/p>\n<p><span style=\"font-weight: 400;\">Entretien\/Pr\u00e9vention : 1 \u00e0 2 ampoules par semaine pendant 8 semaines<\/span>[\/vc_column_text][\/vc_column_inner][\/vc_row_inner][vc_row_inner el_id=&#8221;mobile&#8221;][vc_column_inner width=&#8221;1\/2&#8243; offset=&#8221;vc_hidden-lg vc_hidden-md vc_hidden-sm&#8221;][vc_column_text]<span style=\"font-size: 28px;\"><b>Les bonnes raisons de l&#8217;aimer<\/b><\/span><\/p>\n<ul>\n<li style=\"font-weight: 400;\" aria-level=\"1\"><span style=\"font-weight: 400;\">Sa fonction bivalente convient au cuir chevelu gras et aux pellicules<\/span><\/li>\n<li style=\"font-weight: 400;\" aria-level=\"1\"><span style=\"font-weight: 400;\">Combat efficacement les pellicules<\/span><\/li>\n<li style=\"font-weight: 400;\" aria-level=\"1\"><span style=\"font-weight: 400;\">\u00c9limine l&#8217;exc\u00e8s de s\u00e9bum<\/span><\/li>\n<li style=\"font-weight: 400;\" aria-level=\"1\"><span style=\"font-weight: 400;\">Normalise la peau en douceur<\/span><\/li>\n<\/ul>\n<p>[\/vc_column_text][vc_column_text]<span style=\"font-size: 28px;\"><b>Les principes actifs de la formule<\/b><\/span><\/p>\n<ul>\n<li style=\"font-weight: 400;\" aria-level=\"1\"><span style=\"font-weight: 400;\">Extrait de Saule : particuli\u00e8rement riche en flavono\u00efdes et glycosides salicyliques, le saule poss\u00e8de des propri\u00e9t\u00e9s purifiantes, analg\u00e9siques, antipyr\u00e9tiques et anti-inflammatoires.<\/span><\/li>\n<li style=\"font-weight: 400;\" aria-level=\"1\"><span style=\"font-weight: 400;\">Huile d&#8217;arbre \u00e0 th\u00e9 : elle poss\u00e8de de pr\u00e9cieuses propri\u00e9t\u00e9s curatives, d\u00e9sinfectantes, antibact\u00e9riennes, cicatrisantes et antifongiques.<\/span><\/li>\n<\/ul>\n<p>[\/vc_column_text][vc_column_text]<span style=\"font-size: 28px;\"><b>Mode d&#8217;emploi<\/b><\/span><\/p>\n<p><span style=\"font-weight: 400;\">Apr\u00e8s nettoyage avec le shampooing normalisant Depurize, appliquer la lotion sur la peau. Masser par mouvements circulaires jusqu&#8217;\u00e0 absorption, sans rincer.<\/span><\/p>\n<p><b>Fr\u00e9quence d&#8217;utilisation<\/b><\/p>\n<p><span style=\"font-weight: 400;\">Soin intensif : 3 ampoules par semaine pendant 5 \u00e0 6 semaines<\/span><\/p>\n<p><span style=\"font-weight: 400;\">Entretien\/Pr\u00e9vention : 1 \u00e0 2 ampoules par semaine pendant 8 semaines<\/span>[\/vc_column_text][\/vc_column_inner][vc_column_inner width=&#8221;1\/2&#8243; css=&#8221;.vc_custom_1592816178879{background-color: #008074 !important;background-position: center !important;background-repeat: no-repeat !important;background-size: cover !important;}&#8221; offset=&#8221;vc_hidden-lg vc_hidden-md vc_hidden-sm&#8221;][vc_single_image image=&#8221;9873&#8243; img_size=&#8221;large&#8221; alignment=&#8221;center&#8221;][\/vc_column_inner][\/vc_row_inner][\/vc_column][\/vc_row][vc_row css=&#8221;.vc_custom_1582192829011{padding-top: 50px !important;}&#8221;][vc_column][vc_row_inner][vc_column_inner][vc_column_text]<\/p>\n<h1 style=\"text-align: center;\">Vous aimerez aussi<\/h1>\n<p>[\/vc_column_text][\/vc_column_inner][\/vc_row_inner][vc_raw_html]W3dwYi1wcm9kdWN0LXNsaWRlci1zaG9ydGNvZGUgaWQ9IjIzNSJd[\/vc_raw_html][\/vc_column][\/vc_row]<\/p>\n<\/div>","protected":false},"excerpt":{"rendered":"<p><span style=\"font-weight: 400;\">Un soin \u00e0 l&#8217;efficacit\u00e9 professionnelle qui<\/span><b> combat les pellicules et l&#8217;exc\u00e8s de s\u00e9bum<\/b><span style=\"font-weight: 400;\">. Gr\u00e2ce \u00e0 l&#8217;action purifiante et apaisante de<\/span><b> l&#8217;extrait de saule et de l&#8217;huile d&#8217;arbre \u00e0 th\u00e9<\/b><span style=\"font-weight: 400;\">, la lotion bivalente en ampoules normalise les peaux grasses et \u00e0 tendance pelliculaire.<\/span><\/p>\n<p><span style=\"font-weight: 400;\">L\u00e9gers, volumineux et sans pellicules, le cuir chevelu et les cheveux sont<\/span><b> visiblement plus sains et plus propres<\/b><span style=\"font-weight: 400;\">. L&#8217;efficacit\u00e9 et la tol\u00e9rance sont<\/span><b> test\u00e9es cliniquement<\/b><span style=\"font-weight: 400;\">. Pour un r\u00e9sultat maximum, associer le soin en ampoules au shampoing Depurize.<\/span><\/p>\n<p><span style=\"font-weight: 400;\">12 ampoules de 8 ml<\/span><\/p>\n<p>&nbsp;<\/p>\n[maxbutton id=\"5\"]\n","protected":false},"featured_media":16157,"template":"","meta":[],"product_brand":[],"product_cat":[1315],"product_tag":[],"class_list":{"0":"post-10596","1":"product","2":"type-product","3":"status-publish","4":"has-post-thumbnail","6":"product_cat-depurize-cuir-chevelu-gras","7":"description-off","9":"first","10":"instock","11":"shipping-taxable","12":"product-type-simple"},"yoast_head":"<!-- This site is optimized with the Yoast SEO plugin v27.2 - https:\/\/yoast.com\/product\/yoast-seo-wordpress\/ -->\n<title>Depurize - Soin normalisant en ampoules<\/title>\n<meta name=\"description\" content=\"Un soin \u00e0 l&#039;efficacit\u00e9 professionnelle qui combat les pellicules et l&#039;exc\u00e8s de s\u00e9bum.\" \/>\n<meta name=\"robots\" content=\"index, follow, max-snippet:-1, max-image-preview:large, max-video-preview:-1\" \/>\n<link rel=\"canonical\" href=\"https:\/\/paulrivera.it\/fr\/prodotti\/soins\/depurize-cuir-chevelu-gras\/depurize-soin-normalisant-en-ampoules\/\" \/>\n<meta property=\"og:locale\" content=\"fr_FR\" \/>\n<meta property=\"og:type\" content=\"article\" \/>\n<meta property=\"og:title\" content=\"Depurize - Soin normalisant en ampoules\" \/>\n<meta property=\"og:description\" content=\"Un soin \u00e0 l&#039;efficacit\u00e9 professionnelle qui combat les pellicules et l&#039;exc\u00e8s de s\u00e9bum.\" \/>\n<meta property=\"og:url\" content=\"https:\/\/paulrivera.it\/fr\/prodotti\/soins\/depurize-cuir-chevelu-gras\/depurize-soin-normalisant-en-ampoules\/\" \/>\n<meta property=\"og:site_name\" content=\"Paul Rivera\" \/>\n<meta property=\"article:modified_time\" content=\"2024-05-13T12:48:49+00:00\" \/>\n<meta property=\"og:image\" content=\"https:\/\/paulrivera.it\/wp-content\/uploads\/2020\/02\/604842_paul_rivera_depurize_normalizing_treatment_oily_scalp_dandruff-2.png\" \/>\n\t<meta property=\"og:image:width\" content=\"800\" \/>\n\t<meta property=\"og:image:height\" content=\"800\" \/>\n\t<meta property=\"og:image:type\" content=\"image\/png\" \/>\n<meta name=\"twitter:card\" content=\"summary_large_image\" \/>\n<meta name=\"twitter:label1\" content=\"Est. reading time\" \/>\n\t<meta name=\"twitter:data1\" content=\"3 minutes\" \/>\n<script type=\"application\/ld+json\" class=\"yoast-schema-graph\">{\"@context\":\"https:\/\/schema.org\",\"@graph\":[{\"@type\":\"WebPage\",\"@id\":\"https:\/\/paulrivera.it\/fr\/prodotti\/soins\/depurize-cuir-chevelu-gras\/depurize-soin-normalisant-en-ampoules\/\",\"url\":\"https:\/\/paulrivera.it\/fr\/prodotti\/soins\/depurize-cuir-chevelu-gras\/depurize-soin-normalisant-en-ampoules\/\",\"name\":\"Depurize - Soin normalisant en ampoules\",\"isPartOf\":{\"@id\":\"https:\/\/paulrivera.it\/fr\/#website\"},\"primaryImageOfPage\":{\"@id\":\"https:\/\/paulrivera.it\/fr\/prodotti\/soins\/depurize-cuir-chevelu-gras\/depurize-soin-normalisant-en-ampoules\/#primaryimage\"},\"image\":{\"@id\":\"https:\/\/paulrivera.it\/fr\/prodotti\/soins\/depurize-cuir-chevelu-gras\/depurize-soin-normalisant-en-ampoules\/#primaryimage\"},\"thumbnailUrl\":\"https:\/\/paulrivera.it\/wp-content\/uploads\/2025\/10\/604842-paul-rivera-depurize-normalizing-treatment-oily-scalp-dandruff.png\",\"datePublished\":\"2020-02-18T08:41:47+00:00\",\"dateModified\":\"2024-05-13T12:48:49+00:00\",\"description\":\"Un soin \u00e0 l'efficacit\u00e9 professionnelle qui combat les pellicules et l'exc\u00e8s de s\u00e9bum.\",\"breadcrumb\":{\"@id\":\"https:\/\/paulrivera.it\/fr\/prodotti\/soins\/depurize-cuir-chevelu-gras\/depurize-soin-normalisant-en-ampoules\/#breadcrumb\"},\"inLanguage\":\"fr-FR\",\"potentialAction\":[{\"@type\":\"ReadAction\",\"target\":[\"https:\/\/paulrivera.it\/fr\/prodotti\/soins\/depurize-cuir-chevelu-gras\/depurize-soin-normalisant-en-ampoules\/\"]}]},{\"@type\":\"ImageObject\",\"inLanguage\":\"fr-FR\",\"@id\":\"https:\/\/paulrivera.it\/fr\/prodotti\/soins\/depurize-cuir-chevelu-gras\/depurize-soin-normalisant-en-ampoules\/#primaryimage\",\"url\":\"https:\/\/paulrivera.it\/wp-content\/uploads\/2025\/10\/604842-paul-rivera-depurize-normalizing-treatment-oily-scalp-dandruff.png\",\"contentUrl\":\"https:\/\/paulrivera.it\/wp-content\/uploads\/2025\/10\/604842-paul-rivera-depurize-normalizing-treatment-oily-scalp-dandruff.png\",\"width\":800,\"height\":800},{\"@type\":\"BreadcrumbList\",\"@id\":\"https:\/\/paulrivera.it\/fr\/prodotti\/soins\/depurize-cuir-chevelu-gras\/depurize-soin-normalisant-en-ampoules\/#breadcrumb\",\"itemListElement\":[{\"@type\":\"ListItem\",\"position\":1,\"name\":\"Home\",\"item\":\"https:\/\/paulrivera.it\/fr\/\"},{\"@type\":\"ListItem\",\"position\":2,\"name\":\"Pagina shop\",\"item\":\"https:\/\/paulrivera.it\/prodotti\/\"},{\"@type\":\"ListItem\",\"position\":3,\"name\":\"Depurize &#8211; Soin normalisant en ampoules\"}]},{\"@type\":\"WebSite\",\"@id\":\"https:\/\/paulrivera.it\/fr\/#website\",\"url\":\"https:\/\/paulrivera.it\/fr\/\",\"name\":\"Paul Rivera\",\"description\":\"Hair Beauty Celebration\",\"publisher\":{\"@id\":\"https:\/\/paulrivera.it\/fr\/#organization\"},\"potentialAction\":[{\"@type\":\"SearchAction\",\"target\":{\"@type\":\"EntryPoint\",\"urlTemplate\":\"https:\/\/paulrivera.it\/fr\/?s={search_term_string}\"},\"query-input\":{\"@type\":\"PropertyValueSpecification\",\"valueRequired\":true,\"valueName\":\"search_term_string\"}}],\"inLanguage\":\"fr-FR\"},{\"@type\":\"Organization\",\"@id\":\"https:\/\/paulrivera.it\/fr\/#organization\",\"name\":\"Paul Rivera\",\"url\":\"https:\/\/paulrivera.it\/fr\/\",\"logo\":{\"@type\":\"ImageObject\",\"inLanguage\":\"fr-FR\",\"@id\":\"https:\/\/paulrivera.it\/fr\/#\/schema\/logo\/image\/\",\"url\":\"https:\/\/paulrivera.it\/wp-content\/uploads\/2020\/02\/paul_rivera_logo_header_x2.png\",\"contentUrl\":\"https:\/\/paulrivera.it\/wp-content\/uploads\/2020\/02\/paul_rivera_logo_header_x2.png\",\"width\":470,\"height\":60,\"caption\":\"Paul Rivera\"},\"image\":{\"@id\":\"https:\/\/paulrivera.it\/fr\/#\/schema\/logo\/image\/\"}}]}<\/script>\n<!-- \/ Yoast SEO plugin. -->","yoast_head_json":{"title":"Depurize - Soin normalisant en ampoules","description":"Un soin \u00e0 l'efficacit\u00e9 professionnelle qui combat les pellicules et l'exc\u00e8s de s\u00e9bum.","robots":{"index":"index","follow":"follow","max-snippet":"max-snippet:-1","max-image-preview":"max-image-preview:large","max-video-preview":"max-video-preview:-1"},"canonical":"https:\/\/paulrivera.it\/fr\/prodotti\/soins\/depurize-cuir-chevelu-gras\/depurize-soin-normalisant-en-ampoules\/","og_locale":"fr_FR","og_type":"article","og_title":"Depurize - Soin normalisant en ampoules","og_description":"Un soin \u00e0 l'efficacit\u00e9 professionnelle qui combat les pellicules et l'exc\u00e8s de s\u00e9bum.","og_url":"https:\/\/paulrivera.it\/fr\/prodotti\/soins\/depurize-cuir-chevelu-gras\/depurize-soin-normalisant-en-ampoules\/","og_site_name":"Paul Rivera","article_modified_time":"2024-05-13T12:48:49+00:00","og_image":[{"width":800,"height":800,"url":"https:\/\/paulrivera.it\/wp-content\/uploads\/2020\/02\/604842_paul_rivera_depurize_normalizing_treatment_oily_scalp_dandruff-2.png","type":"image\/png"}],"twitter_card":"summary_large_image","twitter_misc":{"Est. reading time":"3 minutes"},"schema":{"@context":"https:\/\/schema.org","@graph":[{"@type":"WebPage","@id":"https:\/\/paulrivera.it\/fr\/prodotti\/soins\/depurize-cuir-chevelu-gras\/depurize-soin-normalisant-en-ampoules\/","url":"https:\/\/paulrivera.it\/fr\/prodotti\/soins\/depurize-cuir-chevelu-gras\/depurize-soin-normalisant-en-ampoules\/","name":"Depurize - Soin normalisant en ampoules","isPartOf":{"@id":"https:\/\/paulrivera.it\/fr\/#website"},"primaryImageOfPage":{"@id":"https:\/\/paulrivera.it\/fr\/prodotti\/soins\/depurize-cuir-chevelu-gras\/depurize-soin-normalisant-en-ampoules\/#primaryimage"},"image":{"@id":"https:\/\/paulrivera.it\/fr\/prodotti\/soins\/depurize-cuir-chevelu-gras\/depurize-soin-normalisant-en-ampoules\/#primaryimage"},"thumbnailUrl":"https:\/\/paulrivera.it\/wp-content\/uploads\/2025\/10\/604842-paul-rivera-depurize-normalizing-treatment-oily-scalp-dandruff.png","datePublished":"2020-02-18T08:41:47+00:00","dateModified":"2024-05-13T12:48:49+00:00","description":"Un soin \u00e0 l'efficacit\u00e9 professionnelle qui combat les pellicules et l'exc\u00e8s de s\u00e9bum.","breadcrumb":{"@id":"https:\/\/paulrivera.it\/fr\/prodotti\/soins\/depurize-cuir-chevelu-gras\/depurize-soin-normalisant-en-ampoules\/#breadcrumb"},"inLanguage":"fr-FR","potentialAction":[{"@type":"ReadAction","target":["https:\/\/paulrivera.it\/fr\/prodotti\/soins\/depurize-cuir-chevelu-gras\/depurize-soin-normalisant-en-ampoules\/"]}]},{"@type":"ImageObject","inLanguage":"fr-FR","@id":"https:\/\/paulrivera.it\/fr\/prodotti\/soins\/depurize-cuir-chevelu-gras\/depurize-soin-normalisant-en-ampoules\/#primaryimage","url":"https:\/\/paulrivera.it\/wp-content\/uploads\/2025\/10\/604842-paul-rivera-depurize-normalizing-treatment-oily-scalp-dandruff.png","contentUrl":"https:\/\/paulrivera.it\/wp-content\/uploads\/2025\/10\/604842-paul-rivera-depurize-normalizing-treatment-oily-scalp-dandruff.png","width":800,"height":800},{"@type":"BreadcrumbList","@id":"https:\/\/paulrivera.it\/fr\/prodotti\/soins\/depurize-cuir-chevelu-gras\/depurize-soin-normalisant-en-ampoules\/#breadcrumb","itemListElement":[{"@type":"ListItem","position":1,"name":"Home","item":"https:\/\/paulrivera.it\/fr\/"},{"@type":"ListItem","position":2,"name":"Pagina shop","item":"https:\/\/paulrivera.it\/prodotti\/"},{"@type":"ListItem","position":3,"name":"Depurize &#8211; Soin normalisant en ampoules"}]},{"@type":"WebSite","@id":"https:\/\/paulrivera.it\/fr\/#website","url":"https:\/\/paulrivera.it\/fr\/","name":"Paul Rivera","description":"Hair Beauty Celebration","publisher":{"@id":"https:\/\/paulrivera.it\/fr\/#organization"},"potentialAction":[{"@type":"SearchAction","target":{"@type":"EntryPoint","urlTemplate":"https:\/\/paulrivera.it\/fr\/?s={search_term_string}"},"query-input":{"@type":"PropertyValueSpecification","valueRequired":true,"valueName":"search_term_string"}}],"inLanguage":"fr-FR"},{"@type":"Organization","@id":"https:\/\/paulrivera.it\/fr\/#organization","name":"Paul Rivera","url":"https:\/\/paulrivera.it\/fr\/","logo":{"@type":"ImageObject","inLanguage":"fr-FR","@id":"https:\/\/paulrivera.it\/fr\/#\/schema\/logo\/image\/","url":"https:\/\/paulrivera.it\/wp-content\/uploads\/2020\/02\/paul_rivera_logo_header_x2.png","contentUrl":"https:\/\/paulrivera.it\/wp-content\/uploads\/2020\/02\/paul_rivera_logo_header_x2.png","width":470,"height":60,"caption":"Paul Rivera"},"image":{"@id":"https:\/\/paulrivera.it\/fr\/#\/schema\/logo\/image\/"}}]}},"_links":{"self":[{"href":"https:\/\/paulrivera.it\/fr\/wp-json\/wp\/v2\/product\/10596","targetHints":{"allow":["GET"]}}],"collection":[{"href":"https:\/\/paulrivera.it\/fr\/wp-json\/wp\/v2\/product"}],"about":[{"href":"https:\/\/paulrivera.it\/fr\/wp-json\/wp\/v2\/types\/product"}],"wp:featuredmedia":[{"embeddable":true,"href":"https:\/\/paulrivera.it\/fr\/wp-json\/wp\/v2\/media\/16157"}],"wp:attachment":[{"href":"https:\/\/paulrivera.it\/fr\/wp-json\/wp\/v2\/media?parent=10596"}],"wp:term":[{"taxonomy":"product_brand","embeddable":true,"href":"https:\/\/paulrivera.it\/fr\/wp-json\/wp\/v2\/product_brand?post=10596"},{"taxonomy":"product_cat","embeddable":true,"href":"https:\/\/paulrivera.it\/fr\/wp-json\/wp\/v2\/product_cat?post=10596"},{"taxonomy":"product_tag","embeddable":true,"href":"https:\/\/paulrivera.it\/fr\/wp-json\/wp\/v2\/product_tag?post=10596"}],"curies":[{"name":"wp","href":"https:\/\/api.w.org\/{rel}","templated":true}]}}