{"id":10601,"date":"2020-02-18T09:42:50","date_gmt":"2020-02-18T08:42:50","guid":{"rendered":"https:\/\/paulrivera.it\/product\/true-orange-shampoing-anti-orange\/"},"modified":"2024-05-13T14:47:52","modified_gmt":"2024-05-13T12:47:52","slug":"true-orange-shampoing-anti-orange","status":"publish","type":"product","link":"https:\/\/paulrivera.it\/fr\/prodotti\/soins\/true-orange-systeme-anti-orange\/true-orange-shampoing-anti-orange\/","title":{"rendered":"True Orange &#8211; Shampoing Anti-orange"},"content":{"rendered":"<div class=\"wpb-content-wrapper\"><p>[vc_row full_width=&#8221;stretch_row&#8221;][vc_column][vc_row_inner el_id=&#8221;desktop&#8221;][vc_column_inner width=&#8221;1\/2&#8243; css=&#8221;.vc_custom_1582194227194{padding-top: 10% !important;padding-right: 10% !important;padding-bottom: 10% !important;padding-left: 30% !important;}&#8221; offset=&#8221;vc_hidden-md vc_hidden-sm vc_hidden-xs&#8221;][vc_column_text]<br \/>\n<span style=\"font-size: 28px;\"><b>Les bonnes raisons de l&#8217;aimer<\/b><\/span><\/p>\n<ul>\n<li style=\"font-weight: 400;\" aria-level=\"1\"><span style=\"font-weight: 400;\">\u00c9limine les reflets cuivr\u00e9s\/orang\u00e9s ind\u00e9sirables<\/span><\/li>\n<li style=\"font-weight: 400;\" aria-level=\"1\"><span style=\"font-weight: 400;\">Apporte \u00e9clat et brillance<\/span><\/li>\n<li style=\"font-weight: 400;\" aria-level=\"1\"><span style=\"font-weight: 400;\">Nettoie en douceur<\/span><\/li>\n<\/ul>\n<p>[\/vc_column_text][vc_column_text]<br \/>\n<span style=\"font-size: 28px;\"><b>Les principes actifs de la formule<\/b><\/span><\/p>\n<ul>\n<li style=\"font-weight: 400;\" aria-level=\"1\"><span style=\"font-weight: 400;\">Huile de Macadamia : l&#8217;incroyable m\u00e9lange d&#8217;acide palmitol\u00e9ique, d&#8217;acide ol\u00e9ique, d&#8217;acide linol\u00e9ique, d&#8217;Omega 3 et d&#8217;Omega 6, fait de l&#8217;Huile de Macadamia un puissant antioxydant aux propri\u00e9t\u00e9s nourrissantes et r\u00e9g\u00e9n\u00e9rantes.<\/span><\/li>\n<li style=\"font-weight: 400;\" aria-level=\"1\"><span style=\"font-weight: 400;\">Extrait de Myrtille : riche en vitamines et polyph\u00e9nols, la myrtille est un pr\u00e9cieux antioxydant qui combat les radicaux libres responsables du vieillissement cellulaire.<\/span><\/li>\n<\/ul>\n<p>[\/vc_column_text][vc_column_text]<br \/>\n<span style=\"font-size: 28px;\"><b>Mode d&#8217;emploi<\/b><\/span><\/p>\n<p><span style=\"font-weight: 400;\">Porter des gants de protection et appliquer sur cheveux mouill\u00e9s en laissant agir 5 minutes maximum. Rincer abondamment et r\u00e9p\u00e9ter si n\u00e9cessaire. Pr\u00e9cautions d&#8217;emploi : ne pas appliquer sur cheveux blancs ou fortement d\u00e9color\u00e9s.<\/span>[\/vc_column_text][\/vc_column_inner][vc_column_inner width=&#8221;1\/2&#8243; css=&#8221;.vc_custom_1582814264601{background-image: url(https:\/\/paulrivera.it\/wp-content\/uploads\/2020\/02\/background_adv_product_true_orange.png?id=872) !important;background-position: center !important;background-repeat: no-repeat !important;background-size: cover !important;}&#8221; offset=&#8221;vc_hidden-md vc_hidden-sm vc_hidden-xs&#8221;][vc_single_image image=&#8221;9767&#8243; img_size=&#8221;large&#8221; alignment=&#8221;center&#8221;][\/vc_column_inner][\/vc_row_inner][vc_row_inner el_id=&#8221;tablet&#8221;][vc_column_inner offset=&#8221;vc_hidden-lg vc_hidden-xs&#8221;][vc_column_text]<br \/>\n<span style=\"font-size: 28px;\"><b>Les bonnes raisons de l&#8217;aimer<\/b><\/span><\/p>\n<ul>\n<li style=\"font-weight: 400;\" aria-level=\"1\"><span style=\"font-weight: 400;\">\u00c9limine les reflets cuivr\u00e9s\/orang\u00e9s ind\u00e9sirables<\/span><\/li>\n<li style=\"font-weight: 400;\" aria-level=\"1\"><span style=\"font-weight: 400;\">Apporte \u00e9clat et brillance<\/span><\/li>\n<li style=\"font-weight: 400;\" aria-level=\"1\"><span style=\"font-weight: 400;\">Nettoie en douceur<\/span><\/li>\n<\/ul>\n<p>[\/vc_column_text][vc_column_text]<br \/>\n<span style=\"font-size: 28px;\"><b>Les principes actifs de la formule<\/b><\/span><\/p>\n<ul>\n<li style=\"font-weight: 400;\" aria-level=\"1\"><span style=\"font-weight: 400;\">Huile de Macadamia : l&#8217;incroyable m\u00e9lange d&#8217;acide palmitol\u00e9ique, d&#8217;acide ol\u00e9ique, d&#8217;acide linol\u00e9ique, d&#8217;Omega 3 et d&#8217;Omega 6, fait de l&#8217;Huile de Macadamia un puissant antioxydant aux propri\u00e9t\u00e9s nourrissantes et r\u00e9g\u00e9n\u00e9rantes.<\/span><\/li>\n<li style=\"font-weight: 400;\" aria-level=\"1\"><span style=\"font-weight: 400;\">Extrait de Myrtille : riche en vitamines et polyph\u00e9nols, la myrtille est un pr\u00e9cieux antioxydant qui combat les radicaux libres responsables du vieillissement cellulaire.<\/span><\/li>\n<\/ul>\n<p>[\/vc_column_text][vc_column_text]<br \/>\n<span style=\"font-size: 28px;\"><b>Mode d&#8217;emploi<\/b><\/span><\/p>\n<p><span style=\"font-weight: 400;\">Porter des gants de protection et appliquer sur cheveux mouill\u00e9s en laissant agir 5 minutes maximum. Rincer abondamment et r\u00e9p\u00e9ter si n\u00e9cessaire. Pr\u00e9cautions d&#8217;emploi : ne pas appliquer sur cheveux blancs ou fortement d\u00e9color\u00e9s.<\/span>[\/vc_column_text][\/vc_column_inner][\/vc_row_inner][vc_row_inner el_id=&#8221;mobile&#8221;][vc_column_inner width=&#8221;1\/2&#8243; offset=&#8221;vc_hidden-lg vc_hidden-md vc_hidden-sm&#8221;][vc_column_text]<br \/>\n<span style=\"font-size: 28px;\"><b>Les bonnes raisons de l&#8217;aimer<\/b><\/span><\/p>\n<ul>\n<li style=\"font-weight: 400;\" aria-level=\"1\"><span style=\"font-weight: 400;\">\u00c9limine les reflets cuivr\u00e9s\/orang\u00e9s ind\u00e9sirables<\/span><\/li>\n<li style=\"font-weight: 400;\" aria-level=\"1\"><span style=\"font-weight: 400;\">Apporte \u00e9clat et brillance<\/span><\/li>\n<li style=\"font-weight: 400;\" aria-level=\"1\"><span style=\"font-weight: 400;\">Nettoie en douceur<\/span><\/li>\n<\/ul>\n<p>[\/vc_column_text][vc_column_text]<br \/>\n<span style=\"font-size: 28px;\"><b>Les principes actifs de la formule<\/b><\/span><\/p>\n<ul>\n<li style=\"font-weight: 400;\" aria-level=\"1\"><span style=\"font-weight: 400;\">Huile de Macadamia : l&#8217;incroyable m\u00e9lange d&#8217;acide palmitol\u00e9ique, d&#8217;acide ol\u00e9ique, d&#8217;acide linol\u00e9ique, d&#8217;Omega 3 et d&#8217;Omega 6, fait de l&#8217;Huile de Macadamia un puissant antioxydant aux propri\u00e9t\u00e9s nourrissantes et r\u00e9g\u00e9n\u00e9rantes.<\/span><\/li>\n<li style=\"font-weight: 400;\" aria-level=\"1\"><span style=\"font-weight: 400;\">Extrait de Myrtille : riche en vitamines et polyph\u00e9nols, la myrtille est un pr\u00e9cieux antioxydant qui combat les radicaux libres responsables du vieillissement cellulaire.<\/span><\/li>\n<\/ul>\n<p>[\/vc_column_text][vc_column_text]<br \/>\n<span style=\"font-size: 28px;\"><b>Mode d&#8217;emploi<\/b><\/span><\/p>\n<p><span style=\"font-weight: 400;\">Porter des gants de protection et appliquer sur cheveux mouill\u00e9s en laissant agir 5 minutes maximum. Rincer abondamment et r\u00e9p\u00e9ter si n\u00e9cessaire. Pr\u00e9cautions d&#8217;emploi : ne pas appliquer sur cheveux blancs ou fortement d\u00e9color\u00e9s.<\/span>[\/vc_column_text][\/vc_column_inner][vc_column_inner width=&#8221;1\/2&#8243; css=&#8221;.vc_custom_1582814298541{background-image: url(https:\/\/paulrivera.it\/wp-content\/uploads\/2020\/02\/background_adv_product_true_orange.png?id=872) !important;background-position: center !important;background-repeat: no-repeat !important;background-size: cover !important;}&#8221; offset=&#8221;vc_hidden-lg vc_hidden-md vc_hidden-sm&#8221;][vc_single_image image=&#8221;9767&#8243; img_size=&#8221;large&#8221; alignment=&#8221;center&#8221;][\/vc_column_inner][\/vc_row_inner][\/vc_column][\/vc_row][vc_row css=&#8221;.vc_custom_1582192829011{padding-top: 50px !important;}&#8221;][vc_column][vc_row_inner][vc_column_inner][vc_column_text]<\/p>\n<h1 style=\"text-align: center;\">Vous aimerez aussi<\/h1>\n<p>[\/vc_column_text][\/vc_column_inner][\/vc_row_inner][vc_raw_html]W3dwYi1wcm9kdWN0LXNsaWRlci1zaG9ydGNvZGUgaWQ9IjI3MCJd[\/vc_raw_html][\/vc_column][\/vc_row]<\/p>\n<\/div>","protected":false},"excerpt":{"rendered":"<p><span style=\"font-weight: 400;\">Le<\/span><b> shampoing True Orange<\/b><span style=\"font-weight: 400;\"> supprime les<\/span><b> reflets cuivr\u00e9s\/orang\u00e9s<\/b><span style=\"font-weight: 400;\"> sur les cheveux naturels ou color\u00e9s. Sa formule contenant de l&#8217;<\/span><b>Huile de macadamia<\/b><span style=\"font-weight: 400;\"> et<\/span><b> de l&#8217;extrait de myrtille<\/b><span style=\"font-weight: 400;\"> nettoie d\u00e9licatement et hydrate intens\u00e9ment, en donnant \u00e9clat et douceur.<\/span><\/p>\n<p><span style=\"font-weight: 400;\">Gr\u00e2ce \u00e0 son<\/span><b> action neutralisante<\/b><span style=\"font-weight: 400;\"> qui \u00e9limine facilement les nuances cuivr\u00e9es et orang\u00e9es, ce<\/span><b> shampooing<\/b><span style=\"font-weight: 400;\"> est un produit indispensable pour pr\u00e9server la beaut\u00e9 naturelle des cheveux.<\/span><\/p>\n<p>500 ml<\/p>\n<p>&nbsp;<\/p>\n[maxbutton id=\"5\"]\n","protected":false},"featured_media":9514,"template":"","meta":[],"product_brand":[],"product_cat":[1322],"product_tag":[],"class_list":{"0":"post-10601","1":"product","2":"type-product","3":"status-publish","4":"has-post-thumbnail","6":"product_cat-true-orange-systeme-anti-orange","7":"description-off","9":"first","10":"instock","11":"shipping-taxable","12":"product-type-simple"},"yoast_head":"<!-- This site is optimized with the Yoast SEO plugin v27.2 - https:\/\/yoast.com\/product\/yoast-seo-wordpress\/ -->\n<title>True Orange - Shampoing Anti-orange<\/title>\n<meta name=\"description\" content=\"Le shampoing True Orange supprime les reflets cuivr\u00e9s\/orang\u00e9s sur les cheveux naturels ou color\u00e9s.\" \/>\n<meta name=\"robots\" content=\"index, follow, max-snippet:-1, max-image-preview:large, max-video-preview:-1\" \/>\n<link rel=\"canonical\" href=\"https:\/\/paulrivera.it\/fr\/prodotti\/soins\/true-orange-systeme-anti-orange\/true-orange-shampoing-anti-orange\/\" \/>\n<meta property=\"og:locale\" content=\"fr_FR\" \/>\n<meta property=\"og:type\" content=\"article\" \/>\n<meta property=\"og:title\" content=\"True Orange - Shampoing Anti-orange\" \/>\n<meta property=\"og:description\" content=\"Le shampoing True Orange supprime les reflets cuivr\u00e9s\/orang\u00e9s sur les cheveux naturels ou color\u00e9s.\" \/>\n<meta property=\"og:url\" content=\"https:\/\/paulrivera.it\/fr\/prodotti\/soins\/true-orange-systeme-anti-orange\/true-orange-shampoing-anti-orange\/\" \/>\n<meta property=\"og:site_name\" content=\"Paul Rivera\" \/>\n<meta property=\"article:modified_time\" content=\"2024-05-13T12:47:52+00:00\" \/>\n<meta property=\"og:image\" content=\"https:\/\/paulrivera.it\/wp-content\/uploads\/2020\/02\/604736_paul_rivera_true_orange_anti_orange_shampoo_500ml.png\" \/>\n\t<meta property=\"og:image:width\" content=\"800\" \/>\n\t<meta property=\"og:image:height\" content=\"800\" \/>\n\t<meta property=\"og:image:type\" content=\"image\/png\" \/>\n<meta name=\"twitter:card\" content=\"summary_large_image\" \/>\n<meta name=\"twitter:label1\" content=\"Est. reading time\" \/>\n\t<meta name=\"twitter:data1\" content=\"3 minutes\" \/>\n<script type=\"application\/ld+json\" class=\"yoast-schema-graph\">{\"@context\":\"https:\/\/schema.org\",\"@graph\":[{\"@type\":\"WebPage\",\"@id\":\"https:\/\/paulrivera.it\/fr\/prodotti\/soins\/true-orange-systeme-anti-orange\/true-orange-shampoing-anti-orange\/\",\"url\":\"https:\/\/paulrivera.it\/fr\/prodotti\/soins\/true-orange-systeme-anti-orange\/true-orange-shampoing-anti-orange\/\",\"name\":\"True Orange - Shampoing Anti-orange\",\"isPartOf\":{\"@id\":\"https:\/\/paulrivera.it\/fr\/#website\"},\"primaryImageOfPage\":{\"@id\":\"https:\/\/paulrivera.it\/fr\/prodotti\/soins\/true-orange-systeme-anti-orange\/true-orange-shampoing-anti-orange\/#primaryimage\"},\"image\":{\"@id\":\"https:\/\/paulrivera.it\/fr\/prodotti\/soins\/true-orange-systeme-anti-orange\/true-orange-shampoing-anti-orange\/#primaryimage\"},\"thumbnailUrl\":\"https:\/\/paulrivera.it\/wp-content\/uploads\/2020\/02\/604736_paul_rivera_true_orange_anti_orange_shampoo_500ml.png\",\"datePublished\":\"2020-02-18T08:42:50+00:00\",\"dateModified\":\"2024-05-13T12:47:52+00:00\",\"description\":\"Le shampoing True Orange supprime les reflets cuivr\u00e9s\/orang\u00e9s sur les cheveux naturels ou color\u00e9s.\",\"breadcrumb\":{\"@id\":\"https:\/\/paulrivera.it\/fr\/prodotti\/soins\/true-orange-systeme-anti-orange\/true-orange-shampoing-anti-orange\/#breadcrumb\"},\"inLanguage\":\"fr-FR\",\"potentialAction\":[{\"@type\":\"ReadAction\",\"target\":[\"https:\/\/paulrivera.it\/fr\/prodotti\/soins\/true-orange-systeme-anti-orange\/true-orange-shampoing-anti-orange\/\"]}]},{\"@type\":\"ImageObject\",\"inLanguage\":\"fr-FR\",\"@id\":\"https:\/\/paulrivera.it\/fr\/prodotti\/soins\/true-orange-systeme-anti-orange\/true-orange-shampoing-anti-orange\/#primaryimage\",\"url\":\"https:\/\/paulrivera.it\/wp-content\/uploads\/2020\/02\/604736_paul_rivera_true_orange_anti_orange_shampoo_500ml.png\",\"contentUrl\":\"https:\/\/paulrivera.it\/wp-content\/uploads\/2020\/02\/604736_paul_rivera_true_orange_anti_orange_shampoo_500ml.png\",\"width\":800,\"height\":800},{\"@type\":\"BreadcrumbList\",\"@id\":\"https:\/\/paulrivera.it\/fr\/prodotti\/soins\/true-orange-systeme-anti-orange\/true-orange-shampoing-anti-orange\/#breadcrumb\",\"itemListElement\":[{\"@type\":\"ListItem\",\"position\":1,\"name\":\"Home\",\"item\":\"https:\/\/paulrivera.it\/fr\/\"},{\"@type\":\"ListItem\",\"position\":2,\"name\":\"Pagina shop\",\"item\":\"https:\/\/paulrivera.it\/prodotti\/\"},{\"@type\":\"ListItem\",\"position\":3,\"name\":\"True Orange &#8211; Shampoing Anti-orange\"}]},{\"@type\":\"WebSite\",\"@id\":\"https:\/\/paulrivera.it\/fr\/#website\",\"url\":\"https:\/\/paulrivera.it\/fr\/\",\"name\":\"Paul Rivera\",\"description\":\"Hair Beauty Celebration\",\"publisher\":{\"@id\":\"https:\/\/paulrivera.it\/fr\/#organization\"},\"potentialAction\":[{\"@type\":\"SearchAction\",\"target\":{\"@type\":\"EntryPoint\",\"urlTemplate\":\"https:\/\/paulrivera.it\/fr\/?s={search_term_string}\"},\"query-input\":{\"@type\":\"PropertyValueSpecification\",\"valueRequired\":true,\"valueName\":\"search_term_string\"}}],\"inLanguage\":\"fr-FR\"},{\"@type\":\"Organization\",\"@id\":\"https:\/\/paulrivera.it\/fr\/#organization\",\"name\":\"Paul Rivera\",\"url\":\"https:\/\/paulrivera.it\/fr\/\",\"logo\":{\"@type\":\"ImageObject\",\"inLanguage\":\"fr-FR\",\"@id\":\"https:\/\/paulrivera.it\/fr\/#\/schema\/logo\/image\/\",\"url\":\"https:\/\/paulrivera.it\/wp-content\/uploads\/2020\/02\/paul_rivera_logo_header_x2.png\",\"contentUrl\":\"https:\/\/paulrivera.it\/wp-content\/uploads\/2020\/02\/paul_rivera_logo_header_x2.png\",\"width\":470,\"height\":60,\"caption\":\"Paul Rivera\"},\"image\":{\"@id\":\"https:\/\/paulrivera.it\/fr\/#\/schema\/logo\/image\/\"}}]}<\/script>\n<!-- \/ Yoast SEO plugin. -->","yoast_head_json":{"title":"True Orange - Shampoing Anti-orange","description":"Le shampoing True Orange supprime les reflets cuivr\u00e9s\/orang\u00e9s sur les cheveux naturels ou color\u00e9s.","robots":{"index":"index","follow":"follow","max-snippet":"max-snippet:-1","max-image-preview":"max-image-preview:large","max-video-preview":"max-video-preview:-1"},"canonical":"https:\/\/paulrivera.it\/fr\/prodotti\/soins\/true-orange-systeme-anti-orange\/true-orange-shampoing-anti-orange\/","og_locale":"fr_FR","og_type":"article","og_title":"True Orange - Shampoing Anti-orange","og_description":"Le shampoing True Orange supprime les reflets cuivr\u00e9s\/orang\u00e9s sur les cheveux naturels ou color\u00e9s.","og_url":"https:\/\/paulrivera.it\/fr\/prodotti\/soins\/true-orange-systeme-anti-orange\/true-orange-shampoing-anti-orange\/","og_site_name":"Paul Rivera","article_modified_time":"2024-05-13T12:47:52+00:00","og_image":[{"width":800,"height":800,"url":"https:\/\/paulrivera.it\/wp-content\/uploads\/2020\/02\/604736_paul_rivera_true_orange_anti_orange_shampoo_500ml.png","type":"image\/png"}],"twitter_card":"summary_large_image","twitter_misc":{"Est. reading time":"3 minutes"},"schema":{"@context":"https:\/\/schema.org","@graph":[{"@type":"WebPage","@id":"https:\/\/paulrivera.it\/fr\/prodotti\/soins\/true-orange-systeme-anti-orange\/true-orange-shampoing-anti-orange\/","url":"https:\/\/paulrivera.it\/fr\/prodotti\/soins\/true-orange-systeme-anti-orange\/true-orange-shampoing-anti-orange\/","name":"True Orange - Shampoing Anti-orange","isPartOf":{"@id":"https:\/\/paulrivera.it\/fr\/#website"},"primaryImageOfPage":{"@id":"https:\/\/paulrivera.it\/fr\/prodotti\/soins\/true-orange-systeme-anti-orange\/true-orange-shampoing-anti-orange\/#primaryimage"},"image":{"@id":"https:\/\/paulrivera.it\/fr\/prodotti\/soins\/true-orange-systeme-anti-orange\/true-orange-shampoing-anti-orange\/#primaryimage"},"thumbnailUrl":"https:\/\/paulrivera.it\/wp-content\/uploads\/2020\/02\/604736_paul_rivera_true_orange_anti_orange_shampoo_500ml.png","datePublished":"2020-02-18T08:42:50+00:00","dateModified":"2024-05-13T12:47:52+00:00","description":"Le shampoing True Orange supprime les reflets cuivr\u00e9s\/orang\u00e9s sur les cheveux naturels ou color\u00e9s.","breadcrumb":{"@id":"https:\/\/paulrivera.it\/fr\/prodotti\/soins\/true-orange-systeme-anti-orange\/true-orange-shampoing-anti-orange\/#breadcrumb"},"inLanguage":"fr-FR","potentialAction":[{"@type":"ReadAction","target":["https:\/\/paulrivera.it\/fr\/prodotti\/soins\/true-orange-systeme-anti-orange\/true-orange-shampoing-anti-orange\/"]}]},{"@type":"ImageObject","inLanguage":"fr-FR","@id":"https:\/\/paulrivera.it\/fr\/prodotti\/soins\/true-orange-systeme-anti-orange\/true-orange-shampoing-anti-orange\/#primaryimage","url":"https:\/\/paulrivera.it\/wp-content\/uploads\/2020\/02\/604736_paul_rivera_true_orange_anti_orange_shampoo_500ml.png","contentUrl":"https:\/\/paulrivera.it\/wp-content\/uploads\/2020\/02\/604736_paul_rivera_true_orange_anti_orange_shampoo_500ml.png","width":800,"height":800},{"@type":"BreadcrumbList","@id":"https:\/\/paulrivera.it\/fr\/prodotti\/soins\/true-orange-systeme-anti-orange\/true-orange-shampoing-anti-orange\/#breadcrumb","itemListElement":[{"@type":"ListItem","position":1,"name":"Home","item":"https:\/\/paulrivera.it\/fr\/"},{"@type":"ListItem","position":2,"name":"Pagina shop","item":"https:\/\/paulrivera.it\/prodotti\/"},{"@type":"ListItem","position":3,"name":"True Orange &#8211; Shampoing Anti-orange"}]},{"@type":"WebSite","@id":"https:\/\/paulrivera.it\/fr\/#website","url":"https:\/\/paulrivera.it\/fr\/","name":"Paul Rivera","description":"Hair Beauty Celebration","publisher":{"@id":"https:\/\/paulrivera.it\/fr\/#organization"},"potentialAction":[{"@type":"SearchAction","target":{"@type":"EntryPoint","urlTemplate":"https:\/\/paulrivera.it\/fr\/?s={search_term_string}"},"query-input":{"@type":"PropertyValueSpecification","valueRequired":true,"valueName":"search_term_string"}}],"inLanguage":"fr-FR"},{"@type":"Organization","@id":"https:\/\/paulrivera.it\/fr\/#organization","name":"Paul Rivera","url":"https:\/\/paulrivera.it\/fr\/","logo":{"@type":"ImageObject","inLanguage":"fr-FR","@id":"https:\/\/paulrivera.it\/fr\/#\/schema\/logo\/image\/","url":"https:\/\/paulrivera.it\/wp-content\/uploads\/2020\/02\/paul_rivera_logo_header_x2.png","contentUrl":"https:\/\/paulrivera.it\/wp-content\/uploads\/2020\/02\/paul_rivera_logo_header_x2.png","width":470,"height":60,"caption":"Paul Rivera"},"image":{"@id":"https:\/\/paulrivera.it\/fr\/#\/schema\/logo\/image\/"}}]}},"_links":{"self":[{"href":"https:\/\/paulrivera.it\/fr\/wp-json\/wp\/v2\/product\/10601","targetHints":{"allow":["GET"]}}],"collection":[{"href":"https:\/\/paulrivera.it\/fr\/wp-json\/wp\/v2\/product"}],"about":[{"href":"https:\/\/paulrivera.it\/fr\/wp-json\/wp\/v2\/types\/product"}],"wp:featuredmedia":[{"embeddable":true,"href":"https:\/\/paulrivera.it\/fr\/wp-json\/wp\/v2\/media\/9514"}],"wp:attachment":[{"href":"https:\/\/paulrivera.it\/fr\/wp-json\/wp\/v2\/media?parent=10601"}],"wp:term":[{"taxonomy":"product_brand","embeddable":true,"href":"https:\/\/paulrivera.it\/fr\/wp-json\/wp\/v2\/product_brand?post=10601"},{"taxonomy":"product_cat","embeddable":true,"href":"https:\/\/paulrivera.it\/fr\/wp-json\/wp\/v2\/product_cat?post=10601"},{"taxonomy":"product_tag","embeddable":true,"href":"https:\/\/paulrivera.it\/fr\/wp-json\/wp\/v2\/product_tag?post=10601"}],"curies":[{"name":"wp","href":"https:\/\/api.w.org\/{rel}","templated":true}]}}