{"id":10605,"date":"2021-12-13T09:00:36","date_gmt":"2021-12-13T08:00:36","guid":{"rendered":"https:\/\/paulrivera.it\/product\/plex-us-kit\/"},"modified":"2024-05-13T14:24:40","modified_gmt":"2024-05-13T12:24:40","slug":"plex-us-kit","status":"publish","type":"product","link":"https:\/\/paulrivera.it\/fr\/prodotti\/produits-techniques\/plex-us-soin-protecteur-multifonction\/plex-us-kit\/","title":{"rendered":"PLEX-US KIT"},"content":{"rendered":"<div class=\"wpb-content-wrapper\"><p>[vc_row full_width=&#8221;stretch_row&#8221;][vc_column][vc_row_inner el_id=&#8221;desktop&#8221;][vc_column_inner width=&#8221;1\/2&#8243; css=&#8221;.vc_custom_1582194227194{padding-top: 10% !important;padding-right: 10% !important;padding-bottom: 10% !important;padding-left: 30% !important;}&#8221; offset=&#8221;vc_hidden-md vc_hidden-sm vc_hidden-xs&#8221;][vc_column_text]<br \/>\n<strong><span style=\"font-size: 28px;\">Les bonnes raisons de l&#8217;aimer<\/span><\/strong><\/p>\n<ul>\n<li><span style=\"font-weight: 400;\">Am\u00e9liore la sant\u00e9 et la texture des cheveux<\/span><\/li>\n<li>N\u2019affecte pas les d\u00e9lais d&#8217;application standards des soins particuliers<\/li>\n<li>Am\u00e9liore la p\u00e9n\u00e9tration de la couleur dans les cheveux<\/li>\n<li>R\u00e9pare la fibre capillaire de l&#8217;int\u00e9rieur<\/li>\n<\/ul>\n<p>[\/vc_column_text][vc_column_text]<strong><span style=\"font-size: 28px;\">Formule<\/span><\/strong><\/p>\n<ul>\n<li><span style=\"font-weight: 400;\">BOND INFUSION : complexe \u00e0 base de prot\u00e9ines, qui agit sur la r\u00e9sistance \u00e0 la casse, l&#8217;\u00e9lasticit\u00e9 et la compacit\u00e9 des cuticules. Donne aux cheveux un effet filmog\u00e8ne pour renforcer, lubrifier et prot\u00e9ger leur surface.<\/span><\/li>\n<\/ul>\n<p>[\/vc_column_text][vc_column_text]<br \/>\n<strong><span style=\"font-size: 28px;\">Mode d&#8217;emploi<\/span><\/strong><\/p>\n<p><span style=\"font-weight: 400;\">Ajouter PLEX-US N\u00b01 au m\u00e9lange du soin particulier choisi et laisser agir le temps n\u00e9cessaire \u00e0 la coloration. Apr\u00e8s le shampooing, appliquer PLEX-US N\u00b02 et rincer. Proc\u00e9der au coiffage.<\/span>[\/vc_column_text][\/vc_column_inner][vc_column_inner width=&#8221;1\/2&#8243; css=&#8221;.vc_custom_1638798446705{background-color: #d08eb8 !important;background-position: center !important;background-repeat: no-repeat !important;background-size: cover !important;}&#8221; offset=&#8221;vc_hidden-md vc_hidden-sm vc_hidden-xs&#8221;][vc_single_image image=&#8221;10228&#8243; img_size=&#8221;full&#8221;][\/vc_column_inner][\/vc_row_inner][vc_row_inner el_id=&#8221;tablet&#8221;][vc_column_inner offset=&#8221;vc_hidden-lg vc_hidden-xs&#8221;][vc_column_text]<br \/>\n<strong><span style=\"font-size: 28px;\">Les bonnes raisons de l&#8217;aimer<\/span><\/strong><\/p>\n<ul>\n<li><span style=\"font-weight: 400;\">Am\u00e9liore la sant\u00e9 et la texture des cheveux<\/span><\/li>\n<li>N\u2019affecte pas les d\u00e9lais d&#8217;application standards des soins particuliers<\/li>\n<li>Am\u00e9liore la p\u00e9n\u00e9tration de la couleur dans les cheveux<\/li>\n<li>R\u00e9pare la fibre capillaire de l&#8217;int\u00e9rieur<\/li>\n<\/ul>\n<p>[\/vc_column_text][vc_column_text]<strong><span style=\"font-size: 28px;\">Formule<\/span><\/strong><\/p>\n<ul>\n<li><span style=\"font-weight: 400;\">BOND INFUSION : complexe \u00e0 base de prot\u00e9ines, qui agit sur la r\u00e9sistance \u00e0 la casse, l&#8217;\u00e9lasticit\u00e9 et la compacit\u00e9 des cuticules. Donne aux cheveux un effet filmog\u00e8ne pour renforcer, lubrifier et prot\u00e9ger leur surface.<\/span><\/li>\n<\/ul>\n<p>[\/vc_column_text][vc_column_text]<br \/>\n<strong><span style=\"font-size: 28px;\">Mode d&#8217;emploi<\/span><\/strong><\/p>\n<p><span style=\"font-weight: 400;\">Ajouter PLEX-US N\u00b01 au m\u00e9lange du soin particulier choisi et laisser agir le temps n\u00e9cessaire \u00e0 la coloration. Apr\u00e8s le shampooing, appliquer PLEX-US N\u00b02 et rincer. Proc\u00e9der au coiffage.<\/span>[\/vc_column_text][\/vc_column_inner][\/vc_row_inner][vc_row_inner el_id=&#8221;mobile&#8221;][vc_column_inner width=&#8221;1\/2&#8243; offset=&#8221;vc_hidden-lg vc_hidden-md vc_hidden-sm&#8221;][vc_column_text]<br \/>\n<strong><span style=\"font-size: 28px;\">Les bonnes raisons de l&#8217;aimer<\/span><\/strong><\/p>\n<ul>\n<li><span style=\"font-weight: 400;\">Am\u00e9liore la sant\u00e9 et la texture des cheveux<\/span><\/li>\n<li>N\u2019affecte pas les d\u00e9lais d&#8217;application standards des soins particuliers<\/li>\n<li>Am\u00e9liore la p\u00e9n\u00e9tration de la couleur dans les cheveux<\/li>\n<li>R\u00e9pare la fibre capillaire de l&#8217;int\u00e9rieur<\/li>\n<\/ul>\n<p>[\/vc_column_text][vc_column_text]<strong><span style=\"font-size: 28px;\">Formule<\/span><\/strong><\/p>\n<ul>\n<li><span style=\"font-weight: 400;\">BOND INFUSION : complexe \u00e0 base de prot\u00e9ines, qui agit sur la r\u00e9sistance \u00e0 la casse, l&#8217;\u00e9lasticit\u00e9 et la compacit\u00e9 des cuticules. Donne aux cheveux un effet filmog\u00e8ne pour renforcer, lubrifier et prot\u00e9ger leur surface.<\/span><\/li>\n<\/ul>\n<p>[\/vc_column_text][vc_column_text]<br \/>\n<strong><span style=\"font-size: 28px;\">Mode d&#8217;emploi<\/span><\/strong><\/p>\n<p><span style=\"font-weight: 400;\">Ajouter PLEX-US N\u00b01 au m\u00e9lange du soin particulier choisi et laisser agir le temps n\u00e9cessaire \u00e0 la coloration. Apr\u00e8s le shampooing, appliquer PLEX-US N\u00b02 et rincer. Proc\u00e9der au coiffage.<\/span>[\/vc_column_text][\/vc_column_inner][vc_column_inner width=&#8221;1\/2&#8243; css=&#8221;.vc_custom_1638798528853{background-color: #d08eb8 !important;background-position: center !important;background-repeat: no-repeat !important;background-size: cover !important;}&#8221; offset=&#8221;vc_hidden-lg vc_hidden-md vc_hidden-sm&#8221;][vc_single_image image=&#8221;10228&#8243; img_size=&#8221;full&#8221;][\/vc_column_inner][\/vc_row_inner][\/vc_column][\/vc_row][vc_row css=&#8221;.vc_custom_1582192829011{padding-top: 50px !important;}&#8221;][vc_column][vc_column_text]<\/p>\n<h1 style=\"text-align: center;\">PLEX-US N\u00b01<\/h1>\n<p>[\/vc_column_text][vc_raw_html]JTVCd3B0YiUyMGlkJTNEMTA2MDclNUQlMEElMjAlMjAlMjAlMjAlMjAlMjAlMjAlMjAlMjAlMjAlMjAlMjAlMjAlMjAlMjAlMjA=[\/vc_raw_html][vc_column_text]<\/p>\n<h1 style=\"text-align: center;\">PLEX-US N\u00b02<\/h1>\n<p>[\/vc_column_text][vc_raw_html]JTVCd3B0YiUyMGlkJTNEMTA2MDklNUQlMEElMjAlMjAlMjAlMjAlMjAlMjAlMjAlMjAlMjAlMjAlMjAlMjAlMjAlMjAlMjAlMjA=[\/vc_raw_html][\/vc_column][vc_column][vc_row_inner][vc_column_inner][vc_column_text]<\/p>\n<h1 style=\"text-align: center;\">Vous aimerez aussi<\/h1>\n<p>[\/vc_column_text][vc_raw_html]W3dwYi1wcm9kdWN0LXNsaWRlci1zaG9ydGNvZGUgaWQ9IjQ2NTMiXQ==[\/vc_raw_html][\/vc_column_inner][\/vc_row_inner][\/vc_column][\/vc_row]<\/p>\n<\/div>","protected":false},"excerpt":{"rendered":"<p><span style=\"font-weight: 400;\">Une technologie innovante pour pr\u00e9server la sant\u00e9 de vos cheveux : <strong>PLEX-US<\/strong> est un soin multifonction exclusif sign\u00e9 Paul Rivera qui aide \u00e0 <strong>prot\u00e9ger les cheveux stress\u00e9s par les soins particuliers de coloration, d\u00e9coloration ou permanente<\/strong>.<\/span><\/p>\n<p><span style=\"font-weight: 400;\">\u00a0<\/span><\/p>\n<p><span style=\"font-weight: 400;\">Le kit comprend :<\/span><\/p>\n<p><span style=\"font-weight: 400;\">1 flacon de <strong>PLEX-US N\u00b01<\/strong> (500 ml) \u2013 le <strong>fluide protecteur<\/strong> \u00e0 ajouter comme additif au m\u00e9lange de coloration, d\u00e9coloration, permanente ou masque \u00e9claircissant.<\/span><\/p>\n<p><span style=\"font-weight: 400;\">2 flacons de <strong>PLEX-US N\u00b02<\/strong> (500 ml) \u2013 le <strong>masque protecteur<\/strong> qui compl\u00e8te l&#8217;action de PLEX-US N\u00b01 et sublime les r\u00e9sultats cosm\u00e9tiques des soins particuliers.<\/span><\/p>\n<p>&nbsp;<\/p>\n[maxbutton id=\"5\"]\n","protected":false},"featured_media":15504,"template":"","meta":[],"product_brand":[],"product_cat":[1309],"product_tag":[],"class_list":{"0":"post-10605","1":"product","2":"type-product","3":"status-publish","4":"has-post-thumbnail","6":"product_cat-plex-us-soin-protecteur-multifonction","7":"description-off","9":"first","10":"instock","11":"shipping-taxable","12":"product-type-simple"},"yoast_head":"<!-- This site is optimized with the Yoast SEO plugin v27.2 - https:\/\/yoast.com\/product\/yoast-seo-wordpress\/ -->\n<title>PLEX-US KIT | Paul Rivera<\/title>\n<meta name=\"description\" content=\"PLEX-US est un soin multifonction exclusif sign\u00e9 Paul Rivera qui aide \u00e0 prot\u00e9ger les cheveux stress\u00e9s par les soins particuliers de coloration, d\u00e9coloration ou permanente.\" \/>\n<meta name=\"robots\" content=\"index, follow, max-snippet:-1, max-image-preview:large, max-video-preview:-1\" \/>\n<link rel=\"canonical\" href=\"https:\/\/paulrivera.it\/fr\/prodotti\/produits-techniques\/plex-us-soin-protecteur-multifonction\/plex-us-kit\/\" \/>\n<meta property=\"og:locale\" content=\"fr_FR\" \/>\n<meta property=\"og:type\" content=\"article\" \/>\n<meta property=\"og:title\" content=\"PLEX-US KIT | Paul Rivera\" \/>\n<meta property=\"og:description\" content=\"PLEX-US est un soin multifonction exclusif sign\u00e9 Paul Rivera qui aide \u00e0 prot\u00e9ger les cheveux stress\u00e9s par les soins particuliers de coloration, d\u00e9coloration ou permanente.\" \/>\n<meta property=\"og:url\" content=\"https:\/\/paulrivera.it\/fr\/prodotti\/produits-techniques\/plex-us-soin-protecteur-multifonction\/plex-us-kit\/\" \/>\n<meta property=\"og:site_name\" content=\"Paul Rivera\" \/>\n<meta property=\"article:modified_time\" content=\"2024-05-13T12:24:40+00:00\" \/>\n<meta property=\"og:image\" content=\"https:\/\/paulrivera.it\/wp-content\/uploads\/2021\/12\/604347_paul_rivera_plex_use_sealing_kit-1.png\" \/>\n\t<meta property=\"og:image:width\" content=\"800\" \/>\n\t<meta property=\"og:image:height\" content=\"800\" \/>\n\t<meta property=\"og:image:type\" content=\"image\/png\" \/>\n<meta name=\"twitter:card\" content=\"summary_large_image\" \/>\n<meta name=\"twitter:label1\" content=\"Est. reading time\" \/>\n\t<meta name=\"twitter:data1\" content=\"3 minutes\" \/>\n<script type=\"application\/ld+json\" class=\"yoast-schema-graph\">{\"@context\":\"https:\/\/schema.org\",\"@graph\":[{\"@type\":\"WebPage\",\"@id\":\"https:\/\/paulrivera.it\/fr\/prodotti\/produits-techniques\/plex-us-soin-protecteur-multifonction\/plex-us-kit\/\",\"url\":\"https:\/\/paulrivera.it\/fr\/prodotti\/produits-techniques\/plex-us-soin-protecteur-multifonction\/plex-us-kit\/\",\"name\":\"PLEX-US KIT | Paul Rivera\",\"isPartOf\":{\"@id\":\"https:\/\/paulrivera.it\/fr\/#website\"},\"primaryImageOfPage\":{\"@id\":\"https:\/\/paulrivera.it\/fr\/prodotti\/produits-techniques\/plex-us-soin-protecteur-multifonction\/plex-us-kit\/#primaryimage\"},\"image\":{\"@id\":\"https:\/\/paulrivera.it\/fr\/prodotti\/produits-techniques\/plex-us-soin-protecteur-multifonction\/plex-us-kit\/#primaryimage\"},\"thumbnailUrl\":\"https:\/\/paulrivera.it\/wp-content\/uploads\/2021\/12\/604347_paul_rivera_plex_use_sealing_kit-1.png\",\"datePublished\":\"2021-12-13T08:00:36+00:00\",\"dateModified\":\"2024-05-13T12:24:40+00:00\",\"description\":\"PLEX-US est un soin multifonction exclusif sign\u00e9 Paul Rivera qui aide \u00e0 prot\u00e9ger les cheveux stress\u00e9s par les soins particuliers de coloration, d\u00e9coloration ou permanente.\",\"breadcrumb\":{\"@id\":\"https:\/\/paulrivera.it\/fr\/prodotti\/produits-techniques\/plex-us-soin-protecteur-multifonction\/plex-us-kit\/#breadcrumb\"},\"inLanguage\":\"fr-FR\",\"potentialAction\":[{\"@type\":\"ReadAction\",\"target\":[\"https:\/\/paulrivera.it\/fr\/prodotti\/produits-techniques\/plex-us-soin-protecteur-multifonction\/plex-us-kit\/\"]}]},{\"@type\":\"ImageObject\",\"inLanguage\":\"fr-FR\",\"@id\":\"https:\/\/paulrivera.it\/fr\/prodotti\/produits-techniques\/plex-us-soin-protecteur-multifonction\/plex-us-kit\/#primaryimage\",\"url\":\"https:\/\/paulrivera.it\/wp-content\/uploads\/2021\/12\/604347_paul_rivera_plex_use_sealing_kit-1.png\",\"contentUrl\":\"https:\/\/paulrivera.it\/wp-content\/uploads\/2021\/12\/604347_paul_rivera_plex_use_sealing_kit-1.png\",\"width\":800,\"height\":800},{\"@type\":\"BreadcrumbList\",\"@id\":\"https:\/\/paulrivera.it\/fr\/prodotti\/produits-techniques\/plex-us-soin-protecteur-multifonction\/plex-us-kit\/#breadcrumb\",\"itemListElement\":[{\"@type\":\"ListItem\",\"position\":1,\"name\":\"Home\",\"item\":\"https:\/\/paulrivera.it\/fr\/\"},{\"@type\":\"ListItem\",\"position\":2,\"name\":\"Pagina shop\",\"item\":\"https:\/\/paulrivera.it\/prodotti\/\"},{\"@type\":\"ListItem\",\"position\":3,\"name\":\"PLEX-US KIT\"}]},{\"@type\":\"WebSite\",\"@id\":\"https:\/\/paulrivera.it\/fr\/#website\",\"url\":\"https:\/\/paulrivera.it\/fr\/\",\"name\":\"Paul Rivera\",\"description\":\"Hair Beauty Celebration\",\"publisher\":{\"@id\":\"https:\/\/paulrivera.it\/fr\/#organization\"},\"potentialAction\":[{\"@type\":\"SearchAction\",\"target\":{\"@type\":\"EntryPoint\",\"urlTemplate\":\"https:\/\/paulrivera.it\/fr\/?s={search_term_string}\"},\"query-input\":{\"@type\":\"PropertyValueSpecification\",\"valueRequired\":true,\"valueName\":\"search_term_string\"}}],\"inLanguage\":\"fr-FR\"},{\"@type\":\"Organization\",\"@id\":\"https:\/\/paulrivera.it\/fr\/#organization\",\"name\":\"Paul Rivera\",\"url\":\"https:\/\/paulrivera.it\/fr\/\",\"logo\":{\"@type\":\"ImageObject\",\"inLanguage\":\"fr-FR\",\"@id\":\"https:\/\/paulrivera.it\/fr\/#\/schema\/logo\/image\/\",\"url\":\"https:\/\/paulrivera.it\/wp-content\/uploads\/2020\/02\/paul_rivera_logo_header_x2.png\",\"contentUrl\":\"https:\/\/paulrivera.it\/wp-content\/uploads\/2020\/02\/paul_rivera_logo_header_x2.png\",\"width\":470,\"height\":60,\"caption\":\"Paul Rivera\"},\"image\":{\"@id\":\"https:\/\/paulrivera.it\/fr\/#\/schema\/logo\/image\/\"}}]}<\/script>\n<!-- \/ Yoast SEO plugin. -->","yoast_head_json":{"title":"PLEX-US KIT | Paul Rivera","description":"PLEX-US est un soin multifonction exclusif sign\u00e9 Paul Rivera qui aide \u00e0 prot\u00e9ger les cheveux stress\u00e9s par les soins particuliers de coloration, d\u00e9coloration ou permanente.","robots":{"index":"index","follow":"follow","max-snippet":"max-snippet:-1","max-image-preview":"max-image-preview:large","max-video-preview":"max-video-preview:-1"},"canonical":"https:\/\/paulrivera.it\/fr\/prodotti\/produits-techniques\/plex-us-soin-protecteur-multifonction\/plex-us-kit\/","og_locale":"fr_FR","og_type":"article","og_title":"PLEX-US KIT | Paul Rivera","og_description":"PLEX-US est un soin multifonction exclusif sign\u00e9 Paul Rivera qui aide \u00e0 prot\u00e9ger les cheveux stress\u00e9s par les soins particuliers de coloration, d\u00e9coloration ou permanente.","og_url":"https:\/\/paulrivera.it\/fr\/prodotti\/produits-techniques\/plex-us-soin-protecteur-multifonction\/plex-us-kit\/","og_site_name":"Paul Rivera","article_modified_time":"2024-05-13T12:24:40+00:00","og_image":[{"width":800,"height":800,"url":"https:\/\/paulrivera.it\/wp-content\/uploads\/2021\/12\/604347_paul_rivera_plex_use_sealing_kit-1.png","type":"image\/png"}],"twitter_card":"summary_large_image","twitter_misc":{"Est. reading time":"3 minutes"},"schema":{"@context":"https:\/\/schema.org","@graph":[{"@type":"WebPage","@id":"https:\/\/paulrivera.it\/fr\/prodotti\/produits-techniques\/plex-us-soin-protecteur-multifonction\/plex-us-kit\/","url":"https:\/\/paulrivera.it\/fr\/prodotti\/produits-techniques\/plex-us-soin-protecteur-multifonction\/plex-us-kit\/","name":"PLEX-US KIT | Paul Rivera","isPartOf":{"@id":"https:\/\/paulrivera.it\/fr\/#website"},"primaryImageOfPage":{"@id":"https:\/\/paulrivera.it\/fr\/prodotti\/produits-techniques\/plex-us-soin-protecteur-multifonction\/plex-us-kit\/#primaryimage"},"image":{"@id":"https:\/\/paulrivera.it\/fr\/prodotti\/produits-techniques\/plex-us-soin-protecteur-multifonction\/plex-us-kit\/#primaryimage"},"thumbnailUrl":"https:\/\/paulrivera.it\/wp-content\/uploads\/2021\/12\/604347_paul_rivera_plex_use_sealing_kit-1.png","datePublished":"2021-12-13T08:00:36+00:00","dateModified":"2024-05-13T12:24:40+00:00","description":"PLEX-US est un soin multifonction exclusif sign\u00e9 Paul Rivera qui aide \u00e0 prot\u00e9ger les cheveux stress\u00e9s par les soins particuliers de coloration, d\u00e9coloration ou permanente.","breadcrumb":{"@id":"https:\/\/paulrivera.it\/fr\/prodotti\/produits-techniques\/plex-us-soin-protecteur-multifonction\/plex-us-kit\/#breadcrumb"},"inLanguage":"fr-FR","potentialAction":[{"@type":"ReadAction","target":["https:\/\/paulrivera.it\/fr\/prodotti\/produits-techniques\/plex-us-soin-protecteur-multifonction\/plex-us-kit\/"]}]},{"@type":"ImageObject","inLanguage":"fr-FR","@id":"https:\/\/paulrivera.it\/fr\/prodotti\/produits-techniques\/plex-us-soin-protecteur-multifonction\/plex-us-kit\/#primaryimage","url":"https:\/\/paulrivera.it\/wp-content\/uploads\/2021\/12\/604347_paul_rivera_plex_use_sealing_kit-1.png","contentUrl":"https:\/\/paulrivera.it\/wp-content\/uploads\/2021\/12\/604347_paul_rivera_plex_use_sealing_kit-1.png","width":800,"height":800},{"@type":"BreadcrumbList","@id":"https:\/\/paulrivera.it\/fr\/prodotti\/produits-techniques\/plex-us-soin-protecteur-multifonction\/plex-us-kit\/#breadcrumb","itemListElement":[{"@type":"ListItem","position":1,"name":"Home","item":"https:\/\/paulrivera.it\/fr\/"},{"@type":"ListItem","position":2,"name":"Pagina shop","item":"https:\/\/paulrivera.it\/prodotti\/"},{"@type":"ListItem","position":3,"name":"PLEX-US KIT"}]},{"@type":"WebSite","@id":"https:\/\/paulrivera.it\/fr\/#website","url":"https:\/\/paulrivera.it\/fr\/","name":"Paul Rivera","description":"Hair Beauty Celebration","publisher":{"@id":"https:\/\/paulrivera.it\/fr\/#organization"},"potentialAction":[{"@type":"SearchAction","target":{"@type":"EntryPoint","urlTemplate":"https:\/\/paulrivera.it\/fr\/?s={search_term_string}"},"query-input":{"@type":"PropertyValueSpecification","valueRequired":true,"valueName":"search_term_string"}}],"inLanguage":"fr-FR"},{"@type":"Organization","@id":"https:\/\/paulrivera.it\/fr\/#organization","name":"Paul Rivera","url":"https:\/\/paulrivera.it\/fr\/","logo":{"@type":"ImageObject","inLanguage":"fr-FR","@id":"https:\/\/paulrivera.it\/fr\/#\/schema\/logo\/image\/","url":"https:\/\/paulrivera.it\/wp-content\/uploads\/2020\/02\/paul_rivera_logo_header_x2.png","contentUrl":"https:\/\/paulrivera.it\/wp-content\/uploads\/2020\/02\/paul_rivera_logo_header_x2.png","width":470,"height":60,"caption":"Paul Rivera"},"image":{"@id":"https:\/\/paulrivera.it\/fr\/#\/schema\/logo\/image\/"}}]}},"_links":{"self":[{"href":"https:\/\/paulrivera.it\/fr\/wp-json\/wp\/v2\/product\/10605","targetHints":{"allow":["GET"]}}],"collection":[{"href":"https:\/\/paulrivera.it\/fr\/wp-json\/wp\/v2\/product"}],"about":[{"href":"https:\/\/paulrivera.it\/fr\/wp-json\/wp\/v2\/types\/product"}],"wp:featuredmedia":[{"embeddable":true,"href":"https:\/\/paulrivera.it\/fr\/wp-json\/wp\/v2\/media\/15504"}],"wp:attachment":[{"href":"https:\/\/paulrivera.it\/fr\/wp-json\/wp\/v2\/media?parent=10605"}],"wp:term":[{"taxonomy":"product_brand","embeddable":true,"href":"https:\/\/paulrivera.it\/fr\/wp-json\/wp\/v2\/product_brand?post=10605"},{"taxonomy":"product_cat","embeddable":true,"href":"https:\/\/paulrivera.it\/fr\/wp-json\/wp\/v2\/product_cat?post=10605"},{"taxonomy":"product_tag","embeddable":true,"href":"https:\/\/paulrivera.it\/fr\/wp-json\/wp\/v2\/product_tag?post=10605"}],"curies":[{"name":"wp","href":"https:\/\/api.w.org\/{rel}","templated":true}]}}