{"id":16044,"date":"2025-10-29T14:57:05","date_gmt":"2025-10-29T13:57:05","guid":{"rendered":"https:\/\/paulrivera.it\/?post_type=product&#038;p=16044"},"modified":"2025-10-30T12:22:33","modified_gmt":"2025-10-30T11:22:33","slug":"depurize-condicionador-normalizante","status":"publish","type":"product","link":"https:\/\/paulrivera.it\/fr\/prodotti\/soins\/depurize-cuir-chevelu-gras\/depurize-condicionador-normalizante\/","title":{"rendered":"Depurize \u2013 Condicionador Normalizante"},"content":{"rendered":"<div class=\"wpb-content-wrapper\"><p>[vc_row full_width=&#8221;stretch_row&#8221;][vc_column][vc_row_inner el_id=&#8221;desktop&#8221;][vc_column_inner width=&#8221;1\/2&#8243; css=&#8221;.vc_custom_1582194227194{padding-top: 10% !important;padding-right: 10% !important;padding-bottom: 10% !important;padding-left: 30% !important;}&#8221; offset=&#8221;vc_hidden-md vc_hidden-sm vc_hidden-xs&#8221;][vc_column_text css=&#8221;&#8221;]<span style=\"font-size: 28px;\"><b>Les bonnes raisons de l&#8217;aimer<\/b><\/span><\/p>\n<ul>\n<li style=\"font-weight: 400;\" aria-level=\"1\"><span style=\"font-weight: 400;\">Proporciona uma agrad\u00e1vel sensa\u00e7\u00e3o de leveza e maciez aos cabelos.<\/span><\/li>\n<li style=\"font-weight: 400;\" aria-level=\"1\"><span style=\"font-weight: 400;\">Facilita o desembara\u00e7o, tornando os fios mais f\u00e1ceis de pentear.<\/span><\/li>\n<\/ul>\n<p>[\/vc_column_text][vc_column_text]<span style=\"font-size: 28px;\"><b>Les principes actifs de la formule<\/b><\/span><\/p>\n<ul>\n<li style=\"font-weight: 400;\" aria-level=\"1\"><span style=\"font-weight: 400;\">Extrait de Saule : particuli\u00e8rement riche en flavono\u00efdes et glycosides salicyliques, le saule poss\u00e8de des propri\u00e9t\u00e9s purifiantes, analg\u00e9siques, antipyr\u00e9tiques et anti-inflammatoires.<\/span><\/li>\n<li style=\"font-weight: 400;\" aria-level=\"1\"><span style=\"font-weight: 400;\">Huile d&#8217;arbre \u00e0 th\u00e9 : elle poss\u00e8de de pr\u00e9cieuses propri\u00e9t\u00e9s curatives, d\u00e9sinfectantes, antibact\u00e9riennes, cicatrisantes et antifongiques.<\/span><\/li>\n<\/ul>\n<p>[\/vc_column_text][vc_column_text css=&#8221;&#8221;]<span style=\"font-size: 28px;\"><b>Mode d&#8217;emploi<\/b><\/span><\/p>\n<p><span style=\"font-weight: 400;\">Ap\u00f3s o shampoo, aplicar uma pequena quantidade do produto nos cabelos \u00famidos, distribuindo uniformemente pelo comprimento. Deixar agir por 2\u20133 minutos para permitir que os ativos atuem. Enxaguar abundantemente. Continuar com o tratamento em ampolas.<\/span>[\/vc_column_text][\/vc_column_inner][vc_column_inner width=&#8221;1\/2&#8243; css=&#8221;.vc_custom_1592818911213{background-color: #008074 !important;background-position: center !important;background-repeat: no-repeat !important;background-size: cover !important;}&#8221; offset=&#8221;vc_hidden-md vc_hidden-sm vc_hidden-xs&#8221;][vc_single_image image=&#8221;16094&#8243; img_size=&#8221;large&#8221; alignment=&#8221;center&#8221; css=&#8221;&#8221;][\/vc_column_inner][\/vc_row_inner][vc_row_inner el_id=&#8221;tablet&#8221;][vc_column_inner offset=&#8221;vc_hidden-lg vc_hidden-xs&#8221;][vc_column_text css=&#8221;&#8221;]<span style=\"font-size: 28px;\"><b>Les bonnes raisons de l&#8217;aimer<\/b><\/span><\/p>\n<ul>\n<li style=\"font-weight: 400;\" aria-level=\"1\"><span style=\"font-weight: 400;\">Proporciona uma agrad\u00e1vel sensa\u00e7\u00e3o de leveza e maciez aos cabelos.<\/span><\/li>\n<li style=\"font-weight: 400;\" aria-level=\"1\"><span style=\"font-weight: 400;\">Facilita o desembara\u00e7o, tornando os fios mais f\u00e1ceis de pentear.<\/span><\/li>\n<\/ul>\n<p>[\/vc_column_text][vc_column_text]<span style=\"font-size: 28px;\"><b>Les principes actifs de la formule<\/b><\/span><\/p>\n<ul>\n<li style=\"font-weight: 400;\" aria-level=\"1\"><span style=\"font-weight: 400;\">Extrait de Saule : particuli\u00e8rement riche en flavono\u00efdes et glycosides salicyliques, le saule poss\u00e8de des propri\u00e9t\u00e9s purifiantes, analg\u00e9siques, antipyr\u00e9tiques et anti-inflammatoires.<\/span><\/li>\n<li style=\"font-weight: 400;\" aria-level=\"1\"><span style=\"font-weight: 400;\">Huile d&#8217;arbre \u00e0 th\u00e9 : elle poss\u00e8de de pr\u00e9cieuses propri\u00e9t\u00e9s curatives, d\u00e9sinfectantes, antibact\u00e9riennes, cicatrisantes et antifongiques.<\/span><\/li>\n<\/ul>\n<p>[\/vc_column_text][vc_column_text css=&#8221;&#8221;]<span style=\"font-size: 28px;\"><b>Mode d&#8217;emploi<\/b><\/span><\/p>\n<p><span style=\"font-weight: 400;\">Ap\u00f3s o shampoo, aplicar uma pequena quantidade do produto nos cabelos \u00famidos, distribuindo uniformemente pelo comprimento. Deixar agir por 2\u20133 minutos para permitir que os ativos atuem. Enxaguar abundantemente. Continuar com o tratamento em ampolas.<\/span>[\/vc_column_text][\/vc_column_inner][\/vc_row_inner][vc_row_inner el_id=&#8221;mobile&#8221;][vc_column_inner width=&#8221;1\/2&#8243; offset=&#8221;vc_hidden-lg vc_hidden-md vc_hidden-sm&#8221;][vc_column_text css=&#8221;&#8221;]<span style=\"font-size: 28px;\"><b>Les bonnes raisons de l&#8217;aimer<\/b><\/span><\/p>\n<ul>\n<li style=\"font-weight: 400;\" aria-level=\"1\"><span style=\"font-weight: 400;\">Proporciona uma agrad\u00e1vel sensa\u00e7\u00e3o de leveza e maciez aos cabelos.<\/span><\/li>\n<li style=\"font-weight: 400;\" aria-level=\"1\"><span style=\"font-weight: 400;\">Facilita o desembara\u00e7o, tornando os fios mais f\u00e1ceis de pentear.<\/span><\/li>\n<\/ul>\n<p>[\/vc_column_text][vc_column_text]<span style=\"font-size: 28px;\"><b>Les principes actifs de la formule<\/b><\/span><\/p>\n<ul>\n<li style=\"font-weight: 400;\" aria-level=\"1\"><span style=\"font-weight: 400;\">Extrait de Saule : particuli\u00e8rement riche en flavono\u00efdes et glycosides salicyliques, le saule poss\u00e8de des propri\u00e9t\u00e9s purifiantes, analg\u00e9siques, antipyr\u00e9tiques et anti-inflammatoires.<\/span><\/li>\n<li style=\"font-weight: 400;\" aria-level=\"1\"><span style=\"font-weight: 400;\">Huile d&#8217;arbre \u00e0 th\u00e9 : elle poss\u00e8de de pr\u00e9cieuses propri\u00e9t\u00e9s curatives, d\u00e9sinfectantes, antibact\u00e9riennes, cicatrisantes et antifongiques.<\/span><\/li>\n<\/ul>\n<p>[\/vc_column_text][vc_column_text css=&#8221;&#8221;]<span style=\"font-size: 28px;\"><b>Mode d&#8217;emploi<\/b><\/span><\/p>\n<p><span style=\"font-weight: 400;\">Ap\u00f3s o shampoo, aplicar uma pequena quantidade do produto nos cabelos \u00famidos, distribuindo uniformemente pelo comprimento. Deixar agir por 2\u20133 minutos para permitir que os ativos atuem. Enxaguar abundantemente. Continuar com o tratamento em ampolas.<\/span>[\/vc_column_text][\/vc_column_inner][vc_column_inner width=&#8221;1\/2&#8243; css=&#8221;.vc_custom_1592818920359{background-color: #008074 !important;background-position: center !important;background-repeat: no-repeat !important;background-size: cover !important;}&#8221; offset=&#8221;vc_hidden-lg vc_hidden-md vc_hidden-sm&#8221;][vc_single_image image=&#8221;16094&#8243; img_size=&#8221;large&#8221; alignment=&#8221;center&#8221; css=&#8221;&#8221;][\/vc_column_inner][\/vc_row_inner][\/vc_column][\/vc_row][vc_row css=&#8221;.vc_custom_1582192829011{padding-top: 50px !important;}&#8221;][vc_column][vc_row_inner][vc_column_inner][vc_column_text]<\/p>\n<h1 style=\"text-align: center;\">Vous aimerez aussi<\/h1>\n<p>[\/vc_column_text][\/vc_column_inner][\/vc_row_inner][vc_raw_html]W3dwYi1wcm9kdWN0LXNsaWRlci1zaG9ydGNvZGUgaWQ9IjIzMyJd[\/vc_raw_html][\/vc_column][\/vc_row]<\/p>\n<\/div>","protected":false},"excerpt":{"rendered":"<p><span style=\"font-weight: 400;\">O Condicionador Normalizante Depurize foi desenvolvido para combater a caspa enquanto deixa os cabelos incrivelmente macios, leves e f\u00e1ceis de desembara\u00e7ar.<\/span><span style=\"font-weight: 400;\"><br \/>\n<\/span><span style=\"font-weight: 400;\"> Gra\u00e7as \u00e0 a\u00e7\u00e3o purificante, calmante e equilibrante do Extrato de Salgueiro e do \u00d3leo de Tea Tree, este condicionador normaliza o couro cabeludo e ajuda a combater a caspa.<\/span><\/p>\n<p><span style=\"font-weight: 400;\">500 ml<\/span><\/p>\n<p>&nbsp;<\/p>\n[maxbutton id=\"5\"]\n","protected":false},"featured_media":16136,"template":"","meta":[],"product_brand":[],"product_cat":[1315],"product_tag":[],"class_list":{"0":"post-16044","1":"product","2":"type-product","3":"status-publish","4":"has-post-thumbnail","6":"product_cat-depurize-cuir-chevelu-gras","7":"description-off","9":"first","10":"instock","11":"shipping-taxable","12":"product-type-simple"},"yoast_head":"<!-- This site is optimized with the Yoast SEO plugin v27.2 - https:\/\/yoast.com\/product\/yoast-seo-wordpress\/ -->\n<title>Depurize \u2013 Condicionador Normalizante<\/title>\n<meta name=\"description\" content=\"O Condicionador Normalizante Depurize foi desenvolvido para combater a caspa enquanto deixa os cabelos incrivelmente macios, leves e f\u00e1ceis de desembara\u00e7ar.\" \/>\n<meta name=\"robots\" content=\"index, follow, max-snippet:-1, max-image-preview:large, max-video-preview:-1\" \/>\n<link rel=\"canonical\" href=\"https:\/\/paulrivera.it\/fr\/prodotti\/soins\/depurize-cuir-chevelu-gras\/depurize-condicionador-normalizante\/\" \/>\n<meta property=\"og:locale\" content=\"fr_FR\" \/>\n<meta property=\"og:type\" content=\"article\" \/>\n<meta property=\"og:title\" content=\"Depurize \u2013 Condicionador Normalizante\" \/>\n<meta property=\"og:description\" content=\"O Condicionador Normalizante Depurize foi desenvolvido para combater a caspa enquanto deixa os cabelos incrivelmente macios, leves e f\u00e1ceis de desembara\u00e7ar.\" \/>\n<meta property=\"og:url\" content=\"https:\/\/paulrivera.it\/fr\/prodotti\/soins\/depurize-cuir-chevelu-gras\/depurize-condicionador-normalizante\/\" \/>\n<meta property=\"og:site_name\" content=\"Paul Rivera\" \/>\n<meta property=\"article:modified_time\" content=\"2025-10-30T11:22:33+00:00\" \/>\n<meta property=\"og:image\" content=\"https:\/\/paulrivera.it\/wp-content\/uploads\/2025\/10\/605160-paul-rivera-depurize-balsamo-500ml.png\" \/>\n\t<meta property=\"og:image:width\" content=\"800\" \/>\n\t<meta property=\"og:image:height\" content=\"800\" \/>\n\t<meta property=\"og:image:type\" content=\"image\/png\" \/>\n<meta name=\"twitter:card\" content=\"summary_large_image\" \/>\n<meta name=\"twitter:label1\" content=\"Est. reading time\" \/>\n\t<meta name=\"twitter:data1\" content=\"3 minutes\" \/>\n<script type=\"application\/ld+json\" class=\"yoast-schema-graph\">{\"@context\":\"https:\/\/schema.org\",\"@graph\":[{\"@type\":\"WebPage\",\"@id\":\"https:\/\/paulrivera.it\/fr\/prodotti\/soins\/depurize-cuir-chevelu-gras\/depurize-condicionador-normalizante\/\",\"url\":\"https:\/\/paulrivera.it\/fr\/prodotti\/soins\/depurize-cuir-chevelu-gras\/depurize-condicionador-normalizante\/\",\"name\":\"Depurize \u2013 Condicionador Normalizante\",\"isPartOf\":{\"@id\":\"https:\/\/paulrivera.it\/fr\/#website\"},\"primaryImageOfPage\":{\"@id\":\"https:\/\/paulrivera.it\/fr\/prodotti\/soins\/depurize-cuir-chevelu-gras\/depurize-condicionador-normalizante\/#primaryimage\"},\"image\":{\"@id\":\"https:\/\/paulrivera.it\/fr\/prodotti\/soins\/depurize-cuir-chevelu-gras\/depurize-condicionador-normalizante\/#primaryimage\"},\"thumbnailUrl\":\"https:\/\/paulrivera.it\/wp-content\/uploads\/2025\/10\/605160-paul-rivera-depurize-balsamo-500ml.png\",\"datePublished\":\"2025-10-29T13:57:05+00:00\",\"dateModified\":\"2025-10-30T11:22:33+00:00\",\"description\":\"O Condicionador Normalizante Depurize foi desenvolvido para combater a caspa enquanto deixa os cabelos incrivelmente macios, leves e f\u00e1ceis de desembara\u00e7ar.\",\"breadcrumb\":{\"@id\":\"https:\/\/paulrivera.it\/fr\/prodotti\/soins\/depurize-cuir-chevelu-gras\/depurize-condicionador-normalizante\/#breadcrumb\"},\"inLanguage\":\"fr-FR\",\"potentialAction\":[{\"@type\":\"ReadAction\",\"target\":[\"https:\/\/paulrivera.it\/fr\/prodotti\/soins\/depurize-cuir-chevelu-gras\/depurize-condicionador-normalizante\/\"]}]},{\"@type\":\"ImageObject\",\"inLanguage\":\"fr-FR\",\"@id\":\"https:\/\/paulrivera.it\/fr\/prodotti\/soins\/depurize-cuir-chevelu-gras\/depurize-condicionador-normalizante\/#primaryimage\",\"url\":\"https:\/\/paulrivera.it\/wp-content\/uploads\/2025\/10\/605160-paul-rivera-depurize-balsamo-500ml.png\",\"contentUrl\":\"https:\/\/paulrivera.it\/wp-content\/uploads\/2025\/10\/605160-paul-rivera-depurize-balsamo-500ml.png\",\"width\":800,\"height\":800},{\"@type\":\"BreadcrumbList\",\"@id\":\"https:\/\/paulrivera.it\/fr\/prodotti\/soins\/depurize-cuir-chevelu-gras\/depurize-condicionador-normalizante\/#breadcrumb\",\"itemListElement\":[{\"@type\":\"ListItem\",\"position\":1,\"name\":\"Home\",\"item\":\"https:\/\/paulrivera.it\/fr\/\"},{\"@type\":\"ListItem\",\"position\":2,\"name\":\"Pagina shop\",\"item\":\"https:\/\/paulrivera.it\/prodotti\/\"},{\"@type\":\"ListItem\",\"position\":3,\"name\":\"Depurize \u2013 Condicionador Normalizante\"}]},{\"@type\":\"WebSite\",\"@id\":\"https:\/\/paulrivera.it\/fr\/#website\",\"url\":\"https:\/\/paulrivera.it\/fr\/\",\"name\":\"Paul Rivera\",\"description\":\"Hair Beauty Celebration\",\"publisher\":{\"@id\":\"https:\/\/paulrivera.it\/fr\/#organization\"},\"potentialAction\":[{\"@type\":\"SearchAction\",\"target\":{\"@type\":\"EntryPoint\",\"urlTemplate\":\"https:\/\/paulrivera.it\/fr\/?s={search_term_string}\"},\"query-input\":{\"@type\":\"PropertyValueSpecification\",\"valueRequired\":true,\"valueName\":\"search_term_string\"}}],\"inLanguage\":\"fr-FR\"},{\"@type\":\"Organization\",\"@id\":\"https:\/\/paulrivera.it\/fr\/#organization\",\"name\":\"Paul Rivera\",\"url\":\"https:\/\/paulrivera.it\/fr\/\",\"logo\":{\"@type\":\"ImageObject\",\"inLanguage\":\"fr-FR\",\"@id\":\"https:\/\/paulrivera.it\/fr\/#\/schema\/logo\/image\/\",\"url\":\"https:\/\/paulrivera.it\/wp-content\/uploads\/2020\/02\/paul_rivera_logo_header_x2.png\",\"contentUrl\":\"https:\/\/paulrivera.it\/wp-content\/uploads\/2020\/02\/paul_rivera_logo_header_x2.png\",\"width\":470,\"height\":60,\"caption\":\"Paul Rivera\"},\"image\":{\"@id\":\"https:\/\/paulrivera.it\/fr\/#\/schema\/logo\/image\/\"}}]}<\/script>\n<!-- \/ Yoast SEO plugin. -->","yoast_head_json":{"title":"Depurize \u2013 Condicionador Normalizante","description":"O Condicionador Normalizante Depurize foi desenvolvido para combater a caspa enquanto deixa os cabelos incrivelmente macios, leves e f\u00e1ceis de desembara\u00e7ar.","robots":{"index":"index","follow":"follow","max-snippet":"max-snippet:-1","max-image-preview":"max-image-preview:large","max-video-preview":"max-video-preview:-1"},"canonical":"https:\/\/paulrivera.it\/fr\/prodotti\/soins\/depurize-cuir-chevelu-gras\/depurize-condicionador-normalizante\/","og_locale":"fr_FR","og_type":"article","og_title":"Depurize \u2013 Condicionador Normalizante","og_description":"O Condicionador Normalizante Depurize foi desenvolvido para combater a caspa enquanto deixa os cabelos incrivelmente macios, leves e f\u00e1ceis de desembara\u00e7ar.","og_url":"https:\/\/paulrivera.it\/fr\/prodotti\/soins\/depurize-cuir-chevelu-gras\/depurize-condicionador-normalizante\/","og_site_name":"Paul Rivera","article_modified_time":"2025-10-30T11:22:33+00:00","og_image":[{"width":800,"height":800,"url":"https:\/\/paulrivera.it\/wp-content\/uploads\/2025\/10\/605160-paul-rivera-depurize-balsamo-500ml.png","type":"image\/png"}],"twitter_card":"summary_large_image","twitter_misc":{"Est. reading time":"3 minutes"},"schema":{"@context":"https:\/\/schema.org","@graph":[{"@type":"WebPage","@id":"https:\/\/paulrivera.it\/fr\/prodotti\/soins\/depurize-cuir-chevelu-gras\/depurize-condicionador-normalizante\/","url":"https:\/\/paulrivera.it\/fr\/prodotti\/soins\/depurize-cuir-chevelu-gras\/depurize-condicionador-normalizante\/","name":"Depurize \u2013 Condicionador Normalizante","isPartOf":{"@id":"https:\/\/paulrivera.it\/fr\/#website"},"primaryImageOfPage":{"@id":"https:\/\/paulrivera.it\/fr\/prodotti\/soins\/depurize-cuir-chevelu-gras\/depurize-condicionador-normalizante\/#primaryimage"},"image":{"@id":"https:\/\/paulrivera.it\/fr\/prodotti\/soins\/depurize-cuir-chevelu-gras\/depurize-condicionador-normalizante\/#primaryimage"},"thumbnailUrl":"https:\/\/paulrivera.it\/wp-content\/uploads\/2025\/10\/605160-paul-rivera-depurize-balsamo-500ml.png","datePublished":"2025-10-29T13:57:05+00:00","dateModified":"2025-10-30T11:22:33+00:00","description":"O Condicionador Normalizante Depurize foi desenvolvido para combater a caspa enquanto deixa os cabelos incrivelmente macios, leves e f\u00e1ceis de desembara\u00e7ar.","breadcrumb":{"@id":"https:\/\/paulrivera.it\/fr\/prodotti\/soins\/depurize-cuir-chevelu-gras\/depurize-condicionador-normalizante\/#breadcrumb"},"inLanguage":"fr-FR","potentialAction":[{"@type":"ReadAction","target":["https:\/\/paulrivera.it\/fr\/prodotti\/soins\/depurize-cuir-chevelu-gras\/depurize-condicionador-normalizante\/"]}]},{"@type":"ImageObject","inLanguage":"fr-FR","@id":"https:\/\/paulrivera.it\/fr\/prodotti\/soins\/depurize-cuir-chevelu-gras\/depurize-condicionador-normalizante\/#primaryimage","url":"https:\/\/paulrivera.it\/wp-content\/uploads\/2025\/10\/605160-paul-rivera-depurize-balsamo-500ml.png","contentUrl":"https:\/\/paulrivera.it\/wp-content\/uploads\/2025\/10\/605160-paul-rivera-depurize-balsamo-500ml.png","width":800,"height":800},{"@type":"BreadcrumbList","@id":"https:\/\/paulrivera.it\/fr\/prodotti\/soins\/depurize-cuir-chevelu-gras\/depurize-condicionador-normalizante\/#breadcrumb","itemListElement":[{"@type":"ListItem","position":1,"name":"Home","item":"https:\/\/paulrivera.it\/fr\/"},{"@type":"ListItem","position":2,"name":"Pagina shop","item":"https:\/\/paulrivera.it\/prodotti\/"},{"@type":"ListItem","position":3,"name":"Depurize \u2013 Condicionador Normalizante"}]},{"@type":"WebSite","@id":"https:\/\/paulrivera.it\/fr\/#website","url":"https:\/\/paulrivera.it\/fr\/","name":"Paul Rivera","description":"Hair Beauty Celebration","publisher":{"@id":"https:\/\/paulrivera.it\/fr\/#organization"},"potentialAction":[{"@type":"SearchAction","target":{"@type":"EntryPoint","urlTemplate":"https:\/\/paulrivera.it\/fr\/?s={search_term_string}"},"query-input":{"@type":"PropertyValueSpecification","valueRequired":true,"valueName":"search_term_string"}}],"inLanguage":"fr-FR"},{"@type":"Organization","@id":"https:\/\/paulrivera.it\/fr\/#organization","name":"Paul Rivera","url":"https:\/\/paulrivera.it\/fr\/","logo":{"@type":"ImageObject","inLanguage":"fr-FR","@id":"https:\/\/paulrivera.it\/fr\/#\/schema\/logo\/image\/","url":"https:\/\/paulrivera.it\/wp-content\/uploads\/2020\/02\/paul_rivera_logo_header_x2.png","contentUrl":"https:\/\/paulrivera.it\/wp-content\/uploads\/2020\/02\/paul_rivera_logo_header_x2.png","width":470,"height":60,"caption":"Paul Rivera"},"image":{"@id":"https:\/\/paulrivera.it\/fr\/#\/schema\/logo\/image\/"}}]}},"_links":{"self":[{"href":"https:\/\/paulrivera.it\/fr\/wp-json\/wp\/v2\/product\/16044","targetHints":{"allow":["GET"]}}],"collection":[{"href":"https:\/\/paulrivera.it\/fr\/wp-json\/wp\/v2\/product"}],"about":[{"href":"https:\/\/paulrivera.it\/fr\/wp-json\/wp\/v2\/types\/product"}],"wp:featuredmedia":[{"embeddable":true,"href":"https:\/\/paulrivera.it\/fr\/wp-json\/wp\/v2\/media\/16136"}],"wp:attachment":[{"href":"https:\/\/paulrivera.it\/fr\/wp-json\/wp\/v2\/media?parent=16044"}],"wp:term":[{"taxonomy":"product_brand","embeddable":true,"href":"https:\/\/paulrivera.it\/fr\/wp-json\/wp\/v2\/product_brand?post=16044"},{"taxonomy":"product_cat","embeddable":true,"href":"https:\/\/paulrivera.it\/fr\/wp-json\/wp\/v2\/product_cat?post=16044"},{"taxonomy":"product_tag","embeddable":true,"href":"https:\/\/paulrivera.it\/fr\/wp-json\/wp\/v2\/product_tag?post=16044"}],"curies":[{"name":"wp","href":"https:\/\/api.w.org\/{rel}","templated":true}]}}