{"id":16593,"date":"2026-04-14T16:44:57","date_gmt":"2026-04-14T14:44:57","guid":{"rendered":"https:\/\/paulrivera.it\/?post_type=product&#038;p=16593"},"modified":"2026-04-14T16:44:57","modified_gmt":"2026-04-14T14:44:57","slug":"drama-hold-stick-de-cire","status":"publish","type":"product","link":"https:\/\/paulrivera.it\/fr\/prodotti\/finish-styling-fr\/drama-hold-stick-de-cire\/","title":{"rendered":"Drama Hold \u2013 Stick De Cire"},"content":{"rendered":"<div class=\"wpb-content-wrapper\"><p>[vc_row full_width=&#8221;stretch_row&#8221;][vc_column][vc_row_inner el_id=&#8221;desktop&#8221;][vc_column_inner width=&#8221;1\/2&#8243; css=&#8221;.vc_custom_1582194227194{padding-top: 10% !important;padding-right: 10% !important;padding-bottom: 10% !important;padding-left: 30% !important;}&#8221; offset=&#8221;vc_hidden-md vc_hidden-sm vc_hidden-xs&#8221;][vc_column_text css=&#8221;&#8221;]<\/p>\n<h1>Les bonnes raisons de l\u2019aimer<\/h1>\n<p>&nbsp;<\/p>\n<ul>\n<li style=\"font-weight: 400;\" aria-level=\"1\"><span style=\"font-weight: 400;\">Il d\u00e9finit et discipline avec une pr\u00e9cision absolue<\/span><\/li>\n<li style=\"font-weight: 400;\" aria-level=\"1\"><span style=\"font-weight: 400;\">Assure un contr\u00f4le total, m\u00eame sur les baby hairs et les contours<\/span><\/li>\n<li style=\"font-weight: 400;\" aria-level=\"1\"><span style=\"font-weight: 400;\">Texture l\u00e9g\u00e8re, n\u2019alourdit pas les cheveux<\/span><\/li>\n<li style=\"font-weight: 400;\" aria-level=\"1\"><span style=\"font-weight: 400;\">R\u00e9partition uniforme sans r\u00e9sidus<\/span><\/li>\n<li style=\"font-weight: 400;\" aria-level=\"1\"><span style=\"font-weight: 400;\">Aide \u00e0 maintenir les cheveux souples et disciplin\u00e9s<\/span><\/li>\n<li style=\"font-weight: 400;\" aria-level=\"1\"><span style=\"font-weight: 400;\">Id\u00e9al pour des styles nets, soign\u00e9s et contemporains<\/span><\/li>\n<\/ul>\n<p>[\/vc_column_text][vc_column_text css=&#8221;&#8221;]<\/p>\n<h1>Mode d\u2019emploi<\/h1>\n<p><span style=\"font-weight: 400;\">Appliquer sur cheveux secs. Pour un r\u00e9sultat plus d\u00e9fini et uniforme, passer une brosse sur la m\u00eame zone en modelant les m\u00e8ches et les contours selon la forme souhait\u00e9e.<\/span>[\/vc_column_text][\/vc_column_inner][vc_column_inner width=&#8221;1\/2&#8243; css=&#8221;.vc_custom_1776176694649{background-image: url(https:\/\/paulrivera.it\/wp-content\/uploads\/2026\/04\/background_adv_produc_drama_hold.png?id=16570) !important;background-position: center !important;background-repeat: no-repeat !important;background-size: cover !important;}&#8221; offset=&#8221;vc_hidden-md vc_hidden-sm vc_hidden-xs&#8221;][vc_single_image image=&#8221;16580&#8243; img_size=&#8221;large&#8221; alignment=&#8221;center&#8221; css=&#8221;&#8221;][\/vc_column_inner][\/vc_row_inner][vc_row_inner el_id=&#8221;tablet&#8221;][vc_column_inner offset=&#8221;vc_hidden-lg vc_hidden-xs&#8221;][vc_column_text css=&#8221;&#8221;]<\/p>\n<h1>Les bonnes raisons de l\u2019aimer<\/h1>\n<p>&nbsp;<\/p>\n<ul>\n<li style=\"font-weight: 400;\" aria-level=\"1\"><span style=\"font-weight: 400;\">Il d\u00e9finit et discipline avec une pr\u00e9cision absolue<\/span><\/li>\n<li style=\"font-weight: 400;\" aria-level=\"1\"><span style=\"font-weight: 400;\">Assure un contr\u00f4le total, m\u00eame sur les baby hairs et les contours<\/span><\/li>\n<li style=\"font-weight: 400;\" aria-level=\"1\"><span style=\"font-weight: 400;\">Texture l\u00e9g\u00e8re, n\u2019alourdit pas les cheveux<\/span><\/li>\n<li style=\"font-weight: 400;\" aria-level=\"1\"><span style=\"font-weight: 400;\">R\u00e9partition uniforme sans r\u00e9sidus<\/span><\/li>\n<li style=\"font-weight: 400;\" aria-level=\"1\"><span style=\"font-weight: 400;\">Aide \u00e0 maintenir les cheveux souples et disciplin\u00e9s<\/span><\/li>\n<li style=\"font-weight: 400;\" aria-level=\"1\"><span style=\"font-weight: 400;\">Id\u00e9al pour des styles nets, soign\u00e9s et contemporains<\/span><\/li>\n<\/ul>\n<p>[\/vc_column_text][vc_column_text css=&#8221;&#8221;]<\/p>\n<h1>Mode d\u2019emploi<\/h1>\n<p><span style=\"font-weight: 400;\">Appliquer sur cheveux secs. Pour un r\u00e9sultat plus d\u00e9fini et uniforme, passer une brosse sur la m\u00eame zone en modelant les m\u00e8ches et les contours selon la forme souhait\u00e9e.<\/span>[\/vc_column_text][\/vc_column_inner][\/vc_row_inner][vc_row_inner el_id=&#8221;mobile&#8221;][vc_column_inner width=&#8221;1\/2&#8243; offset=&#8221;vc_hidden-lg vc_hidden-md vc_hidden-sm&#8221;][vc_column_text css=&#8221;&#8221;]<\/p>\n<h1>Les bonnes raisons de l\u2019aimer<\/h1>\n<p>&nbsp;<\/p>\n<ul>\n<li style=\"font-weight: 400;\" aria-level=\"1\"><span style=\"font-weight: 400;\">Il d\u00e9finit et discipline avec une pr\u00e9cision absolue<\/span><\/li>\n<li style=\"font-weight: 400;\" aria-level=\"1\"><span style=\"font-weight: 400;\">Assure un contr\u00f4le total, m\u00eame sur les baby hairs et les contours<\/span><\/li>\n<li style=\"font-weight: 400;\" aria-level=\"1\"><span style=\"font-weight: 400;\">Texture l\u00e9g\u00e8re, n\u2019alourdit pas les cheveux<\/span><\/li>\n<li style=\"font-weight: 400;\" aria-level=\"1\"><span style=\"font-weight: 400;\">R\u00e9partition uniforme sans r\u00e9sidus<\/span><\/li>\n<li style=\"font-weight: 400;\" aria-level=\"1\"><span style=\"font-weight: 400;\">Aide \u00e0 maintenir les cheveux souples et disciplin\u00e9s<\/span><\/li>\n<li style=\"font-weight: 400;\" aria-level=\"1\"><span style=\"font-weight: 400;\">Id\u00e9al pour des styles nets, soign\u00e9s et contemporains<\/span><\/li>\n<\/ul>\n<p>[\/vc_column_text][vc_column_text css=&#8221;&#8221;]<\/p>\n<h1>Mode d\u2019emploi<\/h1>\n<p><span style=\"font-weight: 400;\">Appliquer sur cheveux secs. Pour un r\u00e9sultat plus d\u00e9fini et uniforme, passer une brosse sur la m\u00eame zone en modelant les m\u00e8ches et les contours selon la forme souhait\u00e9e.<\/span>[\/vc_column_text][\/vc_column_inner][vc_column_inner width=&#8221;1\/2&#8243; css=&#8221;.vc_custom_1776176717768{background-image: url(https:\/\/paulrivera.it\/wp-content\/uploads\/2026\/04\/background_adv_produc_drama_hold.png?id=16570) !important;background-position: center !important;background-repeat: no-repeat !important;background-size: cover !important;}&#8221; offset=&#8221;vc_hidden-lg vc_hidden-md vc_hidden-sm&#8221;][vc_single_image image=&#8221;16580&#8243; img_size=&#8221;large&#8221; alignment=&#8221;center&#8221; css=&#8221;&#8221;][\/vc_column_inner][\/vc_row_inner][\/vc_column][\/vc_row][vc_row css=&#8221;.vc_custom_1582192829011{padding-top: 50px !important;}&#8221;][vc_column][vc_row_inner][vc_column_inner][vc_column_text]<\/p>\n<h1 style=\"text-align: center;\">Vous aimerez aussi<\/h1>\n<p>[\/vc_column_text][\/vc_column_inner][\/vc_row_inner][vc_raw_html css=&#8221;&#8221;]W3dwYi1wcm9kdWN0LXNsaWRlci1zaG9ydGNvZGUgaWQ9IjExMDk2Il0=[\/vc_raw_html][\/vc_column][\/vc_row]<\/p>\n<\/div>","protected":false},"excerpt":{"rendered":"<p>Drama Hold est le stick de cire Paul Rivera, inspir\u00e9 par l\u2019univers de la mode o\u00f9 chaque d\u00e9tail est sous les projecteurs et o\u00f9 le contr\u00f4le est non n\u00e9gociable.<br \/>\nCon\u00e7u pour d\u00e9finir et discipliner avec pr\u00e9cision, il agit sur les cheveux avec un geste rapide et cibl\u00e9, en maintenant un styling net, propre et parfaitement ma\u00eetris\u00e9.<\/p>\n<p>Sa texture permet une r\u00e9partition uniforme, en modelant les m\u00e8ches et les baby hairs sans alourdir ni laisser de r\u00e9sidus.<br \/>\nLa formule est enrichie en Huile de Jojoba, qui aide \u00e0 garder les cheveux souples et disciplin\u00e9s, en accompagnant le coiffage de mani\u00e8re naturelle.<\/p>\n<p>Parce que le vrai r\u00e9sultat n\u2019est pas l\u2019exc\u00e8s, mais la perfection du d\u00e9tail.<\/p>\n<p>&nbsp;<\/p>\n[maxbutton id=\"5\"]\n","protected":false},"featured_media":16587,"template":"","meta":[],"product_brand":[],"product_cat":[1306],"product_tag":[],"class_list":{"0":"post-16593","1":"product","2":"type-product","3":"status-publish","4":"has-post-thumbnail","6":"product_cat-finish-styling-fr","7":"description-off","9":"first","10":"instock","11":"shipping-taxable","12":"product-type-simple"},"yoast_head":"<!-- This site is optimized with the Yoast SEO plugin v27.2 - https:\/\/yoast.com\/product\/yoast-seo-wordpress\/ -->\n<title>Drama Hold \u2013 Stick De Cire - Paul Rivera<\/title>\n<meta name=\"description\" content=\"Drama Hold est le stick de cire Paul Rivera, inspir\u00e9 par l\u2019univers de la mode o\u00f9 chaque d\u00e9tail est sous les projecteurs et o\u00f9 le contr\u00f4le est non n\u00e9gociable.\" \/>\n<meta name=\"robots\" content=\"index, follow, max-snippet:-1, max-image-preview:large, max-video-preview:-1\" \/>\n<link rel=\"canonical\" href=\"https:\/\/paulrivera.it\/fr\/prodotti\/finish-styling-fr\/drama-hold-stick-de-cire\/\" \/>\n<meta property=\"og:locale\" content=\"fr_FR\" \/>\n<meta property=\"og:type\" content=\"article\" \/>\n<meta property=\"og:title\" content=\"Drama Hold \u2013 Stick De Cire - Paul Rivera\" \/>\n<meta property=\"og:description\" content=\"Drama Hold est le stick de cire Paul Rivera, inspir\u00e9 par l\u2019univers de la mode o\u00f9 chaque d\u00e9tail est sous les projecteurs et o\u00f9 le contr\u00f4le est non n\u00e9gociable.\" \/>\n<meta property=\"og:url\" content=\"https:\/\/paulrivera.it\/fr\/prodotti\/finish-styling-fr\/drama-hold-stick-de-cire\/\" \/>\n<meta property=\"og:site_name\" content=\"Paul Rivera\" \/>\n<meta property=\"og:image\" content=\"https:\/\/paulrivera.it\/wp-content\/uploads\/2026\/04\/606228-paul-rivera-drama-hold-30g.png\" \/>\n\t<meta property=\"og:image:width\" content=\"800\" \/>\n\t<meta property=\"og:image:height\" content=\"800\" \/>\n\t<meta property=\"og:image:type\" content=\"image\/png\" \/>\n<meta name=\"twitter:card\" content=\"summary_large_image\" \/>\n<meta name=\"twitter:label1\" content=\"Est. reading time\" \/>\n\t<meta name=\"twitter:data1\" content=\"2 minutes\" \/>\n<script type=\"application\/ld+json\" class=\"yoast-schema-graph\">{\"@context\":\"https:\/\/schema.org\",\"@graph\":[{\"@type\":\"WebPage\",\"@id\":\"https:\/\/paulrivera.it\/fr\/prodotti\/finish-styling-fr\/drama-hold-stick-de-cire\/\",\"url\":\"https:\/\/paulrivera.it\/fr\/prodotti\/finish-styling-fr\/drama-hold-stick-de-cire\/\",\"name\":\"Drama Hold \u2013 Stick De Cire - Paul Rivera\",\"isPartOf\":{\"@id\":\"https:\/\/paulrivera.it\/fr\/#website\"},\"primaryImageOfPage\":{\"@id\":\"https:\/\/paulrivera.it\/fr\/prodotti\/finish-styling-fr\/drama-hold-stick-de-cire\/#primaryimage\"},\"image\":{\"@id\":\"https:\/\/paulrivera.it\/fr\/prodotti\/finish-styling-fr\/drama-hold-stick-de-cire\/#primaryimage\"},\"thumbnailUrl\":\"https:\/\/paulrivera.it\/wp-content\/uploads\/2026\/04\/606228-paul-rivera-drama-hold-30g.png\",\"datePublished\":\"2026-04-14T14:44:57+00:00\",\"description\":\"Drama Hold est le stick de cire Paul Rivera, inspir\u00e9 par l\u2019univers de la mode o\u00f9 chaque d\u00e9tail est sous les projecteurs et o\u00f9 le contr\u00f4le est non n\u00e9gociable.\",\"breadcrumb\":{\"@id\":\"https:\/\/paulrivera.it\/fr\/prodotti\/finish-styling-fr\/drama-hold-stick-de-cire\/#breadcrumb\"},\"inLanguage\":\"fr-FR\",\"potentialAction\":[{\"@type\":\"ReadAction\",\"target\":[\"https:\/\/paulrivera.it\/fr\/prodotti\/finish-styling-fr\/drama-hold-stick-de-cire\/\"]}]},{\"@type\":\"ImageObject\",\"inLanguage\":\"fr-FR\",\"@id\":\"https:\/\/paulrivera.it\/fr\/prodotti\/finish-styling-fr\/drama-hold-stick-de-cire\/#primaryimage\",\"url\":\"https:\/\/paulrivera.it\/wp-content\/uploads\/2026\/04\/606228-paul-rivera-drama-hold-30g.png\",\"contentUrl\":\"https:\/\/paulrivera.it\/wp-content\/uploads\/2026\/04\/606228-paul-rivera-drama-hold-30g.png\",\"width\":800,\"height\":800},{\"@type\":\"BreadcrumbList\",\"@id\":\"https:\/\/paulrivera.it\/fr\/prodotti\/finish-styling-fr\/drama-hold-stick-de-cire\/#breadcrumb\",\"itemListElement\":[{\"@type\":\"ListItem\",\"position\":1,\"name\":\"Home\",\"item\":\"https:\/\/paulrivera.it\/fr\/\"},{\"@type\":\"ListItem\",\"position\":2,\"name\":\"Pagina shop\",\"item\":\"https:\/\/paulrivera.it\/prodotti\/\"},{\"@type\":\"ListItem\",\"position\":3,\"name\":\"Drama Hold \u2013 Stick De Cire\"}]},{\"@type\":\"WebSite\",\"@id\":\"https:\/\/paulrivera.it\/fr\/#website\",\"url\":\"https:\/\/paulrivera.it\/fr\/\",\"name\":\"Paul Rivera\",\"description\":\"Hair Beauty Celebration\",\"publisher\":{\"@id\":\"https:\/\/paulrivera.it\/fr\/#organization\"},\"potentialAction\":[{\"@type\":\"SearchAction\",\"target\":{\"@type\":\"EntryPoint\",\"urlTemplate\":\"https:\/\/paulrivera.it\/fr\/?s={search_term_string}\"},\"query-input\":{\"@type\":\"PropertyValueSpecification\",\"valueRequired\":true,\"valueName\":\"search_term_string\"}}],\"inLanguage\":\"fr-FR\"},{\"@type\":\"Organization\",\"@id\":\"https:\/\/paulrivera.it\/fr\/#organization\",\"name\":\"Paul Rivera\",\"url\":\"https:\/\/paulrivera.it\/fr\/\",\"logo\":{\"@type\":\"ImageObject\",\"inLanguage\":\"fr-FR\",\"@id\":\"https:\/\/paulrivera.it\/fr\/#\/schema\/logo\/image\/\",\"url\":\"https:\/\/paulrivera.it\/wp-content\/uploads\/2020\/02\/paul_rivera_logo_header_x2.png\",\"contentUrl\":\"https:\/\/paulrivera.it\/wp-content\/uploads\/2020\/02\/paul_rivera_logo_header_x2.png\",\"width\":470,\"height\":60,\"caption\":\"Paul Rivera\"},\"image\":{\"@id\":\"https:\/\/paulrivera.it\/fr\/#\/schema\/logo\/image\/\"}}]}<\/script>\n<!-- \/ Yoast SEO plugin. -->","yoast_head_json":{"title":"Drama Hold \u2013 Stick De Cire - Paul Rivera","description":"Drama Hold est le stick de cire Paul Rivera, inspir\u00e9 par l\u2019univers de la mode o\u00f9 chaque d\u00e9tail est sous les projecteurs et o\u00f9 le contr\u00f4le est non n\u00e9gociable.","robots":{"index":"index","follow":"follow","max-snippet":"max-snippet:-1","max-image-preview":"max-image-preview:large","max-video-preview":"max-video-preview:-1"},"canonical":"https:\/\/paulrivera.it\/fr\/prodotti\/finish-styling-fr\/drama-hold-stick-de-cire\/","og_locale":"fr_FR","og_type":"article","og_title":"Drama Hold \u2013 Stick De Cire - Paul Rivera","og_description":"Drama Hold est le stick de cire Paul Rivera, inspir\u00e9 par l\u2019univers de la mode o\u00f9 chaque d\u00e9tail est sous les projecteurs et o\u00f9 le contr\u00f4le est non n\u00e9gociable.","og_url":"https:\/\/paulrivera.it\/fr\/prodotti\/finish-styling-fr\/drama-hold-stick-de-cire\/","og_site_name":"Paul Rivera","og_image":[{"width":800,"height":800,"url":"https:\/\/paulrivera.it\/wp-content\/uploads\/2026\/04\/606228-paul-rivera-drama-hold-30g.png","type":"image\/png"}],"twitter_card":"summary_large_image","twitter_misc":{"Est. reading time":"2 minutes"},"schema":{"@context":"https:\/\/schema.org","@graph":[{"@type":"WebPage","@id":"https:\/\/paulrivera.it\/fr\/prodotti\/finish-styling-fr\/drama-hold-stick-de-cire\/","url":"https:\/\/paulrivera.it\/fr\/prodotti\/finish-styling-fr\/drama-hold-stick-de-cire\/","name":"Drama Hold \u2013 Stick De Cire - Paul Rivera","isPartOf":{"@id":"https:\/\/paulrivera.it\/fr\/#website"},"primaryImageOfPage":{"@id":"https:\/\/paulrivera.it\/fr\/prodotti\/finish-styling-fr\/drama-hold-stick-de-cire\/#primaryimage"},"image":{"@id":"https:\/\/paulrivera.it\/fr\/prodotti\/finish-styling-fr\/drama-hold-stick-de-cire\/#primaryimage"},"thumbnailUrl":"https:\/\/paulrivera.it\/wp-content\/uploads\/2026\/04\/606228-paul-rivera-drama-hold-30g.png","datePublished":"2026-04-14T14:44:57+00:00","description":"Drama Hold est le stick de cire Paul Rivera, inspir\u00e9 par l\u2019univers de la mode o\u00f9 chaque d\u00e9tail est sous les projecteurs et o\u00f9 le contr\u00f4le est non n\u00e9gociable.","breadcrumb":{"@id":"https:\/\/paulrivera.it\/fr\/prodotti\/finish-styling-fr\/drama-hold-stick-de-cire\/#breadcrumb"},"inLanguage":"fr-FR","potentialAction":[{"@type":"ReadAction","target":["https:\/\/paulrivera.it\/fr\/prodotti\/finish-styling-fr\/drama-hold-stick-de-cire\/"]}]},{"@type":"ImageObject","inLanguage":"fr-FR","@id":"https:\/\/paulrivera.it\/fr\/prodotti\/finish-styling-fr\/drama-hold-stick-de-cire\/#primaryimage","url":"https:\/\/paulrivera.it\/wp-content\/uploads\/2026\/04\/606228-paul-rivera-drama-hold-30g.png","contentUrl":"https:\/\/paulrivera.it\/wp-content\/uploads\/2026\/04\/606228-paul-rivera-drama-hold-30g.png","width":800,"height":800},{"@type":"BreadcrumbList","@id":"https:\/\/paulrivera.it\/fr\/prodotti\/finish-styling-fr\/drama-hold-stick-de-cire\/#breadcrumb","itemListElement":[{"@type":"ListItem","position":1,"name":"Home","item":"https:\/\/paulrivera.it\/fr\/"},{"@type":"ListItem","position":2,"name":"Pagina shop","item":"https:\/\/paulrivera.it\/prodotti\/"},{"@type":"ListItem","position":3,"name":"Drama Hold \u2013 Stick De Cire"}]},{"@type":"WebSite","@id":"https:\/\/paulrivera.it\/fr\/#website","url":"https:\/\/paulrivera.it\/fr\/","name":"Paul Rivera","description":"Hair Beauty Celebration","publisher":{"@id":"https:\/\/paulrivera.it\/fr\/#organization"},"potentialAction":[{"@type":"SearchAction","target":{"@type":"EntryPoint","urlTemplate":"https:\/\/paulrivera.it\/fr\/?s={search_term_string}"},"query-input":{"@type":"PropertyValueSpecification","valueRequired":true,"valueName":"search_term_string"}}],"inLanguage":"fr-FR"},{"@type":"Organization","@id":"https:\/\/paulrivera.it\/fr\/#organization","name":"Paul Rivera","url":"https:\/\/paulrivera.it\/fr\/","logo":{"@type":"ImageObject","inLanguage":"fr-FR","@id":"https:\/\/paulrivera.it\/fr\/#\/schema\/logo\/image\/","url":"https:\/\/paulrivera.it\/wp-content\/uploads\/2020\/02\/paul_rivera_logo_header_x2.png","contentUrl":"https:\/\/paulrivera.it\/wp-content\/uploads\/2020\/02\/paul_rivera_logo_header_x2.png","width":470,"height":60,"caption":"Paul Rivera"},"image":{"@id":"https:\/\/paulrivera.it\/fr\/#\/schema\/logo\/image\/"}}]}},"_links":{"self":[{"href":"https:\/\/paulrivera.it\/fr\/wp-json\/wp\/v2\/product\/16593","targetHints":{"allow":["GET"]}}],"collection":[{"href":"https:\/\/paulrivera.it\/fr\/wp-json\/wp\/v2\/product"}],"about":[{"href":"https:\/\/paulrivera.it\/fr\/wp-json\/wp\/v2\/types\/product"}],"wp:featuredmedia":[{"embeddable":true,"href":"https:\/\/paulrivera.it\/fr\/wp-json\/wp\/v2\/media\/16587"}],"wp:attachment":[{"href":"https:\/\/paulrivera.it\/fr\/wp-json\/wp\/v2\/media?parent=16593"}],"wp:term":[{"taxonomy":"product_brand","embeddable":true,"href":"https:\/\/paulrivera.it\/fr\/wp-json\/wp\/v2\/product_brand?post=16593"},{"taxonomy":"product_cat","embeddable":true,"href":"https:\/\/paulrivera.it\/fr\/wp-json\/wp\/v2\/product_cat?post=16593"},{"taxonomy":"product_tag","embeddable":true,"href":"https:\/\/paulrivera.it\/fr\/wp-json\/wp\/v2\/product_tag?post=16593"}],"curies":[{"name":"wp","href":"https:\/\/api.w.org\/{rel}","templated":true}]}}