{"id":15929,"date":"2025-09-24T15:23:32","date_gmt":"2025-09-24T13:23:32","guid":{"rendered":"https:\/\/paulrivera.it\/?post_type=product&#038;p=15929"},"modified":"2025-09-25T10:20:17","modified_gmt":"2025-09-25T08:20:17","slug":"purifyze-zuiverende-mist","status":"publish","type":"product","link":"https:\/\/paulrivera.it\/nl\/prodotti\/behandelingen\/purifyze-hoofdhuid-met-droge-roos\/purifyze-zuiverende-mist\/","title":{"rendered":"Purifyze \u2013 Zuiverende Mist"},"content":{"rendered":"<div class=\"wpb-content-wrapper\"><p>[vc_row full_width=&#8221;stretch_row&#8221;][vc_column][vc_row_inner el_id=&#8221;desktop&#8221;][vc_column_inner width=&#8221;1\/2&#8243; css=&#8221;.vc_custom_1582194227194{padding-top: 10% !important;padding-right: 10% !important;padding-bottom: 10% !important;padding-left: 30% !important;}&#8221; offset=&#8221;vc_hidden-md vc_hidden-sm vc_hidden-xs&#8221;][vc_column_text css=&#8221;&#8221;]<\/p>\n<h1><b>Waarom je het geweldig zult vinden<\/b><\/h1>\n<ul>\n<li><span style=\"font-weight: 400;\">Het frisheid teruggeeft, zelfs in momenten van huidstress<\/span><\/li>\n<li><span style=\"font-weight: 400;\">Het comfort en lichtheid schenkt tussen wasbeurten door<\/span><\/li>\n<li><span style=\"font-weight: 400;\">Het de hoofdhuid verfrist en het haar laat stralen<\/span><\/li>\n<\/ul>\n<p>[\/vc_column_text][vc_column_text css=&#8221;&#8221;]<\/p>\n<h1><b>De actieve ingredi\u00ebnten in de formule<\/b><\/h1>\n<ul>\n<li><span style=\"font-weight: 400;\">Gember: heractiveert de microcirculatie van de huid, stimuleert de celvernieuwing en kalmeert jeuk en roodheid.<\/span><\/li>\n<li><span style=\"font-weight: 400;\">Piroctone Olamine: werkt doelgericht tegen droge roos dankzij zijn schimmelwerende en antibacteri\u00eble eigenschappen en helpt de hoofdhuid schoon en in balans te houden.<\/span><\/li>\n<\/ul>\n<p>[\/vc_column_text][vc_column_text css=&#8221;&#8221;]<\/p>\n<h1><b>Gebruik<\/b><\/h1>\n<p><span style=\"font-weight: 400;\">Vernevel gelijkmatig over de hoofdhuid en de lengtes, bij voorkeur op handdoekdroog haar v\u00f3\u00f3r het f\u00f6hnen.<\/span>[\/vc_column_text][\/vc_column_inner][vc_column_inner width=&#8221;1\/2&#8243; css=&#8221;.vc_custom_1758702026065{background-color: #5F319D !important;background-position: center !important;background-repeat: no-repeat !important;background-size: cover !important;}&#8221; offset=&#8221;vc_hidden-md vc_hidden-sm vc_hidden-xs&#8221;][vc_single_image image=&#8221;15712&#8243; img_size=&#8221;large&#8221; alignment=&#8221;center&#8221; css=&#8221;&#8221;][\/vc_column_inner][\/vc_row_inner][vc_row_inner el_id=&#8221;tablet&#8221;][vc_column_inner offset=&#8221;vc_hidden-lg vc_hidden-xs&#8221;][vc_column_text css=&#8221;&#8221;]<\/p>\n<h1><b>Waarom je het geweldig zult vinden<\/b><\/h1>\n<ul>\n<li><span style=\"font-weight: 400;\">Het frisheid teruggeeft, zelfs in momenten van huidstress<\/span><\/li>\n<li><span style=\"font-weight: 400;\">Het comfort en lichtheid schenkt tussen wasbeurten door<\/span><\/li>\n<li><span style=\"font-weight: 400;\">Het de hoofdhuid verfrist en het haar laat stralen<\/span><\/li>\n<\/ul>\n<p>[\/vc_column_text][vc_column_text css=&#8221;&#8221;]<\/p>\n<h1><b>De actieve ingredi\u00ebnten in de formule<\/b><\/h1>\n<ul>\n<li><span style=\"font-weight: 400;\">Gember: heractiveert de microcirculatie van de huid, stimuleert de celvernieuwing en kalmeert jeuk en roodheid.<\/span><\/li>\n<li><span style=\"font-weight: 400;\">Piroctone Olamine: werkt doelgericht tegen droge roos dankzij zijn schimmelwerende en antibacteri\u00eble eigenschappen en helpt de hoofdhuid schoon en in balans te houden.<\/span><\/li>\n<\/ul>\n<p>[\/vc_column_text][vc_column_text css=&#8221;&#8221;]<\/p>\n<h1><b>Gebruik<\/b><\/h1>\n<p><span style=\"font-weight: 400;\">Vernevel gelijkmatig over de hoofdhuid en de lengtes, bij voorkeur op handdoekdroog haar v\u00f3\u00f3r het f\u00f6hnen.<\/span>[\/vc_column_text][\/vc_column_inner][\/vc_row_inner][vc_row_inner el_id=&#8221;mobile&#8221;][vc_column_inner width=&#8221;1\/2&#8243; offset=&#8221;vc_hidden-lg vc_hidden-md vc_hidden-sm&#8221;][vc_column_text css=&#8221;&#8221;]<\/p>\n<h1><b>Waarom je het geweldig zult vinden<\/b><\/h1>\n<ul>\n<li><span style=\"font-weight: 400;\">Het frisheid teruggeeft, zelfs in momenten van huidstress<\/span><\/li>\n<li><span style=\"font-weight: 400;\">Het comfort en lichtheid schenkt tussen wasbeurten door<\/span><\/li>\n<li><span style=\"font-weight: 400;\">Het de hoofdhuid verfrist en het haar laat stralen<\/span><\/li>\n<\/ul>\n<p>[\/vc_column_text][vc_column_text css=&#8221;&#8221;]<\/p>\n<h1><b>De actieve ingredi\u00ebnten in de formule<\/b><\/h1>\n<ul>\n<li><span style=\"font-weight: 400;\">Gember: heractiveert de microcirculatie van de huid, stimuleert de celvernieuwing en kalmeert jeuk en roodheid.<\/span><\/li>\n<li><span style=\"font-weight: 400;\">Piroctone Olamine: werkt doelgericht tegen droge roos dankzij zijn schimmelwerende en antibacteri\u00eble eigenschappen en helpt de hoofdhuid schoon en in balans te houden.<\/span><\/li>\n<\/ul>\n<p>[\/vc_column_text][vc_column_text css=&#8221;&#8221;]<\/p>\n<h1><b>Gebruik<\/b><\/h1>\n<p><span style=\"font-weight: 400;\">Vernevel gelijkmatig over de hoofdhuid en de lengtes, bij voorkeur op handdoekdroog haar v\u00f3\u00f3r het f\u00f6hnen.<\/span>[\/vc_column_text][\/vc_column_inner][vc_column_inner width=&#8221;1\/2&#8243; css=&#8221;.vc_custom_1758702055947{background-color: #5F319D !important;background-position: center !important;background-repeat: no-repeat !important;background-size: cover !important;}&#8221; offset=&#8221;vc_hidden-lg vc_hidden-md vc_hidden-sm&#8221;][vc_single_image image=&#8221;15712&#8243; img_size=&#8221;large&#8221; alignment=&#8221;center&#8221; css=&#8221;&#8221;][\/vc_column_inner][\/vc_row_inner][\/vc_column][\/vc_row][vc_row css=&#8221;.vc_custom_1582192829011{padding-top: 50px !important;}&#8221;][vc_column][vc_row_inner][vc_column_inner][vc_column_text]<\/p>\n<h1 style=\"text-align: center;\">Proberen met<\/h1>\n<p>[\/vc_column_text][\/vc_column_inner][\/vc_row_inner][vc_raw_html css=&#8221;&#8221;]JTVCd3BiLXByb2R1Y3Qtc2xpZGVyLXNob3J0Y29kZSUyMGlkJTNEJTIyMTU5NDAlMjIlNUQ=[\/vc_raw_html][\/vc_column][\/vc_row]<\/p>\n<\/div>","protected":false},"excerpt":{"rendered":"<p><span style=\"font-weight: 400;\">Een bondgenoot om de hoofdhuid en het haar nieuwe vitaliteit te geven. <strong>De zuiverende Purifyze mist verfrist onmiddellijk en geeft de haren een natuurlijke glans, terwijl het het comfort van de hoofdhuid verbetert.<\/strong> Perfect als finishing touch van de dagelijkse routine, biedt het directe frisheid en lichtheid.<\/span><\/p>\n<p><span style=\"font-weight: 400;\">150 ml<\/span><\/p>\n<p>&nbsp;<\/p>\n<p class=\"p1\">[maxbutton id=\"9\"]<\/p>\n","protected":false},"featured_media":15649,"template":"","meta":[],"product_brand":[],"product_cat":[1285,2098],"product_tag":[],"class_list":{"0":"post-15929","1":"product","2":"type-product","3":"status-publish","4":"has-post-thumbnail","6":"product_cat-behandelingen","7":"product_cat-purifyze-hoofdhuid-met-droge-roos","8":"description-off","10":"first","11":"instock","12":"shipping-taxable","13":"product-type-simple"},"yoast_head":"<!-- This site is optimized with the Yoast SEO plugin v27.2 - https:\/\/yoast.com\/product\/yoast-seo-wordpress\/ -->\n<title>Purifyze \u2013 Zuiverende Mist - Paul Rivera<\/title>\n<meta name=\"description\" content=\"De zuiverende Purifyze mist verfrist onmiddellijk en geeft de haren een natuurlijke glans, terwijl het het comfort van de hoofdhuid verbetert.\" \/>\n<meta name=\"robots\" content=\"index, follow, max-snippet:-1, max-image-preview:large, max-video-preview:-1\" \/>\n<link rel=\"canonical\" href=\"https:\/\/paulrivera.it\/nl\/prodotti\/behandelingen\/purifyze-hoofdhuid-met-droge-roos\/purifyze-zuiverende-mist\/\" \/>\n<meta property=\"og:locale\" content=\"nl_NL\" \/>\n<meta property=\"og:type\" content=\"article\" \/>\n<meta property=\"og:title\" content=\"Purifyze \u2013 Zuiverende Mist - Paul Rivera\" \/>\n<meta property=\"og:description\" content=\"De zuiverende Purifyze mist verfrist onmiddellijk en geeft de haren een natuurlijke glans, terwijl het het comfort van de hoofdhuid verbetert.\" \/>\n<meta property=\"og:url\" content=\"https:\/\/paulrivera.it\/nl\/prodotti\/behandelingen\/purifyze-hoofdhuid-met-droge-roos\/purifyze-zuiverende-mist\/\" \/>\n<meta property=\"og:site_name\" content=\"Paul Rivera\" \/>\n<meta property=\"article:modified_time\" content=\"2025-09-25T08:20:17+00:00\" \/>\n<meta property=\"og:image\" content=\"https:\/\/paulrivera.it\/wp-content\/uploads\/2025\/09\/605146-paul-rivera-purifyze-mist-150ml.png\" \/>\n\t<meta property=\"og:image:width\" content=\"800\" \/>\n\t<meta property=\"og:image:height\" content=\"800\" \/>\n\t<meta property=\"og:image:type\" content=\"image\/png\" \/>\n<meta name=\"twitter:card\" content=\"summary_large_image\" \/>\n<meta name=\"twitter:label1\" content=\"Est. reading time\" \/>\n\t<meta name=\"twitter:data1\" content=\"3 minuut\" \/>\n<script type=\"application\/ld+json\" class=\"yoast-schema-graph\">{\"@context\":\"https:\/\/schema.org\",\"@graph\":[{\"@type\":\"WebPage\",\"@id\":\"https:\/\/paulrivera.it\/nl\/prodotti\/behandelingen\/purifyze-hoofdhuid-met-droge-roos\/purifyze-zuiverende-mist\/\",\"url\":\"https:\/\/paulrivera.it\/nl\/prodotti\/behandelingen\/purifyze-hoofdhuid-met-droge-roos\/purifyze-zuiverende-mist\/\",\"name\":\"Purifyze \u2013 Zuiverende Mist - Paul Rivera\",\"isPartOf\":{\"@id\":\"https:\/\/paulrivera.it\/nl\/#website\"},\"primaryImageOfPage\":{\"@id\":\"https:\/\/paulrivera.it\/nl\/prodotti\/behandelingen\/purifyze-hoofdhuid-met-droge-roos\/purifyze-zuiverende-mist\/#primaryimage\"},\"image\":{\"@id\":\"https:\/\/paulrivera.it\/nl\/prodotti\/behandelingen\/purifyze-hoofdhuid-met-droge-roos\/purifyze-zuiverende-mist\/#primaryimage\"},\"thumbnailUrl\":\"https:\/\/paulrivera.it\/wp-content\/uploads\/2025\/09\/605146-paul-rivera-purifyze-mist-150ml.png\",\"datePublished\":\"2025-09-24T13:23:32+00:00\",\"dateModified\":\"2025-09-25T08:20:17+00:00\",\"description\":\"De zuiverende Purifyze mist verfrist onmiddellijk en geeft de haren een natuurlijke glans, terwijl het het comfort van de hoofdhuid verbetert.\",\"breadcrumb\":{\"@id\":\"https:\/\/paulrivera.it\/nl\/prodotti\/behandelingen\/purifyze-hoofdhuid-met-droge-roos\/purifyze-zuiverende-mist\/#breadcrumb\"},\"inLanguage\":\"nl-NL\",\"potentialAction\":[{\"@type\":\"ReadAction\",\"target\":[\"https:\/\/paulrivera.it\/nl\/prodotti\/behandelingen\/purifyze-hoofdhuid-met-droge-roos\/purifyze-zuiverende-mist\/\"]}]},{\"@type\":\"ImageObject\",\"inLanguage\":\"nl-NL\",\"@id\":\"https:\/\/paulrivera.it\/nl\/prodotti\/behandelingen\/purifyze-hoofdhuid-met-droge-roos\/purifyze-zuiverende-mist\/#primaryimage\",\"url\":\"https:\/\/paulrivera.it\/wp-content\/uploads\/2025\/09\/605146-paul-rivera-purifyze-mist-150ml.png\",\"contentUrl\":\"https:\/\/paulrivera.it\/wp-content\/uploads\/2025\/09\/605146-paul-rivera-purifyze-mist-150ml.png\",\"width\":800,\"height\":800},{\"@type\":\"BreadcrumbList\",\"@id\":\"https:\/\/paulrivera.it\/nl\/prodotti\/behandelingen\/purifyze-hoofdhuid-met-droge-roos\/purifyze-zuiverende-mist\/#breadcrumb\",\"itemListElement\":[{\"@type\":\"ListItem\",\"position\":1,\"name\":\"Home\",\"item\":\"https:\/\/paulrivera.it\/nl\/\"},{\"@type\":\"ListItem\",\"position\":2,\"name\":\"Pagina shop\",\"item\":\"https:\/\/paulrivera.it\/prodotti\/\"},{\"@type\":\"ListItem\",\"position\":3,\"name\":\"Purifyze \u2013 Zuiverende Mist\"}]},{\"@type\":\"WebSite\",\"@id\":\"https:\/\/paulrivera.it\/nl\/#website\",\"url\":\"https:\/\/paulrivera.it\/nl\/\",\"name\":\"Paul Rivera\",\"description\":\"Hair Beauty Celebration\",\"publisher\":{\"@id\":\"https:\/\/paulrivera.it\/nl\/#organization\"},\"potentialAction\":[{\"@type\":\"SearchAction\",\"target\":{\"@type\":\"EntryPoint\",\"urlTemplate\":\"https:\/\/paulrivera.it\/nl\/?s={search_term_string}\"},\"query-input\":{\"@type\":\"PropertyValueSpecification\",\"valueRequired\":true,\"valueName\":\"search_term_string\"}}],\"inLanguage\":\"nl-NL\"},{\"@type\":\"Organization\",\"@id\":\"https:\/\/paulrivera.it\/nl\/#organization\",\"name\":\"Paul Rivera\",\"url\":\"https:\/\/paulrivera.it\/nl\/\",\"logo\":{\"@type\":\"ImageObject\",\"inLanguage\":\"nl-NL\",\"@id\":\"https:\/\/paulrivera.it\/nl\/#\/schema\/logo\/image\/\",\"url\":\"https:\/\/paulrivera.it\/wp-content\/uploads\/2020\/02\/paul_rivera_logo_header_x2.png\",\"contentUrl\":\"https:\/\/paulrivera.it\/wp-content\/uploads\/2020\/02\/paul_rivera_logo_header_x2.png\",\"width\":470,\"height\":60,\"caption\":\"Paul Rivera\"},\"image\":{\"@id\":\"https:\/\/paulrivera.it\/nl\/#\/schema\/logo\/image\/\"}}]}<\/script>\n<!-- \/ Yoast SEO plugin. -->","yoast_head_json":{"title":"Purifyze \u2013 Zuiverende Mist - Paul Rivera","description":"De zuiverende Purifyze mist verfrist onmiddellijk en geeft de haren een natuurlijke glans, terwijl het het comfort van de hoofdhuid verbetert.","robots":{"index":"index","follow":"follow","max-snippet":"max-snippet:-1","max-image-preview":"max-image-preview:large","max-video-preview":"max-video-preview:-1"},"canonical":"https:\/\/paulrivera.it\/nl\/prodotti\/behandelingen\/purifyze-hoofdhuid-met-droge-roos\/purifyze-zuiverende-mist\/","og_locale":"nl_NL","og_type":"article","og_title":"Purifyze \u2013 Zuiverende Mist - Paul Rivera","og_description":"De zuiverende Purifyze mist verfrist onmiddellijk en geeft de haren een natuurlijke glans, terwijl het het comfort van de hoofdhuid verbetert.","og_url":"https:\/\/paulrivera.it\/nl\/prodotti\/behandelingen\/purifyze-hoofdhuid-met-droge-roos\/purifyze-zuiverende-mist\/","og_site_name":"Paul Rivera","article_modified_time":"2025-09-25T08:20:17+00:00","og_image":[{"width":800,"height":800,"url":"https:\/\/paulrivera.it\/wp-content\/uploads\/2025\/09\/605146-paul-rivera-purifyze-mist-150ml.png","type":"image\/png"}],"twitter_card":"summary_large_image","twitter_misc":{"Est. reading time":"3 minuut"},"schema":{"@context":"https:\/\/schema.org","@graph":[{"@type":"WebPage","@id":"https:\/\/paulrivera.it\/nl\/prodotti\/behandelingen\/purifyze-hoofdhuid-met-droge-roos\/purifyze-zuiverende-mist\/","url":"https:\/\/paulrivera.it\/nl\/prodotti\/behandelingen\/purifyze-hoofdhuid-met-droge-roos\/purifyze-zuiverende-mist\/","name":"Purifyze \u2013 Zuiverende Mist - Paul Rivera","isPartOf":{"@id":"https:\/\/paulrivera.it\/nl\/#website"},"primaryImageOfPage":{"@id":"https:\/\/paulrivera.it\/nl\/prodotti\/behandelingen\/purifyze-hoofdhuid-met-droge-roos\/purifyze-zuiverende-mist\/#primaryimage"},"image":{"@id":"https:\/\/paulrivera.it\/nl\/prodotti\/behandelingen\/purifyze-hoofdhuid-met-droge-roos\/purifyze-zuiverende-mist\/#primaryimage"},"thumbnailUrl":"https:\/\/paulrivera.it\/wp-content\/uploads\/2025\/09\/605146-paul-rivera-purifyze-mist-150ml.png","datePublished":"2025-09-24T13:23:32+00:00","dateModified":"2025-09-25T08:20:17+00:00","description":"De zuiverende Purifyze mist verfrist onmiddellijk en geeft de haren een natuurlijke glans, terwijl het het comfort van de hoofdhuid verbetert.","breadcrumb":{"@id":"https:\/\/paulrivera.it\/nl\/prodotti\/behandelingen\/purifyze-hoofdhuid-met-droge-roos\/purifyze-zuiverende-mist\/#breadcrumb"},"inLanguage":"nl-NL","potentialAction":[{"@type":"ReadAction","target":["https:\/\/paulrivera.it\/nl\/prodotti\/behandelingen\/purifyze-hoofdhuid-met-droge-roos\/purifyze-zuiverende-mist\/"]}]},{"@type":"ImageObject","inLanguage":"nl-NL","@id":"https:\/\/paulrivera.it\/nl\/prodotti\/behandelingen\/purifyze-hoofdhuid-met-droge-roos\/purifyze-zuiverende-mist\/#primaryimage","url":"https:\/\/paulrivera.it\/wp-content\/uploads\/2025\/09\/605146-paul-rivera-purifyze-mist-150ml.png","contentUrl":"https:\/\/paulrivera.it\/wp-content\/uploads\/2025\/09\/605146-paul-rivera-purifyze-mist-150ml.png","width":800,"height":800},{"@type":"BreadcrumbList","@id":"https:\/\/paulrivera.it\/nl\/prodotti\/behandelingen\/purifyze-hoofdhuid-met-droge-roos\/purifyze-zuiverende-mist\/#breadcrumb","itemListElement":[{"@type":"ListItem","position":1,"name":"Home","item":"https:\/\/paulrivera.it\/nl\/"},{"@type":"ListItem","position":2,"name":"Pagina shop","item":"https:\/\/paulrivera.it\/prodotti\/"},{"@type":"ListItem","position":3,"name":"Purifyze \u2013 Zuiverende Mist"}]},{"@type":"WebSite","@id":"https:\/\/paulrivera.it\/nl\/#website","url":"https:\/\/paulrivera.it\/nl\/","name":"Paul Rivera","description":"Hair Beauty Celebration","publisher":{"@id":"https:\/\/paulrivera.it\/nl\/#organization"},"potentialAction":[{"@type":"SearchAction","target":{"@type":"EntryPoint","urlTemplate":"https:\/\/paulrivera.it\/nl\/?s={search_term_string}"},"query-input":{"@type":"PropertyValueSpecification","valueRequired":true,"valueName":"search_term_string"}}],"inLanguage":"nl-NL"},{"@type":"Organization","@id":"https:\/\/paulrivera.it\/nl\/#organization","name":"Paul Rivera","url":"https:\/\/paulrivera.it\/nl\/","logo":{"@type":"ImageObject","inLanguage":"nl-NL","@id":"https:\/\/paulrivera.it\/nl\/#\/schema\/logo\/image\/","url":"https:\/\/paulrivera.it\/wp-content\/uploads\/2020\/02\/paul_rivera_logo_header_x2.png","contentUrl":"https:\/\/paulrivera.it\/wp-content\/uploads\/2020\/02\/paul_rivera_logo_header_x2.png","width":470,"height":60,"caption":"Paul Rivera"},"image":{"@id":"https:\/\/paulrivera.it\/nl\/#\/schema\/logo\/image\/"}}]}},"_links":{"self":[{"href":"https:\/\/paulrivera.it\/nl\/wp-json\/wp\/v2\/product\/15929","targetHints":{"allow":["GET"]}}],"collection":[{"href":"https:\/\/paulrivera.it\/nl\/wp-json\/wp\/v2\/product"}],"about":[{"href":"https:\/\/paulrivera.it\/nl\/wp-json\/wp\/v2\/types\/product"}],"wp:featuredmedia":[{"embeddable":true,"href":"https:\/\/paulrivera.it\/nl\/wp-json\/wp\/v2\/media\/15649"}],"wp:attachment":[{"href":"https:\/\/paulrivera.it\/nl\/wp-json\/wp\/v2\/media?parent=15929"}],"wp:term":[{"taxonomy":"product_brand","embeddable":true,"href":"https:\/\/paulrivera.it\/nl\/wp-json\/wp\/v2\/product_brand?post=15929"},{"taxonomy":"product_cat","embeddable":true,"href":"https:\/\/paulrivera.it\/nl\/wp-json\/wp\/v2\/product_cat?post=15929"},{"taxonomy":"product_tag","embeddable":true,"href":"https:\/\/paulrivera.it\/nl\/wp-json\/wp\/v2\/product_tag?post=15929"}],"curies":[{"name":"wp","href":"https:\/\/api.w.org\/{rel}","templated":true}]}}