{"id":16038,"date":"2025-10-29T14:26:43","date_gmt":"2025-10-29T13:26:43","guid":{"rendered":"https:\/\/paulrivera.it\/?post_type=product&#038;p=16038"},"modified":"2025-10-30T12:13:24","modified_gmt":"2025-10-30T11:13:24","slug":"depurize-normaliserende-scrub-voor-vette-hoofdhuid-en-roos","status":"publish","type":"product","link":"https:\/\/paulrivera.it\/nl\/prodotti\/behandelingen\/depurize-vette-hoofdhuid\/depurize-normaliserende-scrub-voor-vette-hoofdhuid-en-roos\/","title":{"rendered":"Depurize \u2013 Normaliserende Scrub Voor Vette Hoofdhuid En Roos"},"content":{"rendered":"<div class=\"wpb-content-wrapper\"><p>[vc_row full_width=&#8221;stretch_row&#8221;][vc_column][vc_row_inner el_id=&#8221;desktop&#8221;][vc_column_inner width=&#8221;1\/2&#8243; css=&#8221;.vc_custom_1582194227194{padding-top: 10% !important;padding-right: 10% !important;padding-bottom: 10% !important;padding-left: 30% !important;}&#8221; offset=&#8221;vc_hidden-md vc_hidden-sm vc_hidden-xs&#8221;][vc_column_text css=&#8221;&#8221;]<\/p>\n<h1><b>Waarom je het geweldig zult vinden<\/b><\/h1>\n<ul>\n<li style=\"font-weight: 400;\" aria-level=\"1\"><span style=\"font-weight: 400;\">Onzuiverheden en dode huidcellen van de hoofdhuid verwijdert.<\/span><\/li>\n<li style=\"font-weight: 400;\" aria-level=\"1\"><span style=\"font-weight: 400;\">Een aangenaam gevoel van frisheid en lichtheid geeft.<\/span><\/li>\n<li style=\"font-weight: 400;\" aria-level=\"1\"><span style=\"font-weight: 400;\">Helpt de vette en met roos belaste hoofdhuid te herstellen.<\/span><\/li>\n<li style=\"font-weight: 400;\" aria-level=\"1\"><span style=\"font-weight: 400;\">De effectiviteit van de Depurize Normaliserende Shampoo versterkt.<\/span><\/li>\n<\/ul>\n<p>[\/vc_column_text][vc_column_text]<\/p>\n<h1><b>De actieve ingredi\u00ebnten in de formule<\/b><\/h1>\n<ul>\n<li><span style=\"font-weight: 400;\">Wilgenextract: is vooral rijk aan flavono\u00efden en salicylzuurglucosiden, en heeft een zuiverende, pijnstillende, koortswerende en ontstekingsremmende eigenschappen<\/span><\/li>\n<li><span style=\"font-weight: 400;\">Theeboomolie: bevat waardevolle nuttige, desinfecterende, antibacteri\u00eble, helende en antimicrobi\u00eble eigenschappen<\/span><\/li>\n<\/ul>\n<p>[\/vc_column_text][vc_column_text css=&#8221;&#8221;]<\/p>\n<h1><b>Gebruik<\/b><\/h1>\n<p><span style=\"font-weight: 400;\">Breng de Depurize Normaliserende Scrub rechtstreeks aan op de hoofdhuid v\u00f3\u00f3r het gebruik van de Depurize Normaliserende Shampoo. Masseer zachtjes met cirkelvormige bewegingen om het exfoli\u00ebrende effect te stimuleren, spoel vervolgens grondig uit en was het haar.<\/span>[\/vc_column_text][\/vc_column_inner][vc_column_inner width=&#8221;1\/2&#8243; css=&#8221;.vc_custom_1592818911213{background-color: #008074 !important;background-position: center !important;background-repeat: no-repeat !important;background-size: cover !important;}&#8221; offset=&#8221;vc_hidden-md vc_hidden-sm vc_hidden-xs&#8221;][vc_single_image image=&#8221;16085&#8243; img_size=&#8221;large&#8221; alignment=&#8221;center&#8221; css=&#8221;&#8221;][\/vc_column_inner][\/vc_row_inner][vc_row_inner el_id=&#8221;tablet&#8221;][vc_column_inner offset=&#8221;vc_hidden-lg vc_hidden-xs&#8221;][vc_column_text css=&#8221;&#8221;]<\/p>\n<h1><b>Waarom je het geweldig zult vinden<\/b><\/h1>\n<ul>\n<li style=\"font-weight: 400;\" aria-level=\"1\"><span style=\"font-weight: 400;\">Onzuiverheden en dode huidcellen van de hoofdhuid verwijdert.<\/span><\/li>\n<li style=\"font-weight: 400;\" aria-level=\"1\"><span style=\"font-weight: 400;\">Een aangenaam gevoel van frisheid en lichtheid geeft.<\/span><\/li>\n<li style=\"font-weight: 400;\" aria-level=\"1\"><span style=\"font-weight: 400;\">Helpt de vette en met roos belaste hoofdhuid te herstellen.<\/span><\/li>\n<li style=\"font-weight: 400;\" aria-level=\"1\"><span style=\"font-weight: 400;\">De effectiviteit van de Depurize Normaliserende Shampoo versterkt.<\/span><\/li>\n<\/ul>\n<p>[\/vc_column_text][vc_column_text]<\/p>\n<h1><b>De actieve ingredi\u00ebnten in de formule<\/b><\/h1>\n<ul>\n<li><span style=\"font-weight: 400;\">Wilgenextract: is vooral rijk aan flavono\u00efden en salicylzuurglucosiden, en heeft een zuiverende, pijnstillende, koortswerende en ontstekingsremmende eigenschappen<\/span><\/li>\n<li><span style=\"font-weight: 400;\">Theeboomolie: bevat waardevolle nuttige, desinfecterende, antibacteri\u00eble, helende en antimicrobi\u00eble eigenschappen<\/span><\/li>\n<\/ul>\n<p>[\/vc_column_text][vc_column_text css=&#8221;&#8221;]<\/p>\n<h1><b>Gebruik<\/b><\/h1>\n<p><span style=\"font-weight: 400;\">Breng de Depurize Normaliserende Scrub rechtstreeks aan op de hoofdhuid v\u00f3\u00f3r het gebruik van de Depurize Normaliserende Shampoo. Masseer zachtjes met cirkelvormige bewegingen om het exfoli\u00ebrende effect te stimuleren, spoel vervolgens grondig uit en was het haar.<\/span>[\/vc_column_text][\/vc_column_inner][\/vc_row_inner][vc_row_inner el_id=&#8221;mobile&#8221;][vc_column_inner width=&#8221;1\/2&#8243; offset=&#8221;vc_hidden-lg vc_hidden-md vc_hidden-sm&#8221;][vc_column_text css=&#8221;&#8221;]<\/p>\n<h1><b>Waarom je het geweldig zult vinden<\/b><\/h1>\n<ul>\n<li style=\"font-weight: 400;\" aria-level=\"1\"><span style=\"font-weight: 400;\">Onzuiverheden en dode huidcellen van de hoofdhuid verwijdert.<\/span><\/li>\n<li style=\"font-weight: 400;\" aria-level=\"1\"><span style=\"font-weight: 400;\">Een aangenaam gevoel van frisheid en lichtheid geeft.<\/span><\/li>\n<li style=\"font-weight: 400;\" aria-level=\"1\"><span style=\"font-weight: 400;\">Helpt de vette en met roos belaste hoofdhuid te herstellen.<\/span><\/li>\n<li style=\"font-weight: 400;\" aria-level=\"1\"><span style=\"font-weight: 400;\">De effectiviteit van de Depurize Normaliserende Shampoo versterkt.<\/span><\/li>\n<\/ul>\n<p>[\/vc_column_text][vc_column_text]<\/p>\n<h1><b>De actieve ingredi\u00ebnten in de formule<\/b><\/h1>\n<ul>\n<li><span style=\"font-weight: 400;\">Wilgenextract: is vooral rijk aan flavono\u00efden en salicylzuurglucosiden, en heeft een zuiverende, pijnstillende, koortswerende en ontstekingsremmende eigenschappen<\/span><\/li>\n<li><span style=\"font-weight: 400;\">Theeboomolie: bevat waardevolle nuttige, desinfecterende, antibacteri\u00eble, helende en antimicrobi\u00eble eigenschappen<\/span><\/li>\n<\/ul>\n<p>[\/vc_column_text][vc_column_text css=&#8221;&#8221;]<\/p>\n<h1><b>Gebruik<\/b><\/h1>\n<p><span style=\"font-weight: 400;\">Breng de Depurize Normaliserende Scrub rechtstreeks aan op de hoofdhuid v\u00f3\u00f3r het gebruik van de Depurize Normaliserende Shampoo. Masseer zachtjes met cirkelvormige bewegingen om het exfoli\u00ebrende effect te stimuleren, spoel vervolgens grondig uit en was het haar.<\/span>[\/vc_column_text][\/vc_column_inner][vc_column_inner width=&#8221;1\/2&#8243; css=&#8221;.vc_custom_1592818920359{background-color: #008074 !important;background-position: center !important;background-repeat: no-repeat !important;background-size: cover !important;}&#8221; offset=&#8221;vc_hidden-lg vc_hidden-md vc_hidden-sm&#8221;][vc_single_image image=&#8221;16085&#8243; img_size=&#8221;large&#8221; alignment=&#8221;center&#8221; css=&#8221;&#8221;][\/vc_column_inner][\/vc_row_inner][\/vc_column][\/vc_row][vc_row css=&#8221;.vc_custom_1582192829011{padding-top: 50px !important;}&#8221;][vc_column][vc_row_inner][vc_column_inner][vc_column_text]<\/p>\n<h1 style=\"text-align: center;\">Dit vind je misschien ook leuk<\/h1>\n<p>[\/vc_column_text][\/vc_column_inner][\/vc_row_inner][vc_raw_html]W3dwYi1wcm9kdWN0LXNsaWRlci1zaG9ydGNvZGUgaWQ9IjIzMyJd[\/vc_raw_html][\/vc_column][\/vc_row]<\/p>\n<\/div>","protected":false},"excerpt":{"rendered":"<p><span style=\"font-weight: 400;\">De Depurize Normaliserende Scrub is de ideale behandeling voor wie een schone en evenwichtige hoofdhuid wil. De formule combineert een zuiverende werking met een milde exfoliatie, helpt onzuiverheden, dode huidcellen en roos te verwijderen. Na gebruik voelt de hoofdhuid langdurig fris en licht aan.<\/span><span style=\"font-weight: 400;\"><br \/>\n<\/span><\/p>\n<p><span style=\"font-weight: 400;\">150 ml<\/span><\/p>\n<p>&nbsp;<\/p>\n[maxbutton id=\"9\"]\n<p>&nbsp;<\/p>\n","protected":false},"featured_media":16127,"template":"","meta":[],"product_brand":[],"product_cat":[1288],"product_tag":[],"class_list":{"0":"post-16038","1":"product","2":"type-product","3":"status-publish","4":"has-post-thumbnail","6":"product_cat-depurize-vette-hoofdhuid","7":"description-off","9":"first","10":"instock","11":"shipping-taxable","12":"product-type-simple"},"yoast_head":"<!-- This site is optimized with the Yoast SEO plugin v27.2 - https:\/\/yoast.com\/product\/yoast-seo-wordpress\/ -->\n<title>Depurize \u2013 Normaliserende Scrub Voor Vette Hoofdhuid En Roos<\/title>\n<meta name=\"description\" content=\"De Depurize Normaliserende Scrub is de ideale behandeling voor wie een schone en evenwichtige hoofdhuid wil.\" \/>\n<meta name=\"robots\" content=\"index, follow, max-snippet:-1, max-image-preview:large, max-video-preview:-1\" \/>\n<link rel=\"canonical\" href=\"https:\/\/paulrivera.it\/nl\/prodotti\/behandelingen\/depurize-vette-hoofdhuid\/depurize-normaliserende-scrub-voor-vette-hoofdhuid-en-roos\/\" \/>\n<meta property=\"og:locale\" content=\"nl_NL\" \/>\n<meta property=\"og:type\" content=\"article\" \/>\n<meta property=\"og:title\" content=\"Depurize \u2013 Normaliserende Scrub Voor Vette Hoofdhuid En Roos\" \/>\n<meta property=\"og:description\" content=\"De Depurize Normaliserende Scrub is de ideale behandeling voor wie een schone en evenwichtige hoofdhuid wil.\" \/>\n<meta property=\"og:url\" content=\"https:\/\/paulrivera.it\/nl\/prodotti\/behandelingen\/depurize-vette-hoofdhuid\/depurize-normaliserende-scrub-voor-vette-hoofdhuid-en-roos\/\" \/>\n<meta property=\"og:site_name\" content=\"Paul Rivera\" \/>\n<meta property=\"article:modified_time\" content=\"2025-10-30T11:13:24+00:00\" \/>\n<meta property=\"og:image\" content=\"https:\/\/paulrivera.it\/wp-content\/uploads\/2025\/10\/605191-paul-rivera-depurize-scrub-150ml.png\" \/>\n\t<meta property=\"og:image:width\" content=\"800\" \/>\n\t<meta property=\"og:image:height\" content=\"800\" \/>\n\t<meta property=\"og:image:type\" content=\"image\/png\" \/>\n<meta name=\"twitter:card\" content=\"summary_large_image\" \/>\n<meta name=\"twitter:label1\" content=\"Est. reading time\" \/>\n\t<meta name=\"twitter:data1\" content=\"3 minuut\" \/>\n<script type=\"application\/ld+json\" class=\"yoast-schema-graph\">{\"@context\":\"https:\/\/schema.org\",\"@graph\":[{\"@type\":\"WebPage\",\"@id\":\"https:\/\/paulrivera.it\/nl\/prodotti\/behandelingen\/depurize-vette-hoofdhuid\/depurize-normaliserende-scrub-voor-vette-hoofdhuid-en-roos\/\",\"url\":\"https:\/\/paulrivera.it\/nl\/prodotti\/behandelingen\/depurize-vette-hoofdhuid\/depurize-normaliserende-scrub-voor-vette-hoofdhuid-en-roos\/\",\"name\":\"Depurize \u2013 Normaliserende Scrub Voor Vette Hoofdhuid En Roos\",\"isPartOf\":{\"@id\":\"https:\/\/paulrivera.it\/nl\/#website\"},\"primaryImageOfPage\":{\"@id\":\"https:\/\/paulrivera.it\/nl\/prodotti\/behandelingen\/depurize-vette-hoofdhuid\/depurize-normaliserende-scrub-voor-vette-hoofdhuid-en-roos\/#primaryimage\"},\"image\":{\"@id\":\"https:\/\/paulrivera.it\/nl\/prodotti\/behandelingen\/depurize-vette-hoofdhuid\/depurize-normaliserende-scrub-voor-vette-hoofdhuid-en-roos\/#primaryimage\"},\"thumbnailUrl\":\"https:\/\/paulrivera.it\/wp-content\/uploads\/2025\/10\/605191-paul-rivera-depurize-scrub-150ml.png\",\"datePublished\":\"2025-10-29T13:26:43+00:00\",\"dateModified\":\"2025-10-30T11:13:24+00:00\",\"description\":\"De Depurize Normaliserende Scrub is de ideale behandeling voor wie een schone en evenwichtige hoofdhuid wil.\",\"breadcrumb\":{\"@id\":\"https:\/\/paulrivera.it\/nl\/prodotti\/behandelingen\/depurize-vette-hoofdhuid\/depurize-normaliserende-scrub-voor-vette-hoofdhuid-en-roos\/#breadcrumb\"},\"inLanguage\":\"nl-NL\",\"potentialAction\":[{\"@type\":\"ReadAction\",\"target\":[\"https:\/\/paulrivera.it\/nl\/prodotti\/behandelingen\/depurize-vette-hoofdhuid\/depurize-normaliserende-scrub-voor-vette-hoofdhuid-en-roos\/\"]}]},{\"@type\":\"ImageObject\",\"inLanguage\":\"nl-NL\",\"@id\":\"https:\/\/paulrivera.it\/nl\/prodotti\/behandelingen\/depurize-vette-hoofdhuid\/depurize-normaliserende-scrub-voor-vette-hoofdhuid-en-roos\/#primaryimage\",\"url\":\"https:\/\/paulrivera.it\/wp-content\/uploads\/2025\/10\/605191-paul-rivera-depurize-scrub-150ml.png\",\"contentUrl\":\"https:\/\/paulrivera.it\/wp-content\/uploads\/2025\/10\/605191-paul-rivera-depurize-scrub-150ml.png\",\"width\":800,\"height\":800},{\"@type\":\"BreadcrumbList\",\"@id\":\"https:\/\/paulrivera.it\/nl\/prodotti\/behandelingen\/depurize-vette-hoofdhuid\/depurize-normaliserende-scrub-voor-vette-hoofdhuid-en-roos\/#breadcrumb\",\"itemListElement\":[{\"@type\":\"ListItem\",\"position\":1,\"name\":\"Home\",\"item\":\"https:\/\/paulrivera.it\/nl\/\"},{\"@type\":\"ListItem\",\"position\":2,\"name\":\"Pagina shop\",\"item\":\"https:\/\/paulrivera.it\/prodotti\/\"},{\"@type\":\"ListItem\",\"position\":3,\"name\":\"Depurize \u2013 Normaliserende Scrub Voor Vette Hoofdhuid En Roos\"}]},{\"@type\":\"WebSite\",\"@id\":\"https:\/\/paulrivera.it\/nl\/#website\",\"url\":\"https:\/\/paulrivera.it\/nl\/\",\"name\":\"Paul Rivera\",\"description\":\"Hair Beauty Celebration\",\"publisher\":{\"@id\":\"https:\/\/paulrivera.it\/nl\/#organization\"},\"potentialAction\":[{\"@type\":\"SearchAction\",\"target\":{\"@type\":\"EntryPoint\",\"urlTemplate\":\"https:\/\/paulrivera.it\/nl\/?s={search_term_string}\"},\"query-input\":{\"@type\":\"PropertyValueSpecification\",\"valueRequired\":true,\"valueName\":\"search_term_string\"}}],\"inLanguage\":\"nl-NL\"},{\"@type\":\"Organization\",\"@id\":\"https:\/\/paulrivera.it\/nl\/#organization\",\"name\":\"Paul Rivera\",\"url\":\"https:\/\/paulrivera.it\/nl\/\",\"logo\":{\"@type\":\"ImageObject\",\"inLanguage\":\"nl-NL\",\"@id\":\"https:\/\/paulrivera.it\/nl\/#\/schema\/logo\/image\/\",\"url\":\"https:\/\/paulrivera.it\/wp-content\/uploads\/2020\/02\/paul_rivera_logo_header_x2.png\",\"contentUrl\":\"https:\/\/paulrivera.it\/wp-content\/uploads\/2020\/02\/paul_rivera_logo_header_x2.png\",\"width\":470,\"height\":60,\"caption\":\"Paul Rivera\"},\"image\":{\"@id\":\"https:\/\/paulrivera.it\/nl\/#\/schema\/logo\/image\/\"}}]}<\/script>\n<!-- \/ Yoast SEO plugin. -->","yoast_head_json":{"title":"Depurize \u2013 Normaliserende Scrub Voor Vette Hoofdhuid En Roos","description":"De Depurize Normaliserende Scrub is de ideale behandeling voor wie een schone en evenwichtige hoofdhuid wil.","robots":{"index":"index","follow":"follow","max-snippet":"max-snippet:-1","max-image-preview":"max-image-preview:large","max-video-preview":"max-video-preview:-1"},"canonical":"https:\/\/paulrivera.it\/nl\/prodotti\/behandelingen\/depurize-vette-hoofdhuid\/depurize-normaliserende-scrub-voor-vette-hoofdhuid-en-roos\/","og_locale":"nl_NL","og_type":"article","og_title":"Depurize \u2013 Normaliserende Scrub Voor Vette Hoofdhuid En Roos","og_description":"De Depurize Normaliserende Scrub is de ideale behandeling voor wie een schone en evenwichtige hoofdhuid wil.","og_url":"https:\/\/paulrivera.it\/nl\/prodotti\/behandelingen\/depurize-vette-hoofdhuid\/depurize-normaliserende-scrub-voor-vette-hoofdhuid-en-roos\/","og_site_name":"Paul Rivera","article_modified_time":"2025-10-30T11:13:24+00:00","og_image":[{"width":800,"height":800,"url":"https:\/\/paulrivera.it\/wp-content\/uploads\/2025\/10\/605191-paul-rivera-depurize-scrub-150ml.png","type":"image\/png"}],"twitter_card":"summary_large_image","twitter_misc":{"Est. reading time":"3 minuut"},"schema":{"@context":"https:\/\/schema.org","@graph":[{"@type":"WebPage","@id":"https:\/\/paulrivera.it\/nl\/prodotti\/behandelingen\/depurize-vette-hoofdhuid\/depurize-normaliserende-scrub-voor-vette-hoofdhuid-en-roos\/","url":"https:\/\/paulrivera.it\/nl\/prodotti\/behandelingen\/depurize-vette-hoofdhuid\/depurize-normaliserende-scrub-voor-vette-hoofdhuid-en-roos\/","name":"Depurize \u2013 Normaliserende Scrub Voor Vette Hoofdhuid En Roos","isPartOf":{"@id":"https:\/\/paulrivera.it\/nl\/#website"},"primaryImageOfPage":{"@id":"https:\/\/paulrivera.it\/nl\/prodotti\/behandelingen\/depurize-vette-hoofdhuid\/depurize-normaliserende-scrub-voor-vette-hoofdhuid-en-roos\/#primaryimage"},"image":{"@id":"https:\/\/paulrivera.it\/nl\/prodotti\/behandelingen\/depurize-vette-hoofdhuid\/depurize-normaliserende-scrub-voor-vette-hoofdhuid-en-roos\/#primaryimage"},"thumbnailUrl":"https:\/\/paulrivera.it\/wp-content\/uploads\/2025\/10\/605191-paul-rivera-depurize-scrub-150ml.png","datePublished":"2025-10-29T13:26:43+00:00","dateModified":"2025-10-30T11:13:24+00:00","description":"De Depurize Normaliserende Scrub is de ideale behandeling voor wie een schone en evenwichtige hoofdhuid wil.","breadcrumb":{"@id":"https:\/\/paulrivera.it\/nl\/prodotti\/behandelingen\/depurize-vette-hoofdhuid\/depurize-normaliserende-scrub-voor-vette-hoofdhuid-en-roos\/#breadcrumb"},"inLanguage":"nl-NL","potentialAction":[{"@type":"ReadAction","target":["https:\/\/paulrivera.it\/nl\/prodotti\/behandelingen\/depurize-vette-hoofdhuid\/depurize-normaliserende-scrub-voor-vette-hoofdhuid-en-roos\/"]}]},{"@type":"ImageObject","inLanguage":"nl-NL","@id":"https:\/\/paulrivera.it\/nl\/prodotti\/behandelingen\/depurize-vette-hoofdhuid\/depurize-normaliserende-scrub-voor-vette-hoofdhuid-en-roos\/#primaryimage","url":"https:\/\/paulrivera.it\/wp-content\/uploads\/2025\/10\/605191-paul-rivera-depurize-scrub-150ml.png","contentUrl":"https:\/\/paulrivera.it\/wp-content\/uploads\/2025\/10\/605191-paul-rivera-depurize-scrub-150ml.png","width":800,"height":800},{"@type":"BreadcrumbList","@id":"https:\/\/paulrivera.it\/nl\/prodotti\/behandelingen\/depurize-vette-hoofdhuid\/depurize-normaliserende-scrub-voor-vette-hoofdhuid-en-roos\/#breadcrumb","itemListElement":[{"@type":"ListItem","position":1,"name":"Home","item":"https:\/\/paulrivera.it\/nl\/"},{"@type":"ListItem","position":2,"name":"Pagina shop","item":"https:\/\/paulrivera.it\/prodotti\/"},{"@type":"ListItem","position":3,"name":"Depurize \u2013 Normaliserende Scrub Voor Vette Hoofdhuid En Roos"}]},{"@type":"WebSite","@id":"https:\/\/paulrivera.it\/nl\/#website","url":"https:\/\/paulrivera.it\/nl\/","name":"Paul Rivera","description":"Hair Beauty Celebration","publisher":{"@id":"https:\/\/paulrivera.it\/nl\/#organization"},"potentialAction":[{"@type":"SearchAction","target":{"@type":"EntryPoint","urlTemplate":"https:\/\/paulrivera.it\/nl\/?s={search_term_string}"},"query-input":{"@type":"PropertyValueSpecification","valueRequired":true,"valueName":"search_term_string"}}],"inLanguage":"nl-NL"},{"@type":"Organization","@id":"https:\/\/paulrivera.it\/nl\/#organization","name":"Paul Rivera","url":"https:\/\/paulrivera.it\/nl\/","logo":{"@type":"ImageObject","inLanguage":"nl-NL","@id":"https:\/\/paulrivera.it\/nl\/#\/schema\/logo\/image\/","url":"https:\/\/paulrivera.it\/wp-content\/uploads\/2020\/02\/paul_rivera_logo_header_x2.png","contentUrl":"https:\/\/paulrivera.it\/wp-content\/uploads\/2020\/02\/paul_rivera_logo_header_x2.png","width":470,"height":60,"caption":"Paul Rivera"},"image":{"@id":"https:\/\/paulrivera.it\/nl\/#\/schema\/logo\/image\/"}}]}},"_links":{"self":[{"href":"https:\/\/paulrivera.it\/nl\/wp-json\/wp\/v2\/product\/16038","targetHints":{"allow":["GET"]}}],"collection":[{"href":"https:\/\/paulrivera.it\/nl\/wp-json\/wp\/v2\/product"}],"about":[{"href":"https:\/\/paulrivera.it\/nl\/wp-json\/wp\/v2\/types\/product"}],"wp:featuredmedia":[{"embeddable":true,"href":"https:\/\/paulrivera.it\/nl\/wp-json\/wp\/v2\/media\/16127"}],"wp:attachment":[{"href":"https:\/\/paulrivera.it\/nl\/wp-json\/wp\/v2\/media?parent=16038"}],"wp:term":[{"taxonomy":"product_brand","embeddable":true,"href":"https:\/\/paulrivera.it\/nl\/wp-json\/wp\/v2\/product_brand?post=16038"},{"taxonomy":"product_cat","embeddable":true,"href":"https:\/\/paulrivera.it\/nl\/wp-json\/wp\/v2\/product_cat?post=16038"},{"taxonomy":"product_tag","embeddable":true,"href":"https:\/\/paulrivera.it\/nl\/wp-json\/wp\/v2\/product_tag?post=16038"}],"curies":[{"name":"wp","href":"https:\/\/api.w.org\/{rel}","templated":true}]}}