{"id":9114,"date":"2020-02-18T09:51:48","date_gmt":"2020-02-18T08:51:48","guid":{"rendered":"https:\/\/paulrivera.it\/product\/be-loved-tweefasige-lotion\/"},"modified":"2024-05-13T11:28:28","modified_gmt":"2024-05-13T09:28:28","slug":"be-loved-tweefasige-lotion","status":"publish","type":"product","link":"https:\/\/paulrivera.it\/nl\/prodotti\/finish-styling-nl\/be-loved-tweefasige-lotion\/","title":{"rendered":"Be-Loved &#8211; Tweefasige lotion"},"content":{"rendered":"<div class=\"wpb-content-wrapper\"><p>[vc_row full_width=&#8221;stretch_row&#8221;][vc_column][vc_row_inner el_id=&#8221;desktop&#8221;][vc_column_inner width=&#8221;1\/2&#8243; css=&#8221;.vc_custom_1582194227194{padding-top: 10% !important;padding-right: 10% !important;padding-bottom: 10% !important;padding-left: 30% !important;}&#8221; offset=&#8221;vc_hidden-md vc_hidden-sm vc_hidden-xs&#8221;][vc_column_text]<\/p>\n<h1><b>Waarom je het geweldig zult vinden<\/b><\/h1>\n<ul>\n<li><span style=\"font-weight: 400;\">Verwijdert pluis<\/span><\/li>\n<li><span style=\"font-weight: 400;\">Beschermt tegen de hitte van hittetools<\/span><\/li>\n<li><span style=\"font-weight: 400;\">Voorkomt gespleten haarpunten<\/span><\/li>\n<\/ul>\n<p>[\/vc_column_text][vc_column_text]<\/p>\n<h1><b>De actieve ingredi\u00ebnten in de formule<\/b><\/h1>\n<ul>\n<li><span style=\"font-weight: 400;\">Guarana-extract: heeft energiegevende, stimulerende en verkwikkende eigenschappen die een antioxiderende en revitaliserende werking hebben op het haar.<\/span><\/li>\n<li><span style=\"font-weight: 400;\">Quinoa: rijk aan mineralen, vitamine E, prote\u00efne, lysine, vitamine C, essenti\u00eble aminozuren en vitamine B2. Dit superfood voedt, hydrateert en cre\u00ebert een onzichtbare sluier over het haar om het te beschermen tegen schadelijke factoren.<\/span><\/li>\n<\/ul>\n<p>[\/vc_column_text][vc_column_text]<\/p>\n<h1><b>Gebruik<\/b><\/h1>\n<p><span style=\"font-weight: 400;\">Spray de tweefasige spray op handdoekdroog haar en style het haar. Niet uitspoelen.<\/span>[\/vc_column_text][\/vc_column_inner][vc_column_inner width=&#8221;1\/2&#8243; css=&#8221;.vc_custom_1582888906947{background-image: url(https:\/\/paulrivera.it\/wp-content\/uploads\/2020\/02\/background_adv_produc_beloved.png?id=921) !important;background-position: center !important;background-repeat: no-repeat !important;background-size: cover !important;}&#8221; offset=&#8221;vc_hidden-md vc_hidden-sm vc_hidden-xs&#8221;][vc_single_image image=&#8221;8214&#8243; img_size=&#8221;large&#8221; alignment=&#8221;center&#8221;][\/vc_column_inner][\/vc_row_inner][vc_row_inner el_id=&#8221;tablet&#8221;][vc_column_inner offset=&#8221;vc_hidden-lg vc_hidden-xs&#8221;][vc_column_text]<\/p>\n<h1><b>Waarom je het geweldig zult vinden<\/b><\/h1>\n<ul>\n<li><span style=\"font-weight: 400;\">Verwijdert pluis<\/span><\/li>\n<li><span style=\"font-weight: 400;\">Beschermt tegen de hitte van hittetools<\/span><\/li>\n<li><span style=\"font-weight: 400;\">Voorkomt gespleten haarpunten<\/span><\/li>\n<\/ul>\n<p>[\/vc_column_text][vc_column_text]<\/p>\n<h1><b>De actieve ingredi\u00ebnten in de formule<\/b><\/h1>\n<ul>\n<li><span style=\"font-weight: 400;\">Guarana-extract: heeft energiegevende, stimulerende en verkwikkende eigenschappen die een antioxiderende en revitaliserende werking hebben op het haar.<\/span><\/li>\n<li><span style=\"font-weight: 400;\">Quinoa: rijk aan mineralen, vitamine E, prote\u00efne, lysine, vitamine C, essenti\u00eble aminozuren en vitamine B2. Dit superfood voedt, hydrateert en cre\u00ebert een onzichtbare sluier over het haar om het te beschermen tegen schadelijke factoren.<\/span><\/li>\n<\/ul>\n<p>[\/vc_column_text][vc_column_text]<\/p>\n<h1><b>Gebruik<\/b><\/h1>\n<p><span style=\"font-weight: 400;\">Spray de tweefasige spray op handdoekdroog haar en style het haar. Niet uitspoelen.<\/span>[\/vc_column_text][\/vc_column_inner][\/vc_row_inner][vc_row_inner el_id=&#8221;mobile&#8221;][vc_column_inner width=&#8221;1\/2&#8243; offset=&#8221;vc_hidden-lg vc_hidden-md vc_hidden-sm&#8221;][vc_column_text]<\/p>\n<h1><b>Waarom je het geweldig zult vinden<\/b><\/h1>\n<ul>\n<li><span style=\"font-weight: 400;\">Verwijdert pluis<\/span><\/li>\n<li><span style=\"font-weight: 400;\">Beschermt tegen de hitte van hittetools<\/span><\/li>\n<li><span style=\"font-weight: 400;\">Voorkomt gespleten haarpunten<\/span><\/li>\n<\/ul>\n<p>[\/vc_column_text][vc_column_text]<\/p>\n<h1><b>De actieve ingredi\u00ebnten in de formule<\/b><\/h1>\n<ul>\n<li><span style=\"font-weight: 400;\">Guarana-extract: heeft energiegevende, stimulerende en verkwikkende eigenschappen die een antioxiderende en revitaliserende werking hebben op het haar.<\/span><\/li>\n<li><span style=\"font-weight: 400;\">Quinoa: rijk aan mineralen, vitamine E, prote\u00efne, lysine, vitamine C, essenti\u00eble aminozuren en vitamine B2. Dit superfood voedt, hydrateert en cre\u00ebert een onzichtbare sluier over het haar om het te beschermen tegen schadelijke factoren.<\/span><\/li>\n<\/ul>\n<p>[\/vc_column_text][vc_column_text]<\/p>\n<h1><b>Gebruik<\/b><\/h1>\n<p><span style=\"font-weight: 400;\">Spray de tweefasige spray op handdoekdroog haar en style het haar. Niet uitspoelen.<\/span>[\/vc_column_text][\/vc_column_inner][vc_column_inner width=&#8221;1\/2&#8243; css=&#8221;.vc_custom_1582888927220{background-image: url(https:\/\/paulrivera.it\/wp-content\/uploads\/2020\/02\/background_adv_produc_beloved.png?id=921) !important;background-position: center !important;background-repeat: no-repeat !important;background-size: cover !important;}&#8221; offset=&#8221;vc_hidden-lg vc_hidden-md vc_hidden-sm&#8221;][vc_single_image image=&#8221;8214&#8243; img_size=&#8221;large&#8221; alignment=&#8221;center&#8221;][\/vc_column_inner][\/vc_row_inner][\/vc_column][\/vc_row][vc_row css=&#8221;.vc_custom_1582192829011{padding-top: 50px !important;}&#8221;][vc_column][vc_row_inner][vc_column_inner][vc_column_text]<\/p>\n<h1 style=\"text-align: center;\">Dit vind je misschien ook leuk<\/h1>\n<p>[\/vc_column_text][\/vc_column_inner][\/vc_row_inner][vc_raw_html]W3dwYi1wcm9kdWN0LXNsaWRlci1zaG9ydGNvZGUgaWQ9IjE3NCJd[\/vc_raw_html][\/vc_column][\/vc_row]<\/p>\n<\/div>","protected":false},"excerpt":{"rendered":"<p><span style=\"font-weight: 400;\">Bescherm en ontwar het haar met \u00e9\u00e9n spray. De <\/span><b>Be-Loved<\/b> <b>tweefasige lotion<\/b> <span style=\"font-weight: 400;\">is de ideale spray voor wie een veelzijdig haarverzorgingsproduct wil. Spray met dit product om <\/span><b>pluis tegen te gaan en het haar te beschermen tegen de hitte <\/b><span style=\"font-weight: 400;\">van stijltangen en f\u00f6hns. Gespleten haarpunten zijn nu verleden tijd.<\/span><\/p>\n<p><span style=\"font-weight: 400;\">\u00a0<\/span><\/p>\n<p><span style=\"font-weight: 400;\">Het heeft een ultravoedende en hydraterende formule die verrijkt is met <\/span><b>guarana-extract en quinoa<\/b><span style=\"font-weight: 400;\">. Deze ingredi\u00ebnten revitaliseren het haar met verzorgende en temmende eigenschappen. Je hoeft deze tweefasige lotion niet te laten inwerken of uit te spoelen. Het is ideaal als <\/span><b>gebruiksklaar product<\/b><span style=\"font-weight: 400;\"> en om het kapsel op te frissen.<\/span><\/p>\n<p><span style=\"font-weight: 400;\">\u00a0<\/span><\/p>\n<p><span style=\"font-weight: 400;\">200 ml<\/span><\/p>\n<p>&nbsp;<\/p>\n[maxbutton id=\"9\"]\n","protected":false},"featured_media":7803,"template":"","meta":[],"product_brand":[],"product_cat":[1279],"product_tag":[],"class_list":{"0":"post-9114","1":"product","2":"type-product","3":"status-publish","4":"has-post-thumbnail","6":"product_cat-finish-styling-nl","7":"description-off","9":"first","10":"instock","11":"shipping-taxable","12":"product-type-simple"},"yoast_head":"<!-- This site is optimized with the Yoast SEO plugin v27.2 - https:\/\/yoast.com\/product\/yoast-seo-wordpress\/ -->\n<title>Be-Loved - Tweefasige lotion | Paul Rivera<\/title>\n<meta name=\"description\" content=\"Bescherm en ontwar het haar met \u00e9\u00e9n spray. De Be-Loved tweefasige lotion is de ideale spray voor wie een veelzijdig haarverzorgingsproduct wil.\" \/>\n<meta name=\"robots\" content=\"index, follow, max-snippet:-1, max-image-preview:large, max-video-preview:-1\" \/>\n<link rel=\"canonical\" href=\"https:\/\/paulrivera.it\/nl\/prodotti\/finish-styling-nl\/be-loved-tweefasige-lotion\/\" \/>\n<meta property=\"og:locale\" content=\"nl_NL\" \/>\n<meta property=\"og:type\" content=\"article\" \/>\n<meta property=\"og:title\" content=\"Be-Loved - Tweefasige lotion | Paul Rivera\" \/>\n<meta property=\"og:description\" content=\"Bescherm en ontwar het haar met \u00e9\u00e9n spray. De Be-Loved tweefasige lotion is de ideale spray voor wie een veelzijdig haarverzorgingsproduct wil.\" \/>\n<meta property=\"og:url\" content=\"https:\/\/paulrivera.it\/nl\/prodotti\/finish-styling-nl\/be-loved-tweefasige-lotion\/\" \/>\n<meta property=\"og:site_name\" content=\"Paul Rivera\" \/>\n<meta property=\"article:modified_time\" content=\"2024-05-13T09:28:28+00:00\" \/>\n<meta property=\"og:image\" content=\"https:\/\/paulrivera.it\/wp-content\/uploads\/2020\/02\/606082_paul_rivera_be_loved_two_phase_lotion_200ml.png\" \/>\n\t<meta property=\"og:image:width\" content=\"800\" \/>\n\t<meta property=\"og:image:height\" content=\"800\" \/>\n\t<meta property=\"og:image:type\" content=\"image\/png\" \/>\n<meta name=\"twitter:card\" content=\"summary_large_image\" \/>\n<meta name=\"twitter:label1\" content=\"Est. reading time\" \/>\n\t<meta name=\"twitter:data1\" content=\"3 minuut\" \/>\n<script type=\"application\/ld+json\" class=\"yoast-schema-graph\">{\"@context\":\"https:\/\/schema.org\",\"@graph\":[{\"@type\":\"WebPage\",\"@id\":\"https:\/\/paulrivera.it\/nl\/prodotti\/finish-styling-nl\/be-loved-tweefasige-lotion\/\",\"url\":\"https:\/\/paulrivera.it\/nl\/prodotti\/finish-styling-nl\/be-loved-tweefasige-lotion\/\",\"name\":\"Be-Loved - Tweefasige lotion | Paul Rivera\",\"isPartOf\":{\"@id\":\"https:\/\/paulrivera.it\/nl\/#website\"},\"primaryImageOfPage\":{\"@id\":\"https:\/\/paulrivera.it\/nl\/prodotti\/finish-styling-nl\/be-loved-tweefasige-lotion\/#primaryimage\"},\"image\":{\"@id\":\"https:\/\/paulrivera.it\/nl\/prodotti\/finish-styling-nl\/be-loved-tweefasige-lotion\/#primaryimage\"},\"thumbnailUrl\":\"https:\/\/paulrivera.it\/wp-content\/uploads\/2020\/02\/606082_paul_rivera_be_loved_two_phase_lotion_200ml.png\",\"datePublished\":\"2020-02-18T08:51:48+00:00\",\"dateModified\":\"2024-05-13T09:28:28+00:00\",\"description\":\"Bescherm en ontwar het haar met \u00e9\u00e9n spray. De Be-Loved tweefasige lotion is de ideale spray voor wie een veelzijdig haarverzorgingsproduct wil.\",\"breadcrumb\":{\"@id\":\"https:\/\/paulrivera.it\/nl\/prodotti\/finish-styling-nl\/be-loved-tweefasige-lotion\/#breadcrumb\"},\"inLanguage\":\"nl-NL\",\"potentialAction\":[{\"@type\":\"ReadAction\",\"target\":[\"https:\/\/paulrivera.it\/nl\/prodotti\/finish-styling-nl\/be-loved-tweefasige-lotion\/\"]}]},{\"@type\":\"ImageObject\",\"inLanguage\":\"nl-NL\",\"@id\":\"https:\/\/paulrivera.it\/nl\/prodotti\/finish-styling-nl\/be-loved-tweefasige-lotion\/#primaryimage\",\"url\":\"https:\/\/paulrivera.it\/wp-content\/uploads\/2020\/02\/606082_paul_rivera_be_loved_two_phase_lotion_200ml.png\",\"contentUrl\":\"https:\/\/paulrivera.it\/wp-content\/uploads\/2020\/02\/606082_paul_rivera_be_loved_two_phase_lotion_200ml.png\",\"width\":800,\"height\":800,\"caption\":\"Be-Loved - Tweefasige lotion\"},{\"@type\":\"BreadcrumbList\",\"@id\":\"https:\/\/paulrivera.it\/nl\/prodotti\/finish-styling-nl\/be-loved-tweefasige-lotion\/#breadcrumb\",\"itemListElement\":[{\"@type\":\"ListItem\",\"position\":1,\"name\":\"Home\",\"item\":\"https:\/\/paulrivera.it\/nl\/\"},{\"@type\":\"ListItem\",\"position\":2,\"name\":\"Pagina shop\",\"item\":\"https:\/\/paulrivera.it\/prodotti\/\"},{\"@type\":\"ListItem\",\"position\":3,\"name\":\"Be-Loved &#8211; Tweefasige lotion\"}]},{\"@type\":\"WebSite\",\"@id\":\"https:\/\/paulrivera.it\/nl\/#website\",\"url\":\"https:\/\/paulrivera.it\/nl\/\",\"name\":\"Paul Rivera\",\"description\":\"Hair Beauty Celebration\",\"publisher\":{\"@id\":\"https:\/\/paulrivera.it\/nl\/#organization\"},\"potentialAction\":[{\"@type\":\"SearchAction\",\"target\":{\"@type\":\"EntryPoint\",\"urlTemplate\":\"https:\/\/paulrivera.it\/nl\/?s={search_term_string}\"},\"query-input\":{\"@type\":\"PropertyValueSpecification\",\"valueRequired\":true,\"valueName\":\"search_term_string\"}}],\"inLanguage\":\"nl-NL\"},{\"@type\":\"Organization\",\"@id\":\"https:\/\/paulrivera.it\/nl\/#organization\",\"name\":\"Paul Rivera\",\"url\":\"https:\/\/paulrivera.it\/nl\/\",\"logo\":{\"@type\":\"ImageObject\",\"inLanguage\":\"nl-NL\",\"@id\":\"https:\/\/paulrivera.it\/nl\/#\/schema\/logo\/image\/\",\"url\":\"https:\/\/paulrivera.it\/wp-content\/uploads\/2020\/02\/paul_rivera_logo_header_x2.png\",\"contentUrl\":\"https:\/\/paulrivera.it\/wp-content\/uploads\/2020\/02\/paul_rivera_logo_header_x2.png\",\"width\":470,\"height\":60,\"caption\":\"Paul Rivera\"},\"image\":{\"@id\":\"https:\/\/paulrivera.it\/nl\/#\/schema\/logo\/image\/\"}}]}<\/script>\n<!-- \/ Yoast SEO plugin. -->","yoast_head_json":{"title":"Be-Loved - Tweefasige lotion | Paul Rivera","description":"Bescherm en ontwar het haar met \u00e9\u00e9n spray. De Be-Loved tweefasige lotion is de ideale spray voor wie een veelzijdig haarverzorgingsproduct wil.","robots":{"index":"index","follow":"follow","max-snippet":"max-snippet:-1","max-image-preview":"max-image-preview:large","max-video-preview":"max-video-preview:-1"},"canonical":"https:\/\/paulrivera.it\/nl\/prodotti\/finish-styling-nl\/be-loved-tweefasige-lotion\/","og_locale":"nl_NL","og_type":"article","og_title":"Be-Loved - Tweefasige lotion | Paul Rivera","og_description":"Bescherm en ontwar het haar met \u00e9\u00e9n spray. De Be-Loved tweefasige lotion is de ideale spray voor wie een veelzijdig haarverzorgingsproduct wil.","og_url":"https:\/\/paulrivera.it\/nl\/prodotti\/finish-styling-nl\/be-loved-tweefasige-lotion\/","og_site_name":"Paul Rivera","article_modified_time":"2024-05-13T09:28:28+00:00","og_image":[{"width":800,"height":800,"url":"https:\/\/paulrivera.it\/wp-content\/uploads\/2020\/02\/606082_paul_rivera_be_loved_two_phase_lotion_200ml.png","type":"image\/png"}],"twitter_card":"summary_large_image","twitter_misc":{"Est. reading time":"3 minuut"},"schema":{"@context":"https:\/\/schema.org","@graph":[{"@type":"WebPage","@id":"https:\/\/paulrivera.it\/nl\/prodotti\/finish-styling-nl\/be-loved-tweefasige-lotion\/","url":"https:\/\/paulrivera.it\/nl\/prodotti\/finish-styling-nl\/be-loved-tweefasige-lotion\/","name":"Be-Loved - Tweefasige lotion | Paul Rivera","isPartOf":{"@id":"https:\/\/paulrivera.it\/nl\/#website"},"primaryImageOfPage":{"@id":"https:\/\/paulrivera.it\/nl\/prodotti\/finish-styling-nl\/be-loved-tweefasige-lotion\/#primaryimage"},"image":{"@id":"https:\/\/paulrivera.it\/nl\/prodotti\/finish-styling-nl\/be-loved-tweefasige-lotion\/#primaryimage"},"thumbnailUrl":"https:\/\/paulrivera.it\/wp-content\/uploads\/2020\/02\/606082_paul_rivera_be_loved_two_phase_lotion_200ml.png","datePublished":"2020-02-18T08:51:48+00:00","dateModified":"2024-05-13T09:28:28+00:00","description":"Bescherm en ontwar het haar met \u00e9\u00e9n spray. De Be-Loved tweefasige lotion is de ideale spray voor wie een veelzijdig haarverzorgingsproduct wil.","breadcrumb":{"@id":"https:\/\/paulrivera.it\/nl\/prodotti\/finish-styling-nl\/be-loved-tweefasige-lotion\/#breadcrumb"},"inLanguage":"nl-NL","potentialAction":[{"@type":"ReadAction","target":["https:\/\/paulrivera.it\/nl\/prodotti\/finish-styling-nl\/be-loved-tweefasige-lotion\/"]}]},{"@type":"ImageObject","inLanguage":"nl-NL","@id":"https:\/\/paulrivera.it\/nl\/prodotti\/finish-styling-nl\/be-loved-tweefasige-lotion\/#primaryimage","url":"https:\/\/paulrivera.it\/wp-content\/uploads\/2020\/02\/606082_paul_rivera_be_loved_two_phase_lotion_200ml.png","contentUrl":"https:\/\/paulrivera.it\/wp-content\/uploads\/2020\/02\/606082_paul_rivera_be_loved_two_phase_lotion_200ml.png","width":800,"height":800,"caption":"Be-Loved - Tweefasige lotion"},{"@type":"BreadcrumbList","@id":"https:\/\/paulrivera.it\/nl\/prodotti\/finish-styling-nl\/be-loved-tweefasige-lotion\/#breadcrumb","itemListElement":[{"@type":"ListItem","position":1,"name":"Home","item":"https:\/\/paulrivera.it\/nl\/"},{"@type":"ListItem","position":2,"name":"Pagina shop","item":"https:\/\/paulrivera.it\/prodotti\/"},{"@type":"ListItem","position":3,"name":"Be-Loved &#8211; Tweefasige lotion"}]},{"@type":"WebSite","@id":"https:\/\/paulrivera.it\/nl\/#website","url":"https:\/\/paulrivera.it\/nl\/","name":"Paul Rivera","description":"Hair Beauty Celebration","publisher":{"@id":"https:\/\/paulrivera.it\/nl\/#organization"},"potentialAction":[{"@type":"SearchAction","target":{"@type":"EntryPoint","urlTemplate":"https:\/\/paulrivera.it\/nl\/?s={search_term_string}"},"query-input":{"@type":"PropertyValueSpecification","valueRequired":true,"valueName":"search_term_string"}}],"inLanguage":"nl-NL"},{"@type":"Organization","@id":"https:\/\/paulrivera.it\/nl\/#organization","name":"Paul Rivera","url":"https:\/\/paulrivera.it\/nl\/","logo":{"@type":"ImageObject","inLanguage":"nl-NL","@id":"https:\/\/paulrivera.it\/nl\/#\/schema\/logo\/image\/","url":"https:\/\/paulrivera.it\/wp-content\/uploads\/2020\/02\/paul_rivera_logo_header_x2.png","contentUrl":"https:\/\/paulrivera.it\/wp-content\/uploads\/2020\/02\/paul_rivera_logo_header_x2.png","width":470,"height":60,"caption":"Paul Rivera"},"image":{"@id":"https:\/\/paulrivera.it\/nl\/#\/schema\/logo\/image\/"}}]}},"_links":{"self":[{"href":"https:\/\/paulrivera.it\/nl\/wp-json\/wp\/v2\/product\/9114","targetHints":{"allow":["GET"]}}],"collection":[{"href":"https:\/\/paulrivera.it\/nl\/wp-json\/wp\/v2\/product"}],"about":[{"href":"https:\/\/paulrivera.it\/nl\/wp-json\/wp\/v2\/types\/product"}],"wp:featuredmedia":[{"embeddable":true,"href":"https:\/\/paulrivera.it\/nl\/wp-json\/wp\/v2\/media\/7803"}],"wp:attachment":[{"href":"https:\/\/paulrivera.it\/nl\/wp-json\/wp\/v2\/media?parent=9114"}],"wp:term":[{"taxonomy":"product_brand","embeddable":true,"href":"https:\/\/paulrivera.it\/nl\/wp-json\/wp\/v2\/product_brand?post=9114"},{"taxonomy":"product_cat","embeddable":true,"href":"https:\/\/paulrivera.it\/nl\/wp-json\/wp\/v2\/product_cat?post=9114"},{"taxonomy":"product_tag","embeddable":true,"href":"https:\/\/paulrivera.it\/nl\/wp-json\/wp\/v2\/product_tag?post=9114"}],"curies":[{"name":"wp","href":"https:\/\/api.w.org\/{rel}","templated":true}]}}