{"id":3563,"date":"2021-10-08T12:29:03","date_gmt":"2021-10-08T10:29:03","guid":{"rendered":"https:\/\/paulrivera.it\/kontakt\/"},"modified":"2026-04-09T15:13:52","modified_gmt":"2026-04-09T13:13:52","slug":"kontakt","status":"publish","type":"page","link":"https:\/\/paulrivera.it\/pl\/kontakt\/","title":{"rendered":"Kontakt"},"content":{"rendered":"<div class=\"wpb-content-wrapper\"><p>[vc_row full_width=&#8221;stretch_row&#8221; css=&#8221;.vc_custom_1590737121889{background-image: url(https:\/\/paulrivera.it\/wp-content\/uploads\/2020\/05\/contatti_background.png?id=1242) !important;background-position: center !important;background-repeat: no-repeat !important;background-size: cover !important;}&#8221;][vc_column][vc_empty_space height=&#8221;100px&#8221;][vc_row_inner css=&#8221;.vc_custom_1590679843660{background-color: rgba(255,255,255,0.88) !important;*background-color: rgb(255,255,255) !important;}&#8221;][vc_column_inner width=&#8221;1\/2&#8243; css=&#8221;.vc_custom_1583244805020{padding-top: 20% !important;padding-bottom: 20% !important;padding-left: 20% !important;}&#8221; offset=&#8221;vc_hidden-md vc_hidden-sm vc_hidden-xs&#8221;][vc_column_text]<\/p>\n<p style=\"text-align: left;\"><span style=\"color: #333333; letter-spacing: 2px; font-family: Questrial; font-size: 25px;\">POTRZEBUJESZ POMOCY?<\/span><\/p>\n<p><span style=\"font-weight: 400;\">Je\u015bli chcia\u0142by\u015b uzyska\u0107 pomoc lub masz szczeg\u00f3\u0142owe pytania dotycz\u0105ce zakupu profesjonalnych produkt\u00f3w <\/span><span style=\"font-weight: 400;\">Paul Rivera<\/span><span style=\"font-weight: 400;\">, mo\u017cesz w prosty spos\u00f3b skontaktowa\u0107 si\u0119 z naszym dzia\u0142em obs\u0142ugi klienta.<\/span>[\/vc_column_text][vc_column_text]<\/p>\n<h2><span style=\"color: #333333; letter-spacing: 2px; font-family: Questrial; font-size: 25px;\">DZIA\u0141 OBS\u0141UGI KLIENTA<\/span><\/h2>\n<p>Skontaktuj si\u0119 z nami pod naszym bezp\u0142atnym numerem telefonu, wy\u015blij nam e-mail lub wype\u0142nij formularz. Nasz dzia\u0142 obs\u0142ugi klienta skontaktuje si\u0119 z Tob\u0105 tak szybko, jak to mo\u017cliwe.<\/p>\n<p><i class=\"fas fa-phone-alt\"><\/i> 800 273 708<br \/>\n<i class=\"far fa-envelope\"><\/i> <a href=\"mailto:info@paulrivera.it\">info@paulrivera.it<\/a>[\/vc_column_text][vc_column_text]<\/p>\n<h2><span style=\"color: #333333; letter-spacing: 2px; font-family: Questrial; font-size: 25px;\">ODKRYJ \u015aWIAT MARKI PAUL RIVERA<\/span><\/h2>\n<p>Paul Rivera to produkty szyte na miar\u0119, opracowane do tworzenia niepowtarzalnych do\u015bwiadcze\u0144, kt\u00f3re spe\u0142niaj\u0105 potrzeby fryzjer\u00f3w i klient\u00f3w.[\/vc_column_text][vc_column_text]<\/p>\n<p style=\"text-align: left;\"><img loading=\"lazy\" decoding=\"async\" class=\"wp-image-3565 alignleft\" src=\"https:\/\/paulrivera.it\/wp-content\/uploads\/2020\/03\/icon_download_catalog.png\" alt=\"\" width=\"30\" height=\"30\" srcset=\"https:\/\/paulrivera.it\/wp-content\/uploads\/2020\/03\/icon_download_catalog.png 40w, https:\/\/paulrivera.it\/wp-content\/uploads\/2020\/03\/icon_download_catalog-24x24.png 24w, https:\/\/paulrivera.it\/wp-content\/uploads\/2020\/03\/icon_download_catalog-36x36.png 36w\" sizes=\"auto, (max-width: 30px) 100vw, 30px\" \/><a href=\"https:\/\/comprof.it\/cataloghi\/paul_rivera\/paul_rivera_products_book.pdf\" target=\"_blank\" rel=\"noopener noreferrer\"><span style=\"font-weight: 400;\">Pobierz Katalog produkt\u00f3w<\/span><\/a><\/p>\n<p>[\/vc_column_text][\/vc_column_inner][vc_column_inner width=&#8221;1\/2&#8243; css=&#8221;.vc_custom_1583244809734{padding-top: 20% !important;padding-right: 20% !important;padding-bottom: 20% !important;}&#8221; offset=&#8221;vc_hidden-md vc_hidden-sm vc_hidden-xs&#8221;][vc_raw_html css=&#8221;&#8221;]JTNDJTIxLS0lMjBDdXN0b20lMjBGb3JtJTNBJTIwUGF1bCUyMFJpdmVyYSUyMFBMJTIwLS0lM0UlMEElM0NsaW5rJTIwcmVsJTNEJTIyc3R5bGVzaGVldCUyMiUyMGhyZWYlM0QlMjJodHRwcyUzQSUyRiUyRmhlbHBkZXNrLmNvbXByb2YuaXQlMkZhc3NldHMlMkZjdXN0b20tZm9ybSUyRmN1c3RvbS1mb3JtLmNzcyUyMiUzRSUwQSUzQ2RpdiUyMGlkJTNEJTIyY3VzdG9tLWZvcm0teU5vd0tpR2UlMjIlM0UlM0MlMkZkaXYlM0UlMEElM0NzY3JpcHQlMjBzcmMlM0QlMjJodHRwcyUzQSUyRiUyRmhlbHBkZXNrLmNvbXByb2YuaXQlMkZhc3NldHMlMkZjdXN0b20tZm9ybSUyRmN1c3RvbS1mb3JtLmpzJTIyJTNFJTNDJTJGc2NyaXB0JTNFJTBBJTNDc2NyaXB0JTNFJTBBJTIwJTIwWmFtbWFkQ3VzdG9tRm9ybS5pbml0JTI4JTdCJTBBJTIwJTIwJTIwJTIwZWwlM0ElMjAlMjAlMjAlMjAlMjAlMjAlMjclMjNjdXN0b20tZm9ybS15Tm93S2lHZSUyNyUyQyUwQSUyMCUyMCUyMCUyMHRva2VuJTNBJTIwJTIwJTIwJTI3eU5vd0tpR2VFUkRPcGV0NlU3Vl9VUkI1XzdfVXMwOHlLMEFkYUhoNmRQMDUxS1phXzdQMVg2cDBScWVNeTJOWSUyNyUyQyUwQSUyMCUyMCUyMCUyMGJhc2VVcmwlM0ElMjAlMjdodHRwcyUzQSUyRiUyRmhlbHBkZXNrLmNvbXByb2YuaXQlMjclMEElMjAlMjAlN0QlMjklM0IlMEElM0MlMkZzY3JpcHQlM0U=[\/vc_raw_html][\/vc_column_inner][\/vc_row_inner][vc_row_inner css=&#8221;.vc_custom_1590737146404{background-color: rgba(255,255,255,0.89) !important;*background-color: rgb(255,255,255) !important;}&#8221;][vc_column_inner css=&#8221;.vc_custom_1583244842495{padding-top: 10% !important;padding-right: 10% !important;padding-bottom: 10% !important;padding-left: 10% !important;}&#8221; offset=&#8221;vc_hidden-lg&#8221;][vc_column_text]<\/p>\n<p style=\"text-align: left;\"><span style=\"color: #333333; letter-spacing: 2px; font-family: Questrial; font-size: 25px;\">POTRZEBUJESZ POMOCY?<\/span><\/p>\n<p><span style=\"font-weight: 400;\">Je\u015bli chcia\u0142by\u015b uzyska\u0107 pomoc lub masz szczeg\u00f3\u0142owe pytania dotycz\u0105ce zakupu profesjonalnych produkt\u00f3w <\/span><span style=\"font-weight: 400;\">Paul Rivera<\/span><span style=\"font-weight: 400;\">, mo\u017cesz w prosty spos\u00f3b skontaktowa\u0107 si\u0119 z naszym dzia\u0142em obs\u0142ugi klienta.<\/span>[\/vc_column_text][vc_column_text]<\/p>\n<h2><span style=\"color: #333333; letter-spacing: 2px; font-family: Questrial; font-size: 25px;\">DZIA\u0141 OBS\u0141UGI KLIENTA<\/span><\/h2>\n<p>Skontaktuj si\u0119 z nami pod naszym bezp\u0142atnym numerem telefonu, wy\u015blij nam e-mail lub wype\u0142nij formularz. Nasz dzia\u0142 obs\u0142ugi klienta skontaktuje si\u0119 z Tob\u0105 tak szybko, jak to mo\u017cliwe.<\/p>\n<p><i class=\"fas fa-phone-alt\"><\/i> 800 273 708<br \/>\n<i class=\"far fa-envelope\"><\/i> <a href=\"mailto:info@paulrivera.it\">info@paulrivera.it<\/a>[\/vc_column_text][vc_column_text]<\/p>\n<h2><span style=\"color: #333333; letter-spacing: 2px; font-family: Questrial; font-size: 25px;\">ODKRYJ \u015aWIAT MARKI PAUL RIVERA<\/span><\/h2>\n<p>Paul Rivera to produkty szyte na miar\u0119, opracowane do tworzenia niepowtarzalnych do\u015bwiadcze\u0144, kt\u00f3re spe\u0142niaj\u0105 potrzeby fryzjer\u00f3w i klient\u00f3w.[\/vc_column_text][vc_column_text]<\/p>\n<p style=\"text-align: left;\"><img loading=\"lazy\" decoding=\"async\" class=\"wp-image-3565 alignleft\" src=\"https:\/\/paulrivera.it\/wp-content\/uploads\/2020\/03\/icon_download_catalog.png\" alt=\"\" width=\"30\" height=\"30\" srcset=\"https:\/\/paulrivera.it\/wp-content\/uploads\/2020\/03\/icon_download_catalog.png 40w, https:\/\/paulrivera.it\/wp-content\/uploads\/2020\/03\/icon_download_catalog-24x24.png 24w, https:\/\/paulrivera.it\/wp-content\/uploads\/2020\/03\/icon_download_catalog-36x36.png 36w\" sizes=\"auto, (max-width: 30px) 100vw, 30px\" \/><a href=\"https:\/\/comprof.it\/cataloghi\/paul_rivera\/paul_rivera_products_book.pdf\" target=\"_blank\" rel=\"noopener noreferrer\">Pobierz Katalog produkt\u00f3w<\/a><\/p>\n<p>[\/vc_column_text][vc_raw_html]JTNDc2NyaXB0JTIwY2hhcnNldCUzRCUyMnV0Zi04JTIyJTIwdHlwZSUzRCUyMnRleHQlMkZqYXZhc2NyaXB0JTIyJTIwc3JjJTNEJTIyJTJGJTJGanMtZXUxLmhzZm9ybXMubmV0JTJGZm9ybXMlMkZ2Mi5qcyUyMiUzRSUzQyUyRnNjcmlwdCUzRSUwQSUzQ3NjcmlwdCUzRSUwQSUyMCUyMGhic3B0LmZvcm1zLmNyZWF0ZSUyOCU3QiUwQSUyMCUyMCUyMCUyMHJlZ2lvbiUzQSUyMCUyMmV1MSUyMiUyQyUwQSUyMCUyMCUyMCUyMHBvcnRhbElkJTNBJTIwJTIyMjQ4OTA2NTclMjIlMkMlMEElMjAlMjAlMjAlMjBmb3JtSWQlM0ElMjAlMjI0OWU2OGYzNy03ODVjLTQ1MTItODkzMi02ZmM3ZjNlOGY3YTUlMjIlMEElMjAlMjAlN0QlMjklM0IlMEElM0MlMkZzY3JpcHQlM0U=[\/vc_raw_html][\/vc_column_inner][\/vc_row_inner][vc_empty_space height=&#8221;100px&#8221;][\/vc_column][\/vc_row]<\/p>\n<\/div>","protected":false},"excerpt":{"rendered":"<p>[vc_row full_width=&#8221;stretch_row&#8221; css=&#8221;.vc_custom_1590737121889{background-image: url(https:\/\/paulrivera.it\/wp-content\/uploads\/2020\/05\/contatti_background.png?id=1242) !important;background-position: center !important;background-repeat: no-repeat !important;background-size: cover !important;}&#8221;][vc_column][vc_empty_space height=&#8221;100px&#8221;][vc_row_inner css=&#8221;.vc_custom_1590679843660{background-color: rgba(255,255,255,0.88) !important;*background-color: rgb(255,255,255) !important;}&#8221;][vc_column_inner width=&#8221;1\/2&#8243; css=&#8221;.vc_custom_1583244805020{padding-top: 20% !important;padding-bottom: 20% !important;padding-left: 20% !important;}&#8221; offset=&#8221;vc_hidden-md vc_hidden-sm vc_hidden-xs&#8221;][vc_column_text] POTRZEBUJESZ POMOCY? Je\u015bli chcia\u0142by\u015b uzyska\u0107 pomoc lub masz szczeg\u00f3\u0142owe pytania dotycz\u0105ce zakupu profesjonalnych produkt\u00f3w Paul Rivera, mo\u017cesz w prosty spos\u00f3b skontaktowa\u0107 si\u0119 z naszym dzia\u0142em obs\u0142ugi klienta.[\/vc_column_text][vc_column_text]&hellip;<\/p>\n","protected":false},"author":1,"featured_media":0,"parent":0,"menu_order":0,"comment_status":"closed","ping_status":"closed","template":"","meta":{"footnotes":""},"class_list":["post-3563","page","type-page","status-publish","hentry","description-off"],"yoast_head":"<!-- This site is optimized with the Yoast SEO plugin v27.2 - https:\/\/yoast.com\/product\/yoast-seo-wordpress\/ -->\n<title>Kontakt | Paul Rivera<\/title>\n<meta name=\"description\" content=\"Je\u015bli chcia\u0142by\u015b uzyska\u0107 pomoc lub masz szczeg\u00f3\u0142owe pytania dotycz\u0105ce zakupu profesjonalnych produkt\u00f3w Paul Rivera, mo\u017cesz w prosty spos\u00f3b skontaktowa\u0107 si\u0119 z naszym dzia\u0142em obs\u0142ugi klienta.\" \/>\n<meta name=\"robots\" content=\"index, follow, max-snippet:-1, max-image-preview:large, max-video-preview:-1\" \/>\n<link rel=\"canonical\" href=\"https:\/\/paulrivera.it\/pl\/kontakt\/\" \/>\n<meta property=\"og:locale\" content=\"pl_PL\" \/>\n<meta property=\"og:type\" content=\"article\" \/>\n<meta property=\"og:title\" content=\"Kontakt | Paul Rivera\" \/>\n<meta property=\"og:description\" content=\"Je\u015bli chcia\u0142by\u015b uzyska\u0107 pomoc lub masz szczeg\u00f3\u0142owe pytania dotycz\u0105ce zakupu profesjonalnych produkt\u00f3w Paul Rivera, mo\u017cesz w prosty spos\u00f3b skontaktowa\u0107 si\u0119 z naszym dzia\u0142em obs\u0142ugi klienta.\" \/>\n<meta property=\"og:url\" content=\"https:\/\/paulrivera.it\/pl\/kontakt\/\" \/>\n<meta property=\"og:site_name\" content=\"Paul Rivera\" \/>\n<meta property=\"article:modified_time\" content=\"2026-04-09T13:13:52+00:00\" \/>\n<meta property=\"og:image\" content=\"https:\/\/paulrivera.it\/wp-content\/uploads\/2020\/03\/icon_download_catalog.png\" \/>\n\t<meta property=\"og:image:width\" content=\"40\" \/>\n\t<meta property=\"og:image:height\" content=\"40\" \/>\n\t<meta property=\"og:image:type\" content=\"image\/png\" \/>\n<meta name=\"twitter:card\" content=\"summary_large_image\" \/>\n<meta name=\"twitter:label1\" content=\"Est. reading time\" \/>\n\t<meta name=\"twitter:data1\" content=\"2 minutes\" \/>\n<script type=\"application\/ld+json\" class=\"yoast-schema-graph\">{\"@context\":\"https:\/\/schema.org\",\"@graph\":[{\"@type\":\"WebPage\",\"@id\":\"https:\/\/paulrivera.it\/pl\/kontakt\/\",\"url\":\"https:\/\/paulrivera.it\/pl\/kontakt\/\",\"name\":\"Kontakt | Paul Rivera\",\"isPartOf\":{\"@id\":\"https:\/\/paulrivera.it\/pl\/#website\"},\"primaryImageOfPage\":{\"@id\":\"https:\/\/paulrivera.it\/pl\/kontakt\/#primaryimage\"},\"image\":{\"@id\":\"https:\/\/paulrivera.it\/pl\/kontakt\/#primaryimage\"},\"thumbnailUrl\":\"https:\/\/paulrivera.it\/wp-content\/uploads\/2020\/03\/icon_download_catalog.png\",\"datePublished\":\"2021-10-08T10:29:03+00:00\",\"dateModified\":\"2026-04-09T13:13:52+00:00\",\"description\":\"Je\u015bli chcia\u0142by\u015b uzyska\u0107 pomoc lub masz szczeg\u00f3\u0142owe pytania dotycz\u0105ce zakupu profesjonalnych produkt\u00f3w Paul Rivera, mo\u017cesz w prosty spos\u00f3b skontaktowa\u0107 si\u0119 z naszym dzia\u0142em obs\u0142ugi klienta.\",\"breadcrumb\":{\"@id\":\"https:\/\/paulrivera.it\/pl\/kontakt\/#breadcrumb\"},\"inLanguage\":\"pl-PL\",\"potentialAction\":[{\"@type\":\"ReadAction\",\"target\":[\"https:\/\/paulrivera.it\/pl\/kontakt\/\"]}]},{\"@type\":\"ImageObject\",\"inLanguage\":\"pl-PL\",\"@id\":\"https:\/\/paulrivera.it\/pl\/kontakt\/#primaryimage\",\"url\":\"https:\/\/paulrivera.it\/wp-content\/uploads\/2020\/03\/icon_download_catalog.png\",\"contentUrl\":\"https:\/\/paulrivera.it\/wp-content\/uploads\/2020\/03\/icon_download_catalog.png\"},{\"@type\":\"BreadcrumbList\",\"@id\":\"https:\/\/paulrivera.it\/pl\/kontakt\/#breadcrumb\",\"itemListElement\":[{\"@type\":\"ListItem\",\"position\":1,\"name\":\"Home\",\"item\":\"https:\/\/paulrivera.it\/pl\/\"},{\"@type\":\"ListItem\",\"position\":2,\"name\":\"Kontakt\"}]},{\"@type\":\"WebSite\",\"@id\":\"https:\/\/paulrivera.it\/pl\/#website\",\"url\":\"https:\/\/paulrivera.it\/pl\/\",\"name\":\"Paul Rivera\",\"description\":\"Hair Beauty Celebration\",\"publisher\":{\"@id\":\"https:\/\/paulrivera.it\/pl\/#organization\"},\"potentialAction\":[{\"@type\":\"SearchAction\",\"target\":{\"@type\":\"EntryPoint\",\"urlTemplate\":\"https:\/\/paulrivera.it\/pl\/?s={search_term_string}\"},\"query-input\":{\"@type\":\"PropertyValueSpecification\",\"valueRequired\":true,\"valueName\":\"search_term_string\"}}],\"inLanguage\":\"pl-PL\"},{\"@type\":\"Organization\",\"@id\":\"https:\/\/paulrivera.it\/pl\/#organization\",\"name\":\"Paul Rivera\",\"url\":\"https:\/\/paulrivera.it\/pl\/\",\"logo\":{\"@type\":\"ImageObject\",\"inLanguage\":\"pl-PL\",\"@id\":\"https:\/\/paulrivera.it\/pl\/#\/schema\/logo\/image\/\",\"url\":\"https:\/\/paulrivera.it\/wp-content\/uploads\/2020\/02\/paul_rivera_logo_header_x2.png\",\"contentUrl\":\"https:\/\/paulrivera.it\/wp-content\/uploads\/2020\/02\/paul_rivera_logo_header_x2.png\",\"width\":470,\"height\":60,\"caption\":\"Paul Rivera\"},\"image\":{\"@id\":\"https:\/\/paulrivera.it\/pl\/#\/schema\/logo\/image\/\"}}]}<\/script>\n<!-- \/ Yoast SEO plugin. -->","yoast_head_json":{"title":"Kontakt | Paul Rivera","description":"Je\u015bli chcia\u0142by\u015b uzyska\u0107 pomoc lub masz szczeg\u00f3\u0142owe pytania dotycz\u0105ce zakupu profesjonalnych produkt\u00f3w Paul Rivera, mo\u017cesz w prosty spos\u00f3b skontaktowa\u0107 si\u0119 z naszym dzia\u0142em obs\u0142ugi klienta.","robots":{"index":"index","follow":"follow","max-snippet":"max-snippet:-1","max-image-preview":"max-image-preview:large","max-video-preview":"max-video-preview:-1"},"canonical":"https:\/\/paulrivera.it\/pl\/kontakt\/","og_locale":"pl_PL","og_type":"article","og_title":"Kontakt | Paul Rivera","og_description":"Je\u015bli chcia\u0142by\u015b uzyska\u0107 pomoc lub masz szczeg\u00f3\u0142owe pytania dotycz\u0105ce zakupu profesjonalnych produkt\u00f3w Paul Rivera, mo\u017cesz w prosty spos\u00f3b skontaktowa\u0107 si\u0119 z naszym dzia\u0142em obs\u0142ugi klienta.","og_url":"https:\/\/paulrivera.it\/pl\/kontakt\/","og_site_name":"Paul Rivera","article_modified_time":"2026-04-09T13:13:52+00:00","og_image":[{"width":40,"height":40,"url":"https:\/\/paulrivera.it\/wp-content\/uploads\/2020\/03\/icon_download_catalog.png","type":"image\/png"}],"twitter_card":"summary_large_image","twitter_misc":{"Est. reading time":"2 minutes"},"schema":{"@context":"https:\/\/schema.org","@graph":[{"@type":"WebPage","@id":"https:\/\/paulrivera.it\/pl\/kontakt\/","url":"https:\/\/paulrivera.it\/pl\/kontakt\/","name":"Kontakt | Paul Rivera","isPartOf":{"@id":"https:\/\/paulrivera.it\/pl\/#website"},"primaryImageOfPage":{"@id":"https:\/\/paulrivera.it\/pl\/kontakt\/#primaryimage"},"image":{"@id":"https:\/\/paulrivera.it\/pl\/kontakt\/#primaryimage"},"thumbnailUrl":"https:\/\/paulrivera.it\/wp-content\/uploads\/2020\/03\/icon_download_catalog.png","datePublished":"2021-10-08T10:29:03+00:00","dateModified":"2026-04-09T13:13:52+00:00","description":"Je\u015bli chcia\u0142by\u015b uzyska\u0107 pomoc lub masz szczeg\u00f3\u0142owe pytania dotycz\u0105ce zakupu profesjonalnych produkt\u00f3w Paul Rivera, mo\u017cesz w prosty spos\u00f3b skontaktowa\u0107 si\u0119 z naszym dzia\u0142em obs\u0142ugi klienta.","breadcrumb":{"@id":"https:\/\/paulrivera.it\/pl\/kontakt\/#breadcrumb"},"inLanguage":"pl-PL","potentialAction":[{"@type":"ReadAction","target":["https:\/\/paulrivera.it\/pl\/kontakt\/"]}]},{"@type":"ImageObject","inLanguage":"pl-PL","@id":"https:\/\/paulrivera.it\/pl\/kontakt\/#primaryimage","url":"https:\/\/paulrivera.it\/wp-content\/uploads\/2020\/03\/icon_download_catalog.png","contentUrl":"https:\/\/paulrivera.it\/wp-content\/uploads\/2020\/03\/icon_download_catalog.png"},{"@type":"BreadcrumbList","@id":"https:\/\/paulrivera.it\/pl\/kontakt\/#breadcrumb","itemListElement":[{"@type":"ListItem","position":1,"name":"Home","item":"https:\/\/paulrivera.it\/pl\/"},{"@type":"ListItem","position":2,"name":"Kontakt"}]},{"@type":"WebSite","@id":"https:\/\/paulrivera.it\/pl\/#website","url":"https:\/\/paulrivera.it\/pl\/","name":"Paul Rivera","description":"Hair Beauty Celebration","publisher":{"@id":"https:\/\/paulrivera.it\/pl\/#organization"},"potentialAction":[{"@type":"SearchAction","target":{"@type":"EntryPoint","urlTemplate":"https:\/\/paulrivera.it\/pl\/?s={search_term_string}"},"query-input":{"@type":"PropertyValueSpecification","valueRequired":true,"valueName":"search_term_string"}}],"inLanguage":"pl-PL"},{"@type":"Organization","@id":"https:\/\/paulrivera.it\/pl\/#organization","name":"Paul Rivera","url":"https:\/\/paulrivera.it\/pl\/","logo":{"@type":"ImageObject","inLanguage":"pl-PL","@id":"https:\/\/paulrivera.it\/pl\/#\/schema\/logo\/image\/","url":"https:\/\/paulrivera.it\/wp-content\/uploads\/2020\/02\/paul_rivera_logo_header_x2.png","contentUrl":"https:\/\/paulrivera.it\/wp-content\/uploads\/2020\/02\/paul_rivera_logo_header_x2.png","width":470,"height":60,"caption":"Paul Rivera"},"image":{"@id":"https:\/\/paulrivera.it\/pl\/#\/schema\/logo\/image\/"}}]}},"_links":{"self":[{"href":"https:\/\/paulrivera.it\/pl\/wp-json\/wp\/v2\/pages\/3563","targetHints":{"allow":["GET"]}}],"collection":[{"href":"https:\/\/paulrivera.it\/pl\/wp-json\/wp\/v2\/pages"}],"about":[{"href":"https:\/\/paulrivera.it\/pl\/wp-json\/wp\/v2\/types\/page"}],"author":[{"embeddable":true,"href":"https:\/\/paulrivera.it\/pl\/wp-json\/wp\/v2\/users\/1"}],"replies":[{"embeddable":true,"href":"https:\/\/paulrivera.it\/pl\/wp-json\/wp\/v2\/comments?post=3563"}],"version-history":[{"count":6,"href":"https:\/\/paulrivera.it\/pl\/wp-json\/wp\/v2\/pages\/3563\/revisions"}],"predecessor-version":[{"id":16567,"href":"https:\/\/paulrivera.it\/pl\/wp-json\/wp\/v2\/pages\/3563\/revisions\/16567"}],"wp:attachment":[{"href":"https:\/\/paulrivera.it\/pl\/wp-json\/wp\/v2\/media?parent=3563"}],"curies":[{"name":"wp","href":"https:\/\/api.w.org\/{rel}","templated":true}]}}