{"id":3581,"date":"2021-10-08T12:48:13","date_gmt":"2021-10-08T10:48:13","guid":{"rendered":"https:\/\/paulrivera.it\/kompletne-dane-firmy\/"},"modified":"2021-10-08T12:49:12","modified_gmt":"2021-10-08T10:49:12","slug":"kompletne-dane-firmy","status":"publish","type":"page","link":"https:\/\/paulrivera.it\/pl\/kompletne-dane-firmy\/","title":{"rendered":"Kompletne dane firmy"},"content":{"rendered":"<div class=\"wpb-content-wrapper\"><p>[vc_row][vc_column][vc_column_text]Comprof Milano S.r.l.<\/p>\n<p>Partita Iva: IT07479001211<\/p>\n<p>Siedziba statutowa: P.zza S. Maria degli Angeli a Pizzofalcone 1, Napoli (Na) 80132<\/p>\n<p>Siedziba operacyjna: Cis di Nola Isola 8, lotto 8032-8035, 80035 Nola (Na)<\/p>\n<p>Urz\u0105d prowadz\u0105cy rejestr przedsi\u0119biorstw: Napoli<\/p>\n<p>Numer wpisu do rejestru przedsi\u0119biorstw: 07479001211<\/p>\n<p>Kapita\u0142 zak\u0142adowy wp\u0142acony: \u20ac 100.000,00<\/p>\n<p>Adres certyfikowany poczty elektronicznej: <a href=\"mailto:comprofmilano@legalmail.it\">comprofmilano@legalmail.it<\/a><\/p>\n<div class=\"vc_row wpb_row vc_row-fluid\">\n<div class=\"wpb_column vc_column_container vc_col-sm-12\">\n<div class=\"vc_column-inner\">\n<div class=\"wpb_wrapper\">\n<div class=\"wpb_text_column wpb_content_element \">\n<div class=\"wpb_wrapper\"><\/div>\n<\/div>\n<\/div>\n<\/div>\n<\/div>\n<\/div>\n<p>[\/vc_column_text][\/vc_column][\/vc_row][vc_row][vc_column][vc_column_text]<br \/>\n[\/vc_column_text][\/vc_column][\/vc_row]<\/p>\n<\/div>","protected":false},"excerpt":{"rendered":"<p>[vc_row][vc_column][vc_column_text]Comprof Milano S.r.l. Partita Iva: IT07479001211 Siedziba statutowa: P.zza S. Maria degli Angeli a Pizzofalcone 1, Napoli (Na) 80132 Siedziba operacyjna: Cis di Nola Isola 8, lotto 8032-8035, 80035 Nola (Na) Urz\u0105d prowadz\u0105cy rejestr przedsi\u0119biorstw: Napoli Numer wpisu do rejestru przedsi\u0119biorstw: 07479001211 Kapita\u0142 zak\u0142adowy wp\u0142acony: \u20ac 100.000,00 Adres certyfikowany poczty elektronicznej: comprofmilano@legalmail.it [\/vc_column_text][\/vc_column][\/vc_row][vc_row][vc_column][vc_column_text] [\/vc_column_text][\/vc_column][\/vc_row]<\/p>\n","protected":false},"author":1,"featured_media":0,"parent":0,"menu_order":0,"comment_status":"closed","ping_status":"closed","template":"","meta":{"footnotes":""},"class_list":["post-3581","page","type-page","status-publish","hentry","description-off"],"yoast_head":"<!-- This site is optimized with the Yoast SEO plugin v27.2 - https:\/\/yoast.com\/product\/yoast-seo-wordpress\/ -->\n<title>Kompletne dane firmy - Paul Rivera<\/title>\n<meta name=\"robots\" content=\"noindex, nofollow\" \/>\n<meta property=\"og:locale\" content=\"pl_PL\" \/>\n<meta property=\"og:type\" content=\"article\" \/>\n<meta property=\"og:title\" content=\"Kompletne dane firmy - Paul Rivera\" \/>\n<meta property=\"og:description\" content=\"[vc_row][vc_column][vc_column_text]Comprof Milano S.r.l. Partita Iva: IT07479001211 Siedziba statutowa: P.zza S. Maria degli Angeli a Pizzofalcone 1, Napoli (Na) 80132 Siedziba operacyjna: Cis di Nola Isola 8, lotto 8032-8035, 80035 Nola (Na) Urz\u0105d prowadz\u0105cy rejestr przedsi\u0119biorstw: Napoli Numer wpisu do rejestru przedsi\u0119biorstw: 07479001211 Kapita\u0142 zak\u0142adowy wp\u0142acony: \u20ac 100.000,00 Adres certyfikowany poczty elektronicznej: comprofmilano@legalmail.it [\/vc_column_text][\/vc_column][\/vc_row][vc_row][vc_column][vc_column_text] [\/vc_column_text][\/vc_column][\/vc_row]\" \/>\n<meta property=\"og:url\" content=\"https:\/\/paulrivera.it\/pl\/kompletne-dane-firmy\/\" \/>\n<meta property=\"og:site_name\" content=\"Paul Rivera\" \/>\n<meta property=\"article:modified_time\" content=\"2021-10-08T10:49:12+00:00\" \/>\n<meta name=\"twitter:card\" content=\"summary_large_image\" \/>\n<meta name=\"twitter:label1\" content=\"Est. reading time\" \/>\n\t<meta name=\"twitter:data1\" content=\"1 minute\" \/>\n<script type=\"application\/ld+json\" class=\"yoast-schema-graph\">{\"@context\":\"https:\/\/schema.org\",\"@graph\":[{\"@type\":\"WebPage\",\"@id\":\"https:\/\/paulrivera.it\/pl\/kompletne-dane-firmy\/\",\"url\":\"https:\/\/paulrivera.it\/pl\/kompletne-dane-firmy\/\",\"name\":\"Kompletne dane firmy - Paul Rivera\",\"isPartOf\":{\"@id\":\"https:\/\/paulrivera.it\/pl\/#website\"},\"datePublished\":\"2021-10-08T10:48:13+00:00\",\"dateModified\":\"2021-10-08T10:49:12+00:00\",\"breadcrumb\":{\"@id\":\"https:\/\/paulrivera.it\/pl\/kompletne-dane-firmy\/#breadcrumb\"},\"inLanguage\":\"pl-PL\",\"potentialAction\":[{\"@type\":\"ReadAction\",\"target\":[\"https:\/\/paulrivera.it\/pl\/kompletne-dane-firmy\/\"]}]},{\"@type\":\"BreadcrumbList\",\"@id\":\"https:\/\/paulrivera.it\/pl\/kompletne-dane-firmy\/#breadcrumb\",\"itemListElement\":[{\"@type\":\"ListItem\",\"position\":1,\"name\":\"Home\",\"item\":\"https:\/\/paulrivera.it\/pl\/\"},{\"@type\":\"ListItem\",\"position\":2,\"name\":\"Kompletne dane firmy\"}]},{\"@type\":\"WebSite\",\"@id\":\"https:\/\/paulrivera.it\/pl\/#website\",\"url\":\"https:\/\/paulrivera.it\/pl\/\",\"name\":\"Paul Rivera\",\"description\":\"Hair Beauty Celebration\",\"publisher\":{\"@id\":\"https:\/\/paulrivera.it\/pl\/#organization\"},\"potentialAction\":[{\"@type\":\"SearchAction\",\"target\":{\"@type\":\"EntryPoint\",\"urlTemplate\":\"https:\/\/paulrivera.it\/pl\/?s={search_term_string}\"},\"query-input\":{\"@type\":\"PropertyValueSpecification\",\"valueRequired\":true,\"valueName\":\"search_term_string\"}}],\"inLanguage\":\"pl-PL\"},{\"@type\":\"Organization\",\"@id\":\"https:\/\/paulrivera.it\/pl\/#organization\",\"name\":\"Paul Rivera\",\"url\":\"https:\/\/paulrivera.it\/pl\/\",\"logo\":{\"@type\":\"ImageObject\",\"inLanguage\":\"pl-PL\",\"@id\":\"https:\/\/paulrivera.it\/pl\/#\/schema\/logo\/image\/\",\"url\":\"https:\/\/paulrivera.it\/wp-content\/uploads\/2020\/02\/paul_rivera_logo_header_x2.png\",\"contentUrl\":\"https:\/\/paulrivera.it\/wp-content\/uploads\/2020\/02\/paul_rivera_logo_header_x2.png\",\"width\":470,\"height\":60,\"caption\":\"Paul Rivera\"},\"image\":{\"@id\":\"https:\/\/paulrivera.it\/pl\/#\/schema\/logo\/image\/\"}}]}<\/script>\n<!-- \/ Yoast SEO plugin. -->","yoast_head_json":{"title":"Kompletne dane firmy - Paul Rivera","robots":{"index":"noindex","follow":"nofollow"},"og_locale":"pl_PL","og_type":"article","og_title":"Kompletne dane firmy - Paul Rivera","og_description":"[vc_row][vc_column][vc_column_text]Comprof Milano S.r.l. Partita Iva: IT07479001211 Siedziba statutowa: P.zza S. Maria degli Angeli a Pizzofalcone 1, Napoli (Na) 80132 Siedziba operacyjna: Cis di Nola Isola 8, lotto 8032-8035, 80035 Nola (Na) Urz\u0105d prowadz\u0105cy rejestr przedsi\u0119biorstw: Napoli Numer wpisu do rejestru przedsi\u0119biorstw: 07479001211 Kapita\u0142 zak\u0142adowy wp\u0142acony: \u20ac 100.000,00 Adres certyfikowany poczty elektronicznej: comprofmilano@legalmail.it [\/vc_column_text][\/vc_column][\/vc_row][vc_row][vc_column][vc_column_text] [\/vc_column_text][\/vc_column][\/vc_row]","og_url":"https:\/\/paulrivera.it\/pl\/kompletne-dane-firmy\/","og_site_name":"Paul Rivera","article_modified_time":"2021-10-08T10:49:12+00:00","twitter_card":"summary_large_image","twitter_misc":{"Est. reading time":"1 minute"},"schema":{"@context":"https:\/\/schema.org","@graph":[{"@type":"WebPage","@id":"https:\/\/paulrivera.it\/pl\/kompletne-dane-firmy\/","url":"https:\/\/paulrivera.it\/pl\/kompletne-dane-firmy\/","name":"Kompletne dane firmy - Paul Rivera","isPartOf":{"@id":"https:\/\/paulrivera.it\/pl\/#website"},"datePublished":"2021-10-08T10:48:13+00:00","dateModified":"2021-10-08T10:49:12+00:00","breadcrumb":{"@id":"https:\/\/paulrivera.it\/pl\/kompletne-dane-firmy\/#breadcrumb"},"inLanguage":"pl-PL","potentialAction":[{"@type":"ReadAction","target":["https:\/\/paulrivera.it\/pl\/kompletne-dane-firmy\/"]}]},{"@type":"BreadcrumbList","@id":"https:\/\/paulrivera.it\/pl\/kompletne-dane-firmy\/#breadcrumb","itemListElement":[{"@type":"ListItem","position":1,"name":"Home","item":"https:\/\/paulrivera.it\/pl\/"},{"@type":"ListItem","position":2,"name":"Kompletne dane firmy"}]},{"@type":"WebSite","@id":"https:\/\/paulrivera.it\/pl\/#website","url":"https:\/\/paulrivera.it\/pl\/","name":"Paul Rivera","description":"Hair Beauty Celebration","publisher":{"@id":"https:\/\/paulrivera.it\/pl\/#organization"},"potentialAction":[{"@type":"SearchAction","target":{"@type":"EntryPoint","urlTemplate":"https:\/\/paulrivera.it\/pl\/?s={search_term_string}"},"query-input":{"@type":"PropertyValueSpecification","valueRequired":true,"valueName":"search_term_string"}}],"inLanguage":"pl-PL"},{"@type":"Organization","@id":"https:\/\/paulrivera.it\/pl\/#organization","name":"Paul Rivera","url":"https:\/\/paulrivera.it\/pl\/","logo":{"@type":"ImageObject","inLanguage":"pl-PL","@id":"https:\/\/paulrivera.it\/pl\/#\/schema\/logo\/image\/","url":"https:\/\/paulrivera.it\/wp-content\/uploads\/2020\/02\/paul_rivera_logo_header_x2.png","contentUrl":"https:\/\/paulrivera.it\/wp-content\/uploads\/2020\/02\/paul_rivera_logo_header_x2.png","width":470,"height":60,"caption":"Paul Rivera"},"image":{"@id":"https:\/\/paulrivera.it\/pl\/#\/schema\/logo\/image\/"}}]}},"_links":{"self":[{"href":"https:\/\/paulrivera.it\/pl\/wp-json\/wp\/v2\/pages\/3581","targetHints":{"allow":["GET"]}}],"collection":[{"href":"https:\/\/paulrivera.it\/pl\/wp-json\/wp\/v2\/pages"}],"about":[{"href":"https:\/\/paulrivera.it\/pl\/wp-json\/wp\/v2\/types\/page"}],"author":[{"embeddable":true,"href":"https:\/\/paulrivera.it\/pl\/wp-json\/wp\/v2\/users\/1"}],"replies":[{"embeddable":true,"href":"https:\/\/paulrivera.it\/pl\/wp-json\/wp\/v2\/comments?post=3581"}],"version-history":[{"count":3,"href":"https:\/\/paulrivera.it\/pl\/wp-json\/wp\/v2\/pages\/3581\/revisions"}],"predecessor-version":[{"id":3584,"href":"https:\/\/paulrivera.it\/pl\/wp-json\/wp\/v2\/pages\/3581\/revisions\/3584"}],"wp:attachment":[{"href":"https:\/\/paulrivera.it\/pl\/wp-json\/wp\/v2\/media?parent=3581"}],"curies":[{"name":"wp","href":"https:\/\/api.w.org\/{rel}","templated":true}]}}