{"id":3618,"date":"2021-10-08T14:30:25","date_gmt":"2021-10-08T12:30:25","guid":{"rendered":"https:\/\/paulrivera.it\/pagina-shop\/"},"modified":"2021-10-08T14:33:29","modified_gmt":"2021-10-08T12:33:29","slug":"pagina-shop","status":"publish","type":"page","link":"https:\/\/paulrivera.it\/pl\/pagina-shop\/","title":{"rendered":"Pagina shop"},"content":{"rendered":"<div class=\"wpb-content-wrapper\"><p>[vc_row][vc_column][vc_column_text]<\/p>\n<h2 style=\"text-align: left;\">ODKRYJ \u015aWIAT MARKI PAUL RIVERA<\/h2>\n<p>[\/vc_column_text][vc_column_text]<\/p>\n<p style=\"text-align: left;\">Profesjonalne produkty koloryzacyjne, luksusowe zabiegi i niezwyk\u0142e wyko\u0144czenie, kt\u00f3re wzmacniaj\u0105, chroni\u0105 i inspiruj\u0105. Znajd\u017a produkt <strong>Paul Rivera<\/strong>, kt\u00f3ry najlepiej odpowiada Twoim potrzebom.<\/p>\n<p>[\/vc_column_text][vc_raw_html]W2F3c19zZWFyY2hfZm9ybV0=[\/vc_raw_html][\/vc_column][\/vc_row]<\/p>\n<\/div>","protected":false},"excerpt":{"rendered":"<p>[vc_row][vc_column][vc_column_text] ODKRYJ \u015aWIAT MARKI PAUL RIVERA [\/vc_column_text][vc_column_text] Profesjonalne produkty koloryzacyjne, luksusowe zabiegi i niezwyk\u0142e wyko\u0144czenie, kt\u00f3re wzmacniaj\u0105, chroni\u0105 i inspiruj\u0105. Znajd\u017a produkt Paul Rivera, kt\u00f3ry najlepiej odpowiada Twoim potrzebom. [\/vc_column_text][vc_raw_html]W2F3c19zZWFyY2hfZm9ybV0=[\/vc_raw_html][\/vc_column][\/vc_row]<\/p>\n","protected":false},"author":2,"featured_media":0,"parent":0,"menu_order":0,"comment_status":"closed","ping_status":"closed","template":"","meta":{"footnotes":""},"class_list":["post-3618","page","type-page","status-publish","hentry","description-off"],"yoast_head":"<!-- This site is optimized with the Yoast SEO plugin v27.2 - https:\/\/yoast.com\/product\/yoast-seo-wordpress\/ -->\n<title>Profesjonalne produkty koloryzacyjne, luksusowe zabiegi i niezwyk\u0142e wyko\u0144czenie - Paul Rivera<\/title>\n<meta name=\"description\" content=\"Profesjonalne produkty koloryzacyjne, luksusowe zabiegi i niezwyk\u0142e wyko\u0144czenie, kt\u00f3re wzmacniaj\u0105, chroni\u0105 i inspiruj\u0105.\" \/>\n<meta name=\"robots\" content=\"index, follow, max-snippet:-1, max-image-preview:large, max-video-preview:-1\" \/>\n<link rel=\"canonical\" href=\"https:\/\/paulrivera.it\/pl\/pagina-shop\/\" \/>\n<meta property=\"og:locale\" content=\"pl_PL\" \/>\n<meta property=\"og:type\" content=\"article\" \/>\n<meta property=\"og:title\" content=\"Profesjonalne produkty koloryzacyjne, luksusowe zabiegi i niezwyk\u0142e wyko\u0144czenie - Paul Rivera\" \/>\n<meta property=\"og:description\" content=\"Profesjonalne produkty koloryzacyjne, luksusowe zabiegi i niezwyk\u0142e wyko\u0144czenie, kt\u00f3re wzmacniaj\u0105, chroni\u0105 i inspiruj\u0105.\" \/>\n<meta property=\"og:url\" content=\"https:\/\/paulrivera.it\/pl\/pagina-shop\/\" \/>\n<meta property=\"og:site_name\" content=\"Paul Rivera\" \/>\n<meta property=\"article:modified_time\" content=\"2021-10-08T12:33:29+00:00\" \/>\n<meta name=\"twitter:card\" content=\"summary_large_image\" \/>\n<meta name=\"twitter:label1\" content=\"Est. reading time\" \/>\n\t<meta name=\"twitter:data1\" content=\"1 minute\" \/>\n<script type=\"application\/ld+json\" class=\"yoast-schema-graph\">{\"@context\":\"https:\/\/schema.org\",\"@graph\":[{\"@type\":\"WebPage\",\"@id\":\"https:\/\/paulrivera.it\/pl\/pagina-shop\/\",\"url\":\"https:\/\/paulrivera.it\/pl\/pagina-shop\/\",\"name\":\"Profesjonalne produkty koloryzacyjne, luksusowe zabiegi i niezwyk\u0142e wyko\u0144czenie - Paul Rivera\",\"isPartOf\":{\"@id\":\"https:\/\/paulrivera.it\/pl\/#website\"},\"datePublished\":\"2021-10-08T12:30:25+00:00\",\"dateModified\":\"2021-10-08T12:33:29+00:00\",\"description\":\"Profesjonalne produkty koloryzacyjne, luksusowe zabiegi i niezwyk\u0142e wyko\u0144czenie, kt\u00f3re wzmacniaj\u0105, chroni\u0105 i inspiruj\u0105.\",\"breadcrumb\":{\"@id\":\"https:\/\/paulrivera.it\/pl\/pagina-shop\/#breadcrumb\"},\"inLanguage\":\"pl-PL\",\"potentialAction\":[{\"@type\":\"ReadAction\",\"target\":[\"https:\/\/paulrivera.it\/pl\/pagina-shop\/\"]}]},{\"@type\":\"BreadcrumbList\",\"@id\":\"https:\/\/paulrivera.it\/pl\/pagina-shop\/#breadcrumb\",\"itemListElement\":[{\"@type\":\"ListItem\",\"position\":1,\"name\":\"Home\",\"item\":\"https:\/\/paulrivera.it\/pl\/\"},{\"@type\":\"ListItem\",\"position\":2,\"name\":\"Pagina shop\"}]},{\"@type\":\"WebSite\",\"@id\":\"https:\/\/paulrivera.it\/pl\/#website\",\"url\":\"https:\/\/paulrivera.it\/pl\/\",\"name\":\"Paul Rivera\",\"description\":\"Hair Beauty Celebration\",\"publisher\":{\"@id\":\"https:\/\/paulrivera.it\/pl\/#organization\"},\"potentialAction\":[{\"@type\":\"SearchAction\",\"target\":{\"@type\":\"EntryPoint\",\"urlTemplate\":\"https:\/\/paulrivera.it\/pl\/?s={search_term_string}\"},\"query-input\":{\"@type\":\"PropertyValueSpecification\",\"valueRequired\":true,\"valueName\":\"search_term_string\"}}],\"inLanguage\":\"pl-PL\"},{\"@type\":\"Organization\",\"@id\":\"https:\/\/paulrivera.it\/pl\/#organization\",\"name\":\"Paul Rivera\",\"url\":\"https:\/\/paulrivera.it\/pl\/\",\"logo\":{\"@type\":\"ImageObject\",\"inLanguage\":\"pl-PL\",\"@id\":\"https:\/\/paulrivera.it\/pl\/#\/schema\/logo\/image\/\",\"url\":\"https:\/\/paulrivera.it\/wp-content\/uploads\/2020\/02\/paul_rivera_logo_header_x2.png\",\"contentUrl\":\"https:\/\/paulrivera.it\/wp-content\/uploads\/2020\/02\/paul_rivera_logo_header_x2.png\",\"width\":470,\"height\":60,\"caption\":\"Paul Rivera\"},\"image\":{\"@id\":\"https:\/\/paulrivera.it\/pl\/#\/schema\/logo\/image\/\"}}]}<\/script>\n<!-- \/ Yoast SEO plugin. -->","yoast_head_json":{"title":"Profesjonalne produkty koloryzacyjne, luksusowe zabiegi i niezwyk\u0142e wyko\u0144czenie - Paul Rivera","description":"Profesjonalne produkty koloryzacyjne, luksusowe zabiegi i niezwyk\u0142e wyko\u0144czenie, kt\u00f3re wzmacniaj\u0105, chroni\u0105 i inspiruj\u0105.","robots":{"index":"index","follow":"follow","max-snippet":"max-snippet:-1","max-image-preview":"max-image-preview:large","max-video-preview":"max-video-preview:-1"},"canonical":"https:\/\/paulrivera.it\/pl\/pagina-shop\/","og_locale":"pl_PL","og_type":"article","og_title":"Profesjonalne produkty koloryzacyjne, luksusowe zabiegi i niezwyk\u0142e wyko\u0144czenie - Paul Rivera","og_description":"Profesjonalne produkty koloryzacyjne, luksusowe zabiegi i niezwyk\u0142e wyko\u0144czenie, kt\u00f3re wzmacniaj\u0105, chroni\u0105 i inspiruj\u0105.","og_url":"https:\/\/paulrivera.it\/pl\/pagina-shop\/","og_site_name":"Paul Rivera","article_modified_time":"2021-10-08T12:33:29+00:00","twitter_card":"summary_large_image","twitter_misc":{"Est. reading time":"1 minute"},"schema":{"@context":"https:\/\/schema.org","@graph":[{"@type":"WebPage","@id":"https:\/\/paulrivera.it\/pl\/pagina-shop\/","url":"https:\/\/paulrivera.it\/pl\/pagina-shop\/","name":"Profesjonalne produkty koloryzacyjne, luksusowe zabiegi i niezwyk\u0142e wyko\u0144czenie - Paul Rivera","isPartOf":{"@id":"https:\/\/paulrivera.it\/pl\/#website"},"datePublished":"2021-10-08T12:30:25+00:00","dateModified":"2021-10-08T12:33:29+00:00","description":"Profesjonalne produkty koloryzacyjne, luksusowe zabiegi i niezwyk\u0142e wyko\u0144czenie, kt\u00f3re wzmacniaj\u0105, chroni\u0105 i inspiruj\u0105.","breadcrumb":{"@id":"https:\/\/paulrivera.it\/pl\/pagina-shop\/#breadcrumb"},"inLanguage":"pl-PL","potentialAction":[{"@type":"ReadAction","target":["https:\/\/paulrivera.it\/pl\/pagina-shop\/"]}]},{"@type":"BreadcrumbList","@id":"https:\/\/paulrivera.it\/pl\/pagina-shop\/#breadcrumb","itemListElement":[{"@type":"ListItem","position":1,"name":"Home","item":"https:\/\/paulrivera.it\/pl\/"},{"@type":"ListItem","position":2,"name":"Pagina shop"}]},{"@type":"WebSite","@id":"https:\/\/paulrivera.it\/pl\/#website","url":"https:\/\/paulrivera.it\/pl\/","name":"Paul Rivera","description":"Hair Beauty Celebration","publisher":{"@id":"https:\/\/paulrivera.it\/pl\/#organization"},"potentialAction":[{"@type":"SearchAction","target":{"@type":"EntryPoint","urlTemplate":"https:\/\/paulrivera.it\/pl\/?s={search_term_string}"},"query-input":{"@type":"PropertyValueSpecification","valueRequired":true,"valueName":"search_term_string"}}],"inLanguage":"pl-PL"},{"@type":"Organization","@id":"https:\/\/paulrivera.it\/pl\/#organization","name":"Paul Rivera","url":"https:\/\/paulrivera.it\/pl\/","logo":{"@type":"ImageObject","inLanguage":"pl-PL","@id":"https:\/\/paulrivera.it\/pl\/#\/schema\/logo\/image\/","url":"https:\/\/paulrivera.it\/wp-content\/uploads\/2020\/02\/paul_rivera_logo_header_x2.png","contentUrl":"https:\/\/paulrivera.it\/wp-content\/uploads\/2020\/02\/paul_rivera_logo_header_x2.png","width":470,"height":60,"caption":"Paul Rivera"},"image":{"@id":"https:\/\/paulrivera.it\/pl\/#\/schema\/logo\/image\/"}}]}},"_links":{"self":[{"href":"https:\/\/paulrivera.it\/pl\/wp-json\/wp\/v2\/pages\/3618","targetHints":{"allow":["GET"]}}],"collection":[{"href":"https:\/\/paulrivera.it\/pl\/wp-json\/wp\/v2\/pages"}],"about":[{"href":"https:\/\/paulrivera.it\/pl\/wp-json\/wp\/v2\/types\/page"}],"author":[{"embeddable":true,"href":"https:\/\/paulrivera.it\/pl\/wp-json\/wp\/v2\/users\/2"}],"replies":[{"embeddable":true,"href":"https:\/\/paulrivera.it\/pl\/wp-json\/wp\/v2\/comments?post=3618"}],"version-history":[{"count":5,"href":"https:\/\/paulrivera.it\/pl\/wp-json\/wp\/v2\/pages\/3618\/revisions"}],"predecessor-version":[{"id":3623,"href":"https:\/\/paulrivera.it\/pl\/wp-json\/wp\/v2\/pages\/3618\/revisions\/3623"}],"wp:attachment":[{"href":"https:\/\/paulrivera.it\/pl\/wp-json\/wp\/v2\/media?parent=3618"}],"curies":[{"name":"wp","href":"https:\/\/api.w.org\/{rel}","templated":true}]}}