{"id":11085,"date":"2024-07-01T11:54:42","date_gmt":"2024-07-01T09:54:43","guid":{"rendered":"https:\/\/paulrivera.it\/?post_type=product&#038;p=11085"},"modified":"2024-07-01T12:59:50","modified_gmt":"2024-07-01T10:59:50","slug":"bizarre-sea-salt-teksturyzujacy-spray-morski","status":"publish","type":"product","link":"https:\/\/paulrivera.it\/pl\/prodotti\/finish-styling-pl\/bizarre-sea-salt-teksturyzujacy-spray-morski\/","title":{"rendered":"Bizarre Sea Salt &#8211; teksturyzuj\u0105cy spray morski"},"content":{"rendered":"<div class=\"wpb-content-wrapper\"><p>[vc_row full_width=&#8221;stretch_row&#8221;][vc_column][vc_row_inner el_id=&#8221;desktop&#8221;][vc_column_inner width=&#8221;1\/2&#8243; css=&#8221;.vc_custom_1582194227194{padding-top: 10% !important;padding-right: 10% !important;padding-bottom: 10% !important;padding-left: 30% !important;}&#8221; offset=&#8221;vc_hidden-md vc_hidden-sm vc_hidden-xs&#8221;][vc_column_text css=&#8221;&#8221;]<\/p>\n<h1>Pokochasz ten produkt za to, \u017ce<\/h1>\n<ul>\n<li>Tworzy <strong>mi\u0119kkie, naturalne loki<\/strong>.<\/li>\n<li>Wygl\u0105d z <strong>matowym wyko\u0144czeniem<\/strong><\/li>\n<li>Nadaje <strong>obj\u0119to\u015b\u0107<\/strong> i <strong>struktur\u0119<\/strong>.<\/li>\n<\/ul>\n<p>[\/vc_column_text][vc_column_text css=&#8221;&#8221;]<\/p>\n<h1>Sk\u0142adniki aktywne zawarte w formule<\/h1>\n<ul>\n<li style=\"font-weight: 400;\" aria-level=\"1\">Formu\u0142a oparta na <strong>marchewce<\/strong>, <strong>marakui<\/strong> i <strong>soli morskiej<\/strong> nadaje w\u0142osom obj\u0119to\u015b\u0107, tekstur\u0119 i mi\u0119kko\u015b\u0107.<\/li>\n<\/ul>\n<p>[\/vc_column_text][vc_column_text css=&#8221;&#8221;]<\/p>\n<h1>Jak stosowa\u0107?<\/h1>\n<p class=\"Standard\"><span lang=\"it\">Rozpyli\u0107 teksturyzuj\u0105cy spray morski na wilgotne lub suche w\u0142osy i przyst\u0105pi\u0107 do stylizacji.<\/span><\/p>\n<p>[\/vc_column_text][\/vc_column_inner][vc_column_inner width=&#8221;1\/2&#8243; css=&#8221;.vc_custom_1719827796540{background-image: url(https:\/\/paulrivera.it\/wp-content\/uploads\/2024\/06\/background_adv_produc_bizarre.png?id=11032) !important;background-position: center !important;background-repeat: no-repeat !important;background-size: cover !important;}&#8221; offset=&#8221;vc_hidden-md vc_hidden-sm vc_hidden-xs&#8221;][vc_single_image image=&#8221;11043&#8243; img_size=&#8221;large&#8221; alignment=&#8221;center&#8221; css=&#8221;&#8221;][\/vc_column_inner][\/vc_row_inner][vc_row_inner el_id=&#8221;tablet&#8221;][vc_column_inner offset=&#8221;vc_hidden-lg vc_hidden-xs&#8221;][vc_column_text css=&#8221;&#8221;]<\/p>\n<h1>Pokochasz ten produkt za to, \u017ce<\/h1>\n<ul>\n<li>Tworzy <strong>mi\u0119kkie, naturalne loki<\/strong>.<\/li>\n<li>Wygl\u0105d z <strong>matowym wyko\u0144czeniem<\/strong><\/li>\n<li>Nadaje <strong>obj\u0119to\u015b\u0107<\/strong> i <strong>struktur\u0119<\/strong>.<\/li>\n<\/ul>\n<p>[\/vc_column_text][vc_column_text css=&#8221;&#8221;]<\/p>\n<h1>Sk\u0142adniki aktywne zawarte w formule<\/h1>\n<ul>\n<li style=\"font-weight: 400;\" aria-level=\"1\">Formu\u0142a oparta na <strong>marchewce<\/strong>, <strong>marakui<\/strong> i <strong>soli morskiej<\/strong> nadaje w\u0142osom obj\u0119to\u015b\u0107, tekstur\u0119 i mi\u0119kko\u015b\u0107.<\/li>\n<\/ul>\n<p>[\/vc_column_text][vc_column_text css=&#8221;&#8221;]<\/p>\n<h1>Jak stosowa\u0107?<\/h1>\n<p class=\"Standard\"><span lang=\"it\">Rozpyli\u0107 teksturyzuj\u0105cy spray morski na wilgotne lub suche w\u0142osy i przyst\u0105pi\u0107 do stylizacji.<\/span><\/p>\n<p>[\/vc_column_text][\/vc_column_inner][\/vc_row_inner][vc_row_inner el_id=&#8221;mobile&#8221;][vc_column_inner width=&#8221;1\/2&#8243; offset=&#8221;vc_hidden-lg vc_hidden-md vc_hidden-sm&#8221;][vc_column_text css=&#8221;&#8221;]<\/p>\n<h1>Pokochasz ten produkt za to, \u017ce<\/h1>\n<ul>\n<li>Tworzy <strong>mi\u0119kkie, naturalne loki<\/strong>.<\/li>\n<li>Wygl\u0105d z <strong>matowym wyko\u0144czeniem<\/strong><\/li>\n<li>Nadaje <strong>obj\u0119to\u015b\u0107<\/strong> i <strong>struktur\u0119<\/strong>.<\/li>\n<\/ul>\n<p>[\/vc_column_text][vc_column_text css=&#8221;&#8221;]<\/p>\n<h1>Sk\u0142adniki aktywne zawarte w formule<\/h1>\n<ul>\n<li>Formu\u0142a oparta na <strong>marchewce<\/strong>, <strong>marakui<\/strong> i <strong>soli morskiej<\/strong> nadaje w\u0142osom obj\u0119to\u015b\u0107, tekstur\u0119 i mi\u0119kko\u015b\u0107.<\/li>\n<\/ul>\n<p>[\/vc_column_text][vc_column_text css=&#8221;&#8221;]<\/p>\n<h1>Jak stosowa\u0107?<\/h1>\n<p class=\"Standard\"><span lang=\"it\">Rozpyli\u0107 teksturyzuj\u0105cy spray morski na wilgotne lub suche w\u0142osy i przyst\u0105pi\u0107 do stylizacji.<\/span><\/p>\n<p>[\/vc_column_text][\/vc_column_inner][vc_column_inner width=&#8221;1\/2&#8243; css=&#8221;.vc_custom_1719828050098{background-image: url(https:\/\/paulrivera.it\/wp-content\/uploads\/2024\/06\/background_adv_produc_bizarre.png?id=11032) !important;background-position: center !important;background-repeat: no-repeat !important;background-size: cover !important;}&#8221; offset=&#8221;vc_hidden-lg vc_hidden-md vc_hidden-sm&#8221;][vc_single_image image=&#8221;11043&#8243; img_size=&#8221;large&#8221; alignment=&#8221;center&#8221; css=&#8221;&#8221;][\/vc_column_inner][\/vc_row_inner][\/vc_column][\/vc_row][vc_row css=&#8221;.vc_custom_1582192829011{padding-top: 50px !important;}&#8221;][vc_column][vc_row_inner][vc_column_inner][vc_column_text]<\/p>\n<h1 style=\"text-align: center;\">Spodoba Ci si\u0119 r\u00f3wnie\u017c<br \/>\n<\/h1>\n<p>[\/vc_column_text][\/vc_column_inner][\/vc_row_inner][vc_raw_html css=&#8221;&#8221;]W3dwYi1wcm9kdWN0LXNsaWRlci1zaG9ydGNvZGUgaWQ9IjExMDk2Il0=[\/vc_raw_html][\/vc_column][\/vc_row]<\/p>\n<\/div>","protected":false},"excerpt":{"rendered":"<p><strong>Bizarre Sea Salt<\/strong> to <strong>teksturyzuj\u0105cy spray morski <\/strong>na bazie <strong>marchewki <\/strong>i <strong>marakui<\/strong>.<\/p>\n<p>Dzi\u0119ki formule wzbogaconej <strong>sol\u0105 morsk\u0105<\/strong> tworzy mi\u0119kkie i naturalne <strong>beach waves<\/strong> oraz nadaje <strong>struktur\u0119<\/strong> i <strong>obj\u0119to\u015b\u0107<\/strong> w\u0142osom.<\/p>\n<p>Rezultat? Wygl\u0105d <strong>pla\u017cowy<\/strong> z <strong>matowym wyko\u0144czeniem<\/strong>.<\/p>\n<p>&nbsp;<\/p>\n<p>200 ml<\/p>\n[maxbutton id=\"8\"]\n","protected":false},"featured_media":11092,"template":"","meta":[],"product_brand":[],"product_cat":[694],"product_tag":[],"class_list":{"0":"post-11085","1":"product","2":"type-product","3":"status-publish","4":"has-post-thumbnail","6":"product_cat-finish-styling-pl","7":"description-off","9":"first","10":"instock","11":"shipping-taxable","12":"product-type-simple"},"yoast_head":"<!-- This site is optimized with the Yoast SEO plugin v27.2 - https:\/\/yoast.com\/product\/yoast-seo-wordpress\/ -->\n<title>Bizarre Sea Salt - teksturyzuj\u0105cy spray morski<\/title>\n<meta name=\"description\" content=\"Bizarre Sea Salt to teksturyzuj\u0105cy spray morski na bazie marchewki i marakui. Dzi\u0119ki formule wzbogaconej sol\u0105 morsk\u0105...\" \/>\n<meta name=\"robots\" content=\"index, follow, max-snippet:-1, max-image-preview:large, max-video-preview:-1\" \/>\n<link rel=\"canonical\" href=\"https:\/\/paulrivera.it\/pl\/prodotti\/finish-styling-pl\/bizarre-sea-salt-teksturyzujacy-spray-morski\/\" \/>\n<meta property=\"og:locale\" content=\"pl_PL\" \/>\n<meta property=\"og:type\" content=\"article\" \/>\n<meta property=\"og:title\" content=\"Bizarre Sea Salt - teksturyzuj\u0105cy spray morski\" \/>\n<meta property=\"og:description\" content=\"Bizarre Sea Salt to teksturyzuj\u0105cy spray morski na bazie marchewki i marakui. Dzi\u0119ki formule wzbogaconej sol\u0105 morsk\u0105...\" \/>\n<meta property=\"og:url\" content=\"https:\/\/paulrivera.it\/pl\/prodotti\/finish-styling-pl\/bizarre-sea-salt-teksturyzujacy-spray-morski\/\" \/>\n<meta property=\"og:site_name\" content=\"Paul Rivera\" \/>\n<meta property=\"article:modified_time\" content=\"2024-07-01T10:59:50+00:00\" \/>\n<meta property=\"og:image\" content=\"https:\/\/paulrivera.it\/wp-content\/uploads\/2024\/07\/606204_paul_rivera_bizarre_200ml-1.png\" \/>\n\t<meta property=\"og:image:width\" content=\"800\" \/>\n\t<meta property=\"og:image:height\" content=\"800\" \/>\n\t<meta property=\"og:image:type\" content=\"image\/png\" \/>\n<meta name=\"twitter:card\" content=\"summary_large_image\" \/>\n<meta name=\"twitter:label1\" content=\"Est. reading time\" \/>\n\t<meta name=\"twitter:data1\" content=\"2 minutes\" \/>\n<script type=\"application\/ld+json\" class=\"yoast-schema-graph\">{\"@context\":\"https:\/\/schema.org\",\"@graph\":[{\"@type\":\"WebPage\",\"@id\":\"https:\/\/paulrivera.it\/pl\/prodotti\/finish-styling-pl\/bizarre-sea-salt-teksturyzujacy-spray-morski\/\",\"url\":\"https:\/\/paulrivera.it\/pl\/prodotti\/finish-styling-pl\/bizarre-sea-salt-teksturyzujacy-spray-morski\/\",\"name\":\"Bizarre Sea Salt - teksturyzuj\u0105cy spray morski\",\"isPartOf\":{\"@id\":\"https:\/\/paulrivera.it\/pl\/#website\"},\"primaryImageOfPage\":{\"@id\":\"https:\/\/paulrivera.it\/pl\/prodotti\/finish-styling-pl\/bizarre-sea-salt-teksturyzujacy-spray-morski\/#primaryimage\"},\"image\":{\"@id\":\"https:\/\/paulrivera.it\/pl\/prodotti\/finish-styling-pl\/bizarre-sea-salt-teksturyzujacy-spray-morski\/#primaryimage\"},\"thumbnailUrl\":\"https:\/\/paulrivera.it\/wp-content\/uploads\/2024\/07\/606204_paul_rivera_bizarre_200ml-1.png\",\"datePublished\":\"2024-07-01T09:54:43+00:00\",\"dateModified\":\"2024-07-01T10:59:50+00:00\",\"description\":\"Bizarre Sea Salt to teksturyzuj\u0105cy spray morski na bazie marchewki i marakui. Dzi\u0119ki formule wzbogaconej sol\u0105 morsk\u0105...\",\"breadcrumb\":{\"@id\":\"https:\/\/paulrivera.it\/pl\/prodotti\/finish-styling-pl\/bizarre-sea-salt-teksturyzujacy-spray-morski\/#breadcrumb\"},\"inLanguage\":\"pl-PL\",\"potentialAction\":[{\"@type\":\"ReadAction\",\"target\":[\"https:\/\/paulrivera.it\/pl\/prodotti\/finish-styling-pl\/bizarre-sea-salt-teksturyzujacy-spray-morski\/\"]}]},{\"@type\":\"ImageObject\",\"inLanguage\":\"pl-PL\",\"@id\":\"https:\/\/paulrivera.it\/pl\/prodotti\/finish-styling-pl\/bizarre-sea-salt-teksturyzujacy-spray-morski\/#primaryimage\",\"url\":\"https:\/\/paulrivera.it\/wp-content\/uploads\/2024\/07\/606204_paul_rivera_bizarre_200ml-1.png\",\"contentUrl\":\"https:\/\/paulrivera.it\/wp-content\/uploads\/2024\/07\/606204_paul_rivera_bizarre_200ml-1.png\",\"width\":800,\"height\":800},{\"@type\":\"BreadcrumbList\",\"@id\":\"https:\/\/paulrivera.it\/pl\/prodotti\/finish-styling-pl\/bizarre-sea-salt-teksturyzujacy-spray-morski\/#breadcrumb\",\"itemListElement\":[{\"@type\":\"ListItem\",\"position\":1,\"name\":\"Home\",\"item\":\"https:\/\/paulrivera.it\/pl\/\"},{\"@type\":\"ListItem\",\"position\":2,\"name\":\"Pagina shop\",\"item\":\"https:\/\/paulrivera.it\/prodotti\/\"},{\"@type\":\"ListItem\",\"position\":3,\"name\":\"Bizarre Sea Salt &#8211; teksturyzuj\u0105cy spray morski\"}]},{\"@type\":\"WebSite\",\"@id\":\"https:\/\/paulrivera.it\/pl\/#website\",\"url\":\"https:\/\/paulrivera.it\/pl\/\",\"name\":\"Paul Rivera\",\"description\":\"Hair Beauty Celebration\",\"publisher\":{\"@id\":\"https:\/\/paulrivera.it\/pl\/#organization\"},\"potentialAction\":[{\"@type\":\"SearchAction\",\"target\":{\"@type\":\"EntryPoint\",\"urlTemplate\":\"https:\/\/paulrivera.it\/pl\/?s={search_term_string}\"},\"query-input\":{\"@type\":\"PropertyValueSpecification\",\"valueRequired\":true,\"valueName\":\"search_term_string\"}}],\"inLanguage\":\"pl-PL\"},{\"@type\":\"Organization\",\"@id\":\"https:\/\/paulrivera.it\/pl\/#organization\",\"name\":\"Paul Rivera\",\"url\":\"https:\/\/paulrivera.it\/pl\/\",\"logo\":{\"@type\":\"ImageObject\",\"inLanguage\":\"pl-PL\",\"@id\":\"https:\/\/paulrivera.it\/pl\/#\/schema\/logo\/image\/\",\"url\":\"https:\/\/paulrivera.it\/wp-content\/uploads\/2020\/02\/paul_rivera_logo_header_x2.png\",\"contentUrl\":\"https:\/\/paulrivera.it\/wp-content\/uploads\/2020\/02\/paul_rivera_logo_header_x2.png\",\"width\":470,\"height\":60,\"caption\":\"Paul Rivera\"},\"image\":{\"@id\":\"https:\/\/paulrivera.it\/pl\/#\/schema\/logo\/image\/\"}}]}<\/script>\n<!-- \/ Yoast SEO plugin. -->","yoast_head_json":{"title":"Bizarre Sea Salt - teksturyzuj\u0105cy spray morski","description":"Bizarre Sea Salt to teksturyzuj\u0105cy spray morski na bazie marchewki i marakui. Dzi\u0119ki formule wzbogaconej sol\u0105 morsk\u0105...","robots":{"index":"index","follow":"follow","max-snippet":"max-snippet:-1","max-image-preview":"max-image-preview:large","max-video-preview":"max-video-preview:-1"},"canonical":"https:\/\/paulrivera.it\/pl\/prodotti\/finish-styling-pl\/bizarre-sea-salt-teksturyzujacy-spray-morski\/","og_locale":"pl_PL","og_type":"article","og_title":"Bizarre Sea Salt - teksturyzuj\u0105cy spray morski","og_description":"Bizarre Sea Salt to teksturyzuj\u0105cy spray morski na bazie marchewki i marakui. Dzi\u0119ki formule wzbogaconej sol\u0105 morsk\u0105...","og_url":"https:\/\/paulrivera.it\/pl\/prodotti\/finish-styling-pl\/bizarre-sea-salt-teksturyzujacy-spray-morski\/","og_site_name":"Paul Rivera","article_modified_time":"2024-07-01T10:59:50+00:00","og_image":[{"width":800,"height":800,"url":"https:\/\/paulrivera.it\/wp-content\/uploads\/2024\/07\/606204_paul_rivera_bizarre_200ml-1.png","type":"image\/png"}],"twitter_card":"summary_large_image","twitter_misc":{"Est. reading time":"2 minutes"},"schema":{"@context":"https:\/\/schema.org","@graph":[{"@type":"WebPage","@id":"https:\/\/paulrivera.it\/pl\/prodotti\/finish-styling-pl\/bizarre-sea-salt-teksturyzujacy-spray-morski\/","url":"https:\/\/paulrivera.it\/pl\/prodotti\/finish-styling-pl\/bizarre-sea-salt-teksturyzujacy-spray-morski\/","name":"Bizarre Sea Salt - teksturyzuj\u0105cy spray morski","isPartOf":{"@id":"https:\/\/paulrivera.it\/pl\/#website"},"primaryImageOfPage":{"@id":"https:\/\/paulrivera.it\/pl\/prodotti\/finish-styling-pl\/bizarre-sea-salt-teksturyzujacy-spray-morski\/#primaryimage"},"image":{"@id":"https:\/\/paulrivera.it\/pl\/prodotti\/finish-styling-pl\/bizarre-sea-salt-teksturyzujacy-spray-morski\/#primaryimage"},"thumbnailUrl":"https:\/\/paulrivera.it\/wp-content\/uploads\/2024\/07\/606204_paul_rivera_bizarre_200ml-1.png","datePublished":"2024-07-01T09:54:43+00:00","dateModified":"2024-07-01T10:59:50+00:00","description":"Bizarre Sea Salt to teksturyzuj\u0105cy spray morski na bazie marchewki i marakui. Dzi\u0119ki formule wzbogaconej sol\u0105 morsk\u0105...","breadcrumb":{"@id":"https:\/\/paulrivera.it\/pl\/prodotti\/finish-styling-pl\/bizarre-sea-salt-teksturyzujacy-spray-morski\/#breadcrumb"},"inLanguage":"pl-PL","potentialAction":[{"@type":"ReadAction","target":["https:\/\/paulrivera.it\/pl\/prodotti\/finish-styling-pl\/bizarre-sea-salt-teksturyzujacy-spray-morski\/"]}]},{"@type":"ImageObject","inLanguage":"pl-PL","@id":"https:\/\/paulrivera.it\/pl\/prodotti\/finish-styling-pl\/bizarre-sea-salt-teksturyzujacy-spray-morski\/#primaryimage","url":"https:\/\/paulrivera.it\/wp-content\/uploads\/2024\/07\/606204_paul_rivera_bizarre_200ml-1.png","contentUrl":"https:\/\/paulrivera.it\/wp-content\/uploads\/2024\/07\/606204_paul_rivera_bizarre_200ml-1.png","width":800,"height":800},{"@type":"BreadcrumbList","@id":"https:\/\/paulrivera.it\/pl\/prodotti\/finish-styling-pl\/bizarre-sea-salt-teksturyzujacy-spray-morski\/#breadcrumb","itemListElement":[{"@type":"ListItem","position":1,"name":"Home","item":"https:\/\/paulrivera.it\/pl\/"},{"@type":"ListItem","position":2,"name":"Pagina shop","item":"https:\/\/paulrivera.it\/prodotti\/"},{"@type":"ListItem","position":3,"name":"Bizarre Sea Salt &#8211; teksturyzuj\u0105cy spray morski"}]},{"@type":"WebSite","@id":"https:\/\/paulrivera.it\/pl\/#website","url":"https:\/\/paulrivera.it\/pl\/","name":"Paul Rivera","description":"Hair Beauty Celebration","publisher":{"@id":"https:\/\/paulrivera.it\/pl\/#organization"},"potentialAction":[{"@type":"SearchAction","target":{"@type":"EntryPoint","urlTemplate":"https:\/\/paulrivera.it\/pl\/?s={search_term_string}"},"query-input":{"@type":"PropertyValueSpecification","valueRequired":true,"valueName":"search_term_string"}}],"inLanguage":"pl-PL"},{"@type":"Organization","@id":"https:\/\/paulrivera.it\/pl\/#organization","name":"Paul Rivera","url":"https:\/\/paulrivera.it\/pl\/","logo":{"@type":"ImageObject","inLanguage":"pl-PL","@id":"https:\/\/paulrivera.it\/pl\/#\/schema\/logo\/image\/","url":"https:\/\/paulrivera.it\/wp-content\/uploads\/2020\/02\/paul_rivera_logo_header_x2.png","contentUrl":"https:\/\/paulrivera.it\/wp-content\/uploads\/2020\/02\/paul_rivera_logo_header_x2.png","width":470,"height":60,"caption":"Paul Rivera"},"image":{"@id":"https:\/\/paulrivera.it\/pl\/#\/schema\/logo\/image\/"}}]}},"_links":{"self":[{"href":"https:\/\/paulrivera.it\/pl\/wp-json\/wp\/v2\/product\/11085","targetHints":{"allow":["GET"]}}],"collection":[{"href":"https:\/\/paulrivera.it\/pl\/wp-json\/wp\/v2\/product"}],"about":[{"href":"https:\/\/paulrivera.it\/pl\/wp-json\/wp\/v2\/types\/product"}],"wp:featuredmedia":[{"embeddable":true,"href":"https:\/\/paulrivera.it\/pl\/wp-json\/wp\/v2\/media\/11092"}],"wp:attachment":[{"href":"https:\/\/paulrivera.it\/pl\/wp-json\/wp\/v2\/media?parent=11085"}],"wp:term":[{"taxonomy":"product_brand","embeddable":true,"href":"https:\/\/paulrivera.it\/pl\/wp-json\/wp\/v2\/product_brand?post=11085"},{"taxonomy":"product_cat","embeddable":true,"href":"https:\/\/paulrivera.it\/pl\/wp-json\/wp\/v2\/product_cat?post=11085"},{"taxonomy":"product_tag","embeddable":true,"href":"https:\/\/paulrivera.it\/pl\/wp-json\/wp\/v2\/product_tag?post=11085"}],"curies":[{"name":"wp","href":"https:\/\/api.w.org\/{rel}","templated":true}]}}