{"id":11573,"date":"2024-11-29T12:12:28","date_gmt":"2024-11-29T11:13:23","guid":{"rendered":"https:\/\/paulrivera.it\/?post_type=product&#038;p=11573"},"modified":"2025-01-20T12:30:15","modified_gmt":"2025-01-20T11:30:15","slug":"spherica-ultra-szybki-krem-koloryzujacy","status":"publish","type":"product","link":"https:\/\/paulrivera.it\/pl\/prodotti\/koloryzacja\/spherica-ultra-szybki-krem-koloryzujacy\/","title":{"rendered":"Spherica &#8211; Ultra szybki krem koloryzuj\u0105cy"},"content":{"rendered":"<div class=\"wpb-content-wrapper\"><p>[vc_row full_width=&#8221;stretch_row&#8221;][vc_column][vc_row_inner el_id=&#8221;desktop&#8221;][vc_column_inner width=&#8221;1\/2&#8243; css=&#8221;.vc_custom_1583136274138{padding-right: 10% !important;padding-left: 30% !important;}&#8221; offset=&#8221;vc_hidden-md vc_hidden-sm vc_hidden-xs&#8221;][vc_column_text css=&#8221;&#8221;]<\/p>\n<h1><span style=\"font-weight: 400;\">Pokochasz ten produkt za to, \u017ce<\/span><\/h1>\n<ul>\n<li>Zapewnia ca\u0142kowite pokrycie siwych w\u0142os\u00f3w<\/li>\n<li>Gwarantuje us\u0142ug\u0119 koloryzacji w zaledwie 10 minut<\/li>\n<li>Zapewnia natychmiastowy i nieskazitelny efekt<\/li>\n<li>Daje jednolity efekt<\/li>\n<\/ul>\n<p>[\/vc_column_text][vc_column_text css=&#8221;&#8221;]<\/p>\n<h1><span style=\"font-weight: 400;\">Sk\u0142adniki aktywne zawarte w formule<\/span><\/h1>\n<ul>\n<li><strong>Wyci\u0105g z rumianku<\/strong>: pomaga nada\u0107 w\u0142osom po\u0142ysk, mi\u0119kko\u015b\u0107 i nawil\u017cenie, chroni\u0105c je przed starzeniem.<\/li>\n<li><strong>Olejek arganowy<\/strong>: wspomaga nawil\u017cenie w\u0142os\u00f3w, poprawiaj\u0105c ich po\u0142ysk i zwalczaj\u0105c puszenie si\u0119.<\/li>\n<li><strong>Wyci\u0105g bia\u0142kowy z pestek dyni<\/strong>: pomaga poprawi\u0107 nawil\u017cenie w\u0142os\u00f3w i zamyka \u0142uski, zapewniaj\u0105c wspania\u0142y, d\u0142ugotrwa\u0142y kolor.<\/li>\n<li><strong>Kwas hialuronowy<\/strong>: pomaga utrzyma\u0107 nawil\u017cenie, mi\u0119kko\u015b\u0107 i jedwabisto\u015b\u0107 w\u0142os\u00f3w.<\/li>\n<\/ul>\n<p>[\/vc_column_text][vc_column_text css=&#8221;&#8221;]<\/p>\n<h1><span style=\"font-weight: 400;\">Jak stosowa\u0107?<\/span><\/h1>\n<p class=\"Standard\"><span lang=\"it\">W niemetalowej miseczce wymiesza\u0107 krem koloryzuj\u0105cy Spherica z wybran\u0105 przez siebie emulsj\u0105 utleniaj\u0105c\u0105 Ultra Vox w proporcji (1:1,5 &#8211; 1:2).<br \/>\nUwaga: produkt przeznaczony jest wy\u0142\u0105cznie do u\u017cytku profesjonalnego.<\/span><\/p>\n<p>[\/vc_column_text][\/vc_column_inner][vc_column_inner width=&#8221;1\/2&#8243; css=&#8221;.vc_custom_1733308334318{background-image: url(https:\/\/paulrivera.it\/wp-content\/uploads\/2024\/11\/background_adv_produc_spherica.png?id=15376) !important;background-position: center !important;background-repeat: no-repeat !important;background-size: cover !important;}&#8221; offset=&#8221;vc_hidden-md vc_hidden-sm vc_hidden-xs&#8221;][vc_empty_space height=&#8221;50px&#8221;][vc_single_image image=&#8221;15409&#8243; img_size=&#8221;large&#8221; alignment=&#8221;center&#8221; css=&#8221;&#8221;][vc_empty_space height=&#8221;50px&#8221;][\/vc_column_inner][\/vc_row_inner][vc_row_inner el_id=&#8221;tablet&#8221;][vc_column_inner offset=&#8221;vc_hidden-lg vc_hidden-xs&#8221;][vc_column_text css=&#8221;&#8221;]<\/p>\n<h1><span style=\"font-weight: 400;\">Pokochasz ten produkt za to, \u017ce<\/span><\/h1>\n<ul>\n<li>Zapewnia ca\u0142kowite pokrycie siwych w\u0142os\u00f3w<\/li>\n<li>Gwarantuje us\u0142ug\u0119 koloryzacji w zaledwie 10 minut<\/li>\n<li>Zapewnia natychmiastowy i nieskazitelny efekt<\/li>\n<li>Daje jednolity efekt<\/li>\n<\/ul>\n<p>[\/vc_column_text][vc_column_text css=&#8221;&#8221;]<\/p>\n<h1><span style=\"font-weight: 400;\">Sk\u0142adniki aktywne zawarte w formule<\/span><\/h1>\n<ul>\n<li><strong>Wyci\u0105g z rumianku<\/strong>: pomaga nada\u0107 w\u0142osom po\u0142ysk, mi\u0119kko\u015b\u0107 i nawil\u017cenie, chroni\u0105c je przed starzeniem.<\/li>\n<li><strong>Olejek arganowy<\/strong>: wspomaga nawil\u017cenie w\u0142os\u00f3w, poprawiaj\u0105c ich po\u0142ysk i zwalczaj\u0105c puszenie si\u0119.<\/li>\n<li><strong>Wyci\u0105g bia\u0142kowy z pestek dyni<\/strong>: pomaga poprawi\u0107 nawil\u017cenie w\u0142os\u00f3w i zamyka \u0142uski, zapewniaj\u0105c wspania\u0142y, d\u0142ugotrwa\u0142y kolor.<\/li>\n<li><strong>Kwas hialuronowy<\/strong>: pomaga utrzyma\u0107 nawil\u017cenie, mi\u0119kko\u015b\u0107 i jedwabisto\u015b\u0107 w\u0142os\u00f3w.<\/li>\n<\/ul>\n<p>[\/vc_column_text][vc_column_text css=&#8221;&#8221;]<\/p>\n<h1><span style=\"font-weight: 400;\">Jak stosowa\u0107?<\/span><\/h1>\n<p><span lang=\"it\">W niemetalowej miseczce wymiesza\u0107 krem koloryzuj\u0105cy Spherica z wybran\u0105 przez siebie emulsj\u0105 utleniaj\u0105c\u0105 Ultra Vox w proporcji (1:1,5 &#8211; 1:2).<br \/>\nUwaga: produkt przeznaczony jest wy\u0142\u0105cznie do u\u017cytku profesjonalnego.<br \/>\n<\/span>[\/vc_column_text][\/vc_column_inner][\/vc_row_inner][vc_row_inner el_id=&#8221;mobile&#8221;][vc_column_inner width=&#8221;1\/2&#8243; offset=&#8221;vc_hidden-lg vc_hidden-md vc_hidden-sm&#8221;][vc_column_text css=&#8221;&#8221;]<\/p>\n<h1><span style=\"font-weight: 400;\">Pokochasz ten produkt za to, \u017ce<\/span><\/h1>\n<ul>\n<li>Zapewnia ca\u0142kowite pokrycie siwych w\u0142os\u00f3w<\/li>\n<li>Gwarantuje us\u0142ug\u0119 koloryzacji w zaledwie 10 minut<\/li>\n<li>Zapewnia natychmiastowy i nieskazitelny efekt<\/li>\n<li>Daje jednolity efekt<\/li>\n<\/ul>\n<p>[\/vc_column_text][vc_column_text css=&#8221;&#8221;]<\/p>\n<h1><span style=\"font-weight: 400;\">Sk\u0142adniki aktywne zawarte w formule<\/span><\/h1>\n<ul>\n<li><strong>Wyci\u0105g z rumianku<\/strong>: pomaga nada\u0107 w\u0142osom po\u0142ysk, mi\u0119kko\u015b\u0107 i nawil\u017cenie, chroni\u0105c je przed starzeniem.<\/li>\n<li><strong>Olejek arganowy<\/strong>: wspomaga nawil\u017cenie w\u0142os\u00f3w, poprawiaj\u0105c ich po\u0142ysk i zwalczaj\u0105c puszenie si\u0119.<\/li>\n<li><strong>Wyci\u0105g bia\u0142kowy z pestek dyni<\/strong>: pomaga poprawi\u0107 nawil\u017cenie w\u0142os\u00f3w i zamyka \u0142uski, zapewniaj\u0105c wspania\u0142y, d\u0142ugotrwa\u0142y kolor.<\/li>\n<li><strong>Kwas hialuronowy<\/strong>: pomaga utrzyma\u0107 nawil\u017cenie, mi\u0119kko\u015b\u0107 i jedwabisto\u015b\u0107 w\u0142os\u00f3w.<\/li>\n<\/ul>\n<p>[\/vc_column_text][vc_column_text css=&#8221;&#8221;]<\/p>\n<h1><span style=\"font-weight: 400;\">Jak stosowa\u0107?<\/span><\/h1>\n<p><span lang=\"it\">W niemetalowej miseczce wymiesza\u0107 krem koloryzuj\u0105cy Spherica z wybran\u0105 przez siebie emulsj\u0105 utleniaj\u0105c\u0105 Ultra Vox w proporcji (1:1,5 &#8211; 1:2).<br \/>\nUwaga: produkt przeznaczony jest wy\u0142\u0105cznie do u\u017cytku profesjonalnego.<br \/>\n<\/span>[\/vc_column_text][\/vc_column_inner][vc_column_inner width=&#8221;1\/2&#8243; css=&#8221;.vc_custom_1733308360903{background-image: url(https:\/\/paulrivera.it\/wp-content\/uploads\/2024\/11\/background_adv_produc_spherica.png?id=15376) !important;background-position: center !important;background-repeat: no-repeat !important;background-size: cover !important;}&#8221; offset=&#8221;vc_hidden-lg vc_hidden-md vc_hidden-sm&#8221;][vc_single_image image=&#8221;15409&#8243; img_size=&#8221;large&#8221; alignment=&#8221;center&#8221; css=&#8221;&#8221;][\/vc_column_inner][\/vc_row_inner][\/vc_column][\/vc_row][vc_row css=&#8221;.vc_custom_1582192829011{padding-top: 50px !important;}&#8221;][vc_column][vc_row_inner][vc_column_inner][vc_column_text]<\/p>\n<h1 style=\"text-align: center;\"><span style=\"font-weight: 400;\">Spodoba Ci si\u0119 r\u00f3wnie\u017c<\/span><\/h1>\n<p>[\/vc_column_text][\/vc_column_inner][\/vc_row_inner][vc_raw_html css=&#8221;&#8221;]JTVCd3BiLXByb2R1Y3Qtc2xpZGVyLXNob3J0Y29kZSUyMGlkJTNEJTIyMTUzODYlMjIlNUQ=[\/vc_raw_html][\/vc_column][\/vc_row]<\/p>\n<\/div>","protected":false},"excerpt":{"rendered":"<p>Spherica to ultraszybki krem koloryzuj\u0105cy, kt\u00f3ry zapewnia <strong>niezwyk\u0142y <\/strong>efekt i <strong>doskona\u0142y rezultat w zaledwie 10 minut<\/strong>.<\/p>\n<p>Dzi\u0119ki <strong>innowacyjnej formule<\/strong> daje mo\u017cliwo\u015b\u0107 przeprowadzenia <strong>szybkiej us\u0142ugi koloryzacji,<\/strong> nadaj\u0105c w\u0142osom <strong>pi\u0119kno<\/strong> i <strong>wyj\u0105tkowy po\u0142ysk<\/strong> oraz <strong>rozja\u015bnienie do 4 ton\u00f3w<\/strong>.<\/p>\n<p>&nbsp;<\/p>\n<p>Innowacyjny proces <strong>HR System <\/strong>wykorzystuje <strong>synergiczne po\u0142\u0105czenie sk\u0142adnik\u00f3w aktywnych<\/strong> wyci\u0105gu z pestek dyni, olejku arganowego, wyci\u0105gu z rumianku i kwasu hialuronowego, aby zapewni\u0107 <strong>skuteczn\u0105<\/strong>, <strong>szybk\u0105<\/strong> i <strong>bezpieczn\u0105<\/strong> koloryzacj\u0119 przy jednoczesnym <strong>nawil\u017ceniu<\/strong> w\u0142os\u00f3w.<\/p>\n<p>&nbsp;<\/p>\n<p>100 ml<\/p>\n<p>50 odcieni<\/p>\n<p>Mieszanie: Standardowe 1:1,5 | Supershaker 1:2<\/p>\n<p>&nbsp;<\/p>\n[maxbutton id=\"8\"]\n","protected":false},"featured_media":14619,"template":"","meta":[],"product_brand":[],"product_cat":[693],"product_tag":[],"class_list":{"0":"post-11573","1":"product","2":"type-product","3":"status-publish","4":"has-post-thumbnail","6":"product_cat-koloryzacja","7":"description-off","9":"first","10":"instock","11":"shipping-taxable","12":"product-type-variable"},"yoast_head":"<!-- This site is optimized with the Yoast SEO plugin v27.2 - https:\/\/yoast.com\/product\/yoast-seo-wordpress\/ -->\n<title>Spherica - Ultra szybki krem koloryzuj\u0105cy<\/title>\n<meta name=\"description\" content=\"Spherica to ultraszybki krem koloryzuj\u0105cy, kt\u00f3ry zapewnia niezwyk\u0142y efekt i doskona\u0142y rezultat w zaledwie 10 minut.\" \/>\n<meta name=\"robots\" content=\"index, follow, max-snippet:-1, max-image-preview:large, max-video-preview:-1\" \/>\n<link rel=\"canonical\" href=\"https:\/\/paulrivera.it\/pl\/prodotti\/koloryzacja\/spherica-ultra-szybki-krem-koloryzujacy\/\" \/>\n<meta property=\"og:locale\" content=\"pl_PL\" \/>\n<meta property=\"og:type\" content=\"article\" \/>\n<meta property=\"og:title\" content=\"Spherica - Ultra szybki krem koloryzuj\u0105cy\" \/>\n<meta property=\"og:description\" content=\"Spherica to ultraszybki krem koloryzuj\u0105cy, kt\u00f3ry zapewnia niezwyk\u0142y efekt i doskona\u0142y rezultat w zaledwie 10 minut.\" \/>\n<meta property=\"og:url\" content=\"https:\/\/paulrivera.it\/pl\/prodotti\/koloryzacja\/spherica-ultra-szybki-krem-koloryzujacy\/\" \/>\n<meta property=\"og:site_name\" content=\"Paul Rivera\" \/>\n<meta property=\"article:modified_time\" content=\"2025-01-20T11:30:15+00:00\" \/>\n<meta property=\"og:image\" content=\"https:\/\/paulrivera.it\/wp-content\/uploads\/2024\/12\/6017xx_paul_rivera_spherica_100ml.png\" \/>\n\t<meta property=\"og:image:width\" content=\"800\" \/>\n\t<meta property=\"og:image:height\" content=\"800\" \/>\n\t<meta property=\"og:image:type\" content=\"image\/png\" \/>\n<meta name=\"twitter:card\" content=\"summary_large_image\" \/>\n<meta name=\"twitter:label1\" content=\"Est. reading time\" \/>\n\t<meta name=\"twitter:data1\" content=\"3 minutes\" \/>\n<script type=\"application\/ld+json\" class=\"yoast-schema-graph\">{\"@context\":\"https:\/\/schema.org\",\"@graph\":[{\"@type\":\"WebPage\",\"@id\":\"https:\/\/paulrivera.it\/pl\/prodotti\/koloryzacja\/spherica-ultra-szybki-krem-koloryzujacy\/\",\"url\":\"https:\/\/paulrivera.it\/pl\/prodotti\/koloryzacja\/spherica-ultra-szybki-krem-koloryzujacy\/\",\"name\":\"Spherica - Ultra szybki krem koloryzuj\u0105cy\",\"isPartOf\":{\"@id\":\"https:\/\/paulrivera.it\/pl\/#website\"},\"primaryImageOfPage\":{\"@id\":\"https:\/\/paulrivera.it\/pl\/prodotti\/koloryzacja\/spherica-ultra-szybki-krem-koloryzujacy\/#primaryimage\"},\"image\":{\"@id\":\"https:\/\/paulrivera.it\/pl\/prodotti\/koloryzacja\/spherica-ultra-szybki-krem-koloryzujacy\/#primaryimage\"},\"thumbnailUrl\":\"https:\/\/paulrivera.it\/wp-content\/uploads\/2024\/12\/6017xx_paul_rivera_spherica_100ml.png\",\"datePublished\":\"2024-11-29T11:13:23+00:00\",\"dateModified\":\"2025-01-20T11:30:15+00:00\",\"description\":\"Spherica to ultraszybki krem koloryzuj\u0105cy, kt\u00f3ry zapewnia niezwyk\u0142y efekt i doskona\u0142y rezultat w zaledwie 10 minut.\",\"breadcrumb\":{\"@id\":\"https:\/\/paulrivera.it\/pl\/prodotti\/koloryzacja\/spherica-ultra-szybki-krem-koloryzujacy\/#breadcrumb\"},\"inLanguage\":\"pl-PL\",\"potentialAction\":[{\"@type\":\"ReadAction\",\"target\":[\"https:\/\/paulrivera.it\/pl\/prodotti\/koloryzacja\/spherica-ultra-szybki-krem-koloryzujacy\/\"]}]},{\"@type\":\"ImageObject\",\"inLanguage\":\"pl-PL\",\"@id\":\"https:\/\/paulrivera.it\/pl\/prodotti\/koloryzacja\/spherica-ultra-szybki-krem-koloryzujacy\/#primaryimage\",\"url\":\"https:\/\/paulrivera.it\/wp-content\/uploads\/2024\/12\/6017xx_paul_rivera_spherica_100ml.png\",\"contentUrl\":\"https:\/\/paulrivera.it\/wp-content\/uploads\/2024\/12\/6017xx_paul_rivera_spherica_100ml.png\",\"width\":800,\"height\":800},{\"@type\":\"BreadcrumbList\",\"@id\":\"https:\/\/paulrivera.it\/pl\/prodotti\/koloryzacja\/spherica-ultra-szybki-krem-koloryzujacy\/#breadcrumb\",\"itemListElement\":[{\"@type\":\"ListItem\",\"position\":1,\"name\":\"Home\",\"item\":\"https:\/\/paulrivera.it\/pl\/\"},{\"@type\":\"ListItem\",\"position\":2,\"name\":\"Pagina shop\",\"item\":\"https:\/\/paulrivera.it\/prodotti\/\"},{\"@type\":\"ListItem\",\"position\":3,\"name\":\"Spherica &#8211; Ultra szybki krem koloryzuj\u0105cy\"}]},{\"@type\":\"WebSite\",\"@id\":\"https:\/\/paulrivera.it\/pl\/#website\",\"url\":\"https:\/\/paulrivera.it\/pl\/\",\"name\":\"Paul Rivera\",\"description\":\"Hair Beauty Celebration\",\"publisher\":{\"@id\":\"https:\/\/paulrivera.it\/pl\/#organization\"},\"potentialAction\":[{\"@type\":\"SearchAction\",\"target\":{\"@type\":\"EntryPoint\",\"urlTemplate\":\"https:\/\/paulrivera.it\/pl\/?s={search_term_string}\"},\"query-input\":{\"@type\":\"PropertyValueSpecification\",\"valueRequired\":true,\"valueName\":\"search_term_string\"}}],\"inLanguage\":\"pl-PL\"},{\"@type\":\"Organization\",\"@id\":\"https:\/\/paulrivera.it\/pl\/#organization\",\"name\":\"Paul Rivera\",\"url\":\"https:\/\/paulrivera.it\/pl\/\",\"logo\":{\"@type\":\"ImageObject\",\"inLanguage\":\"pl-PL\",\"@id\":\"https:\/\/paulrivera.it\/pl\/#\/schema\/logo\/image\/\",\"url\":\"https:\/\/paulrivera.it\/wp-content\/uploads\/2020\/02\/paul_rivera_logo_header_x2.png\",\"contentUrl\":\"https:\/\/paulrivera.it\/wp-content\/uploads\/2020\/02\/paul_rivera_logo_header_x2.png\",\"width\":470,\"height\":60,\"caption\":\"Paul Rivera\"},\"image\":{\"@id\":\"https:\/\/paulrivera.it\/pl\/#\/schema\/logo\/image\/\"}}]}<\/script>\n<!-- \/ Yoast SEO plugin. -->","yoast_head_json":{"title":"Spherica - Ultra szybki krem koloryzuj\u0105cy","description":"Spherica to ultraszybki krem koloryzuj\u0105cy, kt\u00f3ry zapewnia niezwyk\u0142y efekt i doskona\u0142y rezultat w zaledwie 10 minut.","robots":{"index":"index","follow":"follow","max-snippet":"max-snippet:-1","max-image-preview":"max-image-preview:large","max-video-preview":"max-video-preview:-1"},"canonical":"https:\/\/paulrivera.it\/pl\/prodotti\/koloryzacja\/spherica-ultra-szybki-krem-koloryzujacy\/","og_locale":"pl_PL","og_type":"article","og_title":"Spherica - Ultra szybki krem koloryzuj\u0105cy","og_description":"Spherica to ultraszybki krem koloryzuj\u0105cy, kt\u00f3ry zapewnia niezwyk\u0142y efekt i doskona\u0142y rezultat w zaledwie 10 minut.","og_url":"https:\/\/paulrivera.it\/pl\/prodotti\/koloryzacja\/spherica-ultra-szybki-krem-koloryzujacy\/","og_site_name":"Paul Rivera","article_modified_time":"2025-01-20T11:30:15+00:00","og_image":[{"width":800,"height":800,"url":"https:\/\/paulrivera.it\/wp-content\/uploads\/2024\/12\/6017xx_paul_rivera_spherica_100ml.png","type":"image\/png"}],"twitter_card":"summary_large_image","twitter_misc":{"Est. reading time":"3 minutes"},"schema":{"@context":"https:\/\/schema.org","@graph":[{"@type":"WebPage","@id":"https:\/\/paulrivera.it\/pl\/prodotti\/koloryzacja\/spherica-ultra-szybki-krem-koloryzujacy\/","url":"https:\/\/paulrivera.it\/pl\/prodotti\/koloryzacja\/spherica-ultra-szybki-krem-koloryzujacy\/","name":"Spherica - Ultra szybki krem koloryzuj\u0105cy","isPartOf":{"@id":"https:\/\/paulrivera.it\/pl\/#website"},"primaryImageOfPage":{"@id":"https:\/\/paulrivera.it\/pl\/prodotti\/koloryzacja\/spherica-ultra-szybki-krem-koloryzujacy\/#primaryimage"},"image":{"@id":"https:\/\/paulrivera.it\/pl\/prodotti\/koloryzacja\/spherica-ultra-szybki-krem-koloryzujacy\/#primaryimage"},"thumbnailUrl":"https:\/\/paulrivera.it\/wp-content\/uploads\/2024\/12\/6017xx_paul_rivera_spherica_100ml.png","datePublished":"2024-11-29T11:13:23+00:00","dateModified":"2025-01-20T11:30:15+00:00","description":"Spherica to ultraszybki krem koloryzuj\u0105cy, kt\u00f3ry zapewnia niezwyk\u0142y efekt i doskona\u0142y rezultat w zaledwie 10 minut.","breadcrumb":{"@id":"https:\/\/paulrivera.it\/pl\/prodotti\/koloryzacja\/spherica-ultra-szybki-krem-koloryzujacy\/#breadcrumb"},"inLanguage":"pl-PL","potentialAction":[{"@type":"ReadAction","target":["https:\/\/paulrivera.it\/pl\/prodotti\/koloryzacja\/spherica-ultra-szybki-krem-koloryzujacy\/"]}]},{"@type":"ImageObject","inLanguage":"pl-PL","@id":"https:\/\/paulrivera.it\/pl\/prodotti\/koloryzacja\/spherica-ultra-szybki-krem-koloryzujacy\/#primaryimage","url":"https:\/\/paulrivera.it\/wp-content\/uploads\/2024\/12\/6017xx_paul_rivera_spherica_100ml.png","contentUrl":"https:\/\/paulrivera.it\/wp-content\/uploads\/2024\/12\/6017xx_paul_rivera_spherica_100ml.png","width":800,"height":800},{"@type":"BreadcrumbList","@id":"https:\/\/paulrivera.it\/pl\/prodotti\/koloryzacja\/spherica-ultra-szybki-krem-koloryzujacy\/#breadcrumb","itemListElement":[{"@type":"ListItem","position":1,"name":"Home","item":"https:\/\/paulrivera.it\/pl\/"},{"@type":"ListItem","position":2,"name":"Pagina shop","item":"https:\/\/paulrivera.it\/prodotti\/"},{"@type":"ListItem","position":3,"name":"Spherica &#8211; Ultra szybki krem koloryzuj\u0105cy"}]},{"@type":"WebSite","@id":"https:\/\/paulrivera.it\/pl\/#website","url":"https:\/\/paulrivera.it\/pl\/","name":"Paul Rivera","description":"Hair Beauty Celebration","publisher":{"@id":"https:\/\/paulrivera.it\/pl\/#organization"},"potentialAction":[{"@type":"SearchAction","target":{"@type":"EntryPoint","urlTemplate":"https:\/\/paulrivera.it\/pl\/?s={search_term_string}"},"query-input":{"@type":"PropertyValueSpecification","valueRequired":true,"valueName":"search_term_string"}}],"inLanguage":"pl-PL"},{"@type":"Organization","@id":"https:\/\/paulrivera.it\/pl\/#organization","name":"Paul Rivera","url":"https:\/\/paulrivera.it\/pl\/","logo":{"@type":"ImageObject","inLanguage":"pl-PL","@id":"https:\/\/paulrivera.it\/pl\/#\/schema\/logo\/image\/","url":"https:\/\/paulrivera.it\/wp-content\/uploads\/2020\/02\/paul_rivera_logo_header_x2.png","contentUrl":"https:\/\/paulrivera.it\/wp-content\/uploads\/2020\/02\/paul_rivera_logo_header_x2.png","width":470,"height":60,"caption":"Paul Rivera"},"image":{"@id":"https:\/\/paulrivera.it\/pl\/#\/schema\/logo\/image\/"}}]}},"_links":{"self":[{"href":"https:\/\/paulrivera.it\/pl\/wp-json\/wp\/v2\/product\/11573","targetHints":{"allow":["GET"]}}],"collection":[{"href":"https:\/\/paulrivera.it\/pl\/wp-json\/wp\/v2\/product"}],"about":[{"href":"https:\/\/paulrivera.it\/pl\/wp-json\/wp\/v2\/types\/product"}],"wp:featuredmedia":[{"embeddable":true,"href":"https:\/\/paulrivera.it\/pl\/wp-json\/wp\/v2\/media\/14619"}],"wp:attachment":[{"href":"https:\/\/paulrivera.it\/pl\/wp-json\/wp\/v2\/media?parent=11573"}],"wp:term":[{"taxonomy":"product_brand","embeddable":true,"href":"https:\/\/paulrivera.it\/pl\/wp-json\/wp\/v2\/product_brand?post=11573"},{"taxonomy":"product_cat","embeddable":true,"href":"https:\/\/paulrivera.it\/pl\/wp-json\/wp\/v2\/product_cat?post=11573"},{"taxonomy":"product_tag","embeddable":true,"href":"https:\/\/paulrivera.it\/pl\/wp-json\/wp\/v2\/product_tag?post=11573"}],"curies":[{"name":"wp","href":"https:\/\/api.w.org\/{rel}","templated":true}]}}