{"id":15901,"date":"2025-09-24T12:24:12","date_gmt":"2025-09-24T10:24:12","guid":{"rendered":"https:\/\/paulrivera.it\/?post_type=product&#038;p=15901"},"modified":"2025-09-25T09:51:27","modified_gmt":"2025-09-25T07:51:27","slug":"purifyze-oczyszczajacy-szampon-2","status":"publish","type":"product","link":"https:\/\/paulrivera.it\/pl\/prodotti\/kuracje\/purifyze-skora-glowy-z-suchym-lupiezem\/purifyze-oczyszczajacy-szampon-2\/","title":{"rendered":"Purifyze \u2013 Oczyszczaj\u0105cy Szampon"},"content":{"rendered":"<div class=\"wpb-content-wrapper\"><p>[vc_row full_width=&#8221;stretch_row&#8221;][vc_column][vc_row_inner el_id=&#8221;desktop&#8221;][vc_column_inner width=&#8221;1\/2&#8243; css=&#8221;.vc_custom_1582194227194{padding-top: 10% !important;padding-right: 10% !important;padding-bottom: 10% !important;padding-left: 30% !important;}&#8221; offset=&#8221;vc_hidden-md vc_hidden-sm vc_hidden-xs&#8221;][vc_column_text css=&#8221;&#8221;]<\/p>\n<h1>Pokochasz ten produkt za to, \u017ce<\/h1>\n<ul>\n<li><span style=\"font-weight: 400;\">Delikatnie oczyszcza, zachowuj\u0105c r\u00f3wnowag\u0119 sk\u00f3ry<\/span><\/li>\n<li><span style=\"font-weight: 400;\">Przeciwdzia\u0142a sucho\u015bci i \u0142uszczeniu<\/span><\/li>\n<li><span style=\"font-weight: 400;\">Nadaje w\u0142osom lekko\u015b\u0107 i d\u0142ugotrwa\u0142e uczucie komfortu<\/span><\/li>\n<\/ul>\n<p>[\/vc_column_text][vc_column_text css=&#8221;&#8221;]<\/p>\n<h1>Sk\u0142adniki aktywne zawarte w formule<\/h1>\n<ul>\n<li><span style=\"font-weight: 400;\">Imbir: reaktywuje mikrokr\u0105\u017cenie sk\u00f3ry, stymuluje odnow\u0119 kom\u00f3rkow\u0105 oraz \u0142agodzi sw\u0119dzenie i zaczerwienienia.<\/span><\/li>\n<li><span style=\"font-weight: 400;\">Pirokton Olaminy: dzia\u0142a celowo przeciw suchemu \u0142upie\u017cowi dzi\u0119ki w\u0142a\u015bciwo\u015bciom przeciwgrzybiczym i antybakteryjnym, pomagaj\u0105c utrzyma\u0107 sk\u00f3r\u0119 g\u0142owy czyst\u0105 i zr\u00f3wnowa\u017con\u0105.<\/span><\/li>\n<\/ul>\n<p>[\/vc_column_text][vc_column_text css=&#8221;&#8221;]<\/p>\n<h1>Jak stosowa\u0107?<\/h1>\n<p><span style=\"font-weight: 400;\">Na\u0142o\u017cy\u0107 na mokre w\u0142osy, delikatnie masowa\u0107 sk\u00f3r\u0119 g\u0142owy przez kilka minut, a nast\u0119pnie sp\u0142uka\u0107. W razie potrzeby powt\u00f3rzy\u0107.<\/span>[\/vc_column_text][\/vc_column_inner][vc_column_inner width=&#8221;1\/2&#8243; css=&#8221;.vc_custom_1758702833563{background-color: #5F319D !important;background-position: center !important;background-repeat: no-repeat !important;background-size: cover !important;}&#8221; offset=&#8221;vc_hidden-md vc_hidden-sm vc_hidden-xs&#8221;][vc_single_image image=&#8221;15722&#8243; img_size=&#8221;large&#8221; alignment=&#8221;center&#8221; css=&#8221;&#8221;][\/vc_column_inner][\/vc_row_inner][vc_row_inner el_id=&#8221;tablet&#8221;][vc_column_inner offset=&#8221;vc_hidden-lg vc_hidden-xs&#8221;][vc_column_text css=&#8221;&#8221;]<\/p>\n<h1>Pokochasz ten produkt za to, \u017ce<\/h1>\n<ul>\n<li><span style=\"font-weight: 400;\">Delikatnie oczyszcza, zachowuj\u0105c r\u00f3wnowag\u0119 sk\u00f3ry<\/span><\/li>\n<li><span style=\"font-weight: 400;\">Przeciwdzia\u0142a sucho\u015bci i \u0142uszczeniu<\/span><\/li>\n<li><span style=\"font-weight: 400;\">Nadaje w\u0142osom lekko\u015b\u0107 i d\u0142ugotrwa\u0142e uczucie komfortu<\/span><\/li>\n<\/ul>\n<p>[\/vc_column_text][vc_column_text css=&#8221;&#8221;]<\/p>\n<h1>Sk\u0142adniki aktywne zawarte w formule<\/h1>\n<ul>\n<li><span style=\"font-weight: 400;\">Imbir: reaktywuje mikrokr\u0105\u017cenie sk\u00f3ry, stymuluje odnow\u0119 kom\u00f3rkow\u0105 oraz \u0142agodzi sw\u0119dzenie i zaczerwienienia.<\/span><\/li>\n<li><span style=\"font-weight: 400;\">Pirokton Olaminy: dzia\u0142a celowo przeciw suchemu \u0142upie\u017cowi dzi\u0119ki w\u0142a\u015bciwo\u015bciom przeciwgrzybiczym i antybakteryjnym, pomagaj\u0105c utrzyma\u0107 sk\u00f3r\u0119 g\u0142owy czyst\u0105 i zr\u00f3wnowa\u017con\u0105.<\/span><\/li>\n<\/ul>\n<p>[\/vc_column_text][vc_column_text css=&#8221;&#8221;]<\/p>\n<h1>Jak stosowa\u0107?<\/h1>\n<p><span style=\"font-weight: 400;\">Na\u0142o\u017cy\u0107 na mokre w\u0142osy, delikatnie masowa\u0107 sk\u00f3r\u0119 g\u0142owy przez kilka minut, a nast\u0119pnie sp\u0142uka\u0107. W razie potrzeby powt\u00f3rzy\u0107.<\/span>[\/vc_column_text][\/vc_column_inner][\/vc_row_inner][vc_row_inner el_id=&#8221;mobile&#8221;][vc_column_inner width=&#8221;1\/2&#8243; offset=&#8221;vc_hidden-lg vc_hidden-md vc_hidden-sm&#8221;][vc_column_text css=&#8221;&#8221;]<\/p>\n<h1>Pokochasz ten produkt za to, \u017ce<\/h1>\n<ul>\n<li><span style=\"font-weight: 400;\">Delikatnie oczyszcza, zachowuj\u0105c r\u00f3wnowag\u0119 sk\u00f3ry<\/span><\/li>\n<li><span style=\"font-weight: 400;\">Przeciwdzia\u0142a sucho\u015bci i \u0142uszczeniu<\/span><\/li>\n<li><span style=\"font-weight: 400;\">Nadaje w\u0142osom lekko\u015b\u0107 i d\u0142ugotrwa\u0142e uczucie komfortu<\/span><\/li>\n<\/ul>\n<p>[\/vc_column_text][vc_column_text css=&#8221;&#8221;]<\/p>\n<h1>Sk\u0142adniki aktywne zawarte w formule<\/h1>\n<ul>\n<li><span style=\"font-weight: 400;\">Imbir: reaktywuje mikrokr\u0105\u017cenie sk\u00f3ry, stymuluje odnow\u0119 kom\u00f3rkow\u0105 oraz \u0142agodzi sw\u0119dzenie i zaczerwienienia.<\/span><\/li>\n<li><span style=\"font-weight: 400;\">Pirokton Olaminy: dzia\u0142a celowo przeciw suchemu \u0142upie\u017cowi dzi\u0119ki w\u0142a\u015bciwo\u015bciom przeciwgrzybiczym i antybakteryjnym, pomagaj\u0105c utrzyma\u0107 sk\u00f3r\u0119 g\u0142owy czyst\u0105 i zr\u00f3wnowa\u017con\u0105.<\/span><\/li>\n<\/ul>\n<p>[\/vc_column_text][vc_column_text css=&#8221;&#8221;]<\/p>\n<h1>Jak stosowa\u0107?<\/h1>\n<p><span style=\"font-weight: 400;\">Na\u0142o\u017cy\u0107 na mokre w\u0142osy, delikatnie masowa\u0107 sk\u00f3r\u0119 g\u0142owy przez kilka minut, a nast\u0119pnie sp\u0142uka\u0107. W razie potrzeby powt\u00f3rzy\u0107.<\/span>[\/vc_column_text][\/vc_column_inner][vc_column_inner width=&#8221;1\/2&#8243; css=&#8221;.vc_custom_1758702841544{background-color: #5F319D !important;background-position: center !important;background-repeat: no-repeat !important;background-size: cover !important;}&#8221; offset=&#8221;vc_hidden-lg vc_hidden-md vc_hidden-sm&#8221;][vc_single_image image=&#8221;15722&#8243; img_size=&#8221;large&#8221; alignment=&#8221;center&#8221; css=&#8221;&#8221;][\/vc_column_inner][\/vc_row_inner][\/vc_column][\/vc_row][vc_row css=&#8221;.vc_custom_1582192829011{padding-top: 50px !important;}&#8221;][vc_column][vc_row_inner][vc_column_inner][vc_column_text]<\/p>\n<h1 style=\"text-align: center;\">Mo\u017cesz wypr\u00f3bowa\u0107 ten produkt z<\/h1>\n<p>[\/vc_column_text][\/vc_column_inner][\/vc_row_inner][vc_raw_html css=&#8221;&#8221;]JTVCd3BiLXByb2R1Y3Qtc2xpZGVyLXNob3J0Y29kZSUyMGlkJTNEJTIyMTU5MzglMjIlNUQ=[\/vc_raw_html][\/vc_column][\/vc_row]<\/p>\n<\/div>","protected":false},"excerpt":{"rendered":"<p><span style=\"font-weight: 400;\">Oczyszczaj\u0105cy szampon <strong>Purifyze delikatnie myje, zachowuj\u0105c r\u00f3wnowag\u0119 sk\u00f3ry g\u0142owy i zwalczaj\u0105c suchy \u0142upie\u017c bez naruszania naturalnej warstwy hydrolipidowej.<\/strong> Dzi\u0119ki zaawansowanej formule stopniowo redukuje \u0142uszczenie i przy ka\u017cdym myciu daje uczucie \u015bwie\u017co\u015bci oraz komfortu.<\/span><\/p>\n<p><span style=\"font-weight: 400;\">350 ml<\/span><\/p>\n<p>&nbsp;<\/p>\n<p class=\"p1\">[maxbutton id=\"8\"]<\/p>\n","protected":false},"featured_media":15907,"template":"","meta":[],"product_brand":[],"product_cat":[696,2101],"product_tag":[],"class_list":{"0":"post-15901","1":"product","2":"type-product","3":"status-publish","4":"has-post-thumbnail","6":"product_cat-kuracje","7":"product_cat-purifyze-skora-glowy-z-suchym-lupiezem","8":"description-off","10":"first","11":"instock","12":"shipping-taxable","13":"product-type-simple"},"yoast_head":"<!-- This site is optimized with the Yoast SEO plugin v27.2 - https:\/\/yoast.com\/product\/yoast-seo-wordpress\/ -->\n<title>Purifyze \u2013 Oczyszczaj\u0105cy Szampon - Paul Rivera<\/title>\n<meta name=\"description\" content=\"Purifyze delikatnie myje, zachowuj\u0105c r\u00f3wnowag\u0119 sk\u00f3ry g\u0142owy i zwalczaj\u0105c suchy \u0142upie\u017c bez naruszania naturalnej warstwy hydrolipidowej.\" \/>\n<meta name=\"robots\" content=\"index, follow, max-snippet:-1, max-image-preview:large, max-video-preview:-1\" \/>\n<link rel=\"canonical\" href=\"https:\/\/paulrivera.it\/pl\/prodotti\/kuracje\/purifyze-skora-glowy-z-suchym-lupiezem\/purifyze-oczyszczajacy-szampon-2\/\" \/>\n<meta property=\"og:locale\" content=\"pl_PL\" \/>\n<meta property=\"og:type\" content=\"article\" \/>\n<meta property=\"og:title\" content=\"Purifyze \u2013 Oczyszczaj\u0105cy Szampon - Paul Rivera\" \/>\n<meta property=\"og:description\" content=\"Purifyze delikatnie myje, zachowuj\u0105c r\u00f3wnowag\u0119 sk\u00f3ry g\u0142owy i zwalczaj\u0105c suchy \u0142upie\u017c bez naruszania naturalnej warstwy hydrolipidowej.\" \/>\n<meta property=\"og:url\" content=\"https:\/\/paulrivera.it\/pl\/prodotti\/kuracje\/purifyze-skora-glowy-z-suchym-lupiezem\/purifyze-oczyszczajacy-szampon-2\/\" \/>\n<meta property=\"og:site_name\" content=\"Paul Rivera\" \/>\n<meta property=\"article:modified_time\" content=\"2025-09-25T07:51:27+00:00\" \/>\n<meta property=\"og:image\" content=\"https:\/\/paulrivera.it\/wp-content\/uploads\/2025\/09\/605115-paul-rivera-purifyze-shampoo-350ml.png\" \/>\n\t<meta property=\"og:image:width\" content=\"800\" \/>\n\t<meta property=\"og:image:height\" content=\"800\" \/>\n\t<meta property=\"og:image:type\" content=\"image\/png\" \/>\n<meta name=\"twitter:card\" content=\"summary_large_image\" \/>\n<meta name=\"twitter:label1\" content=\"Est. reading time\" \/>\n\t<meta name=\"twitter:data1\" content=\"2 minutes\" \/>\n<script type=\"application\/ld+json\" class=\"yoast-schema-graph\">{\"@context\":\"https:\/\/schema.org\",\"@graph\":[{\"@type\":\"WebPage\",\"@id\":\"https:\/\/paulrivera.it\/pl\/prodotti\/kuracje\/purifyze-skora-glowy-z-suchym-lupiezem\/purifyze-oczyszczajacy-szampon-2\/\",\"url\":\"https:\/\/paulrivera.it\/pl\/prodotti\/kuracje\/purifyze-skora-glowy-z-suchym-lupiezem\/purifyze-oczyszczajacy-szampon-2\/\",\"name\":\"Purifyze \u2013 Oczyszczaj\u0105cy Szampon - Paul Rivera\",\"isPartOf\":{\"@id\":\"https:\/\/paulrivera.it\/pl\/#website\"},\"primaryImageOfPage\":{\"@id\":\"https:\/\/paulrivera.it\/pl\/prodotti\/kuracje\/purifyze-skora-glowy-z-suchym-lupiezem\/purifyze-oczyszczajacy-szampon-2\/#primaryimage\"},\"image\":{\"@id\":\"https:\/\/paulrivera.it\/pl\/prodotti\/kuracje\/purifyze-skora-glowy-z-suchym-lupiezem\/purifyze-oczyszczajacy-szampon-2\/#primaryimage\"},\"thumbnailUrl\":\"https:\/\/paulrivera.it\/wp-content\/uploads\/2025\/09\/605115-paul-rivera-purifyze-shampoo-350ml.png\",\"datePublished\":\"2025-09-24T10:24:12+00:00\",\"dateModified\":\"2025-09-25T07:51:27+00:00\",\"description\":\"Purifyze delikatnie myje, zachowuj\u0105c r\u00f3wnowag\u0119 sk\u00f3ry g\u0142owy i zwalczaj\u0105c suchy \u0142upie\u017c bez naruszania naturalnej warstwy hydrolipidowej.\",\"breadcrumb\":{\"@id\":\"https:\/\/paulrivera.it\/pl\/prodotti\/kuracje\/purifyze-skora-glowy-z-suchym-lupiezem\/purifyze-oczyszczajacy-szampon-2\/#breadcrumb\"},\"inLanguage\":\"pl-PL\",\"potentialAction\":[{\"@type\":\"ReadAction\",\"target\":[\"https:\/\/paulrivera.it\/pl\/prodotti\/kuracje\/purifyze-skora-glowy-z-suchym-lupiezem\/purifyze-oczyszczajacy-szampon-2\/\"]}]},{\"@type\":\"ImageObject\",\"inLanguage\":\"pl-PL\",\"@id\":\"https:\/\/paulrivera.it\/pl\/prodotti\/kuracje\/purifyze-skora-glowy-z-suchym-lupiezem\/purifyze-oczyszczajacy-szampon-2\/#primaryimage\",\"url\":\"https:\/\/paulrivera.it\/wp-content\/uploads\/2025\/09\/605115-paul-rivera-purifyze-shampoo-350ml.png\",\"contentUrl\":\"https:\/\/paulrivera.it\/wp-content\/uploads\/2025\/09\/605115-paul-rivera-purifyze-shampoo-350ml.png\",\"width\":800,\"height\":800},{\"@type\":\"BreadcrumbList\",\"@id\":\"https:\/\/paulrivera.it\/pl\/prodotti\/kuracje\/purifyze-skora-glowy-z-suchym-lupiezem\/purifyze-oczyszczajacy-szampon-2\/#breadcrumb\",\"itemListElement\":[{\"@type\":\"ListItem\",\"position\":1,\"name\":\"Home\",\"item\":\"https:\/\/paulrivera.it\/pl\/\"},{\"@type\":\"ListItem\",\"position\":2,\"name\":\"Pagina shop\",\"item\":\"https:\/\/paulrivera.it\/prodotti\/\"},{\"@type\":\"ListItem\",\"position\":3,\"name\":\"Purifyze \u2013 Oczyszczaj\u0105cy Szampon\"}]},{\"@type\":\"WebSite\",\"@id\":\"https:\/\/paulrivera.it\/pl\/#website\",\"url\":\"https:\/\/paulrivera.it\/pl\/\",\"name\":\"Paul Rivera\",\"description\":\"Hair Beauty Celebration\",\"publisher\":{\"@id\":\"https:\/\/paulrivera.it\/pl\/#organization\"},\"potentialAction\":[{\"@type\":\"SearchAction\",\"target\":{\"@type\":\"EntryPoint\",\"urlTemplate\":\"https:\/\/paulrivera.it\/pl\/?s={search_term_string}\"},\"query-input\":{\"@type\":\"PropertyValueSpecification\",\"valueRequired\":true,\"valueName\":\"search_term_string\"}}],\"inLanguage\":\"pl-PL\"},{\"@type\":\"Organization\",\"@id\":\"https:\/\/paulrivera.it\/pl\/#organization\",\"name\":\"Paul Rivera\",\"url\":\"https:\/\/paulrivera.it\/pl\/\",\"logo\":{\"@type\":\"ImageObject\",\"inLanguage\":\"pl-PL\",\"@id\":\"https:\/\/paulrivera.it\/pl\/#\/schema\/logo\/image\/\",\"url\":\"https:\/\/paulrivera.it\/wp-content\/uploads\/2020\/02\/paul_rivera_logo_header_x2.png\",\"contentUrl\":\"https:\/\/paulrivera.it\/wp-content\/uploads\/2020\/02\/paul_rivera_logo_header_x2.png\",\"width\":470,\"height\":60,\"caption\":\"Paul Rivera\"},\"image\":{\"@id\":\"https:\/\/paulrivera.it\/pl\/#\/schema\/logo\/image\/\"}}]}<\/script>\n<!-- \/ Yoast SEO plugin. -->","yoast_head_json":{"title":"Purifyze \u2013 Oczyszczaj\u0105cy Szampon - Paul Rivera","description":"Purifyze delikatnie myje, zachowuj\u0105c r\u00f3wnowag\u0119 sk\u00f3ry g\u0142owy i zwalczaj\u0105c suchy \u0142upie\u017c bez naruszania naturalnej warstwy hydrolipidowej.","robots":{"index":"index","follow":"follow","max-snippet":"max-snippet:-1","max-image-preview":"max-image-preview:large","max-video-preview":"max-video-preview:-1"},"canonical":"https:\/\/paulrivera.it\/pl\/prodotti\/kuracje\/purifyze-skora-glowy-z-suchym-lupiezem\/purifyze-oczyszczajacy-szampon-2\/","og_locale":"pl_PL","og_type":"article","og_title":"Purifyze \u2013 Oczyszczaj\u0105cy Szampon - Paul Rivera","og_description":"Purifyze delikatnie myje, zachowuj\u0105c r\u00f3wnowag\u0119 sk\u00f3ry g\u0142owy i zwalczaj\u0105c suchy \u0142upie\u017c bez naruszania naturalnej warstwy hydrolipidowej.","og_url":"https:\/\/paulrivera.it\/pl\/prodotti\/kuracje\/purifyze-skora-glowy-z-suchym-lupiezem\/purifyze-oczyszczajacy-szampon-2\/","og_site_name":"Paul Rivera","article_modified_time":"2025-09-25T07:51:27+00:00","og_image":[{"width":800,"height":800,"url":"https:\/\/paulrivera.it\/wp-content\/uploads\/2025\/09\/605115-paul-rivera-purifyze-shampoo-350ml.png","type":"image\/png"}],"twitter_card":"summary_large_image","twitter_misc":{"Est. reading time":"2 minutes"},"schema":{"@context":"https:\/\/schema.org","@graph":[{"@type":"WebPage","@id":"https:\/\/paulrivera.it\/pl\/prodotti\/kuracje\/purifyze-skora-glowy-z-suchym-lupiezem\/purifyze-oczyszczajacy-szampon-2\/","url":"https:\/\/paulrivera.it\/pl\/prodotti\/kuracje\/purifyze-skora-glowy-z-suchym-lupiezem\/purifyze-oczyszczajacy-szampon-2\/","name":"Purifyze \u2013 Oczyszczaj\u0105cy Szampon - Paul Rivera","isPartOf":{"@id":"https:\/\/paulrivera.it\/pl\/#website"},"primaryImageOfPage":{"@id":"https:\/\/paulrivera.it\/pl\/prodotti\/kuracje\/purifyze-skora-glowy-z-suchym-lupiezem\/purifyze-oczyszczajacy-szampon-2\/#primaryimage"},"image":{"@id":"https:\/\/paulrivera.it\/pl\/prodotti\/kuracje\/purifyze-skora-glowy-z-suchym-lupiezem\/purifyze-oczyszczajacy-szampon-2\/#primaryimage"},"thumbnailUrl":"https:\/\/paulrivera.it\/wp-content\/uploads\/2025\/09\/605115-paul-rivera-purifyze-shampoo-350ml.png","datePublished":"2025-09-24T10:24:12+00:00","dateModified":"2025-09-25T07:51:27+00:00","description":"Purifyze delikatnie myje, zachowuj\u0105c r\u00f3wnowag\u0119 sk\u00f3ry g\u0142owy i zwalczaj\u0105c suchy \u0142upie\u017c bez naruszania naturalnej warstwy hydrolipidowej.","breadcrumb":{"@id":"https:\/\/paulrivera.it\/pl\/prodotti\/kuracje\/purifyze-skora-glowy-z-suchym-lupiezem\/purifyze-oczyszczajacy-szampon-2\/#breadcrumb"},"inLanguage":"pl-PL","potentialAction":[{"@type":"ReadAction","target":["https:\/\/paulrivera.it\/pl\/prodotti\/kuracje\/purifyze-skora-glowy-z-suchym-lupiezem\/purifyze-oczyszczajacy-szampon-2\/"]}]},{"@type":"ImageObject","inLanguage":"pl-PL","@id":"https:\/\/paulrivera.it\/pl\/prodotti\/kuracje\/purifyze-skora-glowy-z-suchym-lupiezem\/purifyze-oczyszczajacy-szampon-2\/#primaryimage","url":"https:\/\/paulrivera.it\/wp-content\/uploads\/2025\/09\/605115-paul-rivera-purifyze-shampoo-350ml.png","contentUrl":"https:\/\/paulrivera.it\/wp-content\/uploads\/2025\/09\/605115-paul-rivera-purifyze-shampoo-350ml.png","width":800,"height":800},{"@type":"BreadcrumbList","@id":"https:\/\/paulrivera.it\/pl\/prodotti\/kuracje\/purifyze-skora-glowy-z-suchym-lupiezem\/purifyze-oczyszczajacy-szampon-2\/#breadcrumb","itemListElement":[{"@type":"ListItem","position":1,"name":"Home","item":"https:\/\/paulrivera.it\/pl\/"},{"@type":"ListItem","position":2,"name":"Pagina shop","item":"https:\/\/paulrivera.it\/prodotti\/"},{"@type":"ListItem","position":3,"name":"Purifyze \u2013 Oczyszczaj\u0105cy Szampon"}]},{"@type":"WebSite","@id":"https:\/\/paulrivera.it\/pl\/#website","url":"https:\/\/paulrivera.it\/pl\/","name":"Paul Rivera","description":"Hair Beauty Celebration","publisher":{"@id":"https:\/\/paulrivera.it\/pl\/#organization"},"potentialAction":[{"@type":"SearchAction","target":{"@type":"EntryPoint","urlTemplate":"https:\/\/paulrivera.it\/pl\/?s={search_term_string}"},"query-input":{"@type":"PropertyValueSpecification","valueRequired":true,"valueName":"search_term_string"}}],"inLanguage":"pl-PL"},{"@type":"Organization","@id":"https:\/\/paulrivera.it\/pl\/#organization","name":"Paul Rivera","url":"https:\/\/paulrivera.it\/pl\/","logo":{"@type":"ImageObject","inLanguage":"pl-PL","@id":"https:\/\/paulrivera.it\/pl\/#\/schema\/logo\/image\/","url":"https:\/\/paulrivera.it\/wp-content\/uploads\/2020\/02\/paul_rivera_logo_header_x2.png","contentUrl":"https:\/\/paulrivera.it\/wp-content\/uploads\/2020\/02\/paul_rivera_logo_header_x2.png","width":470,"height":60,"caption":"Paul Rivera"},"image":{"@id":"https:\/\/paulrivera.it\/pl\/#\/schema\/logo\/image\/"}}]}},"_links":{"self":[{"href":"https:\/\/paulrivera.it\/pl\/wp-json\/wp\/v2\/product\/15901","targetHints":{"allow":["GET"]}}],"collection":[{"href":"https:\/\/paulrivera.it\/pl\/wp-json\/wp\/v2\/product"}],"about":[{"href":"https:\/\/paulrivera.it\/pl\/wp-json\/wp\/v2\/types\/product"}],"wp:featuredmedia":[{"embeddable":true,"href":"https:\/\/paulrivera.it\/pl\/wp-json\/wp\/v2\/media\/15907"}],"wp:attachment":[{"href":"https:\/\/paulrivera.it\/pl\/wp-json\/wp\/v2\/media?parent=15901"}],"wp:term":[{"taxonomy":"product_brand","embeddable":true,"href":"https:\/\/paulrivera.it\/pl\/wp-json\/wp\/v2\/product_brand?post=15901"},{"taxonomy":"product_cat","embeddable":true,"href":"https:\/\/paulrivera.it\/pl\/wp-json\/wp\/v2\/product_cat?post=15901"},{"taxonomy":"product_tag","embeddable":true,"href":"https:\/\/paulrivera.it\/pl\/wp-json\/wp\/v2\/product_tag?post=15901"}],"curies":[{"name":"wp","href":"https:\/\/api.w.org\/{rel}","templated":true}]}}