{"id":15916,"date":"2025-09-24T14:28:31","date_gmt":"2025-09-24T12:28:31","guid":{"rendered":"https:\/\/paulrivera.it\/?post_type=product&#038;p=15916"},"modified":"2025-09-25T10:08:37","modified_gmt":"2025-09-25T08:08:37","slug":"purifyze-oczyszczajaca-maska","status":"publish","type":"product","link":"https:\/\/paulrivera.it\/pl\/prodotti\/kuracje\/purifyze-skora-glowy-z-suchym-lupiezem\/purifyze-oczyszczajaca-maska\/","title":{"rendered":"Purifyze \u2013 Oczyszczaj\u0105ca Maska"},"content":{"rendered":"<div class=\"wpb-content-wrapper\"><p>[vc_row full_width=&#8221;stretch_row&#8221;][vc_column][vc_row_inner el_id=&#8221;desktop&#8221;][vc_column_inner width=&#8221;1\/2&#8243; css=&#8221;.vc_custom_1582194227194{padding-top: 10% !important;padding-right: 10% !important;padding-bottom: 10% !important;padding-left: 30% !important;}&#8221; offset=&#8221;vc_hidden-md vc_hidden-sm vc_hidden-xs&#8221;][vc_column_text css=&#8221;&#8221;]<\/p>\n<h1>Pokochasz ten produkt za to, \u017ce<\/h1>\n<ul>\n<li><span style=\"font-weight: 400;\">Zapewnia intensywne nawil\u017cenie bez obci\u0105\u017cania<\/span><\/li>\n<li><span style=\"font-weight: 400;\">Pozostawia w\u0142osy mi\u0119kkie i l\u015bni\u0105ce<\/span><\/li>\n<li><span style=\"font-weight: 400;\">Szanuje wra\u017cliwo\u015b\u0107 sk\u00f3ry g\u0142owy<\/span><\/li>\n<\/ul>\n<p>[\/vc_column_text][vc_column_text css=&#8221;&#8221;]<\/p>\n<h1>Sk\u0142adniki aktywne zawarte w formule<\/h1>\n<ul>\n<li><span style=\"font-weight: 400;\">Imbir: reaktywuje mikrokr\u0105\u017cenie sk\u00f3ry, stymuluje odnow\u0119 kom\u00f3rkow\u0105 oraz \u0142agodzi sw\u0119dzenie i zaczerwienienia.<\/span><\/li>\n<li><span style=\"font-weight: 400;\">Pirokton Olaminy: dzia\u0142a celowo przeciw suchemu \u0142upie\u017cowi dzi\u0119ki w\u0142a\u015bciwo\u015bciom przeciwgrzybiczym i antybakteryjnym, pomagaj\u0105c utrzyma\u0107 sk\u00f3r\u0119 g\u0142owy czyst\u0105 i zr\u00f3wnowa\u017con\u0105.<\/span><\/li>\n<\/ul>\n<p>[\/vc_column_text][vc_column_text css=&#8221;&#8221;]<\/p>\n<h1>Jak stosowa\u0107?<\/h1>\n<p><span style=\"font-weight: 400;\">Po umyciu szamponem na\u0142o\u017cy\u0107 obfit\u0105 ilo\u015b\u0107 produktu na d\u0142ugo\u015bci w\u0142os\u00f3w. Pozostawi\u0107 na 3\u20135 minut, aby sk\u0142adniki aktywne mog\u0142y wnikn\u0105\u0107 w g\u0142\u0105b, nast\u0119pnie dok\u0142adnie sp\u0142uka\u0107.<\/span>[\/vc_column_text][\/vc_column_inner][vc_column_inner width=&#8221;1\/2&#8243; css=&#8221;.vc_custom_1758702833563{background-color: #5F319D !important;background-position: center !important;background-repeat: no-repeat !important;background-size: cover !important;}&#8221; offset=&#8221;vc_hidden-md vc_hidden-sm vc_hidden-xs&#8221;][vc_single_image image=&#8221;15708&#8243; img_size=&#8221;large&#8221; alignment=&#8221;center&#8221; css=&#8221;&#8221;][\/vc_column_inner][\/vc_row_inner][vc_row_inner el_id=&#8221;tablet&#8221;][vc_column_inner offset=&#8221;vc_hidden-lg vc_hidden-xs&#8221;][vc_column_text css=&#8221;&#8221;]<\/p>\n<h1>Pokochasz ten produkt za to, \u017ce<\/h1>\n<ul>\n<li><span style=\"font-weight: 400;\">Zapewnia intensywne nawil\u017cenie bez obci\u0105\u017cania<\/span><\/li>\n<li><span style=\"font-weight: 400;\">Pozostawia w\u0142osy mi\u0119kkie i l\u015bni\u0105ce<\/span><\/li>\n<li><span style=\"font-weight: 400;\">Szanuje wra\u017cliwo\u015b\u0107 sk\u00f3ry g\u0142owy<\/span><\/li>\n<\/ul>\n<p>[\/vc_column_text][vc_column_text css=&#8221;&#8221;]<\/p>\n<h1>Sk\u0142adniki aktywne zawarte w formule<\/h1>\n<ul>\n<li><span style=\"font-weight: 400;\">Imbir: reaktywuje mikrokr\u0105\u017cenie sk\u00f3ry, stymuluje odnow\u0119 kom\u00f3rkow\u0105 oraz \u0142agodzi sw\u0119dzenie i zaczerwienienia.<\/span><\/li>\n<li><span style=\"font-weight: 400;\">Pirokton Olaminy: dzia\u0142a celowo przeciw suchemu \u0142upie\u017cowi dzi\u0119ki w\u0142a\u015bciwo\u015bciom przeciwgrzybiczym i antybakteryjnym, pomagaj\u0105c utrzyma\u0107 sk\u00f3r\u0119 g\u0142owy czyst\u0105 i zr\u00f3wnowa\u017con\u0105.<\/span><\/li>\n<\/ul>\n<p>[\/vc_column_text][vc_column_text css=&#8221;&#8221;]<\/p>\n<h1>Jak stosowa\u0107?<\/h1>\n<p><span style=\"font-weight: 400;\">Po umyciu szamponem na\u0142o\u017cy\u0107 obfit\u0105 ilo\u015b\u0107 produktu na d\u0142ugo\u015bci w\u0142os\u00f3w. Pozostawi\u0107 na 3\u20135 minut, aby sk\u0142adniki aktywne mog\u0142y wnikn\u0105\u0107 w g\u0142\u0105b, nast\u0119pnie dok\u0142adnie sp\u0142uka\u0107.<\/span>[\/vc_column_text][\/vc_column_inner][\/vc_row_inner][vc_row_inner el_id=&#8221;mobile&#8221;][vc_column_inner width=&#8221;1\/2&#8243; offset=&#8221;vc_hidden-lg vc_hidden-md vc_hidden-sm&#8221;][vc_column_text css=&#8221;&#8221;]<\/p>\n<h1>Pokochasz ten produkt za to, \u017ce<\/h1>\n<ul>\n<li><span style=\"font-weight: 400;\">Zapewnia intensywne nawil\u017cenie bez obci\u0105\u017cania<\/span><\/li>\n<li><span style=\"font-weight: 400;\">Pozostawia w\u0142osy mi\u0119kkie i l\u015bni\u0105ce<\/span><\/li>\n<li><span style=\"font-weight: 400;\">Szanuje wra\u017cliwo\u015b\u0107 sk\u00f3ry g\u0142owy<\/span><\/li>\n<\/ul>\n<p>[\/vc_column_text][vc_column_text css=&#8221;&#8221;]<\/p>\n<h1>Sk\u0142adniki aktywne zawarte w formule<\/h1>\n<ul>\n<li><span style=\"font-weight: 400;\">Imbir: reaktywuje mikrokr\u0105\u017cenie sk\u00f3ry, stymuluje odnow\u0119 kom\u00f3rkow\u0105 oraz \u0142agodzi sw\u0119dzenie i zaczerwienienia.<\/span><\/li>\n<li><span style=\"font-weight: 400;\">Pirokton Olaminy: dzia\u0142a celowo przeciw suchemu \u0142upie\u017cowi dzi\u0119ki w\u0142a\u015bciwo\u015bciom przeciwgrzybiczym i antybakteryjnym, pomagaj\u0105c utrzyma\u0107 sk\u00f3r\u0119 g\u0142owy czyst\u0105 i zr\u00f3wnowa\u017con\u0105.<\/span><\/li>\n<\/ul>\n<p>[\/vc_column_text][vc_column_text css=&#8221;&#8221;]<\/p>\n<h1>Jak stosowa\u0107?<\/h1>\n<p><span style=\"font-weight: 400;\">Po umyciu szamponem na\u0142o\u017cy\u0107 obfit\u0105 ilo\u015b\u0107 produktu na d\u0142ugo\u015bci w\u0142os\u00f3w. Pozostawi\u0107 na 3\u20135 minut, aby sk\u0142adniki aktywne mog\u0142y wnikn\u0105\u0107 w g\u0142\u0105b, nast\u0119pnie dok\u0142adnie sp\u0142uka\u0107.<\/span>[\/vc_column_text][\/vc_column_inner][vc_column_inner width=&#8221;1\/2&#8243; css=&#8221;.vc_custom_1758702841544{background-color: #5F319D !important;background-position: center !important;background-repeat: no-repeat !important;background-size: cover !important;}&#8221; offset=&#8221;vc_hidden-lg vc_hidden-md vc_hidden-sm&#8221;][vc_single_image image=&#8221;15708&#8243; img_size=&#8221;large&#8221; alignment=&#8221;center&#8221; css=&#8221;&#8221;][\/vc_column_inner][\/vc_row_inner][\/vc_column][\/vc_row][vc_row css=&#8221;.vc_custom_1582192829011{padding-top: 50px !important;}&#8221;][vc_column][vc_row_inner][vc_column_inner][vc_column_text]<\/p>\n<h1 style=\"text-align: center;\">Mo\u017cesz wypr\u00f3bowa\u0107 ten produkt z<\/h1>\n<p>[\/vc_column_text][\/vc_column_inner][\/vc_row_inner][vc_raw_html css=&#8221;&#8221;]JTVCd3BiLXByb2R1Y3Qtc2xpZGVyLXNob3J0Y29kZSUyMGlkJTNEJTIyMTU5MzklMjIlNUQ=[\/vc_raw_html][\/vc_column][\/vc_row]<\/p>\n<\/div>","protected":false},"excerpt":{"rendered":"<p><span style=\"font-weight: 400;\">Oczyszczaj\u0105ca maska <strong>Purifyze \u0142\u0105czy od\u017cywienie i nawil\u017cenie, przywracaj\u0105c witalno\u015b\u0107 w\u0142osom i sk\u00f3rze g\u0142owy z tendencj\u0105 do suchego \u0142upie\u017cu lub \u0142uszczenia.<\/strong> Jej kremowa konsystencja otula d\u0142ugo\u015bci, nie obci\u0105\u017caj\u0105c ich, nadaj\u0105c mi\u0119kko\u015b\u0107 i blask widoczny ju\u017c od pierwszych aplikacji. Gest piel\u0119gnacyjny, kt\u00f3ry dope\u0142nia proces mycia.<\/span><\/p>\n<p><span style=\"font-weight: 400;\">500 ml<\/span><\/p>\n<p>&nbsp;<\/p>\n<p class=\"p1\">[maxbutton id=\"8\"]<\/p>\n","protected":false},"featured_media":15729,"template":"","meta":[],"product_brand":[],"product_cat":[696,2101],"product_tag":[],"class_list":{"0":"post-15916","1":"product","2":"type-product","3":"status-publish","4":"has-post-thumbnail","6":"product_cat-kuracje","7":"product_cat-purifyze-skora-glowy-z-suchym-lupiezem","8":"description-off","10":"first","11":"instock","12":"shipping-taxable","13":"product-type-simple"},"yoast_head":"<!-- This site is optimized with the Yoast SEO plugin v27.2 - https:\/\/yoast.com\/product\/yoast-seo-wordpress\/ -->\n<title>Purifyze \u2013 Oczyszczaj\u0105ca Maska - Paul Rivera<\/title>\n<meta name=\"description\" content=\"Purifyze \u0142\u0105czy od\u017cywienie i nawil\u017cenie, przywracaj\u0105c witalno\u015b\u0107 w\u0142osom i sk\u00f3rze g\u0142owy z tendencj\u0105 do suchego \u0142upie\u017cu lub \u0142uszczenia.\" \/>\n<meta name=\"robots\" content=\"index, follow, max-snippet:-1, max-image-preview:large, max-video-preview:-1\" \/>\n<link rel=\"canonical\" href=\"https:\/\/paulrivera.it\/pl\/prodotti\/kuracje\/purifyze-skora-glowy-z-suchym-lupiezem\/purifyze-oczyszczajaca-maska\/\" \/>\n<meta property=\"og:locale\" content=\"pl_PL\" \/>\n<meta property=\"og:type\" content=\"article\" \/>\n<meta property=\"og:title\" content=\"Purifyze \u2013 Oczyszczaj\u0105ca Maska - Paul Rivera\" \/>\n<meta property=\"og:description\" content=\"Purifyze \u0142\u0105czy od\u017cywienie i nawil\u017cenie, przywracaj\u0105c witalno\u015b\u0107 w\u0142osom i sk\u00f3rze g\u0142owy z tendencj\u0105 do suchego \u0142upie\u017cu lub \u0142uszczenia.\" \/>\n<meta property=\"og:url\" content=\"https:\/\/paulrivera.it\/pl\/prodotti\/kuracje\/purifyze-skora-glowy-z-suchym-lupiezem\/purifyze-oczyszczajaca-maska\/\" \/>\n<meta property=\"og:site_name\" content=\"Paul Rivera\" \/>\n<meta property=\"article:modified_time\" content=\"2025-09-25T08:08:37+00:00\" \/>\n<meta property=\"og:image\" content=\"https:\/\/paulrivera.it\/wp-content\/uploads\/2025\/09\/605122-paul-rivera-purifyze-mask-500ml-1.png\" \/>\n\t<meta property=\"og:image:width\" content=\"800\" \/>\n\t<meta property=\"og:image:height\" content=\"800\" \/>\n\t<meta property=\"og:image:type\" content=\"image\/png\" \/>\n<meta name=\"twitter:card\" content=\"summary_large_image\" \/>\n<meta name=\"twitter:label1\" content=\"Est. reading time\" \/>\n\t<meta name=\"twitter:data1\" content=\"2 minutes\" \/>\n<script type=\"application\/ld+json\" class=\"yoast-schema-graph\">{\"@context\":\"https:\/\/schema.org\",\"@graph\":[{\"@type\":\"WebPage\",\"@id\":\"https:\/\/paulrivera.it\/pl\/prodotti\/kuracje\/purifyze-skora-glowy-z-suchym-lupiezem\/purifyze-oczyszczajaca-maska\/\",\"url\":\"https:\/\/paulrivera.it\/pl\/prodotti\/kuracje\/purifyze-skora-glowy-z-suchym-lupiezem\/purifyze-oczyszczajaca-maska\/\",\"name\":\"Purifyze \u2013 Oczyszczaj\u0105ca Maska - Paul Rivera\",\"isPartOf\":{\"@id\":\"https:\/\/paulrivera.it\/pl\/#website\"},\"primaryImageOfPage\":{\"@id\":\"https:\/\/paulrivera.it\/pl\/prodotti\/kuracje\/purifyze-skora-glowy-z-suchym-lupiezem\/purifyze-oczyszczajaca-maska\/#primaryimage\"},\"image\":{\"@id\":\"https:\/\/paulrivera.it\/pl\/prodotti\/kuracje\/purifyze-skora-glowy-z-suchym-lupiezem\/purifyze-oczyszczajaca-maska\/#primaryimage\"},\"thumbnailUrl\":\"https:\/\/paulrivera.it\/wp-content\/uploads\/2025\/09\/605122-paul-rivera-purifyze-mask-500ml-1.png\",\"datePublished\":\"2025-09-24T12:28:31+00:00\",\"dateModified\":\"2025-09-25T08:08:37+00:00\",\"description\":\"Purifyze \u0142\u0105czy od\u017cywienie i nawil\u017cenie, przywracaj\u0105c witalno\u015b\u0107 w\u0142osom i sk\u00f3rze g\u0142owy z tendencj\u0105 do suchego \u0142upie\u017cu lub \u0142uszczenia.\",\"breadcrumb\":{\"@id\":\"https:\/\/paulrivera.it\/pl\/prodotti\/kuracje\/purifyze-skora-glowy-z-suchym-lupiezem\/purifyze-oczyszczajaca-maska\/#breadcrumb\"},\"inLanguage\":\"pl-PL\",\"potentialAction\":[{\"@type\":\"ReadAction\",\"target\":[\"https:\/\/paulrivera.it\/pl\/prodotti\/kuracje\/purifyze-skora-glowy-z-suchym-lupiezem\/purifyze-oczyszczajaca-maska\/\"]}]},{\"@type\":\"ImageObject\",\"inLanguage\":\"pl-PL\",\"@id\":\"https:\/\/paulrivera.it\/pl\/prodotti\/kuracje\/purifyze-skora-glowy-z-suchym-lupiezem\/purifyze-oczyszczajaca-maska\/#primaryimage\",\"url\":\"https:\/\/paulrivera.it\/wp-content\/uploads\/2025\/09\/605122-paul-rivera-purifyze-mask-500ml-1.png\",\"contentUrl\":\"https:\/\/paulrivera.it\/wp-content\/uploads\/2025\/09\/605122-paul-rivera-purifyze-mask-500ml-1.png\",\"width\":800,\"height\":800},{\"@type\":\"BreadcrumbList\",\"@id\":\"https:\/\/paulrivera.it\/pl\/prodotti\/kuracje\/purifyze-skora-glowy-z-suchym-lupiezem\/purifyze-oczyszczajaca-maska\/#breadcrumb\",\"itemListElement\":[{\"@type\":\"ListItem\",\"position\":1,\"name\":\"Home\",\"item\":\"https:\/\/paulrivera.it\/pl\/\"},{\"@type\":\"ListItem\",\"position\":2,\"name\":\"Pagina shop\",\"item\":\"https:\/\/paulrivera.it\/prodotti\/\"},{\"@type\":\"ListItem\",\"position\":3,\"name\":\"Purifyze \u2013 Oczyszczaj\u0105ca Maska\"}]},{\"@type\":\"WebSite\",\"@id\":\"https:\/\/paulrivera.it\/pl\/#website\",\"url\":\"https:\/\/paulrivera.it\/pl\/\",\"name\":\"Paul Rivera\",\"description\":\"Hair Beauty Celebration\",\"publisher\":{\"@id\":\"https:\/\/paulrivera.it\/pl\/#organization\"},\"potentialAction\":[{\"@type\":\"SearchAction\",\"target\":{\"@type\":\"EntryPoint\",\"urlTemplate\":\"https:\/\/paulrivera.it\/pl\/?s={search_term_string}\"},\"query-input\":{\"@type\":\"PropertyValueSpecification\",\"valueRequired\":true,\"valueName\":\"search_term_string\"}}],\"inLanguage\":\"pl-PL\"},{\"@type\":\"Organization\",\"@id\":\"https:\/\/paulrivera.it\/pl\/#organization\",\"name\":\"Paul Rivera\",\"url\":\"https:\/\/paulrivera.it\/pl\/\",\"logo\":{\"@type\":\"ImageObject\",\"inLanguage\":\"pl-PL\",\"@id\":\"https:\/\/paulrivera.it\/pl\/#\/schema\/logo\/image\/\",\"url\":\"https:\/\/paulrivera.it\/wp-content\/uploads\/2020\/02\/paul_rivera_logo_header_x2.png\",\"contentUrl\":\"https:\/\/paulrivera.it\/wp-content\/uploads\/2020\/02\/paul_rivera_logo_header_x2.png\",\"width\":470,\"height\":60,\"caption\":\"Paul Rivera\"},\"image\":{\"@id\":\"https:\/\/paulrivera.it\/pl\/#\/schema\/logo\/image\/\"}}]}<\/script>\n<!-- \/ Yoast SEO plugin. -->","yoast_head_json":{"title":"Purifyze \u2013 Oczyszczaj\u0105ca Maska - Paul Rivera","description":"Purifyze \u0142\u0105czy od\u017cywienie i nawil\u017cenie, przywracaj\u0105c witalno\u015b\u0107 w\u0142osom i sk\u00f3rze g\u0142owy z tendencj\u0105 do suchego \u0142upie\u017cu lub \u0142uszczenia.","robots":{"index":"index","follow":"follow","max-snippet":"max-snippet:-1","max-image-preview":"max-image-preview:large","max-video-preview":"max-video-preview:-1"},"canonical":"https:\/\/paulrivera.it\/pl\/prodotti\/kuracje\/purifyze-skora-glowy-z-suchym-lupiezem\/purifyze-oczyszczajaca-maska\/","og_locale":"pl_PL","og_type":"article","og_title":"Purifyze \u2013 Oczyszczaj\u0105ca Maska - Paul Rivera","og_description":"Purifyze \u0142\u0105czy od\u017cywienie i nawil\u017cenie, przywracaj\u0105c witalno\u015b\u0107 w\u0142osom i sk\u00f3rze g\u0142owy z tendencj\u0105 do suchego \u0142upie\u017cu lub \u0142uszczenia.","og_url":"https:\/\/paulrivera.it\/pl\/prodotti\/kuracje\/purifyze-skora-glowy-z-suchym-lupiezem\/purifyze-oczyszczajaca-maska\/","og_site_name":"Paul Rivera","article_modified_time":"2025-09-25T08:08:37+00:00","og_image":[{"width":800,"height":800,"url":"https:\/\/paulrivera.it\/wp-content\/uploads\/2025\/09\/605122-paul-rivera-purifyze-mask-500ml-1.png","type":"image\/png"}],"twitter_card":"summary_large_image","twitter_misc":{"Est. reading time":"2 minutes"},"schema":{"@context":"https:\/\/schema.org","@graph":[{"@type":"WebPage","@id":"https:\/\/paulrivera.it\/pl\/prodotti\/kuracje\/purifyze-skora-glowy-z-suchym-lupiezem\/purifyze-oczyszczajaca-maska\/","url":"https:\/\/paulrivera.it\/pl\/prodotti\/kuracje\/purifyze-skora-glowy-z-suchym-lupiezem\/purifyze-oczyszczajaca-maska\/","name":"Purifyze \u2013 Oczyszczaj\u0105ca Maska - Paul Rivera","isPartOf":{"@id":"https:\/\/paulrivera.it\/pl\/#website"},"primaryImageOfPage":{"@id":"https:\/\/paulrivera.it\/pl\/prodotti\/kuracje\/purifyze-skora-glowy-z-suchym-lupiezem\/purifyze-oczyszczajaca-maska\/#primaryimage"},"image":{"@id":"https:\/\/paulrivera.it\/pl\/prodotti\/kuracje\/purifyze-skora-glowy-z-suchym-lupiezem\/purifyze-oczyszczajaca-maska\/#primaryimage"},"thumbnailUrl":"https:\/\/paulrivera.it\/wp-content\/uploads\/2025\/09\/605122-paul-rivera-purifyze-mask-500ml-1.png","datePublished":"2025-09-24T12:28:31+00:00","dateModified":"2025-09-25T08:08:37+00:00","description":"Purifyze \u0142\u0105czy od\u017cywienie i nawil\u017cenie, przywracaj\u0105c witalno\u015b\u0107 w\u0142osom i sk\u00f3rze g\u0142owy z tendencj\u0105 do suchego \u0142upie\u017cu lub \u0142uszczenia.","breadcrumb":{"@id":"https:\/\/paulrivera.it\/pl\/prodotti\/kuracje\/purifyze-skora-glowy-z-suchym-lupiezem\/purifyze-oczyszczajaca-maska\/#breadcrumb"},"inLanguage":"pl-PL","potentialAction":[{"@type":"ReadAction","target":["https:\/\/paulrivera.it\/pl\/prodotti\/kuracje\/purifyze-skora-glowy-z-suchym-lupiezem\/purifyze-oczyszczajaca-maska\/"]}]},{"@type":"ImageObject","inLanguage":"pl-PL","@id":"https:\/\/paulrivera.it\/pl\/prodotti\/kuracje\/purifyze-skora-glowy-z-suchym-lupiezem\/purifyze-oczyszczajaca-maska\/#primaryimage","url":"https:\/\/paulrivera.it\/wp-content\/uploads\/2025\/09\/605122-paul-rivera-purifyze-mask-500ml-1.png","contentUrl":"https:\/\/paulrivera.it\/wp-content\/uploads\/2025\/09\/605122-paul-rivera-purifyze-mask-500ml-1.png","width":800,"height":800},{"@type":"BreadcrumbList","@id":"https:\/\/paulrivera.it\/pl\/prodotti\/kuracje\/purifyze-skora-glowy-z-suchym-lupiezem\/purifyze-oczyszczajaca-maska\/#breadcrumb","itemListElement":[{"@type":"ListItem","position":1,"name":"Home","item":"https:\/\/paulrivera.it\/pl\/"},{"@type":"ListItem","position":2,"name":"Pagina shop","item":"https:\/\/paulrivera.it\/prodotti\/"},{"@type":"ListItem","position":3,"name":"Purifyze \u2013 Oczyszczaj\u0105ca Maska"}]},{"@type":"WebSite","@id":"https:\/\/paulrivera.it\/pl\/#website","url":"https:\/\/paulrivera.it\/pl\/","name":"Paul Rivera","description":"Hair Beauty Celebration","publisher":{"@id":"https:\/\/paulrivera.it\/pl\/#organization"},"potentialAction":[{"@type":"SearchAction","target":{"@type":"EntryPoint","urlTemplate":"https:\/\/paulrivera.it\/pl\/?s={search_term_string}"},"query-input":{"@type":"PropertyValueSpecification","valueRequired":true,"valueName":"search_term_string"}}],"inLanguage":"pl-PL"},{"@type":"Organization","@id":"https:\/\/paulrivera.it\/pl\/#organization","name":"Paul Rivera","url":"https:\/\/paulrivera.it\/pl\/","logo":{"@type":"ImageObject","inLanguage":"pl-PL","@id":"https:\/\/paulrivera.it\/pl\/#\/schema\/logo\/image\/","url":"https:\/\/paulrivera.it\/wp-content\/uploads\/2020\/02\/paul_rivera_logo_header_x2.png","contentUrl":"https:\/\/paulrivera.it\/wp-content\/uploads\/2020\/02\/paul_rivera_logo_header_x2.png","width":470,"height":60,"caption":"Paul Rivera"},"image":{"@id":"https:\/\/paulrivera.it\/pl\/#\/schema\/logo\/image\/"}}]}},"_links":{"self":[{"href":"https:\/\/paulrivera.it\/pl\/wp-json\/wp\/v2\/product\/15916","targetHints":{"allow":["GET"]}}],"collection":[{"href":"https:\/\/paulrivera.it\/pl\/wp-json\/wp\/v2\/product"}],"about":[{"href":"https:\/\/paulrivera.it\/pl\/wp-json\/wp\/v2\/types\/product"}],"wp:featuredmedia":[{"embeddable":true,"href":"https:\/\/paulrivera.it\/pl\/wp-json\/wp\/v2\/media\/15729"}],"wp:attachment":[{"href":"https:\/\/paulrivera.it\/pl\/wp-json\/wp\/v2\/media?parent=15916"}],"wp:term":[{"taxonomy":"product_brand","embeddable":true,"href":"https:\/\/paulrivera.it\/pl\/wp-json\/wp\/v2\/product_brand?post=15916"},{"taxonomy":"product_cat","embeddable":true,"href":"https:\/\/paulrivera.it\/pl\/wp-json\/wp\/v2\/product_cat?post=15916"},{"taxonomy":"product_tag","embeddable":true,"href":"https:\/\/paulrivera.it\/pl\/wp-json\/wp\/v2\/product_tag?post=15916"}],"curies":[{"name":"wp","href":"https:\/\/api.w.org\/{rel}","templated":true}]}}