{"id":15930,"date":"2025-09-24T15:23:32","date_gmt":"2025-09-24T13:23:32","guid":{"rendered":"https:\/\/paulrivera.it\/?post_type=product&#038;p=15930"},"modified":"2025-09-25T10:20:39","modified_gmt":"2025-09-25T08:20:39","slug":"purifyze-oczyszczajaca-mgielka","status":"publish","type":"product","link":"https:\/\/paulrivera.it\/pl\/prodotti\/kuracje\/purifyze-skora-glowy-z-suchym-lupiezem\/purifyze-oczyszczajaca-mgielka\/","title":{"rendered":"Purifyze \u2013 Oczyszczaj\u0105ca Mgie\u0142ka"},"content":{"rendered":"<div class=\"wpb-content-wrapper\"><p>[vc_row full_width=&#8221;stretch_row&#8221;][vc_column][vc_row_inner el_id=&#8221;desktop&#8221;][vc_column_inner width=&#8221;1\/2&#8243; css=&#8221;.vc_custom_1582194227194{padding-top: 10% !important;padding-right: 10% !important;padding-bottom: 10% !important;padding-left: 30% !important;}&#8221; offset=&#8221;vc_hidden-md vc_hidden-sm vc_hidden-xs&#8221;][vc_column_text css=&#8221;&#8221;]<\/p>\n<h1>Pokochasz ten produkt za to, \u017ce<\/h1>\n<ul>\n<li><span style=\"font-weight: 400;\">Przywraca \u015bwie\u017co\u015b\u0107 nawet w momentach stresu sk\u00f3ry g\u0142owy<\/span><\/li>\n<li><span style=\"font-weight: 400;\">Daje komfort i lekko\u015b\u0107 mi\u0119dzy myciami<\/span><\/li>\n<li><span style=\"font-weight: 400;\">Od\u015bwie\u017ca sk\u00f3r\u0119 g\u0142owy i roz\u015bwietla w\u0142osy<\/span><\/li>\n<\/ul>\n<p>[\/vc_column_text][vc_column_text css=&#8221;&#8221;]<\/p>\n<h1>Sk\u0142adniki aktywne zawarte w formule<\/h1>\n<ul>\n<li><span style=\"font-weight: 400;\">Imbir: reaktywuje mikrokr\u0105\u017cenie sk\u00f3ry, stymuluje odnow\u0119 kom\u00f3rkow\u0105 oraz \u0142agodzi sw\u0119dzenie i zaczerwienienia.<\/span><\/li>\n<li><span style=\"font-weight: 400;\">Pirokton Olaminy: dzia\u0142a celowo przeciw suchemu \u0142upie\u017cowi dzi\u0119ki w\u0142a\u015bciwo\u015bciom przeciwgrzybiczym i antybakteryjnym, pomagaj\u0105c utrzyma\u0107 sk\u00f3r\u0119 g\u0142owy czyst\u0105 i zr\u00f3wnowa\u017con\u0105.<\/span><\/li>\n<\/ul>\n<p>[\/vc_column_text][vc_column_text css=&#8221;&#8221;]<\/p>\n<h1>Jak stosowa\u0107?<\/h1>\n<p><span style=\"font-weight: 400;\">R\u00f3wnomiernie spryska\u0107 sk\u00f3r\u0119 g\u0142owy i d\u0142ugo\u015bci w\u0142os\u00f3w, najlepiej na osuszone r\u0119cznikiem w\u0142osy przed suszeniem.<\/span>[\/vc_column_text][\/vc_column_inner][vc_column_inner width=&#8221;1\/2&#8243; css=&#8221;.vc_custom_1758702833563{background-color: #5F319D !important;background-position: center !important;background-repeat: no-repeat !important;background-size: cover !important;}&#8221; offset=&#8221;vc_hidden-md vc_hidden-sm vc_hidden-xs&#8221;][vc_single_image image=&#8221;15715&#8243; img_size=&#8221;large&#8221; alignment=&#8221;center&#8221; css=&#8221;&#8221;][\/vc_column_inner][\/vc_row_inner][vc_row_inner el_id=&#8221;tablet&#8221;][vc_column_inner offset=&#8221;vc_hidden-lg vc_hidden-xs&#8221;][vc_column_text css=&#8221;&#8221;]<\/p>\n<h1>Pokochasz ten produkt za to, \u017ce<\/h1>\n<ul>\n<li><span style=\"font-weight: 400;\">Przywraca \u015bwie\u017co\u015b\u0107 nawet w momentach stresu sk\u00f3ry g\u0142owy<\/span><\/li>\n<li><span style=\"font-weight: 400;\">Daje komfort i lekko\u015b\u0107 mi\u0119dzy myciami<\/span><\/li>\n<li><span style=\"font-weight: 400;\">Od\u015bwie\u017ca sk\u00f3r\u0119 g\u0142owy i roz\u015bwietla w\u0142osy<\/span><\/li>\n<\/ul>\n<p>[\/vc_column_text][vc_column_text css=&#8221;&#8221;]<\/p>\n<h1>Sk\u0142adniki aktywne zawarte w formule<\/h1>\n<ul>\n<li><span style=\"font-weight: 400;\">Imbir: reaktywuje mikrokr\u0105\u017cenie sk\u00f3ry, stymuluje odnow\u0119 kom\u00f3rkow\u0105 oraz \u0142agodzi sw\u0119dzenie i zaczerwienienia.<\/span><\/li>\n<li><span style=\"font-weight: 400;\">Pirokton Olaminy: dzia\u0142a celowo przeciw suchemu \u0142upie\u017cowi dzi\u0119ki w\u0142a\u015bciwo\u015bciom przeciwgrzybiczym i antybakteryjnym, pomagaj\u0105c utrzyma\u0107 sk\u00f3r\u0119 g\u0142owy czyst\u0105 i zr\u00f3wnowa\u017con\u0105.<\/span><\/li>\n<\/ul>\n<p>[\/vc_column_text][vc_column_text css=&#8221;&#8221;]<\/p>\n<h1>Jak stosowa\u0107?<\/h1>\n<p><span style=\"font-weight: 400;\">R\u00f3wnomiernie spryska\u0107 sk\u00f3r\u0119 g\u0142owy i d\u0142ugo\u015bci w\u0142os\u00f3w, najlepiej na osuszone r\u0119cznikiem w\u0142osy przed suszeniem.<\/span>[\/vc_column_text][\/vc_column_inner][\/vc_row_inner][vc_row_inner el_id=&#8221;mobile&#8221;][vc_column_inner width=&#8221;1\/2&#8243; offset=&#8221;vc_hidden-lg vc_hidden-md vc_hidden-sm&#8221;][vc_column_text css=&#8221;&#8221;]<\/p>\n<h1>Pokochasz ten produkt za to, \u017ce<\/h1>\n<ul>\n<li><span style=\"font-weight: 400;\">Przywraca \u015bwie\u017co\u015b\u0107 nawet w momentach stresu sk\u00f3ry g\u0142owy<\/span><\/li>\n<li><span style=\"font-weight: 400;\">Daje komfort i lekko\u015b\u0107 mi\u0119dzy myciami<\/span><\/li>\n<li><span style=\"font-weight: 400;\">Od\u015bwie\u017ca sk\u00f3r\u0119 g\u0142owy i roz\u015bwietla w\u0142osy<\/span><\/li>\n<\/ul>\n<p>[\/vc_column_text][vc_column_text css=&#8221;&#8221;]<\/p>\n<h1>Sk\u0142adniki aktywne zawarte w formule<\/h1>\n<ul>\n<li><span style=\"font-weight: 400;\">Imbir: reaktywuje mikrokr\u0105\u017cenie sk\u00f3ry, stymuluje odnow\u0119 kom\u00f3rkow\u0105 oraz \u0142agodzi sw\u0119dzenie i zaczerwienienia.<\/span><\/li>\n<li><span style=\"font-weight: 400;\">Pirokton Olaminy: dzia\u0142a celowo przeciw suchemu \u0142upie\u017cowi dzi\u0119ki w\u0142a\u015bciwo\u015bciom przeciwgrzybiczym i antybakteryjnym, pomagaj\u0105c utrzyma\u0107 sk\u00f3r\u0119 g\u0142owy czyst\u0105 i zr\u00f3wnowa\u017con\u0105.<\/span><\/li>\n<\/ul>\n<p>[\/vc_column_text][vc_column_text css=&#8221;&#8221;]<\/p>\n<h1>Jak stosowa\u0107?<\/h1>\n<p><span style=\"font-weight: 400;\">R\u00f3wnomiernie spryska\u0107 sk\u00f3r\u0119 g\u0142owy i d\u0142ugo\u015bci w\u0142os\u00f3w, najlepiej na osuszone r\u0119cznikiem w\u0142osy przed suszeniem.<\/span>[\/vc_column_text][\/vc_column_inner][vc_column_inner width=&#8221;1\/2&#8243; css=&#8221;.vc_custom_1758702841544{background-color: #5F319D !important;background-position: center !important;background-repeat: no-repeat !important;background-size: cover !important;}&#8221; offset=&#8221;vc_hidden-lg vc_hidden-md vc_hidden-sm&#8221;][vc_single_image image=&#8221;15715&#8243; img_size=&#8221;large&#8221; alignment=&#8221;center&#8221; css=&#8221;&#8221;][\/vc_column_inner][\/vc_row_inner][\/vc_column][\/vc_row][vc_row css=&#8221;.vc_custom_1582192829011{padding-top: 50px !important;}&#8221;][vc_column][vc_row_inner][vc_column_inner][vc_column_text]<\/p>\n<h1 style=\"text-align: center;\">Mo\u017cesz wypr\u00f3bowa\u0107 ten produkt z<\/h1>\n<p>[\/vc_column_text][\/vc_column_inner][\/vc_row_inner][vc_raw_html css=&#8221;&#8221;]JTVCd3BiLXByb2R1Y3Qtc2xpZGVyLXNob3J0Y29kZSUyMGlkJTNEJTIyMTU5NDAlMjIlNUQ=[\/vc_raw_html][\/vc_column][\/vc_row]<\/p>\n<\/div>","protected":false},"excerpt":{"rendered":"<p><span style=\"font-weight: 400;\">Sprzymierzeniec w przywracaniu witalno\u015bci sk\u00f3rze g\u0142owy i w\u0142osom. <strong>Oczyszczaj\u0105ca mgie\u0142ka Purifyze natychmiast od\u015bwie\u017ca i nadaje w\u0142osom naturalny blask, poprawiaj\u0105c komfort sk\u00f3ry g\u0142owy.<\/strong> Idealna jako ko\u0144cowy akcent codziennej rutyny, zapewnia natychmiastow\u0105 \u015bwie\u017co\u015b\u0107 i lekko\u015b\u0107.<\/span><\/p>\n<p><span style=\"font-weight: 400;\">150 ml<\/span><\/p>\n<p>&nbsp;<\/p>\n<p class=\"p1\">[maxbutton id=\"8\"]<\/p>\n","protected":false},"featured_media":15652,"template":"","meta":[],"product_brand":[],"product_cat":[696,2101],"product_tag":[],"class_list":{"0":"post-15930","1":"product","2":"type-product","3":"status-publish","4":"has-post-thumbnail","6":"product_cat-kuracje","7":"product_cat-purifyze-skora-glowy-z-suchym-lupiezem","8":"description-off","10":"first","11":"instock","12":"shipping-taxable","13":"product-type-simple"},"yoast_head":"<!-- This site is optimized with the Yoast SEO plugin v27.2 - https:\/\/yoast.com\/product\/yoast-seo-wordpress\/ -->\n<title>Purifyze \u2013 Oczyszczaj\u0105ca Mgie\u0142ka - Paul Rivera<\/title>\n<meta name=\"description\" content=\"Oczyszczaj\u0105ca mgie\u0142ka Purifyze natychmiast od\u015bwie\u017ca i nadaje w\u0142osom naturalny blask, poprawiaj\u0105c komfort sk\u00f3ry g\u0142owy.\" \/>\n<meta name=\"robots\" content=\"index, follow, max-snippet:-1, max-image-preview:large, max-video-preview:-1\" \/>\n<link rel=\"canonical\" href=\"https:\/\/paulrivera.it\/pl\/prodotti\/kuracje\/purifyze-skora-glowy-z-suchym-lupiezem\/purifyze-oczyszczajaca-mgielka\/\" \/>\n<meta property=\"og:locale\" content=\"pl_PL\" \/>\n<meta property=\"og:type\" content=\"article\" \/>\n<meta property=\"og:title\" content=\"Purifyze \u2013 Oczyszczaj\u0105ca Mgie\u0142ka - Paul Rivera\" \/>\n<meta property=\"og:description\" content=\"Oczyszczaj\u0105ca mgie\u0142ka Purifyze natychmiast od\u015bwie\u017ca i nadaje w\u0142osom naturalny blask, poprawiaj\u0105c komfort sk\u00f3ry g\u0142owy.\" \/>\n<meta property=\"og:url\" content=\"https:\/\/paulrivera.it\/pl\/prodotti\/kuracje\/purifyze-skora-glowy-z-suchym-lupiezem\/purifyze-oczyszczajaca-mgielka\/\" \/>\n<meta property=\"og:site_name\" content=\"Paul Rivera\" \/>\n<meta property=\"article:modified_time\" content=\"2025-09-25T08:20:39+00:00\" \/>\n<meta property=\"og:image\" content=\"https:\/\/paulrivera.it\/wp-content\/uploads\/2025\/09\/605146-paul-rivera-purifyze-mist-150ml.png\" \/>\n\t<meta property=\"og:image:width\" content=\"800\" \/>\n\t<meta property=\"og:image:height\" content=\"800\" \/>\n\t<meta property=\"og:image:type\" content=\"image\/png\" \/>\n<meta name=\"twitter:card\" content=\"summary_large_image\" \/>\n<meta name=\"twitter:label1\" content=\"Est. reading time\" \/>\n\t<meta name=\"twitter:data1\" content=\"2 minutes\" \/>\n<script type=\"application\/ld+json\" class=\"yoast-schema-graph\">{\"@context\":\"https:\/\/schema.org\",\"@graph\":[{\"@type\":\"WebPage\",\"@id\":\"https:\/\/paulrivera.it\/pl\/prodotti\/kuracje\/purifyze-skora-glowy-z-suchym-lupiezem\/purifyze-oczyszczajaca-mgielka\/\",\"url\":\"https:\/\/paulrivera.it\/pl\/prodotti\/kuracje\/purifyze-skora-glowy-z-suchym-lupiezem\/purifyze-oczyszczajaca-mgielka\/\",\"name\":\"Purifyze \u2013 Oczyszczaj\u0105ca Mgie\u0142ka - Paul Rivera\",\"isPartOf\":{\"@id\":\"https:\/\/paulrivera.it\/pl\/#website\"},\"primaryImageOfPage\":{\"@id\":\"https:\/\/paulrivera.it\/pl\/prodotti\/kuracje\/purifyze-skora-glowy-z-suchym-lupiezem\/purifyze-oczyszczajaca-mgielka\/#primaryimage\"},\"image\":{\"@id\":\"https:\/\/paulrivera.it\/pl\/prodotti\/kuracje\/purifyze-skora-glowy-z-suchym-lupiezem\/purifyze-oczyszczajaca-mgielka\/#primaryimage\"},\"thumbnailUrl\":\"https:\/\/paulrivera.it\/wp-content\/uploads\/2025\/09\/605146-paul-rivera-purifyze-mist-150ml.png\",\"datePublished\":\"2025-09-24T13:23:32+00:00\",\"dateModified\":\"2025-09-25T08:20:39+00:00\",\"description\":\"Oczyszczaj\u0105ca mgie\u0142ka Purifyze natychmiast od\u015bwie\u017ca i nadaje w\u0142osom naturalny blask, poprawiaj\u0105c komfort sk\u00f3ry g\u0142owy.\",\"breadcrumb\":{\"@id\":\"https:\/\/paulrivera.it\/pl\/prodotti\/kuracje\/purifyze-skora-glowy-z-suchym-lupiezem\/purifyze-oczyszczajaca-mgielka\/#breadcrumb\"},\"inLanguage\":\"pl-PL\",\"potentialAction\":[{\"@type\":\"ReadAction\",\"target\":[\"https:\/\/paulrivera.it\/pl\/prodotti\/kuracje\/purifyze-skora-glowy-z-suchym-lupiezem\/purifyze-oczyszczajaca-mgielka\/\"]}]},{\"@type\":\"ImageObject\",\"inLanguage\":\"pl-PL\",\"@id\":\"https:\/\/paulrivera.it\/pl\/prodotti\/kuracje\/purifyze-skora-glowy-z-suchym-lupiezem\/purifyze-oczyszczajaca-mgielka\/#primaryimage\",\"url\":\"https:\/\/paulrivera.it\/wp-content\/uploads\/2025\/09\/605146-paul-rivera-purifyze-mist-150ml.png\",\"contentUrl\":\"https:\/\/paulrivera.it\/wp-content\/uploads\/2025\/09\/605146-paul-rivera-purifyze-mist-150ml.png\",\"width\":800,\"height\":800},{\"@type\":\"BreadcrumbList\",\"@id\":\"https:\/\/paulrivera.it\/pl\/prodotti\/kuracje\/purifyze-skora-glowy-z-suchym-lupiezem\/purifyze-oczyszczajaca-mgielka\/#breadcrumb\",\"itemListElement\":[{\"@type\":\"ListItem\",\"position\":1,\"name\":\"Home\",\"item\":\"https:\/\/paulrivera.it\/pl\/\"},{\"@type\":\"ListItem\",\"position\":2,\"name\":\"Pagina shop\",\"item\":\"https:\/\/paulrivera.it\/prodotti\/\"},{\"@type\":\"ListItem\",\"position\":3,\"name\":\"Purifyze \u2013 Oczyszczaj\u0105ca Mgie\u0142ka\"}]},{\"@type\":\"WebSite\",\"@id\":\"https:\/\/paulrivera.it\/pl\/#website\",\"url\":\"https:\/\/paulrivera.it\/pl\/\",\"name\":\"Paul Rivera\",\"description\":\"Hair Beauty Celebration\",\"publisher\":{\"@id\":\"https:\/\/paulrivera.it\/pl\/#organization\"},\"potentialAction\":[{\"@type\":\"SearchAction\",\"target\":{\"@type\":\"EntryPoint\",\"urlTemplate\":\"https:\/\/paulrivera.it\/pl\/?s={search_term_string}\"},\"query-input\":{\"@type\":\"PropertyValueSpecification\",\"valueRequired\":true,\"valueName\":\"search_term_string\"}}],\"inLanguage\":\"pl-PL\"},{\"@type\":\"Organization\",\"@id\":\"https:\/\/paulrivera.it\/pl\/#organization\",\"name\":\"Paul Rivera\",\"url\":\"https:\/\/paulrivera.it\/pl\/\",\"logo\":{\"@type\":\"ImageObject\",\"inLanguage\":\"pl-PL\",\"@id\":\"https:\/\/paulrivera.it\/pl\/#\/schema\/logo\/image\/\",\"url\":\"https:\/\/paulrivera.it\/wp-content\/uploads\/2020\/02\/paul_rivera_logo_header_x2.png\",\"contentUrl\":\"https:\/\/paulrivera.it\/wp-content\/uploads\/2020\/02\/paul_rivera_logo_header_x2.png\",\"width\":470,\"height\":60,\"caption\":\"Paul Rivera\"},\"image\":{\"@id\":\"https:\/\/paulrivera.it\/pl\/#\/schema\/logo\/image\/\"}}]}<\/script>\n<!-- \/ Yoast SEO plugin. -->","yoast_head_json":{"title":"Purifyze \u2013 Oczyszczaj\u0105ca Mgie\u0142ka - Paul Rivera","description":"Oczyszczaj\u0105ca mgie\u0142ka Purifyze natychmiast od\u015bwie\u017ca i nadaje w\u0142osom naturalny blask, poprawiaj\u0105c komfort sk\u00f3ry g\u0142owy.","robots":{"index":"index","follow":"follow","max-snippet":"max-snippet:-1","max-image-preview":"max-image-preview:large","max-video-preview":"max-video-preview:-1"},"canonical":"https:\/\/paulrivera.it\/pl\/prodotti\/kuracje\/purifyze-skora-glowy-z-suchym-lupiezem\/purifyze-oczyszczajaca-mgielka\/","og_locale":"pl_PL","og_type":"article","og_title":"Purifyze \u2013 Oczyszczaj\u0105ca Mgie\u0142ka - Paul Rivera","og_description":"Oczyszczaj\u0105ca mgie\u0142ka Purifyze natychmiast od\u015bwie\u017ca i nadaje w\u0142osom naturalny blask, poprawiaj\u0105c komfort sk\u00f3ry g\u0142owy.","og_url":"https:\/\/paulrivera.it\/pl\/prodotti\/kuracje\/purifyze-skora-glowy-z-suchym-lupiezem\/purifyze-oczyszczajaca-mgielka\/","og_site_name":"Paul Rivera","article_modified_time":"2025-09-25T08:20:39+00:00","og_image":[{"width":800,"height":800,"url":"https:\/\/paulrivera.it\/wp-content\/uploads\/2025\/09\/605146-paul-rivera-purifyze-mist-150ml.png","type":"image\/png"}],"twitter_card":"summary_large_image","twitter_misc":{"Est. reading time":"2 minutes"},"schema":{"@context":"https:\/\/schema.org","@graph":[{"@type":"WebPage","@id":"https:\/\/paulrivera.it\/pl\/prodotti\/kuracje\/purifyze-skora-glowy-z-suchym-lupiezem\/purifyze-oczyszczajaca-mgielka\/","url":"https:\/\/paulrivera.it\/pl\/prodotti\/kuracje\/purifyze-skora-glowy-z-suchym-lupiezem\/purifyze-oczyszczajaca-mgielka\/","name":"Purifyze \u2013 Oczyszczaj\u0105ca Mgie\u0142ka - Paul Rivera","isPartOf":{"@id":"https:\/\/paulrivera.it\/pl\/#website"},"primaryImageOfPage":{"@id":"https:\/\/paulrivera.it\/pl\/prodotti\/kuracje\/purifyze-skora-glowy-z-suchym-lupiezem\/purifyze-oczyszczajaca-mgielka\/#primaryimage"},"image":{"@id":"https:\/\/paulrivera.it\/pl\/prodotti\/kuracje\/purifyze-skora-glowy-z-suchym-lupiezem\/purifyze-oczyszczajaca-mgielka\/#primaryimage"},"thumbnailUrl":"https:\/\/paulrivera.it\/wp-content\/uploads\/2025\/09\/605146-paul-rivera-purifyze-mist-150ml.png","datePublished":"2025-09-24T13:23:32+00:00","dateModified":"2025-09-25T08:20:39+00:00","description":"Oczyszczaj\u0105ca mgie\u0142ka Purifyze natychmiast od\u015bwie\u017ca i nadaje w\u0142osom naturalny blask, poprawiaj\u0105c komfort sk\u00f3ry g\u0142owy.","breadcrumb":{"@id":"https:\/\/paulrivera.it\/pl\/prodotti\/kuracje\/purifyze-skora-glowy-z-suchym-lupiezem\/purifyze-oczyszczajaca-mgielka\/#breadcrumb"},"inLanguage":"pl-PL","potentialAction":[{"@type":"ReadAction","target":["https:\/\/paulrivera.it\/pl\/prodotti\/kuracje\/purifyze-skora-glowy-z-suchym-lupiezem\/purifyze-oczyszczajaca-mgielka\/"]}]},{"@type":"ImageObject","inLanguage":"pl-PL","@id":"https:\/\/paulrivera.it\/pl\/prodotti\/kuracje\/purifyze-skora-glowy-z-suchym-lupiezem\/purifyze-oczyszczajaca-mgielka\/#primaryimage","url":"https:\/\/paulrivera.it\/wp-content\/uploads\/2025\/09\/605146-paul-rivera-purifyze-mist-150ml.png","contentUrl":"https:\/\/paulrivera.it\/wp-content\/uploads\/2025\/09\/605146-paul-rivera-purifyze-mist-150ml.png","width":800,"height":800},{"@type":"BreadcrumbList","@id":"https:\/\/paulrivera.it\/pl\/prodotti\/kuracje\/purifyze-skora-glowy-z-suchym-lupiezem\/purifyze-oczyszczajaca-mgielka\/#breadcrumb","itemListElement":[{"@type":"ListItem","position":1,"name":"Home","item":"https:\/\/paulrivera.it\/pl\/"},{"@type":"ListItem","position":2,"name":"Pagina shop","item":"https:\/\/paulrivera.it\/prodotti\/"},{"@type":"ListItem","position":3,"name":"Purifyze \u2013 Oczyszczaj\u0105ca Mgie\u0142ka"}]},{"@type":"WebSite","@id":"https:\/\/paulrivera.it\/pl\/#website","url":"https:\/\/paulrivera.it\/pl\/","name":"Paul Rivera","description":"Hair Beauty Celebration","publisher":{"@id":"https:\/\/paulrivera.it\/pl\/#organization"},"potentialAction":[{"@type":"SearchAction","target":{"@type":"EntryPoint","urlTemplate":"https:\/\/paulrivera.it\/pl\/?s={search_term_string}"},"query-input":{"@type":"PropertyValueSpecification","valueRequired":true,"valueName":"search_term_string"}}],"inLanguage":"pl-PL"},{"@type":"Organization","@id":"https:\/\/paulrivera.it\/pl\/#organization","name":"Paul Rivera","url":"https:\/\/paulrivera.it\/pl\/","logo":{"@type":"ImageObject","inLanguage":"pl-PL","@id":"https:\/\/paulrivera.it\/pl\/#\/schema\/logo\/image\/","url":"https:\/\/paulrivera.it\/wp-content\/uploads\/2020\/02\/paul_rivera_logo_header_x2.png","contentUrl":"https:\/\/paulrivera.it\/wp-content\/uploads\/2020\/02\/paul_rivera_logo_header_x2.png","width":470,"height":60,"caption":"Paul Rivera"},"image":{"@id":"https:\/\/paulrivera.it\/pl\/#\/schema\/logo\/image\/"}}]}},"_links":{"self":[{"href":"https:\/\/paulrivera.it\/pl\/wp-json\/wp\/v2\/product\/15930","targetHints":{"allow":["GET"]}}],"collection":[{"href":"https:\/\/paulrivera.it\/pl\/wp-json\/wp\/v2\/product"}],"about":[{"href":"https:\/\/paulrivera.it\/pl\/wp-json\/wp\/v2\/types\/product"}],"wp:featuredmedia":[{"embeddable":true,"href":"https:\/\/paulrivera.it\/pl\/wp-json\/wp\/v2\/media\/15652"}],"wp:attachment":[{"href":"https:\/\/paulrivera.it\/pl\/wp-json\/wp\/v2\/media?parent=15930"}],"wp:term":[{"taxonomy":"product_brand","embeddable":true,"href":"https:\/\/paulrivera.it\/pl\/wp-json\/wp\/v2\/product_brand?post=15930"},{"taxonomy":"product_cat","embeddable":true,"href":"https:\/\/paulrivera.it\/pl\/wp-json\/wp\/v2\/product_cat?post=15930"},{"taxonomy":"product_tag","embeddable":true,"href":"https:\/\/paulrivera.it\/pl\/wp-json\/wp\/v2\/product_tag?post=15930"}],"curies":[{"name":"wp","href":"https:\/\/api.w.org\/{rel}","templated":true}]}}