{"id":15970,"date":"2025-10-06T12:40:36","date_gmt":"2025-10-06T10:40:36","guid":{"rendered":"https:\/\/paulrivera.it\/?post_type=product&#038;p=15970"},"modified":"2025-10-07T14:29:03","modified_gmt":"2025-10-07T12:29:03","slug":"argan-devotion-szampon-sublimujacy","status":"publish","type":"product","link":"https:\/\/paulrivera.it\/pl\/prodotti\/kuracje\/argan-devotion-suche-i-matowe-wlosy\/argan-devotion-szampon-sublimujacy\/","title":{"rendered":"Argan Devotion &#8211; Szampon Sublimuj\u0105cy"},"content":{"rendered":"<div class=\"wpb-content-wrapper\"><p>[vc_row full_width=&#8221;stretch_row&#8221;][vc_column][vc_row_inner el_id=&#8221;desktop&#8221;][vc_column_inner width=&#8221;1\/2&#8243; css=&#8221;.vc_custom_1582194227194{padding-top: 10% !important;padding-right: 10% !important;padding-bottom: 10% !important;padding-left: 30% !important;}&#8221; offset=&#8221;vc_hidden-md vc_hidden-sm vc_hidden-xs&#8221;][vc_column_text css=&#8221;&#8221;]<\/p>\n<h1>Pokochasz ten produkt za to, \u017ce<\/h1>\n<ul>\n<li><span style=\"font-weight: 400;\">Przywraca blask matowym w\u0142osom<\/span><\/li>\n<li><span style=\"font-weight: 400;\">Nadaje mi\u0119kko\u015b\u0107 i jedwabisto\u015b\u0107<\/span><\/li>\n<li><span style=\"font-weight: 400;\">Nie obci\u0105\u017ca w\u0142os\u00f3w<\/span><\/li>\n<li><span style=\"font-weight: 400;\">Eliminuje puszenie<\/span><\/li>\n<\/ul>\n<p>[\/vc_column_text][vc_column_text css=&#8221;&#8221;]<\/p>\n<h1>Sk\u0142adniki aktywne zawarte w formule<\/h1>\n<ul>\n<li><span style=\"font-weight: 400;\"><strong>Olej arganowy<\/strong>: bogaty w witamin\u0119 E, omega 3 i omega 6. Znany ze swoich wyj\u0105tkowych w\u0142a\u015bciwo\u015bci roz\u015bwietlaj\u0105cych,<\/span><span style=\"font-weight: 400;\"><br \/>\n<\/span><span style=\"font-weight: 400;\">nawil\u017caj\u0105cych i antyoksydacyjnych.<\/span><\/li>\n<\/ul>\n<p>[\/vc_column_text][vc_column_text css=&#8221;&#8221;]<\/p>\n<h1>Jak stosowa\u0107?<\/h1>\n<p><span style=\"font-weight: 400;\">Na\u0142o\u017cy\u0107 na mokre w\u0142osy, delikatnie wmasowa\u0107 a\u017c do uzyskania mi\u0119kkiej piany i dok\u0142adnie sp\u0142uka\u0107.<\/span><span style=\"font-weight: 400;\"><br \/>\n<\/span><span style=\"font-weight: 400;\">W razie potrzeby powt\u00f3rzy\u0107.<\/span>[\/vc_column_text][\/vc_column_inner][vc_column_inner width=&#8221;1\/2&#8243; css=&#8221;.vc_custom_1759759756924{background: #FFFFFF url(https:\/\/paulrivera.it\/wp-content\/uploads\/2025\/09\/background_adv_product_argan_devotion.png?id=15820) !important;background-position: center !important;background-repeat: no-repeat !important;background-size: cover !important;}&#8221; offset=&#8221;vc_hidden-md vc_hidden-sm vc_hidden-xs&#8221;][vc_single_image image=&#8221;15771&#8243; img_size=&#8221;large&#8221; alignment=&#8221;center&#8221; css=&#8221;&#8221;][\/vc_column_inner][\/vc_row_inner][vc_row_inner el_id=&#8221;tablet&#8221;][vc_column_inner offset=&#8221;vc_hidden-lg vc_hidden-xs&#8221;][vc_column_text css=&#8221;&#8221;]<\/p>\n<h1>Pokochasz ten produkt za to, \u017ce<\/h1>\n<ul>\n<li><span style=\"font-weight: 400;\">Przywraca blask matowym w\u0142osom<\/span><\/li>\n<li><span style=\"font-weight: 400;\">Nadaje mi\u0119kko\u015b\u0107 i jedwabisto\u015b\u0107<\/span><\/li>\n<li><span style=\"font-weight: 400;\">Nie obci\u0105\u017ca w\u0142os\u00f3w<\/span><\/li>\n<li><span style=\"font-weight: 400;\">Eliminuje puszenie<\/span><\/li>\n<\/ul>\n<p>[\/vc_column_text][vc_column_text css=&#8221;&#8221;]<\/p>\n<h1>Sk\u0142adniki aktywne zawarte w formule<\/h1>\n<ul>\n<li><span style=\"font-weight: 400;\"><strong>Olej arganowy<\/strong>: bogaty w witamin\u0119 E, omega 3 i omega 6. Znany ze swoich wyj\u0105tkowych w\u0142a\u015bciwo\u015bci roz\u015bwietlaj\u0105cych,<\/span><span style=\"font-weight: 400;\"><br \/>\n<\/span><span style=\"font-weight: 400;\">nawil\u017caj\u0105cych i antyoksydacyjnych.<\/span><\/li>\n<\/ul>\n<p>[\/vc_column_text][vc_column_text css=&#8221;&#8221;]<\/p>\n<h1>Jak stosowa\u0107?<\/h1>\n<p><span style=\"font-weight: 400;\">Na\u0142o\u017cy\u0107 na mokre w\u0142osy, delikatnie wmasowa\u0107 a\u017c do uzyskania mi\u0119kkiej piany i dok\u0142adnie sp\u0142uka\u0107.<\/span><span style=\"font-weight: 400;\"><br \/>\n<\/span><span style=\"font-weight: 400;\">W razie potrzeby powt\u00f3rzy\u0107.<\/span>[\/vc_column_text][\/vc_column_inner][\/vc_row_inner][vc_row_inner el_id=&#8221;mobile&#8221;][vc_column_inner width=&#8221;1\/2&#8243; offset=&#8221;vc_hidden-lg vc_hidden-md vc_hidden-sm&#8221;][vc_column_text css=&#8221;&#8221;]<\/p>\n<h1>Pokochasz ten produkt za to, \u017ce<\/h1>\n<ul>\n<li><span style=\"font-weight: 400;\">Przywraca blask matowym w\u0142osom<\/span><\/li>\n<li><span style=\"font-weight: 400;\">Nadaje mi\u0119kko\u015b\u0107 i jedwabisto\u015b\u0107<\/span><\/li>\n<li><span style=\"font-weight: 400;\">Nie obci\u0105\u017ca w\u0142os\u00f3w<\/span><\/li>\n<li><span style=\"font-weight: 400;\">Eliminuje puszenie<\/span><\/li>\n<\/ul>\n<p>[\/vc_column_text][vc_column_text css=&#8221;&#8221;]<\/p>\n<h1>Sk\u0142adniki aktywne zawarte w formule<\/h1>\n<ul>\n<li><span style=\"font-weight: 400;\"><strong>Olej arganowy<\/strong>: bogaty w witamin\u0119 E, omega 3 i omega 6. Znany ze swoich wyj\u0105tkowych w\u0142a\u015bciwo\u015bci roz\u015bwietlaj\u0105cych,<\/span><span style=\"font-weight: 400;\"><br \/>\n<\/span><span style=\"font-weight: 400;\">nawil\u017caj\u0105cych i antyoksydacyjnych.<\/span><\/li>\n<\/ul>\n<p>[\/vc_column_text][vc_column_text css=&#8221;&#8221;]<\/p>\n<h1>Jak stosowa\u0107?<\/h1>\n<p><span style=\"font-weight: 400;\">Na\u0142o\u017cy\u0107 na mokre w\u0142osy, delikatnie wmasowa\u0107 a\u017c do uzyskania mi\u0119kkiej piany i dok\u0142adnie sp\u0142uka\u0107.<\/span><span style=\"font-weight: 400;\"><br \/>\n<\/span><span style=\"font-weight: 400;\">W razie potrzeby powt\u00f3rzy\u0107.<\/span>[\/vc_column_text][\/vc_column_inner][vc_column_inner width=&#8221;1\/2&#8243; css=&#8221;.vc_custom_1759759793144{background: #FFFFFF url(https:\/\/paulrivera.it\/wp-content\/uploads\/2025\/09\/background_adv_product_argan_devotion.png?id=15820) !important;background-position: center !important;background-repeat: no-repeat !important;background-size: cover !important;}&#8221; offset=&#8221;vc_hidden-lg vc_hidden-md vc_hidden-sm&#8221;][vc_single_image image=&#8221;15771&#8243; img_size=&#8221;large&#8221; alignment=&#8221;center&#8221; css=&#8221;&#8221;][\/vc_column_inner][\/vc_row_inner][\/vc_column][\/vc_row][vc_row css=&#8221;.vc_custom_1582192829011{padding-top: 50px !important;}&#8221;][vc_column][vc_row_inner][vc_column_inner][vc_column_text]<\/p>\n<h1 style=\"text-align: center;\">Mo\u017cesz wypr\u00f3bowa\u0107 ten produkt z<\/h1>\n<p>[\/vc_column_text][\/vc_column_inner][\/vc_row_inner][vc_raw_html css=&#8221;&#8221;]JTVCd3BiLXByb2R1Y3Qtc2xpZGVyLXNob3J0Y29kZSUyMGlkJTNEJTIyMTYwMTYlMjIlNUQ=[\/vc_raw_html][\/vc_column][\/vc_row]<\/p>\n<\/div>","protected":false},"excerpt":{"rendered":"<p><span style=\"font-weight: 400;\">Szampon, kt\u00f3ry zmienia mycie w prawdziwy rytua\u0142 pi\u0119kna. Argan Devotion <strong>delikatnie oczyszcza, <\/strong><\/span><span style=\"font-weight: 400;\"><strong>szanuj\u0105c struktur\u0119 w\u0142os\u00f3w<\/strong> i usuwaj\u0105c zanieczyszczenia bez naruszania naturalnego nawil\u017cenia. <\/span><span style=\"font-weight: 400;\">W\u0142osy staj\u0105 si\u0119 bardziej mi\u0119kkie i b\u0142yszcz\u0105ce ju\u017c po pierwszym u\u017cyciu.<\/span><span style=\"font-weight: 400;\"><br \/>\n<\/span><span style=\"font-weight: 400;\"><br \/>\n<\/span><span style=\"font-weight: 400;\">1000 ml<\/span><\/p>\n<p>&nbsp;<\/p>\n<p class=\"p1\">[maxbutton id=\"8\"]<\/p>\n","protected":false},"featured_media":15869,"template":"","meta":[],"product_brand":[],"product_cat":[2108,696],"product_tag":[],"class_list":{"0":"post-15970","1":"product","2":"type-product","3":"status-publish","4":"has-post-thumbnail","6":"product_cat-argan-devotion-suche-i-matowe-wlosy","7":"product_cat-kuracje","8":"description-off","10":"first","11":"instock","12":"shipping-taxable","13":"product-type-simple"},"yoast_head":"<!-- This site is optimized with the Yoast SEO plugin v27.2 - https:\/\/yoast.com\/product\/yoast-seo-wordpress\/ -->\n<title>Argan Devotion - Szampon Sublimuj\u0105cy - Paul Rivera<\/title>\n<meta name=\"description\" content=\"Argan Devotion delikatnie oczyszcza, szanuj\u0105c struktur\u0119 w\u0142os\u00f3w i usuwaj\u0105c zanieczyszczenia bez naruszania naturalnego nawil\u017cenia.\" \/>\n<meta name=\"robots\" content=\"index, follow, max-snippet:-1, max-image-preview:large, max-video-preview:-1\" \/>\n<link rel=\"canonical\" href=\"https:\/\/paulrivera.it\/pl\/prodotti\/kuracje\/argan-devotion-suche-i-matowe-wlosy\/argan-devotion-szampon-sublimujacy\/\" \/>\n<meta property=\"og:locale\" content=\"pl_PL\" \/>\n<meta property=\"og:type\" content=\"article\" \/>\n<meta property=\"og:title\" content=\"Argan Devotion - Szampon Sublimuj\u0105cy - Paul Rivera\" \/>\n<meta property=\"og:description\" content=\"Argan Devotion delikatnie oczyszcza, szanuj\u0105c struktur\u0119 w\u0142os\u00f3w i usuwaj\u0105c zanieczyszczenia bez naruszania naturalnego nawil\u017cenia.\" \/>\n<meta property=\"og:url\" content=\"https:\/\/paulrivera.it\/pl\/prodotti\/kuracje\/argan-devotion-suche-i-matowe-wlosy\/argan-devotion-szampon-sublimujacy\/\" \/>\n<meta property=\"og:site_name\" content=\"Paul Rivera\" \/>\n<meta property=\"article:modified_time\" content=\"2025-10-07T12:29:03+00:00\" \/>\n<meta property=\"og:image\" content=\"https:\/\/paulrivera.it\/wp-content\/uploads\/2025\/09\/605269-paul-rivera-argan-devotion-1000ml.png\" \/>\n\t<meta property=\"og:image:width\" content=\"800\" \/>\n\t<meta property=\"og:image:height\" content=\"800\" \/>\n\t<meta property=\"og:image:type\" content=\"image\/png\" \/>\n<meta name=\"twitter:card\" content=\"summary_large_image\" \/>\n<meta name=\"twitter:label1\" content=\"Est. reading time\" \/>\n\t<meta name=\"twitter:data1\" content=\"3 minutes\" \/>\n<script type=\"application\/ld+json\" class=\"yoast-schema-graph\">{\"@context\":\"https:\/\/schema.org\",\"@graph\":[{\"@type\":\"WebPage\",\"@id\":\"https:\/\/paulrivera.it\/pl\/prodotti\/kuracje\/argan-devotion-suche-i-matowe-wlosy\/argan-devotion-szampon-sublimujacy\/\",\"url\":\"https:\/\/paulrivera.it\/pl\/prodotti\/kuracje\/argan-devotion-suche-i-matowe-wlosy\/argan-devotion-szampon-sublimujacy\/\",\"name\":\"Argan Devotion - Szampon Sublimuj\u0105cy - Paul Rivera\",\"isPartOf\":{\"@id\":\"https:\/\/paulrivera.it\/pl\/#website\"},\"primaryImageOfPage\":{\"@id\":\"https:\/\/paulrivera.it\/pl\/prodotti\/kuracje\/argan-devotion-suche-i-matowe-wlosy\/argan-devotion-szampon-sublimujacy\/#primaryimage\"},\"image\":{\"@id\":\"https:\/\/paulrivera.it\/pl\/prodotti\/kuracje\/argan-devotion-suche-i-matowe-wlosy\/argan-devotion-szampon-sublimujacy\/#primaryimage\"},\"thumbnailUrl\":\"https:\/\/paulrivera.it\/wp-content\/uploads\/2025\/09\/605269-paul-rivera-argan-devotion-1000ml.png\",\"datePublished\":\"2025-10-06T10:40:36+00:00\",\"dateModified\":\"2025-10-07T12:29:03+00:00\",\"description\":\"Argan Devotion delikatnie oczyszcza, szanuj\u0105c struktur\u0119 w\u0142os\u00f3w i usuwaj\u0105c zanieczyszczenia bez naruszania naturalnego nawil\u017cenia.\",\"breadcrumb\":{\"@id\":\"https:\/\/paulrivera.it\/pl\/prodotti\/kuracje\/argan-devotion-suche-i-matowe-wlosy\/argan-devotion-szampon-sublimujacy\/#breadcrumb\"},\"inLanguage\":\"pl-PL\",\"potentialAction\":[{\"@type\":\"ReadAction\",\"target\":[\"https:\/\/paulrivera.it\/pl\/prodotti\/kuracje\/argan-devotion-suche-i-matowe-wlosy\/argan-devotion-szampon-sublimujacy\/\"]}]},{\"@type\":\"ImageObject\",\"inLanguage\":\"pl-PL\",\"@id\":\"https:\/\/paulrivera.it\/pl\/prodotti\/kuracje\/argan-devotion-suche-i-matowe-wlosy\/argan-devotion-szampon-sublimujacy\/#primaryimage\",\"url\":\"https:\/\/paulrivera.it\/wp-content\/uploads\/2025\/09\/605269-paul-rivera-argan-devotion-1000ml.png\",\"contentUrl\":\"https:\/\/paulrivera.it\/wp-content\/uploads\/2025\/09\/605269-paul-rivera-argan-devotion-1000ml.png\",\"width\":800,\"height\":800},{\"@type\":\"BreadcrumbList\",\"@id\":\"https:\/\/paulrivera.it\/pl\/prodotti\/kuracje\/argan-devotion-suche-i-matowe-wlosy\/argan-devotion-szampon-sublimujacy\/#breadcrumb\",\"itemListElement\":[{\"@type\":\"ListItem\",\"position\":1,\"name\":\"Home\",\"item\":\"https:\/\/paulrivera.it\/pl\/\"},{\"@type\":\"ListItem\",\"position\":2,\"name\":\"Pagina shop\",\"item\":\"https:\/\/paulrivera.it\/prodotti\/\"},{\"@type\":\"ListItem\",\"position\":3,\"name\":\"Argan Devotion &#8211; Szampon Sublimuj\u0105cy\"}]},{\"@type\":\"WebSite\",\"@id\":\"https:\/\/paulrivera.it\/pl\/#website\",\"url\":\"https:\/\/paulrivera.it\/pl\/\",\"name\":\"Paul Rivera\",\"description\":\"Hair Beauty Celebration\",\"publisher\":{\"@id\":\"https:\/\/paulrivera.it\/pl\/#organization\"},\"potentialAction\":[{\"@type\":\"SearchAction\",\"target\":{\"@type\":\"EntryPoint\",\"urlTemplate\":\"https:\/\/paulrivera.it\/pl\/?s={search_term_string}\"},\"query-input\":{\"@type\":\"PropertyValueSpecification\",\"valueRequired\":true,\"valueName\":\"search_term_string\"}}],\"inLanguage\":\"pl-PL\"},{\"@type\":\"Organization\",\"@id\":\"https:\/\/paulrivera.it\/pl\/#organization\",\"name\":\"Paul Rivera\",\"url\":\"https:\/\/paulrivera.it\/pl\/\",\"logo\":{\"@type\":\"ImageObject\",\"inLanguage\":\"pl-PL\",\"@id\":\"https:\/\/paulrivera.it\/pl\/#\/schema\/logo\/image\/\",\"url\":\"https:\/\/paulrivera.it\/wp-content\/uploads\/2020\/02\/paul_rivera_logo_header_x2.png\",\"contentUrl\":\"https:\/\/paulrivera.it\/wp-content\/uploads\/2020\/02\/paul_rivera_logo_header_x2.png\",\"width\":470,\"height\":60,\"caption\":\"Paul Rivera\"},\"image\":{\"@id\":\"https:\/\/paulrivera.it\/pl\/#\/schema\/logo\/image\/\"}}]}<\/script>\n<!-- \/ Yoast SEO plugin. -->","yoast_head_json":{"title":"Argan Devotion - Szampon Sublimuj\u0105cy - Paul Rivera","description":"Argan Devotion delikatnie oczyszcza, szanuj\u0105c struktur\u0119 w\u0142os\u00f3w i usuwaj\u0105c zanieczyszczenia bez naruszania naturalnego nawil\u017cenia.","robots":{"index":"index","follow":"follow","max-snippet":"max-snippet:-1","max-image-preview":"max-image-preview:large","max-video-preview":"max-video-preview:-1"},"canonical":"https:\/\/paulrivera.it\/pl\/prodotti\/kuracje\/argan-devotion-suche-i-matowe-wlosy\/argan-devotion-szampon-sublimujacy\/","og_locale":"pl_PL","og_type":"article","og_title":"Argan Devotion - Szampon Sublimuj\u0105cy - Paul Rivera","og_description":"Argan Devotion delikatnie oczyszcza, szanuj\u0105c struktur\u0119 w\u0142os\u00f3w i usuwaj\u0105c zanieczyszczenia bez naruszania naturalnego nawil\u017cenia.","og_url":"https:\/\/paulrivera.it\/pl\/prodotti\/kuracje\/argan-devotion-suche-i-matowe-wlosy\/argan-devotion-szampon-sublimujacy\/","og_site_name":"Paul Rivera","article_modified_time":"2025-10-07T12:29:03+00:00","og_image":[{"width":800,"height":800,"url":"https:\/\/paulrivera.it\/wp-content\/uploads\/2025\/09\/605269-paul-rivera-argan-devotion-1000ml.png","type":"image\/png"}],"twitter_card":"summary_large_image","twitter_misc":{"Est. reading time":"3 minutes"},"schema":{"@context":"https:\/\/schema.org","@graph":[{"@type":"WebPage","@id":"https:\/\/paulrivera.it\/pl\/prodotti\/kuracje\/argan-devotion-suche-i-matowe-wlosy\/argan-devotion-szampon-sublimujacy\/","url":"https:\/\/paulrivera.it\/pl\/prodotti\/kuracje\/argan-devotion-suche-i-matowe-wlosy\/argan-devotion-szampon-sublimujacy\/","name":"Argan Devotion - Szampon Sublimuj\u0105cy - Paul Rivera","isPartOf":{"@id":"https:\/\/paulrivera.it\/pl\/#website"},"primaryImageOfPage":{"@id":"https:\/\/paulrivera.it\/pl\/prodotti\/kuracje\/argan-devotion-suche-i-matowe-wlosy\/argan-devotion-szampon-sublimujacy\/#primaryimage"},"image":{"@id":"https:\/\/paulrivera.it\/pl\/prodotti\/kuracje\/argan-devotion-suche-i-matowe-wlosy\/argan-devotion-szampon-sublimujacy\/#primaryimage"},"thumbnailUrl":"https:\/\/paulrivera.it\/wp-content\/uploads\/2025\/09\/605269-paul-rivera-argan-devotion-1000ml.png","datePublished":"2025-10-06T10:40:36+00:00","dateModified":"2025-10-07T12:29:03+00:00","description":"Argan Devotion delikatnie oczyszcza, szanuj\u0105c struktur\u0119 w\u0142os\u00f3w i usuwaj\u0105c zanieczyszczenia bez naruszania naturalnego nawil\u017cenia.","breadcrumb":{"@id":"https:\/\/paulrivera.it\/pl\/prodotti\/kuracje\/argan-devotion-suche-i-matowe-wlosy\/argan-devotion-szampon-sublimujacy\/#breadcrumb"},"inLanguage":"pl-PL","potentialAction":[{"@type":"ReadAction","target":["https:\/\/paulrivera.it\/pl\/prodotti\/kuracje\/argan-devotion-suche-i-matowe-wlosy\/argan-devotion-szampon-sublimujacy\/"]}]},{"@type":"ImageObject","inLanguage":"pl-PL","@id":"https:\/\/paulrivera.it\/pl\/prodotti\/kuracje\/argan-devotion-suche-i-matowe-wlosy\/argan-devotion-szampon-sublimujacy\/#primaryimage","url":"https:\/\/paulrivera.it\/wp-content\/uploads\/2025\/09\/605269-paul-rivera-argan-devotion-1000ml.png","contentUrl":"https:\/\/paulrivera.it\/wp-content\/uploads\/2025\/09\/605269-paul-rivera-argan-devotion-1000ml.png","width":800,"height":800},{"@type":"BreadcrumbList","@id":"https:\/\/paulrivera.it\/pl\/prodotti\/kuracje\/argan-devotion-suche-i-matowe-wlosy\/argan-devotion-szampon-sublimujacy\/#breadcrumb","itemListElement":[{"@type":"ListItem","position":1,"name":"Home","item":"https:\/\/paulrivera.it\/pl\/"},{"@type":"ListItem","position":2,"name":"Pagina shop","item":"https:\/\/paulrivera.it\/prodotti\/"},{"@type":"ListItem","position":3,"name":"Argan Devotion &#8211; Szampon Sublimuj\u0105cy"}]},{"@type":"WebSite","@id":"https:\/\/paulrivera.it\/pl\/#website","url":"https:\/\/paulrivera.it\/pl\/","name":"Paul Rivera","description":"Hair Beauty Celebration","publisher":{"@id":"https:\/\/paulrivera.it\/pl\/#organization"},"potentialAction":[{"@type":"SearchAction","target":{"@type":"EntryPoint","urlTemplate":"https:\/\/paulrivera.it\/pl\/?s={search_term_string}"},"query-input":{"@type":"PropertyValueSpecification","valueRequired":true,"valueName":"search_term_string"}}],"inLanguage":"pl-PL"},{"@type":"Organization","@id":"https:\/\/paulrivera.it\/pl\/#organization","name":"Paul Rivera","url":"https:\/\/paulrivera.it\/pl\/","logo":{"@type":"ImageObject","inLanguage":"pl-PL","@id":"https:\/\/paulrivera.it\/pl\/#\/schema\/logo\/image\/","url":"https:\/\/paulrivera.it\/wp-content\/uploads\/2020\/02\/paul_rivera_logo_header_x2.png","contentUrl":"https:\/\/paulrivera.it\/wp-content\/uploads\/2020\/02\/paul_rivera_logo_header_x2.png","width":470,"height":60,"caption":"Paul Rivera"},"image":{"@id":"https:\/\/paulrivera.it\/pl\/#\/schema\/logo\/image\/"}}]}},"_links":{"self":[{"href":"https:\/\/paulrivera.it\/pl\/wp-json\/wp\/v2\/product\/15970","targetHints":{"allow":["GET"]}}],"collection":[{"href":"https:\/\/paulrivera.it\/pl\/wp-json\/wp\/v2\/product"}],"about":[{"href":"https:\/\/paulrivera.it\/pl\/wp-json\/wp\/v2\/types\/product"}],"wp:featuredmedia":[{"embeddable":true,"href":"https:\/\/paulrivera.it\/pl\/wp-json\/wp\/v2\/media\/15869"}],"wp:attachment":[{"href":"https:\/\/paulrivera.it\/pl\/wp-json\/wp\/v2\/media?parent=15970"}],"wp:term":[{"taxonomy":"product_brand","embeddable":true,"href":"https:\/\/paulrivera.it\/pl\/wp-json\/wp\/v2\/product_brand?post=15970"},{"taxonomy":"product_cat","embeddable":true,"href":"https:\/\/paulrivera.it\/pl\/wp-json\/wp\/v2\/product_cat?post=15970"},{"taxonomy":"product_tag","embeddable":true,"href":"https:\/\/paulrivera.it\/pl\/wp-json\/wp\/v2\/product_tag?post=15970"}],"curies":[{"name":"wp","href":"https:\/\/api.w.org\/{rel}","templated":true}]}}