{"id":16039,"date":"2025-10-29T14:26:43","date_gmt":"2025-10-29T13:26:43","guid":{"rendered":"https:\/\/paulrivera.it\/?post_type=product&#038;p=16039"},"modified":"2025-10-30T12:14:45","modified_gmt":"2025-10-30T11:14:45","slug":"depurize-peeling-normalizujacy-do-tlustej-skory-glowy-i-z-lupiezem","status":"publish","type":"product","link":"https:\/\/paulrivera.it\/pl\/prodotti\/kuracje\/depurize-wlosy-z-tendencja-do-przetluszczania-sie\/depurize-peeling-normalizujacy-do-tlustej-skory-glowy-i-z-lupiezem\/","title":{"rendered":"Depurize \u2013 Peeling Normalizuj\u0105cy Do T\u0142ustej Sk\u00f3ry G\u0142owy I Z \u0141upie\u017cem"},"content":{"rendered":"<div class=\"wpb-content-wrapper\"><p>[vc_row full_width=&#8221;stretch_row&#8221;][vc_column][vc_row_inner el_id=&#8221;desktop&#8221;][vc_column_inner width=&#8221;1\/2&#8243; css=&#8221;.vc_custom_1582194227194{padding-top: 10% !important;padding-right: 10% !important;padding-bottom: 10% !important;padding-left: 30% !important;}&#8221; offset=&#8221;vc_hidden-md vc_hidden-sm vc_hidden-xs&#8221;][vc_column_text css=&#8221;&#8221;]<\/p>\n<h1>Pokochasz ten produkt za to, \u017ce<\/h1>\n<ul>\n<li style=\"font-weight: 400;\" aria-level=\"1\"><span style=\"font-weight: 400;\">Usuwa zanieczyszczenia i martwe kom\u00f3rki ze sk\u00f3ry g\u0142owy.<\/span><\/li>\n<li style=\"font-weight: 400;\" aria-level=\"1\"><span style=\"font-weight: 400;\">Daje przyjemne uczucie \u015bwie\u017co\u015bci i lekko\u015bci.<\/span><\/li>\n<li style=\"font-weight: 400;\" aria-level=\"1\"><span style=\"font-weight: 400;\">Pomaga zr\u00f3wnowa\u017cy\u0107 t\u0142ust\u0105 sk\u00f3r\u0119 g\u0142owy i zredukowa\u0107 \u0142upie\u017c.<\/span><\/li>\n<li style=\"font-weight: 400;\" aria-level=\"1\"><span style=\"font-weight: 400;\">Wzmacnia dzia\u0142anie szamponu normalizuj\u0105cego Depurize.<\/span><\/li>\n<\/ul>\n<p>[\/vc_column_text][vc_column_text]<\/p>\n<h1>Sk\u0142adniki aktywne zawarte w formule<\/h1>\n<ul>\n<li><span style=\"font-weight: 400;\">Wyci\u0105g z wierzby: s<\/span>zczeg\u00f3lnie bogata we flawonoidy i glikozydy salicylowe, wierzba ma w\u0142a\u015bciwo\u015bci oczyszczaj\u0105ce, u\u015bmierzaj\u0105ce, przeciwgor\u0105czkowe i przeciwzapalne<\/li>\n<li>Olejek z drzewa herbacianego: ma cenne w\u0142a\u015bciwo\u015bci piel\u0119gnacyjne, dezynfekuj\u0105ce, antybakteryjne, lecznicze i przeciwgrzybicze<\/li>\n<\/ul>\n<p>[\/vc_column_text][vc_column_text css=&#8221;&#8221;]<\/p>\n<h1>Jak stosowa\u0107?<\/h1>\n<p><span style=\"font-weight: 400;\">Na\u0142o\u017cy\u0107 peeling normalizuj\u0105cy Depurize bezpo\u015brednio na sk\u00f3r\u0119 g\u0142owy przed u\u017cyciem szamponu normalizuj\u0105cego Depurize. Delikatnie masowa\u0107 okr\u0119\u017cnymi ruchami, aby pobudzi\u0107 dzia\u0142anie z\u0142uszczaj\u0105ce, nast\u0119pnie dok\u0142adnie sp\u0142uka\u0107 i przyst\u0105pi\u0107 do mycia w\u0142os\u00f3w.<\/span>[\/vc_column_text][\/vc_column_inner][vc_column_inner width=&#8221;1\/2&#8243; css=&#8221;.vc_custom_1592818911213{background-color: #008074 !important;background-position: center !important;background-repeat: no-repeat !important;background-size: cover !important;}&#8221; offset=&#8221;vc_hidden-md vc_hidden-sm vc_hidden-xs&#8221;][vc_single_image image=&#8221;16088&#8243; img_size=&#8221;large&#8221; alignment=&#8221;center&#8221; css=&#8221;&#8221;][\/vc_column_inner][\/vc_row_inner][vc_row_inner el_id=&#8221;tablet&#8221;][vc_column_inner offset=&#8221;vc_hidden-lg vc_hidden-xs&#8221;][vc_column_text css=&#8221;&#8221;]<\/p>\n<h1>Pokochasz ten produkt za to, \u017ce<\/h1>\n<ul>\n<li style=\"font-weight: 400;\" aria-level=\"1\"><span style=\"font-weight: 400;\">Usuwa zanieczyszczenia i martwe kom\u00f3rki ze sk\u00f3ry g\u0142owy.<\/span><\/li>\n<li style=\"font-weight: 400;\" aria-level=\"1\"><span style=\"font-weight: 400;\">Daje przyjemne uczucie \u015bwie\u017co\u015bci i lekko\u015bci.<\/span><\/li>\n<li style=\"font-weight: 400;\" aria-level=\"1\"><span style=\"font-weight: 400;\">Pomaga zr\u00f3wnowa\u017cy\u0107 t\u0142ust\u0105 sk\u00f3r\u0119 g\u0142owy i zredukowa\u0107 \u0142upie\u017c.<\/span><\/li>\n<li style=\"font-weight: 400;\" aria-level=\"1\"><span style=\"font-weight: 400;\">Wzmacnia dzia\u0142anie szamponu normalizuj\u0105cego Depurize.<\/span><\/li>\n<\/ul>\n<p>[\/vc_column_text][vc_column_text]<\/p>\n<h1>Sk\u0142adniki aktywne zawarte w formule<\/h1>\n<ul>\n<li><span style=\"font-weight: 400;\">Wyci\u0105g z wierzby: s<\/span>zczeg\u00f3lnie bogata we flawonoidy i glikozydy salicylowe, wierzba ma w\u0142a\u015bciwo\u015bci oczyszczaj\u0105ce, u\u015bmierzaj\u0105ce, przeciwgor\u0105czkowe i przeciwzapalne<\/li>\n<li>Olejek z drzewa herbacianego: ma cenne w\u0142a\u015bciwo\u015bci piel\u0119gnacyjne, dezynfekuj\u0105ce, antybakteryjne, lecznicze i przeciwgrzybicze<\/li>\n<\/ul>\n<p>[\/vc_column_text][vc_column_text css=&#8221;&#8221;]<\/p>\n<h1>Jak stosowa\u0107?<\/h1>\n<p><span style=\"font-weight: 400;\">Na\u0142o\u017cy\u0107 peeling normalizuj\u0105cy Depurize bezpo\u015brednio na sk\u00f3r\u0119 g\u0142owy przed u\u017cyciem szamponu normalizuj\u0105cego Depurize. Delikatnie masowa\u0107 okr\u0119\u017cnymi ruchami, aby pobudzi\u0107 dzia\u0142anie z\u0142uszczaj\u0105ce, nast\u0119pnie dok\u0142adnie sp\u0142uka\u0107 i przyst\u0105pi\u0107 do mycia w\u0142os\u00f3w.<\/span>[\/vc_column_text][\/vc_column_inner][\/vc_row_inner][vc_row_inner el_id=&#8221;mobile&#8221;][vc_column_inner width=&#8221;1\/2&#8243; offset=&#8221;vc_hidden-lg vc_hidden-md vc_hidden-sm&#8221;][vc_column_text css=&#8221;&#8221;]<\/p>\n<h1>Pokochasz ten produkt za to, \u017ce<\/h1>\n<ul>\n<li style=\"font-weight: 400;\" aria-level=\"1\"><span style=\"font-weight: 400;\">Usuwa zanieczyszczenia i martwe kom\u00f3rki ze sk\u00f3ry g\u0142owy.<\/span><\/li>\n<li style=\"font-weight: 400;\" aria-level=\"1\"><span style=\"font-weight: 400;\">Daje przyjemne uczucie \u015bwie\u017co\u015bci i lekko\u015bci.<\/span><\/li>\n<li style=\"font-weight: 400;\" aria-level=\"1\"><span style=\"font-weight: 400;\">Pomaga zr\u00f3wnowa\u017cy\u0107 t\u0142ust\u0105 sk\u00f3r\u0119 g\u0142owy i zredukowa\u0107 \u0142upie\u017c.<\/span><\/li>\n<li style=\"font-weight: 400;\" aria-level=\"1\"><span style=\"font-weight: 400;\">Wzmacnia dzia\u0142anie szamponu normalizuj\u0105cego Depurize.<\/span><\/li>\n<\/ul>\n<p>[\/vc_column_text][vc_column_text]<\/p>\n<h1>Sk\u0142adniki aktywne zawarte w formule<\/h1>\n<ul>\n<li><span style=\"font-weight: 400;\">Wyci\u0105g z wierzby: s<\/span>zczeg\u00f3lnie bogata we flawonoidy i glikozydy salicylowe, wierzba ma w\u0142a\u015bciwo\u015bci oczyszczaj\u0105ce, u\u015bmierzaj\u0105ce, przeciwgor\u0105czkowe i przeciwzapalne<\/li>\n<li>Olejek z drzewa herbacianego: ma cenne w\u0142a\u015bciwo\u015bci piel\u0119gnacyjne, dezynfekuj\u0105ce, antybakteryjne, lecznicze i przeciwgrzybicze<\/li>\n<\/ul>\n<p>[\/vc_column_text][vc_column_text css=&#8221;&#8221;]<\/p>\n<h1>Jak stosowa\u0107?<\/h1>\n<p><span style=\"font-weight: 400;\">Na\u0142o\u017cy\u0107 peeling normalizuj\u0105cy Depurize bezpo\u015brednio na sk\u00f3r\u0119 g\u0142owy przed u\u017cyciem szamponu normalizuj\u0105cego Depurize. Delikatnie masowa\u0107 okr\u0119\u017cnymi ruchami, aby pobudzi\u0107 dzia\u0142anie z\u0142uszczaj\u0105ce, nast\u0119pnie dok\u0142adnie sp\u0142uka\u0107 i przyst\u0105pi\u0107 do mycia w\u0142os\u00f3w.<\/span>[\/vc_column_text][\/vc_column_inner][vc_column_inner width=&#8221;1\/2&#8243; css=&#8221;.vc_custom_1592818920359{background-color: #008074 !important;background-position: center !important;background-repeat: no-repeat !important;background-size: cover !important;}&#8221; offset=&#8221;vc_hidden-lg vc_hidden-md vc_hidden-sm&#8221;][vc_single_image image=&#8221;16088&#8243; img_size=&#8221;large&#8221; alignment=&#8221;center&#8221; css=&#8221;&#8221;][\/vc_column_inner][\/vc_row_inner][\/vc_column][\/vc_row][vc_row css=&#8221;.vc_custom_1582192829011{padding-top: 50px !important;}&#8221;][vc_column][vc_row_inner][vc_column_inner][vc_column_text]<\/p>\n<h1 style=\"text-align: center;\"><span style=\"font-weight: 400;\">Spodoba Ci si\u0119 r\u00f3wnie\u017c<\/span><\/h1>\n<p>[\/vc_column_text][\/vc_column_inner][\/vc_row_inner][vc_raw_html]JTVCd3BiLXByb2R1Y3Qtc2xpZGVyLXNob3J0Y29kZSUyMGlkJTNEJTIyMjMzJTIyJTVE[\/vc_raw_html][\/vc_column][\/vc_row]<\/p>\n<\/div>","protected":false},"excerpt":{"rendered":"<p><span style=\"font-weight: 400;\">Peeling normalizuj\u0105cy Depurize to idealny zabieg dla os\u00f3b, kt\u00f3re pragn\u0105 mie\u0107 czyst\u0105 i zr\u00f3wnowa\u017con\u0105 sk\u00f3r\u0119 g\u0142owy. Jego formu\u0142a \u0142\u0105czy dzia\u0142anie oczyszczaj\u0105ce z delikatnym z\u0142uszczaniem, pomagaj\u0105c usuwa\u0107 zanieczyszczenia, martwe kom\u00f3rki i \u0142upie\u017c. Po u\u017cyciu sk\u00f3ra g\u0142owy pozostaje \u015bwie\u017ca i lekka przez d\u0142ugi czas.<\/span><span style=\"font-weight: 400;\"><br \/>\n<\/span><\/p>\n<p><span style=\"font-weight: 400;\">150 ml<\/span><\/p>\n<p>&nbsp;<\/p>\n[maxbutton id=\"8\"]\n","protected":false},"featured_media":16130,"template":"","meta":[],"product_brand":[],"product_cat":[699],"product_tag":[],"class_list":{"0":"post-16039","1":"product","2":"type-product","3":"status-publish","4":"has-post-thumbnail","6":"product_cat-depurize-wlosy-z-tendencja-do-przetluszczania-sie","7":"description-off","9":"first","10":"instock","11":"shipping-taxable","12":"product-type-simple"},"yoast_head":"<!-- This site is optimized with the Yoast SEO plugin v27.2 - https:\/\/yoast.com\/product\/yoast-seo-wordpress\/ -->\n<title>Depurize \u2013 Peeling Normalizuj\u0105cy Do T\u0142ustej Sk\u00f3ry G\u0142owy I Z \u0141upie\u017cem<\/title>\n<meta name=\"description\" content=\"Peeling normalizuj\u0105cy Depurize to idealny zabieg dla os\u00f3b, kt\u00f3re pragn\u0105 mie\u0107 czyst\u0105 i zr\u00f3wnowa\u017con\u0105 sk\u00f3r\u0119 g\u0142owy.\" \/>\n<meta name=\"robots\" content=\"index, follow, max-snippet:-1, max-image-preview:large, max-video-preview:-1\" \/>\n<link rel=\"canonical\" href=\"https:\/\/paulrivera.it\/pl\/prodotti\/kuracje\/depurize-wlosy-z-tendencja-do-przetluszczania-sie\/depurize-peeling-normalizujacy-do-tlustej-skory-glowy-i-z-lupiezem\/\" \/>\n<meta property=\"og:locale\" content=\"pl_PL\" \/>\n<meta property=\"og:type\" content=\"article\" \/>\n<meta property=\"og:title\" content=\"Depurize \u2013 Peeling Normalizuj\u0105cy Do T\u0142ustej Sk\u00f3ry G\u0142owy I Z \u0141upie\u017cem\" \/>\n<meta property=\"og:description\" content=\"Peeling normalizuj\u0105cy Depurize to idealny zabieg dla os\u00f3b, kt\u00f3re pragn\u0105 mie\u0107 czyst\u0105 i zr\u00f3wnowa\u017con\u0105 sk\u00f3r\u0119 g\u0142owy.\" \/>\n<meta property=\"og:url\" content=\"https:\/\/paulrivera.it\/pl\/prodotti\/kuracje\/depurize-wlosy-z-tendencja-do-przetluszczania-sie\/depurize-peeling-normalizujacy-do-tlustej-skory-glowy-i-z-lupiezem\/\" \/>\n<meta property=\"og:site_name\" content=\"Paul Rivera\" \/>\n<meta property=\"article:modified_time\" content=\"2025-10-30T11:14:45+00:00\" \/>\n<meta property=\"og:image\" content=\"https:\/\/paulrivera.it\/wp-content\/uploads\/2025\/10\/605191-paul-rivera-depurize-scrub-150ml.png\" \/>\n\t<meta property=\"og:image:width\" content=\"800\" \/>\n\t<meta property=\"og:image:height\" content=\"800\" \/>\n\t<meta property=\"og:image:type\" content=\"image\/png\" \/>\n<meta name=\"twitter:card\" content=\"summary_large_image\" \/>\n<meta name=\"twitter:label1\" content=\"Est. reading time\" \/>\n\t<meta name=\"twitter:data1\" content=\"3 minutes\" \/>\n<script type=\"application\/ld+json\" class=\"yoast-schema-graph\">{\"@context\":\"https:\/\/schema.org\",\"@graph\":[{\"@type\":\"WebPage\",\"@id\":\"https:\/\/paulrivera.it\/pl\/prodotti\/kuracje\/depurize-wlosy-z-tendencja-do-przetluszczania-sie\/depurize-peeling-normalizujacy-do-tlustej-skory-glowy-i-z-lupiezem\/\",\"url\":\"https:\/\/paulrivera.it\/pl\/prodotti\/kuracje\/depurize-wlosy-z-tendencja-do-przetluszczania-sie\/depurize-peeling-normalizujacy-do-tlustej-skory-glowy-i-z-lupiezem\/\",\"name\":\"Depurize \u2013 Peeling Normalizuj\u0105cy Do T\u0142ustej Sk\u00f3ry G\u0142owy I Z \u0141upie\u017cem\",\"isPartOf\":{\"@id\":\"https:\/\/paulrivera.it\/pl\/#website\"},\"primaryImageOfPage\":{\"@id\":\"https:\/\/paulrivera.it\/pl\/prodotti\/kuracje\/depurize-wlosy-z-tendencja-do-przetluszczania-sie\/depurize-peeling-normalizujacy-do-tlustej-skory-glowy-i-z-lupiezem\/#primaryimage\"},\"image\":{\"@id\":\"https:\/\/paulrivera.it\/pl\/prodotti\/kuracje\/depurize-wlosy-z-tendencja-do-przetluszczania-sie\/depurize-peeling-normalizujacy-do-tlustej-skory-glowy-i-z-lupiezem\/#primaryimage\"},\"thumbnailUrl\":\"https:\/\/paulrivera.it\/wp-content\/uploads\/2025\/10\/605191-paul-rivera-depurize-scrub-150ml.png\",\"datePublished\":\"2025-10-29T13:26:43+00:00\",\"dateModified\":\"2025-10-30T11:14:45+00:00\",\"description\":\"Peeling normalizuj\u0105cy Depurize to idealny zabieg dla os\u00f3b, kt\u00f3re pragn\u0105 mie\u0107 czyst\u0105 i zr\u00f3wnowa\u017con\u0105 sk\u00f3r\u0119 g\u0142owy.\",\"breadcrumb\":{\"@id\":\"https:\/\/paulrivera.it\/pl\/prodotti\/kuracje\/depurize-wlosy-z-tendencja-do-przetluszczania-sie\/depurize-peeling-normalizujacy-do-tlustej-skory-glowy-i-z-lupiezem\/#breadcrumb\"},\"inLanguage\":\"pl-PL\",\"potentialAction\":[{\"@type\":\"ReadAction\",\"target\":[\"https:\/\/paulrivera.it\/pl\/prodotti\/kuracje\/depurize-wlosy-z-tendencja-do-przetluszczania-sie\/depurize-peeling-normalizujacy-do-tlustej-skory-glowy-i-z-lupiezem\/\"]}]},{\"@type\":\"ImageObject\",\"inLanguage\":\"pl-PL\",\"@id\":\"https:\/\/paulrivera.it\/pl\/prodotti\/kuracje\/depurize-wlosy-z-tendencja-do-przetluszczania-sie\/depurize-peeling-normalizujacy-do-tlustej-skory-glowy-i-z-lupiezem\/#primaryimage\",\"url\":\"https:\/\/paulrivera.it\/wp-content\/uploads\/2025\/10\/605191-paul-rivera-depurize-scrub-150ml.png\",\"contentUrl\":\"https:\/\/paulrivera.it\/wp-content\/uploads\/2025\/10\/605191-paul-rivera-depurize-scrub-150ml.png\",\"width\":800,\"height\":800},{\"@type\":\"BreadcrumbList\",\"@id\":\"https:\/\/paulrivera.it\/pl\/prodotti\/kuracje\/depurize-wlosy-z-tendencja-do-przetluszczania-sie\/depurize-peeling-normalizujacy-do-tlustej-skory-glowy-i-z-lupiezem\/#breadcrumb\",\"itemListElement\":[{\"@type\":\"ListItem\",\"position\":1,\"name\":\"Home\",\"item\":\"https:\/\/paulrivera.it\/pl\/\"},{\"@type\":\"ListItem\",\"position\":2,\"name\":\"Pagina shop\",\"item\":\"https:\/\/paulrivera.it\/prodotti\/\"},{\"@type\":\"ListItem\",\"position\":3,\"name\":\"Depurize \u2013 Peeling Normalizuj\u0105cy Do T\u0142ustej Sk\u00f3ry G\u0142owy I Z \u0141upie\u017cem\"}]},{\"@type\":\"WebSite\",\"@id\":\"https:\/\/paulrivera.it\/pl\/#website\",\"url\":\"https:\/\/paulrivera.it\/pl\/\",\"name\":\"Paul Rivera\",\"description\":\"Hair Beauty Celebration\",\"publisher\":{\"@id\":\"https:\/\/paulrivera.it\/pl\/#organization\"},\"potentialAction\":[{\"@type\":\"SearchAction\",\"target\":{\"@type\":\"EntryPoint\",\"urlTemplate\":\"https:\/\/paulrivera.it\/pl\/?s={search_term_string}\"},\"query-input\":{\"@type\":\"PropertyValueSpecification\",\"valueRequired\":true,\"valueName\":\"search_term_string\"}}],\"inLanguage\":\"pl-PL\"},{\"@type\":\"Organization\",\"@id\":\"https:\/\/paulrivera.it\/pl\/#organization\",\"name\":\"Paul Rivera\",\"url\":\"https:\/\/paulrivera.it\/pl\/\",\"logo\":{\"@type\":\"ImageObject\",\"inLanguage\":\"pl-PL\",\"@id\":\"https:\/\/paulrivera.it\/pl\/#\/schema\/logo\/image\/\",\"url\":\"https:\/\/paulrivera.it\/wp-content\/uploads\/2020\/02\/paul_rivera_logo_header_x2.png\",\"contentUrl\":\"https:\/\/paulrivera.it\/wp-content\/uploads\/2020\/02\/paul_rivera_logo_header_x2.png\",\"width\":470,\"height\":60,\"caption\":\"Paul Rivera\"},\"image\":{\"@id\":\"https:\/\/paulrivera.it\/pl\/#\/schema\/logo\/image\/\"}}]}<\/script>\n<!-- \/ Yoast SEO plugin. -->","yoast_head_json":{"title":"Depurize \u2013 Peeling Normalizuj\u0105cy Do T\u0142ustej Sk\u00f3ry G\u0142owy I Z \u0141upie\u017cem","description":"Peeling normalizuj\u0105cy Depurize to idealny zabieg dla os\u00f3b, kt\u00f3re pragn\u0105 mie\u0107 czyst\u0105 i zr\u00f3wnowa\u017con\u0105 sk\u00f3r\u0119 g\u0142owy.","robots":{"index":"index","follow":"follow","max-snippet":"max-snippet:-1","max-image-preview":"max-image-preview:large","max-video-preview":"max-video-preview:-1"},"canonical":"https:\/\/paulrivera.it\/pl\/prodotti\/kuracje\/depurize-wlosy-z-tendencja-do-przetluszczania-sie\/depurize-peeling-normalizujacy-do-tlustej-skory-glowy-i-z-lupiezem\/","og_locale":"pl_PL","og_type":"article","og_title":"Depurize \u2013 Peeling Normalizuj\u0105cy Do T\u0142ustej Sk\u00f3ry G\u0142owy I Z \u0141upie\u017cem","og_description":"Peeling normalizuj\u0105cy Depurize to idealny zabieg dla os\u00f3b, kt\u00f3re pragn\u0105 mie\u0107 czyst\u0105 i zr\u00f3wnowa\u017con\u0105 sk\u00f3r\u0119 g\u0142owy.","og_url":"https:\/\/paulrivera.it\/pl\/prodotti\/kuracje\/depurize-wlosy-z-tendencja-do-przetluszczania-sie\/depurize-peeling-normalizujacy-do-tlustej-skory-glowy-i-z-lupiezem\/","og_site_name":"Paul Rivera","article_modified_time":"2025-10-30T11:14:45+00:00","og_image":[{"width":800,"height":800,"url":"https:\/\/paulrivera.it\/wp-content\/uploads\/2025\/10\/605191-paul-rivera-depurize-scrub-150ml.png","type":"image\/png"}],"twitter_card":"summary_large_image","twitter_misc":{"Est. reading time":"3 minutes"},"schema":{"@context":"https:\/\/schema.org","@graph":[{"@type":"WebPage","@id":"https:\/\/paulrivera.it\/pl\/prodotti\/kuracje\/depurize-wlosy-z-tendencja-do-przetluszczania-sie\/depurize-peeling-normalizujacy-do-tlustej-skory-glowy-i-z-lupiezem\/","url":"https:\/\/paulrivera.it\/pl\/prodotti\/kuracje\/depurize-wlosy-z-tendencja-do-przetluszczania-sie\/depurize-peeling-normalizujacy-do-tlustej-skory-glowy-i-z-lupiezem\/","name":"Depurize \u2013 Peeling Normalizuj\u0105cy Do T\u0142ustej Sk\u00f3ry G\u0142owy I Z \u0141upie\u017cem","isPartOf":{"@id":"https:\/\/paulrivera.it\/pl\/#website"},"primaryImageOfPage":{"@id":"https:\/\/paulrivera.it\/pl\/prodotti\/kuracje\/depurize-wlosy-z-tendencja-do-przetluszczania-sie\/depurize-peeling-normalizujacy-do-tlustej-skory-glowy-i-z-lupiezem\/#primaryimage"},"image":{"@id":"https:\/\/paulrivera.it\/pl\/prodotti\/kuracje\/depurize-wlosy-z-tendencja-do-przetluszczania-sie\/depurize-peeling-normalizujacy-do-tlustej-skory-glowy-i-z-lupiezem\/#primaryimage"},"thumbnailUrl":"https:\/\/paulrivera.it\/wp-content\/uploads\/2025\/10\/605191-paul-rivera-depurize-scrub-150ml.png","datePublished":"2025-10-29T13:26:43+00:00","dateModified":"2025-10-30T11:14:45+00:00","description":"Peeling normalizuj\u0105cy Depurize to idealny zabieg dla os\u00f3b, kt\u00f3re pragn\u0105 mie\u0107 czyst\u0105 i zr\u00f3wnowa\u017con\u0105 sk\u00f3r\u0119 g\u0142owy.","breadcrumb":{"@id":"https:\/\/paulrivera.it\/pl\/prodotti\/kuracje\/depurize-wlosy-z-tendencja-do-przetluszczania-sie\/depurize-peeling-normalizujacy-do-tlustej-skory-glowy-i-z-lupiezem\/#breadcrumb"},"inLanguage":"pl-PL","potentialAction":[{"@type":"ReadAction","target":["https:\/\/paulrivera.it\/pl\/prodotti\/kuracje\/depurize-wlosy-z-tendencja-do-przetluszczania-sie\/depurize-peeling-normalizujacy-do-tlustej-skory-glowy-i-z-lupiezem\/"]}]},{"@type":"ImageObject","inLanguage":"pl-PL","@id":"https:\/\/paulrivera.it\/pl\/prodotti\/kuracje\/depurize-wlosy-z-tendencja-do-przetluszczania-sie\/depurize-peeling-normalizujacy-do-tlustej-skory-glowy-i-z-lupiezem\/#primaryimage","url":"https:\/\/paulrivera.it\/wp-content\/uploads\/2025\/10\/605191-paul-rivera-depurize-scrub-150ml.png","contentUrl":"https:\/\/paulrivera.it\/wp-content\/uploads\/2025\/10\/605191-paul-rivera-depurize-scrub-150ml.png","width":800,"height":800},{"@type":"BreadcrumbList","@id":"https:\/\/paulrivera.it\/pl\/prodotti\/kuracje\/depurize-wlosy-z-tendencja-do-przetluszczania-sie\/depurize-peeling-normalizujacy-do-tlustej-skory-glowy-i-z-lupiezem\/#breadcrumb","itemListElement":[{"@type":"ListItem","position":1,"name":"Home","item":"https:\/\/paulrivera.it\/pl\/"},{"@type":"ListItem","position":2,"name":"Pagina shop","item":"https:\/\/paulrivera.it\/prodotti\/"},{"@type":"ListItem","position":3,"name":"Depurize \u2013 Peeling Normalizuj\u0105cy Do T\u0142ustej Sk\u00f3ry G\u0142owy I Z \u0141upie\u017cem"}]},{"@type":"WebSite","@id":"https:\/\/paulrivera.it\/pl\/#website","url":"https:\/\/paulrivera.it\/pl\/","name":"Paul Rivera","description":"Hair Beauty Celebration","publisher":{"@id":"https:\/\/paulrivera.it\/pl\/#organization"},"potentialAction":[{"@type":"SearchAction","target":{"@type":"EntryPoint","urlTemplate":"https:\/\/paulrivera.it\/pl\/?s={search_term_string}"},"query-input":{"@type":"PropertyValueSpecification","valueRequired":true,"valueName":"search_term_string"}}],"inLanguage":"pl-PL"},{"@type":"Organization","@id":"https:\/\/paulrivera.it\/pl\/#organization","name":"Paul Rivera","url":"https:\/\/paulrivera.it\/pl\/","logo":{"@type":"ImageObject","inLanguage":"pl-PL","@id":"https:\/\/paulrivera.it\/pl\/#\/schema\/logo\/image\/","url":"https:\/\/paulrivera.it\/wp-content\/uploads\/2020\/02\/paul_rivera_logo_header_x2.png","contentUrl":"https:\/\/paulrivera.it\/wp-content\/uploads\/2020\/02\/paul_rivera_logo_header_x2.png","width":470,"height":60,"caption":"Paul Rivera"},"image":{"@id":"https:\/\/paulrivera.it\/pl\/#\/schema\/logo\/image\/"}}]}},"_links":{"self":[{"href":"https:\/\/paulrivera.it\/pl\/wp-json\/wp\/v2\/product\/16039","targetHints":{"allow":["GET"]}}],"collection":[{"href":"https:\/\/paulrivera.it\/pl\/wp-json\/wp\/v2\/product"}],"about":[{"href":"https:\/\/paulrivera.it\/pl\/wp-json\/wp\/v2\/types\/product"}],"wp:featuredmedia":[{"embeddable":true,"href":"https:\/\/paulrivera.it\/pl\/wp-json\/wp\/v2\/media\/16130"}],"wp:attachment":[{"href":"https:\/\/paulrivera.it\/pl\/wp-json\/wp\/v2\/media?parent=16039"}],"wp:term":[{"taxonomy":"product_brand","embeddable":true,"href":"https:\/\/paulrivera.it\/pl\/wp-json\/wp\/v2\/product_brand?post=16039"},{"taxonomy":"product_cat","embeddable":true,"href":"https:\/\/paulrivera.it\/pl\/wp-json\/wp\/v2\/product_cat?post=16039"},{"taxonomy":"product_tag","embeddable":true,"href":"https:\/\/paulrivera.it\/pl\/wp-json\/wp\/v2\/product_tag?post=16039"}],"curies":[{"name":"wp","href":"https:\/\/api.w.org\/{rel}","templated":true}]}}