{"id":16053,"date":"2025-10-29T15:17:54","date_gmt":"2025-10-29T14:17:54","guid":{"rendered":"https:\/\/paulrivera.it\/?post_type=product&#038;p=16053"},"modified":"2025-10-30T12:33:56","modified_gmt":"2025-10-30T11:33:56","slug":"depurize-odzywka-normalizujaca-2","status":"publish","type":"product","link":"https:\/\/paulrivera.it\/pl\/prodotti\/kuracje\/depurize-wlosy-z-tendencja-do-przetluszczania-sie\/depurize-odzywka-normalizujaca-2\/","title":{"rendered":"Depurize \u2013 Od\u017cywka Normalizuj\u0105ca"},"content":{"rendered":"<div class=\"wpb-content-wrapper\"><p>[vc_row full_width=&#8221;stretch_row&#8221;][vc_column][vc_row_inner el_id=&#8221;desktop&#8221;][vc_column_inner width=&#8221;1\/2&#8243; css=&#8221;.vc_custom_1582194227194{padding-top: 10% !important;padding-right: 10% !important;padding-bottom: 10% !important;padding-left: 30% !important;}&#8221; offset=&#8221;vc_hidden-md vc_hidden-sm vc_hidden-xs&#8221;][vc_column_text css=&#8221;&#8221;]<\/p>\n<h1>Pokochasz ten produkt za to, \u017ce<\/h1>\n<ul>\n<li style=\"font-weight: 400;\" aria-level=\"1\"><span style=\"font-weight: 400;\">Nadaje w\u0142osom przyjemne uczucie lekko\u015bci i mi\u0119kko\u015bci.<\/span><\/li>\n<li style=\"font-weight: 400;\" aria-level=\"1\"><span style=\"font-weight: 400;\">U\u0142atwia rozczesywanie i sprawia, \u017ce w\u0142osy s\u0105 bardziej podatne na uk\u0142adanie.<\/span><\/li>\n<\/ul>\n<p>[\/vc_column_text][vc_column_text]<\/p>\n<h1>Sk\u0142adniki aktywne zawarte w formule<\/h1>\n<ul>\n<li><span style=\"font-weight: 400;\">Wyci\u0105g z wierzby: s<\/span>zczeg\u00f3lnie bogata we flawonoidy i glikozydy salicylowe, wierzba ma w\u0142a\u015bciwo\u015bci oczyszczaj\u0105ce, u\u015bmierzaj\u0105ce, przeciwgor\u0105czkowe i przeciwzapalne<\/li>\n<li>Olejek z drzewa herbacianego: ma cenne w\u0142a\u015bciwo\u015bci piel\u0119gnacyjne, dezynfekuj\u0105ce, antybakteryjne, lecznicze i przeciwgrzybicze<\/li>\n<\/ul>\n<p>[\/vc_column_text][vc_column_text css=&#8221;&#8221;]<\/p>\n<h1>Jak stosowa\u0107?<\/h1>\n<p><span style=\"font-weight: 400;\">Po umyciu w\u0142os\u00f3w na\u0142o\u017cy\u0107 niewielk\u0105 ilo\u015b\u0107 produktu na wilgotne w\u0142osy, r\u00f3wnomiernie rozprowadzaj\u0105c na d\u0142ugo\u015bciach. Pozostawi\u0107 na 2\u20133 minuty, aby sk\u0142adniki aktywne mog\u0142y zadzia\u0142a\u0107. Dok\u0142adnie sp\u0142uka\u0107. Kontynuowa\u0107 piel\u0119gnacj\u0119 ampu\u0142kami.<\/span>[\/vc_column_text][\/vc_column_inner][vc_column_inner width=&#8221;1\/2&#8243; css=&#8221;.vc_custom_1592818911213{background-color: #008074 !important;background-position: center !important;background-repeat: no-repeat !important;background-size: cover !important;}&#8221; offset=&#8221;vc_hidden-md vc_hidden-sm vc_hidden-xs&#8221;][vc_single_image image=&#8221;16081&#8243; img_size=&#8221;large&#8221; alignment=&#8221;center&#8221; css=&#8221;&#8221;][\/vc_column_inner][\/vc_row_inner][vc_row_inner el_id=&#8221;tablet&#8221;][vc_column_inner offset=&#8221;vc_hidden-lg vc_hidden-xs&#8221;][vc_column_text css=&#8221;&#8221;]<\/p>\n<h1>Pokochasz ten produkt za to, \u017ce<\/h1>\n<ul>\n<li style=\"font-weight: 400;\" aria-level=\"1\"><span style=\"font-weight: 400;\">Nadaje w\u0142osom przyjemne uczucie lekko\u015bci i mi\u0119kko\u015bci.<\/span><\/li>\n<li style=\"font-weight: 400;\" aria-level=\"1\"><span style=\"font-weight: 400;\">U\u0142atwia rozczesywanie i sprawia, \u017ce w\u0142osy s\u0105 bardziej podatne na uk\u0142adanie.<\/span><\/li>\n<\/ul>\n<p>[\/vc_column_text][vc_column_text]<\/p>\n<h1>Sk\u0142adniki aktywne zawarte w formule<\/h1>\n<ul>\n<li><span style=\"font-weight: 400;\">Wyci\u0105g z wierzby: s<\/span>zczeg\u00f3lnie bogata we flawonoidy i glikozydy salicylowe, wierzba ma w\u0142a\u015bciwo\u015bci oczyszczaj\u0105ce, u\u015bmierzaj\u0105ce, przeciwgor\u0105czkowe i przeciwzapalne<\/li>\n<li>Olejek z drzewa herbacianego: ma cenne w\u0142a\u015bciwo\u015bci piel\u0119gnacyjne, dezynfekuj\u0105ce, antybakteryjne, lecznicze i przeciwgrzybicze<\/li>\n<\/ul>\n<p>[\/vc_column_text][vc_column_text css=&#8221;&#8221;]<\/p>\n<h1>Jak stosowa\u0107?<\/h1>\n<p><span style=\"font-weight: 400;\">Po umyciu w\u0142os\u00f3w na\u0142o\u017cy\u0107 niewielk\u0105 ilo\u015b\u0107 produktu na wilgotne w\u0142osy, r\u00f3wnomiernie rozprowadzaj\u0105c na d\u0142ugo\u015bciach. Pozostawi\u0107 na 2\u20133 minuty, aby sk\u0142adniki aktywne mog\u0142y zadzia\u0142a\u0107. Dok\u0142adnie sp\u0142uka\u0107. Kontynuowa\u0107 piel\u0119gnacj\u0119 ampu\u0142kami.<\/span>[\/vc_column_text][\/vc_column_inner][\/vc_row_inner][vc_row_inner el_id=&#8221;mobile&#8221;][vc_column_inner width=&#8221;1\/2&#8243; offset=&#8221;vc_hidden-lg vc_hidden-md vc_hidden-sm&#8221;][vc_column_text css=&#8221;&#8221;]<\/p>\n<h1>Pokochasz ten produkt za to, \u017ce<\/h1>\n<ul>\n<li style=\"font-weight: 400;\" aria-level=\"1\"><span style=\"font-weight: 400;\">Nadaje w\u0142osom przyjemne uczucie lekko\u015bci i mi\u0119kko\u015bci.<\/span><\/li>\n<li style=\"font-weight: 400;\" aria-level=\"1\"><span style=\"font-weight: 400;\">U\u0142atwia rozczesywanie i sprawia, \u017ce w\u0142osy s\u0105 bardziej podatne na uk\u0142adanie.<\/span><\/li>\n<\/ul>\n<p>[\/vc_column_text][vc_column_text]<\/p>\n<h1>Sk\u0142adniki aktywne zawarte w formule<\/h1>\n<ul>\n<li><span style=\"font-weight: 400;\">Wyci\u0105g z wierzby: s<\/span>zczeg\u00f3lnie bogata we flawonoidy i glikozydy salicylowe, wierzba ma w\u0142a\u015bciwo\u015bci oczyszczaj\u0105ce, u\u015bmierzaj\u0105ce, przeciwgor\u0105czkowe i przeciwzapalne<\/li>\n<li>Olejek z drzewa herbacianego: ma cenne w\u0142a\u015bciwo\u015bci piel\u0119gnacyjne, dezynfekuj\u0105ce, antybakteryjne, lecznicze i przeciwgrzybicze<\/li>\n<\/ul>\n<p>[\/vc_column_text][vc_column_text css=&#8221;&#8221;]<\/p>\n<h1>Jak stosowa\u0107?<\/h1>\n<p><span style=\"font-weight: 400;\">Po umyciu w\u0142os\u00f3w na\u0142o\u017cy\u0107 niewielk\u0105 ilo\u015b\u0107 produktu na wilgotne w\u0142osy, r\u00f3wnomiernie rozprowadzaj\u0105c na d\u0142ugo\u015bciach. Pozostawi\u0107 na 2\u20133 minuty, aby sk\u0142adniki aktywne mog\u0142y zadzia\u0142a\u0107. Dok\u0142adnie sp\u0142uka\u0107. Kontynuowa\u0107 piel\u0119gnacj\u0119 ampu\u0142kami.<\/span>[\/vc_column_text][\/vc_column_inner][vc_column_inner width=&#8221;1\/2&#8243; css=&#8221;.vc_custom_1592818920359{background-color: #008074 !important;background-position: center !important;background-repeat: no-repeat !important;background-size: cover !important;}&#8221; offset=&#8221;vc_hidden-lg vc_hidden-md vc_hidden-sm&#8221;][vc_single_image image=&#8221;16081&#8243; img_size=&#8221;large&#8221; alignment=&#8221;center&#8221; css=&#8221;&#8221;][\/vc_column_inner][\/vc_row_inner][\/vc_column][\/vc_row][vc_row css=&#8221;.vc_custom_1582192829011{padding-top: 50px !important;}&#8221;][vc_column][vc_row_inner][vc_column_inner][vc_column_text]<\/p>\n<h1 style=\"text-align: center;\"><span style=\"font-weight: 400;\">Spodoba Ci si\u0119 r\u00f3wnie\u017c<\/span><\/h1>\n<p>[\/vc_column_text][\/vc_column_inner][\/vc_row_inner][vc_raw_html]JTVCd3BiLXByb2R1Y3Qtc2xpZGVyLXNob3J0Y29kZSUyMGlkJTNEJTIyMjMzJTIyJTVE[\/vc_raw_html][\/vc_column][\/vc_row]<\/p>\n<\/div>","protected":false},"excerpt":{"rendered":"<p><span style=\"font-weight: 400;\">Od\u017cywka normalizuj\u0105ca Depurize zosta\u0142a stworzona, aby zwalcza\u0107 \u0142upie\u017c, jednocze\u015bnie pozostawiaj\u0105c w\u0142osy niezwykle mi\u0119kkie, lekkie i \u0142atwe do rozczesania.<\/span><span style=\"font-weight: 400;\"><br \/>\n<\/span><span style=\"font-weight: 400;\"> Dzi\u0119ki oczyszczaj\u0105cemu, koj\u0105cemu i r\u00f3wnowa\u017c\u0105cemu dzia\u0142aniu ekstraktu z wierzby i olejku z drzewa herbacianego, ta od\u017cywka normalizuje sk\u00f3r\u0119 g\u0142owy i pomaga zwalcza\u0107 \u0142upie\u017c.<\/span><\/p>\n<p><span style=\"font-weight: 400;\">150 ml<\/span><\/p>\n<p>&nbsp;<\/p>\n[maxbutton id=\"8\"]\n","protected":false},"featured_media":16123,"template":"","meta":[],"product_brand":[],"product_cat":[699],"product_tag":[],"class_list":{"0":"post-16053","1":"product","2":"type-product","3":"status-publish","4":"has-post-thumbnail","6":"product_cat-depurize-wlosy-z-tendencja-do-przetluszczania-sie","7":"description-off","9":"first","10":"instock","11":"shipping-taxable","12":"product-type-simple"},"yoast_head":"<!-- This site is optimized with the Yoast SEO plugin v27.2 - https:\/\/yoast.com\/product\/yoast-seo-wordpress\/ -->\n<title>Depurize \u2013 Od\u017cywka Normalizuj\u0105ca<\/title>\n<meta name=\"description\" content=\"Od\u017cywka normalizuj\u0105ca Depurize zosta\u0142a stworzona, aby zwalcza\u0107 \u0142upie\u017c, jednocze\u015bnie pozostawiaj\u0105c w\u0142osy niezwykle mi\u0119kkie, lekkie i \u0142atwe do rozczesania.\" \/>\n<meta name=\"robots\" content=\"index, follow, max-snippet:-1, max-image-preview:large, max-video-preview:-1\" \/>\n<link rel=\"canonical\" href=\"https:\/\/paulrivera.it\/pl\/prodotti\/kuracje\/depurize-wlosy-z-tendencja-do-przetluszczania-sie\/depurize-odzywka-normalizujaca-2\/\" \/>\n<meta property=\"og:locale\" content=\"pl_PL\" \/>\n<meta property=\"og:type\" content=\"article\" \/>\n<meta property=\"og:title\" content=\"Depurize \u2013 Od\u017cywka Normalizuj\u0105ca\" \/>\n<meta property=\"og:description\" content=\"Od\u017cywka normalizuj\u0105ca Depurize zosta\u0142a stworzona, aby zwalcza\u0107 \u0142upie\u017c, jednocze\u015bnie pozostawiaj\u0105c w\u0142osy niezwykle mi\u0119kkie, lekkie i \u0142atwe do rozczesania.\" \/>\n<meta property=\"og:url\" content=\"https:\/\/paulrivera.it\/pl\/prodotti\/kuracje\/depurize-wlosy-z-tendencja-do-przetluszczania-sie\/depurize-odzywka-normalizujaca-2\/\" \/>\n<meta property=\"og:site_name\" content=\"Paul Rivera\" \/>\n<meta property=\"article:modified_time\" content=\"2025-10-30T11:33:56+00:00\" \/>\n<meta property=\"og:image\" content=\"https:\/\/paulrivera.it\/wp-content\/uploads\/2025\/10\/605177-paul-rivera-depurize-balsamo-500ml.png\" \/>\n\t<meta property=\"og:image:width\" content=\"800\" \/>\n\t<meta property=\"og:image:height\" content=\"800\" \/>\n\t<meta property=\"og:image:type\" content=\"image\/png\" \/>\n<meta name=\"twitter:card\" content=\"summary_large_image\" \/>\n<meta name=\"twitter:label1\" content=\"Est. reading time\" \/>\n\t<meta name=\"twitter:data1\" content=\"3 minutes\" \/>\n<script type=\"application\/ld+json\" class=\"yoast-schema-graph\">{\"@context\":\"https:\/\/schema.org\",\"@graph\":[{\"@type\":\"WebPage\",\"@id\":\"https:\/\/paulrivera.it\/pl\/prodotti\/kuracje\/depurize-wlosy-z-tendencja-do-przetluszczania-sie\/depurize-odzywka-normalizujaca-2\/\",\"url\":\"https:\/\/paulrivera.it\/pl\/prodotti\/kuracje\/depurize-wlosy-z-tendencja-do-przetluszczania-sie\/depurize-odzywka-normalizujaca-2\/\",\"name\":\"Depurize \u2013 Od\u017cywka Normalizuj\u0105ca\",\"isPartOf\":{\"@id\":\"https:\/\/paulrivera.it\/pl\/#website\"},\"primaryImageOfPage\":{\"@id\":\"https:\/\/paulrivera.it\/pl\/prodotti\/kuracje\/depurize-wlosy-z-tendencja-do-przetluszczania-sie\/depurize-odzywka-normalizujaca-2\/#primaryimage\"},\"image\":{\"@id\":\"https:\/\/paulrivera.it\/pl\/prodotti\/kuracje\/depurize-wlosy-z-tendencja-do-przetluszczania-sie\/depurize-odzywka-normalizujaca-2\/#primaryimage\"},\"thumbnailUrl\":\"https:\/\/paulrivera.it\/wp-content\/uploads\/2025\/10\/605177-paul-rivera-depurize-balsamo-500ml.png\",\"datePublished\":\"2025-10-29T14:17:54+00:00\",\"dateModified\":\"2025-10-30T11:33:56+00:00\",\"description\":\"Od\u017cywka normalizuj\u0105ca Depurize zosta\u0142a stworzona, aby zwalcza\u0107 \u0142upie\u017c, jednocze\u015bnie pozostawiaj\u0105c w\u0142osy niezwykle mi\u0119kkie, lekkie i \u0142atwe do rozczesania.\",\"breadcrumb\":{\"@id\":\"https:\/\/paulrivera.it\/pl\/prodotti\/kuracje\/depurize-wlosy-z-tendencja-do-przetluszczania-sie\/depurize-odzywka-normalizujaca-2\/#breadcrumb\"},\"inLanguage\":\"pl-PL\",\"potentialAction\":[{\"@type\":\"ReadAction\",\"target\":[\"https:\/\/paulrivera.it\/pl\/prodotti\/kuracje\/depurize-wlosy-z-tendencja-do-przetluszczania-sie\/depurize-odzywka-normalizujaca-2\/\"]}]},{\"@type\":\"ImageObject\",\"inLanguage\":\"pl-PL\",\"@id\":\"https:\/\/paulrivera.it\/pl\/prodotti\/kuracje\/depurize-wlosy-z-tendencja-do-przetluszczania-sie\/depurize-odzywka-normalizujaca-2\/#primaryimage\",\"url\":\"https:\/\/paulrivera.it\/wp-content\/uploads\/2025\/10\/605177-paul-rivera-depurize-balsamo-500ml.png\",\"contentUrl\":\"https:\/\/paulrivera.it\/wp-content\/uploads\/2025\/10\/605177-paul-rivera-depurize-balsamo-500ml.png\",\"width\":800,\"height\":800},{\"@type\":\"BreadcrumbList\",\"@id\":\"https:\/\/paulrivera.it\/pl\/prodotti\/kuracje\/depurize-wlosy-z-tendencja-do-przetluszczania-sie\/depurize-odzywka-normalizujaca-2\/#breadcrumb\",\"itemListElement\":[{\"@type\":\"ListItem\",\"position\":1,\"name\":\"Home\",\"item\":\"https:\/\/paulrivera.it\/pl\/\"},{\"@type\":\"ListItem\",\"position\":2,\"name\":\"Pagina shop\",\"item\":\"https:\/\/paulrivera.it\/prodotti\/\"},{\"@type\":\"ListItem\",\"position\":3,\"name\":\"Depurize \u2013 Od\u017cywka Normalizuj\u0105ca\"}]},{\"@type\":\"WebSite\",\"@id\":\"https:\/\/paulrivera.it\/pl\/#website\",\"url\":\"https:\/\/paulrivera.it\/pl\/\",\"name\":\"Paul Rivera\",\"description\":\"Hair Beauty Celebration\",\"publisher\":{\"@id\":\"https:\/\/paulrivera.it\/pl\/#organization\"},\"potentialAction\":[{\"@type\":\"SearchAction\",\"target\":{\"@type\":\"EntryPoint\",\"urlTemplate\":\"https:\/\/paulrivera.it\/pl\/?s={search_term_string}\"},\"query-input\":{\"@type\":\"PropertyValueSpecification\",\"valueRequired\":true,\"valueName\":\"search_term_string\"}}],\"inLanguage\":\"pl-PL\"},{\"@type\":\"Organization\",\"@id\":\"https:\/\/paulrivera.it\/pl\/#organization\",\"name\":\"Paul Rivera\",\"url\":\"https:\/\/paulrivera.it\/pl\/\",\"logo\":{\"@type\":\"ImageObject\",\"inLanguage\":\"pl-PL\",\"@id\":\"https:\/\/paulrivera.it\/pl\/#\/schema\/logo\/image\/\",\"url\":\"https:\/\/paulrivera.it\/wp-content\/uploads\/2020\/02\/paul_rivera_logo_header_x2.png\",\"contentUrl\":\"https:\/\/paulrivera.it\/wp-content\/uploads\/2020\/02\/paul_rivera_logo_header_x2.png\",\"width\":470,\"height\":60,\"caption\":\"Paul Rivera\"},\"image\":{\"@id\":\"https:\/\/paulrivera.it\/pl\/#\/schema\/logo\/image\/\"}}]}<\/script>\n<!-- \/ Yoast SEO plugin. -->","yoast_head_json":{"title":"Depurize \u2013 Od\u017cywka Normalizuj\u0105ca","description":"Od\u017cywka normalizuj\u0105ca Depurize zosta\u0142a stworzona, aby zwalcza\u0107 \u0142upie\u017c, jednocze\u015bnie pozostawiaj\u0105c w\u0142osy niezwykle mi\u0119kkie, lekkie i \u0142atwe do rozczesania.","robots":{"index":"index","follow":"follow","max-snippet":"max-snippet:-1","max-image-preview":"max-image-preview:large","max-video-preview":"max-video-preview:-1"},"canonical":"https:\/\/paulrivera.it\/pl\/prodotti\/kuracje\/depurize-wlosy-z-tendencja-do-przetluszczania-sie\/depurize-odzywka-normalizujaca-2\/","og_locale":"pl_PL","og_type":"article","og_title":"Depurize \u2013 Od\u017cywka Normalizuj\u0105ca","og_description":"Od\u017cywka normalizuj\u0105ca Depurize zosta\u0142a stworzona, aby zwalcza\u0107 \u0142upie\u017c, jednocze\u015bnie pozostawiaj\u0105c w\u0142osy niezwykle mi\u0119kkie, lekkie i \u0142atwe do rozczesania.","og_url":"https:\/\/paulrivera.it\/pl\/prodotti\/kuracje\/depurize-wlosy-z-tendencja-do-przetluszczania-sie\/depurize-odzywka-normalizujaca-2\/","og_site_name":"Paul Rivera","article_modified_time":"2025-10-30T11:33:56+00:00","og_image":[{"width":800,"height":800,"url":"https:\/\/paulrivera.it\/wp-content\/uploads\/2025\/10\/605177-paul-rivera-depurize-balsamo-500ml.png","type":"image\/png"}],"twitter_card":"summary_large_image","twitter_misc":{"Est. reading time":"3 minutes"},"schema":{"@context":"https:\/\/schema.org","@graph":[{"@type":"WebPage","@id":"https:\/\/paulrivera.it\/pl\/prodotti\/kuracje\/depurize-wlosy-z-tendencja-do-przetluszczania-sie\/depurize-odzywka-normalizujaca-2\/","url":"https:\/\/paulrivera.it\/pl\/prodotti\/kuracje\/depurize-wlosy-z-tendencja-do-przetluszczania-sie\/depurize-odzywka-normalizujaca-2\/","name":"Depurize \u2013 Od\u017cywka Normalizuj\u0105ca","isPartOf":{"@id":"https:\/\/paulrivera.it\/pl\/#website"},"primaryImageOfPage":{"@id":"https:\/\/paulrivera.it\/pl\/prodotti\/kuracje\/depurize-wlosy-z-tendencja-do-przetluszczania-sie\/depurize-odzywka-normalizujaca-2\/#primaryimage"},"image":{"@id":"https:\/\/paulrivera.it\/pl\/prodotti\/kuracje\/depurize-wlosy-z-tendencja-do-przetluszczania-sie\/depurize-odzywka-normalizujaca-2\/#primaryimage"},"thumbnailUrl":"https:\/\/paulrivera.it\/wp-content\/uploads\/2025\/10\/605177-paul-rivera-depurize-balsamo-500ml.png","datePublished":"2025-10-29T14:17:54+00:00","dateModified":"2025-10-30T11:33:56+00:00","description":"Od\u017cywka normalizuj\u0105ca Depurize zosta\u0142a stworzona, aby zwalcza\u0107 \u0142upie\u017c, jednocze\u015bnie pozostawiaj\u0105c w\u0142osy niezwykle mi\u0119kkie, lekkie i \u0142atwe do rozczesania.","breadcrumb":{"@id":"https:\/\/paulrivera.it\/pl\/prodotti\/kuracje\/depurize-wlosy-z-tendencja-do-przetluszczania-sie\/depurize-odzywka-normalizujaca-2\/#breadcrumb"},"inLanguage":"pl-PL","potentialAction":[{"@type":"ReadAction","target":["https:\/\/paulrivera.it\/pl\/prodotti\/kuracje\/depurize-wlosy-z-tendencja-do-przetluszczania-sie\/depurize-odzywka-normalizujaca-2\/"]}]},{"@type":"ImageObject","inLanguage":"pl-PL","@id":"https:\/\/paulrivera.it\/pl\/prodotti\/kuracje\/depurize-wlosy-z-tendencja-do-przetluszczania-sie\/depurize-odzywka-normalizujaca-2\/#primaryimage","url":"https:\/\/paulrivera.it\/wp-content\/uploads\/2025\/10\/605177-paul-rivera-depurize-balsamo-500ml.png","contentUrl":"https:\/\/paulrivera.it\/wp-content\/uploads\/2025\/10\/605177-paul-rivera-depurize-balsamo-500ml.png","width":800,"height":800},{"@type":"BreadcrumbList","@id":"https:\/\/paulrivera.it\/pl\/prodotti\/kuracje\/depurize-wlosy-z-tendencja-do-przetluszczania-sie\/depurize-odzywka-normalizujaca-2\/#breadcrumb","itemListElement":[{"@type":"ListItem","position":1,"name":"Home","item":"https:\/\/paulrivera.it\/pl\/"},{"@type":"ListItem","position":2,"name":"Pagina shop","item":"https:\/\/paulrivera.it\/prodotti\/"},{"@type":"ListItem","position":3,"name":"Depurize \u2013 Od\u017cywka Normalizuj\u0105ca"}]},{"@type":"WebSite","@id":"https:\/\/paulrivera.it\/pl\/#website","url":"https:\/\/paulrivera.it\/pl\/","name":"Paul Rivera","description":"Hair Beauty Celebration","publisher":{"@id":"https:\/\/paulrivera.it\/pl\/#organization"},"potentialAction":[{"@type":"SearchAction","target":{"@type":"EntryPoint","urlTemplate":"https:\/\/paulrivera.it\/pl\/?s={search_term_string}"},"query-input":{"@type":"PropertyValueSpecification","valueRequired":true,"valueName":"search_term_string"}}],"inLanguage":"pl-PL"},{"@type":"Organization","@id":"https:\/\/paulrivera.it\/pl\/#organization","name":"Paul Rivera","url":"https:\/\/paulrivera.it\/pl\/","logo":{"@type":"ImageObject","inLanguage":"pl-PL","@id":"https:\/\/paulrivera.it\/pl\/#\/schema\/logo\/image\/","url":"https:\/\/paulrivera.it\/wp-content\/uploads\/2020\/02\/paul_rivera_logo_header_x2.png","contentUrl":"https:\/\/paulrivera.it\/wp-content\/uploads\/2020\/02\/paul_rivera_logo_header_x2.png","width":470,"height":60,"caption":"Paul Rivera"},"image":{"@id":"https:\/\/paulrivera.it\/pl\/#\/schema\/logo\/image\/"}}]}},"_links":{"self":[{"href":"https:\/\/paulrivera.it\/pl\/wp-json\/wp\/v2\/product\/16053","targetHints":{"allow":["GET"]}}],"collection":[{"href":"https:\/\/paulrivera.it\/pl\/wp-json\/wp\/v2\/product"}],"about":[{"href":"https:\/\/paulrivera.it\/pl\/wp-json\/wp\/v2\/types\/product"}],"wp:featuredmedia":[{"embeddable":true,"href":"https:\/\/paulrivera.it\/pl\/wp-json\/wp\/v2\/media\/16123"}],"wp:attachment":[{"href":"https:\/\/paulrivera.it\/pl\/wp-json\/wp\/v2\/media?parent=16053"}],"wp:term":[{"taxonomy":"product_brand","embeddable":true,"href":"https:\/\/paulrivera.it\/pl\/wp-json\/wp\/v2\/product_brand?post=16053"},{"taxonomy":"product_cat","embeddable":true,"href":"https:\/\/paulrivera.it\/pl\/wp-json\/wp\/v2\/product_cat?post=16053"},{"taxonomy":"product_tag","embeddable":true,"href":"https:\/\/paulrivera.it\/pl\/wp-json\/wp\/v2\/product_tag?post=16053"}],"curies":[{"name":"wp","href":"https:\/\/api.w.org\/{rel}","templated":true}]}}