{"id":16409,"date":"2025-12-12T10:12:27","date_gmt":"2025-12-12T09:12:27","guid":{"rendered":"https:\/\/paulrivera.it\/?post_type=product&#038;p=16409"},"modified":"2025-12-12T10:44:21","modified_gmt":"2025-12-12T09:44:21","slug":"miracle-boost-szampon-pogrubiajacy-2","status":"publish","type":"product","link":"https:\/\/paulrivera.it\/pl\/prodotti\/kuracje\/miracle-boost-zabieg-dodajacy-objetosci\/miracle-boost-szampon-pogrubiajacy-2\/","title":{"rendered":"Miracle Boost &#8211; Szampon Pogrubiaj\u0105cy"},"content":{"rendered":"<div class=\"wpb-content-wrapper\"><p>[vc_row full_width=&#8221;stretch_row&#8221;][vc_column][vc_row_inner el_id=&#8221;desktop&#8221;][vc_column_inner width=&#8221;1\/2&#8243; css=&#8221;.vc_custom_1582194227194{padding-top: 10% !important;padding-right: 10% !important;padding-bottom: 10% !important;padding-left: 30% !important;}&#8221; offset=&#8221;vc_hidden-md vc_hidden-sm vc_hidden-xs&#8221;][vc_column_text css=&#8221;&#8221;]<\/p>\n<h1>Pokochasz ten produkt za to, \u017ce<\/h1>\n<ul>\n<li><span style=\"font-weight: 400;\">Jest odpowiedni do w\u0142os\u00f3w cienkich i pozbawionych obj\u0119to\u015bci<\/span><\/li>\n<li><span style=\"font-weight: 400;\">Delikatnie oczyszcza bez naruszania struktury w\u0142osa<\/span><\/li>\n<li><span style=\"font-weight: 400;\">U\u0142atwia rozczesywanie<\/span><\/li>\n<\/ul>\n<p>[\/vc_column_text][vc_column_text css=&#8221;&#8221;]<\/p>\n<h1>Sk\u0142adniki aktywne zawarte w formule<\/h1>\n<ul>\n<li><b>Proteiny Bawe\u0142ny:<\/b><span style=\"font-weight: 400;\"> delikatnie otulaj\u0105 w\u0142\u00f3kno w\u0142osa, sprawiaj\u0105c, \u017ce w\u0142osy s\u0105 wyj\u0105tkowo jedwabiste i mi\u0119kkie w dotyku, bez efektu obci\u0105\u017cenia.<\/span><\/li>\n<li><b>Kwas Hialuronowy:<\/b><span style=\"font-weight: 400;\"> dzia\u0142a jak prawdziwy wype\u0142niacz w\u0142osa, wype\u0142niaj\u0105c go od wewn\u0105trz oraz zapewniaj\u0105c nawil\u017cenie i elastyczno\u015b\u0107.<\/span><\/li>\n<\/ul>\n<p>[\/vc_column_text][vc_column_text css=&#8221;&#8221;]<\/p>\n<h1>Jak stosowa\u0107?<\/h1>\n<p><span style=\"font-weight: 400;\">Umy\u0107 w\u0142osy Szamponem Pogrubiaj\u0105cym, aby usun\u0105\u0107 zanieczyszczenia i przygotowa\u0107 je do kolejnego etapu piel\u0119gnacji. Sp\u0142uka\u0107 i w razie potrzeby powt\u00f3rzy\u0107.<\/span>[\/vc_column_text][\/vc_column_inner][vc_column_inner width=&#8221;1\/2&#8243; css=&#8221;.vc_custom_1765461302669{background-color: #E4BBC5 !important;background-position: center !important;background-repeat: no-repeat !important;background-size: cover !important;}&#8221; offset=&#8221;vc_hidden-md vc_hidden-sm vc_hidden-xs&#8221;][vc_single_image image=&#8221;16229&#8243; img_size=&#8221;large&#8221; alignment=&#8221;center&#8221; css=&#8221;&#8221;][\/vc_column_inner][\/vc_row_inner][vc_row_inner el_id=&#8221;tablet&#8221;][vc_column_inner offset=&#8221;vc_hidden-lg vc_hidden-xs&#8221;][vc_column_text css=&#8221;&#8221;]<\/p>\n<h1>Pokochasz ten produkt za to, \u017ce<\/h1>\n<ul>\n<li><span style=\"font-weight: 400;\">Jest odpowiedni do w\u0142os\u00f3w cienkich i pozbawionych obj\u0119to\u015bci<\/span><\/li>\n<li><span style=\"font-weight: 400;\">Delikatnie oczyszcza bez naruszania struktury w\u0142osa<\/span><\/li>\n<li><span style=\"font-weight: 400;\">U\u0142atwia rozczesywanie<\/span><\/li>\n<\/ul>\n<p>[\/vc_column_text][vc_column_text css=&#8221;&#8221;]<\/p>\n<h1>Sk\u0142adniki aktywne zawarte w formule<\/h1>\n<ul>\n<li><b>Proteiny Bawe\u0142ny:<\/b><span style=\"font-weight: 400;\"> delikatnie otulaj\u0105 w\u0142\u00f3kno w\u0142osa, sprawiaj\u0105c, \u017ce w\u0142osy s\u0105 wyj\u0105tkowo jedwabiste i mi\u0119kkie w dotyku, bez efektu obci\u0105\u017cenia.<\/span><\/li>\n<li><b>Kwas Hialuronowy:<\/b><span style=\"font-weight: 400;\"> dzia\u0142a jak prawdziwy wype\u0142niacz w\u0142osa, wype\u0142niaj\u0105c go od wewn\u0105trz oraz zapewniaj\u0105c nawil\u017cenie i elastyczno\u015b\u0107.<\/span><\/li>\n<\/ul>\n<p>[\/vc_column_text][vc_column_text css=&#8221;&#8221;]<\/p>\n<h1>Jak stosowa\u0107?<\/h1>\n<p><span style=\"font-weight: 400;\">Umy\u0107 w\u0142osy Szamponem Pogrubiaj\u0105cym, aby usun\u0105\u0107 zanieczyszczenia i przygotowa\u0107 je do kolejnego etapu piel\u0119gnacji. Sp\u0142uka\u0107 i w razie potrzeby powt\u00f3rzy\u0107.<\/span>[\/vc_column_text][\/vc_column_inner][\/vc_row_inner][vc_row_inner el_id=&#8221;mobile&#8221;][vc_column_inner width=&#8221;1\/2&#8243; offset=&#8221;vc_hidden-lg vc_hidden-md vc_hidden-sm&#8221;][vc_column_text css=&#8221;&#8221;]<\/p>\n<h1>Pokochasz ten produkt za to, \u017ce<\/h1>\n<ul>\n<li><span style=\"font-weight: 400;\">Jest odpowiedni do w\u0142os\u00f3w cienkich i pozbawionych obj\u0119to\u015bci<\/span><\/li>\n<li><span style=\"font-weight: 400;\">Delikatnie oczyszcza bez naruszania struktury w\u0142osa<\/span><\/li>\n<li><span style=\"font-weight: 400;\">U\u0142atwia rozczesywanie<\/span><\/li>\n<\/ul>\n<p>[\/vc_column_text][vc_column_text css=&#8221;&#8221;]<\/p>\n<h1>Sk\u0142adniki aktywne zawarte w formule<\/h1>\n<ul>\n<li><b>Proteiny Bawe\u0142ny:<\/b><span style=\"font-weight: 400;\"> delikatnie otulaj\u0105 w\u0142\u00f3kno w\u0142osa, sprawiaj\u0105c, \u017ce w\u0142osy s\u0105 wyj\u0105tkowo jedwabiste i mi\u0119kkie w dotyku, bez efektu obci\u0105\u017cenia.<\/span><\/li>\n<li><b>Kwas Hialuronowy:<\/b><span style=\"font-weight: 400;\"> dzia\u0142a jak prawdziwy wype\u0142niacz w\u0142osa, wype\u0142niaj\u0105c go od wewn\u0105trz oraz zapewniaj\u0105c nawil\u017cenie i elastyczno\u015b\u0107.<\/span><\/li>\n<\/ul>\n<p>[\/vc_column_text][vc_column_text css=&#8221;&#8221;]<\/p>\n<h1>Jak stosowa\u0107?<\/h1>\n<p><span style=\"font-weight: 400;\">Umy\u0107 w\u0142osy Szamponem Pogrubiaj\u0105cym, aby usun\u0105\u0107 zanieczyszczenia i przygotowa\u0107 je do kolejnego etapu piel\u0119gnacji. Sp\u0142uka\u0107 i w razie potrzeby powt\u00f3rzy\u0107.<\/span>[\/vc_column_text][\/vc_column_inner][vc_column_inner width=&#8221;1\/2&#8243; css=&#8221;.vc_custom_1765461313434{background-color: #E4BBC5 !important;background-position: center !important;background-repeat: no-repeat !important;background-size: cover !important;}&#8221; offset=&#8221;vc_hidden-lg vc_hidden-md vc_hidden-sm&#8221;][vc_single_image image=&#8221;16229&#8243; img_size=&#8221;large&#8221; alignment=&#8221;center&#8221; css=&#8221;&#8221;][\/vc_column_inner][\/vc_row_inner][\/vc_column][\/vc_row][vc_row css=&#8221;.vc_custom_1582192829011{padding-top: 50px !important;}&#8221;][vc_column][vc_row_inner][vc_column_inner][vc_column_text]<\/p>\n<h1 style=\"text-align: center;\">Mo\u017cesz wypr\u00f3bowa\u0107 ten produkt z<\/h1>\n<p>[\/vc_column_text][\/vc_column_inner][\/vc_row_inner][vc_raw_html css=&#8221;&#8221;]JTVCd3BiLXByb2R1Y3Qtc2xpZGVyLXNob3J0Y29kZSUyMGlkJTNEJTIyMTY0MjAlMjIlNUQ=[\/vc_raw_html][\/vc_column][\/vc_row]<\/p>\n<\/div>","protected":false},"excerpt":{"rendered":"<p><span style=\"font-weight: 400;\">Szampon pogrubiaj\u0105cy przeznaczony jest do w\u0142os\u00f3w cienkich i os\u0142abionych. Delikatna formu\u0142a oczyszcza w\u0142osy, usuwaj\u0105c zanieczyszczenia i pozosta\u0142o\u015bci, a lekka konsystencja u\u0142atwia rozczesywanie i przygotowuje w\u0142osy do kolejnego etapu piel\u0119gnacji.<\/span><\/p>\n<p>300 ml<\/p>\n<p>&nbsp;<\/p>\n<p class=\"p1\">[maxbutton id=\"8\"]<\/p>\n","protected":false},"featured_media":16180,"template":"","meta":[],"product_brand":[],"product_cat":[696,2115],"product_tag":[],"class_list":{"0":"post-16409","1":"product","2":"type-product","3":"status-publish","4":"has-post-thumbnail","6":"product_cat-kuracje","7":"product_cat-miracle-boost-zabieg-dodajacy-objetosci","8":"description-off","10":"first","11":"instock","12":"shipping-taxable","13":"product-type-simple"},"yoast_head":"<!-- This site is optimized with the Yoast SEO plugin v27.2 - https:\/\/yoast.com\/product\/yoast-seo-wordpress\/ -->\n<title>Miracle Boost - Szampon Pogrubiaj\u0105cy - Paul Rivera<\/title>\n<meta name=\"description\" content=\"Delikatna formu\u0142a oczyszcza w\u0142osy, usuwaj\u0105c zanieczyszczenia i pozosta\u0142o\u015bci, a lekka konsystencja u\u0142atwia rozczesywanie i przygotowuje w\u0142osy do kolejnego etapu piel\u0119gnacji.\" \/>\n<meta name=\"robots\" content=\"index, follow, max-snippet:-1, max-image-preview:large, max-video-preview:-1\" \/>\n<link rel=\"canonical\" href=\"https:\/\/paulrivera.it\/pl\/prodotti\/kuracje\/miracle-boost-zabieg-dodajacy-objetosci\/miracle-boost-szampon-pogrubiajacy-2\/\" \/>\n<meta property=\"og:locale\" content=\"pl_PL\" \/>\n<meta property=\"og:type\" content=\"article\" \/>\n<meta property=\"og:title\" content=\"Miracle Boost - Szampon Pogrubiaj\u0105cy - Paul Rivera\" \/>\n<meta property=\"og:description\" content=\"Delikatna formu\u0142a oczyszcza w\u0142osy, usuwaj\u0105c zanieczyszczenia i pozosta\u0142o\u015bci, a lekka konsystencja u\u0142atwia rozczesywanie i przygotowuje w\u0142osy do kolejnego etapu piel\u0119gnacji.\" \/>\n<meta property=\"og:url\" content=\"https:\/\/paulrivera.it\/pl\/prodotti\/kuracje\/miracle-boost-zabieg-dodajacy-objetosci\/miracle-boost-szampon-pogrubiajacy-2\/\" \/>\n<meta property=\"og:site_name\" content=\"Paul Rivera\" \/>\n<meta property=\"article:modified_time\" content=\"2025-12-12T09:44:21+00:00\" \/>\n<meta property=\"og:image\" content=\"https:\/\/paulrivera.it\/wp-content\/uploads\/2025\/11\/604880-paul-rivera-miracle-boost-shampoo-300ml.png\" \/>\n\t<meta property=\"og:image:width\" content=\"800\" \/>\n\t<meta property=\"og:image:height\" content=\"800\" \/>\n\t<meta property=\"og:image:type\" content=\"image\/png\" \/>\n<meta name=\"twitter:card\" content=\"summary_large_image\" \/>\n<meta name=\"twitter:label1\" content=\"Est. reading time\" \/>\n\t<meta name=\"twitter:data1\" content=\"3 minutes\" \/>\n<script type=\"application\/ld+json\" class=\"yoast-schema-graph\">{\"@context\":\"https:\/\/schema.org\",\"@graph\":[{\"@type\":\"WebPage\",\"@id\":\"https:\/\/paulrivera.it\/pl\/prodotti\/kuracje\/miracle-boost-zabieg-dodajacy-objetosci\/miracle-boost-szampon-pogrubiajacy-2\/\",\"url\":\"https:\/\/paulrivera.it\/pl\/prodotti\/kuracje\/miracle-boost-zabieg-dodajacy-objetosci\/miracle-boost-szampon-pogrubiajacy-2\/\",\"name\":\"Miracle Boost - Szampon Pogrubiaj\u0105cy - Paul Rivera\",\"isPartOf\":{\"@id\":\"https:\/\/paulrivera.it\/pl\/#website\"},\"primaryImageOfPage\":{\"@id\":\"https:\/\/paulrivera.it\/pl\/prodotti\/kuracje\/miracle-boost-zabieg-dodajacy-objetosci\/miracle-boost-szampon-pogrubiajacy-2\/#primaryimage\"},\"image\":{\"@id\":\"https:\/\/paulrivera.it\/pl\/prodotti\/kuracje\/miracle-boost-zabieg-dodajacy-objetosci\/miracle-boost-szampon-pogrubiajacy-2\/#primaryimage\"},\"thumbnailUrl\":\"https:\/\/paulrivera.it\/wp-content\/uploads\/2025\/11\/604880-paul-rivera-miracle-boost-shampoo-300ml.png\",\"datePublished\":\"2025-12-12T09:12:27+00:00\",\"dateModified\":\"2025-12-12T09:44:21+00:00\",\"description\":\"Delikatna formu\u0142a oczyszcza w\u0142osy, usuwaj\u0105c zanieczyszczenia i pozosta\u0142o\u015bci, a lekka konsystencja u\u0142atwia rozczesywanie i przygotowuje w\u0142osy do kolejnego etapu piel\u0119gnacji.\",\"breadcrumb\":{\"@id\":\"https:\/\/paulrivera.it\/pl\/prodotti\/kuracje\/miracle-boost-zabieg-dodajacy-objetosci\/miracle-boost-szampon-pogrubiajacy-2\/#breadcrumb\"},\"inLanguage\":\"pl-PL\",\"potentialAction\":[{\"@type\":\"ReadAction\",\"target\":[\"https:\/\/paulrivera.it\/pl\/prodotti\/kuracje\/miracle-boost-zabieg-dodajacy-objetosci\/miracle-boost-szampon-pogrubiajacy-2\/\"]}]},{\"@type\":\"ImageObject\",\"inLanguage\":\"pl-PL\",\"@id\":\"https:\/\/paulrivera.it\/pl\/prodotti\/kuracje\/miracle-boost-zabieg-dodajacy-objetosci\/miracle-boost-szampon-pogrubiajacy-2\/#primaryimage\",\"url\":\"https:\/\/paulrivera.it\/wp-content\/uploads\/2025\/11\/604880-paul-rivera-miracle-boost-shampoo-300ml.png\",\"contentUrl\":\"https:\/\/paulrivera.it\/wp-content\/uploads\/2025\/11\/604880-paul-rivera-miracle-boost-shampoo-300ml.png\",\"width\":800,\"height\":800},{\"@type\":\"BreadcrumbList\",\"@id\":\"https:\/\/paulrivera.it\/pl\/prodotti\/kuracje\/miracle-boost-zabieg-dodajacy-objetosci\/miracle-boost-szampon-pogrubiajacy-2\/#breadcrumb\",\"itemListElement\":[{\"@type\":\"ListItem\",\"position\":1,\"name\":\"Home\",\"item\":\"https:\/\/paulrivera.it\/pl\/\"},{\"@type\":\"ListItem\",\"position\":2,\"name\":\"Pagina shop\",\"item\":\"https:\/\/paulrivera.it\/prodotti\/\"},{\"@type\":\"ListItem\",\"position\":3,\"name\":\"Miracle Boost &#8211; Szampon Pogrubiaj\u0105cy\"}]},{\"@type\":\"WebSite\",\"@id\":\"https:\/\/paulrivera.it\/pl\/#website\",\"url\":\"https:\/\/paulrivera.it\/pl\/\",\"name\":\"Paul Rivera\",\"description\":\"Hair Beauty Celebration\",\"publisher\":{\"@id\":\"https:\/\/paulrivera.it\/pl\/#organization\"},\"potentialAction\":[{\"@type\":\"SearchAction\",\"target\":{\"@type\":\"EntryPoint\",\"urlTemplate\":\"https:\/\/paulrivera.it\/pl\/?s={search_term_string}\"},\"query-input\":{\"@type\":\"PropertyValueSpecification\",\"valueRequired\":true,\"valueName\":\"search_term_string\"}}],\"inLanguage\":\"pl-PL\"},{\"@type\":\"Organization\",\"@id\":\"https:\/\/paulrivera.it\/pl\/#organization\",\"name\":\"Paul Rivera\",\"url\":\"https:\/\/paulrivera.it\/pl\/\",\"logo\":{\"@type\":\"ImageObject\",\"inLanguage\":\"pl-PL\",\"@id\":\"https:\/\/paulrivera.it\/pl\/#\/schema\/logo\/image\/\",\"url\":\"https:\/\/paulrivera.it\/wp-content\/uploads\/2020\/02\/paul_rivera_logo_header_x2.png\",\"contentUrl\":\"https:\/\/paulrivera.it\/wp-content\/uploads\/2020\/02\/paul_rivera_logo_header_x2.png\",\"width\":470,\"height\":60,\"caption\":\"Paul Rivera\"},\"image\":{\"@id\":\"https:\/\/paulrivera.it\/pl\/#\/schema\/logo\/image\/\"}}]}<\/script>\n<!-- \/ Yoast SEO plugin. -->","yoast_head_json":{"title":"Miracle Boost - Szampon Pogrubiaj\u0105cy - Paul Rivera","description":"Delikatna formu\u0142a oczyszcza w\u0142osy, usuwaj\u0105c zanieczyszczenia i pozosta\u0142o\u015bci, a lekka konsystencja u\u0142atwia rozczesywanie i przygotowuje w\u0142osy do kolejnego etapu piel\u0119gnacji.","robots":{"index":"index","follow":"follow","max-snippet":"max-snippet:-1","max-image-preview":"max-image-preview:large","max-video-preview":"max-video-preview:-1"},"canonical":"https:\/\/paulrivera.it\/pl\/prodotti\/kuracje\/miracle-boost-zabieg-dodajacy-objetosci\/miracle-boost-szampon-pogrubiajacy-2\/","og_locale":"pl_PL","og_type":"article","og_title":"Miracle Boost - Szampon Pogrubiaj\u0105cy - Paul Rivera","og_description":"Delikatna formu\u0142a oczyszcza w\u0142osy, usuwaj\u0105c zanieczyszczenia i pozosta\u0142o\u015bci, a lekka konsystencja u\u0142atwia rozczesywanie i przygotowuje w\u0142osy do kolejnego etapu piel\u0119gnacji.","og_url":"https:\/\/paulrivera.it\/pl\/prodotti\/kuracje\/miracle-boost-zabieg-dodajacy-objetosci\/miracle-boost-szampon-pogrubiajacy-2\/","og_site_name":"Paul Rivera","article_modified_time":"2025-12-12T09:44:21+00:00","og_image":[{"width":800,"height":800,"url":"https:\/\/paulrivera.it\/wp-content\/uploads\/2025\/11\/604880-paul-rivera-miracle-boost-shampoo-300ml.png","type":"image\/png"}],"twitter_card":"summary_large_image","twitter_misc":{"Est. reading time":"3 minutes"},"schema":{"@context":"https:\/\/schema.org","@graph":[{"@type":"WebPage","@id":"https:\/\/paulrivera.it\/pl\/prodotti\/kuracje\/miracle-boost-zabieg-dodajacy-objetosci\/miracle-boost-szampon-pogrubiajacy-2\/","url":"https:\/\/paulrivera.it\/pl\/prodotti\/kuracje\/miracle-boost-zabieg-dodajacy-objetosci\/miracle-boost-szampon-pogrubiajacy-2\/","name":"Miracle Boost - Szampon Pogrubiaj\u0105cy - Paul Rivera","isPartOf":{"@id":"https:\/\/paulrivera.it\/pl\/#website"},"primaryImageOfPage":{"@id":"https:\/\/paulrivera.it\/pl\/prodotti\/kuracje\/miracle-boost-zabieg-dodajacy-objetosci\/miracle-boost-szampon-pogrubiajacy-2\/#primaryimage"},"image":{"@id":"https:\/\/paulrivera.it\/pl\/prodotti\/kuracje\/miracle-boost-zabieg-dodajacy-objetosci\/miracle-boost-szampon-pogrubiajacy-2\/#primaryimage"},"thumbnailUrl":"https:\/\/paulrivera.it\/wp-content\/uploads\/2025\/11\/604880-paul-rivera-miracle-boost-shampoo-300ml.png","datePublished":"2025-12-12T09:12:27+00:00","dateModified":"2025-12-12T09:44:21+00:00","description":"Delikatna formu\u0142a oczyszcza w\u0142osy, usuwaj\u0105c zanieczyszczenia i pozosta\u0142o\u015bci, a lekka konsystencja u\u0142atwia rozczesywanie i przygotowuje w\u0142osy do kolejnego etapu piel\u0119gnacji.","breadcrumb":{"@id":"https:\/\/paulrivera.it\/pl\/prodotti\/kuracje\/miracle-boost-zabieg-dodajacy-objetosci\/miracle-boost-szampon-pogrubiajacy-2\/#breadcrumb"},"inLanguage":"pl-PL","potentialAction":[{"@type":"ReadAction","target":["https:\/\/paulrivera.it\/pl\/prodotti\/kuracje\/miracle-boost-zabieg-dodajacy-objetosci\/miracle-boost-szampon-pogrubiajacy-2\/"]}]},{"@type":"ImageObject","inLanguage":"pl-PL","@id":"https:\/\/paulrivera.it\/pl\/prodotti\/kuracje\/miracle-boost-zabieg-dodajacy-objetosci\/miracle-boost-szampon-pogrubiajacy-2\/#primaryimage","url":"https:\/\/paulrivera.it\/wp-content\/uploads\/2025\/11\/604880-paul-rivera-miracle-boost-shampoo-300ml.png","contentUrl":"https:\/\/paulrivera.it\/wp-content\/uploads\/2025\/11\/604880-paul-rivera-miracle-boost-shampoo-300ml.png","width":800,"height":800},{"@type":"BreadcrumbList","@id":"https:\/\/paulrivera.it\/pl\/prodotti\/kuracje\/miracle-boost-zabieg-dodajacy-objetosci\/miracle-boost-szampon-pogrubiajacy-2\/#breadcrumb","itemListElement":[{"@type":"ListItem","position":1,"name":"Home","item":"https:\/\/paulrivera.it\/pl\/"},{"@type":"ListItem","position":2,"name":"Pagina shop","item":"https:\/\/paulrivera.it\/prodotti\/"},{"@type":"ListItem","position":3,"name":"Miracle Boost &#8211; Szampon Pogrubiaj\u0105cy"}]},{"@type":"WebSite","@id":"https:\/\/paulrivera.it\/pl\/#website","url":"https:\/\/paulrivera.it\/pl\/","name":"Paul Rivera","description":"Hair Beauty Celebration","publisher":{"@id":"https:\/\/paulrivera.it\/pl\/#organization"},"potentialAction":[{"@type":"SearchAction","target":{"@type":"EntryPoint","urlTemplate":"https:\/\/paulrivera.it\/pl\/?s={search_term_string}"},"query-input":{"@type":"PropertyValueSpecification","valueRequired":true,"valueName":"search_term_string"}}],"inLanguage":"pl-PL"},{"@type":"Organization","@id":"https:\/\/paulrivera.it\/pl\/#organization","name":"Paul Rivera","url":"https:\/\/paulrivera.it\/pl\/","logo":{"@type":"ImageObject","inLanguage":"pl-PL","@id":"https:\/\/paulrivera.it\/pl\/#\/schema\/logo\/image\/","url":"https:\/\/paulrivera.it\/wp-content\/uploads\/2020\/02\/paul_rivera_logo_header_x2.png","contentUrl":"https:\/\/paulrivera.it\/wp-content\/uploads\/2020\/02\/paul_rivera_logo_header_x2.png","width":470,"height":60,"caption":"Paul Rivera"},"image":{"@id":"https:\/\/paulrivera.it\/pl\/#\/schema\/logo\/image\/"}}]}},"_links":{"self":[{"href":"https:\/\/paulrivera.it\/pl\/wp-json\/wp\/v2\/product\/16409","targetHints":{"allow":["GET"]}}],"collection":[{"href":"https:\/\/paulrivera.it\/pl\/wp-json\/wp\/v2\/product"}],"about":[{"href":"https:\/\/paulrivera.it\/pl\/wp-json\/wp\/v2\/types\/product"}],"wp:featuredmedia":[{"embeddable":true,"href":"https:\/\/paulrivera.it\/pl\/wp-json\/wp\/v2\/media\/16180"}],"wp:attachment":[{"href":"https:\/\/paulrivera.it\/pl\/wp-json\/wp\/v2\/media?parent=16409"}],"wp:term":[{"taxonomy":"product_brand","embeddable":true,"href":"https:\/\/paulrivera.it\/pl\/wp-json\/wp\/v2\/product_brand?post=16409"},{"taxonomy":"product_cat","embeddable":true,"href":"https:\/\/paulrivera.it\/pl\/wp-json\/wp\/v2\/product_cat?post=16409"},{"taxonomy":"product_tag","embeddable":true,"href":"https:\/\/paulrivera.it\/pl\/wp-json\/wp\/v2\/product_tag?post=16409"}],"curies":[{"name":"wp","href":"https:\/\/api.w.org\/{rel}","templated":true}]}}