{"id":16472,"date":"2026-03-23T10:22:53","date_gmt":"2026-03-23T09:22:53","guid":{"rendered":"https:\/\/paulrivera.it\/?post_type=product&#038;p=16472"},"modified":"2026-03-23T10:29:15","modified_gmt":"2026-03-23T09:29:15","slug":"vip-perfumy-do-wlosow","status":"publish","type":"product","link":"https:\/\/paulrivera.it\/pl\/prodotti\/finish-styling-pl\/vip-perfumy-do-wlosow\/","title":{"rendered":"VIP &#8211; Perfumy do W\u0142os\u00f3w"},"content":{"rendered":"<div class=\"wpb-content-wrapper\"><p>[vc_row full_width=&#8221;stretch_row&#8221;][vc_column][vc_row_inner el_id=&#8221;desktop&#8221;][vc_column_inner width=&#8221;1\/2&#8243; css=&#8221;.vc_custom_1582194227194{padding-top: 10% !important;padding-right: 10% !important;padding-bottom: 10% !important;padding-left: 30% !important;}&#8221; offset=&#8221;vc_hidden-md vc_hidden-sm vc_hidden-xs&#8221;][vc_column_text css=&#8221;&#8221;]<\/p>\n<h1>Pokochasz ten produkt za to, \u017ce<\/h1>\n<p>&nbsp;<\/p>\n<ul>\n<li style=\"font-weight: 400;\" aria-level=\"1\"><span style=\"font-weight: 400;\">Delikatnie perfumuje w\u0142osy, nie obci\u0105\u017caj\u0105c ich<\/span><\/li>\n<li style=\"font-weight: 400;\" aria-level=\"1\"><span style=\"font-weight: 400;\">Pozostawia elegancki i trwa\u0142y \u015blad zapachowy<\/span><\/li>\n<li style=\"font-weight: 400;\" aria-level=\"1\"><span style=\"font-weight: 400;\">Jest idealnym wyko\u0144czeniem stylizacji<\/span><\/li>\n<li style=\"font-weight: 400;\" aria-level=\"1\"><span style=\"font-weight: 400;\">Zapach gourmand jest ciep\u0142y i wyrafinowany<\/span><\/li>\n<li style=\"font-weight: 400;\" aria-level=\"1\"><span style=\"font-weight: 400;\">Zamienia ka\u017cdy ruch w\u0142os\u00f3w w zmys\u0142owe do\u015bwiadczenie<\/span><\/li>\n<\/ul>\n<p>[\/vc_column_text][vc_column_text css=&#8221;&#8221;]<\/p>\n<h1>Piramida zapachowa<span style=\"font-weight: 400;\"><br \/>\n<\/span><\/h1>\n<p><strong>Nuty g\u0142owy<\/strong><span style=\"font-weight: 400;\"><br \/>\n<\/span><span style=\"font-weight: 400;\">Ja\u015bmin \u2013 Laska Wanilii \u2013 Akord Gourmand<\/span><\/p>\n<p><strong>Nuty serca<\/strong><span style=\"font-weight: 400;\"><br \/>\n<\/span><span style=\"font-weight: 400;\">Karmel \u2013 Ambra \u2013 Akord Mleczny<\/span><\/p>\n<p><strong>Nuty bazy<\/strong><span style=\"font-weight: 400;\"><br \/>\n<\/span><span style=\"font-weight: 400;\">Wanilia \u2013 Fasolka Tonka \u2013 Bia\u0142e Pi\u017cmo<\/span>[\/vc_column_text][vc_column_text css=&#8221;&#8221;]<\/p>\n<h1>Jak stosowa\u0107?<\/h1>\n<p><span style=\"font-weight: 400;\">Rozpyli\u0107 na suche w\u0142osy z odleg\u0142o\u015bci oko\u0142o 30 cm. Nak\u0142ada\u0107 na d\u0142ugo\u015bci i ko\u0144c\u00f3wki jako ostatni etap stylizacji, aby otuli\u0107 w\u0142osy eleganckim i wyrafinowanym zapachem.<\/span>[\/vc_column_text][\/vc_column_inner][vc_column_inner width=&#8221;1\/2&#8243; css=&#8221;.vc_custom_1774255532711{background-image: url(https:\/\/paulrivera.it\/wp-content\/uploads\/2026\/03\/background_adv_produc_VIP.jpg?id=16443) !important;background-position: center !important;background-repeat: no-repeat !important;background-size: cover !important;}&#8221; offset=&#8221;vc_hidden-md vc_hidden-sm vc_hidden-xs&#8221;][vc_single_image image=&#8221;16454&#8243; img_size=&#8221;large&#8221; alignment=&#8221;center&#8221; css=&#8221;&#8221;][\/vc_column_inner][\/vc_row_inner][vc_row_inner el_id=&#8221;tablet&#8221;][vc_column_inner offset=&#8221;vc_hidden-lg vc_hidden-xs&#8221;][vc_column_text css=&#8221;&#8221;]<\/p>\n<h1>Pokochasz ten produkt za to, \u017ce<\/h1>\n<p>&nbsp;<\/p>\n<ul>\n<li style=\"font-weight: 400;\" aria-level=\"1\"><span style=\"font-weight: 400;\">Delikatnie perfumuje w\u0142osy, nie obci\u0105\u017caj\u0105c ich<\/span><\/li>\n<li style=\"font-weight: 400;\" aria-level=\"1\"><span style=\"font-weight: 400;\">Pozostawia elegancki i trwa\u0142y \u015blad zapachowy<\/span><\/li>\n<li style=\"font-weight: 400;\" aria-level=\"1\"><span style=\"font-weight: 400;\">Jest idealnym wyko\u0144czeniem stylizacji<\/span><\/li>\n<li style=\"font-weight: 400;\" aria-level=\"1\"><span style=\"font-weight: 400;\">Zapach gourmand jest ciep\u0142y i wyrafinowany<\/span><\/li>\n<li style=\"font-weight: 400;\" aria-level=\"1\"><span style=\"font-weight: 400;\">Zamienia ka\u017cdy ruch w\u0142os\u00f3w w zmys\u0142owe do\u015bwiadczenie<\/span><\/li>\n<\/ul>\n<p>[\/vc_column_text][vc_column_text css=&#8221;&#8221;]<\/p>\n<h1>Piramida zapachowa<span style=\"font-weight: 400;\"><br \/>\n<\/span><\/h1>\n<p><strong>Nuty g\u0142owy<\/strong><span style=\"font-weight: 400;\"><br \/>\n<\/span><span style=\"font-weight: 400;\">Ja\u015bmin \u2013 Laska Wanilii \u2013 Akord Gourmand<\/span><\/p>\n<p><strong>Nuty serca<\/strong><span style=\"font-weight: 400;\"><br \/>\n<\/span><span style=\"font-weight: 400;\">Karmel \u2013 Ambra \u2013 Akord Mleczny<\/span><\/p>\n<p><strong>Nuty bazy<\/strong><span style=\"font-weight: 400;\"><br \/>\n<\/span><span style=\"font-weight: 400;\">Wanilia \u2013 Fasolka Tonka \u2013 Bia\u0142e Pi\u017cmo<\/span>[\/vc_column_text][vc_column_text css=&#8221;&#8221;]<\/p>\n<h1>Jak stosowa\u0107?<\/h1>\n<p><span style=\"font-weight: 400;\">Rozpyli\u0107 na suche w\u0142osy z odleg\u0142o\u015bci oko\u0142o 30 cm. Nak\u0142ada\u0107 na d\u0142ugo\u015bci i ko\u0144c\u00f3wki jako ostatni etap stylizacji, aby otuli\u0107 w\u0142osy eleganckim i wyrafinowanym zapachem.<\/span>[\/vc_column_text][\/vc_column_inner][\/vc_row_inner][vc_row_inner el_id=&#8221;mobile&#8221;][vc_column_inner width=&#8221;1\/2&#8243; offset=&#8221;vc_hidden-lg vc_hidden-md vc_hidden-sm&#8221;][vc_column_text css=&#8221;&#8221;]<\/p>\n<h1>Pokochasz ten produkt za to, \u017ce<\/h1>\n<p>&nbsp;<\/p>\n<ul>\n<li style=\"font-weight: 400;\" aria-level=\"1\"><span style=\"font-weight: 400;\">Delikatnie perfumuje w\u0142osy, nie obci\u0105\u017caj\u0105c ich<\/span><\/li>\n<li style=\"font-weight: 400;\" aria-level=\"1\"><span style=\"font-weight: 400;\">Pozostawia elegancki i trwa\u0142y \u015blad zapachowy<\/span><\/li>\n<li style=\"font-weight: 400;\" aria-level=\"1\"><span style=\"font-weight: 400;\">Jest idealnym wyko\u0144czeniem stylizacji<\/span><\/li>\n<li style=\"font-weight: 400;\" aria-level=\"1\"><span style=\"font-weight: 400;\">Zapach gourmand jest ciep\u0142y i wyrafinowany<\/span><\/li>\n<li style=\"font-weight: 400;\" aria-level=\"1\"><span style=\"font-weight: 400;\">Zamienia ka\u017cdy ruch w\u0142os\u00f3w w zmys\u0142owe do\u015bwiadczenie<\/span><\/li>\n<\/ul>\n<p>[\/vc_column_text][vc_column_text css=&#8221;&#8221;]<\/p>\n<h1>Piramida zapachowa<span style=\"font-weight: 400;\"><br \/>\n<\/span><\/h1>\n<p><strong>Nuty g\u0142owy<\/strong><span style=\"font-weight: 400;\"><br \/>\n<\/span><span style=\"font-weight: 400;\">Ja\u015bmin \u2013 Laska Wanilii \u2013 Akord Gourmand<\/span><\/p>\n<p><strong>Nuty serca<\/strong><span style=\"font-weight: 400;\"><br \/>\n<\/span><span style=\"font-weight: 400;\">Karmel \u2013 Ambra \u2013 Akord Mleczny<\/span><\/p>\n<p><strong>Nuty bazy<\/strong><span style=\"font-weight: 400;\"><br \/>\n<\/span><span style=\"font-weight: 400;\">Wanilia \u2013 Fasolka Tonka \u2013 Bia\u0142e Pi\u017cmo<\/span>[\/vc_column_text][vc_column_text css=&#8221;&#8221;]<\/p>\n<h1>Jak stosowa\u0107?<\/h1>\n<p><span style=\"font-weight: 400;\">Rozpyli\u0107 na suche w\u0142osy z odleg\u0142o\u015bci oko\u0142o 30 cm. Nak\u0142ada\u0107 na d\u0142ugo\u015bci i ko\u0144c\u00f3wki jako ostatni etap stylizacji, aby otuli\u0107 w\u0142osy eleganckim i wyrafinowanym zapachem.<\/span>[\/vc_column_text][\/vc_column_inner][vc_column_inner width=&#8221;1\/2&#8243; css=&#8221;.vc_custom_1774255545758{background-image: url(https:\/\/paulrivera.it\/wp-content\/uploads\/2026\/03\/background_adv_produc_VIP.jpg?id=16443) !important;background-position: center !important;background-repeat: no-repeat !important;background-size: cover !important;}&#8221; offset=&#8221;vc_hidden-lg vc_hidden-md vc_hidden-sm&#8221;][vc_single_image image=&#8221;16454&#8243; img_size=&#8221;large&#8221; alignment=&#8221;center&#8221; css=&#8221;&#8221;][\/vc_column_inner][\/vc_row_inner][\/vc_column][\/vc_row][vc_row css=&#8221;.vc_custom_1582192829011{padding-top: 50px !important;}&#8221;][vc_column][vc_row_inner][vc_column_inner][vc_column_text]<\/p>\n<h1 style=\"text-align: center;\">Spodoba Ci si\u0119 r\u00f3wnie\u017c<\/h1>\n<p>[\/vc_column_text][\/vc_column_inner][\/vc_row_inner][vc_raw_html css=&#8221;&#8221;]W3dwYi1wcm9kdWN0LXNsaWRlci1zaG9ydGNvZGUgaWQ9IjExMDk2Il0=[\/vc_raw_html][\/vc_column][\/vc_row]<\/p>\n<\/div>","protected":false},"excerpt":{"rendered":"<p><b><i>VIP, Very Important Perfume<\/i><\/b><\/p>\n<p>Perfumy do w\u0142os\u00f3w VIP to idealne wyko\u0144czenie stylizacji. Wyrafinowany zapach otula w\u0142osy eleganck\u0105 i zmys\u0142ow\u0105 aur\u0105, pozostawiaj\u0105c subtelne, luksusowe wra\u017cenie przy ka\u017cdym ruchu.<\/p>\n<p>Gourmandowe nuty ambry i wanilii \u0142\u0105cz\u0105 si\u0119 z ciep\u0142ymi, otulaj\u0105cymi akordami, tworz\u0105c intensywn\u0105, a zarazem zr\u00f3wnowa\u017con\u0105 kompozycj\u0119 zapachow\u0105.<br \/>\nEfektem jest \u015bwietlisty, kobiecy i nieodparty zapach, kt\u00f3ry towarzyszy w\u0142osom w naturalny spos\u00f3b, nie obci\u0105\u017caj\u0105c ich.<\/p>\n<p>Niewidoczny, ale niezwykle efektowny detal, kt\u00f3ry potrafi zamieni\u0107 ka\u017cdy look w moment godny czerwonego dywanu.<\/p>\n<p>30 ml<\/p>\n<p>&nbsp;<\/p>\n[maxbutton id=\"8\"]\n","protected":false},"featured_media":16461,"template":"","meta":[],"product_brand":[],"product_cat":[694],"product_tag":[],"class_list":{"0":"post-16472","1":"product","2":"type-product","3":"status-publish","4":"has-post-thumbnail","6":"product_cat-finish-styling-pl","7":"description-off","9":"first","10":"instock","11":"shipping-taxable","12":"product-type-simple"},"yoast_head":"<!-- This site is optimized with the Yoast SEO plugin v27.2 - https:\/\/yoast.com\/product\/yoast-seo-wordpress\/ -->\n<title>VIP - Perfumy do W\u0142os\u00f3w - Paul Rivera<\/title>\n<meta name=\"description\" content=\"Wyrafinowany zapach otula w\u0142osy eleganck\u0105 i zmys\u0142ow\u0105 aur\u0105, pozostawiaj\u0105c subtelne, luksusowe wra\u017cenie przy ka\u017cdym ruchu.\" \/>\n<meta name=\"robots\" content=\"index, follow, max-snippet:-1, max-image-preview:large, max-video-preview:-1\" \/>\n<link rel=\"canonical\" href=\"https:\/\/paulrivera.it\/pl\/prodotti\/finish-styling-pl\/vip-perfumy-do-wlosow\/\" \/>\n<meta property=\"og:locale\" content=\"pl_PL\" \/>\n<meta property=\"og:type\" content=\"article\" \/>\n<meta property=\"og:title\" content=\"VIP - Perfumy do W\u0142os\u00f3w - Paul Rivera\" \/>\n<meta property=\"og:description\" content=\"Wyrafinowany zapach otula w\u0142osy eleganck\u0105 i zmys\u0142ow\u0105 aur\u0105, pozostawiaj\u0105c subtelne, luksusowe wra\u017cenie przy ka\u017cdym ruchu.\" \/>\n<meta property=\"og:url\" content=\"https:\/\/paulrivera.it\/pl\/prodotti\/finish-styling-pl\/vip-perfumy-do-wlosow\/\" \/>\n<meta property=\"og:site_name\" content=\"Paul Rivera\" \/>\n<meta property=\"article:modified_time\" content=\"2026-03-23T09:29:15+00:00\" \/>\n<meta property=\"og:image\" content=\"https:\/\/paulrivera.it\/wp-content\/uploads\/2026\/03\/606211-paul-rivera-vip-profumo-capelli-30ml.png\" \/>\n\t<meta property=\"og:image:width\" content=\"800\" \/>\n\t<meta property=\"og:image:height\" content=\"800\" \/>\n\t<meta property=\"og:image:type\" content=\"image\/png\" \/>\n<meta name=\"twitter:card\" content=\"summary_large_image\" \/>\n<meta name=\"twitter:label1\" content=\"Est. reading time\" \/>\n\t<meta name=\"twitter:data1\" content=\"3 minutes\" \/>\n<script type=\"application\/ld+json\" class=\"yoast-schema-graph\">{\"@context\":\"https:\/\/schema.org\",\"@graph\":[{\"@type\":\"WebPage\",\"@id\":\"https:\/\/paulrivera.it\/pl\/prodotti\/finish-styling-pl\/vip-perfumy-do-wlosow\/\",\"url\":\"https:\/\/paulrivera.it\/pl\/prodotti\/finish-styling-pl\/vip-perfumy-do-wlosow\/\",\"name\":\"VIP - Perfumy do W\u0142os\u00f3w - Paul Rivera\",\"isPartOf\":{\"@id\":\"https:\/\/paulrivera.it\/pl\/#website\"},\"primaryImageOfPage\":{\"@id\":\"https:\/\/paulrivera.it\/pl\/prodotti\/finish-styling-pl\/vip-perfumy-do-wlosow\/#primaryimage\"},\"image\":{\"@id\":\"https:\/\/paulrivera.it\/pl\/prodotti\/finish-styling-pl\/vip-perfumy-do-wlosow\/#primaryimage\"},\"thumbnailUrl\":\"https:\/\/paulrivera.it\/wp-content\/uploads\/2026\/03\/606211-paul-rivera-vip-profumo-capelli-30ml.png\",\"datePublished\":\"2026-03-23T09:22:53+00:00\",\"dateModified\":\"2026-03-23T09:29:15+00:00\",\"description\":\"Wyrafinowany zapach otula w\u0142osy eleganck\u0105 i zmys\u0142ow\u0105 aur\u0105, pozostawiaj\u0105c subtelne, luksusowe wra\u017cenie przy ka\u017cdym ruchu.\",\"breadcrumb\":{\"@id\":\"https:\/\/paulrivera.it\/pl\/prodotti\/finish-styling-pl\/vip-perfumy-do-wlosow\/#breadcrumb\"},\"inLanguage\":\"pl-PL\",\"potentialAction\":[{\"@type\":\"ReadAction\",\"target\":[\"https:\/\/paulrivera.it\/pl\/prodotti\/finish-styling-pl\/vip-perfumy-do-wlosow\/\"]}]},{\"@type\":\"ImageObject\",\"inLanguage\":\"pl-PL\",\"@id\":\"https:\/\/paulrivera.it\/pl\/prodotti\/finish-styling-pl\/vip-perfumy-do-wlosow\/#primaryimage\",\"url\":\"https:\/\/paulrivera.it\/wp-content\/uploads\/2026\/03\/606211-paul-rivera-vip-profumo-capelli-30ml.png\",\"contentUrl\":\"https:\/\/paulrivera.it\/wp-content\/uploads\/2026\/03\/606211-paul-rivera-vip-profumo-capelli-30ml.png\",\"width\":800,\"height\":800},{\"@type\":\"BreadcrumbList\",\"@id\":\"https:\/\/paulrivera.it\/pl\/prodotti\/finish-styling-pl\/vip-perfumy-do-wlosow\/#breadcrumb\",\"itemListElement\":[{\"@type\":\"ListItem\",\"position\":1,\"name\":\"Home\",\"item\":\"https:\/\/paulrivera.it\/pl\/\"},{\"@type\":\"ListItem\",\"position\":2,\"name\":\"Pagina shop\",\"item\":\"https:\/\/paulrivera.it\/prodotti\/\"},{\"@type\":\"ListItem\",\"position\":3,\"name\":\"VIP &#8211; Perfumy do W\u0142os\u00f3w\"}]},{\"@type\":\"WebSite\",\"@id\":\"https:\/\/paulrivera.it\/pl\/#website\",\"url\":\"https:\/\/paulrivera.it\/pl\/\",\"name\":\"Paul Rivera\",\"description\":\"Hair Beauty Celebration\",\"publisher\":{\"@id\":\"https:\/\/paulrivera.it\/pl\/#organization\"},\"potentialAction\":[{\"@type\":\"SearchAction\",\"target\":{\"@type\":\"EntryPoint\",\"urlTemplate\":\"https:\/\/paulrivera.it\/pl\/?s={search_term_string}\"},\"query-input\":{\"@type\":\"PropertyValueSpecification\",\"valueRequired\":true,\"valueName\":\"search_term_string\"}}],\"inLanguage\":\"pl-PL\"},{\"@type\":\"Organization\",\"@id\":\"https:\/\/paulrivera.it\/pl\/#organization\",\"name\":\"Paul Rivera\",\"url\":\"https:\/\/paulrivera.it\/pl\/\",\"logo\":{\"@type\":\"ImageObject\",\"inLanguage\":\"pl-PL\",\"@id\":\"https:\/\/paulrivera.it\/pl\/#\/schema\/logo\/image\/\",\"url\":\"https:\/\/paulrivera.it\/wp-content\/uploads\/2020\/02\/paul_rivera_logo_header_x2.png\",\"contentUrl\":\"https:\/\/paulrivera.it\/wp-content\/uploads\/2020\/02\/paul_rivera_logo_header_x2.png\",\"width\":470,\"height\":60,\"caption\":\"Paul Rivera\"},\"image\":{\"@id\":\"https:\/\/paulrivera.it\/pl\/#\/schema\/logo\/image\/\"}}]}<\/script>\n<!-- \/ Yoast SEO plugin. -->","yoast_head_json":{"title":"VIP - Perfumy do W\u0142os\u00f3w - Paul Rivera","description":"Wyrafinowany zapach otula w\u0142osy eleganck\u0105 i zmys\u0142ow\u0105 aur\u0105, pozostawiaj\u0105c subtelne, luksusowe wra\u017cenie przy ka\u017cdym ruchu.","robots":{"index":"index","follow":"follow","max-snippet":"max-snippet:-1","max-image-preview":"max-image-preview:large","max-video-preview":"max-video-preview:-1"},"canonical":"https:\/\/paulrivera.it\/pl\/prodotti\/finish-styling-pl\/vip-perfumy-do-wlosow\/","og_locale":"pl_PL","og_type":"article","og_title":"VIP - Perfumy do W\u0142os\u00f3w - Paul Rivera","og_description":"Wyrafinowany zapach otula w\u0142osy eleganck\u0105 i zmys\u0142ow\u0105 aur\u0105, pozostawiaj\u0105c subtelne, luksusowe wra\u017cenie przy ka\u017cdym ruchu.","og_url":"https:\/\/paulrivera.it\/pl\/prodotti\/finish-styling-pl\/vip-perfumy-do-wlosow\/","og_site_name":"Paul Rivera","article_modified_time":"2026-03-23T09:29:15+00:00","og_image":[{"width":800,"height":800,"url":"https:\/\/paulrivera.it\/wp-content\/uploads\/2026\/03\/606211-paul-rivera-vip-profumo-capelli-30ml.png","type":"image\/png"}],"twitter_card":"summary_large_image","twitter_misc":{"Est. reading time":"3 minutes"},"schema":{"@context":"https:\/\/schema.org","@graph":[{"@type":"WebPage","@id":"https:\/\/paulrivera.it\/pl\/prodotti\/finish-styling-pl\/vip-perfumy-do-wlosow\/","url":"https:\/\/paulrivera.it\/pl\/prodotti\/finish-styling-pl\/vip-perfumy-do-wlosow\/","name":"VIP - Perfumy do W\u0142os\u00f3w - Paul Rivera","isPartOf":{"@id":"https:\/\/paulrivera.it\/pl\/#website"},"primaryImageOfPage":{"@id":"https:\/\/paulrivera.it\/pl\/prodotti\/finish-styling-pl\/vip-perfumy-do-wlosow\/#primaryimage"},"image":{"@id":"https:\/\/paulrivera.it\/pl\/prodotti\/finish-styling-pl\/vip-perfumy-do-wlosow\/#primaryimage"},"thumbnailUrl":"https:\/\/paulrivera.it\/wp-content\/uploads\/2026\/03\/606211-paul-rivera-vip-profumo-capelli-30ml.png","datePublished":"2026-03-23T09:22:53+00:00","dateModified":"2026-03-23T09:29:15+00:00","description":"Wyrafinowany zapach otula w\u0142osy eleganck\u0105 i zmys\u0142ow\u0105 aur\u0105, pozostawiaj\u0105c subtelne, luksusowe wra\u017cenie przy ka\u017cdym ruchu.","breadcrumb":{"@id":"https:\/\/paulrivera.it\/pl\/prodotti\/finish-styling-pl\/vip-perfumy-do-wlosow\/#breadcrumb"},"inLanguage":"pl-PL","potentialAction":[{"@type":"ReadAction","target":["https:\/\/paulrivera.it\/pl\/prodotti\/finish-styling-pl\/vip-perfumy-do-wlosow\/"]}]},{"@type":"ImageObject","inLanguage":"pl-PL","@id":"https:\/\/paulrivera.it\/pl\/prodotti\/finish-styling-pl\/vip-perfumy-do-wlosow\/#primaryimage","url":"https:\/\/paulrivera.it\/wp-content\/uploads\/2026\/03\/606211-paul-rivera-vip-profumo-capelli-30ml.png","contentUrl":"https:\/\/paulrivera.it\/wp-content\/uploads\/2026\/03\/606211-paul-rivera-vip-profumo-capelli-30ml.png","width":800,"height":800},{"@type":"BreadcrumbList","@id":"https:\/\/paulrivera.it\/pl\/prodotti\/finish-styling-pl\/vip-perfumy-do-wlosow\/#breadcrumb","itemListElement":[{"@type":"ListItem","position":1,"name":"Home","item":"https:\/\/paulrivera.it\/pl\/"},{"@type":"ListItem","position":2,"name":"Pagina shop","item":"https:\/\/paulrivera.it\/prodotti\/"},{"@type":"ListItem","position":3,"name":"VIP &#8211; Perfumy do W\u0142os\u00f3w"}]},{"@type":"WebSite","@id":"https:\/\/paulrivera.it\/pl\/#website","url":"https:\/\/paulrivera.it\/pl\/","name":"Paul Rivera","description":"Hair Beauty Celebration","publisher":{"@id":"https:\/\/paulrivera.it\/pl\/#organization"},"potentialAction":[{"@type":"SearchAction","target":{"@type":"EntryPoint","urlTemplate":"https:\/\/paulrivera.it\/pl\/?s={search_term_string}"},"query-input":{"@type":"PropertyValueSpecification","valueRequired":true,"valueName":"search_term_string"}}],"inLanguage":"pl-PL"},{"@type":"Organization","@id":"https:\/\/paulrivera.it\/pl\/#organization","name":"Paul Rivera","url":"https:\/\/paulrivera.it\/pl\/","logo":{"@type":"ImageObject","inLanguage":"pl-PL","@id":"https:\/\/paulrivera.it\/pl\/#\/schema\/logo\/image\/","url":"https:\/\/paulrivera.it\/wp-content\/uploads\/2020\/02\/paul_rivera_logo_header_x2.png","contentUrl":"https:\/\/paulrivera.it\/wp-content\/uploads\/2020\/02\/paul_rivera_logo_header_x2.png","width":470,"height":60,"caption":"Paul Rivera"},"image":{"@id":"https:\/\/paulrivera.it\/pl\/#\/schema\/logo\/image\/"}}]}},"_links":{"self":[{"href":"https:\/\/paulrivera.it\/pl\/wp-json\/wp\/v2\/product\/16472","targetHints":{"allow":["GET"]}}],"collection":[{"href":"https:\/\/paulrivera.it\/pl\/wp-json\/wp\/v2\/product"}],"about":[{"href":"https:\/\/paulrivera.it\/pl\/wp-json\/wp\/v2\/types\/product"}],"wp:featuredmedia":[{"embeddable":true,"href":"https:\/\/paulrivera.it\/pl\/wp-json\/wp\/v2\/media\/16461"}],"wp:attachment":[{"href":"https:\/\/paulrivera.it\/pl\/wp-json\/wp\/v2\/media?parent=16472"}],"wp:term":[{"taxonomy":"product_brand","embeddable":true,"href":"https:\/\/paulrivera.it\/pl\/wp-json\/wp\/v2\/product_brand?post=16472"},{"taxonomy":"product_cat","embeddable":true,"href":"https:\/\/paulrivera.it\/pl\/wp-json\/wp\/v2\/product_cat?post=16472"},{"taxonomy":"product_tag","embeddable":true,"href":"https:\/\/paulrivera.it\/pl\/wp-json\/wp\/v2\/product_tag?post=16472"}],"curies":[{"name":"wp","href":"https:\/\/api.w.org\/{rel}","templated":true}]}}