{"id":16532,"date":"2026-03-25T14:22:37","date_gmt":"2026-03-25T13:22:37","guid":{"rendered":"https:\/\/paulrivera.it\/prodotti\/uncategorized\/sunny-sfaction-maska-po-opalaniu-2\/"},"modified":"2026-03-25T14:22:38","modified_gmt":"2026-03-25T13:22:38","slug":"sunny-sfaction-maska-po-opalaniu-2","status":"publish","type":"product","link":"https:\/\/paulrivera.it\/pl\/prodotti\/kuracje\/sunny-sfaction-kuracja-dla-wlosow-wystawionych-na-dzialanie-slonca\/sunny-sfaction-maska-po-opalaniu-2\/","title":{"rendered":"Sunny Sfaction \u2013 Maska po opalaniu"},"content":{"rendered":"<div class=\"wpb-content-wrapper\"><p>[vc_row full_width=&#8221;stretch_row&#8221;][vc_column][vc_row_inner el_id=&#8221;desktop&#8221;][vc_column_inner width=&#8221;1\/2&#8243; css=&#8221;.vc_custom_1582194227194{padding-top: 10% !important;padding-right: 10% !important;padding-bottom: 10% !important;padding-left: 30% !important;}&#8221; offset=&#8221;vc_hidden-md vc_hidden-sm vc_hidden-xs&#8221;][vc_column_text]<\/p>\n<h1>Pokochasz ten produkt za to, \u017ce<\/h1>\n<p><\/p>\n<ul>\n<li aria-level=\"1\">Od\u017cywia i odbudowuje w\u0142osy zestresowane s\u0142o\u0144cem, sol\u0105 i chlorem<\/li>\n<li aria-level=\"1\">Pozostawia d\u0142ugo\u015bci w\u0142os\u00f3w mi\u0119kkie i l\u015bni\u0105ce<\/li>\n<li aria-level=\"1\">U\u0142atwia rozczesywanie w\u0142os\u00f3w<\/li>\n<li aria-level=\"1\">Pomaga zapobiega\u0107 blakni\u0119ciu w\u0142os\u00f3w<\/li>\n<\/ul>\n<p>[\/vc_column_text][vc_column_text]<\/p>\n<h1>Sk\u0142adniki aktywne zawarte w formule<\/h1>\n<p><\/p>\n<ul>\n<li aria-level=\"1\">Ekstrakt z Kokosa: bogaty w minera\u0142y oraz witaminy, wyzwala niezwyk\u0142\u0105 od\u017cywcz\u0105 i nawil\u017caj\u0105c\u0105 moc.<\/li>\n<li aria-level=\"1\">Olej Konopny: jego dzia\u0142anie zmi\u0119kczaj\u0105ce pomaga zapobiega\u0107 przesuszeniu i odwodnieniu, a jego dzia\u0142anie odbudowuj\u0105ce sprawia, \u017ce w\u0142osy s\u0105 zdrowe i l\u015bni\u0105ce.<\/li>\n<\/ul>\n<p>[\/vc_column_text][vc_column_text]<\/p>\n<h1>Jak stosowa\u0107?<\/h1>\n<p>Po umyciu szamponem w\u0142os\u00f3w nanie\u015b\u0107 na d\u0142ugo\u015bci i pozostawi\u0107 na 2\/3 minuty, a nast\u0119pnie sp\u0142uka\u0107.[\/vc_column_text][\/vc_column_inner][vc_column_inner width=&#8221;1\/2&#8243; css=&#8221;.vc_custom_1649846590529{background-image: url(https:\/\/paulrivera.it\/wp-content\/uploads\/2022\/03\/background_paul_rivera_adv_prodotti_sunny_sfaction.png?id=4848) !important;background-position: center !important;background-repeat: no-repeat !important;background-size: cover !important;}&#8221; offset=&#8221;vc_hidden-md vc_hidden-sm vc_hidden-xs&#8221;][vc_single_image image=&#8221;16519&#8243; img_size=&#8221;full&#8221; css=&#8221;&#8221;][\/vc_column_inner][\/vc_row_inner][vc_row_inner el_id=&#8221;tablet&#8221;][vc_column_inner offset=&#8221;vc_hidden-lg vc_hidden-xs&#8221;][vc_column_text]<\/p>\n<h1>Pokochasz ten produkt za to, \u017ce<\/h1>\n<p><\/p>\n<ul>\n<li aria-level=\"1\">Od\u017cywia i odbudowuje w\u0142osy zestresowane s\u0142o\u0144cem, sol\u0105 i chlorem<\/li>\n<li aria-level=\"1\">Pozostawia d\u0142ugo\u015bci w\u0142os\u00f3w mi\u0119kkie i l\u015bni\u0105ce<\/li>\n<li aria-level=\"1\">U\u0142atwia rozczesywanie w\u0142os\u00f3w<\/li>\n<li aria-level=\"1\">Pomaga zapobiega\u0107 blakni\u0119ciu w\u0142os\u00f3w<\/li>\n<\/ul>\n<p>[\/vc_column_text][vc_column_text]<\/p>\n<h1>Sk\u0142adniki aktywne zawarte w formule<\/h1>\n<p><\/p>\n<ul>\n<li aria-level=\"1\">Ekstrakt z Kokosa: bogaty w minera\u0142y oraz witaminy, wyzwala niezwyk\u0142\u0105 od\u017cywcz\u0105 i nawil\u017caj\u0105c\u0105 moc.<\/li>\n<li aria-level=\"1\">Olej Konopny: jego dzia\u0142anie zmi\u0119kczaj\u0105ce pomaga zapobiega\u0107 przesuszeniu i odwodnieniu, a jego dzia\u0142anie odbudowuj\u0105ce sprawia, \u017ce w\u0142osy s\u0105 zdrowe i l\u015bni\u0105ce.<\/li>\n<\/ul>\n<p>[\/vc_column_text][vc_column_text]<\/p>\n<h1>Jak stosowa\u0107?<\/h1>\n<p>Po umyciu szamponem w\u0142os\u00f3w nanie\u015b\u0107 na d\u0142ugo\u015bci i pozostawi\u0107 na 2\/3 minuty, a nast\u0119pnie sp\u0142uka\u0107.[\/vc_column_text][\/vc_column_inner][\/vc_row_inner][vc_row_inner el_id=&#8221;mobile&#8221; css=&#8221;.vc_custom_1774444179981{background-image: url(https:\/\/paulrivera.it\/wp-content\/uploads\/2022\/03\/background_paul_rivera_adv_prodotti_sunny_sfaction.png?id=4848) !important;}&#8221;][vc_column_inner width=&#8221;1\/2&#8243; offset=&#8221;vc_hidden-lg vc_hidden-md vc_hidden-sm&#8221;][vc_column_text]<\/p>\n<h1>Pokochasz ten produkt za to, \u017ce<\/h1>\n<p><\/p>\n<ul>\n<li aria-level=\"1\">Od\u017cywia i odbudowuje w\u0142osy zestresowane s\u0142o\u0144cem, sol\u0105 i chlorem<\/li>\n<li aria-level=\"1\">Pozostawia d\u0142ugo\u015bci w\u0142os\u00f3w mi\u0119kkie i l\u015bni\u0105ce<\/li>\n<li aria-level=\"1\">U\u0142atwia rozczesywanie w\u0142os\u00f3w<\/li>\n<li aria-level=\"1\">Pomaga zapobiega\u0107 blakni\u0119ciu w\u0142os\u00f3w<\/li>\n<\/ul>\n<p>[\/vc_column_text][vc_column_text]<\/p>\n<h1>Sk\u0142adniki aktywne zawarte w formule<\/h1>\n<p><\/p>\n<ul>\n<li aria-level=\"1\">Ekstrakt z Kokosa: bogaty w minera\u0142y oraz witaminy, wyzwala niezwyk\u0142\u0105 od\u017cywcz\u0105 i nawil\u017caj\u0105c\u0105 moc.<\/li>\n<li aria-level=\"1\">Olej Konopny: jego dzia\u0142anie zmi\u0119kczaj\u0105ce pomaga zapobiega\u0107 przesuszeniu i odwodnieniu, a jego dzia\u0142anie odbudowuj\u0105ce sprawia, \u017ce w\u0142osy s\u0105 zdrowe i l\u015bni\u0105ce.<\/li>\n<\/ul>\n<p>[\/vc_column_text][vc_column_text]<\/p>\n<h1>Jak stosowa\u0107?<\/h1>\n<p>Po umyciu szamponem w\u0142os\u00f3w nanie\u015b\u0107 na d\u0142ugo\u015bci i pozostawi\u0107 na 2\/3 minuty, a nast\u0119pnie sp\u0142uka\u0107.[\/vc_column_text][\/vc_column_inner][vc_column_inner width=&#8221;1\/2&#8243; css=&#8221;.vc_custom_1774444150483{background-position: center !important;background-repeat: no-repeat !important;background-size: cover !important;}&#8221; offset=&#8221;vc_hidden-lg vc_hidden-md vc_hidden-sm&#8221;][vc_single_image image=&#8221;16519&#8243; img_size=&#8221;full&#8221; css=&#8221;&#8221;][\/vc_column_inner][\/vc_row_inner][\/vc_column][\/vc_row][vc_row css=&#8221;.vc_custom_1582192829011{padding-top: 50px !important;}&#8221;][vc_column][vc_row_inner][vc_column_inner][vc_column_text]<\/p>\n<h1>Mo\u017cesz wypr\u00f3bowa\u0107 ten produkt z<\/h1>\n<p>[\/vc_column_text][\/vc_column_inner][\/vc_row_inner][vc_raw_html]W3dwYi1wcm9kdWN0LXNsaWRlci1zaG9ydGNvZGUgaWQ9IjQ5MjIiXQ==[\/vc_raw_html][\/vc_column][\/vc_row]<\/p>\n<\/div>","protected":false},"excerpt":{"rendered":"<p>Maska Sunny Sfaction to idealny produkt, aby od\u017cywi\u0107 i dog\u0142\u0119bnie odbudowa\u0107 w\u0142osy zestresowane s\u0142o\u0144cem, sol\u0105 oraz chlorem.<\/p>\n<p>Dzia\u0142anie maski zapewnia natychmiastowy efekt blasku oraz pomaga zachowa\u0107 kolor w\u0142os\u00f3w, podczas gdy jej formu\u0142a z Ekstraktem z Kokosa i Olejem Konopnym u\u0142atwia rozczesywanie, pozostawiaj\u0105c d\u0142ugo\u015bci w\u0142os\u00f3w mi\u0119kkie i l\u015bni\u0105ce.<\/p>\n<p>50 ml<\/p>\n[maxbutton id=\"8\"]\n","protected":false},"featured_media":16526,"template":"","meta":[],"product_brand":[],"product_cat":[927],"product_tag":[],"class_list":{"0":"post-16532","1":"product","2":"type-product","3":"status-publish","4":"has-post-thumbnail","6":"product_cat-sunny-sfaction-kuracja-dla-wlosow-wystawionych-na-dzialanie-slonca","7":"description-off","9":"first","10":"instock","11":"shipping-taxable","12":"product-type-simple"},"yoast_head":"<!-- This site is optimized with the Yoast SEO plugin v27.2 - https:\/\/yoast.com\/product\/yoast-seo-wordpress\/ -->\n<title>Sunny Sfaction \u2013 Maska po opalaniu<\/title>\n<meta name=\"description\" content=\"Maska Sunny Sfaction to idealny produkt, aby od\u017cywi\u0107 i dog\u0142\u0119bnie odbudowa\u0107 w\u0142osy zestresowane s\u0142o\u0144cem, sol\u0105 oraz chlorem.\" \/>\n<meta name=\"robots\" content=\"index, follow, max-snippet:-1, max-image-preview:large, max-video-preview:-1\" \/>\n<link rel=\"canonical\" href=\"https:\/\/paulrivera.it\/pl\/prodotti\/kuracje\/sunny-sfaction-kuracja-dla-wlosow-wystawionych-na-dzialanie-slonca\/sunny-sfaction-maska-po-opalaniu-2\/\" \/>\n<meta property=\"og:locale\" content=\"pl_PL\" \/>\n<meta property=\"og:type\" content=\"article\" \/>\n<meta property=\"og:title\" content=\"Sunny Sfaction \u2013 Maska po opalaniu\" \/>\n<meta property=\"og:description\" content=\"Maska Sunny Sfaction to idealny produkt, aby od\u017cywi\u0107 i dog\u0142\u0119bnie odbudowa\u0107 w\u0142osy zestresowane s\u0142o\u0144cem, sol\u0105 oraz chlorem.\" \/>\n<meta property=\"og:url\" content=\"https:\/\/paulrivera.it\/pl\/prodotti\/kuracje\/sunny-sfaction-kuracja-dla-wlosow-wystawionych-na-dzialanie-slonca\/sunny-sfaction-maska-po-opalaniu-2\/\" \/>\n<meta property=\"og:site_name\" content=\"Paul Rivera\" \/>\n<meta property=\"article:modified_time\" content=\"2026-03-25T13:22:38+00:00\" \/>\n<meta property=\"og:image\" content=\"https:\/\/paulrivera.it\/wp-content\/uploads\/2026\/03\/maschera_sunny_50ml.png\" \/>\n\t<meta property=\"og:image:width\" content=\"800\" \/>\n\t<meta property=\"og:image:height\" content=\"800\" \/>\n\t<meta property=\"og:image:type\" content=\"image\/png\" \/>\n<meta name=\"twitter:card\" content=\"summary_large_image\" \/>\n<meta name=\"twitter:label1\" content=\"Est. reading time\" \/>\n\t<meta name=\"twitter:data1\" content=\"3 minutes\" \/>\n<script type=\"application\/ld+json\" class=\"yoast-schema-graph\">{\"@context\":\"https:\/\/schema.org\",\"@graph\":[{\"@type\":\"WebPage\",\"@id\":\"https:\/\/paulrivera.it\/pl\/prodotti\/kuracje\/sunny-sfaction-kuracja-dla-wlosow-wystawionych-na-dzialanie-slonca\/sunny-sfaction-maska-po-opalaniu-2\/\",\"url\":\"https:\/\/paulrivera.it\/pl\/prodotti\/kuracje\/sunny-sfaction-kuracja-dla-wlosow-wystawionych-na-dzialanie-slonca\/sunny-sfaction-maska-po-opalaniu-2\/\",\"name\":\"Sunny Sfaction \u2013 Maska po opalaniu\",\"isPartOf\":{\"@id\":\"https:\/\/paulrivera.it\/pl\/#website\"},\"primaryImageOfPage\":{\"@id\":\"https:\/\/paulrivera.it\/pl\/prodotti\/kuracje\/sunny-sfaction-kuracja-dla-wlosow-wystawionych-na-dzialanie-slonca\/sunny-sfaction-maska-po-opalaniu-2\/#primaryimage\"},\"image\":{\"@id\":\"https:\/\/paulrivera.it\/pl\/prodotti\/kuracje\/sunny-sfaction-kuracja-dla-wlosow-wystawionych-na-dzialanie-slonca\/sunny-sfaction-maska-po-opalaniu-2\/#primaryimage\"},\"thumbnailUrl\":\"https:\/\/paulrivera.it\/wp-content\/uploads\/2026\/03\/maschera_sunny_50ml.png\",\"datePublished\":\"2026-03-25T13:22:37+00:00\",\"dateModified\":\"2026-03-25T13:22:38+00:00\",\"description\":\"Maska Sunny Sfaction to idealny produkt, aby od\u017cywi\u0107 i dog\u0142\u0119bnie odbudowa\u0107 w\u0142osy zestresowane s\u0142o\u0144cem, sol\u0105 oraz chlorem.\",\"breadcrumb\":{\"@id\":\"https:\/\/paulrivera.it\/pl\/prodotti\/kuracje\/sunny-sfaction-kuracja-dla-wlosow-wystawionych-na-dzialanie-slonca\/sunny-sfaction-maska-po-opalaniu-2\/#breadcrumb\"},\"inLanguage\":\"pl-PL\",\"potentialAction\":[{\"@type\":\"ReadAction\",\"target\":[\"https:\/\/paulrivera.it\/pl\/prodotti\/kuracje\/sunny-sfaction-kuracja-dla-wlosow-wystawionych-na-dzialanie-slonca\/sunny-sfaction-maska-po-opalaniu-2\/\"]}]},{\"@type\":\"ImageObject\",\"inLanguage\":\"pl-PL\",\"@id\":\"https:\/\/paulrivera.it\/pl\/prodotti\/kuracje\/sunny-sfaction-kuracja-dla-wlosow-wystawionych-na-dzialanie-slonca\/sunny-sfaction-maska-po-opalaniu-2\/#primaryimage\",\"url\":\"https:\/\/paulrivera.it\/wp-content\/uploads\/2026\/03\/maschera_sunny_50ml.png\",\"contentUrl\":\"https:\/\/paulrivera.it\/wp-content\/uploads\/2026\/03\/maschera_sunny_50ml.png\",\"width\":800,\"height\":800},{\"@type\":\"BreadcrumbList\",\"@id\":\"https:\/\/paulrivera.it\/pl\/prodotti\/kuracje\/sunny-sfaction-kuracja-dla-wlosow-wystawionych-na-dzialanie-slonca\/sunny-sfaction-maska-po-opalaniu-2\/#breadcrumb\",\"itemListElement\":[{\"@type\":\"ListItem\",\"position\":1,\"name\":\"Home\",\"item\":\"https:\/\/paulrivera.it\/pl\/\"},{\"@type\":\"ListItem\",\"position\":2,\"name\":\"Pagina shop\",\"item\":\"https:\/\/paulrivera.it\/prodotti\/\"},{\"@type\":\"ListItem\",\"position\":3,\"name\":\"Sunny Sfaction \u2013 Maska po opalaniu\"}]},{\"@type\":\"WebSite\",\"@id\":\"https:\/\/paulrivera.it\/pl\/#website\",\"url\":\"https:\/\/paulrivera.it\/pl\/\",\"name\":\"Paul Rivera\",\"description\":\"Hair Beauty Celebration\",\"publisher\":{\"@id\":\"https:\/\/paulrivera.it\/pl\/#organization\"},\"potentialAction\":[{\"@type\":\"SearchAction\",\"target\":{\"@type\":\"EntryPoint\",\"urlTemplate\":\"https:\/\/paulrivera.it\/pl\/?s={search_term_string}\"},\"query-input\":{\"@type\":\"PropertyValueSpecification\",\"valueRequired\":true,\"valueName\":\"search_term_string\"}}],\"inLanguage\":\"pl-PL\"},{\"@type\":\"Organization\",\"@id\":\"https:\/\/paulrivera.it\/pl\/#organization\",\"name\":\"Paul Rivera\",\"url\":\"https:\/\/paulrivera.it\/pl\/\",\"logo\":{\"@type\":\"ImageObject\",\"inLanguage\":\"pl-PL\",\"@id\":\"https:\/\/paulrivera.it\/pl\/#\/schema\/logo\/image\/\",\"url\":\"https:\/\/paulrivera.it\/wp-content\/uploads\/2020\/02\/paul_rivera_logo_header_x2.png\",\"contentUrl\":\"https:\/\/paulrivera.it\/wp-content\/uploads\/2020\/02\/paul_rivera_logo_header_x2.png\",\"width\":470,\"height\":60,\"caption\":\"Paul Rivera\"},\"image\":{\"@id\":\"https:\/\/paulrivera.it\/pl\/#\/schema\/logo\/image\/\"}}]}<\/script>\n<!-- \/ Yoast SEO plugin. -->","yoast_head_json":{"title":"Sunny Sfaction \u2013 Maska po opalaniu","description":"Maska Sunny Sfaction to idealny produkt, aby od\u017cywi\u0107 i dog\u0142\u0119bnie odbudowa\u0107 w\u0142osy zestresowane s\u0142o\u0144cem, sol\u0105 oraz chlorem.","robots":{"index":"index","follow":"follow","max-snippet":"max-snippet:-1","max-image-preview":"max-image-preview:large","max-video-preview":"max-video-preview:-1"},"canonical":"https:\/\/paulrivera.it\/pl\/prodotti\/kuracje\/sunny-sfaction-kuracja-dla-wlosow-wystawionych-na-dzialanie-slonca\/sunny-sfaction-maska-po-opalaniu-2\/","og_locale":"pl_PL","og_type":"article","og_title":"Sunny Sfaction \u2013 Maska po opalaniu","og_description":"Maska Sunny Sfaction to idealny produkt, aby od\u017cywi\u0107 i dog\u0142\u0119bnie odbudowa\u0107 w\u0142osy zestresowane s\u0142o\u0144cem, sol\u0105 oraz chlorem.","og_url":"https:\/\/paulrivera.it\/pl\/prodotti\/kuracje\/sunny-sfaction-kuracja-dla-wlosow-wystawionych-na-dzialanie-slonca\/sunny-sfaction-maska-po-opalaniu-2\/","og_site_name":"Paul Rivera","article_modified_time":"2026-03-25T13:22:38+00:00","og_image":[{"width":800,"height":800,"url":"https:\/\/paulrivera.it\/wp-content\/uploads\/2026\/03\/maschera_sunny_50ml.png","type":"image\/png"}],"twitter_card":"summary_large_image","twitter_misc":{"Est. reading time":"3 minutes"},"schema":{"@context":"https:\/\/schema.org","@graph":[{"@type":"WebPage","@id":"https:\/\/paulrivera.it\/pl\/prodotti\/kuracje\/sunny-sfaction-kuracja-dla-wlosow-wystawionych-na-dzialanie-slonca\/sunny-sfaction-maska-po-opalaniu-2\/","url":"https:\/\/paulrivera.it\/pl\/prodotti\/kuracje\/sunny-sfaction-kuracja-dla-wlosow-wystawionych-na-dzialanie-slonca\/sunny-sfaction-maska-po-opalaniu-2\/","name":"Sunny Sfaction \u2013 Maska po opalaniu","isPartOf":{"@id":"https:\/\/paulrivera.it\/pl\/#website"},"primaryImageOfPage":{"@id":"https:\/\/paulrivera.it\/pl\/prodotti\/kuracje\/sunny-sfaction-kuracja-dla-wlosow-wystawionych-na-dzialanie-slonca\/sunny-sfaction-maska-po-opalaniu-2\/#primaryimage"},"image":{"@id":"https:\/\/paulrivera.it\/pl\/prodotti\/kuracje\/sunny-sfaction-kuracja-dla-wlosow-wystawionych-na-dzialanie-slonca\/sunny-sfaction-maska-po-opalaniu-2\/#primaryimage"},"thumbnailUrl":"https:\/\/paulrivera.it\/wp-content\/uploads\/2026\/03\/maschera_sunny_50ml.png","datePublished":"2026-03-25T13:22:37+00:00","dateModified":"2026-03-25T13:22:38+00:00","description":"Maska Sunny Sfaction to idealny produkt, aby od\u017cywi\u0107 i dog\u0142\u0119bnie odbudowa\u0107 w\u0142osy zestresowane s\u0142o\u0144cem, sol\u0105 oraz chlorem.","breadcrumb":{"@id":"https:\/\/paulrivera.it\/pl\/prodotti\/kuracje\/sunny-sfaction-kuracja-dla-wlosow-wystawionych-na-dzialanie-slonca\/sunny-sfaction-maska-po-opalaniu-2\/#breadcrumb"},"inLanguage":"pl-PL","potentialAction":[{"@type":"ReadAction","target":["https:\/\/paulrivera.it\/pl\/prodotti\/kuracje\/sunny-sfaction-kuracja-dla-wlosow-wystawionych-na-dzialanie-slonca\/sunny-sfaction-maska-po-opalaniu-2\/"]}]},{"@type":"ImageObject","inLanguage":"pl-PL","@id":"https:\/\/paulrivera.it\/pl\/prodotti\/kuracje\/sunny-sfaction-kuracja-dla-wlosow-wystawionych-na-dzialanie-slonca\/sunny-sfaction-maska-po-opalaniu-2\/#primaryimage","url":"https:\/\/paulrivera.it\/wp-content\/uploads\/2026\/03\/maschera_sunny_50ml.png","contentUrl":"https:\/\/paulrivera.it\/wp-content\/uploads\/2026\/03\/maschera_sunny_50ml.png","width":800,"height":800},{"@type":"BreadcrumbList","@id":"https:\/\/paulrivera.it\/pl\/prodotti\/kuracje\/sunny-sfaction-kuracja-dla-wlosow-wystawionych-na-dzialanie-slonca\/sunny-sfaction-maska-po-opalaniu-2\/#breadcrumb","itemListElement":[{"@type":"ListItem","position":1,"name":"Home","item":"https:\/\/paulrivera.it\/pl\/"},{"@type":"ListItem","position":2,"name":"Pagina shop","item":"https:\/\/paulrivera.it\/prodotti\/"},{"@type":"ListItem","position":3,"name":"Sunny Sfaction \u2013 Maska po opalaniu"}]},{"@type":"WebSite","@id":"https:\/\/paulrivera.it\/pl\/#website","url":"https:\/\/paulrivera.it\/pl\/","name":"Paul Rivera","description":"Hair Beauty Celebration","publisher":{"@id":"https:\/\/paulrivera.it\/pl\/#organization"},"potentialAction":[{"@type":"SearchAction","target":{"@type":"EntryPoint","urlTemplate":"https:\/\/paulrivera.it\/pl\/?s={search_term_string}"},"query-input":{"@type":"PropertyValueSpecification","valueRequired":true,"valueName":"search_term_string"}}],"inLanguage":"pl-PL"},{"@type":"Organization","@id":"https:\/\/paulrivera.it\/pl\/#organization","name":"Paul Rivera","url":"https:\/\/paulrivera.it\/pl\/","logo":{"@type":"ImageObject","inLanguage":"pl-PL","@id":"https:\/\/paulrivera.it\/pl\/#\/schema\/logo\/image\/","url":"https:\/\/paulrivera.it\/wp-content\/uploads\/2020\/02\/paul_rivera_logo_header_x2.png","contentUrl":"https:\/\/paulrivera.it\/wp-content\/uploads\/2020\/02\/paul_rivera_logo_header_x2.png","width":470,"height":60,"caption":"Paul Rivera"},"image":{"@id":"https:\/\/paulrivera.it\/pl\/#\/schema\/logo\/image\/"}}]}},"_links":{"self":[{"href":"https:\/\/paulrivera.it\/pl\/wp-json\/wp\/v2\/product\/16532","targetHints":{"allow":["GET"]}}],"collection":[{"href":"https:\/\/paulrivera.it\/pl\/wp-json\/wp\/v2\/product"}],"about":[{"href":"https:\/\/paulrivera.it\/pl\/wp-json\/wp\/v2\/types\/product"}],"wp:featuredmedia":[{"embeddable":true,"href":"https:\/\/paulrivera.it\/pl\/wp-json\/wp\/v2\/media\/16526"}],"wp:attachment":[{"href":"https:\/\/paulrivera.it\/pl\/wp-json\/wp\/v2\/media?parent=16532"}],"wp:term":[{"taxonomy":"product_brand","embeddable":true,"href":"https:\/\/paulrivera.it\/pl\/wp-json\/wp\/v2\/product_brand?post=16532"},{"taxonomy":"product_cat","embeddable":true,"href":"https:\/\/paulrivera.it\/pl\/wp-json\/wp\/v2\/product_cat?post=16532"},{"taxonomy":"product_tag","embeddable":true,"href":"https:\/\/paulrivera.it\/pl\/wp-json\/wp\/v2\/product_tag?post=16532"}],"curies":[{"name":"wp","href":"https:\/\/api.w.org\/{rel}","templated":true}]}}