{"id":3680,"date":"2020-02-18T09:25:22","date_gmt":"2020-02-18T08:25:22","guid":{"rendered":"https:\/\/paulrivera.it\/product\/stay-clean-krem-chroniacy-kolor\/"},"modified":"2024-05-13T10:10:54","modified_gmt":"2024-05-13T08:10:54","slug":"stay-clean-krem-chroniacy-kolor","status":"publish","type":"product","link":"https:\/\/paulrivera.it\/pl\/prodotti\/koloryzacja\/stay-clean-krem-chroniacy-kolor\/","title":{"rendered":"Stay Clean &#8211; Krem chroni\u0105cy kolor"},"content":{"rendered":"<div class=\"wpb-content-wrapper\"><p>[vc_row full_width=&#8221;stretch_row&#8221;][vc_column][vc_row_inner el_id=&#8221;desktop&#8221;][vc_column_inner width=&#8221;1\/2&#8243; css=&#8221;.vc_custom_1582819512221{padding-top: 30% !important;padding-right: 10% !important;padding-bottom: 30% !important;padding-left: 30% !important;}&#8221; offset=&#8221;vc_hidden-md vc_hidden-sm vc_hidden-xs&#8221;][vc_column_text]<\/p>\n<h1>Pokochasz ten produkt za to, \u017ce<\/h1>\n<ul>\n<li><span style=\"font-weight: 400;\">Zapewnia d\u0142ugotrwa\u0142\u0105 ochron\u0119<\/span><\/li>\n<li>Chroni sk\u00f3r\u0119 podczas koloryzacji<\/li>\n<li>Aplikacja zajmuje tylko kr\u00f3tk\u0105 chwil\u0119<\/li>\n<\/ul>\n<p>[\/vc_column_text][vc_column_text]<\/p>\n<h1>Jak stosowa\u0107?<\/h1>\n<p><span style=\"font-weight: 400;\">Przed koloryzacj\u0105 na\u0142o\u017cy\u0107 krem <\/span><span style=\"font-weight: 400;\">Stay Clean<\/span><span style=\"font-weight: 400;\"> przy linii w\u0142os\u00f3w.<\/span>[\/vc_column_text][\/vc_column_inner][vc_column_inner width=&#8221;1\/2&#8243; css=&#8221;.vc_custom_1582194232021{background-image: url(https:\/\/paulrivera.it\/wp-content\/uploads\/2020\/02\/background_adv_product.png?id=296) !important;background-position: center !important;background-repeat: no-repeat !important;background-size: cover !important;}&#8221; offset=&#8221;vc_hidden-md vc_hidden-sm vc_hidden-xs&#8221;][vc_single_image image=&#8221;3681&#8243; img_size=&#8221;large&#8221; alignment=&#8221;center&#8221;][\/vc_column_inner][\/vc_row_inner][vc_row_inner el_id=&#8221;tablet&#8221;][vc_column_inner offset=&#8221;vc_hidden-lg vc_hidden-xs&#8221;][vc_column_text]<\/p>\n<h1>Pokochasz ten produkt za to, \u017ce<\/h1>\n<ul>\n<li><span style=\"font-weight: 400;\">Zapewnia d\u0142ugotrwa\u0142\u0105 ochron\u0119<\/span><\/li>\n<li>Chroni sk\u00f3r\u0119 podczas koloryzacji<\/li>\n<li>Aplikacja zajmuje tylko kr\u00f3tk\u0105 chwil\u0119<\/li>\n<\/ul>\n<p>[\/vc_column_text][vc_column_text]<\/p>\n<h1>Jak stosowa\u0107?<\/h1>\n<p><span style=\"font-weight: 400;\">Przed koloryzacj\u0105 na\u0142o\u017cy\u0107 krem <\/span><span style=\"font-weight: 400;\">Stay Clean<\/span><span style=\"font-weight: 400;\"> przy linii w\u0142os\u00f3w.<\/span>[\/vc_column_text][\/vc_column_inner][\/vc_row_inner][vc_row_inner el_id=&#8221;mobile&#8221;][vc_column_inner width=&#8221;1\/2&#8243; offset=&#8221;vc_hidden-lg vc_hidden-md vc_hidden-sm&#8221;][vc_column_text]<\/p>\n<h1>Pokochasz ten produkt za to, \u017ce<\/h1>\n<ul>\n<li><span style=\"font-weight: 400;\">Zapewnia d\u0142ugotrwa\u0142\u0105 ochron\u0119<\/span><\/li>\n<li>Chroni sk\u00f3r\u0119 podczas koloryzacji<\/li>\n<li>Aplikacja zajmuje tylko kr\u00f3tk\u0105 chwil\u0119<\/li>\n<\/ul>\n<p>[\/vc_column_text][vc_column_text]<\/p>\n<h1>Jak stosowa\u0107?<\/h1>\n<p><span style=\"font-weight: 400;\">Przed koloryzacj\u0105 na\u0142o\u017cy\u0107 krem <\/span><span style=\"font-weight: 400;\">Stay Clean<\/span><span style=\"font-weight: 400;\"> przy linii w\u0142os\u00f3w.<\/span>[\/vc_column_text][\/vc_column_inner][vc_column_inner width=&#8221;1\/2&#8243; css=&#8221;.vc_custom_1582194178853{background-image: url(https:\/\/paulrivera.it\/wp-content\/uploads\/2020\/02\/background_adv_product.png?id=296) !important;background-position: center !important;background-repeat: no-repeat !important;background-size: cover !important;}&#8221; offset=&#8221;vc_hidden-lg vc_hidden-md vc_hidden-sm&#8221;][vc_single_image image=&#8221;3681&#8243; img_size=&#8221;large&#8221; alignment=&#8221;center&#8221;][\/vc_column_inner][\/vc_row_inner][\/vc_column][\/vc_row][vc_row css=&#8221;.vc_custom_1582192829011{padding-top: 50px !important;}&#8221;][vc_column][vc_row_inner][vc_column_inner][vc_column_text]<\/p>\n<h1 style=\"text-align: center;\"><span style=\"font-weight: 400;\">Mo\u017cesz wypr\u00f3bowa\u0107 ten produkt z<\/span><\/h1>\n<p>[\/vc_column_text][\/vc_column_inner][\/vc_row_inner][vc_raw_html]JTVCd3BiLXByb2R1Y3Qtc2xpZGVyLXNob3J0Y29kZSUyMGlkJTNEJTIyMjA0JTIyJTVE[\/vc_raw_html][\/vc_column][\/vc_row]<\/p>\n<\/div>","protected":false},"excerpt":{"rendered":"<p><strong>Stay Clean<\/strong><span style=\"font-weight: 400;\"> to wodoodporny i <strong>transparentny krem barierowy<\/strong>, kt\u00f3ry chroni sk\u00f3r\u0119 podczas zabiegu koloryzacji w salonie fryzjerskim.<\/span><\/p>\n<p><span style=\"font-weight: 400;\">Dzi\u0119ki skutecznemu <strong>dzia\u0142aniu ochronnemu<\/strong> zapobiega kontaktowi z czynnikami uczulaj\u0105cymi zwi\u0105zanymi z koloryzacj\u0105, kt\u00f3re mog\u0105 powodowa\u0107 podra\u017cnienia lub miejscowe zaczerwienienia.<\/span><\/p>\n<p><span style=\"font-weight: 400;\">250 ml<\/span><\/p>\n<p>&nbsp;<\/p>\n[maxbutton id=\"8\"]\n","protected":false},"featured_media":3682,"template":"","meta":[],"product_brand":[],"product_cat":[693],"product_tag":[],"class_list":{"0":"post-3680","1":"product","2":"type-product","3":"status-publish","4":"has-post-thumbnail","6":"product_cat-koloryzacja","7":"description-off","9":"first","10":"instock","11":"shipping-taxable","12":"product-type-simple"},"yoast_head":"<!-- This site is optimized with the Yoast SEO plugin v27.2 - https:\/\/yoast.com\/product\/yoast-seo-wordpress\/ -->\n<title>Stay Clean - Krem chroni\u0105cy kolor | Paul Rivera<\/title>\n<meta name=\"description\" content=\"Stay Clean to wodoodporny i transparentny krem barierowy, kt\u00f3ry chroni sk\u00f3r\u0119 podczas zabiegu koloryzacji w salonie fryzjerskim.\" \/>\n<meta name=\"robots\" content=\"index, follow, max-snippet:-1, max-image-preview:large, max-video-preview:-1\" \/>\n<link rel=\"canonical\" href=\"https:\/\/paulrivera.it\/pl\/prodotti\/koloryzacja\/stay-clean-krem-chroniacy-kolor\/\" \/>\n<meta property=\"og:locale\" content=\"pl_PL\" \/>\n<meta property=\"og:type\" content=\"article\" \/>\n<meta property=\"og:title\" content=\"Stay Clean - Krem chroni\u0105cy kolor | Paul Rivera\" \/>\n<meta property=\"og:description\" content=\"Stay Clean to wodoodporny i transparentny krem barierowy, kt\u00f3ry chroni sk\u00f3r\u0119 podczas zabiegu koloryzacji w salonie fryzjerskim.\" \/>\n<meta property=\"og:url\" content=\"https:\/\/paulrivera.it\/pl\/prodotti\/koloryzacja\/stay-clean-krem-chroniacy-kolor\/\" \/>\n<meta property=\"og:site_name\" content=\"Paul Rivera\" \/>\n<meta property=\"article:modified_time\" content=\"2024-05-13T08:10:54+00:00\" \/>\n<meta property=\"og:image\" content=\"https:\/\/paulrivera.it\/wp-content\/uploads\/2020\/02\/604286_paul_rivera_colour_shield_cream_250ml.png\" \/>\n\t<meta property=\"og:image:width\" content=\"800\" \/>\n\t<meta property=\"og:image:height\" content=\"800\" \/>\n\t<meta property=\"og:image:type\" content=\"image\/png\" \/>\n<meta name=\"twitter:card\" content=\"summary_large_image\" \/>\n<meta name=\"twitter:label1\" content=\"Est. reading time\" \/>\n\t<meta name=\"twitter:data1\" content=\"2 minutes\" \/>\n<script type=\"application\/ld+json\" class=\"yoast-schema-graph\">{\"@context\":\"https:\/\/schema.org\",\"@graph\":[{\"@type\":\"WebPage\",\"@id\":\"https:\/\/paulrivera.it\/pl\/prodotti\/koloryzacja\/stay-clean-krem-chroniacy-kolor\/\",\"url\":\"https:\/\/paulrivera.it\/pl\/prodotti\/koloryzacja\/stay-clean-krem-chroniacy-kolor\/\",\"name\":\"Stay Clean - Krem chroni\u0105cy kolor | Paul Rivera\",\"isPartOf\":{\"@id\":\"https:\/\/paulrivera.it\/pl\/#website\"},\"primaryImageOfPage\":{\"@id\":\"https:\/\/paulrivera.it\/pl\/prodotti\/koloryzacja\/stay-clean-krem-chroniacy-kolor\/#primaryimage\"},\"image\":{\"@id\":\"https:\/\/paulrivera.it\/pl\/prodotti\/koloryzacja\/stay-clean-krem-chroniacy-kolor\/#primaryimage\"},\"thumbnailUrl\":\"https:\/\/paulrivera.it\/wp-content\/uploads\/2020\/02\/604286_paul_rivera_colour_shield_cream_250ml.png\",\"datePublished\":\"2020-02-18T08:25:22+00:00\",\"dateModified\":\"2024-05-13T08:10:54+00:00\",\"description\":\"Stay Clean to wodoodporny i transparentny krem barierowy, kt\u00f3ry chroni sk\u00f3r\u0119 podczas zabiegu koloryzacji w salonie fryzjerskim.\",\"breadcrumb\":{\"@id\":\"https:\/\/paulrivera.it\/pl\/prodotti\/koloryzacja\/stay-clean-krem-chroniacy-kolor\/#breadcrumb\"},\"inLanguage\":\"pl-PL\",\"potentialAction\":[{\"@type\":\"ReadAction\",\"target\":[\"https:\/\/paulrivera.it\/pl\/prodotti\/koloryzacja\/stay-clean-krem-chroniacy-kolor\/\"]}]},{\"@type\":\"ImageObject\",\"inLanguage\":\"pl-PL\",\"@id\":\"https:\/\/paulrivera.it\/pl\/prodotti\/koloryzacja\/stay-clean-krem-chroniacy-kolor\/#primaryimage\",\"url\":\"https:\/\/paulrivera.it\/wp-content\/uploads\/2020\/02\/604286_paul_rivera_colour_shield_cream_250ml.png\",\"contentUrl\":\"https:\/\/paulrivera.it\/wp-content\/uploads\/2020\/02\/604286_paul_rivera_colour_shield_cream_250ml.png\",\"width\":800,\"height\":800,\"caption\":\"Stay Clean - Krem chroni\u0105cy kolor\"},{\"@type\":\"BreadcrumbList\",\"@id\":\"https:\/\/paulrivera.it\/pl\/prodotti\/koloryzacja\/stay-clean-krem-chroniacy-kolor\/#breadcrumb\",\"itemListElement\":[{\"@type\":\"ListItem\",\"position\":1,\"name\":\"Home\",\"item\":\"https:\/\/paulrivera.it\/pl\/\"},{\"@type\":\"ListItem\",\"position\":2,\"name\":\"Pagina shop\",\"item\":\"https:\/\/paulrivera.it\/prodotti\/\"},{\"@type\":\"ListItem\",\"position\":3,\"name\":\"Stay Clean &#8211; Krem chroni\u0105cy kolor\"}]},{\"@type\":\"WebSite\",\"@id\":\"https:\/\/paulrivera.it\/pl\/#website\",\"url\":\"https:\/\/paulrivera.it\/pl\/\",\"name\":\"Paul Rivera\",\"description\":\"Hair Beauty Celebration\",\"publisher\":{\"@id\":\"https:\/\/paulrivera.it\/pl\/#organization\"},\"potentialAction\":[{\"@type\":\"SearchAction\",\"target\":{\"@type\":\"EntryPoint\",\"urlTemplate\":\"https:\/\/paulrivera.it\/pl\/?s={search_term_string}\"},\"query-input\":{\"@type\":\"PropertyValueSpecification\",\"valueRequired\":true,\"valueName\":\"search_term_string\"}}],\"inLanguage\":\"pl-PL\"},{\"@type\":\"Organization\",\"@id\":\"https:\/\/paulrivera.it\/pl\/#organization\",\"name\":\"Paul Rivera\",\"url\":\"https:\/\/paulrivera.it\/pl\/\",\"logo\":{\"@type\":\"ImageObject\",\"inLanguage\":\"pl-PL\",\"@id\":\"https:\/\/paulrivera.it\/pl\/#\/schema\/logo\/image\/\",\"url\":\"https:\/\/paulrivera.it\/wp-content\/uploads\/2020\/02\/paul_rivera_logo_header_x2.png\",\"contentUrl\":\"https:\/\/paulrivera.it\/wp-content\/uploads\/2020\/02\/paul_rivera_logo_header_x2.png\",\"width\":470,\"height\":60,\"caption\":\"Paul Rivera\"},\"image\":{\"@id\":\"https:\/\/paulrivera.it\/pl\/#\/schema\/logo\/image\/\"}}]}<\/script>\n<!-- \/ Yoast SEO plugin. -->","yoast_head_json":{"title":"Stay Clean - Krem chroni\u0105cy kolor | Paul Rivera","description":"Stay Clean to wodoodporny i transparentny krem barierowy, kt\u00f3ry chroni sk\u00f3r\u0119 podczas zabiegu koloryzacji w salonie fryzjerskim.","robots":{"index":"index","follow":"follow","max-snippet":"max-snippet:-1","max-image-preview":"max-image-preview:large","max-video-preview":"max-video-preview:-1"},"canonical":"https:\/\/paulrivera.it\/pl\/prodotti\/koloryzacja\/stay-clean-krem-chroniacy-kolor\/","og_locale":"pl_PL","og_type":"article","og_title":"Stay Clean - Krem chroni\u0105cy kolor | Paul Rivera","og_description":"Stay Clean to wodoodporny i transparentny krem barierowy, kt\u00f3ry chroni sk\u00f3r\u0119 podczas zabiegu koloryzacji w salonie fryzjerskim.","og_url":"https:\/\/paulrivera.it\/pl\/prodotti\/koloryzacja\/stay-clean-krem-chroniacy-kolor\/","og_site_name":"Paul Rivera","article_modified_time":"2024-05-13T08:10:54+00:00","og_image":[{"width":800,"height":800,"url":"https:\/\/paulrivera.it\/wp-content\/uploads\/2020\/02\/604286_paul_rivera_colour_shield_cream_250ml.png","type":"image\/png"}],"twitter_card":"summary_large_image","twitter_misc":{"Est. reading time":"2 minutes"},"schema":{"@context":"https:\/\/schema.org","@graph":[{"@type":"WebPage","@id":"https:\/\/paulrivera.it\/pl\/prodotti\/koloryzacja\/stay-clean-krem-chroniacy-kolor\/","url":"https:\/\/paulrivera.it\/pl\/prodotti\/koloryzacja\/stay-clean-krem-chroniacy-kolor\/","name":"Stay Clean - Krem chroni\u0105cy kolor | Paul Rivera","isPartOf":{"@id":"https:\/\/paulrivera.it\/pl\/#website"},"primaryImageOfPage":{"@id":"https:\/\/paulrivera.it\/pl\/prodotti\/koloryzacja\/stay-clean-krem-chroniacy-kolor\/#primaryimage"},"image":{"@id":"https:\/\/paulrivera.it\/pl\/prodotti\/koloryzacja\/stay-clean-krem-chroniacy-kolor\/#primaryimage"},"thumbnailUrl":"https:\/\/paulrivera.it\/wp-content\/uploads\/2020\/02\/604286_paul_rivera_colour_shield_cream_250ml.png","datePublished":"2020-02-18T08:25:22+00:00","dateModified":"2024-05-13T08:10:54+00:00","description":"Stay Clean to wodoodporny i transparentny krem barierowy, kt\u00f3ry chroni sk\u00f3r\u0119 podczas zabiegu koloryzacji w salonie fryzjerskim.","breadcrumb":{"@id":"https:\/\/paulrivera.it\/pl\/prodotti\/koloryzacja\/stay-clean-krem-chroniacy-kolor\/#breadcrumb"},"inLanguage":"pl-PL","potentialAction":[{"@type":"ReadAction","target":["https:\/\/paulrivera.it\/pl\/prodotti\/koloryzacja\/stay-clean-krem-chroniacy-kolor\/"]}]},{"@type":"ImageObject","inLanguage":"pl-PL","@id":"https:\/\/paulrivera.it\/pl\/prodotti\/koloryzacja\/stay-clean-krem-chroniacy-kolor\/#primaryimage","url":"https:\/\/paulrivera.it\/wp-content\/uploads\/2020\/02\/604286_paul_rivera_colour_shield_cream_250ml.png","contentUrl":"https:\/\/paulrivera.it\/wp-content\/uploads\/2020\/02\/604286_paul_rivera_colour_shield_cream_250ml.png","width":800,"height":800,"caption":"Stay Clean - Krem chroni\u0105cy kolor"},{"@type":"BreadcrumbList","@id":"https:\/\/paulrivera.it\/pl\/prodotti\/koloryzacja\/stay-clean-krem-chroniacy-kolor\/#breadcrumb","itemListElement":[{"@type":"ListItem","position":1,"name":"Home","item":"https:\/\/paulrivera.it\/pl\/"},{"@type":"ListItem","position":2,"name":"Pagina shop","item":"https:\/\/paulrivera.it\/prodotti\/"},{"@type":"ListItem","position":3,"name":"Stay Clean &#8211; Krem chroni\u0105cy kolor"}]},{"@type":"WebSite","@id":"https:\/\/paulrivera.it\/pl\/#website","url":"https:\/\/paulrivera.it\/pl\/","name":"Paul Rivera","description":"Hair Beauty Celebration","publisher":{"@id":"https:\/\/paulrivera.it\/pl\/#organization"},"potentialAction":[{"@type":"SearchAction","target":{"@type":"EntryPoint","urlTemplate":"https:\/\/paulrivera.it\/pl\/?s={search_term_string}"},"query-input":{"@type":"PropertyValueSpecification","valueRequired":true,"valueName":"search_term_string"}}],"inLanguage":"pl-PL"},{"@type":"Organization","@id":"https:\/\/paulrivera.it\/pl\/#organization","name":"Paul Rivera","url":"https:\/\/paulrivera.it\/pl\/","logo":{"@type":"ImageObject","inLanguage":"pl-PL","@id":"https:\/\/paulrivera.it\/pl\/#\/schema\/logo\/image\/","url":"https:\/\/paulrivera.it\/wp-content\/uploads\/2020\/02\/paul_rivera_logo_header_x2.png","contentUrl":"https:\/\/paulrivera.it\/wp-content\/uploads\/2020\/02\/paul_rivera_logo_header_x2.png","width":470,"height":60,"caption":"Paul Rivera"},"image":{"@id":"https:\/\/paulrivera.it\/pl\/#\/schema\/logo\/image\/"}}]}},"_links":{"self":[{"href":"https:\/\/paulrivera.it\/pl\/wp-json\/wp\/v2\/product\/3680","targetHints":{"allow":["GET"]}}],"collection":[{"href":"https:\/\/paulrivera.it\/pl\/wp-json\/wp\/v2\/product"}],"about":[{"href":"https:\/\/paulrivera.it\/pl\/wp-json\/wp\/v2\/types\/product"}],"wp:featuredmedia":[{"embeddable":true,"href":"https:\/\/paulrivera.it\/pl\/wp-json\/wp\/v2\/media\/3682"}],"wp:attachment":[{"href":"https:\/\/paulrivera.it\/pl\/wp-json\/wp\/v2\/media?parent=3680"}],"wp:term":[{"taxonomy":"product_brand","embeddable":true,"href":"https:\/\/paulrivera.it\/pl\/wp-json\/wp\/v2\/product_brand?post=3680"},{"taxonomy":"product_cat","embeddable":true,"href":"https:\/\/paulrivera.it\/pl\/wp-json\/wp\/v2\/product_cat?post=3680"},{"taxonomy":"product_tag","embeddable":true,"href":"https:\/\/paulrivera.it\/pl\/wp-json\/wp\/v2\/product_tag?post=3680"}],"curies":[{"name":"wp","href":"https:\/\/api.w.org\/{rel}","templated":true}]}}