{"id":3987,"date":"2020-02-18T09:26:09","date_gmt":"2020-02-18T08:26:09","guid":{"rendered":"https:\/\/paulrivera.it\/product\/wavebuild-neutralizator-do-balsamow-podkreslajacych-fale\/"},"modified":"2024-05-13T10:10:27","modified_gmt":"2024-05-13T08:10:27","slug":"wavebuild-neutralizator-do-balsamow-podkreslajacych-fale","status":"publish","type":"product","link":"https:\/\/paulrivera.it\/pl\/prodotti\/dzial-techniczny-pl\/wavebuild-plyn-do-trwalej-ondulacji\/wavebuild-neutralizator-do-balsamow-podkreslajacych-fale\/","title":{"rendered":"Wavebuild  &#8211;  Neutralizator do balsam\u00f3w podkre\u015blaj\u0105cych fale"},"content":{"rendered":"<div class=\"wpb-content-wrapper\"><p>[vc_row full_width=&#8221;stretch_row&#8221;][vc_column][vc_row_inner el_id=&#8221;desktop&#8221;][vc_column_inner width=&#8221;1\/2&#8243; css=&#8221;.vc_custom_1582194227194{padding-top: 10% !important;padding-right: 10% !important;padding-bottom: 10% !important;padding-left: 30% !important;}&#8221; offset=&#8221;vc_hidden-md vc_hidden-sm vc_hidden-xs&#8221;][vc_column_text]<\/p>\n<h1>Pokochasz ten produkt za to, \u017ce<\/h1>\n<ul>\n<li><span style=\"font-weight: 400;\">Jest niezb\u0119dny do <\/span><span style=\"font-weight: 400;\">neutralizacji pozosta\u0142o\u015bci i stabilizacji ondulacji<\/span><\/li>\n<li>Nie niszczy w\u0142\u00f3kna podczas zabiegu<\/li>\n<li>Piel\u0119gnuje w\u0142osy<\/li>\n<\/ul>\n<p>[\/vc_column_text][vc_column_text]<\/p>\n<h1>Sk\u0142adniki aktywne zawarte w formule<\/h1>\n<ul>\n<li><span style=\"font-weight: 400;\">Bia\u0142ko pszeniczne: s<\/span>k\u0142adniki aktywne o wyj\u0105tkowych w\u0142a\u015bciwo\u015bciach kosmetycznych delikatnie nawil\u017caj\u0105 i odbudowuj\u0105 w\u0142osy, nadaj\u0105c im jedwabisto\u015b\u0107 i mi\u0119kko\u015b\u0107<\/li>\n<\/ul>\n<p>[\/vc_column_text][vc_column_text]<\/p>\n<h1>Jak stosowa\u0107?<\/h1>\n<p><span style=\"font-weight: 400;\">Po na\u0142o\u017ceniu balsamu utrwalaj\u0105cego fale i odczekaniu czasu wskazanego w instrukcji sp\u0142uka\u0107 letni\u0105 wod\u0105 przez oko\u0142o 3 minuty i zwil\u017cy\u0107 wa\u0142ki. Dok\u0142adnie zwil\u017cy\u0107 wszystkie wa\u0142ki Neutralizatorem i pozostawi\u0107 na 5 minut. Zdj\u0105\u0107 wa\u0142ki, ponownie na\u0142o\u017cy\u0107 neutralizator i pozostawi\u0107 na kilka minut. Dok\u0142adnie sp\u0142uka\u0107, umy\u0107 w\u0142osy szamponem i wystylizowa\u0107 fryzur\u0119.<\/span><\/p>\n<p><span style=\"font-weight: 400;\">\u00a0<\/span>[\/vc_column_text][\/vc_column_inner][vc_column_inner width=&#8221;1\/2&#8243; css=&#8221;.vc_custom_1582194232021{background-image: url(https:\/\/paulrivera.it\/wp-content\/uploads\/2020\/02\/background_adv_product.png?id=296) !important;background-position: center !important;background-repeat: no-repeat !important;background-size: cover !important;}&#8221; offset=&#8221;vc_hidden-md vc_hidden-sm vc_hidden-xs&#8221;][vc_single_image image=&#8221;3981&#8243; img_size=&#8221;large&#8221; alignment=&#8221;center&#8221;][\/vc_column_inner][\/vc_row_inner][vc_row_inner el_id=&#8221;tablet&#8221;][vc_column_inner offset=&#8221;vc_hidden-lg vc_hidden-xs&#8221;][vc_column_text]<\/p>\n<h1>Pokochasz ten produkt za to, \u017ce<\/h1>\n<ul>\n<li><span style=\"font-weight: 400;\">Jest niezb\u0119dny do <\/span><span style=\"font-weight: 400;\">neutralizacji pozosta\u0142o\u015bci i stabilizacji ondulacji<\/span><span style=\"font-weight: 400;\">.<\/span><\/li>\n<li>Nie niszczy w\u0142\u00f3kna podczas zabiegu<\/li>\n<li>Piel\u0119gnuje w\u0142osy<\/li>\n<\/ul>\n<p>[\/vc_column_text][vc_column_text]<\/p>\n<h1>Sk\u0142adniki aktywne zawarte w formule<\/h1>\n<ul>\n<li><span style=\"font-weight: 400;\">Bia\u0142ko pszeniczne: s<\/span>k\u0142adniki aktywne o wyj\u0105tkowych w\u0142a\u015bciwo\u015bciach kosmetycznych delikatnie nawil\u017caj\u0105 i odbudowuj\u0105 w\u0142osy, nadaj\u0105c im jedwabisto\u015b\u0107 i mi\u0119kko\u015b\u0107<\/li>\n<\/ul>\n<p>[\/vc_column_text][vc_column_text]<\/p>\n<h1>Jak stosowa\u0107?<\/h1>\n<p><span style=\"font-weight: 400;\">Po na\u0142o\u017ceniu balsamu utrwalaj\u0105cego fale i odczekaniu czasu wskazanego w instrukcji sp\u0142uka\u0107 letni\u0105 wod\u0105 przez oko\u0142o 3 minuty i zwil\u017cy\u0107 wa\u0142ki. Dok\u0142adnie zwil\u017cy\u0107 wszystkie wa\u0142ki Neutralizatorem i pozostawi\u0107 na 5 minut. Zdj\u0105\u0107 wa\u0142ki, ponownie na\u0142o\u017cy\u0107 neutralizator i pozostawi\u0107 na kilka minut. Dok\u0142adnie sp\u0142uka\u0107, umy\u0107 w\u0142osy szamponem i wystylizowa\u0107 fryzur\u0119.<\/span><\/p>\n<p><span style=\"font-weight: 400;\">\u00a0<\/span>[\/vc_column_text][\/vc_column_inner][\/vc_row_inner][vc_row_inner el_id=&#8221;mobile&#8221;][vc_column_inner width=&#8221;1\/2&#8243; offset=&#8221;vc_hidden-lg vc_hidden-md vc_hidden-sm&#8221;][vc_column_text]<\/p>\n<h1>Pokochasz ten produkt za to, \u017ce<\/h1>\n<ul>\n<li><span style=\"font-weight: 400;\">Jest niezb\u0119dny do <\/span><span style=\"font-weight: 400;\">neutralizacji pozosta\u0142o\u015bci i stabilizacji ondulacji<\/span><span style=\"font-weight: 400;\">.<\/span><\/li>\n<li>Nie niszczy w\u0142\u00f3kna podczas zabiegu<\/li>\n<li>Piel\u0119gnuje w\u0142osy<\/li>\n<\/ul>\n<p>[\/vc_column_text][vc_column_text]<\/p>\n<h1>Sk\u0142adniki aktywne zawarte w formule<\/h1>\n<ul>\n<li><span style=\"font-weight: 400;\">Bia\u0142ko pszeniczne: s<\/span>k\u0142adniki aktywne o wyj\u0105tkowych w\u0142a\u015bciwo\u015bciach kosmetycznych delikatnie nawil\u017caj\u0105 i odbudowuj\u0105 w\u0142osy, nadaj\u0105c im jedwabisto\u015b\u0107 i mi\u0119kko\u015b\u0107<\/li>\n<\/ul>\n<p>[\/vc_column_text][vc_column_text]<\/p>\n<h1>Jak stosowa\u0107?<\/h1>\n<p><span style=\"font-weight: 400;\">Po na\u0142o\u017ceniu balsamu utrwalaj\u0105cego fale i odczekaniu czasu wskazanego w instrukcji sp\u0142uka\u0107 letni\u0105 wod\u0105 przez oko\u0142o 3 minuty i zwil\u017cy\u0107 wa\u0142ki. Dok\u0142adnie zwil\u017cy\u0107 wszystkie wa\u0142ki Neutralizatorem i pozostawi\u0107 na 5 minut. Zdj\u0105\u0107 wa\u0142ki, ponownie na\u0142o\u017cy\u0107 neutralizator i pozostawi\u0107 na kilka minut. Dok\u0142adnie sp\u0142uka\u0107, umy\u0107 w\u0142osy szamponem i wystylizowa\u0107 fryzur\u0119.<\/span><\/p>\n<p><span style=\"font-weight: 400;\">\u00a0<\/span>[\/vc_column_text][\/vc_column_inner][vc_column_inner width=&#8221;1\/2&#8243; css=&#8221;.vc_custom_1582194178853{background-image: url(https:\/\/paulrivera.it\/wp-content\/uploads\/2020\/02\/background_adv_product.png?id=296) !important;background-position: center !important;background-repeat: no-repeat !important;background-size: cover !important;}&#8221; offset=&#8221;vc_hidden-lg vc_hidden-md vc_hidden-sm&#8221;][vc_single_image image=&#8221;3981&#8243; img_size=&#8221;large&#8221; alignment=&#8221;center&#8221;][\/vc_column_inner][\/vc_row_inner][\/vc_column][\/vc_row][vc_row css=&#8221;.vc_custom_1582192829011{padding-top: 50px !important;}&#8221;][vc_column][vc_row_inner][vc_column_inner][vc_column_text]<\/p>\n<h1 style=\"text-align: center;\"><span style=\"font-weight: 400;\">Stosuj ten produkt z <\/span><\/h1>\n<p>[\/vc_column_text][\/vc_column_inner][\/vc_row_inner][vc_raw_html]JTVCd3BiLXByb2R1Y3Qtc2xpZGVyLXNob3J0Y29kZSUyMGlkJTNEJTIyMjAyJTIyJTVE[\/vc_raw_html][\/vc_column][\/vc_row]<\/p>\n<\/div>","protected":false},"excerpt":{"rendered":"<p><span style=\"font-weight: 400;\">Wavebuild<\/span> <b>pozwala utrwali\u0107 fale<\/b><span style=\"font-weight: 400;\"> i <\/span><b>zneutralizowa\u0107 pozosta\u0142o\u015bci alkaliczne<\/b><span style=\"font-weight: 400;\"> zwi\u0105zane z us\u0142ug\u0105 techniczn\u0105 \u015bwiadczon\u0105 w salonie fryzjerskim.<\/span><b>Utrwala efekt trwa\u0142ej ondulacji<\/b><span style=\"font-weight: 400;\"> i nadaje w\u0142osom odpowiedni kszta\u0142t i obj\u0119to\u015b\u0107.<\/span><\/p>\n<p><span style=\"font-weight: 400;\">Zawiera <\/span><b>bia\u0142ka pszenicy<\/b><span style=\"font-weight: 400;\">, kt\u00f3re zapewniaj\u0105 skuteczn\u0105 ochron\u0119 i nawil\u017cenie podczas zabiegu fryzjerskiego. Neutralizator musi by\u0107 stosowany z balsamem do ondulacji do w\u0142os\u00f3w naturalnych i balsamem do ondulacji do w\u0142os\u00f3w farbowanych <\/span><span style=\"font-weight: 400;\">Wavebuild<\/span><span style=\"font-weight: 400;\">.<\/span><\/p>\n<p><span style=\"font-weight: 400;\">1000 ml<\/span><\/p>\n<p>&nbsp;<\/p>\n[maxbutton id=\"8\"]\n","protected":false},"featured_media":3988,"template":"","meta":[],"product_brand":[],"product_cat":[922],"product_tag":[],"class_list":{"0":"post-3987","1":"product","2":"type-product","3":"status-publish","4":"has-post-thumbnail","6":"product_cat-wavebuild-plyn-do-trwalej-ondulacji","7":"description-off","9":"first","10":"instock","11":"shipping-taxable","12":"product-type-simple"},"yoast_head":"<!-- This site is optimized with the Yoast SEO plugin v27.2 - https:\/\/yoast.com\/product\/yoast-seo-wordpress\/ -->\n<title>Wavebuild - Neutralizator do balsam\u00f3w podkre\u015blaj\u0105cych fale | Paul Rivera<\/title>\n<meta name=\"description\" content=\"Wavebuild pozwala utrwali\u0107 fale i zneutralizowa\u0107 pozosta\u0142o\u015bci alkaliczne zwi\u0105zane z us\u0142ug\u0105 techniczn\u0105 \u015bwiadczon\u0105 w salonie fryzjerskim.Utrwala efekt trwa\u0142ej ondulacji i nadaje w\u0142osom odpowiedni kszta\u0142t i obj\u0119to\u015b\u0107.\" \/>\n<meta name=\"robots\" content=\"index, follow, max-snippet:-1, max-image-preview:large, max-video-preview:-1\" \/>\n<link rel=\"canonical\" href=\"https:\/\/paulrivera.it\/pl\/prodotti\/dzial-techniczny-pl\/wavebuild-plyn-do-trwalej-ondulacji\/wavebuild-neutralizator-do-balsamow-podkreslajacych-fale\/\" \/>\n<meta property=\"og:locale\" content=\"pl_PL\" \/>\n<meta property=\"og:type\" content=\"article\" \/>\n<meta property=\"og:title\" content=\"Wavebuild - Neutralizator do balsam\u00f3w podkre\u015blaj\u0105cych fale | Paul Rivera\" \/>\n<meta property=\"og:description\" content=\"Wavebuild pozwala utrwali\u0107 fale i zneutralizowa\u0107 pozosta\u0142o\u015bci alkaliczne zwi\u0105zane z us\u0142ug\u0105 techniczn\u0105 \u015bwiadczon\u0105 w salonie fryzjerskim.Utrwala efekt trwa\u0142ej ondulacji i nadaje w\u0142osom odpowiedni kszta\u0142t i obj\u0119to\u015b\u0107.\" \/>\n<meta property=\"og:url\" content=\"https:\/\/paulrivera.it\/pl\/prodotti\/dzial-techniczny-pl\/wavebuild-plyn-do-trwalej-ondulacji\/wavebuild-neutralizator-do-balsamow-podkreslajacych-fale\/\" \/>\n<meta property=\"og:site_name\" content=\"Paul Rivera\" \/>\n<meta property=\"article:modified_time\" content=\"2024-05-13T08:10:27+00:00\" \/>\n<meta property=\"og:image\" content=\"https:\/\/paulrivera.it\/wp-content\/uploads\/2020\/02\/604262_paul_rivera_wavebuild_neutralizer_waving_hair_lotion_1000ml.png\" \/>\n\t<meta property=\"og:image:width\" content=\"800\" \/>\n\t<meta property=\"og:image:height\" content=\"800\" \/>\n\t<meta property=\"og:image:type\" content=\"image\/png\" \/>\n<meta name=\"twitter:card\" content=\"summary_large_image\" \/>\n<meta name=\"twitter:label1\" content=\"Est. reading time\" \/>\n\t<meta name=\"twitter:data1\" content=\"3 minutes\" \/>\n<script type=\"application\/ld+json\" class=\"yoast-schema-graph\">{\"@context\":\"https:\/\/schema.org\",\"@graph\":[{\"@type\":\"WebPage\",\"@id\":\"https:\/\/paulrivera.it\/pl\/prodotti\/dzial-techniczny-pl\/wavebuild-plyn-do-trwalej-ondulacji\/wavebuild-neutralizator-do-balsamow-podkreslajacych-fale\/\",\"url\":\"https:\/\/paulrivera.it\/pl\/prodotti\/dzial-techniczny-pl\/wavebuild-plyn-do-trwalej-ondulacji\/wavebuild-neutralizator-do-balsamow-podkreslajacych-fale\/\",\"name\":\"Wavebuild - Neutralizator do balsam\u00f3w podkre\u015blaj\u0105cych fale | Paul Rivera\",\"isPartOf\":{\"@id\":\"https:\/\/paulrivera.it\/pl\/#website\"},\"primaryImageOfPage\":{\"@id\":\"https:\/\/paulrivera.it\/pl\/prodotti\/dzial-techniczny-pl\/wavebuild-plyn-do-trwalej-ondulacji\/wavebuild-neutralizator-do-balsamow-podkreslajacych-fale\/#primaryimage\"},\"image\":{\"@id\":\"https:\/\/paulrivera.it\/pl\/prodotti\/dzial-techniczny-pl\/wavebuild-plyn-do-trwalej-ondulacji\/wavebuild-neutralizator-do-balsamow-podkreslajacych-fale\/#primaryimage\"},\"thumbnailUrl\":\"https:\/\/paulrivera.it\/wp-content\/uploads\/2020\/02\/604262_paul_rivera_wavebuild_neutralizer_waving_hair_lotion_1000ml.png\",\"datePublished\":\"2020-02-18T08:26:09+00:00\",\"dateModified\":\"2024-05-13T08:10:27+00:00\",\"description\":\"Wavebuild pozwala utrwali\u0107 fale i zneutralizowa\u0107 pozosta\u0142o\u015bci alkaliczne zwi\u0105zane z us\u0142ug\u0105 techniczn\u0105 \u015bwiadczon\u0105 w salonie fryzjerskim.Utrwala efekt trwa\u0142ej ondulacji i nadaje w\u0142osom odpowiedni kszta\u0142t i obj\u0119to\u015b\u0107.\",\"breadcrumb\":{\"@id\":\"https:\/\/paulrivera.it\/pl\/prodotti\/dzial-techniczny-pl\/wavebuild-plyn-do-trwalej-ondulacji\/wavebuild-neutralizator-do-balsamow-podkreslajacych-fale\/#breadcrumb\"},\"inLanguage\":\"pl-PL\",\"potentialAction\":[{\"@type\":\"ReadAction\",\"target\":[\"https:\/\/paulrivera.it\/pl\/prodotti\/dzial-techniczny-pl\/wavebuild-plyn-do-trwalej-ondulacji\/wavebuild-neutralizator-do-balsamow-podkreslajacych-fale\/\"]}]},{\"@type\":\"ImageObject\",\"inLanguage\":\"pl-PL\",\"@id\":\"https:\/\/paulrivera.it\/pl\/prodotti\/dzial-techniczny-pl\/wavebuild-plyn-do-trwalej-ondulacji\/wavebuild-neutralizator-do-balsamow-podkreslajacych-fale\/#primaryimage\",\"url\":\"https:\/\/paulrivera.it\/wp-content\/uploads\/2020\/02\/604262_paul_rivera_wavebuild_neutralizer_waving_hair_lotion_1000ml.png\",\"contentUrl\":\"https:\/\/paulrivera.it\/wp-content\/uploads\/2020\/02\/604262_paul_rivera_wavebuild_neutralizer_waving_hair_lotion_1000ml.png\",\"width\":800,\"height\":800,\"caption\":\"Wavebuild - Neutralizator do balsam\u00f3w podkre\u015blaj\u0105cych fale\"},{\"@type\":\"BreadcrumbList\",\"@id\":\"https:\/\/paulrivera.it\/pl\/prodotti\/dzial-techniczny-pl\/wavebuild-plyn-do-trwalej-ondulacji\/wavebuild-neutralizator-do-balsamow-podkreslajacych-fale\/#breadcrumb\",\"itemListElement\":[{\"@type\":\"ListItem\",\"position\":1,\"name\":\"Home\",\"item\":\"https:\/\/paulrivera.it\/pl\/\"},{\"@type\":\"ListItem\",\"position\":2,\"name\":\"Pagina shop\",\"item\":\"https:\/\/paulrivera.it\/prodotti\/\"},{\"@type\":\"ListItem\",\"position\":3,\"name\":\"Wavebuild &#8211; Neutralizator do balsam\u00f3w podkre\u015blaj\u0105cych fale\"}]},{\"@type\":\"WebSite\",\"@id\":\"https:\/\/paulrivera.it\/pl\/#website\",\"url\":\"https:\/\/paulrivera.it\/pl\/\",\"name\":\"Paul Rivera\",\"description\":\"Hair Beauty Celebration\",\"publisher\":{\"@id\":\"https:\/\/paulrivera.it\/pl\/#organization\"},\"potentialAction\":[{\"@type\":\"SearchAction\",\"target\":{\"@type\":\"EntryPoint\",\"urlTemplate\":\"https:\/\/paulrivera.it\/pl\/?s={search_term_string}\"},\"query-input\":{\"@type\":\"PropertyValueSpecification\",\"valueRequired\":true,\"valueName\":\"search_term_string\"}}],\"inLanguage\":\"pl-PL\"},{\"@type\":\"Organization\",\"@id\":\"https:\/\/paulrivera.it\/pl\/#organization\",\"name\":\"Paul Rivera\",\"url\":\"https:\/\/paulrivera.it\/pl\/\",\"logo\":{\"@type\":\"ImageObject\",\"inLanguage\":\"pl-PL\",\"@id\":\"https:\/\/paulrivera.it\/pl\/#\/schema\/logo\/image\/\",\"url\":\"https:\/\/paulrivera.it\/wp-content\/uploads\/2020\/02\/paul_rivera_logo_header_x2.png\",\"contentUrl\":\"https:\/\/paulrivera.it\/wp-content\/uploads\/2020\/02\/paul_rivera_logo_header_x2.png\",\"width\":470,\"height\":60,\"caption\":\"Paul Rivera\"},\"image\":{\"@id\":\"https:\/\/paulrivera.it\/pl\/#\/schema\/logo\/image\/\"}}]}<\/script>\n<!-- \/ Yoast SEO plugin. -->","yoast_head_json":{"title":"Wavebuild - Neutralizator do balsam\u00f3w podkre\u015blaj\u0105cych fale | Paul Rivera","description":"Wavebuild pozwala utrwali\u0107 fale i zneutralizowa\u0107 pozosta\u0142o\u015bci alkaliczne zwi\u0105zane z us\u0142ug\u0105 techniczn\u0105 \u015bwiadczon\u0105 w salonie fryzjerskim.Utrwala efekt trwa\u0142ej ondulacji i nadaje w\u0142osom odpowiedni kszta\u0142t i obj\u0119to\u015b\u0107.","robots":{"index":"index","follow":"follow","max-snippet":"max-snippet:-1","max-image-preview":"max-image-preview:large","max-video-preview":"max-video-preview:-1"},"canonical":"https:\/\/paulrivera.it\/pl\/prodotti\/dzial-techniczny-pl\/wavebuild-plyn-do-trwalej-ondulacji\/wavebuild-neutralizator-do-balsamow-podkreslajacych-fale\/","og_locale":"pl_PL","og_type":"article","og_title":"Wavebuild - Neutralizator do balsam\u00f3w podkre\u015blaj\u0105cych fale | Paul Rivera","og_description":"Wavebuild pozwala utrwali\u0107 fale i zneutralizowa\u0107 pozosta\u0142o\u015bci alkaliczne zwi\u0105zane z us\u0142ug\u0105 techniczn\u0105 \u015bwiadczon\u0105 w salonie fryzjerskim.Utrwala efekt trwa\u0142ej ondulacji i nadaje w\u0142osom odpowiedni kszta\u0142t i obj\u0119to\u015b\u0107.","og_url":"https:\/\/paulrivera.it\/pl\/prodotti\/dzial-techniczny-pl\/wavebuild-plyn-do-trwalej-ondulacji\/wavebuild-neutralizator-do-balsamow-podkreslajacych-fale\/","og_site_name":"Paul Rivera","article_modified_time":"2024-05-13T08:10:27+00:00","og_image":[{"width":800,"height":800,"url":"https:\/\/paulrivera.it\/wp-content\/uploads\/2020\/02\/604262_paul_rivera_wavebuild_neutralizer_waving_hair_lotion_1000ml.png","type":"image\/png"}],"twitter_card":"summary_large_image","twitter_misc":{"Est. reading time":"3 minutes"},"schema":{"@context":"https:\/\/schema.org","@graph":[{"@type":"WebPage","@id":"https:\/\/paulrivera.it\/pl\/prodotti\/dzial-techniczny-pl\/wavebuild-plyn-do-trwalej-ondulacji\/wavebuild-neutralizator-do-balsamow-podkreslajacych-fale\/","url":"https:\/\/paulrivera.it\/pl\/prodotti\/dzial-techniczny-pl\/wavebuild-plyn-do-trwalej-ondulacji\/wavebuild-neutralizator-do-balsamow-podkreslajacych-fale\/","name":"Wavebuild - Neutralizator do balsam\u00f3w podkre\u015blaj\u0105cych fale | Paul Rivera","isPartOf":{"@id":"https:\/\/paulrivera.it\/pl\/#website"},"primaryImageOfPage":{"@id":"https:\/\/paulrivera.it\/pl\/prodotti\/dzial-techniczny-pl\/wavebuild-plyn-do-trwalej-ondulacji\/wavebuild-neutralizator-do-balsamow-podkreslajacych-fale\/#primaryimage"},"image":{"@id":"https:\/\/paulrivera.it\/pl\/prodotti\/dzial-techniczny-pl\/wavebuild-plyn-do-trwalej-ondulacji\/wavebuild-neutralizator-do-balsamow-podkreslajacych-fale\/#primaryimage"},"thumbnailUrl":"https:\/\/paulrivera.it\/wp-content\/uploads\/2020\/02\/604262_paul_rivera_wavebuild_neutralizer_waving_hair_lotion_1000ml.png","datePublished":"2020-02-18T08:26:09+00:00","dateModified":"2024-05-13T08:10:27+00:00","description":"Wavebuild pozwala utrwali\u0107 fale i zneutralizowa\u0107 pozosta\u0142o\u015bci alkaliczne zwi\u0105zane z us\u0142ug\u0105 techniczn\u0105 \u015bwiadczon\u0105 w salonie fryzjerskim.Utrwala efekt trwa\u0142ej ondulacji i nadaje w\u0142osom odpowiedni kszta\u0142t i obj\u0119to\u015b\u0107.","breadcrumb":{"@id":"https:\/\/paulrivera.it\/pl\/prodotti\/dzial-techniczny-pl\/wavebuild-plyn-do-trwalej-ondulacji\/wavebuild-neutralizator-do-balsamow-podkreslajacych-fale\/#breadcrumb"},"inLanguage":"pl-PL","potentialAction":[{"@type":"ReadAction","target":["https:\/\/paulrivera.it\/pl\/prodotti\/dzial-techniczny-pl\/wavebuild-plyn-do-trwalej-ondulacji\/wavebuild-neutralizator-do-balsamow-podkreslajacych-fale\/"]}]},{"@type":"ImageObject","inLanguage":"pl-PL","@id":"https:\/\/paulrivera.it\/pl\/prodotti\/dzial-techniczny-pl\/wavebuild-plyn-do-trwalej-ondulacji\/wavebuild-neutralizator-do-balsamow-podkreslajacych-fale\/#primaryimage","url":"https:\/\/paulrivera.it\/wp-content\/uploads\/2020\/02\/604262_paul_rivera_wavebuild_neutralizer_waving_hair_lotion_1000ml.png","contentUrl":"https:\/\/paulrivera.it\/wp-content\/uploads\/2020\/02\/604262_paul_rivera_wavebuild_neutralizer_waving_hair_lotion_1000ml.png","width":800,"height":800,"caption":"Wavebuild - Neutralizator do balsam\u00f3w podkre\u015blaj\u0105cych fale"},{"@type":"BreadcrumbList","@id":"https:\/\/paulrivera.it\/pl\/prodotti\/dzial-techniczny-pl\/wavebuild-plyn-do-trwalej-ondulacji\/wavebuild-neutralizator-do-balsamow-podkreslajacych-fale\/#breadcrumb","itemListElement":[{"@type":"ListItem","position":1,"name":"Home","item":"https:\/\/paulrivera.it\/pl\/"},{"@type":"ListItem","position":2,"name":"Pagina shop","item":"https:\/\/paulrivera.it\/prodotti\/"},{"@type":"ListItem","position":3,"name":"Wavebuild &#8211; Neutralizator do balsam\u00f3w podkre\u015blaj\u0105cych fale"}]},{"@type":"WebSite","@id":"https:\/\/paulrivera.it\/pl\/#website","url":"https:\/\/paulrivera.it\/pl\/","name":"Paul Rivera","description":"Hair Beauty Celebration","publisher":{"@id":"https:\/\/paulrivera.it\/pl\/#organization"},"potentialAction":[{"@type":"SearchAction","target":{"@type":"EntryPoint","urlTemplate":"https:\/\/paulrivera.it\/pl\/?s={search_term_string}"},"query-input":{"@type":"PropertyValueSpecification","valueRequired":true,"valueName":"search_term_string"}}],"inLanguage":"pl-PL"},{"@type":"Organization","@id":"https:\/\/paulrivera.it\/pl\/#organization","name":"Paul Rivera","url":"https:\/\/paulrivera.it\/pl\/","logo":{"@type":"ImageObject","inLanguage":"pl-PL","@id":"https:\/\/paulrivera.it\/pl\/#\/schema\/logo\/image\/","url":"https:\/\/paulrivera.it\/wp-content\/uploads\/2020\/02\/paul_rivera_logo_header_x2.png","contentUrl":"https:\/\/paulrivera.it\/wp-content\/uploads\/2020\/02\/paul_rivera_logo_header_x2.png","width":470,"height":60,"caption":"Paul Rivera"},"image":{"@id":"https:\/\/paulrivera.it\/pl\/#\/schema\/logo\/image\/"}}]}},"_links":{"self":[{"href":"https:\/\/paulrivera.it\/pl\/wp-json\/wp\/v2\/product\/3987","targetHints":{"allow":["GET"]}}],"collection":[{"href":"https:\/\/paulrivera.it\/pl\/wp-json\/wp\/v2\/product"}],"about":[{"href":"https:\/\/paulrivera.it\/pl\/wp-json\/wp\/v2\/types\/product"}],"wp:featuredmedia":[{"embeddable":true,"href":"https:\/\/paulrivera.it\/pl\/wp-json\/wp\/v2\/media\/3988"}],"wp:attachment":[{"href":"https:\/\/paulrivera.it\/pl\/wp-json\/wp\/v2\/media?parent=3987"}],"wp:term":[{"taxonomy":"product_brand","embeddable":true,"href":"https:\/\/paulrivera.it\/pl\/wp-json\/wp\/v2\/product_brand?post=3987"},{"taxonomy":"product_cat","embeddable":true,"href":"https:\/\/paulrivera.it\/pl\/wp-json\/wp\/v2\/product_cat?post=3987"},{"taxonomy":"product_tag","embeddable":true,"href":"https:\/\/paulrivera.it\/pl\/wp-json\/wp\/v2\/product_tag?post=3987"}],"curies":[{"name":"wp","href":"https:\/\/api.w.org\/{rel}","templated":true}]}}