{"id":3989,"date":"2020-02-18T09:25:00","date_gmt":"2020-02-18T08:25:00","guid":{"rendered":"https:\/\/paulrivera.it\/product\/delight-plex-bialy-pylek-rozjasniajacy\/"},"modified":"2024-05-13T10:11:21","modified_gmt":"2024-05-13T08:11:21","slug":"delight-plex-bialy-pylek-rozjasniajacy","status":"publish","type":"product","link":"https:\/\/paulrivera.it\/pl\/prodotti\/dzial-techniczny-pl\/dekoloryzacja\/delight-plex-bialy-pylek-rozjasniajacy\/","title":{"rendered":"Delight Plex &#8211; Bia\u0142y py\u0142ek rozja\u015bniaj\u0105cy"},"content":{"rendered":"<div class=\"wpb-content-wrapper\"><p>[vc_row full_width=&#8221;stretch_row&#8221;][vc_column][vc_row_inner el_id=&#8221;desktop&#8221;][vc_column_inner width=&#8221;1\/2&#8243; css=&#8221;.vc_custom_1582194227194{padding-top: 10% !important;padding-right: 10% !important;padding-bottom: 10% !important;padding-left: 30% !important;}&#8221; offset=&#8221;vc_hidden-md vc_hidden-sm vc_hidden-xs&#8221;][vc_column_text]<\/p>\n<h1>Pokochasz ten produkt za to, \u017ce<\/h1>\n<ul>\n<li><span style=\"font-weight: 400;\">Rozja\u015bnia w\u0142osy a\u017c do 7 ton\u00f3w<\/span><\/li>\n<li>Nie niszczy w\u0142\u00f3kna podczas zabiegu<\/li>\n<li>Chroni i odbudowuje w\u0142osy<\/li>\n<li>Jest idealny do ca\u0142kowitego lub cz\u0119\u015bciowego rozja\u015bniania (pasemka, balayage itd.)<\/li>\n<\/ul>\n<p>[\/vc_column_text][vc_column_text]<\/p>\n<h1>Jak stosowa\u0107?<\/h1>\n<p><span style=\"font-weight: 400;\">Na\u0142o\u017cy\u0107 p\u0119dzelkiem rozja\u015bniacz <\/span><span style=\"font-weight: 400;\">Delight Plex<\/span><span style=\"font-weight: 400;\"> na suche, niemyte w\u0142osy. Pozostawi\u0107 na <\/span><span style=\"font-weight: 400;\">10 do 40 minut<\/span><span style=\"font-weight: 400;\"> a\u017c do uzyskania po\u017c\u0105danego rozja\u015bnienia. Sp\u0142uka\u0107 du\u017c\u0105 ilo\u015bci\u0105 letniej wody i umy\u0107 w\u0142osy szamponem. UWAGA Produkt przeznaczony jest wy\u0142\u0105cznie do u\u017cytku profesjonalnego.<\/span>[\/vc_column_text][\/vc_column_inner][vc_column_inner width=&#8221;1\/2&#8243; css=&#8221;.vc_custom_1582194232021{background-image: url(https:\/\/paulrivera.it\/wp-content\/uploads\/2020\/02\/background_adv_product.png?id=296) !important;background-position: center !important;background-repeat: no-repeat !important;background-size: cover !important;}&#8221; offset=&#8221;vc_hidden-md vc_hidden-sm vc_hidden-xs&#8221;][vc_single_image image=&#8221;10278&#8243; img_size=&#8221;large&#8221; alignment=&#8221;center&#8221;][\/vc_column_inner][\/vc_row_inner][vc_row_inner el_id=&#8221;tablet&#8221;][vc_column_inner offset=&#8221;vc_hidden-lg vc_hidden-xs&#8221;][vc_column_text]<\/p>\n<h1>Pokochasz ten produkt za to, \u017ce<\/h1>\n<ul>\n<li><span style=\"font-weight: 400;\">Rozja\u015bnia w\u0142osy a\u017c do 7 ton\u00f3w<\/span><\/li>\n<li>Nie niszczy w\u0142\u00f3kna podczas zabiegu<\/li>\n<li>Chroni i odbudowuje w\u0142osy<\/li>\n<li>Jest idealny do ca\u0142kowitego lub cz\u0119\u015bciowego rozja\u015bniania (pasemka, balayage itd.)<\/li>\n<\/ul>\n<p>[\/vc_column_text][vc_column_text]<\/p>\n<h1>Jak stosowa\u0107?<\/h1>\n<p><span style=\"font-weight: 400;\">Na\u0142o\u017cy\u0107 p\u0119dzelkiem rozja\u015bniacz <\/span><span style=\"font-weight: 400;\">Delight Plex<\/span><span style=\"font-weight: 400;\"> na suche, niemyte w\u0142osy. Pozostawi\u0107 na <\/span><span style=\"font-weight: 400;\">10 do 40 minut<\/span><span style=\"font-weight: 400;\"> a\u017c do uzyskania po\u017c\u0105danego rozja\u015bnienia. Sp\u0142uka\u0107 du\u017c\u0105 ilo\u015bci\u0105 letniej wody i umy\u0107 w\u0142osy szamponem. UWAGA Produkt przeznaczony jest wy\u0142\u0105cznie do u\u017cytku profesjonalnego.<\/span>[\/vc_column_text][\/vc_column_inner][\/vc_row_inner][vc_row_inner el_id=&#8221;mobile&#8221;][vc_column_inner width=&#8221;1\/2&#8243; offset=&#8221;vc_hidden-lg vc_hidden-md vc_hidden-sm&#8221;][vc_column_text]<\/p>\n<h1>Pokochasz ten produkt za to, \u017ce<\/h1>\n<ul>\n<li><span style=\"font-weight: 400;\">Rozja\u015bnia w\u0142osy a\u017c do 7 ton\u00f3w<\/span><\/li>\n<li>Nie niszczy w\u0142\u00f3kna podczas zabiegu<\/li>\n<li>Chroni i odbudowuje w\u0142osy<\/li>\n<li>Jest idealny do ca\u0142kowitego lub cz\u0119\u015bciowego rozja\u015bniania (pasemka, balayage itd.)<\/li>\n<\/ul>\n<p>[\/vc_column_text][vc_column_text]<\/p>\n<h1>Jak stosowa\u0107?<\/h1>\n<p><span style=\"font-weight: 400;\">Na\u0142o\u017cy\u0107 p\u0119dzelkiem rozja\u015bniacz <\/span><span style=\"font-weight: 400;\">Delight Plex<\/span><span style=\"font-weight: 400;\"> na suche, niemyte w\u0142osy. Pozostawi\u0107 na <\/span><span style=\"font-weight: 400;\">10 do 40 minut<\/span><span style=\"font-weight: 400;\"> a\u017c do uzyskania po\u017c\u0105danego rozja\u015bnienia. Sp\u0142uka\u0107 du\u017c\u0105 ilo\u015bci\u0105 letniej wody i umy\u0107 w\u0142osy szamponem. UWAGA Produkt przeznaczony jest wy\u0142\u0105cznie do u\u017cytku profesjonalnego.<\/span>[\/vc_column_text][\/vc_column_inner][vc_column_inner width=&#8221;1\/2&#8243; css=&#8221;.vc_custom_1582194178853{background-image: url(https:\/\/paulrivera.it\/wp-content\/uploads\/2020\/02\/background_adv_product.png?id=296) !important;background-position: center !important;background-repeat: no-repeat !important;background-size: cover !important;}&#8221; offset=&#8221;vc_hidden-lg vc_hidden-md vc_hidden-sm&#8221;][vc_single_image image=&#8221;10278&#8243; img_size=&#8221;large&#8221; alignment=&#8221;center&#8221;][\/vc_column_inner][\/vc_row_inner][\/vc_column][\/vc_row][vc_row css=&#8221;.vc_custom_1582192829011{padding-top: 50px !important;}&#8221;][vc_column][vc_row_inner][vc_column_inner][vc_column_text]<\/p>\n<h1 style=\"text-align: center;\"><span style=\"font-weight: 400;\">Spodoba Ci si\u0119 r\u00f3wnie\u017c<\/span><\/h1>\n<p>[\/vc_column_text][\/vc_column_inner][\/vc_row_inner][vc_raw_html]JTVCd3BiLXByb2R1Y3Qtc2xpZGVyLXNob3J0Y29kZSUyMGlkJTNEJTIyMjA2JTIyJTVE[\/vc_raw_html][\/vc_column][\/vc_row]<\/p>\n<\/div>","protected":false},"excerpt":{"rendered":"<p><span style=\"font-weight: 400;\">Wszechstronny i odpowiedni do wszystkich technik rozja\u015bniania<\/span> <b>\u00a0Delight Plex <\/b><span style=\"font-weight: 400;\">zapewnia <\/span><b>progresywne rozja\u015bnienie a\u017c do 7 ton\u00f3w<\/b><span style=\"font-weight: 400;\">. Py\u0142ek rozja\u015bniaj\u0105cy pozwala profesjonali\u015bcie na <\/span><b>swobodne tworzenie<\/b><span style=\"font-weight: 400;\"> niesko\u0144czonej gry \u015bwiate\u0142 przy jednoczesnej piel\u0119gnacji i ochronie w\u0142os\u00f3w. <\/span><b>Dzi\u0119ki nielotnej formule<\/b><span style=\"font-weight: 400;\"> zapewnia jednolit\u0105 aplikacj\u0119.<\/span><\/p>\n<p><span style=\"font-weight: 400;\">Proces rozja\u015bniania odbywa si\u0119 w \u015brodowisku bezpiecznym dla zdrowia w\u0142os\u00f3w: formu\u0142a <\/span><span style=\"font-weight: 400;\">Delight Plex<\/span> <b>nie niszczy w\u0142\u00f3kna<\/b><span style=\"font-weight: 400;\">, dzia\u0142aj\u0105c<\/span><b> ochronnie i odbudowuj\u0105c <\/b><span style=\"font-weight: 400;\">w\u0142\u00f3kno podczas procesu rozja\u015bniania. Zabieg jest bezstresowy dla klientki, a w\u0142osy s\u0105 od\u017cywione i idealnie rozja\u015bnione.<\/span><\/p>\n<p><span style=\"font-weight: 400;\">500 g<\/span><\/p>\n<p>&nbsp;<\/p>\n[maxbutton id=\"8\"]\n","protected":false},"featured_media":10264,"template":"","meta":[],"product_brand":[],"product_cat":[918],"product_tag":[],"class_list":{"0":"post-3989","1":"product","2":"type-product","3":"status-publish","4":"has-post-thumbnail","6":"product_cat-dekoloryzacja","7":"description-off","9":"first","10":"instock","11":"shipping-taxable","12":"product-type-simple"},"yoast_head":"<!-- This site is optimized with the Yoast SEO plugin v27.2 - https:\/\/yoast.com\/product\/yoast-seo-wordpress\/ -->\n<title>Delight Plex - Bia\u0142y py\u0142ek rozja\u015bniaj\u0105cy | Paul Rivera<\/title>\n<meta name=\"description\" content=\"Wszechstronny i odpowiedni do wszystkich technik rozja\u015bniania \u00a0Delight Plex zapewnia progresywne rozja\u015bnienie a\u017c do 7 ton\u00f3w.\" \/>\n<meta name=\"robots\" content=\"index, follow, max-snippet:-1, max-image-preview:large, max-video-preview:-1\" \/>\n<link rel=\"canonical\" href=\"https:\/\/paulrivera.it\/pl\/prodotti\/dzial-techniczny-pl\/dekoloryzacja\/delight-plex-bialy-pylek-rozjasniajacy\/\" \/>\n<meta property=\"og:locale\" content=\"pl_PL\" \/>\n<meta property=\"og:type\" content=\"article\" \/>\n<meta property=\"og:title\" content=\"Delight Plex - Bia\u0142y py\u0142ek rozja\u015bniaj\u0105cy | Paul Rivera\" \/>\n<meta property=\"og:description\" content=\"Wszechstronny i odpowiedni do wszystkich technik rozja\u015bniania \u00a0Delight Plex zapewnia progresywne rozja\u015bnienie a\u017c do 7 ton\u00f3w.\" \/>\n<meta property=\"og:url\" content=\"https:\/\/paulrivera.it\/pl\/prodotti\/dzial-techniczny-pl\/dekoloryzacja\/delight-plex-bialy-pylek-rozjasniajacy\/\" \/>\n<meta property=\"og:site_name\" content=\"Paul Rivera\" \/>\n<meta property=\"article:modified_time\" content=\"2024-05-13T08:11:21+00:00\" \/>\n<meta property=\"og:image\" content=\"https:\/\/paulrivera.it\/wp-content\/uploads\/2020\/02\/604293_paul_rivera_delight_plex_white_compact_bleaching_powder_500g-1.png\" \/>\n\t<meta property=\"og:image:width\" content=\"600\" \/>\n\t<meta property=\"og:image:height\" content=\"600\" \/>\n\t<meta property=\"og:image:type\" content=\"image\/png\" \/>\n<meta name=\"twitter:card\" content=\"summary_large_image\" \/>\n<meta name=\"twitter:label1\" content=\"Est. reading time\" \/>\n\t<meta name=\"twitter:data1\" content=\"3 minutes\" \/>\n<script type=\"application\/ld+json\" class=\"yoast-schema-graph\">{\"@context\":\"https:\/\/schema.org\",\"@graph\":[{\"@type\":\"WebPage\",\"@id\":\"https:\/\/paulrivera.it\/pl\/prodotti\/dzial-techniczny-pl\/dekoloryzacja\/delight-plex-bialy-pylek-rozjasniajacy\/\",\"url\":\"https:\/\/paulrivera.it\/pl\/prodotti\/dzial-techniczny-pl\/dekoloryzacja\/delight-plex-bialy-pylek-rozjasniajacy\/\",\"name\":\"Delight Plex - Bia\u0142y py\u0142ek rozja\u015bniaj\u0105cy | Paul Rivera\",\"isPartOf\":{\"@id\":\"https:\/\/paulrivera.it\/pl\/#website\"},\"primaryImageOfPage\":{\"@id\":\"https:\/\/paulrivera.it\/pl\/prodotti\/dzial-techniczny-pl\/dekoloryzacja\/delight-plex-bialy-pylek-rozjasniajacy\/#primaryimage\"},\"image\":{\"@id\":\"https:\/\/paulrivera.it\/pl\/prodotti\/dzial-techniczny-pl\/dekoloryzacja\/delight-plex-bialy-pylek-rozjasniajacy\/#primaryimage\"},\"thumbnailUrl\":\"https:\/\/paulrivera.it\/wp-content\/uploads\/2020\/02\/604293_paul_rivera_delight_plex_white_compact_bleaching_powder_500g-1.png\",\"datePublished\":\"2020-02-18T08:25:00+00:00\",\"dateModified\":\"2024-05-13T08:11:21+00:00\",\"description\":\"Wszechstronny i odpowiedni do wszystkich technik rozja\u015bniania \u00a0Delight Plex zapewnia progresywne rozja\u015bnienie a\u017c do 7 ton\u00f3w.\",\"breadcrumb\":{\"@id\":\"https:\/\/paulrivera.it\/pl\/prodotti\/dzial-techniczny-pl\/dekoloryzacja\/delight-plex-bialy-pylek-rozjasniajacy\/#breadcrumb\"},\"inLanguage\":\"pl-PL\",\"potentialAction\":[{\"@type\":\"ReadAction\",\"target\":[\"https:\/\/paulrivera.it\/pl\/prodotti\/dzial-techniczny-pl\/dekoloryzacja\/delight-plex-bialy-pylek-rozjasniajacy\/\"]}]},{\"@type\":\"ImageObject\",\"inLanguage\":\"pl-PL\",\"@id\":\"https:\/\/paulrivera.it\/pl\/prodotti\/dzial-techniczny-pl\/dekoloryzacja\/delight-plex-bialy-pylek-rozjasniajacy\/#primaryimage\",\"url\":\"https:\/\/paulrivera.it\/wp-content\/uploads\/2020\/02\/604293_paul_rivera_delight_plex_white_compact_bleaching_powder_500g-1.png\",\"contentUrl\":\"https:\/\/paulrivera.it\/wp-content\/uploads\/2020\/02\/604293_paul_rivera_delight_plex_white_compact_bleaching_powder_500g-1.png\",\"width\":600,\"height\":600},{\"@type\":\"BreadcrumbList\",\"@id\":\"https:\/\/paulrivera.it\/pl\/prodotti\/dzial-techniczny-pl\/dekoloryzacja\/delight-plex-bialy-pylek-rozjasniajacy\/#breadcrumb\",\"itemListElement\":[{\"@type\":\"ListItem\",\"position\":1,\"name\":\"Home\",\"item\":\"https:\/\/paulrivera.it\/pl\/\"},{\"@type\":\"ListItem\",\"position\":2,\"name\":\"Pagina shop\",\"item\":\"https:\/\/paulrivera.it\/prodotti\/\"},{\"@type\":\"ListItem\",\"position\":3,\"name\":\"Delight Plex &#8211; Bia\u0142y py\u0142ek rozja\u015bniaj\u0105cy\"}]},{\"@type\":\"WebSite\",\"@id\":\"https:\/\/paulrivera.it\/pl\/#website\",\"url\":\"https:\/\/paulrivera.it\/pl\/\",\"name\":\"Paul Rivera\",\"description\":\"Hair Beauty Celebration\",\"publisher\":{\"@id\":\"https:\/\/paulrivera.it\/pl\/#organization\"},\"potentialAction\":[{\"@type\":\"SearchAction\",\"target\":{\"@type\":\"EntryPoint\",\"urlTemplate\":\"https:\/\/paulrivera.it\/pl\/?s={search_term_string}\"},\"query-input\":{\"@type\":\"PropertyValueSpecification\",\"valueRequired\":true,\"valueName\":\"search_term_string\"}}],\"inLanguage\":\"pl-PL\"},{\"@type\":\"Organization\",\"@id\":\"https:\/\/paulrivera.it\/pl\/#organization\",\"name\":\"Paul Rivera\",\"url\":\"https:\/\/paulrivera.it\/pl\/\",\"logo\":{\"@type\":\"ImageObject\",\"inLanguage\":\"pl-PL\",\"@id\":\"https:\/\/paulrivera.it\/pl\/#\/schema\/logo\/image\/\",\"url\":\"https:\/\/paulrivera.it\/wp-content\/uploads\/2020\/02\/paul_rivera_logo_header_x2.png\",\"contentUrl\":\"https:\/\/paulrivera.it\/wp-content\/uploads\/2020\/02\/paul_rivera_logo_header_x2.png\",\"width\":470,\"height\":60,\"caption\":\"Paul Rivera\"},\"image\":{\"@id\":\"https:\/\/paulrivera.it\/pl\/#\/schema\/logo\/image\/\"}}]}<\/script>\n<!-- \/ Yoast SEO plugin. -->","yoast_head_json":{"title":"Delight Plex - Bia\u0142y py\u0142ek rozja\u015bniaj\u0105cy | Paul Rivera","description":"Wszechstronny i odpowiedni do wszystkich technik rozja\u015bniania \u00a0Delight Plex zapewnia progresywne rozja\u015bnienie a\u017c do 7 ton\u00f3w.","robots":{"index":"index","follow":"follow","max-snippet":"max-snippet:-1","max-image-preview":"max-image-preview:large","max-video-preview":"max-video-preview:-1"},"canonical":"https:\/\/paulrivera.it\/pl\/prodotti\/dzial-techniczny-pl\/dekoloryzacja\/delight-plex-bialy-pylek-rozjasniajacy\/","og_locale":"pl_PL","og_type":"article","og_title":"Delight Plex - Bia\u0142y py\u0142ek rozja\u015bniaj\u0105cy | Paul Rivera","og_description":"Wszechstronny i odpowiedni do wszystkich technik rozja\u015bniania \u00a0Delight Plex zapewnia progresywne rozja\u015bnienie a\u017c do 7 ton\u00f3w.","og_url":"https:\/\/paulrivera.it\/pl\/prodotti\/dzial-techniczny-pl\/dekoloryzacja\/delight-plex-bialy-pylek-rozjasniajacy\/","og_site_name":"Paul Rivera","article_modified_time":"2024-05-13T08:11:21+00:00","og_image":[{"width":600,"height":600,"url":"https:\/\/paulrivera.it\/wp-content\/uploads\/2020\/02\/604293_paul_rivera_delight_plex_white_compact_bleaching_powder_500g-1.png","type":"image\/png"}],"twitter_card":"summary_large_image","twitter_misc":{"Est. reading time":"3 minutes"},"schema":{"@context":"https:\/\/schema.org","@graph":[{"@type":"WebPage","@id":"https:\/\/paulrivera.it\/pl\/prodotti\/dzial-techniczny-pl\/dekoloryzacja\/delight-plex-bialy-pylek-rozjasniajacy\/","url":"https:\/\/paulrivera.it\/pl\/prodotti\/dzial-techniczny-pl\/dekoloryzacja\/delight-plex-bialy-pylek-rozjasniajacy\/","name":"Delight Plex - Bia\u0142y py\u0142ek rozja\u015bniaj\u0105cy | Paul Rivera","isPartOf":{"@id":"https:\/\/paulrivera.it\/pl\/#website"},"primaryImageOfPage":{"@id":"https:\/\/paulrivera.it\/pl\/prodotti\/dzial-techniczny-pl\/dekoloryzacja\/delight-plex-bialy-pylek-rozjasniajacy\/#primaryimage"},"image":{"@id":"https:\/\/paulrivera.it\/pl\/prodotti\/dzial-techniczny-pl\/dekoloryzacja\/delight-plex-bialy-pylek-rozjasniajacy\/#primaryimage"},"thumbnailUrl":"https:\/\/paulrivera.it\/wp-content\/uploads\/2020\/02\/604293_paul_rivera_delight_plex_white_compact_bleaching_powder_500g-1.png","datePublished":"2020-02-18T08:25:00+00:00","dateModified":"2024-05-13T08:11:21+00:00","description":"Wszechstronny i odpowiedni do wszystkich technik rozja\u015bniania \u00a0Delight Plex zapewnia progresywne rozja\u015bnienie a\u017c do 7 ton\u00f3w.","breadcrumb":{"@id":"https:\/\/paulrivera.it\/pl\/prodotti\/dzial-techniczny-pl\/dekoloryzacja\/delight-plex-bialy-pylek-rozjasniajacy\/#breadcrumb"},"inLanguage":"pl-PL","potentialAction":[{"@type":"ReadAction","target":["https:\/\/paulrivera.it\/pl\/prodotti\/dzial-techniczny-pl\/dekoloryzacja\/delight-plex-bialy-pylek-rozjasniajacy\/"]}]},{"@type":"ImageObject","inLanguage":"pl-PL","@id":"https:\/\/paulrivera.it\/pl\/prodotti\/dzial-techniczny-pl\/dekoloryzacja\/delight-plex-bialy-pylek-rozjasniajacy\/#primaryimage","url":"https:\/\/paulrivera.it\/wp-content\/uploads\/2020\/02\/604293_paul_rivera_delight_plex_white_compact_bleaching_powder_500g-1.png","contentUrl":"https:\/\/paulrivera.it\/wp-content\/uploads\/2020\/02\/604293_paul_rivera_delight_plex_white_compact_bleaching_powder_500g-1.png","width":600,"height":600},{"@type":"BreadcrumbList","@id":"https:\/\/paulrivera.it\/pl\/prodotti\/dzial-techniczny-pl\/dekoloryzacja\/delight-plex-bialy-pylek-rozjasniajacy\/#breadcrumb","itemListElement":[{"@type":"ListItem","position":1,"name":"Home","item":"https:\/\/paulrivera.it\/pl\/"},{"@type":"ListItem","position":2,"name":"Pagina shop","item":"https:\/\/paulrivera.it\/prodotti\/"},{"@type":"ListItem","position":3,"name":"Delight Plex &#8211; Bia\u0142y py\u0142ek rozja\u015bniaj\u0105cy"}]},{"@type":"WebSite","@id":"https:\/\/paulrivera.it\/pl\/#website","url":"https:\/\/paulrivera.it\/pl\/","name":"Paul Rivera","description":"Hair Beauty Celebration","publisher":{"@id":"https:\/\/paulrivera.it\/pl\/#organization"},"potentialAction":[{"@type":"SearchAction","target":{"@type":"EntryPoint","urlTemplate":"https:\/\/paulrivera.it\/pl\/?s={search_term_string}"},"query-input":{"@type":"PropertyValueSpecification","valueRequired":true,"valueName":"search_term_string"}}],"inLanguage":"pl-PL"},{"@type":"Organization","@id":"https:\/\/paulrivera.it\/pl\/#organization","name":"Paul Rivera","url":"https:\/\/paulrivera.it\/pl\/","logo":{"@type":"ImageObject","inLanguage":"pl-PL","@id":"https:\/\/paulrivera.it\/pl\/#\/schema\/logo\/image\/","url":"https:\/\/paulrivera.it\/wp-content\/uploads\/2020\/02\/paul_rivera_logo_header_x2.png","contentUrl":"https:\/\/paulrivera.it\/wp-content\/uploads\/2020\/02\/paul_rivera_logo_header_x2.png","width":470,"height":60,"caption":"Paul Rivera"},"image":{"@id":"https:\/\/paulrivera.it\/pl\/#\/schema\/logo\/image\/"}}]}},"_links":{"self":[{"href":"https:\/\/paulrivera.it\/pl\/wp-json\/wp\/v2\/product\/3989","targetHints":{"allow":["GET"]}}],"collection":[{"href":"https:\/\/paulrivera.it\/pl\/wp-json\/wp\/v2\/product"}],"about":[{"href":"https:\/\/paulrivera.it\/pl\/wp-json\/wp\/v2\/types\/product"}],"wp:featuredmedia":[{"embeddable":true,"href":"https:\/\/paulrivera.it\/pl\/wp-json\/wp\/v2\/media\/10264"}],"wp:attachment":[{"href":"https:\/\/paulrivera.it\/pl\/wp-json\/wp\/v2\/media?parent=3989"}],"wp:term":[{"taxonomy":"product_brand","embeddable":true,"href":"https:\/\/paulrivera.it\/pl\/wp-json\/wp\/v2\/product_brand?post=3989"},{"taxonomy":"product_cat","embeddable":true,"href":"https:\/\/paulrivera.it\/pl\/wp-json\/wp\/v2\/product_cat?post=3989"},{"taxonomy":"product_tag","embeddable":true,"href":"https:\/\/paulrivera.it\/pl\/wp-json\/wp\/v2\/product_tag?post=3989"}],"curies":[{"name":"wp","href":"https:\/\/api.w.org\/{rel}","templated":true}]}}