{"id":4006,"date":"2020-02-18T09:19:38","date_gmt":"2020-02-18T08:19:38","guid":{"rendered":"https:\/\/paulrivera.it\/product\/ultra-vox-kosmetyczna-emulsja-utleniajaca-10-vol\/"},"modified":"2024-05-13T10:19:10","modified_gmt":"2024-05-13T08:19:10","slug":"ultra-vox-kosmetyczna-emulsja-utleniajaca-10-vol","status":"publish","type":"product","link":"https:\/\/paulrivera.it\/pl\/prodotti\/dzial-techniczny-pl\/ultra-vox-emulsja-utleniajaca\/ultra-vox-kosmetyczna-emulsja-utleniajaca-10-vol\/","title":{"rendered":"Ultra Vox &#8211; Kosmetyczna emulsja utleniaj\u0105ca 10 vol."},"content":{"rendered":"<div class=\"wpb-content-wrapper\"><p>[vc_row full_width=&#8221;stretch_row&#8221;][vc_column][vc_row_inner el_id=&#8221;desktop&#8221;][vc_column_inner width=&#8221;1\/2&#8243; css=&#8221;.vc_custom_1582194227194{padding-top: 10% !important;padding-right: 10% !important;padding-bottom: 10% !important;padding-left: 30% !important;}&#8221; offset=&#8221;vc_hidden-md vc_hidden-sm vc_hidden-xs&#8221;][vc_column_text]<\/p>\n<h1>Pokochasz ten produkt za to, \u017ce<\/h1>\n<ul>\n<li><span style=\"font-weight: 400;\">Jest niezast\u0105piony, je\u015bli chcesz \u015bwiadczy\u0107 doskona\u0142e us\u0142ugi fryzjerskie<\/span><\/li>\n<li><span style=\"font-weight: 400;\">Ma ultra wydajn\u0105 i wysoce stabiln\u0105 formu\u0142\u0119<\/span><\/li>\n<\/ul>\n<p>[\/vc_column_text][vc_column_text]<\/p>\n<h1>Jak stosowa\u0107?<\/h1>\n<p><span style=\"font-weight: 400;\">Post\u0119puj zgodnie z proporcjami mieszania i instrukcjami podanymi na opakowaniu wybranego koloru Paul Rivera. UWAGA Produkt przeznaczony jest wy\u0142\u0105cznie do u\u017cytku profesjonalnego.<\/span>[\/vc_column_text][\/vc_column_inner][vc_column_inner width=&#8221;1\/2&#8243; css=&#8221;.vc_custom_1582194232021{background-image: url(https:\/\/paulrivera.it\/wp-content\/uploads\/2020\/02\/background_adv_product.png?id=296) !important;background-position: center !important;background-repeat: no-repeat !important;background-size: cover !important;}&#8221; offset=&#8221;vc_hidden-md vc_hidden-sm vc_hidden-xs&#8221;][vc_single_image image=&#8221;3999&#8243; img_size=&#8221;large&#8221; alignment=&#8221;center&#8221;][\/vc_column_inner][\/vc_row_inner][vc_row_inner el_id=&#8221;tablet&#8221;][vc_column_inner offset=&#8221;vc_hidden-lg vc_hidden-xs&#8221; css=&#8221;.vc_custom_1582192566827{padding-top: 10% !important;padding-bottom: 10% !important;}&#8221;][vc_column_text]<\/p>\n<h1>Pokochasz ten produkt za to, \u017ce<\/h1>\n<ul>\n<li><span style=\"font-weight: 400;\">Jest niezast\u0105piony, je\u015bli chcesz \u015bwiadczy\u0107 doskona\u0142e us\u0142ugi fryzjerskie<\/span><\/li>\n<li><span style=\"font-weight: 400;\">Ma ultra wydajn\u0105 i wysoce stabiln\u0105 formu\u0142\u0119<\/span><\/li>\n<\/ul>\n<p>[\/vc_column_text][vc_column_text]<\/p>\n<h1>Jak stosowa\u0107?<\/h1>\n<p><span style=\"font-weight: 400;\">Post\u0119puj zgodnie z proporcjami mieszania i instrukcjami podanymi na opakowaniu wybranego koloru Paul Rivera. UWAGA Produkt przeznaczony jest wy\u0142\u0105cznie do u\u017cytku profesjonalnego.<\/span>[\/vc_column_text][\/vc_column_inner][\/vc_row_inner][vc_row_inner el_id=&#8221;mobile&#8221;][vc_column_inner width=&#8221;1\/2&#8243; offset=&#8221;vc_hidden-lg vc_hidden-md vc_hidden-sm&#8221;][vc_column_text]<\/p>\n<h1>Pokochasz ten produkt za to, \u017ce<\/h1>\n<ul>\n<li><span style=\"font-weight: 400;\">Jest niezast\u0105piony, je\u015bli chcesz \u015bwiadczy\u0107 doskona\u0142e us\u0142ugi fryzjerskie<\/span><\/li>\n<li><span style=\"font-weight: 400;\">Ma ultra wydajn\u0105 i wysoce stabiln\u0105 formu\u0142\u0119<\/span><\/li>\n<\/ul>\n<p>[\/vc_column_text][vc_column_text]<\/p>\n<h1>Jak stosowa\u0107?<\/h1>\n<p><span style=\"font-weight: 400;\">Post\u0119puj zgodnie z proporcjami mieszania i instrukcjami podanymi na opakowaniu wybranego koloru Paul Rivera. UWAGA Produkt przeznaczony jest wy\u0142\u0105cznie do u\u017cytku profesjonalnego.<\/span>[\/vc_column_text][\/vc_column_inner][vc_column_inner width=&#8221;1\/2&#8243; css=&#8221;.vc_custom_1582194178853{background-image: url(https:\/\/paulrivera.it\/wp-content\/uploads\/2020\/02\/background_adv_product.png?id=296) !important;background-position: center !important;background-repeat: no-repeat !important;background-size: cover !important;}&#8221; offset=&#8221;vc_hidden-lg vc_hidden-md vc_hidden-sm&#8221;][vc_single_image image=&#8221;3999&#8243; img_size=&#8221;large&#8221; alignment=&#8221;center&#8221;][\/vc_column_inner][\/vc_row_inner][\/vc_column][\/vc_row][vc_row css=&#8221;.vc_custom_1582192829011{padding-top: 50px !important;}&#8221;][vc_column][vc_row_inner][vc_column_inner][vc_column_text]<\/p>\n<h1 style=\"text-align: center;\"><span style=\"font-weight: 400;\">Spodoba Ci si\u0119 r\u00f3wnie\u017c<\/span><\/h1>\n<p>[\/vc_column_text][\/vc_column_inner][\/vc_row_inner][vc_raw_html]JTVCd3BiLXByb2R1Y3Qtc2xpZGVyLXNob3J0Y29kZSUyMGlkJTNEJTIyMjE1JTIyJTVE[\/vc_raw_html][\/vc_column][\/vc_row]<\/p>\n<\/div>","protected":false},"excerpt":{"rendered":"<p><span style=\"font-weight: 400;\">Ultra Vox jest <\/span><b>kosmetyczn\u0105 emulsj\u0105 utleniaj\u0105c\u0105<\/b><span style=\"font-weight: 400;\">, niezb\u0119dn\u0105 do profesjonalnej koloryzacji w salonach fryzjerskich.<\/span><\/p>\n<p><span style=\"font-weight: 400;\">Wysokiej jako\u015bci <\/span><b>wydajna formu\u0142a<\/b><span style=\"font-weight: 400;\"> sprzyja penetracji pigmentu barwi\u0105cego i wzmacnia w\u0142a\u015bciwo\u015bci u\u017cytego barwnika kosmetycznego.Konsystencja <\/span><b>utleniacza w kremie<\/b><span style=\"font-weight: 400;\"> Ultra Vox tworzy zwart\u0105 mieszank\u0119, kt\u00f3ra \u0142atwo si\u0119 nak\u0142ada podczas wykonywania us\u0142ugi fryzjerskiej. Do stosowania z barwnikami oksydacyjnymi <\/span><span style=\"font-weight: 400;\">Paul Rivera<\/span><span style=\"font-weight: 400;\">.<\/span><\/p>\n<p><span style=\"font-weight: 400;\">10 vol. (3%)<\/span><\/p>\n<p>1000 ml<\/p>\n<p>&nbsp;<\/p>\n[maxbutton id=\"8\"]\n","protected":false},"featured_media":4007,"template":"","meta":[],"product_brand":[],"product_cat":[914],"product_tag":[],"class_list":{"0":"post-4006","1":"product","2":"type-product","3":"status-publish","4":"has-post-thumbnail","6":"product_cat-ultra-vox-emulsja-utleniajaca","7":"description-off","9":"first","10":"instock","11":"shipping-taxable","12":"product-type-simple"},"yoast_head":"<!-- This site is optimized with the Yoast SEO plugin v27.2 - https:\/\/yoast.com\/product\/yoast-seo-wordpress\/ -->\n<title>Ultra Vox - Kosmetyczna emulsja utleniaj\u0105ca 10 vol. | Paul Rivera<\/title>\n<meta name=\"description\" content=\"Ultra Vox jest kosmetyczn\u0105 emulsj\u0105 utleniaj\u0105c\u0105, niezb\u0119dn\u0105 do profesjonalnej koloryzacji w salonach fryzjerskich.\" \/>\n<meta name=\"robots\" content=\"index, follow, max-snippet:-1, max-image-preview:large, max-video-preview:-1\" \/>\n<link rel=\"canonical\" href=\"https:\/\/paulrivera.it\/pl\/prodotti\/dzial-techniczny-pl\/ultra-vox-emulsja-utleniajaca\/ultra-vox-kosmetyczna-emulsja-utleniajaca-10-vol\/\" \/>\n<meta property=\"og:locale\" content=\"pl_PL\" \/>\n<meta property=\"og:type\" content=\"article\" \/>\n<meta property=\"og:title\" content=\"Ultra Vox - Kosmetyczna emulsja utleniaj\u0105ca 10 vol. | Paul Rivera\" \/>\n<meta property=\"og:description\" content=\"Ultra Vox jest kosmetyczn\u0105 emulsj\u0105 utleniaj\u0105c\u0105, niezb\u0119dn\u0105 do profesjonalnej koloryzacji w salonach fryzjerskich.\" \/>\n<meta property=\"og:url\" content=\"https:\/\/paulrivera.it\/pl\/prodotti\/dzial-techniczny-pl\/ultra-vox-emulsja-utleniajaca\/ultra-vox-kosmetyczna-emulsja-utleniajaca-10-vol\/\" \/>\n<meta property=\"og:site_name\" content=\"Paul Rivera\" \/>\n<meta property=\"article:modified_time\" content=\"2024-05-13T08:19:10+00:00\" \/>\n<meta property=\"og:image\" content=\"https:\/\/paulrivera.it\/wp-content\/uploads\/2020\/02\/604125_paul_rivera_ultra_vox_oxidation_emulsion_10vol_1000ml.png\" \/>\n\t<meta property=\"og:image:width\" content=\"800\" \/>\n\t<meta property=\"og:image:height\" content=\"800\" \/>\n\t<meta property=\"og:image:type\" content=\"image\/png\" \/>\n<meta name=\"twitter:card\" content=\"summary_large_image\" \/>\n<meta name=\"twitter:label1\" content=\"Est. reading time\" \/>\n\t<meta name=\"twitter:data1\" content=\"2 minutes\" \/>\n<script type=\"application\/ld+json\" class=\"yoast-schema-graph\">{\"@context\":\"https:\/\/schema.org\",\"@graph\":[{\"@type\":\"WebPage\",\"@id\":\"https:\/\/paulrivera.it\/pl\/prodotti\/dzial-techniczny-pl\/ultra-vox-emulsja-utleniajaca\/ultra-vox-kosmetyczna-emulsja-utleniajaca-10-vol\/\",\"url\":\"https:\/\/paulrivera.it\/pl\/prodotti\/dzial-techniczny-pl\/ultra-vox-emulsja-utleniajaca\/ultra-vox-kosmetyczna-emulsja-utleniajaca-10-vol\/\",\"name\":\"Ultra Vox - Kosmetyczna emulsja utleniaj\u0105ca 10 vol. | Paul Rivera\",\"isPartOf\":{\"@id\":\"https:\/\/paulrivera.it\/pl\/#website\"},\"primaryImageOfPage\":{\"@id\":\"https:\/\/paulrivera.it\/pl\/prodotti\/dzial-techniczny-pl\/ultra-vox-emulsja-utleniajaca\/ultra-vox-kosmetyczna-emulsja-utleniajaca-10-vol\/#primaryimage\"},\"image\":{\"@id\":\"https:\/\/paulrivera.it\/pl\/prodotti\/dzial-techniczny-pl\/ultra-vox-emulsja-utleniajaca\/ultra-vox-kosmetyczna-emulsja-utleniajaca-10-vol\/#primaryimage\"},\"thumbnailUrl\":\"https:\/\/paulrivera.it\/wp-content\/uploads\/2020\/02\/604125_paul_rivera_ultra_vox_oxidation_emulsion_10vol_1000ml.png\",\"datePublished\":\"2020-02-18T08:19:38+00:00\",\"dateModified\":\"2024-05-13T08:19:10+00:00\",\"description\":\"Ultra Vox jest kosmetyczn\u0105 emulsj\u0105 utleniaj\u0105c\u0105, niezb\u0119dn\u0105 do profesjonalnej koloryzacji w salonach fryzjerskich.\",\"breadcrumb\":{\"@id\":\"https:\/\/paulrivera.it\/pl\/prodotti\/dzial-techniczny-pl\/ultra-vox-emulsja-utleniajaca\/ultra-vox-kosmetyczna-emulsja-utleniajaca-10-vol\/#breadcrumb\"},\"inLanguage\":\"pl-PL\",\"potentialAction\":[{\"@type\":\"ReadAction\",\"target\":[\"https:\/\/paulrivera.it\/pl\/prodotti\/dzial-techniczny-pl\/ultra-vox-emulsja-utleniajaca\/ultra-vox-kosmetyczna-emulsja-utleniajaca-10-vol\/\"]}]},{\"@type\":\"ImageObject\",\"inLanguage\":\"pl-PL\",\"@id\":\"https:\/\/paulrivera.it\/pl\/prodotti\/dzial-techniczny-pl\/ultra-vox-emulsja-utleniajaca\/ultra-vox-kosmetyczna-emulsja-utleniajaca-10-vol\/#primaryimage\",\"url\":\"https:\/\/paulrivera.it\/wp-content\/uploads\/2020\/02\/604125_paul_rivera_ultra_vox_oxidation_emulsion_10vol_1000ml.png\",\"contentUrl\":\"https:\/\/paulrivera.it\/wp-content\/uploads\/2020\/02\/604125_paul_rivera_ultra_vox_oxidation_emulsion_10vol_1000ml.png\",\"width\":800,\"height\":800,\"caption\":\"Ultra Vox - Kosmetyczna emulsja utleniaj\u0105ca 10 vol.\"},{\"@type\":\"BreadcrumbList\",\"@id\":\"https:\/\/paulrivera.it\/pl\/prodotti\/dzial-techniczny-pl\/ultra-vox-emulsja-utleniajaca\/ultra-vox-kosmetyczna-emulsja-utleniajaca-10-vol\/#breadcrumb\",\"itemListElement\":[{\"@type\":\"ListItem\",\"position\":1,\"name\":\"Home\",\"item\":\"https:\/\/paulrivera.it\/pl\/\"},{\"@type\":\"ListItem\",\"position\":2,\"name\":\"Pagina shop\",\"item\":\"https:\/\/paulrivera.it\/prodotti\/\"},{\"@type\":\"ListItem\",\"position\":3,\"name\":\"Ultra Vox &#8211; Kosmetyczna emulsja utleniaj\u0105ca 10 vol.\"}]},{\"@type\":\"WebSite\",\"@id\":\"https:\/\/paulrivera.it\/pl\/#website\",\"url\":\"https:\/\/paulrivera.it\/pl\/\",\"name\":\"Paul Rivera\",\"description\":\"Hair Beauty Celebration\",\"publisher\":{\"@id\":\"https:\/\/paulrivera.it\/pl\/#organization\"},\"potentialAction\":[{\"@type\":\"SearchAction\",\"target\":{\"@type\":\"EntryPoint\",\"urlTemplate\":\"https:\/\/paulrivera.it\/pl\/?s={search_term_string}\"},\"query-input\":{\"@type\":\"PropertyValueSpecification\",\"valueRequired\":true,\"valueName\":\"search_term_string\"}}],\"inLanguage\":\"pl-PL\"},{\"@type\":\"Organization\",\"@id\":\"https:\/\/paulrivera.it\/pl\/#organization\",\"name\":\"Paul Rivera\",\"url\":\"https:\/\/paulrivera.it\/pl\/\",\"logo\":{\"@type\":\"ImageObject\",\"inLanguage\":\"pl-PL\",\"@id\":\"https:\/\/paulrivera.it\/pl\/#\/schema\/logo\/image\/\",\"url\":\"https:\/\/paulrivera.it\/wp-content\/uploads\/2020\/02\/paul_rivera_logo_header_x2.png\",\"contentUrl\":\"https:\/\/paulrivera.it\/wp-content\/uploads\/2020\/02\/paul_rivera_logo_header_x2.png\",\"width\":470,\"height\":60,\"caption\":\"Paul Rivera\"},\"image\":{\"@id\":\"https:\/\/paulrivera.it\/pl\/#\/schema\/logo\/image\/\"}}]}<\/script>\n<!-- \/ Yoast SEO plugin. -->","yoast_head_json":{"title":"Ultra Vox - Kosmetyczna emulsja utleniaj\u0105ca 10 vol. | Paul Rivera","description":"Ultra Vox jest kosmetyczn\u0105 emulsj\u0105 utleniaj\u0105c\u0105, niezb\u0119dn\u0105 do profesjonalnej koloryzacji w salonach fryzjerskich.","robots":{"index":"index","follow":"follow","max-snippet":"max-snippet:-1","max-image-preview":"max-image-preview:large","max-video-preview":"max-video-preview:-1"},"canonical":"https:\/\/paulrivera.it\/pl\/prodotti\/dzial-techniczny-pl\/ultra-vox-emulsja-utleniajaca\/ultra-vox-kosmetyczna-emulsja-utleniajaca-10-vol\/","og_locale":"pl_PL","og_type":"article","og_title":"Ultra Vox - Kosmetyczna emulsja utleniaj\u0105ca 10 vol. | Paul Rivera","og_description":"Ultra Vox jest kosmetyczn\u0105 emulsj\u0105 utleniaj\u0105c\u0105, niezb\u0119dn\u0105 do profesjonalnej koloryzacji w salonach fryzjerskich.","og_url":"https:\/\/paulrivera.it\/pl\/prodotti\/dzial-techniczny-pl\/ultra-vox-emulsja-utleniajaca\/ultra-vox-kosmetyczna-emulsja-utleniajaca-10-vol\/","og_site_name":"Paul Rivera","article_modified_time":"2024-05-13T08:19:10+00:00","og_image":[{"width":800,"height":800,"url":"https:\/\/paulrivera.it\/wp-content\/uploads\/2020\/02\/604125_paul_rivera_ultra_vox_oxidation_emulsion_10vol_1000ml.png","type":"image\/png"}],"twitter_card":"summary_large_image","twitter_misc":{"Est. reading time":"2 minutes"},"schema":{"@context":"https:\/\/schema.org","@graph":[{"@type":"WebPage","@id":"https:\/\/paulrivera.it\/pl\/prodotti\/dzial-techniczny-pl\/ultra-vox-emulsja-utleniajaca\/ultra-vox-kosmetyczna-emulsja-utleniajaca-10-vol\/","url":"https:\/\/paulrivera.it\/pl\/prodotti\/dzial-techniczny-pl\/ultra-vox-emulsja-utleniajaca\/ultra-vox-kosmetyczna-emulsja-utleniajaca-10-vol\/","name":"Ultra Vox - Kosmetyczna emulsja utleniaj\u0105ca 10 vol. | Paul Rivera","isPartOf":{"@id":"https:\/\/paulrivera.it\/pl\/#website"},"primaryImageOfPage":{"@id":"https:\/\/paulrivera.it\/pl\/prodotti\/dzial-techniczny-pl\/ultra-vox-emulsja-utleniajaca\/ultra-vox-kosmetyczna-emulsja-utleniajaca-10-vol\/#primaryimage"},"image":{"@id":"https:\/\/paulrivera.it\/pl\/prodotti\/dzial-techniczny-pl\/ultra-vox-emulsja-utleniajaca\/ultra-vox-kosmetyczna-emulsja-utleniajaca-10-vol\/#primaryimage"},"thumbnailUrl":"https:\/\/paulrivera.it\/wp-content\/uploads\/2020\/02\/604125_paul_rivera_ultra_vox_oxidation_emulsion_10vol_1000ml.png","datePublished":"2020-02-18T08:19:38+00:00","dateModified":"2024-05-13T08:19:10+00:00","description":"Ultra Vox jest kosmetyczn\u0105 emulsj\u0105 utleniaj\u0105c\u0105, niezb\u0119dn\u0105 do profesjonalnej koloryzacji w salonach fryzjerskich.","breadcrumb":{"@id":"https:\/\/paulrivera.it\/pl\/prodotti\/dzial-techniczny-pl\/ultra-vox-emulsja-utleniajaca\/ultra-vox-kosmetyczna-emulsja-utleniajaca-10-vol\/#breadcrumb"},"inLanguage":"pl-PL","potentialAction":[{"@type":"ReadAction","target":["https:\/\/paulrivera.it\/pl\/prodotti\/dzial-techniczny-pl\/ultra-vox-emulsja-utleniajaca\/ultra-vox-kosmetyczna-emulsja-utleniajaca-10-vol\/"]}]},{"@type":"ImageObject","inLanguage":"pl-PL","@id":"https:\/\/paulrivera.it\/pl\/prodotti\/dzial-techniczny-pl\/ultra-vox-emulsja-utleniajaca\/ultra-vox-kosmetyczna-emulsja-utleniajaca-10-vol\/#primaryimage","url":"https:\/\/paulrivera.it\/wp-content\/uploads\/2020\/02\/604125_paul_rivera_ultra_vox_oxidation_emulsion_10vol_1000ml.png","contentUrl":"https:\/\/paulrivera.it\/wp-content\/uploads\/2020\/02\/604125_paul_rivera_ultra_vox_oxidation_emulsion_10vol_1000ml.png","width":800,"height":800,"caption":"Ultra Vox - Kosmetyczna emulsja utleniaj\u0105ca 10 vol."},{"@type":"BreadcrumbList","@id":"https:\/\/paulrivera.it\/pl\/prodotti\/dzial-techniczny-pl\/ultra-vox-emulsja-utleniajaca\/ultra-vox-kosmetyczna-emulsja-utleniajaca-10-vol\/#breadcrumb","itemListElement":[{"@type":"ListItem","position":1,"name":"Home","item":"https:\/\/paulrivera.it\/pl\/"},{"@type":"ListItem","position":2,"name":"Pagina shop","item":"https:\/\/paulrivera.it\/prodotti\/"},{"@type":"ListItem","position":3,"name":"Ultra Vox &#8211; Kosmetyczna emulsja utleniaj\u0105ca 10 vol."}]},{"@type":"WebSite","@id":"https:\/\/paulrivera.it\/pl\/#website","url":"https:\/\/paulrivera.it\/pl\/","name":"Paul Rivera","description":"Hair Beauty Celebration","publisher":{"@id":"https:\/\/paulrivera.it\/pl\/#organization"},"potentialAction":[{"@type":"SearchAction","target":{"@type":"EntryPoint","urlTemplate":"https:\/\/paulrivera.it\/pl\/?s={search_term_string}"},"query-input":{"@type":"PropertyValueSpecification","valueRequired":true,"valueName":"search_term_string"}}],"inLanguage":"pl-PL"},{"@type":"Organization","@id":"https:\/\/paulrivera.it\/pl\/#organization","name":"Paul Rivera","url":"https:\/\/paulrivera.it\/pl\/","logo":{"@type":"ImageObject","inLanguage":"pl-PL","@id":"https:\/\/paulrivera.it\/pl\/#\/schema\/logo\/image\/","url":"https:\/\/paulrivera.it\/wp-content\/uploads\/2020\/02\/paul_rivera_logo_header_x2.png","contentUrl":"https:\/\/paulrivera.it\/wp-content\/uploads\/2020\/02\/paul_rivera_logo_header_x2.png","width":470,"height":60,"caption":"Paul Rivera"},"image":{"@id":"https:\/\/paulrivera.it\/pl\/#\/schema\/logo\/image\/"}}]}},"_links":{"self":[{"href":"https:\/\/paulrivera.it\/pl\/wp-json\/wp\/v2\/product\/4006","targetHints":{"allow":["GET"]}}],"collection":[{"href":"https:\/\/paulrivera.it\/pl\/wp-json\/wp\/v2\/product"}],"about":[{"href":"https:\/\/paulrivera.it\/pl\/wp-json\/wp\/v2\/types\/product"}],"wp:featuredmedia":[{"embeddable":true,"href":"https:\/\/paulrivera.it\/pl\/wp-json\/wp\/v2\/media\/4007"}],"wp:attachment":[{"href":"https:\/\/paulrivera.it\/pl\/wp-json\/wp\/v2\/media?parent=4006"}],"wp:term":[{"taxonomy":"product_brand","embeddable":true,"href":"https:\/\/paulrivera.it\/pl\/wp-json\/wp\/v2\/product_brand?post=4006"},{"taxonomy":"product_cat","embeddable":true,"href":"https:\/\/paulrivera.it\/pl\/wp-json\/wp\/v2\/product_cat?post=4006"},{"taxonomy":"product_tag","embeddable":true,"href":"https:\/\/paulrivera.it\/pl\/wp-json\/wp\/v2\/product_tag?post=4006"}],"curies":[{"name":"wp","href":"https:\/\/api.w.org\/{rel}","templated":true}]}}