{"id":4031,"date":"2020-02-18T09:29:51","date_gmt":"2020-02-18T08:29:51","guid":{"rendered":"https:\/\/paulrivera.it\/product\/perfect-all-szampon-nadajacy-miekkosc-do-czestego-stosowania-2\/"},"modified":"2024-05-13T10:08:34","modified_gmt":"2024-05-13T08:08:34","slug":"perfect-all-szampon-nadajacy-miekkosc-do-czestego-stosowania-2","status":"publish","type":"product","link":"https:\/\/paulrivera.it\/pl\/prodotti\/kuracje\/perfect-all-do-czestego-stosowania\/perfect-all-szampon-nadajacy-miekkosc-do-czestego-stosowania-2\/","title":{"rendered":"Perfect All &#8211; Szampon nadaj\u0105cy mi\u0119kko\u015b\u0107"},"content":{"rendered":"<div class=\"wpb-content-wrapper\"><p>[vc_row full_width=&#8221;stretch_row&#8221;][vc_column][vc_row_inner el_id=&#8221;desktop&#8221;][vc_column_inner width=&#8221;1\/2&#8243; css=&#8221;.vc_custom_1582194227194{padding-top: 10% !important;padding-right: 10% !important;padding-bottom: 10% !important;padding-left: 30% !important;}&#8221; offset=&#8221;vc_hidden-md vc_hidden-sm vc_hidden-xs&#8221;][vc_column_text]<\/p>\n<h1>Pokochasz ten produkt za to, \u017ce<\/h1>\n<ul>\n<li><span style=\"font-weight: 400;\">Idealny do cz\u0119stego stosowania<\/span><\/li>\n<li>Sprawia, \u017ce w\u0142osy s\u0105 mi\u0119kkie<\/li>\n<li>Delikatnie oczyszcza sk\u00f3r\u0119 g\u0142owy i w\u0142osy<\/li>\n<\/ul>\n<p>[\/vc_column_text][vc_column_text]<\/p>\n<h1>Sk\u0142adniki aktywne zawarte w formule<\/h1>\n<ul>\n<li><span style=\"font-weight: 400;\">Wyci\u0105g z oczaru wirginijskiego: p<\/span>oprawia kondycj\u0119 w\u0142os\u00f3w, oczyszczaj\u0105c je i wspieraj\u0105c od\u017cywienie i utlenienie<\/li>\n<li>\u017burawina: ma silne dzia\u0142anie koj\u0105ce i tonizuj\u0105ce, kt\u00f3re przywraca w\u0142osom naturaln\u0105 mi\u0119kko\u015b\u0107<\/li>\n<\/ul>\n<p>[\/vc_column_text][vc_column_text]<\/p>\n<h1>Jak stosowa\u0107?<\/h1>\n<p><span style=\"font-weight: 400;\">Na\u0142o\u017cy\u0107 na mokre w\u0142osy i wmasowa\u0107. Przed zastosowaniem <a href=\"https:\/\/paulrivera.it\/pl\/produkt\/perfect-all-krem-nadajacy-miekkosc-do-czestego-stosowania\/\">maski do cz\u0119stego stosowania<\/a> wyp\u0142uka\u0107 w\u0142osy i w razie potrzeby powt\u00f3rzy\u0107 czynno\u015b\u0107.<\/span>[\/vc_column_text][\/vc_column_inner][vc_column_inner width=&#8221;1\/2&#8243; css=&#8221;.vc_custom_1582809987844{background-image: url(https:\/\/paulrivera.it\/wp-content\/uploads\/2020\/02\/background_adv_product_perfect_all.png?id=862) !important;background-position: center !important;background-repeat: no-repeat !important;background-size: cover !important;}&#8221; offset=&#8221;vc_hidden-md vc_hidden-sm vc_hidden-xs&#8221;][vc_single_image image=&#8221;4021&#8243; img_size=&#8221;large&#8221; alignment=&#8221;center&#8221;][\/vc_column_inner][\/vc_row_inner][vc_row_inner el_id=&#8221;tablet&#8221;][vc_column_inner offset=&#8221;vc_hidden-lg vc_hidden-xs&#8221;][vc_column_text]<\/p>\n<h1>Pokochasz ten produkt za to, \u017ce<\/h1>\n<ul>\n<li><span style=\"font-weight: 400;\">Idealny do cz\u0119stego stosowania<\/span><\/li>\n<li>Sprawia, \u017ce w\u0142osy s\u0105 mi\u0119kkie<\/li>\n<li>Delikatnie oczyszcza sk\u00f3r\u0119 g\u0142owy i w\u0142osy<\/li>\n<\/ul>\n<p>[\/vc_column_text][vc_column_text]<\/p>\n<h1>Sk\u0142adniki aktywne zawarte w formule<\/h1>\n<ul>\n<li><span style=\"font-weight: 400;\">Wyci\u0105g z oczaru wirginijskiego: p<\/span>oprawia kondycj\u0119 w\u0142os\u00f3w, oczyszczaj\u0105c je i wspieraj\u0105c od\u017cywienie i utlenienie<\/li>\n<li>\u017burawina: ma silne dzia\u0142anie koj\u0105ce i tonizuj\u0105ce, kt\u00f3re przywraca w\u0142osom naturaln\u0105 mi\u0119kko\u015b\u0107<\/li>\n<\/ul>\n<p>[\/vc_column_text][vc_column_text]<\/p>\n<h1>Jak stosowa\u0107?<\/h1>\n<p><span style=\"font-weight: 400;\">Na\u0142o\u017cy\u0107 na mokre w\u0142osy i wmasowa\u0107. Przed zastosowaniem <a href=\"https:\/\/paulrivera.it\/pl\/produkt\/perfect-all-krem-nadajacy-miekkosc-do-czestego-stosowania\/\">maski do cz\u0119stego stosowania<\/a> wyp\u0142uka\u0107 w\u0142osy i w razie potrzeby powt\u00f3rzy\u0107 czynno\u015b\u0107.<\/span>[\/vc_column_text][\/vc_column_inner][\/vc_row_inner][vc_row_inner el_id=&#8221;mobile&#8221;][vc_column_inner width=&#8221;1\/2&#8243; offset=&#8221;vc_hidden-lg vc_hidden-md vc_hidden-sm&#8221;][vc_column_text]<\/p>\n<h1>Pokochasz ten produkt za to, \u017ce<\/h1>\n<ul>\n<li><span style=\"font-weight: 400;\">Idealny do cz\u0119stego stosowania<\/span><\/li>\n<li>Sprawia, \u017ce w\u0142osy s\u0105 mi\u0119kkie<\/li>\n<li>Delikatnie oczyszcza sk\u00f3r\u0119 g\u0142owy i w\u0142osy<\/li>\n<\/ul>\n<p>[\/vc_column_text][vc_column_text]<\/p>\n<h1>Sk\u0142adniki aktywne zawarte w formule<\/h1>\n<ul>\n<li><span style=\"font-weight: 400;\">Wyci\u0105g z oczaru wirginijskiego: p<\/span>oprawia kondycj\u0119 w\u0142os\u00f3w, oczyszczaj\u0105c je i wspieraj\u0105c od\u017cywienie i utlenienie<\/li>\n<li>\u017burawina: ma silne dzia\u0142anie koj\u0105ce i tonizuj\u0105ce, kt\u00f3re przywraca w\u0142osom naturaln\u0105 mi\u0119kko\u015b\u0107<\/li>\n<\/ul>\n<p>[\/vc_column_text][vc_column_text]<\/p>\n<h1>Jak stosowa\u0107?<\/h1>\n<p><span style=\"font-weight: 400;\">Na\u0142o\u017cy\u0107 na mokre w\u0142osy i wmasowa\u0107. Przed zastosowaniem <a href=\"https:\/\/paulrivera.it\/pl\/produkt\/perfect-all-krem-nadajacy-miekkosc-do-czestego-stosowania\/\">maski do cz\u0119stego stosowania<\/a> wyp\u0142uka\u0107 w\u0142osy i w razie potrzeby powt\u00f3rzy\u0107 czynno\u015b\u0107.<\/span>[\/vc_column_text][\/vc_column_inner][vc_column_inner width=&#8221;1\/2&#8243; css=&#8221;.vc_custom_1582810010637{background-image: url(https:\/\/paulrivera.it\/wp-content\/uploads\/2020\/02\/background_adv_product_perfect_all.png?id=862) !important;background-position: center !important;background-repeat: no-repeat !important;background-size: cover !important;}&#8221; offset=&#8221;vc_hidden-lg vc_hidden-md vc_hidden-sm&#8221;][vc_single_image image=&#8221;4021&#8243; img_size=&#8221;large&#8221; alignment=&#8221;center&#8221;][\/vc_column_inner][\/vc_row_inner][\/vc_column][\/vc_row][vc_row css=&#8221;.vc_custom_1582192829011{padding-top: 50px !important;}&#8221;][vc_column][vc_row_inner][vc_column_inner][vc_column_text]<\/p>\n<h1 style=\"text-align: center;\"><span style=\"font-weight: 400;\">Mo\u017cesz wypr\u00f3bowa\u0107 ten produkt z<\/span><\/h1>\n<p>[\/vc_column_text][\/vc_column_inner][\/vc_row_inner][vc_raw_html]JTVCd3BiLXByb2R1Y3Qtc2xpZGVyLXNob3J0Y29kZSUyMGlkJTNEJTIyMjU3JTIyJTVE[\/vc_raw_html][\/vc_column][\/vc_row]<\/p>\n<\/div>","protected":false},"excerpt":{"rendered":"<p><span style=\"font-weight: 400;\">Szampon <\/span><span style=\"font-weight: 400;\">Perfect All<\/span><span style=\"font-weight: 400;\">, idealny do <strong>cz\u0119stego stosowania<\/strong>, ma dzia\u0142anie zmi\u0119kczaj\u0105ce, sprawiaj\u0105c, \u017ce w\u0142osy staj\u0105 si\u0119 mi\u0119kkie i delikatne.<\/span><\/p>\n<p><span style=\"font-weight: 400;\">Swoj\u0105 oczyszczaj\u0105c\u0105 i niezwykle delikatn\u0105 formu\u0142\u0119 zawdzi\u0119cza wysokiemu st\u0119\u017ceniu sk\u0142adnik\u00f3w aktywnych o dzia\u0142aniu piel\u0119gnacyjnym: <strong>ekstrakty z oczaru<\/strong> wirginijskiego delikatnie oczyszczaj\u0105, a <strong>\u017curawina<\/strong> ma w\u0142a\u015bciwo\u015bci nat\u0142uszczaj\u0105ce, przeciwzapalne i \u015bci\u0105gaj\u0105ce.<\/span><\/p>\n<p><span style=\"font-weight: 400;\">1000 ml<\/span><\/p>\n<p>&nbsp;<\/p>\n[maxbutton id=\"8\"]\n","protected":false},"featured_media":4032,"template":"","meta":[],"product_brand":[],"product_cat":[701],"product_tag":[],"class_list":{"0":"post-4031","1":"product","2":"type-product","3":"status-publish","4":"has-post-thumbnail","6":"product_cat-perfect-all-do-czestego-stosowania","7":"description-off","9":"first","10":"instock","11":"shipping-taxable","12":"product-type-simple"},"yoast_head":"<!-- This site is optimized with the Yoast SEO plugin v27.2 - https:\/\/yoast.com\/product\/yoast-seo-wordpress\/ -->\n<title>Perfect All - Szampon nadaj\u0105cy mi\u0119kko\u015b\u0107 do cz\u0119stego stosowania | Paul Rivera<\/title>\n<meta name=\"description\" content=\"Szampon Perfect All, idealny do cz\u0119stego stosowania, ma dzia\u0142anie zmi\u0119kczaj\u0105ce, sprawiaj\u0105c, \u017ce w\u0142osy staj\u0105 si\u0119 mi\u0119kkie i delikatne.\" \/>\n<meta name=\"robots\" content=\"index, follow, max-snippet:-1, max-image-preview:large, max-video-preview:-1\" \/>\n<link rel=\"canonical\" href=\"https:\/\/paulrivera.it\/pl\/prodotti\/kuracje\/perfect-all-do-czestego-stosowania\/perfect-all-szampon-nadajacy-miekkosc-do-czestego-stosowania-2\/\" \/>\n<meta property=\"og:locale\" content=\"pl_PL\" \/>\n<meta property=\"og:type\" content=\"article\" \/>\n<meta property=\"og:title\" content=\"Perfect All - Szampon nadaj\u0105cy mi\u0119kko\u015b\u0107 do cz\u0119stego stosowania | Paul Rivera\" \/>\n<meta property=\"og:description\" content=\"Szampon Perfect All, idealny do cz\u0119stego stosowania, ma dzia\u0142anie zmi\u0119kczaj\u0105ce, sprawiaj\u0105c, \u017ce w\u0142osy staj\u0105 si\u0119 mi\u0119kkie i delikatne.\" \/>\n<meta property=\"og:url\" content=\"https:\/\/paulrivera.it\/pl\/prodotti\/kuracje\/perfect-all-do-czestego-stosowania\/perfect-all-szampon-nadajacy-miekkosc-do-czestego-stosowania-2\/\" \/>\n<meta property=\"og:site_name\" content=\"Paul Rivera\" \/>\n<meta property=\"article:modified_time\" content=\"2024-05-13T08:08:34+00:00\" \/>\n<meta property=\"og:image\" content=\"https:\/\/paulrivera.it\/wp-content\/uploads\/2020\/02\/604415_paul_rivera_perfect_all_softening_shampoo_frequent_use_1000ml.png\" \/>\n\t<meta property=\"og:image:width\" content=\"800\" \/>\n\t<meta property=\"og:image:height\" content=\"800\" \/>\n\t<meta property=\"og:image:type\" content=\"image\/png\" \/>\n<meta name=\"twitter:card\" content=\"summary_large_image\" \/>\n<meta name=\"twitter:label1\" content=\"Est. reading time\" \/>\n\t<meta name=\"twitter:data1\" content=\"3 minutes\" \/>\n<script type=\"application\/ld+json\" class=\"yoast-schema-graph\">{\"@context\":\"https:\/\/schema.org\",\"@graph\":[{\"@type\":\"WebPage\",\"@id\":\"https:\/\/paulrivera.it\/pl\/prodotti\/kuracje\/perfect-all-do-czestego-stosowania\/perfect-all-szampon-nadajacy-miekkosc-do-czestego-stosowania-2\/\",\"url\":\"https:\/\/paulrivera.it\/pl\/prodotti\/kuracje\/perfect-all-do-czestego-stosowania\/perfect-all-szampon-nadajacy-miekkosc-do-czestego-stosowania-2\/\",\"name\":\"Perfect All - Szampon nadaj\u0105cy mi\u0119kko\u015b\u0107 do cz\u0119stego stosowania | Paul Rivera\",\"isPartOf\":{\"@id\":\"https:\/\/paulrivera.it\/pl\/#website\"},\"primaryImageOfPage\":{\"@id\":\"https:\/\/paulrivera.it\/pl\/prodotti\/kuracje\/perfect-all-do-czestego-stosowania\/perfect-all-szampon-nadajacy-miekkosc-do-czestego-stosowania-2\/#primaryimage\"},\"image\":{\"@id\":\"https:\/\/paulrivera.it\/pl\/prodotti\/kuracje\/perfect-all-do-czestego-stosowania\/perfect-all-szampon-nadajacy-miekkosc-do-czestego-stosowania-2\/#primaryimage\"},\"thumbnailUrl\":\"https:\/\/paulrivera.it\/wp-content\/uploads\/2020\/02\/604415_paul_rivera_perfect_all_softening_shampoo_frequent_use_1000ml.png\",\"datePublished\":\"2020-02-18T08:29:51+00:00\",\"dateModified\":\"2024-05-13T08:08:34+00:00\",\"description\":\"Szampon Perfect All, idealny do cz\u0119stego stosowania, ma dzia\u0142anie zmi\u0119kczaj\u0105ce, sprawiaj\u0105c, \u017ce w\u0142osy staj\u0105 si\u0119 mi\u0119kkie i delikatne.\",\"breadcrumb\":{\"@id\":\"https:\/\/paulrivera.it\/pl\/prodotti\/kuracje\/perfect-all-do-czestego-stosowania\/perfect-all-szampon-nadajacy-miekkosc-do-czestego-stosowania-2\/#breadcrumb\"},\"inLanguage\":\"pl-PL\",\"potentialAction\":[{\"@type\":\"ReadAction\",\"target\":[\"https:\/\/paulrivera.it\/pl\/prodotti\/kuracje\/perfect-all-do-czestego-stosowania\/perfect-all-szampon-nadajacy-miekkosc-do-czestego-stosowania-2\/\"]}]},{\"@type\":\"ImageObject\",\"inLanguage\":\"pl-PL\",\"@id\":\"https:\/\/paulrivera.it\/pl\/prodotti\/kuracje\/perfect-all-do-czestego-stosowania\/perfect-all-szampon-nadajacy-miekkosc-do-czestego-stosowania-2\/#primaryimage\",\"url\":\"https:\/\/paulrivera.it\/wp-content\/uploads\/2020\/02\/604415_paul_rivera_perfect_all_softening_shampoo_frequent_use_1000ml.png\",\"contentUrl\":\"https:\/\/paulrivera.it\/wp-content\/uploads\/2020\/02\/604415_paul_rivera_perfect_all_softening_shampoo_frequent_use_1000ml.png\",\"width\":800,\"height\":800,\"caption\":\"Perfect All - Szampon nadaj\u0105cy mi\u0119kko\u015b\u0107 do cz\u0119stego stosowania\"},{\"@type\":\"BreadcrumbList\",\"@id\":\"https:\/\/paulrivera.it\/pl\/prodotti\/kuracje\/perfect-all-do-czestego-stosowania\/perfect-all-szampon-nadajacy-miekkosc-do-czestego-stosowania-2\/#breadcrumb\",\"itemListElement\":[{\"@type\":\"ListItem\",\"position\":1,\"name\":\"Home\",\"item\":\"https:\/\/paulrivera.it\/pl\/\"},{\"@type\":\"ListItem\",\"position\":2,\"name\":\"Pagina shop\",\"item\":\"https:\/\/paulrivera.it\/prodotti\/\"},{\"@type\":\"ListItem\",\"position\":3,\"name\":\"Perfect All &#8211; Szampon nadaj\u0105cy mi\u0119kko\u015b\u0107\"}]},{\"@type\":\"WebSite\",\"@id\":\"https:\/\/paulrivera.it\/pl\/#website\",\"url\":\"https:\/\/paulrivera.it\/pl\/\",\"name\":\"Paul Rivera\",\"description\":\"Hair Beauty Celebration\",\"publisher\":{\"@id\":\"https:\/\/paulrivera.it\/pl\/#organization\"},\"potentialAction\":[{\"@type\":\"SearchAction\",\"target\":{\"@type\":\"EntryPoint\",\"urlTemplate\":\"https:\/\/paulrivera.it\/pl\/?s={search_term_string}\"},\"query-input\":{\"@type\":\"PropertyValueSpecification\",\"valueRequired\":true,\"valueName\":\"search_term_string\"}}],\"inLanguage\":\"pl-PL\"},{\"@type\":\"Organization\",\"@id\":\"https:\/\/paulrivera.it\/pl\/#organization\",\"name\":\"Paul Rivera\",\"url\":\"https:\/\/paulrivera.it\/pl\/\",\"logo\":{\"@type\":\"ImageObject\",\"inLanguage\":\"pl-PL\",\"@id\":\"https:\/\/paulrivera.it\/pl\/#\/schema\/logo\/image\/\",\"url\":\"https:\/\/paulrivera.it\/wp-content\/uploads\/2020\/02\/paul_rivera_logo_header_x2.png\",\"contentUrl\":\"https:\/\/paulrivera.it\/wp-content\/uploads\/2020\/02\/paul_rivera_logo_header_x2.png\",\"width\":470,\"height\":60,\"caption\":\"Paul Rivera\"},\"image\":{\"@id\":\"https:\/\/paulrivera.it\/pl\/#\/schema\/logo\/image\/\"}}]}<\/script>\n<!-- \/ Yoast SEO plugin. -->","yoast_head_json":{"title":"Perfect All - Szampon nadaj\u0105cy mi\u0119kko\u015b\u0107 do cz\u0119stego stosowania | Paul Rivera","description":"Szampon Perfect All, idealny do cz\u0119stego stosowania, ma dzia\u0142anie zmi\u0119kczaj\u0105ce, sprawiaj\u0105c, \u017ce w\u0142osy staj\u0105 si\u0119 mi\u0119kkie i delikatne.","robots":{"index":"index","follow":"follow","max-snippet":"max-snippet:-1","max-image-preview":"max-image-preview:large","max-video-preview":"max-video-preview:-1"},"canonical":"https:\/\/paulrivera.it\/pl\/prodotti\/kuracje\/perfect-all-do-czestego-stosowania\/perfect-all-szampon-nadajacy-miekkosc-do-czestego-stosowania-2\/","og_locale":"pl_PL","og_type":"article","og_title":"Perfect All - Szampon nadaj\u0105cy mi\u0119kko\u015b\u0107 do cz\u0119stego stosowania | Paul Rivera","og_description":"Szampon Perfect All, idealny do cz\u0119stego stosowania, ma dzia\u0142anie zmi\u0119kczaj\u0105ce, sprawiaj\u0105c, \u017ce w\u0142osy staj\u0105 si\u0119 mi\u0119kkie i delikatne.","og_url":"https:\/\/paulrivera.it\/pl\/prodotti\/kuracje\/perfect-all-do-czestego-stosowania\/perfect-all-szampon-nadajacy-miekkosc-do-czestego-stosowania-2\/","og_site_name":"Paul Rivera","article_modified_time":"2024-05-13T08:08:34+00:00","og_image":[{"width":800,"height":800,"url":"https:\/\/paulrivera.it\/wp-content\/uploads\/2020\/02\/604415_paul_rivera_perfect_all_softening_shampoo_frequent_use_1000ml.png","type":"image\/png"}],"twitter_card":"summary_large_image","twitter_misc":{"Est. reading time":"3 minutes"},"schema":{"@context":"https:\/\/schema.org","@graph":[{"@type":"WebPage","@id":"https:\/\/paulrivera.it\/pl\/prodotti\/kuracje\/perfect-all-do-czestego-stosowania\/perfect-all-szampon-nadajacy-miekkosc-do-czestego-stosowania-2\/","url":"https:\/\/paulrivera.it\/pl\/prodotti\/kuracje\/perfect-all-do-czestego-stosowania\/perfect-all-szampon-nadajacy-miekkosc-do-czestego-stosowania-2\/","name":"Perfect All - Szampon nadaj\u0105cy mi\u0119kko\u015b\u0107 do cz\u0119stego stosowania | Paul Rivera","isPartOf":{"@id":"https:\/\/paulrivera.it\/pl\/#website"},"primaryImageOfPage":{"@id":"https:\/\/paulrivera.it\/pl\/prodotti\/kuracje\/perfect-all-do-czestego-stosowania\/perfect-all-szampon-nadajacy-miekkosc-do-czestego-stosowania-2\/#primaryimage"},"image":{"@id":"https:\/\/paulrivera.it\/pl\/prodotti\/kuracje\/perfect-all-do-czestego-stosowania\/perfect-all-szampon-nadajacy-miekkosc-do-czestego-stosowania-2\/#primaryimage"},"thumbnailUrl":"https:\/\/paulrivera.it\/wp-content\/uploads\/2020\/02\/604415_paul_rivera_perfect_all_softening_shampoo_frequent_use_1000ml.png","datePublished":"2020-02-18T08:29:51+00:00","dateModified":"2024-05-13T08:08:34+00:00","description":"Szampon Perfect All, idealny do cz\u0119stego stosowania, ma dzia\u0142anie zmi\u0119kczaj\u0105ce, sprawiaj\u0105c, \u017ce w\u0142osy staj\u0105 si\u0119 mi\u0119kkie i delikatne.","breadcrumb":{"@id":"https:\/\/paulrivera.it\/pl\/prodotti\/kuracje\/perfect-all-do-czestego-stosowania\/perfect-all-szampon-nadajacy-miekkosc-do-czestego-stosowania-2\/#breadcrumb"},"inLanguage":"pl-PL","potentialAction":[{"@type":"ReadAction","target":["https:\/\/paulrivera.it\/pl\/prodotti\/kuracje\/perfect-all-do-czestego-stosowania\/perfect-all-szampon-nadajacy-miekkosc-do-czestego-stosowania-2\/"]}]},{"@type":"ImageObject","inLanguage":"pl-PL","@id":"https:\/\/paulrivera.it\/pl\/prodotti\/kuracje\/perfect-all-do-czestego-stosowania\/perfect-all-szampon-nadajacy-miekkosc-do-czestego-stosowania-2\/#primaryimage","url":"https:\/\/paulrivera.it\/wp-content\/uploads\/2020\/02\/604415_paul_rivera_perfect_all_softening_shampoo_frequent_use_1000ml.png","contentUrl":"https:\/\/paulrivera.it\/wp-content\/uploads\/2020\/02\/604415_paul_rivera_perfect_all_softening_shampoo_frequent_use_1000ml.png","width":800,"height":800,"caption":"Perfect All - Szampon nadaj\u0105cy mi\u0119kko\u015b\u0107 do cz\u0119stego stosowania"},{"@type":"BreadcrumbList","@id":"https:\/\/paulrivera.it\/pl\/prodotti\/kuracje\/perfect-all-do-czestego-stosowania\/perfect-all-szampon-nadajacy-miekkosc-do-czestego-stosowania-2\/#breadcrumb","itemListElement":[{"@type":"ListItem","position":1,"name":"Home","item":"https:\/\/paulrivera.it\/pl\/"},{"@type":"ListItem","position":2,"name":"Pagina shop","item":"https:\/\/paulrivera.it\/prodotti\/"},{"@type":"ListItem","position":3,"name":"Perfect All &#8211; Szampon nadaj\u0105cy mi\u0119kko\u015b\u0107"}]},{"@type":"WebSite","@id":"https:\/\/paulrivera.it\/pl\/#website","url":"https:\/\/paulrivera.it\/pl\/","name":"Paul Rivera","description":"Hair Beauty Celebration","publisher":{"@id":"https:\/\/paulrivera.it\/pl\/#organization"},"potentialAction":[{"@type":"SearchAction","target":{"@type":"EntryPoint","urlTemplate":"https:\/\/paulrivera.it\/pl\/?s={search_term_string}"},"query-input":{"@type":"PropertyValueSpecification","valueRequired":true,"valueName":"search_term_string"}}],"inLanguage":"pl-PL"},{"@type":"Organization","@id":"https:\/\/paulrivera.it\/pl\/#organization","name":"Paul Rivera","url":"https:\/\/paulrivera.it\/pl\/","logo":{"@type":"ImageObject","inLanguage":"pl-PL","@id":"https:\/\/paulrivera.it\/pl\/#\/schema\/logo\/image\/","url":"https:\/\/paulrivera.it\/wp-content\/uploads\/2020\/02\/paul_rivera_logo_header_x2.png","contentUrl":"https:\/\/paulrivera.it\/wp-content\/uploads\/2020\/02\/paul_rivera_logo_header_x2.png","width":470,"height":60,"caption":"Paul Rivera"},"image":{"@id":"https:\/\/paulrivera.it\/pl\/#\/schema\/logo\/image\/"}}]}},"_links":{"self":[{"href":"https:\/\/paulrivera.it\/pl\/wp-json\/wp\/v2\/product\/4031","targetHints":{"allow":["GET"]}}],"collection":[{"href":"https:\/\/paulrivera.it\/pl\/wp-json\/wp\/v2\/product"}],"about":[{"href":"https:\/\/paulrivera.it\/pl\/wp-json\/wp\/v2\/types\/product"}],"wp:featuredmedia":[{"embeddable":true,"href":"https:\/\/paulrivera.it\/pl\/wp-json\/wp\/v2\/media\/4032"}],"wp:attachment":[{"href":"https:\/\/paulrivera.it\/pl\/wp-json\/wp\/v2\/media?parent=4031"}],"wp:term":[{"taxonomy":"product_brand","embeddable":true,"href":"https:\/\/paulrivera.it\/pl\/wp-json\/wp\/v2\/product_brand?post=4031"},{"taxonomy":"product_cat","embeddable":true,"href":"https:\/\/paulrivera.it\/pl\/wp-json\/wp\/v2\/product_cat?post=4031"},{"taxonomy":"product_tag","embeddable":true,"href":"https:\/\/paulrivera.it\/pl\/wp-json\/wp\/v2\/product_tag?post=4031"}],"curies":[{"name":"wp","href":"https:\/\/api.w.org\/{rel}","templated":true}]}}