{"id":4053,"date":"2020-02-18T14:13:13","date_gmt":"2020-02-18T13:13:13","guid":{"rendered":"https:\/\/paulrivera.it\/product\/hydra-dream-maska-odzywcza-do-wlosow-przesuszonych\/"},"modified":"2024-05-13T09:48:37","modified_gmt":"2024-05-13T07:48:37","slug":"hydra-dream-maska-odzywcza-do-wlosow-przesuszonych","status":"publish","type":"product","link":"https:\/\/paulrivera.it\/pl\/prodotti\/kuracje\/hydra-dream-wlosy-przesuszone\/hydra-dream-maska-odzywcza-do-wlosow-przesuszonych\/","title":{"rendered":"Hydra Dream &#8211; Maska od\u017cywcza"},"content":{"rendered":"<div class=\"wpb-content-wrapper\"><p>[vc_row full_width=&#8221;stretch_row&#8221;][vc_column][vc_row_inner el_id=&#8221;desktop&#8221;][vc_column_inner width=&#8221;1\/2&#8243; css=&#8221;.vc_custom_1582194227194{padding-top: 10% !important;padding-right: 10% !important;padding-bottom: 10% !important;padding-left: 30% !important;}&#8221; offset=&#8221;vc_hidden-md vc_hidden-sm vc_hidden-xs&#8221;][vc_column_text]<\/p>\n<h1>Pokochasz ten produkt za to, \u017ce<\/h1>\n<ul>\n<li><span style=\"font-weight: 400;\">G\u0142\u0119boko nawil\u017ca i od\u017cywia suche w\u0142osy<\/span><\/li>\n<li><span style=\"font-weight: 400;\">G\u0142\u0119boko nat\u0142uszcza<\/span><\/li>\n<li><span style=\"font-weight: 400;\">Zapobiega pl\u0105taniu si\u0119 w\u0142os\u00f3w i u\u0142atwia rozczesywanie<\/span><\/li>\n<\/ul>\n<p>[\/vc_column_text][vc_column_text]<\/p>\n<h1>Sk\u0142adniki aktywne zawarte w formule<\/h1>\n<ul>\n<li><span style=\"font-weight: 400;\">Mas\u0142o shea: <\/span><span style=\"font-weight: 400;\">bogate w witaminy A i E, regeneruje w\u0142osy, nawil\u017ca je i uelastycznia. G\u0142\u0119boko od\u017cywia \u0142amliwe w\u0142osy.<\/span><\/li>\n<li><span style=\"font-weight: 400;\">Olej arganowy: w<\/span><span style=\"font-weight: 400;\">yj\u0105tkowe w\u0142a\u015bciwo\u015bci zmi\u0119kczaj\u0105ce i nawil\u017caj\u0105ce olejku arganowego wynikaj\u0105 z jego sk\u0142adu. Bogaty w kwasy t\u0142uszczowe i witamin\u0119 E, od\u017cywia kruche i przesuszone w\u0142osy oraz zwalcza powstawanie rozdwojonych ko\u0144c\u00f3wek.<\/span><\/li>\n<\/ul>\n<p>[\/vc_column_text][vc_column_text]<\/p>\n<h1>Jak stosowa\u0107?<\/h1>\n<p><span style=\"font-weight: 400;\">Po umyciu g\u0142owy <\/span><a href=\"https:\/\/paulrivera.it\/pl\/produkt\/hydra-dream-szampon-odzywczy-do-wlosow-przesuszonych\/\"><span style=\"font-weight: 400;\">szamponem od\u017cywczym<\/span><\/a><span style=\"font-weight: 400;\"> Hydra Dream na\u0142o\u017cy\u0107 mask\u0119 na osuszone r\u0119cznikiem w\u0142osy, pozostawiaj\u0105c j\u0105 na 5-10 minut. Dok\u0142adnie sp\u0142uka\u0107.<\/span>[\/vc_column_text][\/vc_column_inner][vc_column_inner width=&#8221;1\/2&#8243; css=&#8221;.vc_custom_1582802843311{background-image: url(https:\/\/paulrivera.it\/wp-content\/uploads\/2020\/02\/background_adv_product_hydra_dream.png?id=856) !important;background-position: center !important;background-repeat: no-repeat !important;background-size: cover !important;}&#8221; offset=&#8221;vc_hidden-md vc_hidden-sm vc_hidden-xs&#8221;][vc_single_image image=&#8221;4056&#8243; img_size=&#8221;large&#8221; alignment=&#8221;center&#8221;][\/vc_column_inner][\/vc_row_inner][vc_row_inner el_id=&#8221;tablet&#8221;][vc_column_inner offset=&#8221;vc_hidden-lg vc_hidden-xs&#8221;][vc_column_text]<\/p>\n<h1>Pokochasz ten produkt za to, \u017ce<\/h1>\n<ul>\n<li><span style=\"font-weight: 400;\">G\u0142\u0119boko nawil\u017ca i od\u017cywia suche w\u0142osy<\/span><\/li>\n<li><span style=\"font-weight: 400;\">G\u0142\u0119boko nat\u0142uszcza<\/span><\/li>\n<li><span style=\"font-weight: 400;\">Zapobiega pl\u0105taniu si\u0119 w\u0142os\u00f3w i u\u0142atwia rozczesywanie<\/span><\/li>\n<\/ul>\n<p>[\/vc_column_text][vc_column_text]<\/p>\n<h1>Sk\u0142adniki aktywne zawarte w formule<\/h1>\n<ul>\n<li><span style=\"font-weight: 400;\">Mas\u0142o shea: <\/span><span style=\"font-weight: 400;\">bogate w witaminy A i E, regeneruje w\u0142osy, nawil\u017ca je i uelastycznia. G\u0142\u0119boko od\u017cywia \u0142amliwe w\u0142osy.<\/span><\/li>\n<li><span style=\"font-weight: 400;\">Olej arganowy: w<\/span><span style=\"font-weight: 400;\">yj\u0105tkowe w\u0142a\u015bciwo\u015bci zmi\u0119kczaj\u0105ce i nawil\u017caj\u0105ce olejku arganowego wynikaj\u0105 z jego sk\u0142adu. Bogaty w kwasy t\u0142uszczowe i witamin\u0119 E, od\u017cywia kruche i przesuszone w\u0142osy oraz zwalcza powstawanie rozdwojonych ko\u0144c\u00f3wek.<\/span><\/li>\n<\/ul>\n<p>[\/vc_column_text][vc_column_text]<\/p>\n<h1>Jak stosowa\u0107?<\/h1>\n<p><span style=\"font-weight: 400;\">Po umyciu g\u0142owy <\/span><a href=\"https:\/\/paulrivera.it\/pl\/produkt\/hydra-dream-szampon-odzywczy-do-wlosow-przesuszonych\/\"><span style=\"font-weight: 400;\">szamponem od\u017cywczym<\/span><\/a><span style=\"font-weight: 400;\"> Hydra Dream na\u0142o\u017cy\u0107 mask\u0119 na osuszone r\u0119cznikiem w\u0142osy, pozostawiaj\u0105c j\u0105 na 5-10 minut. Dok\u0142adnie sp\u0142uka\u0107.<\/span>[\/vc_column_text][\/vc_column_inner][\/vc_row_inner][vc_row_inner el_id=&#8221;mobile&#8221;][vc_column_inner width=&#8221;1\/2&#8243; offset=&#8221;vc_hidden-lg vc_hidden-md vc_hidden-sm&#8221;][vc_column_text]<\/p>\n<h1>Pokochasz ten produkt za to, \u017ce<\/h1>\n<ul>\n<li><span style=\"font-weight: 400;\">G\u0142\u0119boko nawil\u017ca i od\u017cywia suche w\u0142osy<\/span><\/li>\n<li><span style=\"font-weight: 400;\">G\u0142\u0119boko nat\u0142uszcza<\/span><\/li>\n<li><span style=\"font-weight: 400;\">Zapobiega pl\u0105taniu si\u0119 w\u0142os\u00f3w i u\u0142atwia rozczesywanie<\/span><\/li>\n<\/ul>\n<p>[\/vc_column_text][vc_column_text]<\/p>\n<h1>Sk\u0142adniki aktywne zawarte w formule<\/h1>\n<ul>\n<li><span style=\"font-weight: 400;\">Mas\u0142o shea: <\/span><span style=\"font-weight: 400;\">bogate w witaminy A i E, regeneruje w\u0142osy, nawil\u017ca je i uelastycznia. G\u0142\u0119boko od\u017cywia \u0142amliwe w\u0142osy.<\/span><\/li>\n<li><span style=\"font-weight: 400;\">Olej arganowy: w<\/span><span style=\"font-weight: 400;\">yj\u0105tkowe w\u0142a\u015bciwo\u015bci zmi\u0119kczaj\u0105ce i nawil\u017caj\u0105ce olejku arganowego wynikaj\u0105 z jego sk\u0142adu. Bogaty w kwasy t\u0142uszczowe i witamin\u0119 E, od\u017cywia kruche i przesuszone w\u0142osy oraz zwalcza powstawanie rozdwojonych ko\u0144c\u00f3wek.<\/span><\/li>\n<\/ul>\n<p>[\/vc_column_text][vc_column_text]<\/p>\n<h1>Jak stosowa\u0107?<\/h1>\n<p><span style=\"font-weight: 400;\">Po umyciu g\u0142owy <\/span><a href=\"https:\/\/paulrivera.it\/pl\/produkt\/hydra-dream-szampon-odzywczy-do-wlosow-przesuszonych\/\"><span style=\"font-weight: 400;\">szamponem od\u017cywczym<\/span><\/a><span style=\"font-weight: 400;\"> Hydra Dream na\u0142o\u017cy\u0107 mask\u0119 na osuszone r\u0119cznikiem w\u0142osy, pozostawiaj\u0105c j\u0105 na 5-10 minut. Dok\u0142adnie sp\u0142uka\u0107.<\/span>[\/vc_column_text][\/vc_column_inner][vc_column_inner width=&#8221;1\/2&#8243; css=&#8221;.vc_custom_1582802885395{background-image: url(https:\/\/paulrivera.it\/wp-content\/uploads\/2020\/02\/background_adv_product_hydra_dream.png?id=856) !important;background-position: center !important;background-repeat: no-repeat !important;background-size: cover !important;}&#8221; offset=&#8221;vc_hidden-lg vc_hidden-md vc_hidden-sm&#8221;][vc_single_image image=&#8221;4056&#8243; img_size=&#8221;large&#8221; alignment=&#8221;center&#8221;][\/vc_column_inner][\/vc_row_inner][\/vc_column][\/vc_row][vc_row css=&#8221;.vc_custom_1582192829011{padding-top: 50px !important;}&#8221;][vc_column][vc_row_inner][vc_column_inner][vc_column_text]<\/p>\n<h1 style=\"text-align: center;\"><span style=\"font-weight: 400;\">Mo\u017cesz wypr\u00f3bowa\u0107 ten produkt z<\/span><\/h1>\n<p>[\/vc_column_text][\/vc_column_inner][\/vc_row_inner][vc_raw_html]JTVCd3BiLXByb2R1Y3Qtc2xpZGVyLXNob3J0Y29kZSUyMGlkJTNEJTIyMjQxJTIyJTVE[\/vc_raw_html][\/vc_column][\/vc_row]<\/p>\n<\/div>","protected":false},"excerpt":{"rendered":"<p><span style=\"font-weight: 400;\">Luksusowe po\u0142\u0105czenie, kt\u00f3re <\/span><b>odmienia suche w\u0142osy<\/b><span style=\"font-weight: 400;\">. <\/span><b>Maska Hydra Dream<\/b><span style=\"font-weight: 400;\">, bogata w <\/span><b>mas\u0142o Shea<\/b><span style=\"font-weight: 400;\"> i <\/span><b>olejek arganowy<\/b><span style=\"font-weight: 400;\">, dope\u0142ni Twoj\u0105 od\u017cywcz\u0105 i regeneruj\u0105c\u0105 piel\u0119gnacj\u0119 do w\u0142os\u00f3w.<\/span> <span style=\"font-weight: 400;\"> Wysoce <\/span><b>nat\u0142uszczaj\u0105ca i u\u0142atwiaj\u0105ca rozczesywanie<\/b><span style=\"font-weight: 400;\"> formu\u0142a zwalcza puszenie si\u0119 w\u0142os\u00f3w i pomaga im odzyska\u0107 grubo\u015b\u0107 i po\u0142ysk.<\/span><\/p>\n<p><span style=\"font-weight: 400;\">Efekt widoczny po pierwszym u\u017cyciu. Regularne stosowanie maski do w\u0142os\u00f3w suchych wyra\u017anie poprawia ich kondycj\u0119. Staj\u0105 si\u0119 bardziej <\/span><b>mi\u0119kkie w dotyku<\/b><span style=\"font-weight: 400;\">, lej\u0105ce i pe\u0142ne obj\u0119to\u015bci.<\/span><\/p>\n<p><span style=\"font-weight: 400;\">300 ml<\/span><\/p>\n<p>&nbsp;<\/p>\n[maxbutton id=\"8\"]\n","protected":false},"featured_media":4060,"template":"","meta":[],"product_brand":[],"product_cat":[700],"product_tag":[],"class_list":{"0":"post-4053","1":"product","2":"type-product","3":"status-publish","4":"has-post-thumbnail","6":"product_cat-hydra-dream-wlosy-przesuszone","7":"description-off","9":"first","10":"instock","11":"shipping-taxable","12":"product-type-simple"},"yoast_head":"<!-- This site is optimized with the Yoast SEO plugin v27.2 - https:\/\/yoast.com\/product\/yoast-seo-wordpress\/ -->\n<title>Hydra Dream - Maska od\u017cywcza do w\u0142os\u00f3w przesuszonych | Paul Rivera<\/title>\n<meta name=\"description\" content=\"Luksusowe po\u0142\u0105czenie, kt\u00f3re odmienia suche w\u0142osy. Maska Hydra Dream, bogata w mas\u0142o Shea i olejek arganowy, dope\u0142ni Twoj\u0105 od\u017cywcz\u0105 i regeneruj\u0105c\u0105 piel\u0119gnacj\u0119 do w\u0142os\u00f3w.\" \/>\n<meta name=\"robots\" content=\"index, follow, max-snippet:-1, max-image-preview:large, max-video-preview:-1\" \/>\n<link rel=\"canonical\" href=\"https:\/\/paulrivera.it\/pl\/prodotti\/kuracje\/hydra-dream-wlosy-przesuszone\/hydra-dream-maska-odzywcza-do-wlosow-przesuszonych\/\" \/>\n<meta property=\"og:locale\" content=\"pl_PL\" \/>\n<meta property=\"og:type\" content=\"article\" \/>\n<meta property=\"og:title\" content=\"Hydra Dream - Maska od\u017cywcza do w\u0142os\u00f3w przesuszonych | Paul Rivera\" \/>\n<meta property=\"og:description\" content=\"Luksusowe po\u0142\u0105czenie, kt\u00f3re odmienia suche w\u0142osy. Maska Hydra Dream, bogata w mas\u0142o Shea i olejek arganowy, dope\u0142ni Twoj\u0105 od\u017cywcz\u0105 i regeneruj\u0105c\u0105 piel\u0119gnacj\u0119 do w\u0142os\u00f3w.\" \/>\n<meta property=\"og:url\" content=\"https:\/\/paulrivera.it\/pl\/prodotti\/kuracje\/hydra-dream-wlosy-przesuszone\/hydra-dream-maska-odzywcza-do-wlosow-przesuszonych\/\" \/>\n<meta property=\"og:site_name\" content=\"Paul Rivera\" \/>\n<meta property=\"article:modified_time\" content=\"2024-05-13T07:48:37+00:00\" \/>\n<meta property=\"og:image\" content=\"https:\/\/paulrivera.it\/wp-content\/uploads\/2020\/02\/6045007_paul_rivera_hydra_dream_nourishing_mask_dry_hair_300ml.png\" \/>\n\t<meta property=\"og:image:width\" content=\"800\" \/>\n\t<meta property=\"og:image:height\" content=\"800\" \/>\n\t<meta property=\"og:image:type\" content=\"image\/png\" \/>\n<meta name=\"twitter:card\" content=\"summary_large_image\" \/>\n<meta name=\"twitter:label1\" content=\"Est. reading time\" \/>\n\t<meta name=\"twitter:data1\" content=\"3 minutes\" \/>\n<script type=\"application\/ld+json\" class=\"yoast-schema-graph\">{\"@context\":\"https:\/\/schema.org\",\"@graph\":[{\"@type\":\"WebPage\",\"@id\":\"https:\/\/paulrivera.it\/pl\/prodotti\/kuracje\/hydra-dream-wlosy-przesuszone\/hydra-dream-maska-odzywcza-do-wlosow-przesuszonych\/\",\"url\":\"https:\/\/paulrivera.it\/pl\/prodotti\/kuracje\/hydra-dream-wlosy-przesuszone\/hydra-dream-maska-odzywcza-do-wlosow-przesuszonych\/\",\"name\":\"Hydra Dream - Maska od\u017cywcza do w\u0142os\u00f3w przesuszonych | Paul Rivera\",\"isPartOf\":{\"@id\":\"https:\/\/paulrivera.it\/pl\/#website\"},\"primaryImageOfPage\":{\"@id\":\"https:\/\/paulrivera.it\/pl\/prodotti\/kuracje\/hydra-dream-wlosy-przesuszone\/hydra-dream-maska-odzywcza-do-wlosow-przesuszonych\/#primaryimage\"},\"image\":{\"@id\":\"https:\/\/paulrivera.it\/pl\/prodotti\/kuracje\/hydra-dream-wlosy-przesuszone\/hydra-dream-maska-odzywcza-do-wlosow-przesuszonych\/#primaryimage\"},\"thumbnailUrl\":\"https:\/\/paulrivera.it\/wp-content\/uploads\/2020\/02\/6045007_paul_rivera_hydra_dream_nourishing_mask_dry_hair_300ml.png\",\"datePublished\":\"2020-02-18T13:13:13+00:00\",\"dateModified\":\"2024-05-13T07:48:37+00:00\",\"description\":\"Luksusowe po\u0142\u0105czenie, kt\u00f3re odmienia suche w\u0142osy. Maska Hydra Dream, bogata w mas\u0142o Shea i olejek arganowy, dope\u0142ni Twoj\u0105 od\u017cywcz\u0105 i regeneruj\u0105c\u0105 piel\u0119gnacj\u0119 do w\u0142os\u00f3w.\",\"breadcrumb\":{\"@id\":\"https:\/\/paulrivera.it\/pl\/prodotti\/kuracje\/hydra-dream-wlosy-przesuszone\/hydra-dream-maska-odzywcza-do-wlosow-przesuszonych\/#breadcrumb\"},\"inLanguage\":\"pl-PL\",\"potentialAction\":[{\"@type\":\"ReadAction\",\"target\":[\"https:\/\/paulrivera.it\/pl\/prodotti\/kuracje\/hydra-dream-wlosy-przesuszone\/hydra-dream-maska-odzywcza-do-wlosow-przesuszonych\/\"]}]},{\"@type\":\"ImageObject\",\"inLanguage\":\"pl-PL\",\"@id\":\"https:\/\/paulrivera.it\/pl\/prodotti\/kuracje\/hydra-dream-wlosy-przesuszone\/hydra-dream-maska-odzywcza-do-wlosow-przesuszonych\/#primaryimage\",\"url\":\"https:\/\/paulrivera.it\/wp-content\/uploads\/2020\/02\/6045007_paul_rivera_hydra_dream_nourishing_mask_dry_hair_300ml.png\",\"contentUrl\":\"https:\/\/paulrivera.it\/wp-content\/uploads\/2020\/02\/6045007_paul_rivera_hydra_dream_nourishing_mask_dry_hair_300ml.png\",\"width\":800,\"height\":800,\"caption\":\"Hydra Dream - Maska od\u017cywcza do w\u0142os\u00f3w przesuszonych\"},{\"@type\":\"BreadcrumbList\",\"@id\":\"https:\/\/paulrivera.it\/pl\/prodotti\/kuracje\/hydra-dream-wlosy-przesuszone\/hydra-dream-maska-odzywcza-do-wlosow-przesuszonych\/#breadcrumb\",\"itemListElement\":[{\"@type\":\"ListItem\",\"position\":1,\"name\":\"Home\",\"item\":\"https:\/\/paulrivera.it\/pl\/\"},{\"@type\":\"ListItem\",\"position\":2,\"name\":\"Pagina shop\",\"item\":\"https:\/\/paulrivera.it\/prodotti\/\"},{\"@type\":\"ListItem\",\"position\":3,\"name\":\"Hydra Dream &#8211; Maska od\u017cywcza\"}]},{\"@type\":\"WebSite\",\"@id\":\"https:\/\/paulrivera.it\/pl\/#website\",\"url\":\"https:\/\/paulrivera.it\/pl\/\",\"name\":\"Paul Rivera\",\"description\":\"Hair Beauty Celebration\",\"publisher\":{\"@id\":\"https:\/\/paulrivera.it\/pl\/#organization\"},\"potentialAction\":[{\"@type\":\"SearchAction\",\"target\":{\"@type\":\"EntryPoint\",\"urlTemplate\":\"https:\/\/paulrivera.it\/pl\/?s={search_term_string}\"},\"query-input\":{\"@type\":\"PropertyValueSpecification\",\"valueRequired\":true,\"valueName\":\"search_term_string\"}}],\"inLanguage\":\"pl-PL\"},{\"@type\":\"Organization\",\"@id\":\"https:\/\/paulrivera.it\/pl\/#organization\",\"name\":\"Paul Rivera\",\"url\":\"https:\/\/paulrivera.it\/pl\/\",\"logo\":{\"@type\":\"ImageObject\",\"inLanguage\":\"pl-PL\",\"@id\":\"https:\/\/paulrivera.it\/pl\/#\/schema\/logo\/image\/\",\"url\":\"https:\/\/paulrivera.it\/wp-content\/uploads\/2020\/02\/paul_rivera_logo_header_x2.png\",\"contentUrl\":\"https:\/\/paulrivera.it\/wp-content\/uploads\/2020\/02\/paul_rivera_logo_header_x2.png\",\"width\":470,\"height\":60,\"caption\":\"Paul Rivera\"},\"image\":{\"@id\":\"https:\/\/paulrivera.it\/pl\/#\/schema\/logo\/image\/\"}}]}<\/script>\n<!-- \/ Yoast SEO plugin. -->","yoast_head_json":{"title":"Hydra Dream - Maska od\u017cywcza do w\u0142os\u00f3w przesuszonych | Paul Rivera","description":"Luksusowe po\u0142\u0105czenie, kt\u00f3re odmienia suche w\u0142osy. Maska Hydra Dream, bogata w mas\u0142o Shea i olejek arganowy, dope\u0142ni Twoj\u0105 od\u017cywcz\u0105 i regeneruj\u0105c\u0105 piel\u0119gnacj\u0119 do w\u0142os\u00f3w.","robots":{"index":"index","follow":"follow","max-snippet":"max-snippet:-1","max-image-preview":"max-image-preview:large","max-video-preview":"max-video-preview:-1"},"canonical":"https:\/\/paulrivera.it\/pl\/prodotti\/kuracje\/hydra-dream-wlosy-przesuszone\/hydra-dream-maska-odzywcza-do-wlosow-przesuszonych\/","og_locale":"pl_PL","og_type":"article","og_title":"Hydra Dream - Maska od\u017cywcza do w\u0142os\u00f3w przesuszonych | Paul Rivera","og_description":"Luksusowe po\u0142\u0105czenie, kt\u00f3re odmienia suche w\u0142osy. Maska Hydra Dream, bogata w mas\u0142o Shea i olejek arganowy, dope\u0142ni Twoj\u0105 od\u017cywcz\u0105 i regeneruj\u0105c\u0105 piel\u0119gnacj\u0119 do w\u0142os\u00f3w.","og_url":"https:\/\/paulrivera.it\/pl\/prodotti\/kuracje\/hydra-dream-wlosy-przesuszone\/hydra-dream-maska-odzywcza-do-wlosow-przesuszonych\/","og_site_name":"Paul Rivera","article_modified_time":"2024-05-13T07:48:37+00:00","og_image":[{"width":800,"height":800,"url":"https:\/\/paulrivera.it\/wp-content\/uploads\/2020\/02\/6045007_paul_rivera_hydra_dream_nourishing_mask_dry_hair_300ml.png","type":"image\/png"}],"twitter_card":"summary_large_image","twitter_misc":{"Est. reading time":"3 minutes"},"schema":{"@context":"https:\/\/schema.org","@graph":[{"@type":"WebPage","@id":"https:\/\/paulrivera.it\/pl\/prodotti\/kuracje\/hydra-dream-wlosy-przesuszone\/hydra-dream-maska-odzywcza-do-wlosow-przesuszonych\/","url":"https:\/\/paulrivera.it\/pl\/prodotti\/kuracje\/hydra-dream-wlosy-przesuszone\/hydra-dream-maska-odzywcza-do-wlosow-przesuszonych\/","name":"Hydra Dream - Maska od\u017cywcza do w\u0142os\u00f3w przesuszonych | Paul Rivera","isPartOf":{"@id":"https:\/\/paulrivera.it\/pl\/#website"},"primaryImageOfPage":{"@id":"https:\/\/paulrivera.it\/pl\/prodotti\/kuracje\/hydra-dream-wlosy-przesuszone\/hydra-dream-maska-odzywcza-do-wlosow-przesuszonych\/#primaryimage"},"image":{"@id":"https:\/\/paulrivera.it\/pl\/prodotti\/kuracje\/hydra-dream-wlosy-przesuszone\/hydra-dream-maska-odzywcza-do-wlosow-przesuszonych\/#primaryimage"},"thumbnailUrl":"https:\/\/paulrivera.it\/wp-content\/uploads\/2020\/02\/6045007_paul_rivera_hydra_dream_nourishing_mask_dry_hair_300ml.png","datePublished":"2020-02-18T13:13:13+00:00","dateModified":"2024-05-13T07:48:37+00:00","description":"Luksusowe po\u0142\u0105czenie, kt\u00f3re odmienia suche w\u0142osy. Maska Hydra Dream, bogata w mas\u0142o Shea i olejek arganowy, dope\u0142ni Twoj\u0105 od\u017cywcz\u0105 i regeneruj\u0105c\u0105 piel\u0119gnacj\u0119 do w\u0142os\u00f3w.","breadcrumb":{"@id":"https:\/\/paulrivera.it\/pl\/prodotti\/kuracje\/hydra-dream-wlosy-przesuszone\/hydra-dream-maska-odzywcza-do-wlosow-przesuszonych\/#breadcrumb"},"inLanguage":"pl-PL","potentialAction":[{"@type":"ReadAction","target":["https:\/\/paulrivera.it\/pl\/prodotti\/kuracje\/hydra-dream-wlosy-przesuszone\/hydra-dream-maska-odzywcza-do-wlosow-przesuszonych\/"]}]},{"@type":"ImageObject","inLanguage":"pl-PL","@id":"https:\/\/paulrivera.it\/pl\/prodotti\/kuracje\/hydra-dream-wlosy-przesuszone\/hydra-dream-maska-odzywcza-do-wlosow-przesuszonych\/#primaryimage","url":"https:\/\/paulrivera.it\/wp-content\/uploads\/2020\/02\/6045007_paul_rivera_hydra_dream_nourishing_mask_dry_hair_300ml.png","contentUrl":"https:\/\/paulrivera.it\/wp-content\/uploads\/2020\/02\/6045007_paul_rivera_hydra_dream_nourishing_mask_dry_hair_300ml.png","width":800,"height":800,"caption":"Hydra Dream - Maska od\u017cywcza do w\u0142os\u00f3w przesuszonych"},{"@type":"BreadcrumbList","@id":"https:\/\/paulrivera.it\/pl\/prodotti\/kuracje\/hydra-dream-wlosy-przesuszone\/hydra-dream-maska-odzywcza-do-wlosow-przesuszonych\/#breadcrumb","itemListElement":[{"@type":"ListItem","position":1,"name":"Home","item":"https:\/\/paulrivera.it\/pl\/"},{"@type":"ListItem","position":2,"name":"Pagina shop","item":"https:\/\/paulrivera.it\/prodotti\/"},{"@type":"ListItem","position":3,"name":"Hydra Dream &#8211; Maska od\u017cywcza"}]},{"@type":"WebSite","@id":"https:\/\/paulrivera.it\/pl\/#website","url":"https:\/\/paulrivera.it\/pl\/","name":"Paul Rivera","description":"Hair Beauty Celebration","publisher":{"@id":"https:\/\/paulrivera.it\/pl\/#organization"},"potentialAction":[{"@type":"SearchAction","target":{"@type":"EntryPoint","urlTemplate":"https:\/\/paulrivera.it\/pl\/?s={search_term_string}"},"query-input":{"@type":"PropertyValueSpecification","valueRequired":true,"valueName":"search_term_string"}}],"inLanguage":"pl-PL"},{"@type":"Organization","@id":"https:\/\/paulrivera.it\/pl\/#organization","name":"Paul Rivera","url":"https:\/\/paulrivera.it\/pl\/","logo":{"@type":"ImageObject","inLanguage":"pl-PL","@id":"https:\/\/paulrivera.it\/pl\/#\/schema\/logo\/image\/","url":"https:\/\/paulrivera.it\/wp-content\/uploads\/2020\/02\/paul_rivera_logo_header_x2.png","contentUrl":"https:\/\/paulrivera.it\/wp-content\/uploads\/2020\/02\/paul_rivera_logo_header_x2.png","width":470,"height":60,"caption":"Paul Rivera"},"image":{"@id":"https:\/\/paulrivera.it\/pl\/#\/schema\/logo\/image\/"}}]}},"_links":{"self":[{"href":"https:\/\/paulrivera.it\/pl\/wp-json\/wp\/v2\/product\/4053","targetHints":{"allow":["GET"]}}],"collection":[{"href":"https:\/\/paulrivera.it\/pl\/wp-json\/wp\/v2\/product"}],"about":[{"href":"https:\/\/paulrivera.it\/pl\/wp-json\/wp\/v2\/types\/product"}],"wp:featuredmedia":[{"embeddable":true,"href":"https:\/\/paulrivera.it\/pl\/wp-json\/wp\/v2\/media\/4060"}],"wp:attachment":[{"href":"https:\/\/paulrivera.it\/pl\/wp-json\/wp\/v2\/media?parent=4053"}],"wp:term":[{"taxonomy":"product_brand","embeddable":true,"href":"https:\/\/paulrivera.it\/pl\/wp-json\/wp\/v2\/product_brand?post=4053"},{"taxonomy":"product_cat","embeddable":true,"href":"https:\/\/paulrivera.it\/pl\/wp-json\/wp\/v2\/product_cat?post=4053"},{"taxonomy":"product_tag","embeddable":true,"href":"https:\/\/paulrivera.it\/pl\/wp-json\/wp\/v2\/product_tag?post=4053"}],"curies":[{"name":"wp","href":"https:\/\/api.w.org\/{rel}","templated":true}]}}