{"id":4067,"date":"2020-02-18T09:35:27","date_gmt":"2020-02-18T08:35:27","guid":{"rendered":"https:\/\/paulrivera.it\/product\/hydra-dream-kuracja-mineralizujaca-w-ampulkach\/"},"modified":"2024-05-13T10:05:54","modified_gmt":"2024-05-13T08:05:54","slug":"hydra-dream-kuracja-mineralizujaca-w-ampulkach","status":"publish","type":"product","link":"https:\/\/paulrivera.it\/pl\/prodotti\/kuracje\/hydra-dream-wlosy-przesuszone\/hydra-dream-kuracja-mineralizujaca-w-ampulkach\/","title":{"rendered":"Hydra Dream &#8211; Kuracja mineralizuj\u0105ca w ampu\u0142kach"},"content":{"rendered":"<div class=\"wpb-content-wrapper\"><p>[vc_row full_width=&#8221;stretch_row&#8221;][vc_column][vc_row_inner el_id=&#8221;desktop&#8221;][vc_column_inner width=&#8221;1\/2&#8243; css=&#8221;.vc_custom_1582194227194{padding-top: 10% !important;padding-right: 10% !important;padding-bottom: 10% !important;padding-left: 30% !important;}&#8221; offset=&#8221;vc_hidden-md vc_hidden-sm vc_hidden-xs&#8221;][vc_column_text]<\/p>\n<h1>Pokochasz ten produkt za to, \u017ce<\/h1>\n<ul>\n<li><span style=\"font-weight: 400;\">Przeciwdzia\u0142a przesuszeniu w\u0142os\u00f3w os\u0142abionych zabiegami<\/span><\/li>\n<li><span style=\"font-weight: 400;\">Poprawia wygl\u0105d w\u0142os\u00f3w<\/span><\/li>\n<li><span style=\"font-weight: 400;\">Sprawia, \u017ce w\u0142osy s\u0105 mi\u0119kkie i pe\u0142ne blasku<\/span><\/li>\n<li><span style=\"font-weight: 400;\">U\u0142atwia rozczesywanie w\u0142os\u00f3w<\/span><\/li>\n<\/ul>\n<p>[\/vc_column_text][vc_column_text]<\/p>\n<h1>Sk\u0142adniki aktywne zawarte w formule<\/h1>\n<ul>\n<li><span style=\"font-weight: 400;\">Mikroelementy mineralne: m<\/span><span style=\"font-weight: 400;\">ikroelementy mineralne s\u0105 niezb\u0119dne dla organizmu i prawid\u0142owego funkcjonowania kom\u00f3rek. Od\u017cywiaj\u0105 i dog\u0142\u0119bnie regeneruj\u0105 struktur\u0119 os\u0142abionych w\u0142os\u00f3w.<\/span><\/li>\n<\/ul>\n<p>[\/vc_column_text][vc_column_text]<\/p>\n<h1>Jak stosowa\u0107?<\/h1>\n<p><span style=\"font-weight: 400;\">Zawarto\u015b\u0107 ampu\u0142ki mineralizuj\u0105cej na\u0142o\u017cy\u0107 na umyte i osuszone r\u0119cznikiem w\u0142osy. Po kilku minutach sp\u0142uka\u0107 du\u017c\u0105 ilo\u015bci\u0105 letniej wody.<\/span>[\/vc_column_text][\/vc_column_inner][vc_column_inner width=&#8221;1\/2&#8243; css=&#8221;.vc_custom_1582803016762{background-image: url(https:\/\/paulrivera.it\/wp-content\/uploads\/2020\/02\/background_adv_product_hydra_dream.png?id=856) !important;background-position: center !important;background-repeat: no-repeat !important;background-size: cover !important;}&#8221; offset=&#8221;vc_hidden-md vc_hidden-sm vc_hidden-xs&#8221;][vc_single_image image=&#8221;4068&#8243; img_size=&#8221;large&#8221; alignment=&#8221;center&#8221;][\/vc_column_inner][\/vc_row_inner][vc_row_inner el_id=&#8221;tablet&#8221;][vc_column_inner offset=&#8221;vc_hidden-lg vc_hidden-xs&#8221;][vc_column_text]<\/p>\n<h1>Pokochasz ten produkt za to, \u017ce<\/h1>\n<ul>\n<li><span style=\"font-weight: 400;\">Przeciwdzia\u0142a przesuszeniu w\u0142os\u00f3w os\u0142abionych zabiegami<\/span><\/li>\n<li><span style=\"font-weight: 400;\">Poprawia wygl\u0105d w\u0142os\u00f3w<\/span><\/li>\n<li><span style=\"font-weight: 400;\">Sprawia, \u017ce w\u0142osy s\u0105 mi\u0119kkie i pe\u0142ne blasku<\/span><\/li>\n<li><span style=\"font-weight: 400;\">U\u0142atwia rozczesywanie w\u0142os\u00f3w<\/span><\/li>\n<\/ul>\n<p>[\/vc_column_text][vc_column_text]<\/p>\n<h1>Sk\u0142adniki aktywne zawarte w formule<\/h1>\n<ul>\n<li><span style=\"font-weight: 400;\">Mikroelementy mineralne: m<\/span><span style=\"font-weight: 400;\">ikroelementy mineralne s\u0105 niezb\u0119dne dla organizmu i prawid\u0142owego funkcjonowania kom\u00f3rek. Od\u017cywiaj\u0105 i dog\u0142\u0119bnie regeneruj\u0105 struktur\u0119 os\u0142abionych w\u0142os\u00f3w.<\/span><\/li>\n<\/ul>\n<p>[\/vc_column_text][vc_column_text]<\/p>\n<h1>Jak stosowa\u0107?<\/h1>\n<p><span style=\"font-weight: 400;\">Zawarto\u015b\u0107 ampu\u0142ki mineralizuj\u0105cej na\u0142o\u017cy\u0107 na umyte i osuszone r\u0119cznikiem w\u0142osy. Po kilku minutach sp\u0142uka\u0107 du\u017c\u0105 ilo\u015bci\u0105 letniej wody.<\/span>[\/vc_column_text][\/vc_column_inner][\/vc_row_inner][vc_row_inner el_id=&#8221;mobile&#8221;][vc_column_inner width=&#8221;1\/2&#8243; offset=&#8221;vc_hidden-lg vc_hidden-md vc_hidden-sm&#8221;][vc_column_text]<\/p>\n<h1>Pokochasz ten produkt za to, \u017ce<\/h1>\n<ul>\n<li><span style=\"font-weight: 400;\">Przeciwdzia\u0142a przesuszeniu w\u0142os\u00f3w os\u0142abionych zabiegami<\/span><\/li>\n<li><span style=\"font-weight: 400;\">Poprawia wygl\u0105d w\u0142os\u00f3w<\/span><\/li>\n<li><span style=\"font-weight: 400;\">Sprawia, \u017ce w\u0142osy s\u0105 mi\u0119kkie i pe\u0142ne blasku<\/span><\/li>\n<li><span style=\"font-weight: 400;\">U\u0142atwia rozczesywanie w\u0142os\u00f3w<\/span><\/li>\n<\/ul>\n<p>[\/vc_column_text][vc_column_text]<\/p>\n<h1>Sk\u0142adniki aktywne zawarte w formule<\/h1>\n<ul>\n<li><span style=\"font-weight: 400;\">Mikroelementy mineralne: m<\/span><span style=\"font-weight: 400;\">ikroelementy mineralne s\u0105 niezb\u0119dne dla organizmu i prawid\u0142owego funkcjonowania kom\u00f3rek. Od\u017cywiaj\u0105 i dog\u0142\u0119bnie regeneruj\u0105 struktur\u0119 os\u0142abionych w\u0142os\u00f3w.<\/span><\/li>\n<\/ul>\n<p>[\/vc_column_text][vc_column_text]<\/p>\n<h1>Jak stosowa\u0107?<\/h1>\n<p><span style=\"font-weight: 400;\">Zawarto\u015b\u0107 ampu\u0142ki mineralizuj\u0105cej na\u0142o\u017cy\u0107 na umyte i osuszone r\u0119cznikiem w\u0142osy. Po kilku minutach sp\u0142uka\u0107 du\u017c\u0105 ilo\u015bci\u0105 letniej wody.<\/span>[\/vc_column_text][\/vc_column_inner][vc_column_inner width=&#8221;1\/2&#8243; css=&#8221;.vc_custom_1582803036821{background-image: url(https:\/\/paulrivera.it\/wp-content\/uploads\/2020\/02\/background_adv_product_hydra_dream.png?id=856) !important;background-position: center !important;background-repeat: no-repeat !important;background-size: cover !important;}&#8221; offset=&#8221;vc_hidden-lg vc_hidden-md vc_hidden-sm&#8221;][vc_single_image image=&#8221;4068&#8243; img_size=&#8221;large&#8221; alignment=&#8221;center&#8221;][\/vc_column_inner][\/vc_row_inner][\/vc_column][\/vc_row][vc_row css=&#8221;.vc_custom_1582192829011{padding-top: 50px !important;}&#8221;][vc_column][vc_row_inner][vc_column_inner][vc_column_text]<\/p>\n<h1 style=\"text-align: center;\"><span style=\"font-weight: 400;\">Mo\u017cesz wypr\u00f3bowa\u0107 ten produkt z <\/span><\/h1>\n<p>[\/vc_column_text][\/vc_column_inner][\/vc_row_inner][vc_raw_html]JTVCd3BiLXByb2R1Y3Qtc2xpZGVyLXNob3J0Y29kZSUyMGlkJTNEJTIyMjQ1JTIyJTVE[\/vc_raw_html][\/vc_column][\/vc_row]<\/p>\n<\/div>","protected":false},"excerpt":{"rendered":"<p><span style=\"font-weight: 400;\">Aby odzyska\u0107 zdrowy i pi\u0119kny wygl\u0105d, przesuszone w\u0142osy potrzebuj\u0105 odpowiedniego od\u017cywienia. <\/span><span style=\"font-weight: 400;\">Hydra Dream<\/span><span style=\"font-weight: 400;\"> to kompletna kuracja, kt\u00f3ra ma intensywne dzia\u0142anie mineralizuj\u0105ce, niezb\u0119dne do <strong>odbudowy i ochrony struktury w\u0142os\u00f3w<\/strong> zniszczonych zabiegami chemicznymi.<\/span><\/p>\n<p><span style=\"font-weight: 400;\">Emulsja w ampu\u0142kach <\/span><span style=\"font-weight: 400;\">Hydra Dream<\/span><span style=\"font-weight: 400;\"><strong> zwalcza przesuszenie w\u0142os\u00f3w<\/strong>, przywracaj\u0105cy im naturaln\u0105 mi\u0119kko\u015b\u0107 i blask. Mineralne pierwiastki \u015bladowe zawarte w formule stanowi\u0105 cenne \u017ar\u00f3d\u0142o regeneracji dla w\u0142\u00f3kna. Funkcjonalne substancje czynne, uzupe\u0142niaj\u0105 niezb\u0119dne sk\u0142adniki od\u017cywcze, <strong>aby w\u0142osy by\u0142y pi\u0119kne i zjawiskowe<\/strong>.<\/span><\/p>\n<p><span style=\"font-weight: 400;\">12 ampu\u0142ek po 8 ml<\/span><\/p>\n<p>&nbsp;<\/p>\n[maxbutton id=\"8\"]\n","protected":false},"featured_media":4069,"template":"","meta":[],"product_brand":[],"product_cat":[700],"product_tag":[],"class_list":{"0":"post-4067","1":"product","2":"type-product","3":"status-publish","4":"has-post-thumbnail","6":"product_cat-hydra-dream-wlosy-przesuszone","7":"description-off","9":"first","10":"instock","11":"shipping-taxable","12":"product-type-simple"},"yoast_head":"<!-- This site is optimized with the Yoast SEO plugin v27.2 - https:\/\/yoast.com\/product\/yoast-seo-wordpress\/ -->\n<title>Hydra Dream - Kuracja mineralizuj\u0105ca w ampu\u0142kach | Paul Rivera<\/title>\n<meta name=\"description\" content=\"Aby odzyska\u0107 zdrowy i pi\u0119kny wygl\u0105d, przesuszone w\u0142osy potrzebuj\u0105 odpowiedniego od\u017cywienia.\" \/>\n<meta name=\"robots\" content=\"index, follow, max-snippet:-1, max-image-preview:large, max-video-preview:-1\" \/>\n<link rel=\"canonical\" href=\"https:\/\/paulrivera.it\/pl\/prodotti\/kuracje\/hydra-dream-wlosy-przesuszone\/hydra-dream-kuracja-mineralizujaca-w-ampulkach\/\" \/>\n<meta property=\"og:locale\" content=\"pl_PL\" \/>\n<meta property=\"og:type\" content=\"article\" \/>\n<meta property=\"og:title\" content=\"Hydra Dream - Kuracja mineralizuj\u0105ca w ampu\u0142kach | Paul Rivera\" \/>\n<meta property=\"og:description\" content=\"Aby odzyska\u0107 zdrowy i pi\u0119kny wygl\u0105d, przesuszone w\u0142osy potrzebuj\u0105 odpowiedniego od\u017cywienia.\" \/>\n<meta property=\"og:url\" content=\"https:\/\/paulrivera.it\/pl\/prodotti\/kuracje\/hydra-dream-wlosy-przesuszone\/hydra-dream-kuracja-mineralizujaca-w-ampulkach\/\" \/>\n<meta property=\"og:site_name\" content=\"Paul Rivera\" \/>\n<meta property=\"article:modified_time\" content=\"2024-05-13T08:05:54+00:00\" \/>\n<meta property=\"og:image\" content=\"https:\/\/paulrivera.it\/wp-content\/uploads\/2020\/02\/604514_paul_rivera_hydra_dream_nourishing_mineralising_treatment.png\" \/>\n\t<meta property=\"og:image:width\" content=\"800\" \/>\n\t<meta property=\"og:image:height\" content=\"800\" \/>\n\t<meta property=\"og:image:type\" content=\"image\/png\" \/>\n<meta name=\"twitter:card\" content=\"summary_large_image\" \/>\n<meta name=\"twitter:label1\" content=\"Est. reading time\" \/>\n\t<meta name=\"twitter:data1\" content=\"2 minutes\" \/>\n<script type=\"application\/ld+json\" class=\"yoast-schema-graph\">{\"@context\":\"https:\/\/schema.org\",\"@graph\":[{\"@type\":\"WebPage\",\"@id\":\"https:\/\/paulrivera.it\/pl\/prodotti\/kuracje\/hydra-dream-wlosy-przesuszone\/hydra-dream-kuracja-mineralizujaca-w-ampulkach\/\",\"url\":\"https:\/\/paulrivera.it\/pl\/prodotti\/kuracje\/hydra-dream-wlosy-przesuszone\/hydra-dream-kuracja-mineralizujaca-w-ampulkach\/\",\"name\":\"Hydra Dream - Kuracja mineralizuj\u0105ca w ampu\u0142kach | Paul Rivera\",\"isPartOf\":{\"@id\":\"https:\/\/paulrivera.it\/pl\/#website\"},\"primaryImageOfPage\":{\"@id\":\"https:\/\/paulrivera.it\/pl\/prodotti\/kuracje\/hydra-dream-wlosy-przesuszone\/hydra-dream-kuracja-mineralizujaca-w-ampulkach\/#primaryimage\"},\"image\":{\"@id\":\"https:\/\/paulrivera.it\/pl\/prodotti\/kuracje\/hydra-dream-wlosy-przesuszone\/hydra-dream-kuracja-mineralizujaca-w-ampulkach\/#primaryimage\"},\"thumbnailUrl\":\"https:\/\/paulrivera.it\/wp-content\/uploads\/2020\/02\/604514_paul_rivera_hydra_dream_nourishing_mineralising_treatment.png\",\"datePublished\":\"2020-02-18T08:35:27+00:00\",\"dateModified\":\"2024-05-13T08:05:54+00:00\",\"description\":\"Aby odzyska\u0107 zdrowy i pi\u0119kny wygl\u0105d, przesuszone w\u0142osy potrzebuj\u0105 odpowiedniego od\u017cywienia.\",\"breadcrumb\":{\"@id\":\"https:\/\/paulrivera.it\/pl\/prodotti\/kuracje\/hydra-dream-wlosy-przesuszone\/hydra-dream-kuracja-mineralizujaca-w-ampulkach\/#breadcrumb\"},\"inLanguage\":\"pl-PL\",\"potentialAction\":[{\"@type\":\"ReadAction\",\"target\":[\"https:\/\/paulrivera.it\/pl\/prodotti\/kuracje\/hydra-dream-wlosy-przesuszone\/hydra-dream-kuracja-mineralizujaca-w-ampulkach\/\"]}]},{\"@type\":\"ImageObject\",\"inLanguage\":\"pl-PL\",\"@id\":\"https:\/\/paulrivera.it\/pl\/prodotti\/kuracje\/hydra-dream-wlosy-przesuszone\/hydra-dream-kuracja-mineralizujaca-w-ampulkach\/#primaryimage\",\"url\":\"https:\/\/paulrivera.it\/wp-content\/uploads\/2020\/02\/604514_paul_rivera_hydra_dream_nourishing_mineralising_treatment.png\",\"contentUrl\":\"https:\/\/paulrivera.it\/wp-content\/uploads\/2020\/02\/604514_paul_rivera_hydra_dream_nourishing_mineralising_treatment.png\",\"width\":800,\"height\":800,\"caption\":\"Hydra Dream - Kuracja mineralizuj\u0105ca w ampu\u0142kach\"},{\"@type\":\"BreadcrumbList\",\"@id\":\"https:\/\/paulrivera.it\/pl\/prodotti\/kuracje\/hydra-dream-wlosy-przesuszone\/hydra-dream-kuracja-mineralizujaca-w-ampulkach\/#breadcrumb\",\"itemListElement\":[{\"@type\":\"ListItem\",\"position\":1,\"name\":\"Home\",\"item\":\"https:\/\/paulrivera.it\/pl\/\"},{\"@type\":\"ListItem\",\"position\":2,\"name\":\"Pagina shop\",\"item\":\"https:\/\/paulrivera.it\/prodotti\/\"},{\"@type\":\"ListItem\",\"position\":3,\"name\":\"Hydra Dream &#8211; Kuracja mineralizuj\u0105ca w ampu\u0142kach\"}]},{\"@type\":\"WebSite\",\"@id\":\"https:\/\/paulrivera.it\/pl\/#website\",\"url\":\"https:\/\/paulrivera.it\/pl\/\",\"name\":\"Paul Rivera\",\"description\":\"Hair Beauty Celebration\",\"publisher\":{\"@id\":\"https:\/\/paulrivera.it\/pl\/#organization\"},\"potentialAction\":[{\"@type\":\"SearchAction\",\"target\":{\"@type\":\"EntryPoint\",\"urlTemplate\":\"https:\/\/paulrivera.it\/pl\/?s={search_term_string}\"},\"query-input\":{\"@type\":\"PropertyValueSpecification\",\"valueRequired\":true,\"valueName\":\"search_term_string\"}}],\"inLanguage\":\"pl-PL\"},{\"@type\":\"Organization\",\"@id\":\"https:\/\/paulrivera.it\/pl\/#organization\",\"name\":\"Paul Rivera\",\"url\":\"https:\/\/paulrivera.it\/pl\/\",\"logo\":{\"@type\":\"ImageObject\",\"inLanguage\":\"pl-PL\",\"@id\":\"https:\/\/paulrivera.it\/pl\/#\/schema\/logo\/image\/\",\"url\":\"https:\/\/paulrivera.it\/wp-content\/uploads\/2020\/02\/paul_rivera_logo_header_x2.png\",\"contentUrl\":\"https:\/\/paulrivera.it\/wp-content\/uploads\/2020\/02\/paul_rivera_logo_header_x2.png\",\"width\":470,\"height\":60,\"caption\":\"Paul Rivera\"},\"image\":{\"@id\":\"https:\/\/paulrivera.it\/pl\/#\/schema\/logo\/image\/\"}}]}<\/script>\n<!-- \/ Yoast SEO plugin. -->","yoast_head_json":{"title":"Hydra Dream - Kuracja mineralizuj\u0105ca w ampu\u0142kach | Paul Rivera","description":"Aby odzyska\u0107 zdrowy i pi\u0119kny wygl\u0105d, przesuszone w\u0142osy potrzebuj\u0105 odpowiedniego od\u017cywienia.","robots":{"index":"index","follow":"follow","max-snippet":"max-snippet:-1","max-image-preview":"max-image-preview:large","max-video-preview":"max-video-preview:-1"},"canonical":"https:\/\/paulrivera.it\/pl\/prodotti\/kuracje\/hydra-dream-wlosy-przesuszone\/hydra-dream-kuracja-mineralizujaca-w-ampulkach\/","og_locale":"pl_PL","og_type":"article","og_title":"Hydra Dream - Kuracja mineralizuj\u0105ca w ampu\u0142kach | Paul Rivera","og_description":"Aby odzyska\u0107 zdrowy i pi\u0119kny wygl\u0105d, przesuszone w\u0142osy potrzebuj\u0105 odpowiedniego od\u017cywienia.","og_url":"https:\/\/paulrivera.it\/pl\/prodotti\/kuracje\/hydra-dream-wlosy-przesuszone\/hydra-dream-kuracja-mineralizujaca-w-ampulkach\/","og_site_name":"Paul Rivera","article_modified_time":"2024-05-13T08:05:54+00:00","og_image":[{"width":800,"height":800,"url":"https:\/\/paulrivera.it\/wp-content\/uploads\/2020\/02\/604514_paul_rivera_hydra_dream_nourishing_mineralising_treatment.png","type":"image\/png"}],"twitter_card":"summary_large_image","twitter_misc":{"Est. reading time":"2 minutes"},"schema":{"@context":"https:\/\/schema.org","@graph":[{"@type":"WebPage","@id":"https:\/\/paulrivera.it\/pl\/prodotti\/kuracje\/hydra-dream-wlosy-przesuszone\/hydra-dream-kuracja-mineralizujaca-w-ampulkach\/","url":"https:\/\/paulrivera.it\/pl\/prodotti\/kuracje\/hydra-dream-wlosy-przesuszone\/hydra-dream-kuracja-mineralizujaca-w-ampulkach\/","name":"Hydra Dream - Kuracja mineralizuj\u0105ca w ampu\u0142kach | Paul Rivera","isPartOf":{"@id":"https:\/\/paulrivera.it\/pl\/#website"},"primaryImageOfPage":{"@id":"https:\/\/paulrivera.it\/pl\/prodotti\/kuracje\/hydra-dream-wlosy-przesuszone\/hydra-dream-kuracja-mineralizujaca-w-ampulkach\/#primaryimage"},"image":{"@id":"https:\/\/paulrivera.it\/pl\/prodotti\/kuracje\/hydra-dream-wlosy-przesuszone\/hydra-dream-kuracja-mineralizujaca-w-ampulkach\/#primaryimage"},"thumbnailUrl":"https:\/\/paulrivera.it\/wp-content\/uploads\/2020\/02\/604514_paul_rivera_hydra_dream_nourishing_mineralising_treatment.png","datePublished":"2020-02-18T08:35:27+00:00","dateModified":"2024-05-13T08:05:54+00:00","description":"Aby odzyska\u0107 zdrowy i pi\u0119kny wygl\u0105d, przesuszone w\u0142osy potrzebuj\u0105 odpowiedniego od\u017cywienia.","breadcrumb":{"@id":"https:\/\/paulrivera.it\/pl\/prodotti\/kuracje\/hydra-dream-wlosy-przesuszone\/hydra-dream-kuracja-mineralizujaca-w-ampulkach\/#breadcrumb"},"inLanguage":"pl-PL","potentialAction":[{"@type":"ReadAction","target":["https:\/\/paulrivera.it\/pl\/prodotti\/kuracje\/hydra-dream-wlosy-przesuszone\/hydra-dream-kuracja-mineralizujaca-w-ampulkach\/"]}]},{"@type":"ImageObject","inLanguage":"pl-PL","@id":"https:\/\/paulrivera.it\/pl\/prodotti\/kuracje\/hydra-dream-wlosy-przesuszone\/hydra-dream-kuracja-mineralizujaca-w-ampulkach\/#primaryimage","url":"https:\/\/paulrivera.it\/wp-content\/uploads\/2020\/02\/604514_paul_rivera_hydra_dream_nourishing_mineralising_treatment.png","contentUrl":"https:\/\/paulrivera.it\/wp-content\/uploads\/2020\/02\/604514_paul_rivera_hydra_dream_nourishing_mineralising_treatment.png","width":800,"height":800,"caption":"Hydra Dream - Kuracja mineralizuj\u0105ca w ampu\u0142kach"},{"@type":"BreadcrumbList","@id":"https:\/\/paulrivera.it\/pl\/prodotti\/kuracje\/hydra-dream-wlosy-przesuszone\/hydra-dream-kuracja-mineralizujaca-w-ampulkach\/#breadcrumb","itemListElement":[{"@type":"ListItem","position":1,"name":"Home","item":"https:\/\/paulrivera.it\/pl\/"},{"@type":"ListItem","position":2,"name":"Pagina shop","item":"https:\/\/paulrivera.it\/prodotti\/"},{"@type":"ListItem","position":3,"name":"Hydra Dream &#8211; Kuracja mineralizuj\u0105ca w ampu\u0142kach"}]},{"@type":"WebSite","@id":"https:\/\/paulrivera.it\/pl\/#website","url":"https:\/\/paulrivera.it\/pl\/","name":"Paul Rivera","description":"Hair Beauty Celebration","publisher":{"@id":"https:\/\/paulrivera.it\/pl\/#organization"},"potentialAction":[{"@type":"SearchAction","target":{"@type":"EntryPoint","urlTemplate":"https:\/\/paulrivera.it\/pl\/?s={search_term_string}"},"query-input":{"@type":"PropertyValueSpecification","valueRequired":true,"valueName":"search_term_string"}}],"inLanguage":"pl-PL"},{"@type":"Organization","@id":"https:\/\/paulrivera.it\/pl\/#organization","name":"Paul Rivera","url":"https:\/\/paulrivera.it\/pl\/","logo":{"@type":"ImageObject","inLanguage":"pl-PL","@id":"https:\/\/paulrivera.it\/pl\/#\/schema\/logo\/image\/","url":"https:\/\/paulrivera.it\/wp-content\/uploads\/2020\/02\/paul_rivera_logo_header_x2.png","contentUrl":"https:\/\/paulrivera.it\/wp-content\/uploads\/2020\/02\/paul_rivera_logo_header_x2.png","width":470,"height":60,"caption":"Paul Rivera"},"image":{"@id":"https:\/\/paulrivera.it\/pl\/#\/schema\/logo\/image\/"}}]}},"_links":{"self":[{"href":"https:\/\/paulrivera.it\/pl\/wp-json\/wp\/v2\/product\/4067","targetHints":{"allow":["GET"]}}],"collection":[{"href":"https:\/\/paulrivera.it\/pl\/wp-json\/wp\/v2\/product"}],"about":[{"href":"https:\/\/paulrivera.it\/pl\/wp-json\/wp\/v2\/types\/product"}],"wp:featuredmedia":[{"embeddable":true,"href":"https:\/\/paulrivera.it\/pl\/wp-json\/wp\/v2\/media\/4069"}],"wp:attachment":[{"href":"https:\/\/paulrivera.it\/pl\/wp-json\/wp\/v2\/media?parent=4067"}],"wp:term":[{"taxonomy":"product_brand","embeddable":true,"href":"https:\/\/paulrivera.it\/pl\/wp-json\/wp\/v2\/product_brand?post=4067"},{"taxonomy":"product_cat","embeddable":true,"href":"https:\/\/paulrivera.it\/pl\/wp-json\/wp\/v2\/product_cat?post=4067"},{"taxonomy":"product_tag","embeddable":true,"href":"https:\/\/paulrivera.it\/pl\/wp-json\/wp\/v2\/product_tag?post=4067"}],"curies":[{"name":"wp","href":"https:\/\/api.w.org\/{rel}","templated":true}]}}