{"id":4082,"date":"2020-02-18T09:36:49","date_gmt":"2020-02-18T08:36:49","guid":{"rendered":"https:\/\/paulrivera.it\/product\/twister-curl-maska-uelastyczniajaca-2\/"},"modified":"2024-05-13T10:04:56","modified_gmt":"2024-05-13T08:04:56","slug":"twister-curl-maska-uelastyczniajaca-2","status":"publish","type":"product","link":"https:\/\/paulrivera.it\/pl\/prodotti\/kuracje\/twister-curl-wlosy-krecone\/twister-curl-maska-uelastyczniajaca-2\/","title":{"rendered":"Twister Curl &#8211;  Maska uelastyczniaj\u0105ca"},"content":{"rendered":"<div class=\"wpb-content-wrapper\"><p>[vc_row full_width=&#8221;stretch_row&#8221;][vc_column][vc_row_inner el_id=&#8221;desktop&#8221;][vc_column_inner width=&#8221;1\/2&#8243; css=&#8221;.vc_custom_1582194227194{padding-top: 10% !important;padding-right: 10% !important;padding-bottom: 10% !important;padding-left: 30% !important;}&#8221; offset=&#8221;vc_hidden-md vc_hidden-sm vc_hidden-xs&#8221;][vc_column_text]<\/p>\n<h1>Pokochasz ten produkt za to, \u017ce<\/h1>\n<ul>\n<li><span style=\"font-weight: 400;\">Wzmacnia spr\u0119\u017cysto\u015b\u0107 lok\u00f3w<\/span><\/li>\n<li>Eliminuje puszenie si\u0119 w\u0142os\u00f3w<\/li>\n<li>W\u0142osy s\u0105 mi\u0119kkie i podatne na uk\u0142adanie<\/li>\n<\/ul>\n<p>[\/vc_column_text][vc_column_text]<\/p>\n<h1>Sk\u0142adniki aktywne zawarte w formule<\/h1>\n<ul>\n<li><span style=\"font-weight: 400;\">Wyci\u0105g z malwy: w<\/span>yci\u0105g z ro\u015bliny leczniczej znanej z w\u0142a\u015bciwo\u015bci przeciwzapalnych i przeciwb\u00f3lowych ma du\u017c\u0105 moc nawil\u017caj\u0105c\u0105 i zmi\u0119kczaj\u0105c\u0105.<\/li>\n<li>Granat: granat to owoc o niezliczonych w\u0142a\u015bciwo\u015bciach leczniczych, bogaty w witaminy i sole mineralne o dzia\u0142aniu regeneruj\u0105cym, antyoksydacyjnym i uelastyczniaj\u0105cym.<\/li>\n<\/ul>\n<p>[\/vc_column_text][vc_column_text]<\/p>\n<h1>Jak stosowa\u0107?<\/h1>\n<p><span style=\"font-weight: 400;\">Po oczyszczeniu w\u0142os\u00f3w <a href=\"https:\/\/paulrivera.it\/pl\/produkt\/twister-curl-szampon-uelastyczniajacy\/\">szamponem <\/a><\/span><span style=\"font-weight: 400;\">Twister Curl<\/span><span style=\"font-weight: 400;\"> na\u0142o\u017cy\u0107 mask\u0119 na osuszone r\u0119cznikiem w\u0142osy i pozostawi\u0107 j\u0105 na 5-10 minut. Dok\u0142adnie sp\u0142uka\u0107.<\/span>[\/vc_column_text][\/vc_column_inner][vc_column_inner width=&#8221;1\/2&#8243; css=&#8221;.vc_custom_1582817460175{background-image: url(https:\/\/paulrivera.it\/wp-content\/uploads\/2020\/02\/background_adv_product_twister_curl.png?id=881) !important;background-position: center !important;background-repeat: no-repeat !important;background-size: cover !important;}&#8221; offset=&#8221;vc_hidden-md vc_hidden-sm vc_hidden-xs&#8221;][vc_single_image image=&#8221;4077&#8243; img_size=&#8221;large&#8221; alignment=&#8221;center&#8221;][\/vc_column_inner][\/vc_row_inner][vc_row_inner el_id=&#8221;tablet&#8221;][vc_column_inner offset=&#8221;vc_hidden-lg vc_hidden-xs&#8221;][vc_column_text]<\/p>\n<h1>Pokochasz ten produkt za to, \u017ce<\/h1>\n<ul>\n<li><span style=\"font-weight: 400;\">Wzmacnia spr\u0119\u017cysto\u015b\u0107 lok\u00f3w<\/span><\/li>\n<li>Eliminuje puszenie si\u0119 w\u0142os\u00f3w<\/li>\n<li>W\u0142osy s\u0105 mi\u0119kkie i podatne na uk\u0142adanie<\/li>\n<\/ul>\n<p>[\/vc_column_text][vc_column_text]<\/p>\n<h1>Sk\u0142adniki aktywne zawarte w formule<\/h1>\n<ul>\n<li><span style=\"font-weight: 400;\">Wyci\u0105g z malwy: w<\/span>yci\u0105g z ro\u015bliny leczniczej znanej z w\u0142a\u015bciwo\u015bci przeciwzapalnych i przeciwb\u00f3lowych ma du\u017c\u0105 moc nawil\u017caj\u0105c\u0105 i zmi\u0119kczaj\u0105c\u0105.<\/li>\n<li>Granat: granat to owoc o niezliczonych w\u0142a\u015bciwo\u015bciach leczniczych, bogaty w witaminy i sole mineralne o dzia\u0142aniu regeneruj\u0105cym, antyoksydacyjnym i uelastyczniaj\u0105cym.<\/li>\n<\/ul>\n<p>[\/vc_column_text][vc_column_text]<\/p>\n<h1>Jak stosowa\u0107?<\/h1>\n<p><span style=\"font-weight: 400;\">Po oczyszczeniu w\u0142os\u00f3w <a href=\"https:\/\/paulrivera.it\/pl\/produkt\/twister-curl-szampon-uelastyczniajacy\/\">szamponem <\/a><\/span><span style=\"font-weight: 400;\">Twister Curl<\/span><span style=\"font-weight: 400;\"> na\u0142o\u017cy\u0107 mask\u0119 na osuszone r\u0119cznikiem w\u0142osy i pozostawi\u0107 j\u0105 na 5-10 minut. Dok\u0142adnie sp\u0142uka\u0107.<\/span>[\/vc_column_text][\/vc_column_inner][\/vc_row_inner][vc_row_inner el_id=&#8221;mobile&#8221;][vc_column_inner width=&#8221;1\/2&#8243; offset=&#8221;vc_hidden-lg vc_hidden-md vc_hidden-sm&#8221;][vc_column_text]<\/p>\n<h1>Pokochasz ten produkt za to, \u017ce<\/h1>\n<ul>\n<li><span style=\"font-weight: 400;\">Wzmacnia spr\u0119\u017cysto\u015b\u0107 lok\u00f3w<\/span><\/li>\n<li>Eliminuje puszenie si\u0119 w\u0142os\u00f3w<\/li>\n<li>W\u0142osy s\u0105 mi\u0119kkie i podatne na uk\u0142adanie<\/li>\n<\/ul>\n<p>[\/vc_column_text][vc_column_text]<\/p>\n<h1>Sk\u0142adniki aktywne zawarte w formule<\/h1>\n<ul>\n<li><span style=\"font-weight: 400;\">Wyci\u0105g z malwy: w<\/span>yci\u0105g z ro\u015bliny leczniczej znanej z w\u0142a\u015bciwo\u015bci przeciwzapalnych i przeciwb\u00f3lowych ma du\u017c\u0105 moc nawil\u017caj\u0105c\u0105 i zmi\u0119kczaj\u0105c\u0105.<\/li>\n<li>Granat: granat to owoc o niezliczonych w\u0142a\u015bciwo\u015bciach leczniczych, bogaty w witaminy i sole mineralne o dzia\u0142aniu regeneruj\u0105cym, antyoksydacyjnym i uelastyczniaj\u0105cym.<\/li>\n<\/ul>\n<p>[\/vc_column_text][vc_column_text]<\/p>\n<h1>Jak stosowa\u0107?<\/h1>\n<p><span style=\"font-weight: 400;\">Po oczyszczeniu w\u0142os\u00f3w <a href=\"https:\/\/paulrivera.it\/pl\/produkt\/twister-curl-szampon-uelastyczniajacy\/\">szamponem <\/a><\/span><span style=\"font-weight: 400;\">Twister Curl<\/span><span style=\"font-weight: 400;\"> na\u0142o\u017cy\u0107 mask\u0119 na osuszone r\u0119cznikiem w\u0142osy i pozostawi\u0107 j\u0105 na 5-10 minut. Dok\u0142adnie sp\u0142uka\u0107.<\/span>[\/vc_column_text][\/vc_column_inner][vc_column_inner width=&#8221;1\/2&#8243; css=&#8221;.vc_custom_1582817520724{background-image: url(https:\/\/paulrivera.it\/wp-content\/uploads\/2020\/02\/background_adv_product_twister_curl.png?id=881) !important;background-position: center !important;background-repeat: no-repeat !important;background-size: cover !important;}&#8221; offset=&#8221;vc_hidden-lg vc_hidden-md vc_hidden-sm&#8221;][vc_single_image image=&#8221;4077&#8243; img_size=&#8221;large&#8221; alignment=&#8221;center&#8221;][\/vc_column_inner][\/vc_row_inner][\/vc_column][\/vc_row][vc_row css=&#8221;.vc_custom_1582192829011{padding-top: 50px !important;}&#8221;][vc_column][vc_row_inner][vc_column_inner][vc_column_text]<\/p>\n<h1 style=\"text-align: center;\"><span style=\"font-weight: 400;\">Mo\u017cesz wypr\u00f3bowa\u0107 ten produkt z<\/span><\/h1>\n<p>[\/vc_column_text][\/vc_column_inner][\/vc_row_inner][vc_raw_html]JTVCd3BiLXByb2R1Y3Qtc2xpZGVyLXNob3J0Y29kZSUyMGlkJTNEJTIyMjc4JTIyJTVE[\/vc_raw_html][\/vc_column][\/vc_row]<\/p>\n<\/div>","protected":false},"excerpt":{"rendered":"<p><span style=\"font-weight: 400;\">Twister Curl<\/span><span style=\"font-weight: 400;\"> to maska o bogatej konsystencji z wyci\u0105giem z<strong> malwy i granatu<\/strong>, stworzona, aby udoskonali\u0107 loki i zachowa\u0107 ich naturalny kszta\u0142t.<\/span> <span style=\"font-weight: 400;\"> Nawil\u017ca i od\u017cywia w\u0142osy kr\u0119cone, gwarantuj\u0105c maksymaln\u0105 spr\u0119\u017cysto\u015b\u0107 i u\u0142atwiaj\u0105c ich rozczesywanie, nawet w przypadku najbardziej spl\u0105tanych kosmyk\u00f3w.<\/span><\/p>\n<p><span style=\"font-weight: 400;\">Naturalnie pi\u0119kne, kr\u0119cone w\u0142osy, jedwabiste, pe\u0142ne blasku i \u0142atwe do rozczesania. <strong>W\u0142osy s\u0105 mi\u0119kkie w dotyku, nie pusz\u0105 si\u0119 i pi\u0119knie si\u0119 uk\u0142adaj\u0105<\/strong>.<\/span><\/p>\n<p><span style=\"font-weight: 400;\">500 ml<\/span><\/p>\n<p>&nbsp;<\/p>\n[maxbutton id=\"8\"]\n","protected":false},"featured_media":4083,"template":"","meta":[],"product_brand":[],"product_cat":[705],"product_tag":[],"class_list":{"0":"post-4082","1":"product","2":"type-product","3":"status-publish","4":"has-post-thumbnail","6":"product_cat-twister-curl-wlosy-krecone","7":"description-off","9":"first","10":"instock","11":"shipping-taxable","12":"product-type-simple"},"yoast_head":"<!-- This site is optimized with the Yoast SEO plugin v27.2 - https:\/\/yoast.com\/product\/yoast-seo-wordpress\/ -->\n<title>Twister Curl - Maska uelastyczniaj\u0105ca do w\u0142os\u00f3w kr\u0119conych | Paul Rivera<\/title>\n<meta name=\"description\" content=\"Twister Curl to maska o bogatej konsystencji z wyci\u0105giem z malwy i granatu, stworzona, aby udoskonali\u0107 loki i zachowa\u0107 ich naturalny kszta\u0142t.\" \/>\n<meta name=\"robots\" content=\"index, follow, max-snippet:-1, max-image-preview:large, max-video-preview:-1\" \/>\n<link rel=\"canonical\" href=\"https:\/\/paulrivera.it\/pl\/prodotti\/kuracje\/twister-curl-wlosy-krecone\/twister-curl-maska-uelastyczniajaca-2\/\" \/>\n<meta property=\"og:locale\" content=\"pl_PL\" \/>\n<meta property=\"og:type\" content=\"article\" \/>\n<meta property=\"og:title\" content=\"Twister Curl - Maska uelastyczniaj\u0105ca do w\u0142os\u00f3w kr\u0119conych | Paul Rivera\" \/>\n<meta property=\"og:description\" content=\"Twister Curl to maska o bogatej konsystencji z wyci\u0105giem z malwy i granatu, stworzona, aby udoskonali\u0107 loki i zachowa\u0107 ich naturalny kszta\u0142t.\" \/>\n<meta property=\"og:url\" content=\"https:\/\/paulrivera.it\/pl\/prodotti\/kuracje\/twister-curl-wlosy-krecone\/twister-curl-maska-uelastyczniajaca-2\/\" \/>\n<meta property=\"og:site_name\" content=\"Paul Rivera\" \/>\n<meta property=\"article:modified_time\" content=\"2024-05-13T08:04:56+00:00\" \/>\n<meta property=\"og:image\" content=\"https:\/\/paulrivera.it\/wp-content\/uploads\/2020\/02\/604569_paul_rivera_twister_curl_elasticizing_mask_curly_hair_500ml.png\" \/>\n\t<meta property=\"og:image:width\" content=\"800\" \/>\n\t<meta property=\"og:image:height\" content=\"800\" \/>\n\t<meta property=\"og:image:type\" content=\"image\/png\" \/>\n<meta name=\"twitter:card\" content=\"summary_large_image\" \/>\n<meta name=\"twitter:label1\" content=\"Est. reading time\" \/>\n\t<meta name=\"twitter:data1\" content=\"2 minutes\" \/>\n<script type=\"application\/ld+json\" class=\"yoast-schema-graph\">{\"@context\":\"https:\/\/schema.org\",\"@graph\":[{\"@type\":\"WebPage\",\"@id\":\"https:\/\/paulrivera.it\/pl\/prodotti\/kuracje\/twister-curl-wlosy-krecone\/twister-curl-maska-uelastyczniajaca-2\/\",\"url\":\"https:\/\/paulrivera.it\/pl\/prodotti\/kuracje\/twister-curl-wlosy-krecone\/twister-curl-maska-uelastyczniajaca-2\/\",\"name\":\"Twister Curl - Maska uelastyczniaj\u0105ca do w\u0142os\u00f3w kr\u0119conych | Paul Rivera\",\"isPartOf\":{\"@id\":\"https:\/\/paulrivera.it\/pl\/#website\"},\"primaryImageOfPage\":{\"@id\":\"https:\/\/paulrivera.it\/pl\/prodotti\/kuracje\/twister-curl-wlosy-krecone\/twister-curl-maska-uelastyczniajaca-2\/#primaryimage\"},\"image\":{\"@id\":\"https:\/\/paulrivera.it\/pl\/prodotti\/kuracje\/twister-curl-wlosy-krecone\/twister-curl-maska-uelastyczniajaca-2\/#primaryimage\"},\"thumbnailUrl\":\"https:\/\/paulrivera.it\/wp-content\/uploads\/2020\/02\/604569_paul_rivera_twister_curl_elasticizing_mask_curly_hair_500ml.png\",\"datePublished\":\"2020-02-18T08:36:49+00:00\",\"dateModified\":\"2024-05-13T08:04:56+00:00\",\"description\":\"Twister Curl to maska o bogatej konsystencji z wyci\u0105giem z malwy i granatu, stworzona, aby udoskonali\u0107 loki i zachowa\u0107 ich naturalny kszta\u0142t.\",\"breadcrumb\":{\"@id\":\"https:\/\/paulrivera.it\/pl\/prodotti\/kuracje\/twister-curl-wlosy-krecone\/twister-curl-maska-uelastyczniajaca-2\/#breadcrumb\"},\"inLanguage\":\"pl-PL\",\"potentialAction\":[{\"@type\":\"ReadAction\",\"target\":[\"https:\/\/paulrivera.it\/pl\/prodotti\/kuracje\/twister-curl-wlosy-krecone\/twister-curl-maska-uelastyczniajaca-2\/\"]}]},{\"@type\":\"ImageObject\",\"inLanguage\":\"pl-PL\",\"@id\":\"https:\/\/paulrivera.it\/pl\/prodotti\/kuracje\/twister-curl-wlosy-krecone\/twister-curl-maska-uelastyczniajaca-2\/#primaryimage\",\"url\":\"https:\/\/paulrivera.it\/wp-content\/uploads\/2020\/02\/604569_paul_rivera_twister_curl_elasticizing_mask_curly_hair_500ml.png\",\"contentUrl\":\"https:\/\/paulrivera.it\/wp-content\/uploads\/2020\/02\/604569_paul_rivera_twister_curl_elasticizing_mask_curly_hair_500ml.png\",\"width\":800,\"height\":800,\"caption\":\"Twister Curl - Maska uelastyczniaj\u0105ca\"},{\"@type\":\"BreadcrumbList\",\"@id\":\"https:\/\/paulrivera.it\/pl\/prodotti\/kuracje\/twister-curl-wlosy-krecone\/twister-curl-maska-uelastyczniajaca-2\/#breadcrumb\",\"itemListElement\":[{\"@type\":\"ListItem\",\"position\":1,\"name\":\"Home\",\"item\":\"https:\/\/paulrivera.it\/pl\/\"},{\"@type\":\"ListItem\",\"position\":2,\"name\":\"Pagina shop\",\"item\":\"https:\/\/paulrivera.it\/prodotti\/\"},{\"@type\":\"ListItem\",\"position\":3,\"name\":\"Twister Curl &#8211; Maska uelastyczniaj\u0105ca\"}]},{\"@type\":\"WebSite\",\"@id\":\"https:\/\/paulrivera.it\/pl\/#website\",\"url\":\"https:\/\/paulrivera.it\/pl\/\",\"name\":\"Paul Rivera\",\"description\":\"Hair Beauty Celebration\",\"publisher\":{\"@id\":\"https:\/\/paulrivera.it\/pl\/#organization\"},\"potentialAction\":[{\"@type\":\"SearchAction\",\"target\":{\"@type\":\"EntryPoint\",\"urlTemplate\":\"https:\/\/paulrivera.it\/pl\/?s={search_term_string}\"},\"query-input\":{\"@type\":\"PropertyValueSpecification\",\"valueRequired\":true,\"valueName\":\"search_term_string\"}}],\"inLanguage\":\"pl-PL\"},{\"@type\":\"Organization\",\"@id\":\"https:\/\/paulrivera.it\/pl\/#organization\",\"name\":\"Paul Rivera\",\"url\":\"https:\/\/paulrivera.it\/pl\/\",\"logo\":{\"@type\":\"ImageObject\",\"inLanguage\":\"pl-PL\",\"@id\":\"https:\/\/paulrivera.it\/pl\/#\/schema\/logo\/image\/\",\"url\":\"https:\/\/paulrivera.it\/wp-content\/uploads\/2020\/02\/paul_rivera_logo_header_x2.png\",\"contentUrl\":\"https:\/\/paulrivera.it\/wp-content\/uploads\/2020\/02\/paul_rivera_logo_header_x2.png\",\"width\":470,\"height\":60,\"caption\":\"Paul Rivera\"},\"image\":{\"@id\":\"https:\/\/paulrivera.it\/pl\/#\/schema\/logo\/image\/\"}}]}<\/script>\n<!-- \/ Yoast SEO plugin. -->","yoast_head_json":{"title":"Twister Curl - Maska uelastyczniaj\u0105ca do w\u0142os\u00f3w kr\u0119conych | Paul Rivera","description":"Twister Curl to maska o bogatej konsystencji z wyci\u0105giem z malwy i granatu, stworzona, aby udoskonali\u0107 loki i zachowa\u0107 ich naturalny kszta\u0142t.","robots":{"index":"index","follow":"follow","max-snippet":"max-snippet:-1","max-image-preview":"max-image-preview:large","max-video-preview":"max-video-preview:-1"},"canonical":"https:\/\/paulrivera.it\/pl\/prodotti\/kuracje\/twister-curl-wlosy-krecone\/twister-curl-maska-uelastyczniajaca-2\/","og_locale":"pl_PL","og_type":"article","og_title":"Twister Curl - Maska uelastyczniaj\u0105ca do w\u0142os\u00f3w kr\u0119conych | Paul Rivera","og_description":"Twister Curl to maska o bogatej konsystencji z wyci\u0105giem z malwy i granatu, stworzona, aby udoskonali\u0107 loki i zachowa\u0107 ich naturalny kszta\u0142t.","og_url":"https:\/\/paulrivera.it\/pl\/prodotti\/kuracje\/twister-curl-wlosy-krecone\/twister-curl-maska-uelastyczniajaca-2\/","og_site_name":"Paul Rivera","article_modified_time":"2024-05-13T08:04:56+00:00","og_image":[{"width":800,"height":800,"url":"https:\/\/paulrivera.it\/wp-content\/uploads\/2020\/02\/604569_paul_rivera_twister_curl_elasticizing_mask_curly_hair_500ml.png","type":"image\/png"}],"twitter_card":"summary_large_image","twitter_misc":{"Est. reading time":"2 minutes"},"schema":{"@context":"https:\/\/schema.org","@graph":[{"@type":"WebPage","@id":"https:\/\/paulrivera.it\/pl\/prodotti\/kuracje\/twister-curl-wlosy-krecone\/twister-curl-maska-uelastyczniajaca-2\/","url":"https:\/\/paulrivera.it\/pl\/prodotti\/kuracje\/twister-curl-wlosy-krecone\/twister-curl-maska-uelastyczniajaca-2\/","name":"Twister Curl - Maska uelastyczniaj\u0105ca do w\u0142os\u00f3w kr\u0119conych | Paul Rivera","isPartOf":{"@id":"https:\/\/paulrivera.it\/pl\/#website"},"primaryImageOfPage":{"@id":"https:\/\/paulrivera.it\/pl\/prodotti\/kuracje\/twister-curl-wlosy-krecone\/twister-curl-maska-uelastyczniajaca-2\/#primaryimage"},"image":{"@id":"https:\/\/paulrivera.it\/pl\/prodotti\/kuracje\/twister-curl-wlosy-krecone\/twister-curl-maska-uelastyczniajaca-2\/#primaryimage"},"thumbnailUrl":"https:\/\/paulrivera.it\/wp-content\/uploads\/2020\/02\/604569_paul_rivera_twister_curl_elasticizing_mask_curly_hair_500ml.png","datePublished":"2020-02-18T08:36:49+00:00","dateModified":"2024-05-13T08:04:56+00:00","description":"Twister Curl to maska o bogatej konsystencji z wyci\u0105giem z malwy i granatu, stworzona, aby udoskonali\u0107 loki i zachowa\u0107 ich naturalny kszta\u0142t.","breadcrumb":{"@id":"https:\/\/paulrivera.it\/pl\/prodotti\/kuracje\/twister-curl-wlosy-krecone\/twister-curl-maska-uelastyczniajaca-2\/#breadcrumb"},"inLanguage":"pl-PL","potentialAction":[{"@type":"ReadAction","target":["https:\/\/paulrivera.it\/pl\/prodotti\/kuracje\/twister-curl-wlosy-krecone\/twister-curl-maska-uelastyczniajaca-2\/"]}]},{"@type":"ImageObject","inLanguage":"pl-PL","@id":"https:\/\/paulrivera.it\/pl\/prodotti\/kuracje\/twister-curl-wlosy-krecone\/twister-curl-maska-uelastyczniajaca-2\/#primaryimage","url":"https:\/\/paulrivera.it\/wp-content\/uploads\/2020\/02\/604569_paul_rivera_twister_curl_elasticizing_mask_curly_hair_500ml.png","contentUrl":"https:\/\/paulrivera.it\/wp-content\/uploads\/2020\/02\/604569_paul_rivera_twister_curl_elasticizing_mask_curly_hair_500ml.png","width":800,"height":800,"caption":"Twister Curl - Maska uelastyczniaj\u0105ca"},{"@type":"BreadcrumbList","@id":"https:\/\/paulrivera.it\/pl\/prodotti\/kuracje\/twister-curl-wlosy-krecone\/twister-curl-maska-uelastyczniajaca-2\/#breadcrumb","itemListElement":[{"@type":"ListItem","position":1,"name":"Home","item":"https:\/\/paulrivera.it\/pl\/"},{"@type":"ListItem","position":2,"name":"Pagina shop","item":"https:\/\/paulrivera.it\/prodotti\/"},{"@type":"ListItem","position":3,"name":"Twister Curl &#8211; Maska uelastyczniaj\u0105ca"}]},{"@type":"WebSite","@id":"https:\/\/paulrivera.it\/pl\/#website","url":"https:\/\/paulrivera.it\/pl\/","name":"Paul Rivera","description":"Hair Beauty Celebration","publisher":{"@id":"https:\/\/paulrivera.it\/pl\/#organization"},"potentialAction":[{"@type":"SearchAction","target":{"@type":"EntryPoint","urlTemplate":"https:\/\/paulrivera.it\/pl\/?s={search_term_string}"},"query-input":{"@type":"PropertyValueSpecification","valueRequired":true,"valueName":"search_term_string"}}],"inLanguage":"pl-PL"},{"@type":"Organization","@id":"https:\/\/paulrivera.it\/pl\/#organization","name":"Paul Rivera","url":"https:\/\/paulrivera.it\/pl\/","logo":{"@type":"ImageObject","inLanguage":"pl-PL","@id":"https:\/\/paulrivera.it\/pl\/#\/schema\/logo\/image\/","url":"https:\/\/paulrivera.it\/wp-content\/uploads\/2020\/02\/paul_rivera_logo_header_x2.png","contentUrl":"https:\/\/paulrivera.it\/wp-content\/uploads\/2020\/02\/paul_rivera_logo_header_x2.png","width":470,"height":60,"caption":"Paul Rivera"},"image":{"@id":"https:\/\/paulrivera.it\/pl\/#\/schema\/logo\/image\/"}}]}},"_links":{"self":[{"href":"https:\/\/paulrivera.it\/pl\/wp-json\/wp\/v2\/product\/4082","targetHints":{"allow":["GET"]}}],"collection":[{"href":"https:\/\/paulrivera.it\/pl\/wp-json\/wp\/v2\/product"}],"about":[{"href":"https:\/\/paulrivera.it\/pl\/wp-json\/wp\/v2\/types\/product"}],"wp:featuredmedia":[{"embeddable":true,"href":"https:\/\/paulrivera.it\/pl\/wp-json\/wp\/v2\/media\/4083"}],"wp:attachment":[{"href":"https:\/\/paulrivera.it\/pl\/wp-json\/wp\/v2\/media?parent=4082"}],"wp:term":[{"taxonomy":"product_brand","embeddable":true,"href":"https:\/\/paulrivera.it\/pl\/wp-json\/wp\/v2\/product_brand?post=4082"},{"taxonomy":"product_cat","embeddable":true,"href":"https:\/\/paulrivera.it\/pl\/wp-json\/wp\/v2\/product_cat?post=4082"},{"taxonomy":"product_tag","embeddable":true,"href":"https:\/\/paulrivera.it\/pl\/wp-json\/wp\/v2\/product_tag?post=4082"}],"curies":[{"name":"wp","href":"https:\/\/api.w.org\/{rel}","templated":true}]}}