{"id":4101,"date":"2020-02-18T14:17:44","date_gmt":"2020-02-18T13:17:44","guid":{"rendered":"https:\/\/paulrivera.it\/product\/absolute-sleek-szampon-dyscyplinujacy\/"},"modified":"2024-05-13T09:47:14","modified_gmt":"2024-05-13T07:47:14","slug":"absolute-sleek-szampon-dyscyplinujacy","status":"publish","type":"product","link":"https:\/\/paulrivera.it\/pl\/prodotti\/kuracje\/absolute-sleek-wlosy-puszace-sie\/absolute-sleek-szampon-dyscyplinujacy\/","title":{"rendered":"Absolute Sleek &#8211; Szampon dyscyplinuj\u0105cy"},"content":{"rendered":"<div class=\"wpb-content-wrapper\"><p>[vc_row full_width=&#8221;stretch_row&#8221;][vc_column][vc_row_inner el_id=&#8221;desktop&#8221;][vc_column_inner width=&#8221;1\/2&#8243; css=&#8221;.vc_custom_1582194227194{padding-top: 10% !important;padding-right: 10% !important;padding-bottom: 10% !important;padding-left: 30% !important;}&#8221; offset=&#8221;vc_hidden-md vc_hidden-sm vc_hidden-xs&#8221;][vc_column_text]<\/p>\n<h1>Pokochasz ten produkt za to, \u017ce<\/h1>\n<ul>\n<li><span style=\"font-weight: 400;\">Oczyszcza i dyscyplinuje w\u0142osy<\/span><\/li>\n<li>Chroni w\u0142osy przed puszeniem si\u0119<\/li>\n<li>Sprawia, \u017ce w\u0142osy s\u0105 jedwabi\u015bcie mi\u0119kkie<\/li>\n<li>Jest sprzymierze\u0144cem w walce z przesuszeniem w\u0142os\u00f3w<\/li>\n<\/ul>\n<p>[\/vc_column_text][vc_column_text]<\/p>\n<h1>Sk\u0142adniki aktywne zawarte w formule<\/h1>\n<ul>\n<li><span style=\"font-weight: 400;\">Wyci\u0105g z kasztana: d<\/span>zi\u0119ki zawarto\u015bci witamin i soli mineralnych takich jak potas, \u017celazo, fosfor i wap\u0144, ekstrakty z kasztanowca wspomagaj\u0105 regeneracj\u0119 i poprawiaj\u0105 nawil\u017cenie.<\/li>\n<li>Moringa: bogata w aminokwasy, witaminy i minera\u0142y, polecana jest ze wzgl\u0119du na swoje w\u0142a\u015bciwo\u015bci zmi\u0119kczaj\u0105ce, przeciwutleniaj\u0105ce i nawil\u017caj\u0105ce.<\/li>\n<\/ul>\n<p>[\/vc_column_text][vc_column_text]<\/p>\n<h1>Jak stosowa\u0107?<\/h1>\n<p><span style=\"font-weight: 400;\">Na\u0142o\u017cy\u0107 na mokre w\u0142osy i wmasowa\u0107. Sp\u0142uka\u0107 i w razie potrzeby powt\u00f3rzy\u0107 czynno\u015b\u0107. Nast\u0119pnie zako\u0144czy\u0107 piel\u0119gnacj\u0119, nak\u0142adaj\u0105c <a href=\"https:\/\/paulrivera.it\/pl\/produkt\/absolute-sleek-maska-dyscyplinujaca\/\">mask\u0119<\/a> do w\u0142os\u00f3w pusz\u0105cych si\u0119 <\/span><span style=\"font-weight: 400;\">Absolute Sleek<\/span><span style=\"font-weight: 400;\">.<\/span>[\/vc_column_text][\/vc_column_inner][vc_column_inner width=&#8221;1\/2&#8243; css=&#8221;.vc_custom_1582801465214{background-image: url(https:\/\/paulrivera.it\/wp-content\/uploads\/2020\/02\/background_adv_product_absolute_sleek.png?id=846) !important;background-position: center !important;background-repeat: no-repeat !important;background-size: cover !important;}&#8221; offset=&#8221;vc_hidden-md vc_hidden-sm vc_hidden-xs&#8221;][vc_single_image image=&#8221;4097&#8243; img_size=&#8221;large&#8221; alignment=&#8221;center&#8221;][\/vc_column_inner][\/vc_row_inner][vc_row_inner el_id=&#8221;tablet&#8221;][vc_column_inner offset=&#8221;vc_hidden-lg vc_hidden-xs&#8221;][vc_column_text]<\/p>\n<h1>Pokochasz ten produkt za to, \u017ce<\/h1>\n<ul>\n<li><span style=\"font-weight: 400;\">Oczyszcza i dyscyplinuje w\u0142osy<\/span><\/li>\n<li>Chroni w\u0142osy przed puszeniem si\u0119<\/li>\n<li>Sprawia, \u017ce w\u0142osy s\u0105 jedwabi\u015bcie mi\u0119kkie<\/li>\n<li>Jest sprzymierze\u0144cem w walce z przesuszeniem w\u0142os\u00f3w<\/li>\n<\/ul>\n<p>[\/vc_column_text][vc_column_text]<\/p>\n<h1>Sk\u0142adniki aktywne zawarte w formule<\/h1>\n<ul>\n<li><span style=\"font-weight: 400;\">Wyci\u0105g z kasztana: d<\/span>zi\u0119ki zawarto\u015bci witamin i soli mineralnych takich jak potas, \u017celazo, fosfor i wap\u0144, ekstrakty z kasztanowca wspomagaj\u0105 regeneracj\u0119 i poprawiaj\u0105 nawil\u017cenie.<\/li>\n<li>Moringa: bogata w aminokwasy, witaminy i minera\u0142y, polecana jest ze wzgl\u0119du na swoje w\u0142a\u015bciwo\u015bci zmi\u0119kczaj\u0105ce, przeciwutleniaj\u0105ce i nawil\u017caj\u0105ce.<\/li>\n<\/ul>\n<p>[\/vc_column_text][vc_column_text]<\/p>\n<h1>Jak stosowa\u0107?<\/h1>\n<p><span style=\"font-weight: 400;\">Na\u0142o\u017cy\u0107 na mokre w\u0142osy i wmasowa\u0107. Sp\u0142uka\u0107 i w razie potrzeby powt\u00f3rzy\u0107 czynno\u015b\u0107. Nast\u0119pnie zako\u0144czy\u0107 piel\u0119gnacj\u0119, nak\u0142adaj\u0105c <a href=\"https:\/\/paulrivera.it\/pl\/produkt\/absolute-sleek-maska-dyscyplinujaca\/\">mask\u0119<\/a> do w\u0142os\u00f3w pusz\u0105cych si\u0119 <\/span><span style=\"font-weight: 400;\">Absolute Sleek<\/span><span style=\"font-weight: 400;\">.<\/span>[\/vc_column_text][\/vc_column_inner][\/vc_row_inner][vc_row_inner el_id=&#8221;mobile&#8221;][vc_column_inner width=&#8221;1\/2&#8243; offset=&#8221;vc_hidden-lg vc_hidden-md vc_hidden-sm&#8221;][vc_column_text]<\/p>\n<h1>Pokochasz ten produkt za to, \u017ce<\/h1>\n<ul>\n<li><span style=\"font-weight: 400;\">Oczyszcza i dyscyplinuje w\u0142osy<\/span><\/li>\n<li>Chroni w\u0142osy przed puszeniem si\u0119<\/li>\n<li>Sprawia, \u017ce w\u0142osy s\u0105 jedwabi\u015bcie mi\u0119kkie<\/li>\n<li>Jest sprzymierze\u0144cem w walce z przesuszeniem w\u0142os\u00f3w<\/li>\n<\/ul>\n<p>[\/vc_column_text][vc_column_text]<\/p>\n<h1>Sk\u0142adniki aktywne zawarte w formule<\/h1>\n<ul>\n<li><span style=\"font-weight: 400;\">Wyci\u0105g z kasztana: d<\/span>zi\u0119ki zawarto\u015bci witamin i soli mineralnych takich jak potas, \u017celazo, fosfor i wap\u0144, ekstrakty z kasztanowca wspomagaj\u0105 regeneracj\u0119 i poprawiaj\u0105 nawil\u017cenie.<\/li>\n<li>Moringa: bogata w aminokwasy, witaminy i minera\u0142y, polecana jest ze wzgl\u0119du na swoje w\u0142a\u015bciwo\u015bci zmi\u0119kczaj\u0105ce, przeciwutleniaj\u0105ce i nawil\u017caj\u0105ce.<\/li>\n<\/ul>\n<p>[\/vc_column_text][vc_column_text]<\/p>\n<h1>Jak stosowa\u0107?<\/h1>\n<p><span style=\"font-weight: 400;\">Na\u0142o\u017cy\u0107 na mokre w\u0142osy i wmasowa\u0107. Sp\u0142uka\u0107 i w razie potrzeby powt\u00f3rzy\u0107 czynno\u015b\u0107. Nast\u0119pnie zako\u0144czy\u0107 piel\u0119gnacj\u0119, nak\u0142adaj\u0105c <a href=\"https:\/\/paulrivera.it\/pl\/produkt\/absolute-sleek-maska-dyscyplinujaca\/\">mask\u0119<\/a> do w\u0142os\u00f3w pusz\u0105cych si\u0119 <\/span><span style=\"font-weight: 400;\">Absolute Sleek<\/span><span style=\"font-weight: 400;\">.<\/span>[\/vc_column_text][\/vc_column_inner][vc_column_inner width=&#8221;1\/2&#8243; css=&#8221;.vc_custom_1582801490313{background-image: url(https:\/\/paulrivera.it\/wp-content\/uploads\/2020\/02\/background_adv_product_absolute_sleek.png?id=846) !important;background-position: center !important;background-repeat: no-repeat !important;background-size: cover !important;}&#8221; offset=&#8221;vc_hidden-lg vc_hidden-md vc_hidden-sm&#8221;][vc_single_image image=&#8221;4097&#8243; img_size=&#8221;large&#8221; alignment=&#8221;center&#8221;][\/vc_column_inner][\/vc_row_inner][\/vc_column][\/vc_row][vc_row css=&#8221;.vc_custom_1582192829011{padding-top: 50px !important;}&#8221;][vc_column][vc_row_inner][vc_column_inner][vc_column_text]<\/p>\n<h1 style=\"text-align: center;\">Mo\u017cesz wypr\u00f3bowa\u0107 ten produkt z<\/h1>\n<p>[\/vc_column_text][\/vc_column_inner][\/vc_row_inner][vc_raw_html]JTVCd3BiLXByb2R1Y3Qtc2xpZGVyLXNob3J0Y29kZSUyMGlkJTNEJTIyMjIxJTIyJTVE[\/vc_raw_html][\/vc_column][\/vc_row]<\/p>\n<\/div>","protected":false},"excerpt":{"rendered":"<p><span style=\"font-weight: 400;\">Szampon <\/span><span style=\"font-weight: 400;\">Absolute Sleek<\/span><span style=\"font-weight: 400;\"> dyscyplinuje i ujarzmia pusz\u0105ce si\u0119, niesforne w\u0142osy. <strong>Ujarzmia niesforne w\u0142osy<\/strong>, neutralizuj\u0105c ich puszenie si\u0119 poprzez intensywne nawil\u017cenie w\u0142\u00f3kna w\u0142osa.<\/span><\/p>\n<p><span style=\"font-weight: 400;\">Dzi\u0119ki formule z <strong>wyci\u0105giem z kasztanowca i moringi<\/strong> szampon zwalcza odwodnienie i przesuszenie sk\u00f3ry g\u0142owy, czyli czynniki, kt\u00f3re powoduj\u0105, \u017ce w\u0142osy ch\u0142on\u0105 wilgo\u0107 z powietrza i pusz\u0105 si\u0119. W\u0142osy staj\u0105 si\u0119 zdyscyplinowane na ca\u0142ej d\u0142ugo\u015bci i \u0142atwe w rozczesywaniu, <strong>s\u0105 g\u0142adkie, l\u015bni\u0105ce i jedwabi\u015bcie mi\u0119kkie<\/strong>.<\/span><\/p>\n<p><span style=\"font-weight: 400;\">350 ml<\/span><\/p>\n<p>&nbsp;<\/p>\n[maxbutton id=\"8\"]\n","protected":false},"featured_media":4102,"template":"","meta":[],"product_brand":[],"product_cat":[697],"product_tag":[],"class_list":{"0":"post-4101","1":"product","2":"type-product","3":"status-publish","4":"has-post-thumbnail","6":"product_cat-absolute-sleek-wlosy-puszace-sie","7":"description-off","9":"first","10":"instock","11":"shipping-taxable","12":"product-type-simple"},"yoast_head":"<!-- This site is optimized with the Yoast SEO plugin v27.2 - https:\/\/yoast.com\/product\/yoast-seo-wordpress\/ -->\n<title>Absolute Sleek - Szampon dyscyplinuj\u0105cy do w\u0142os\u00f3w pusz\u0105cych si\u0119 | Paul Rivera<\/title>\n<meta name=\"description\" content=\"Szampon Absolute Sleek dyscyplinuje i ujarzmia pusz\u0105ce si\u0119, niesforne w\u0142osy.\" \/>\n<meta name=\"robots\" content=\"index, follow, max-snippet:-1, max-image-preview:large, max-video-preview:-1\" \/>\n<link rel=\"canonical\" href=\"https:\/\/paulrivera.it\/pl\/prodotti\/kuracje\/absolute-sleek-wlosy-puszace-sie\/absolute-sleek-szampon-dyscyplinujacy\/\" \/>\n<meta property=\"og:locale\" content=\"pl_PL\" \/>\n<meta property=\"og:type\" content=\"article\" \/>\n<meta property=\"og:title\" content=\"Absolute Sleek - Szampon dyscyplinuj\u0105cy do w\u0142os\u00f3w pusz\u0105cych si\u0119 | Paul Rivera\" \/>\n<meta property=\"og:description\" content=\"Szampon Absolute Sleek dyscyplinuje i ujarzmia pusz\u0105ce si\u0119, niesforne w\u0142osy.\" \/>\n<meta property=\"og:url\" content=\"https:\/\/paulrivera.it\/pl\/prodotti\/kuracje\/absolute-sleek-wlosy-puszace-sie\/absolute-sleek-szampon-dyscyplinujacy\/\" \/>\n<meta property=\"og:site_name\" content=\"Paul Rivera\" \/>\n<meta property=\"article:modified_time\" content=\"2024-05-13T07:47:14+00:00\" \/>\n<meta property=\"og:image\" content=\"https:\/\/paulrivera.it\/wp-content\/uploads\/2020\/02\/604613_paul_rivera_absolute_sleek_taming_shampoo_frizzy_hair_350ml.png\" \/>\n\t<meta property=\"og:image:width\" content=\"800\" \/>\n\t<meta property=\"og:image:height\" content=\"800\" \/>\n\t<meta property=\"og:image:type\" content=\"image\/png\" \/>\n<meta name=\"twitter:card\" content=\"summary_large_image\" \/>\n<meta name=\"twitter:label1\" content=\"Est. reading time\" \/>\n\t<meta name=\"twitter:data1\" content=\"3 minutes\" \/>\n<script type=\"application\/ld+json\" class=\"yoast-schema-graph\">{\"@context\":\"https:\/\/schema.org\",\"@graph\":[{\"@type\":\"WebPage\",\"@id\":\"https:\/\/paulrivera.it\/pl\/prodotti\/kuracje\/absolute-sleek-wlosy-puszace-sie\/absolute-sleek-szampon-dyscyplinujacy\/\",\"url\":\"https:\/\/paulrivera.it\/pl\/prodotti\/kuracje\/absolute-sleek-wlosy-puszace-sie\/absolute-sleek-szampon-dyscyplinujacy\/\",\"name\":\"Absolute Sleek - Szampon dyscyplinuj\u0105cy do w\u0142os\u00f3w pusz\u0105cych si\u0119 | Paul Rivera\",\"isPartOf\":{\"@id\":\"https:\/\/paulrivera.it\/pl\/#website\"},\"primaryImageOfPage\":{\"@id\":\"https:\/\/paulrivera.it\/pl\/prodotti\/kuracje\/absolute-sleek-wlosy-puszace-sie\/absolute-sleek-szampon-dyscyplinujacy\/#primaryimage\"},\"image\":{\"@id\":\"https:\/\/paulrivera.it\/pl\/prodotti\/kuracje\/absolute-sleek-wlosy-puszace-sie\/absolute-sleek-szampon-dyscyplinujacy\/#primaryimage\"},\"thumbnailUrl\":\"https:\/\/paulrivera.it\/wp-content\/uploads\/2020\/02\/604613_paul_rivera_absolute_sleek_taming_shampoo_frizzy_hair_350ml.png\",\"datePublished\":\"2020-02-18T13:17:44+00:00\",\"dateModified\":\"2024-05-13T07:47:14+00:00\",\"description\":\"Szampon Absolute Sleek dyscyplinuje i ujarzmia pusz\u0105ce si\u0119, niesforne w\u0142osy.\",\"breadcrumb\":{\"@id\":\"https:\/\/paulrivera.it\/pl\/prodotti\/kuracje\/absolute-sleek-wlosy-puszace-sie\/absolute-sleek-szampon-dyscyplinujacy\/#breadcrumb\"},\"inLanguage\":\"pl-PL\",\"potentialAction\":[{\"@type\":\"ReadAction\",\"target\":[\"https:\/\/paulrivera.it\/pl\/prodotti\/kuracje\/absolute-sleek-wlosy-puszace-sie\/absolute-sleek-szampon-dyscyplinujacy\/\"]}]},{\"@type\":\"ImageObject\",\"inLanguage\":\"pl-PL\",\"@id\":\"https:\/\/paulrivera.it\/pl\/prodotti\/kuracje\/absolute-sleek-wlosy-puszace-sie\/absolute-sleek-szampon-dyscyplinujacy\/#primaryimage\",\"url\":\"https:\/\/paulrivera.it\/wp-content\/uploads\/2020\/02\/604613_paul_rivera_absolute_sleek_taming_shampoo_frizzy_hair_350ml.png\",\"contentUrl\":\"https:\/\/paulrivera.it\/wp-content\/uploads\/2020\/02\/604613_paul_rivera_absolute_sleek_taming_shampoo_frizzy_hair_350ml.png\",\"width\":800,\"height\":800,\"caption\":\"Absolute Sleek - Szampon dyscyplinuj\u0105cy do w\u0142os\u00f3w pusz\u0105cych si\u0119\"},{\"@type\":\"BreadcrumbList\",\"@id\":\"https:\/\/paulrivera.it\/pl\/prodotti\/kuracje\/absolute-sleek-wlosy-puszace-sie\/absolute-sleek-szampon-dyscyplinujacy\/#breadcrumb\",\"itemListElement\":[{\"@type\":\"ListItem\",\"position\":1,\"name\":\"Home\",\"item\":\"https:\/\/paulrivera.it\/pl\/\"},{\"@type\":\"ListItem\",\"position\":2,\"name\":\"Pagina shop\",\"item\":\"https:\/\/paulrivera.it\/prodotti\/\"},{\"@type\":\"ListItem\",\"position\":3,\"name\":\"Absolute Sleek &#8211; Szampon dyscyplinuj\u0105cy\"}]},{\"@type\":\"WebSite\",\"@id\":\"https:\/\/paulrivera.it\/pl\/#website\",\"url\":\"https:\/\/paulrivera.it\/pl\/\",\"name\":\"Paul Rivera\",\"description\":\"Hair Beauty Celebration\",\"publisher\":{\"@id\":\"https:\/\/paulrivera.it\/pl\/#organization\"},\"potentialAction\":[{\"@type\":\"SearchAction\",\"target\":{\"@type\":\"EntryPoint\",\"urlTemplate\":\"https:\/\/paulrivera.it\/pl\/?s={search_term_string}\"},\"query-input\":{\"@type\":\"PropertyValueSpecification\",\"valueRequired\":true,\"valueName\":\"search_term_string\"}}],\"inLanguage\":\"pl-PL\"},{\"@type\":\"Organization\",\"@id\":\"https:\/\/paulrivera.it\/pl\/#organization\",\"name\":\"Paul Rivera\",\"url\":\"https:\/\/paulrivera.it\/pl\/\",\"logo\":{\"@type\":\"ImageObject\",\"inLanguage\":\"pl-PL\",\"@id\":\"https:\/\/paulrivera.it\/pl\/#\/schema\/logo\/image\/\",\"url\":\"https:\/\/paulrivera.it\/wp-content\/uploads\/2020\/02\/paul_rivera_logo_header_x2.png\",\"contentUrl\":\"https:\/\/paulrivera.it\/wp-content\/uploads\/2020\/02\/paul_rivera_logo_header_x2.png\",\"width\":470,\"height\":60,\"caption\":\"Paul Rivera\"},\"image\":{\"@id\":\"https:\/\/paulrivera.it\/pl\/#\/schema\/logo\/image\/\"}}]}<\/script>\n<!-- \/ Yoast SEO plugin. -->","yoast_head_json":{"title":"Absolute Sleek - Szampon dyscyplinuj\u0105cy do w\u0142os\u00f3w pusz\u0105cych si\u0119 | Paul Rivera","description":"Szampon Absolute Sleek dyscyplinuje i ujarzmia pusz\u0105ce si\u0119, niesforne w\u0142osy.","robots":{"index":"index","follow":"follow","max-snippet":"max-snippet:-1","max-image-preview":"max-image-preview:large","max-video-preview":"max-video-preview:-1"},"canonical":"https:\/\/paulrivera.it\/pl\/prodotti\/kuracje\/absolute-sleek-wlosy-puszace-sie\/absolute-sleek-szampon-dyscyplinujacy\/","og_locale":"pl_PL","og_type":"article","og_title":"Absolute Sleek - Szampon dyscyplinuj\u0105cy do w\u0142os\u00f3w pusz\u0105cych si\u0119 | Paul Rivera","og_description":"Szampon Absolute Sleek dyscyplinuje i ujarzmia pusz\u0105ce si\u0119, niesforne w\u0142osy.","og_url":"https:\/\/paulrivera.it\/pl\/prodotti\/kuracje\/absolute-sleek-wlosy-puszace-sie\/absolute-sleek-szampon-dyscyplinujacy\/","og_site_name":"Paul Rivera","article_modified_time":"2024-05-13T07:47:14+00:00","og_image":[{"width":800,"height":800,"url":"https:\/\/paulrivera.it\/wp-content\/uploads\/2020\/02\/604613_paul_rivera_absolute_sleek_taming_shampoo_frizzy_hair_350ml.png","type":"image\/png"}],"twitter_card":"summary_large_image","twitter_misc":{"Est. reading time":"3 minutes"},"schema":{"@context":"https:\/\/schema.org","@graph":[{"@type":"WebPage","@id":"https:\/\/paulrivera.it\/pl\/prodotti\/kuracje\/absolute-sleek-wlosy-puszace-sie\/absolute-sleek-szampon-dyscyplinujacy\/","url":"https:\/\/paulrivera.it\/pl\/prodotti\/kuracje\/absolute-sleek-wlosy-puszace-sie\/absolute-sleek-szampon-dyscyplinujacy\/","name":"Absolute Sleek - Szampon dyscyplinuj\u0105cy do w\u0142os\u00f3w pusz\u0105cych si\u0119 | Paul Rivera","isPartOf":{"@id":"https:\/\/paulrivera.it\/pl\/#website"},"primaryImageOfPage":{"@id":"https:\/\/paulrivera.it\/pl\/prodotti\/kuracje\/absolute-sleek-wlosy-puszace-sie\/absolute-sleek-szampon-dyscyplinujacy\/#primaryimage"},"image":{"@id":"https:\/\/paulrivera.it\/pl\/prodotti\/kuracje\/absolute-sleek-wlosy-puszace-sie\/absolute-sleek-szampon-dyscyplinujacy\/#primaryimage"},"thumbnailUrl":"https:\/\/paulrivera.it\/wp-content\/uploads\/2020\/02\/604613_paul_rivera_absolute_sleek_taming_shampoo_frizzy_hair_350ml.png","datePublished":"2020-02-18T13:17:44+00:00","dateModified":"2024-05-13T07:47:14+00:00","description":"Szampon Absolute Sleek dyscyplinuje i ujarzmia pusz\u0105ce si\u0119, niesforne w\u0142osy.","breadcrumb":{"@id":"https:\/\/paulrivera.it\/pl\/prodotti\/kuracje\/absolute-sleek-wlosy-puszace-sie\/absolute-sleek-szampon-dyscyplinujacy\/#breadcrumb"},"inLanguage":"pl-PL","potentialAction":[{"@type":"ReadAction","target":["https:\/\/paulrivera.it\/pl\/prodotti\/kuracje\/absolute-sleek-wlosy-puszace-sie\/absolute-sleek-szampon-dyscyplinujacy\/"]}]},{"@type":"ImageObject","inLanguage":"pl-PL","@id":"https:\/\/paulrivera.it\/pl\/prodotti\/kuracje\/absolute-sleek-wlosy-puszace-sie\/absolute-sleek-szampon-dyscyplinujacy\/#primaryimage","url":"https:\/\/paulrivera.it\/wp-content\/uploads\/2020\/02\/604613_paul_rivera_absolute_sleek_taming_shampoo_frizzy_hair_350ml.png","contentUrl":"https:\/\/paulrivera.it\/wp-content\/uploads\/2020\/02\/604613_paul_rivera_absolute_sleek_taming_shampoo_frizzy_hair_350ml.png","width":800,"height":800,"caption":"Absolute Sleek - Szampon dyscyplinuj\u0105cy do w\u0142os\u00f3w pusz\u0105cych si\u0119"},{"@type":"BreadcrumbList","@id":"https:\/\/paulrivera.it\/pl\/prodotti\/kuracje\/absolute-sleek-wlosy-puszace-sie\/absolute-sleek-szampon-dyscyplinujacy\/#breadcrumb","itemListElement":[{"@type":"ListItem","position":1,"name":"Home","item":"https:\/\/paulrivera.it\/pl\/"},{"@type":"ListItem","position":2,"name":"Pagina shop","item":"https:\/\/paulrivera.it\/prodotti\/"},{"@type":"ListItem","position":3,"name":"Absolute Sleek &#8211; Szampon dyscyplinuj\u0105cy"}]},{"@type":"WebSite","@id":"https:\/\/paulrivera.it\/pl\/#website","url":"https:\/\/paulrivera.it\/pl\/","name":"Paul Rivera","description":"Hair Beauty Celebration","publisher":{"@id":"https:\/\/paulrivera.it\/pl\/#organization"},"potentialAction":[{"@type":"SearchAction","target":{"@type":"EntryPoint","urlTemplate":"https:\/\/paulrivera.it\/pl\/?s={search_term_string}"},"query-input":{"@type":"PropertyValueSpecification","valueRequired":true,"valueName":"search_term_string"}}],"inLanguage":"pl-PL"},{"@type":"Organization","@id":"https:\/\/paulrivera.it\/pl\/#organization","name":"Paul Rivera","url":"https:\/\/paulrivera.it\/pl\/","logo":{"@type":"ImageObject","inLanguage":"pl-PL","@id":"https:\/\/paulrivera.it\/pl\/#\/schema\/logo\/image\/","url":"https:\/\/paulrivera.it\/wp-content\/uploads\/2020\/02\/paul_rivera_logo_header_x2.png","contentUrl":"https:\/\/paulrivera.it\/wp-content\/uploads\/2020\/02\/paul_rivera_logo_header_x2.png","width":470,"height":60,"caption":"Paul Rivera"},"image":{"@id":"https:\/\/paulrivera.it\/pl\/#\/schema\/logo\/image\/"}}]}},"_links":{"self":[{"href":"https:\/\/paulrivera.it\/pl\/wp-json\/wp\/v2\/product\/4101","targetHints":{"allow":["GET"]}}],"collection":[{"href":"https:\/\/paulrivera.it\/pl\/wp-json\/wp\/v2\/product"}],"about":[{"href":"https:\/\/paulrivera.it\/pl\/wp-json\/wp\/v2\/types\/product"}],"wp:featuredmedia":[{"embeddable":true,"href":"https:\/\/paulrivera.it\/pl\/wp-json\/wp\/v2\/media\/4102"}],"wp:attachment":[{"href":"https:\/\/paulrivera.it\/pl\/wp-json\/wp\/v2\/media?parent=4101"}],"wp:term":[{"taxonomy":"product_brand","embeddable":true,"href":"https:\/\/paulrivera.it\/pl\/wp-json\/wp\/v2\/product_brand?post=4101"},{"taxonomy":"product_cat","embeddable":true,"href":"https:\/\/paulrivera.it\/pl\/wp-json\/wp\/v2\/product_cat?post=4101"},{"taxonomy":"product_tag","embeddable":true,"href":"https:\/\/paulrivera.it\/pl\/wp-json\/wp\/v2\/product_tag?post=4101"}],"curies":[{"name":"wp","href":"https:\/\/api.w.org\/{rel}","templated":true}]}}