{"id":4113,"date":"2020-02-18T09:39:10","date_gmt":"2020-02-18T08:39:10","guid":{"rendered":"https:\/\/paulrivera.it\/product\/activize-szampon-energetyzujacy-2\/"},"modified":"2024-05-13T10:01:10","modified_gmt":"2024-05-13T08:01:10","slug":"activize-szampon-energetyzujacy-2","status":"publish","type":"product","link":"https:\/\/paulrivera.it\/pl\/prodotti\/kuracje\/activize-zapobieganie-wypadaniu-wlosow\/activize-szampon-energetyzujacy-2\/","title":{"rendered":"Activize &#8211; Szampon energetyzuj\u0105cy"},"content":{"rendered":"<div class=\"wpb-content-wrapper\"><p>[vc_row full_width=&#8221;stretch_row&#8221;][vc_column][vc_row_inner el_id=&#8221;desktop&#8221;][vc_column_inner width=&#8221;1\/2&#8243; css=&#8221;.vc_custom_1582194227194{padding-top: 10% !important;padding-right: 10% !important;padding-bottom: 10% !important;padding-left: 30% !important;}&#8221; offset=&#8221;vc_hidden-md vc_hidden-sm vc_hidden-xs&#8221;][vc_column_text]<\/p>\n<h1>Pokochasz ten produkt za to, \u017ce<\/h1>\n<ul>\n<li><span style=\"font-weight: 400;\">Przeznaczony jest do w\u0142os\u00f3w delikatnych i z tendencj\u0105 do wypadania<\/span><\/li>\n<li>Wzmacnia w\u0142osy<\/li>\n<li>Oczyszcza i sprawia, \u017ce w\u0142osy s\u0105 mocne i zdrowe<\/li>\n<\/ul>\n<p>[\/vc_column_text][vc_column_text]<\/p>\n<h1>Sk\u0142adniki aktywne zawarte w formule<\/h1>\n<ul>\n<li><span style=\"font-weight: 400;\">Cynamon: s<\/span>tymuluje sk\u00f3r\u0119 g\u0142owy, wspomaga kr\u0105\u017cenie i ma w\u0142a\u015bciwo\u015bci przeciwdrobnoustrojowe, kt\u00f3re eliminuj\u0105 osad gromadz\u0105cy si\u0119 na mieszkach w\u0142osowych hamuj\u0105cy wzrost w\u0142os\u00f3w.<\/li>\n<li>Sza\u0142wia: zapewnia w\u0142osom intensywne do\u0142adowanie energetyczne dla w\u0142os\u00f3w, dzi\u0119ki w\u0142a\u015bciwo\u015bciom stymuluj\u0105cym i zdolno\u015bci do pobudzania miejscowego kr\u0105\u017cenia krwi.<\/li>\n<li>Mi\u0142orz\u0105b: niezwykle bogaty w sole mineralne i witaminy, pobudza wymian\u0119 mi\u0119dzykom\u00f3rkow\u0105 i sprzyja nawadnianiu mieszk\u00f3w w\u0142osowych, stymuluj\u0105c mikrokr\u0105\u017cenie krwi.<\/li>\n<\/ul>\n<p>[\/vc_column_text][vc_column_text]<\/p>\n<h1>Jak stosowa\u0107?<\/h1>\n<p><span style=\"font-weight: 400;\">Na\u0142o\u017cy\u0107 na mokre w\u0142osy i wmasowa\u0107. Sp\u0142uka\u0107 i w razie potrzeby powt\u00f3rzy\u0107 czynno\u015b\u0107. Na\u0142o\u017cy\u0107 <a href=\"https:\/\/paulrivera.it\/pl\/produkt\/activize-kuracja-w-ampulkach-przeciw-wypadaniu-wlosow\/\">kuracj\u0119<\/a> przeciw wypadaniu w\u0142os\u00f3w w ampu\u0142kach <\/span><span style=\"font-weight: 400;\">Activize<\/span><span style=\"font-weight: 400;\">.<\/span>[\/vc_column_text][\/vc_column_inner][vc_column_inner width=&#8221;1\/2&#8243; css=&#8221;.vc_custom_1592902121310{background-color: #e2585a !important;background-position: center !important;background-repeat: no-repeat !important;background-size: cover !important;}&#8221; offset=&#8221;vc_hidden-md vc_hidden-sm vc_hidden-xs&#8221;][vc_empty_space height=&#8221;20px&#8221;][vc_single_image image=&#8221;4109&#8243; img_size=&#8221;large&#8221; alignment=&#8221;center&#8221;][vc_empty_space height=&#8221;20px&#8221;][\/vc_column_inner][\/vc_row_inner][vc_row_inner el_id=&#8221;tablet&#8221;][vc_column_inner offset=&#8221;vc_hidden-lg vc_hidden-xs&#8221;][vc_column_text]<\/p>\n<h1>Pokochasz ten produkt za to, \u017ce<\/h1>\n<ul>\n<li><span style=\"font-weight: 400;\">Przeznaczony jest do w\u0142os\u00f3w delikatnych i z tendencj\u0105 do wypadania<\/span><\/li>\n<li>Wzmacnia w\u0142osy<\/li>\n<li>Oczyszcza i sprawia, \u017ce w\u0142osy s\u0105 mocne i zdrowe<\/li>\n<\/ul>\n<p>[\/vc_column_text][vc_column_text]<\/p>\n<h1>Sk\u0142adniki aktywne zawarte w formule<\/h1>\n<ul>\n<li><span style=\"font-weight: 400;\">Cynamon: s<\/span>tymuluje sk\u00f3r\u0119 g\u0142owy, wspomaga kr\u0105\u017cenie i ma w\u0142a\u015bciwo\u015bci przeciwdrobnoustrojowe, kt\u00f3re eliminuj\u0105 osad gromadz\u0105cy si\u0119 na mieszkach w\u0142osowych hamuj\u0105cy wzrost w\u0142os\u00f3w.<\/li>\n<li>Sza\u0142wia: zapewnia w\u0142osom intensywne do\u0142adowanie energetyczne dla w\u0142os\u00f3w, dzi\u0119ki w\u0142a\u015bciwo\u015bciom stymuluj\u0105cym i zdolno\u015bci do pobudzania miejscowego kr\u0105\u017cenia krwi.<\/li>\n<li>Mi\u0142orz\u0105b: niezwykle bogaty w sole mineralne i witaminy, pobudza wymian\u0119 mi\u0119dzykom\u00f3rkow\u0105 i sprzyja nawadnianiu mieszk\u00f3w w\u0142osowych, stymuluj\u0105c mikrokr\u0105\u017cenie krwi.<\/li>\n<\/ul>\n<p>[\/vc_column_text][vc_column_text]<\/p>\n<h1>Jak stosowa\u0107?<\/h1>\n<p><span style=\"font-weight: 400;\">Na\u0142o\u017cy\u0107 na mokre w\u0142osy i wmasowa\u0107. Sp\u0142uka\u0107 i w razie potrzeby powt\u00f3rzy\u0107 czynno\u015b\u0107. Na\u0142o\u017cy\u0107 <a href=\"https:\/\/paulrivera.it\/pl\/produkt\/activize-kuracja-w-ampulkach-przeciw-wypadaniu-wlosow\/\">kuracj\u0119<\/a> przeciw wypadaniu w\u0142os\u00f3w w ampu\u0142kach <\/span><span style=\"font-weight: 400;\">Activize<\/span><span style=\"font-weight: 400;\">.<\/span>[\/vc_column_text][\/vc_column_inner][\/vc_row_inner][vc_row_inner el_id=&#8221;mobile&#8221;][vc_column_inner width=&#8221;1\/2&#8243; offset=&#8221;vc_hidden-lg vc_hidden-md vc_hidden-sm&#8221;][vc_column_text]<\/p>\n<h1>Pokochasz ten produkt za to, \u017ce<\/h1>\n<ul>\n<li><span style=\"font-weight: 400;\">Przeznaczony jest do w\u0142os\u00f3w delikatnych i z tendencj\u0105 do wypadania<\/span><\/li>\n<li>Wzmacnia w\u0142osy<\/li>\n<li>Oczyszcza i sprawia, \u017ce w\u0142osy s\u0105 mocne i zdrowe<\/li>\n<\/ul>\n<p>[\/vc_column_text][vc_column_text]<\/p>\n<h1>Sk\u0142adniki aktywne zawarte w formule<\/h1>\n<ul>\n<li><span style=\"font-weight: 400;\">Cynamon: s<\/span>tymuluje sk\u00f3r\u0119 g\u0142owy, wspomaga kr\u0105\u017cenie i ma w\u0142a\u015bciwo\u015bci przeciwdrobnoustrojowe, kt\u00f3re eliminuj\u0105 osad gromadz\u0105cy si\u0119 na mieszkach w\u0142osowych hamuj\u0105cy wzrost w\u0142os\u00f3w.<\/li>\n<li>Sza\u0142wia: zapewnia w\u0142osom intensywne do\u0142adowanie energetyczne dla w\u0142os\u00f3w, dzi\u0119ki w\u0142a\u015bciwo\u015bciom stymuluj\u0105cym i zdolno\u015bci do pobudzania miejscowego kr\u0105\u017cenia krwi.<\/li>\n<li>Mi\u0142orz\u0105b: niezwykle bogaty w sole mineralne i witaminy, pobudza wymian\u0119 mi\u0119dzykom\u00f3rkow\u0105 i sprzyja nawadnianiu mieszk\u00f3w w\u0142osowych, stymuluj\u0105c mikrokr\u0105\u017cenie krwi.<\/li>\n<\/ul>\n<p>[\/vc_column_text][vc_column_text]<\/p>\n<h1>Jak stosowa\u0107?<\/h1>\n<p><span style=\"font-weight: 400;\">Na\u0142o\u017cy\u0107 na mokre w\u0142osy i wmasowa\u0107. Sp\u0142uka\u0107 i w razie potrzeby powt\u00f3rzy\u0107 czynno\u015b\u0107. Na\u0142o\u017cy\u0107 <a href=\"https:\/\/paulrivera.it\/pl\/produkt\/activize-kuracja-w-ampulkach-przeciw-wypadaniu-wlosow\/\">kuracj\u0119<\/a> przeciw wypadaniu w\u0142os\u00f3w w ampu\u0142kach <\/span><span style=\"font-weight: 400;\">Activize<\/span><span style=\"font-weight: 400;\">.<\/span>[\/vc_column_text][\/vc_column_inner][vc_column_inner width=&#8221;1\/2&#8243; css=&#8221;.vc_custom_1592902127902{background-color: #e2585a !important;background-position: center !important;background-repeat: no-repeat !important;background-size: cover !important;}&#8221; offset=&#8221;vc_hidden-lg vc_hidden-md vc_hidden-sm&#8221;][vc_single_image image=&#8221;4109&#8243; img_size=&#8221;large&#8221; alignment=&#8221;center&#8221;][\/vc_column_inner][\/vc_row_inner][\/vc_column][\/vc_row][vc_row css=&#8221;.vc_custom_1582192829011{padding-top: 50px !important;}&#8221;][vc_column][vc_row_inner][vc_column_inner][vc_column_text]<\/p>\n<h1 style=\"text-align: center;\"><span style=\"font-weight: 400;\">Spodoba Ci si\u0119 r\u00f3wnie\u017c<\/span><\/h1>\n<p>[\/vc_column_text][\/vc_column_inner][\/vc_row_inner][vc_raw_html]JTVCd3BiLXByb2R1Y3Qtc2xpZGVyLXNob3J0Y29kZSUyMGlkJTNEJTIyMjMxJTIyJTVE[\/vc_raw_html][\/vc_column][\/vc_row]<\/p>\n<\/div>","protected":false},"excerpt":{"rendered":"<p><span style=\"font-weight: 400;\">Szampon <\/span><span style=\"font-weight: 400;\">Activize<\/span><span style=\"font-weight: 400;\"> zosta\u0142 opracowany, aby doda\u0107 <strong>nowej energii w\u0142osom os\u0142abionym<\/strong>, wypadaj\u0105cym i \u0142amliwym. Wyj\u0105tkowy sojusznik w walce o mocne, bardziej witalne w\u0142osy, wzbogacony o cynamon, sza\u0142wi\u0119 i mi\u0142orz\u0105b aktywne sk\u0142adniki o znanych <strong>w\u0142a\u015bciwo\u015bciach stymuluj\u0105cych i odbudowuj\u0105cych<\/strong>.<\/span><\/p>\n<p><span style=\"font-weight: 400;\">Activize<\/span><span style=\"font-weight: 400;\"> oczyszcza i wzmacnia w\u0142osy sk\u0142onne do wypadania, nadaj\u0105c im niesamowit\u0105<strong> witalno\u015b\u0107 w\u0142osom sk\u0142onnym do wypadania<\/strong>. Jego zintegrowane dzia\u0142anie piel\u0119gnuj\u0105ce przygotowuje w\u0142osy do kuracji <\/span><span style=\"font-weight: 400;\">Activize Energizing<\/span><span style=\"font-weight: 400;\">, innowacyjnego zabiegu, kt\u00f3ry zapobiega wypadaniu w\u0142os\u00f3w, wzmacniaj\u0105c je od \u015brodka.<\/span><\/p>\n<p><span style=\"font-weight: 400;\">1000 ml<\/span><\/p>\n<p>&nbsp;<\/p>\n[maxbutton id=\"8\"]\n","protected":false},"featured_media":4114,"template":"","meta":[],"product_brand":[],"product_cat":[698],"product_tag":[],"class_list":{"0":"post-4113","1":"product","2":"type-product","3":"status-publish","4":"has-post-thumbnail","6":"product_cat-activize-zapobieganie-wypadaniu-wlosow","7":"description-off","9":"first","10":"instock","11":"shipping-taxable","12":"product-type-simple"},"yoast_head":"<!-- This site is optimized with the Yoast SEO plugin v27.2 - https:\/\/yoast.com\/product\/yoast-seo-wordpress\/ -->\n<title>Activize - Szampon energetyzuj\u0105cy zapobiegaj\u0105cy wypadaniu w\u0142os\u00f3w | Paul Rivera<\/title>\n<meta name=\"description\" content=\"Szampon Activize zosta\u0142 opracowany, aby doda\u0107 nowej energii w\u0142osom os\u0142abionym, wypadaj\u0105cym i \u0142amliwym.\" \/>\n<meta name=\"robots\" content=\"index, follow, max-snippet:-1, max-image-preview:large, max-video-preview:-1\" \/>\n<link rel=\"canonical\" href=\"https:\/\/paulrivera.it\/pl\/prodotti\/kuracje\/activize-zapobieganie-wypadaniu-wlosow\/activize-szampon-energetyzujacy-2\/\" \/>\n<meta property=\"og:locale\" content=\"pl_PL\" \/>\n<meta property=\"og:type\" content=\"article\" \/>\n<meta property=\"og:title\" content=\"Activize - Szampon energetyzuj\u0105cy zapobiegaj\u0105cy wypadaniu w\u0142os\u00f3w | Paul Rivera\" \/>\n<meta property=\"og:description\" content=\"Szampon Activize zosta\u0142 opracowany, aby doda\u0107 nowej energii w\u0142osom os\u0142abionym, wypadaj\u0105cym i \u0142amliwym.\" \/>\n<meta property=\"og:url\" content=\"https:\/\/paulrivera.it\/pl\/prodotti\/kuracje\/activize-zapobieganie-wypadaniu-wlosow\/activize-szampon-energetyzujacy-2\/\" \/>\n<meta property=\"og:site_name\" content=\"Paul Rivera\" \/>\n<meta property=\"article:modified_time\" content=\"2024-05-13T08:01:10+00:00\" \/>\n<meta property=\"og:image\" content=\"https:\/\/paulrivera.it\/wp-content\/uploads\/2020\/06\/604774_paul_rivera_activize_energizing_shampoo_weak_hair_1000ml.png\" \/>\n\t<meta property=\"og:image:width\" content=\"800\" \/>\n\t<meta property=\"og:image:height\" content=\"800\" \/>\n\t<meta property=\"og:image:type\" content=\"image\/png\" \/>\n<meta name=\"twitter:card\" content=\"summary_large_image\" \/>\n<meta name=\"twitter:label1\" content=\"Est. reading time\" \/>\n\t<meta name=\"twitter:data1\" content=\"3 minutes\" \/>\n<script type=\"application\/ld+json\" class=\"yoast-schema-graph\">{\"@context\":\"https:\/\/schema.org\",\"@graph\":[{\"@type\":\"WebPage\",\"@id\":\"https:\/\/paulrivera.it\/pl\/prodotti\/kuracje\/activize-zapobieganie-wypadaniu-wlosow\/activize-szampon-energetyzujacy-2\/\",\"url\":\"https:\/\/paulrivera.it\/pl\/prodotti\/kuracje\/activize-zapobieganie-wypadaniu-wlosow\/activize-szampon-energetyzujacy-2\/\",\"name\":\"Activize - Szampon energetyzuj\u0105cy zapobiegaj\u0105cy wypadaniu w\u0142os\u00f3w | Paul Rivera\",\"isPartOf\":{\"@id\":\"https:\/\/paulrivera.it\/pl\/#website\"},\"primaryImageOfPage\":{\"@id\":\"https:\/\/paulrivera.it\/pl\/prodotti\/kuracje\/activize-zapobieganie-wypadaniu-wlosow\/activize-szampon-energetyzujacy-2\/#primaryimage\"},\"image\":{\"@id\":\"https:\/\/paulrivera.it\/pl\/prodotti\/kuracje\/activize-zapobieganie-wypadaniu-wlosow\/activize-szampon-energetyzujacy-2\/#primaryimage\"},\"thumbnailUrl\":\"https:\/\/paulrivera.it\/wp-content\/uploads\/2020\/06\/604774_paul_rivera_activize_energizing_shampoo_weak_hair_1000ml.png\",\"datePublished\":\"2020-02-18T08:39:10+00:00\",\"dateModified\":\"2024-05-13T08:01:10+00:00\",\"description\":\"Szampon Activize zosta\u0142 opracowany, aby doda\u0107 nowej energii w\u0142osom os\u0142abionym, wypadaj\u0105cym i \u0142amliwym.\",\"breadcrumb\":{\"@id\":\"https:\/\/paulrivera.it\/pl\/prodotti\/kuracje\/activize-zapobieganie-wypadaniu-wlosow\/activize-szampon-energetyzujacy-2\/#breadcrumb\"},\"inLanguage\":\"pl-PL\",\"potentialAction\":[{\"@type\":\"ReadAction\",\"target\":[\"https:\/\/paulrivera.it\/pl\/prodotti\/kuracje\/activize-zapobieganie-wypadaniu-wlosow\/activize-szampon-energetyzujacy-2\/\"]}]},{\"@type\":\"ImageObject\",\"inLanguage\":\"pl-PL\",\"@id\":\"https:\/\/paulrivera.it\/pl\/prodotti\/kuracje\/activize-zapobieganie-wypadaniu-wlosow\/activize-szampon-energetyzujacy-2\/#primaryimage\",\"url\":\"https:\/\/paulrivera.it\/wp-content\/uploads\/2020\/06\/604774_paul_rivera_activize_energizing_shampoo_weak_hair_1000ml.png\",\"contentUrl\":\"https:\/\/paulrivera.it\/wp-content\/uploads\/2020\/06\/604774_paul_rivera_activize_energizing_shampoo_weak_hair_1000ml.png\",\"width\":800,\"height\":800},{\"@type\":\"BreadcrumbList\",\"@id\":\"https:\/\/paulrivera.it\/pl\/prodotti\/kuracje\/activize-zapobieganie-wypadaniu-wlosow\/activize-szampon-energetyzujacy-2\/#breadcrumb\",\"itemListElement\":[{\"@type\":\"ListItem\",\"position\":1,\"name\":\"Home\",\"item\":\"https:\/\/paulrivera.it\/pl\/\"},{\"@type\":\"ListItem\",\"position\":2,\"name\":\"Pagina shop\",\"item\":\"https:\/\/paulrivera.it\/prodotti\/\"},{\"@type\":\"ListItem\",\"position\":3,\"name\":\"Activize &#8211; Szampon energetyzuj\u0105cy\"}]},{\"@type\":\"WebSite\",\"@id\":\"https:\/\/paulrivera.it\/pl\/#website\",\"url\":\"https:\/\/paulrivera.it\/pl\/\",\"name\":\"Paul Rivera\",\"description\":\"Hair Beauty Celebration\",\"publisher\":{\"@id\":\"https:\/\/paulrivera.it\/pl\/#organization\"},\"potentialAction\":[{\"@type\":\"SearchAction\",\"target\":{\"@type\":\"EntryPoint\",\"urlTemplate\":\"https:\/\/paulrivera.it\/pl\/?s={search_term_string}\"},\"query-input\":{\"@type\":\"PropertyValueSpecification\",\"valueRequired\":true,\"valueName\":\"search_term_string\"}}],\"inLanguage\":\"pl-PL\"},{\"@type\":\"Organization\",\"@id\":\"https:\/\/paulrivera.it\/pl\/#organization\",\"name\":\"Paul Rivera\",\"url\":\"https:\/\/paulrivera.it\/pl\/\",\"logo\":{\"@type\":\"ImageObject\",\"inLanguage\":\"pl-PL\",\"@id\":\"https:\/\/paulrivera.it\/pl\/#\/schema\/logo\/image\/\",\"url\":\"https:\/\/paulrivera.it\/wp-content\/uploads\/2020\/02\/paul_rivera_logo_header_x2.png\",\"contentUrl\":\"https:\/\/paulrivera.it\/wp-content\/uploads\/2020\/02\/paul_rivera_logo_header_x2.png\",\"width\":470,\"height\":60,\"caption\":\"Paul Rivera\"},\"image\":{\"@id\":\"https:\/\/paulrivera.it\/pl\/#\/schema\/logo\/image\/\"}}]}<\/script>\n<!-- \/ Yoast SEO plugin. -->","yoast_head_json":{"title":"Activize - Szampon energetyzuj\u0105cy zapobiegaj\u0105cy wypadaniu w\u0142os\u00f3w | Paul Rivera","description":"Szampon Activize zosta\u0142 opracowany, aby doda\u0107 nowej energii w\u0142osom os\u0142abionym, wypadaj\u0105cym i \u0142amliwym.","robots":{"index":"index","follow":"follow","max-snippet":"max-snippet:-1","max-image-preview":"max-image-preview:large","max-video-preview":"max-video-preview:-1"},"canonical":"https:\/\/paulrivera.it\/pl\/prodotti\/kuracje\/activize-zapobieganie-wypadaniu-wlosow\/activize-szampon-energetyzujacy-2\/","og_locale":"pl_PL","og_type":"article","og_title":"Activize - Szampon energetyzuj\u0105cy zapobiegaj\u0105cy wypadaniu w\u0142os\u00f3w | Paul Rivera","og_description":"Szampon Activize zosta\u0142 opracowany, aby doda\u0107 nowej energii w\u0142osom os\u0142abionym, wypadaj\u0105cym i \u0142amliwym.","og_url":"https:\/\/paulrivera.it\/pl\/prodotti\/kuracje\/activize-zapobieganie-wypadaniu-wlosow\/activize-szampon-energetyzujacy-2\/","og_site_name":"Paul Rivera","article_modified_time":"2024-05-13T08:01:10+00:00","og_image":[{"width":800,"height":800,"url":"https:\/\/paulrivera.it\/wp-content\/uploads\/2020\/06\/604774_paul_rivera_activize_energizing_shampoo_weak_hair_1000ml.png","type":"image\/png"}],"twitter_card":"summary_large_image","twitter_misc":{"Est. reading time":"3 minutes"},"schema":{"@context":"https:\/\/schema.org","@graph":[{"@type":"WebPage","@id":"https:\/\/paulrivera.it\/pl\/prodotti\/kuracje\/activize-zapobieganie-wypadaniu-wlosow\/activize-szampon-energetyzujacy-2\/","url":"https:\/\/paulrivera.it\/pl\/prodotti\/kuracje\/activize-zapobieganie-wypadaniu-wlosow\/activize-szampon-energetyzujacy-2\/","name":"Activize - Szampon energetyzuj\u0105cy zapobiegaj\u0105cy wypadaniu w\u0142os\u00f3w | Paul Rivera","isPartOf":{"@id":"https:\/\/paulrivera.it\/pl\/#website"},"primaryImageOfPage":{"@id":"https:\/\/paulrivera.it\/pl\/prodotti\/kuracje\/activize-zapobieganie-wypadaniu-wlosow\/activize-szampon-energetyzujacy-2\/#primaryimage"},"image":{"@id":"https:\/\/paulrivera.it\/pl\/prodotti\/kuracje\/activize-zapobieganie-wypadaniu-wlosow\/activize-szampon-energetyzujacy-2\/#primaryimage"},"thumbnailUrl":"https:\/\/paulrivera.it\/wp-content\/uploads\/2020\/06\/604774_paul_rivera_activize_energizing_shampoo_weak_hair_1000ml.png","datePublished":"2020-02-18T08:39:10+00:00","dateModified":"2024-05-13T08:01:10+00:00","description":"Szampon Activize zosta\u0142 opracowany, aby doda\u0107 nowej energii w\u0142osom os\u0142abionym, wypadaj\u0105cym i \u0142amliwym.","breadcrumb":{"@id":"https:\/\/paulrivera.it\/pl\/prodotti\/kuracje\/activize-zapobieganie-wypadaniu-wlosow\/activize-szampon-energetyzujacy-2\/#breadcrumb"},"inLanguage":"pl-PL","potentialAction":[{"@type":"ReadAction","target":["https:\/\/paulrivera.it\/pl\/prodotti\/kuracje\/activize-zapobieganie-wypadaniu-wlosow\/activize-szampon-energetyzujacy-2\/"]}]},{"@type":"ImageObject","inLanguage":"pl-PL","@id":"https:\/\/paulrivera.it\/pl\/prodotti\/kuracje\/activize-zapobieganie-wypadaniu-wlosow\/activize-szampon-energetyzujacy-2\/#primaryimage","url":"https:\/\/paulrivera.it\/wp-content\/uploads\/2020\/06\/604774_paul_rivera_activize_energizing_shampoo_weak_hair_1000ml.png","contentUrl":"https:\/\/paulrivera.it\/wp-content\/uploads\/2020\/06\/604774_paul_rivera_activize_energizing_shampoo_weak_hair_1000ml.png","width":800,"height":800},{"@type":"BreadcrumbList","@id":"https:\/\/paulrivera.it\/pl\/prodotti\/kuracje\/activize-zapobieganie-wypadaniu-wlosow\/activize-szampon-energetyzujacy-2\/#breadcrumb","itemListElement":[{"@type":"ListItem","position":1,"name":"Home","item":"https:\/\/paulrivera.it\/pl\/"},{"@type":"ListItem","position":2,"name":"Pagina shop","item":"https:\/\/paulrivera.it\/prodotti\/"},{"@type":"ListItem","position":3,"name":"Activize &#8211; Szampon energetyzuj\u0105cy"}]},{"@type":"WebSite","@id":"https:\/\/paulrivera.it\/pl\/#website","url":"https:\/\/paulrivera.it\/pl\/","name":"Paul Rivera","description":"Hair Beauty Celebration","publisher":{"@id":"https:\/\/paulrivera.it\/pl\/#organization"},"potentialAction":[{"@type":"SearchAction","target":{"@type":"EntryPoint","urlTemplate":"https:\/\/paulrivera.it\/pl\/?s={search_term_string}"},"query-input":{"@type":"PropertyValueSpecification","valueRequired":true,"valueName":"search_term_string"}}],"inLanguage":"pl-PL"},{"@type":"Organization","@id":"https:\/\/paulrivera.it\/pl\/#organization","name":"Paul Rivera","url":"https:\/\/paulrivera.it\/pl\/","logo":{"@type":"ImageObject","inLanguage":"pl-PL","@id":"https:\/\/paulrivera.it\/pl\/#\/schema\/logo\/image\/","url":"https:\/\/paulrivera.it\/wp-content\/uploads\/2020\/02\/paul_rivera_logo_header_x2.png","contentUrl":"https:\/\/paulrivera.it\/wp-content\/uploads\/2020\/02\/paul_rivera_logo_header_x2.png","width":470,"height":60,"caption":"Paul Rivera"},"image":{"@id":"https:\/\/paulrivera.it\/pl\/#\/schema\/logo\/image\/"}}]}},"_links":{"self":[{"href":"https:\/\/paulrivera.it\/pl\/wp-json\/wp\/v2\/product\/4113","targetHints":{"allow":["GET"]}}],"collection":[{"href":"https:\/\/paulrivera.it\/pl\/wp-json\/wp\/v2\/product"}],"about":[{"href":"https:\/\/paulrivera.it\/pl\/wp-json\/wp\/v2\/types\/product"}],"wp:featuredmedia":[{"embeddable":true,"href":"https:\/\/paulrivera.it\/pl\/wp-json\/wp\/v2\/media\/4114"}],"wp:attachment":[{"href":"https:\/\/paulrivera.it\/pl\/wp-json\/wp\/v2\/media?parent=4113"}],"wp:term":[{"taxonomy":"product_brand","embeddable":true,"href":"https:\/\/paulrivera.it\/pl\/wp-json\/wp\/v2\/product_brand?post=4113"},{"taxonomy":"product_cat","embeddable":true,"href":"https:\/\/paulrivera.it\/pl\/wp-json\/wp\/v2\/product_cat?post=4113"},{"taxonomy":"product_tag","embeddable":true,"href":"https:\/\/paulrivera.it\/pl\/wp-json\/wp\/v2\/product_tag?post=4113"}],"curies":[{"name":"wp","href":"https:\/\/api.w.org\/{rel}","templated":true}]}}