{"id":4115,"date":"2021-09-22T14:48:15","date_gmt":"2021-09-22T12:48:15","guid":{"rendered":"https:\/\/paulrivera.it\/product\/activize-kuracja-przeciw-wypadaniu-wlosow-zlozona-z-szamponu-i-ampulek\/"},"modified":"2024-05-13T09:45:01","modified_gmt":"2024-05-13T07:45:01","slug":"activize-kuracja-przeciw-wypadaniu-wlosow-zlozona-z-szamponu-i-ampulek","status":"publish","type":"product","link":"https:\/\/paulrivera.it\/pl\/prodotti\/kuracje\/activize-zapobieganie-wypadaniu-wlosow\/activize-kuracja-przeciw-wypadaniu-wlosow-zlozona-z-szamponu-i-ampulek\/","title":{"rendered":"Activize &#8211; Kuracja przeciw wypadaniu w\u0142os\u00f3w z\u0142o\u017cona z szamponu i ampu\u0142ek"},"content":{"rendered":"<div class=\"wpb-content-wrapper\"><p>[vc_row full_width=&#8221;stretch_row&#8221;][vc_column][vc_row_inner el_id=&#8221;desktop&#8221;][vc_column_inner width=&#8221;1\/2&#8243; css=&#8221;.vc_custom_1582194227194{padding-top: 10% !important;padding-right: 10% !important;padding-bottom: 10% !important;padding-left: 30% !important;}&#8221; offset=&#8221;vc_hidden-md vc_hidden-sm vc_hidden-xs&#8221;][vc_column_text]<\/p>\n<h1><span style=\"font-weight: 400;\">Pokochasz ten produkt za to, \u017ce<\/span><\/h1>\n<ul>\n<li style=\"font-weight: 400;\" aria-level=\"1\"><span style=\"font-weight: 400;\">Jest idealny do w\u0142os\u00f3w <\/span>ze sk\u0142onno\u015bci\u0105 do wypadania<\/li>\n<li style=\"font-weight: 400;\" aria-level=\"1\"><span style=\"font-weight: 400;\">Pobudza mikrokr\u0105\u017cenie sk\u00f3ry g\u0142owy<\/span><\/li>\n<li style=\"font-weight: 400;\" aria-level=\"1\">Wzmacnia w\u0142osy<span style=\"font-weight: 400;\"> i przeciwdzia\u0142a ich os\u0142abieniu<\/span><\/li>\n<li style=\"font-weight: 400;\" aria-level=\"1\"><span style=\"font-weight: 400;\">W\u0142osy odzyskuj\u0105 si\u0142\u0119 i witalno\u015b\u0107<\/span><\/li>\n<\/ul>\n<p>[\/vc_column_text][vc_column_text]<\/p>\n<h1><span style=\"font-weight: 400;\">Sk\u0142adniki aktywne zawarte w formule<\/span><\/h1>\n<ul>\n<li style=\"font-weight: 400;\" aria-level=\"1\">Cynamon<span style=\"font-weight: 400;\">: przyprawa o w\u0142a\u015bciwo\u015bciach antybakteryjnych, dok\u0142adnie usuwa osad gromadz\u0105cy si\u0119 na mieszkach w\u0142osowych i stymuluje wzrost silnych, zdrowych w\u0142os\u00f3w.<\/span><\/li>\n<li style=\"font-weight: 400;\" aria-level=\"1\">Sza\u0142wia<span style=\"font-weight: 400;\">: zapewnia w\u0142osom intensywne do\u0142adowanie energetyczne dla w\u0142os\u00f3w, dzi\u0119ki w\u0142a\u015bciwo\u015bciom stymuluj\u0105cym i zdolno\u015bci do pobudzania miejscowego kr\u0105\u017cenia krwi.<\/span><\/li>\n<li style=\"font-weight: 400;\" aria-level=\"1\">Mi\u0142orz\u0105b: niezwykle bogaty w sole mineralne i witaminy, pobudza wymian\u0119 mi\u0119dzykom\u00f3rkow\u0105 i sprzyja nawadnianiu mieszk\u00f3w w\u0142osowych, stymuluj\u0105c mikrokr\u0105\u017cenie krwi.<\/li>\n<\/ul>\n<ul>\n<li style=\"list-style-type: none;\"><\/li>\n<\/ul>\n<p>[\/vc_column_text][vc_column_text]<\/p>\n<h1><span style=\"font-weight: 400;\">Rytua\u0142 piel\u0119gnacyjny<\/span><\/h1>\n<ol>\n<li><span style=\"font-weight: 400;\">Na\u0142o\u017cy\u0107 energetyzuj\u0105cy szampon Activize na zwil\u017cone w\u0142osy i delikatnie wmasowa\u0107<\/span><\/li>\n<li>Sp\u0142uka\u0107 i w razie potrzeby powt\u00f3rzy\u0107 czynno\u015b\u0107<\/li>\n<li>Po umyciu w\u0142os\u00f3w szamponem energetyzuj\u0105cym Activize na\u0142o\u017cy\u0107 emulsj\u0119 na sk\u00f3r\u0119 g\u0142owy<\/li>\n<li>Wmasowa\u0107 kolistymi ruchami, a\u017c do ca\u0142kowitego wch\u0142oni\u0119cia<\/li>\n<li>Nie sp\u0142ukiwa\u0107<\/li>\n<\/ol>\n<p>&nbsp;<\/p>\n<p><b>Cz\u0119sto\u015b\u0107 stosowania<\/b><\/p>\n<p>Kuracja intensywna:<\/p>\n<p><span style=\"font-weight: 400;\">stosowa\u0107 3 ampu\u0142ki tygodniowo przez 5-6 tygodni<\/span><\/p>\n<p>Utrzymanie efektu\/Profilaktyka:<\/p>\n<p><span style=\"font-weight: 400;\">stosowa\u0107 1-2 ampu\u0142ki tygodniowo przez 8 tygodni <\/span>[\/vc_column_text][\/vc_column_inner][vc_column_inner width=&#8221;1\/2&#8243; css=&#8221;.vc_custom_1592902052865{background-color: #e2585a !important;background-position: center !important;background-repeat: no-repeat !important;background-size: cover !important;}&#8221; offset=&#8221;vc_hidden-md vc_hidden-sm vc_hidden-xs&#8221;][vc_single_image image=&#8221;5081&#8243; img_size=&#8221;large&#8221; alignment=&#8221;center&#8221;][\/vc_column_inner][\/vc_row_inner][vc_row_inner el_id=&#8221;tablet&#8221;][vc_column_inner offset=&#8221;vc_hidden-lg vc_hidden-xs&#8221;][vc_column_text]<\/p>\n<h1><span style=\"font-weight: 400;\">Pokochasz ten produkt za to, \u017ce<\/span><\/h1>\n<ul>\n<li style=\"font-weight: 400;\" aria-level=\"1\"><span style=\"font-weight: 400;\">Jest idealny do w\u0142os\u00f3w <\/span>ze sk\u0142onno\u015bci\u0105 do wypadania<\/li>\n<li style=\"font-weight: 400;\" aria-level=\"1\"><span style=\"font-weight: 400;\">Pobudza mikrokr\u0105\u017cenie sk\u00f3ry g\u0142owy<\/span><\/li>\n<li style=\"font-weight: 400;\" aria-level=\"1\">Wzmacnia w\u0142osy<span style=\"font-weight: 400;\"> i przeciwdzia\u0142a ich os\u0142abieniu<\/span><\/li>\n<li style=\"font-weight: 400;\" aria-level=\"1\"><span style=\"font-weight: 400;\">W\u0142osy odzyskuj\u0105 si\u0142\u0119 i witalno\u015b\u0107<\/span><\/li>\n<\/ul>\n<p>[\/vc_column_text][vc_column_text]<\/p>\n<h1><span style=\"font-weight: 400;\">Sk\u0142adniki aktywne zawarte w formule<\/span><\/h1>\n<ul>\n<li style=\"font-weight: 400;\" aria-level=\"1\">Cynamon<span style=\"font-weight: 400;\">: przyprawa o w\u0142a\u015bciwo\u015bciach antybakteryjnych, dok\u0142adnie usuwa osad gromadz\u0105cy si\u0119 na mieszkach w\u0142osowych i stymuluje wzrost silnych, zdrowych w\u0142os\u00f3w.<\/span><\/li>\n<li style=\"font-weight: 400;\" aria-level=\"1\">Sza\u0142wia<span style=\"font-weight: 400;\">: zapewnia w\u0142osom intensywne do\u0142adowanie energetyczne dla w\u0142os\u00f3w, dzi\u0119ki w\u0142a\u015bciwo\u015bciom stymuluj\u0105cym i zdolno\u015bci do pobudzania miejscowego kr\u0105\u017cenia krwi.<\/span><\/li>\n<li style=\"font-weight: 400;\" aria-level=\"1\">Mi\u0142orz\u0105b: niezwykle bogaty w sole mineralne i witaminy, pobudza wymian\u0119 mi\u0119dzykom\u00f3rkow\u0105 i sprzyja nawadnianiu mieszk\u00f3w w\u0142osowych, stymuluj\u0105c mikrokr\u0105\u017cenie krwi.<\/li>\n<\/ul>\n<ul>\n<li style=\"list-style-type: none;\"><\/li>\n<\/ul>\n<p>[\/vc_column_text][vc_column_text]<\/p>\n<h1><span style=\"font-weight: 400;\">Rytua\u0142 piel\u0119gnacyjny<\/span><\/h1>\n<ol>\n<li><span style=\"font-weight: 400;\">Na\u0142o\u017cy\u0107 energetyzuj\u0105cy szampon Activize na zwil\u017cone w\u0142osy i delikatnie wmasowa\u0107<\/span><\/li>\n<li>Sp\u0142uka\u0107 i w razie potrzeby powt\u00f3rzy\u0107 czynno\u015b\u0107<\/li>\n<li>Po umyciu w\u0142os\u00f3w szamponem energetyzuj\u0105cym Activize na\u0142o\u017cy\u0107 emulsj\u0119 na sk\u00f3r\u0119 g\u0142owy<\/li>\n<li>Wmasowa\u0107 kolistymi ruchami, a\u017c do ca\u0142kowitego wch\u0142oni\u0119cia<\/li>\n<li>Nie sp\u0142ukiwa\u0107<\/li>\n<\/ol>\n<p>&nbsp;<\/p>\n<p><b>Cz\u0119sto\u015b\u0107 stosowania<\/b><\/p>\n<p>Kuracja intensywna:<\/p>\n<p><span style=\"font-weight: 400;\">stosowa\u0107 3 ampu\u0142ki tygodniowo przez 5-6 tygodni<\/span><\/p>\n<p>Utrzymanie efektu\/Profilaktyka:<\/p>\n<p><span style=\"font-weight: 400;\">stosowa\u0107 1-2 ampu\u0142ki tygodniowo przez 8 tygodni <\/span>[\/vc_column_text][\/vc_column_inner][\/vc_row_inner][vc_row_inner el_id=&#8221;mobile&#8221;][vc_column_inner width=&#8221;1\/2&#8243; offset=&#8221;vc_hidden-lg vc_hidden-md vc_hidden-sm&#8221;][vc_column_text]<\/p>\n<h1><span style=\"font-weight: 400;\">Pokochasz ten produkt za to, \u017ce<\/span><\/h1>\n<ul>\n<li style=\"font-weight: 400;\" aria-level=\"1\"><span style=\"font-weight: 400;\">Jest idealny do w\u0142os\u00f3w <\/span>ze sk\u0142onno\u015bci\u0105 do wypadania<\/li>\n<li style=\"font-weight: 400;\" aria-level=\"1\"><span style=\"font-weight: 400;\">Pobudza mikrokr\u0105\u017cenie sk\u00f3ry g\u0142owy<\/span><\/li>\n<li style=\"font-weight: 400;\" aria-level=\"1\">Wzmacnia w\u0142osy<span style=\"font-weight: 400;\"> i przeciwdzia\u0142a ich os\u0142abieniu<\/span><\/li>\n<li style=\"font-weight: 400;\" aria-level=\"1\"><span style=\"font-weight: 400;\">W\u0142osy odzyskuj\u0105 si\u0142\u0119 i witalno\u015b\u0107<\/span><\/li>\n<\/ul>\n<p>[\/vc_column_text][vc_column_text]<\/p>\n<h1><span style=\"font-weight: 400;\">Sk\u0142adniki aktywne zawarte w formule<\/span><\/h1>\n<ul>\n<li style=\"font-weight: 400;\" aria-level=\"1\">Cynamon<span style=\"font-weight: 400;\">: przyprawa o w\u0142a\u015bciwo\u015bciach antybakteryjnych, dok\u0142adnie usuwa osad gromadz\u0105cy si\u0119 na mieszkach w\u0142osowych i stymuluje wzrost silnych, zdrowych w\u0142os\u00f3w.<\/span><\/li>\n<li style=\"font-weight: 400;\" aria-level=\"1\">Sza\u0142wia<span style=\"font-weight: 400;\">: zapewnia w\u0142osom intensywne do\u0142adowanie energetyczne dla w\u0142os\u00f3w, dzi\u0119ki w\u0142a\u015bciwo\u015bciom stymuluj\u0105cym i zdolno\u015bci do pobudzania miejscowego kr\u0105\u017cenia krwi.<\/span><\/li>\n<li style=\"font-weight: 400;\" aria-level=\"1\">Mi\u0142orz\u0105b: niezwykle bogaty w sole mineralne i witaminy, pobudza wymian\u0119 mi\u0119dzykom\u00f3rkow\u0105 i sprzyja nawadnianiu mieszk\u00f3w w\u0142osowych, stymuluj\u0105c mikrokr\u0105\u017cenie krwi.<\/li>\n<\/ul>\n<ul>\n<li style=\"list-style-type: none;\"><\/li>\n<\/ul>\n<p>[\/vc_column_text][vc_column_text]<\/p>\n<h1><span style=\"font-weight: 400;\">Rytua\u0142 piel\u0119gnacyjny<\/span><\/h1>\n<ol>\n<li><span style=\"font-weight: 400;\">Na\u0142o\u017cy\u0107 energetyzuj\u0105cy szampon Activize na zwil\u017cone w\u0142osy i delikatnie wmasowa\u0107<\/span><\/li>\n<li>Sp\u0142uka\u0107 i w razie potrzeby powt\u00f3rzy\u0107 czynno\u015b\u0107<\/li>\n<li>Po umyciu w\u0142os\u00f3w szamponem energetyzuj\u0105cym Activize na\u0142o\u017cy\u0107 emulsj\u0119 na sk\u00f3r\u0119 g\u0142owy<\/li>\n<li>Wmasowa\u0107 kolistymi ruchami, a\u017c do ca\u0142kowitego wch\u0142oni\u0119cia<\/li>\n<li>Nie sp\u0142ukiwa\u0107<\/li>\n<\/ol>\n<p>&nbsp;<\/p>\n<p><b>Cz\u0119sto\u015b\u0107 stosowania<\/b><\/p>\n<p>Kuracja intensywna:<\/p>\n<p><span style=\"font-weight: 400;\">stosowa\u0107 3 ampu\u0142ki tygodniowo przez 5-6 tygodni<\/span><\/p>\n<p>Utrzymanie efektu\/Profilaktyka:<\/p>\n<p><span style=\"font-weight: 400;\">stosowa\u0107 1-2 ampu\u0142ki tygodniowo przez 8 tygodni <\/span>[\/vc_column_text][\/vc_column_inner][vc_column_inner width=&#8221;1\/2&#8243; css=&#8221;.vc_custom_1592902061201{background-color: #e2585a !important;background-position: center !important;background-repeat: no-repeat !important;background-size: cover !important;}&#8221; offset=&#8221;vc_hidden-lg vc_hidden-md vc_hidden-sm&#8221;][vc_single_image image=&#8221;5081&#8243; img_size=&#8221;large&#8221; alignment=&#8221;center&#8221;][\/vc_column_inner][\/vc_row_inner][\/vc_column][\/vc_row][vc_row css=&#8221;.vc_custom_1582192829011{padding-top: 50px !important;}&#8221;][vc_column][vc_row_inner][vc_column_inner][vc_column_text]<\/p>\n<h1 style=\"text-align: center;\">Spodoba Ci si\u0119 r\u00f3wnie\u017c<\/h1>\n<p>[\/vc_column_text][\/vc_column_inner][\/vc_row_inner][vc_raw_html]JTVCd3BiLXByb2R1Y3Qtc2xpZGVyLXNob3J0Y29kZSUyMGlkJTNEJTIyMjI3JTIyJTVE[\/vc_raw_html][\/vc_column][\/vc_row]<\/p>\n<\/div>","protected":false},"excerpt":{"rendered":"<p><b>W\u0142osy mocniejsze na d\u0142u\u017cej!<\/b> <span style=\"font-weight: 400;\">Activize <\/span><span style=\"font-weight: 400;\">\u00a0szampon i kuracja energetyzuj\u0105ca wspomagaj\u0105 naturalny cykl \u017cycia w\u0142os\u00f3w, stymuluj\u0105c ich odrastanie i<\/span><b> zwalczaj\u0105c ich os\u0142abienie<\/b><span style=\"font-weight: 400;\">.\u00a0<\/span><\/p>\n<p><span style=\"font-weight: 400;\">Produkty <\/span><span style=\"font-weight: 400;\">Activize<\/span><span style=\"font-weight: 400;\">, stworzone z my\u015bl\u0105 o potrzebach w\u0142os\u00f3w delikatnych, maj\u0105 intensywne <\/span><b>dzia\u0142anie stymuluj\u0105ce i wzmacniaj\u0105ce,<\/b><span style=\"font-weight: 400;\"> dzi\u0119ki formule bogatej w sk\u0142adniki aktywne: cynamon, sza\u0142wi\u0119 i mi\u0142orz\u0105b.<\/span><\/p>\n<p><span style=\"font-weight: 400;\">Zestaw zawiera Szampon energetyzuj\u0105cy 350 ml, box z 12 ampu\u0142kami o pojemno\u015bci 8 ml ka\u017cda oraz Masa\u017cer do sk\u00f3ry g\u0142owy, kt\u00f3ry wspomaga porost w\u0142os\u00f3w oraz sprawia, \u017ce staj\u0105 si\u0119 one mocniejsze i bardziej l\u015bni\u0105ce.<\/span><\/p>\n<p><b>*Skuteczno\u015b\u0107 zabiegu przetestowana in vivo w laboratoriach uniwersytet\u00f3w w\u0142oskich.<\/b><\/p>\n<p>&nbsp;<\/p>\n[maxbutton id=\"8\"]\n","protected":false},"featured_media":5081,"template":"","meta":[],"product_brand":[],"product_cat":[698],"product_tag":[],"class_list":{"0":"post-4115","1":"product","2":"type-product","3":"status-publish","4":"has-post-thumbnail","6":"product_cat-activize-zapobieganie-wypadaniu-wlosow","7":"description-off","9":"first","10":"instock","11":"shipping-taxable","12":"product-type-simple"},"yoast_head":"<!-- This site is optimized with the Yoast SEO plugin v27.2 - https:\/\/yoast.com\/product\/yoast-seo-wordpress\/ -->\n<title>Activize - Kuracja przeciw wypadaniu w\u0142os\u00f3w z\u0142o\u017cona z szamponu i ampu\u0142ek | Paul Rivera<\/title>\n<meta name=\"description\" content=\"W\u0142osy mocniejsze na d\u0142u\u017cej! Activize \u00a0szampon i kuracja energetyzuj\u0105ca wspomagaj\u0105 naturalny cykl \u017cycia w\u0142os\u00f3w, stymuluj\u0105c ich odrastanie i zwalczaj\u0105c ich os\u0142abienie.\u00a0\" \/>\n<meta name=\"robots\" content=\"index, follow, max-snippet:-1, max-image-preview:large, max-video-preview:-1\" \/>\n<link rel=\"canonical\" href=\"https:\/\/paulrivera.it\/pl\/prodotti\/kuracje\/activize-zapobieganie-wypadaniu-wlosow\/activize-kuracja-przeciw-wypadaniu-wlosow-zlozona-z-szamponu-i-ampulek\/\" \/>\n<meta property=\"og:locale\" content=\"pl_PL\" \/>\n<meta property=\"og:type\" content=\"article\" \/>\n<meta property=\"og:title\" content=\"Activize - Kuracja przeciw wypadaniu w\u0142os\u00f3w z\u0142o\u017cona z szamponu i ampu\u0142ek | Paul Rivera\" \/>\n<meta property=\"og:description\" content=\"W\u0142osy mocniejsze na d\u0142u\u017cej! Activize \u00a0szampon i kuracja energetyzuj\u0105ca wspomagaj\u0105 naturalny cykl \u017cycia w\u0142os\u00f3w, stymuluj\u0105c ich odrastanie i zwalczaj\u0105c ich os\u0142abienie.\u00a0\" \/>\n<meta property=\"og:url\" content=\"https:\/\/paulrivera.it\/pl\/prodotti\/kuracje\/activize-zapobieganie-wypadaniu-wlosow\/activize-kuracja-przeciw-wypadaniu-wlosow-zlozona-z-szamponu-i-ampulek\/\" \/>\n<meta property=\"og:site_name\" content=\"Paul Rivera\" \/>\n<meta property=\"article:modified_time\" content=\"2024-05-13T07:45:01+00:00\" \/>\n<meta property=\"og:image\" content=\"https:\/\/paulrivera.it\/wp-content\/uploads\/2022\/08\/paul_rivera_activize_kit_massaggiatore.png\" \/>\n\t<meta property=\"og:image:width\" content=\"800\" \/>\n\t<meta property=\"og:image:height\" content=\"800\" \/>\n\t<meta property=\"og:image:type\" content=\"image\/png\" \/>\n<meta name=\"twitter:card\" content=\"summary_large_image\" \/>\n<meta name=\"twitter:label1\" content=\"Est. reading time\" \/>\n\t<meta name=\"twitter:data1\" content=\"4 minutes\" \/>\n<script type=\"application\/ld+json\" class=\"yoast-schema-graph\">{\"@context\":\"https:\/\/schema.org\",\"@graph\":[{\"@type\":\"WebPage\",\"@id\":\"https:\/\/paulrivera.it\/pl\/prodotti\/kuracje\/activize-zapobieganie-wypadaniu-wlosow\/activize-kuracja-przeciw-wypadaniu-wlosow-zlozona-z-szamponu-i-ampulek\/\",\"url\":\"https:\/\/paulrivera.it\/pl\/prodotti\/kuracje\/activize-zapobieganie-wypadaniu-wlosow\/activize-kuracja-przeciw-wypadaniu-wlosow-zlozona-z-szamponu-i-ampulek\/\",\"name\":\"Activize - Kuracja przeciw wypadaniu w\u0142os\u00f3w z\u0142o\u017cona z szamponu i ampu\u0142ek | Paul Rivera\",\"isPartOf\":{\"@id\":\"https:\/\/paulrivera.it\/pl\/#website\"},\"primaryImageOfPage\":{\"@id\":\"https:\/\/paulrivera.it\/pl\/prodotti\/kuracje\/activize-zapobieganie-wypadaniu-wlosow\/activize-kuracja-przeciw-wypadaniu-wlosow-zlozona-z-szamponu-i-ampulek\/#primaryimage\"},\"image\":{\"@id\":\"https:\/\/paulrivera.it\/pl\/prodotti\/kuracje\/activize-zapobieganie-wypadaniu-wlosow\/activize-kuracja-przeciw-wypadaniu-wlosow-zlozona-z-szamponu-i-ampulek\/#primaryimage\"},\"thumbnailUrl\":\"https:\/\/paulrivera.it\/wp-content\/uploads\/2022\/08\/paul_rivera_activize_kit_massaggiatore.png\",\"datePublished\":\"2021-09-22T12:48:15+00:00\",\"dateModified\":\"2024-05-13T07:45:01+00:00\",\"description\":\"W\u0142osy mocniejsze na d\u0142u\u017cej! Activize \u00a0szampon i kuracja energetyzuj\u0105ca wspomagaj\u0105 naturalny cykl \u017cycia w\u0142os\u00f3w, stymuluj\u0105c ich odrastanie i zwalczaj\u0105c ich os\u0142abienie.\u00a0\",\"breadcrumb\":{\"@id\":\"https:\/\/paulrivera.it\/pl\/prodotti\/kuracje\/activize-zapobieganie-wypadaniu-wlosow\/activize-kuracja-przeciw-wypadaniu-wlosow-zlozona-z-szamponu-i-ampulek\/#breadcrumb\"},\"inLanguage\":\"pl-PL\",\"potentialAction\":[{\"@type\":\"ReadAction\",\"target\":[\"https:\/\/paulrivera.it\/pl\/prodotti\/kuracje\/activize-zapobieganie-wypadaniu-wlosow\/activize-kuracja-przeciw-wypadaniu-wlosow-zlozona-z-szamponu-i-ampulek\/\"]}]},{\"@type\":\"ImageObject\",\"inLanguage\":\"pl-PL\",\"@id\":\"https:\/\/paulrivera.it\/pl\/prodotti\/kuracje\/activize-zapobieganie-wypadaniu-wlosow\/activize-kuracja-przeciw-wypadaniu-wlosow-zlozona-z-szamponu-i-ampulek\/#primaryimage\",\"url\":\"https:\/\/paulrivera.it\/wp-content\/uploads\/2022\/08\/paul_rivera_activize_kit_massaggiatore.png\",\"contentUrl\":\"https:\/\/paulrivera.it\/wp-content\/uploads\/2022\/08\/paul_rivera_activize_kit_massaggiatore.png\",\"width\":800,\"height\":800},{\"@type\":\"BreadcrumbList\",\"@id\":\"https:\/\/paulrivera.it\/pl\/prodotti\/kuracje\/activize-zapobieganie-wypadaniu-wlosow\/activize-kuracja-przeciw-wypadaniu-wlosow-zlozona-z-szamponu-i-ampulek\/#breadcrumb\",\"itemListElement\":[{\"@type\":\"ListItem\",\"position\":1,\"name\":\"Home\",\"item\":\"https:\/\/paulrivera.it\/pl\/\"},{\"@type\":\"ListItem\",\"position\":2,\"name\":\"Pagina shop\",\"item\":\"https:\/\/paulrivera.it\/prodotti\/\"},{\"@type\":\"ListItem\",\"position\":3,\"name\":\"Activize &#8211; Kuracja przeciw wypadaniu w\u0142os\u00f3w z\u0142o\u017cona z szamponu i ampu\u0142ek\"}]},{\"@type\":\"WebSite\",\"@id\":\"https:\/\/paulrivera.it\/pl\/#website\",\"url\":\"https:\/\/paulrivera.it\/pl\/\",\"name\":\"Paul Rivera\",\"description\":\"Hair Beauty Celebration\",\"publisher\":{\"@id\":\"https:\/\/paulrivera.it\/pl\/#organization\"},\"potentialAction\":[{\"@type\":\"SearchAction\",\"target\":{\"@type\":\"EntryPoint\",\"urlTemplate\":\"https:\/\/paulrivera.it\/pl\/?s={search_term_string}\"},\"query-input\":{\"@type\":\"PropertyValueSpecification\",\"valueRequired\":true,\"valueName\":\"search_term_string\"}}],\"inLanguage\":\"pl-PL\"},{\"@type\":\"Organization\",\"@id\":\"https:\/\/paulrivera.it\/pl\/#organization\",\"name\":\"Paul Rivera\",\"url\":\"https:\/\/paulrivera.it\/pl\/\",\"logo\":{\"@type\":\"ImageObject\",\"inLanguage\":\"pl-PL\",\"@id\":\"https:\/\/paulrivera.it\/pl\/#\/schema\/logo\/image\/\",\"url\":\"https:\/\/paulrivera.it\/wp-content\/uploads\/2020\/02\/paul_rivera_logo_header_x2.png\",\"contentUrl\":\"https:\/\/paulrivera.it\/wp-content\/uploads\/2020\/02\/paul_rivera_logo_header_x2.png\",\"width\":470,\"height\":60,\"caption\":\"Paul Rivera\"},\"image\":{\"@id\":\"https:\/\/paulrivera.it\/pl\/#\/schema\/logo\/image\/\"}}]}<\/script>\n<!-- \/ Yoast SEO plugin. -->","yoast_head_json":{"title":"Activize - Kuracja przeciw wypadaniu w\u0142os\u00f3w z\u0142o\u017cona z szamponu i ampu\u0142ek | Paul Rivera","description":"W\u0142osy mocniejsze na d\u0142u\u017cej! Activize \u00a0szampon i kuracja energetyzuj\u0105ca wspomagaj\u0105 naturalny cykl \u017cycia w\u0142os\u00f3w, stymuluj\u0105c ich odrastanie i zwalczaj\u0105c ich os\u0142abienie.\u00a0","robots":{"index":"index","follow":"follow","max-snippet":"max-snippet:-1","max-image-preview":"max-image-preview:large","max-video-preview":"max-video-preview:-1"},"canonical":"https:\/\/paulrivera.it\/pl\/prodotti\/kuracje\/activize-zapobieganie-wypadaniu-wlosow\/activize-kuracja-przeciw-wypadaniu-wlosow-zlozona-z-szamponu-i-ampulek\/","og_locale":"pl_PL","og_type":"article","og_title":"Activize - Kuracja przeciw wypadaniu w\u0142os\u00f3w z\u0142o\u017cona z szamponu i ampu\u0142ek | Paul Rivera","og_description":"W\u0142osy mocniejsze na d\u0142u\u017cej! Activize \u00a0szampon i kuracja energetyzuj\u0105ca wspomagaj\u0105 naturalny cykl \u017cycia w\u0142os\u00f3w, stymuluj\u0105c ich odrastanie i zwalczaj\u0105c ich os\u0142abienie.\u00a0","og_url":"https:\/\/paulrivera.it\/pl\/prodotti\/kuracje\/activize-zapobieganie-wypadaniu-wlosow\/activize-kuracja-przeciw-wypadaniu-wlosow-zlozona-z-szamponu-i-ampulek\/","og_site_name":"Paul Rivera","article_modified_time":"2024-05-13T07:45:01+00:00","og_image":[{"width":800,"height":800,"url":"https:\/\/paulrivera.it\/wp-content\/uploads\/2022\/08\/paul_rivera_activize_kit_massaggiatore.png","type":"image\/png"}],"twitter_card":"summary_large_image","twitter_misc":{"Est. reading time":"4 minutes"},"schema":{"@context":"https:\/\/schema.org","@graph":[{"@type":"WebPage","@id":"https:\/\/paulrivera.it\/pl\/prodotti\/kuracje\/activize-zapobieganie-wypadaniu-wlosow\/activize-kuracja-przeciw-wypadaniu-wlosow-zlozona-z-szamponu-i-ampulek\/","url":"https:\/\/paulrivera.it\/pl\/prodotti\/kuracje\/activize-zapobieganie-wypadaniu-wlosow\/activize-kuracja-przeciw-wypadaniu-wlosow-zlozona-z-szamponu-i-ampulek\/","name":"Activize - Kuracja przeciw wypadaniu w\u0142os\u00f3w z\u0142o\u017cona z szamponu i ampu\u0142ek | Paul Rivera","isPartOf":{"@id":"https:\/\/paulrivera.it\/pl\/#website"},"primaryImageOfPage":{"@id":"https:\/\/paulrivera.it\/pl\/prodotti\/kuracje\/activize-zapobieganie-wypadaniu-wlosow\/activize-kuracja-przeciw-wypadaniu-wlosow-zlozona-z-szamponu-i-ampulek\/#primaryimage"},"image":{"@id":"https:\/\/paulrivera.it\/pl\/prodotti\/kuracje\/activize-zapobieganie-wypadaniu-wlosow\/activize-kuracja-przeciw-wypadaniu-wlosow-zlozona-z-szamponu-i-ampulek\/#primaryimage"},"thumbnailUrl":"https:\/\/paulrivera.it\/wp-content\/uploads\/2022\/08\/paul_rivera_activize_kit_massaggiatore.png","datePublished":"2021-09-22T12:48:15+00:00","dateModified":"2024-05-13T07:45:01+00:00","description":"W\u0142osy mocniejsze na d\u0142u\u017cej! Activize \u00a0szampon i kuracja energetyzuj\u0105ca wspomagaj\u0105 naturalny cykl \u017cycia w\u0142os\u00f3w, stymuluj\u0105c ich odrastanie i zwalczaj\u0105c ich os\u0142abienie.\u00a0","breadcrumb":{"@id":"https:\/\/paulrivera.it\/pl\/prodotti\/kuracje\/activize-zapobieganie-wypadaniu-wlosow\/activize-kuracja-przeciw-wypadaniu-wlosow-zlozona-z-szamponu-i-ampulek\/#breadcrumb"},"inLanguage":"pl-PL","potentialAction":[{"@type":"ReadAction","target":["https:\/\/paulrivera.it\/pl\/prodotti\/kuracje\/activize-zapobieganie-wypadaniu-wlosow\/activize-kuracja-przeciw-wypadaniu-wlosow-zlozona-z-szamponu-i-ampulek\/"]}]},{"@type":"ImageObject","inLanguage":"pl-PL","@id":"https:\/\/paulrivera.it\/pl\/prodotti\/kuracje\/activize-zapobieganie-wypadaniu-wlosow\/activize-kuracja-przeciw-wypadaniu-wlosow-zlozona-z-szamponu-i-ampulek\/#primaryimage","url":"https:\/\/paulrivera.it\/wp-content\/uploads\/2022\/08\/paul_rivera_activize_kit_massaggiatore.png","contentUrl":"https:\/\/paulrivera.it\/wp-content\/uploads\/2022\/08\/paul_rivera_activize_kit_massaggiatore.png","width":800,"height":800},{"@type":"BreadcrumbList","@id":"https:\/\/paulrivera.it\/pl\/prodotti\/kuracje\/activize-zapobieganie-wypadaniu-wlosow\/activize-kuracja-przeciw-wypadaniu-wlosow-zlozona-z-szamponu-i-ampulek\/#breadcrumb","itemListElement":[{"@type":"ListItem","position":1,"name":"Home","item":"https:\/\/paulrivera.it\/pl\/"},{"@type":"ListItem","position":2,"name":"Pagina shop","item":"https:\/\/paulrivera.it\/prodotti\/"},{"@type":"ListItem","position":3,"name":"Activize &#8211; Kuracja przeciw wypadaniu w\u0142os\u00f3w z\u0142o\u017cona z szamponu i ampu\u0142ek"}]},{"@type":"WebSite","@id":"https:\/\/paulrivera.it\/pl\/#website","url":"https:\/\/paulrivera.it\/pl\/","name":"Paul Rivera","description":"Hair Beauty Celebration","publisher":{"@id":"https:\/\/paulrivera.it\/pl\/#organization"},"potentialAction":[{"@type":"SearchAction","target":{"@type":"EntryPoint","urlTemplate":"https:\/\/paulrivera.it\/pl\/?s={search_term_string}"},"query-input":{"@type":"PropertyValueSpecification","valueRequired":true,"valueName":"search_term_string"}}],"inLanguage":"pl-PL"},{"@type":"Organization","@id":"https:\/\/paulrivera.it\/pl\/#organization","name":"Paul Rivera","url":"https:\/\/paulrivera.it\/pl\/","logo":{"@type":"ImageObject","inLanguage":"pl-PL","@id":"https:\/\/paulrivera.it\/pl\/#\/schema\/logo\/image\/","url":"https:\/\/paulrivera.it\/wp-content\/uploads\/2020\/02\/paul_rivera_logo_header_x2.png","contentUrl":"https:\/\/paulrivera.it\/wp-content\/uploads\/2020\/02\/paul_rivera_logo_header_x2.png","width":470,"height":60,"caption":"Paul Rivera"},"image":{"@id":"https:\/\/paulrivera.it\/pl\/#\/schema\/logo\/image\/"}}]}},"_links":{"self":[{"href":"https:\/\/paulrivera.it\/pl\/wp-json\/wp\/v2\/product\/4115","targetHints":{"allow":["GET"]}}],"collection":[{"href":"https:\/\/paulrivera.it\/pl\/wp-json\/wp\/v2\/product"}],"about":[{"href":"https:\/\/paulrivera.it\/pl\/wp-json\/wp\/v2\/types\/product"}],"wp:featuredmedia":[{"embeddable":true,"href":"https:\/\/paulrivera.it\/pl\/wp-json\/wp\/v2\/media\/5081"}],"wp:attachment":[{"href":"https:\/\/paulrivera.it\/pl\/wp-json\/wp\/v2\/media?parent=4115"}],"wp:term":[{"taxonomy":"product_brand","embeddable":true,"href":"https:\/\/paulrivera.it\/pl\/wp-json\/wp\/v2\/product_brand?post=4115"},{"taxonomy":"product_cat","embeddable":true,"href":"https:\/\/paulrivera.it\/pl\/wp-json\/wp\/v2\/product_cat?post=4115"},{"taxonomy":"product_tag","embeddable":true,"href":"https:\/\/paulrivera.it\/pl\/wp-json\/wp\/v2\/product_tag?post=4115"}],"curies":[{"name":"wp","href":"https:\/\/api.w.org\/{rel}","templated":true}]}}