{"id":4151,"date":"2020-06-23T16:22:35","date_gmt":"2020-06-23T14:22:35","guid":{"rendered":"https:\/\/paulrivera.it\/product\/pump-it-puder-nadajacy-objetosc\/"},"modified":"2024-05-13T09:45:27","modified_gmt":"2024-05-13T07:45:27","slug":"pump-it-puder-nadajacy-objetosc","status":"publish","type":"product","link":"https:\/\/paulrivera.it\/pl\/prodotti\/finish-styling-pl\/pump-it-puder-nadajacy-objetosc\/","title":{"rendered":"Pump it \u2013 Puder nadaj\u0105cy obj\u0119to\u015b\u0107"},"content":{"rendered":"<div class=\"wpb-content-wrapper\"><p>[vc_row full_width=&#8221;stretch_row&#8221;][vc_column][vc_row_inner el_id=&#8221;desktop&#8221;][vc_column_inner width=&#8221;1\/2&#8243; css=&#8221;.vc_custom_1582194227194{padding-top: 10% !important;padding-right: 10% !important;padding-bottom: 10% !important;padding-left: 30% !important;}&#8221; offset=&#8221;vc_hidden-md vc_hidden-sm vc_hidden-xs&#8221;][vc_column_text]<\/p>\n<h1>Pokochasz ten produkt za to, \u017ce<\/h1>\n<ul>\n<li><span style=\"font-weight: 400;\">Zwi\u0119ksza obj\u0119to\u015b\u0107 w\u0142os\u00f3w u nasady<\/span><\/li>\n<li>Nie obci\u0105\u017ca w\u0142os\u00f3w<\/li>\n<li>Jest niezb\u0119dny w przypadku cienkich w\u0142os\u00f3w pozbawionych obj\u0119to\u015bci<\/li>\n<\/ul>\n<p>[\/vc_column_text][vc_column_text]<\/p>\n<h1><span style=\"font-weight: 400;\">Jak stosowa\u0107?<\/span><\/h1>\n<p><span style=\"font-weight: 400;\">Rozprowadzi\u0107 puder dodaj\u0105cy obj\u0119to\u015bci Pump It u nasady w\u0142os\u00f3w, wmasowa\u0107 i wymodelowa\u0107 fryzur\u0119.<\/span>[\/vc_column_text][\/vc_column_inner][vc_column_inner width=&#8221;1\/2&#8243; css=&#8221;.vc_custom_1592922564456{background-image: url(https:\/\/paulrivera.it\/wp-content\/uploads\/2020\/06\/background_adv_produc_pump_it.png?id=1530) !important;background-position: center !important;background-repeat: no-repeat !important;background-size: cover !important;}&#8221; offset=&#8221;vc_hidden-md vc_hidden-sm vc_hidden-xs&#8221;][vc_single_image image=&#8221;8468&#8243; img_size=&#8221;large&#8221; alignment=&#8221;center&#8221;][\/vc_column_inner][\/vc_row_inner][vc_row_inner el_id=&#8221;tablet&#8221;][vc_column_inner offset=&#8221;vc_hidden-lg vc_hidden-xs&#8221;][vc_column_text]<\/p>\n<h1>Pokochasz ten produkt za to, \u017ce<\/h1>\n<ul>\n<li><span style=\"font-weight: 400;\">Zwi\u0119ksza obj\u0119to\u015b\u0107 w\u0142os\u00f3w u nasady<\/span><\/li>\n<li>Nie obci\u0105\u017ca w\u0142os\u00f3w<\/li>\n<li>Jest niezb\u0119dny w przypadku cienkich w\u0142os\u00f3w pozbawionych obj\u0119to\u015bci<\/li>\n<\/ul>\n<p>[\/vc_column_text][vc_column_text]<\/p>\n<h1><span style=\"font-weight: 400;\">Jak stosowa\u0107?<\/span><\/h1>\n<p><span style=\"font-weight: 400;\">Rozprowadzi\u0107 puder dodaj\u0105cy obj\u0119to\u015bci Pump It u nasady w\u0142os\u00f3w, wmasowa\u0107 i wymodelowa\u0107 fryzur\u0119.<\/span>[\/vc_column_text][\/vc_column_inner][\/vc_row_inner][vc_row_inner el_id=&#8221;mobile&#8221;][vc_column_inner width=&#8221;1\/2&#8243; offset=&#8221;vc_hidden-lg vc_hidden-md vc_hidden-sm&#8221;][vc_column_text]<\/p>\n<h1>Pokochasz ten produkt za to, \u017ce<\/h1>\n<ul>\n<li><span style=\"font-weight: 400;\">Zwi\u0119ksza obj\u0119to\u015b\u0107 w\u0142os\u00f3w u nasady<\/span><\/li>\n<li>Nie obci\u0105\u017ca w\u0142os\u00f3w<\/li>\n<li>Jest niezb\u0119dny w przypadku cienkich w\u0142os\u00f3w pozbawionych obj\u0119to\u015bci<\/li>\n<\/ul>\n<p>[\/vc_column_text][vc_column_text]<\/p>\n<h1><span style=\"font-weight: 400;\">Jak stosowa\u0107?<\/span><\/h1>\n<p><span style=\"font-weight: 400;\">Rozprowadzi\u0107 puder dodaj\u0105cy obj\u0119to\u015bci Pump It u nasady w\u0142os\u00f3w, wmasowa\u0107 i wymodelowa\u0107 fryzur\u0119.<\/span>[\/vc_column_text][\/vc_column_inner][vc_column_inner width=&#8221;1\/2&#8243; css=&#8221;.vc_custom_1592922582005{background-image: url(https:\/\/paulrivera.it\/wp-content\/uploads\/2020\/06\/background_adv_produc_pump_it.png?id=1530) !important;background-position: center !important;background-repeat: no-repeat !important;background-size: cover !important;}&#8221; offset=&#8221;vc_hidden-lg vc_hidden-md vc_hidden-sm&#8221;][vc_single_image image=&#8221;8468&#8243; img_size=&#8221;large&#8221; alignment=&#8221;center&#8221;][\/vc_column_inner][\/vc_row_inner][\/vc_column][\/vc_row][vc_row css=&#8221;.vc_custom_1582192829011{padding-top: 50px !important;}&#8221;][vc_column][vc_row_inner][vc_column_inner][vc_column_text]<\/p>\n<h1 style=\"text-align: center;\"><span style=\"font-weight: 400;\">Spodoba Ci si\u0119 r\u00f3wnie\u017c<\/span><\/h1>\n<p>[\/vc_column_text][\/vc_column_inner][\/vc_row_inner][vc_raw_html]JTVCd3BiLXByb2R1Y3Qtc2xpZGVyLXNob3J0Y29kZSUyMGlkJTNEJTIyMTcxJTIyJTVE[\/vc_raw_html][\/vc_column][\/vc_row]<\/p>\n<\/div>","protected":false},"excerpt":{"rendered":"<p><span style=\"font-weight: 400;\">Pump It<\/span><span style=\"font-weight: 400;\"> jest to puder nadaj\u0105cy obj\u0119to\u015b\u0107, kt\u00f3ry jest szczeg\u00f3lnie polecany do <strong>w\u0142os\u00f3w cienkich i pozbawionych obj\u0119to\u015bci<\/strong>.<\/span><\/p>\n<p><span style=\"font-weight: 400;\">Mikrocz\u0105steczki zwi\u0119kszaj\u0105ce obj\u0119to\u015b\u0107 unosz\u0105 w\u0142osy u nasady, nadaj\u0105c im grubo\u015b\u0107 i witalno\u015b\u0107. \u0141\u0105cz\u0105c niesamowite dzia\u0142anie pogrubiaj\u0105ce z maksymaln\u0105 lekko\u015bci\u0105, <\/span><strong>Pump It<\/strong><span style=\"font-weight: 400;\"><strong> b\u0142yskawicznie zwi\u0119ksza obj\u0119to\u015b\u0107 wszystkich rodzaj\u00f3w w\u0142os\u00f3w<\/strong>, bez ich obci\u0105\u017cania.<\/span><\/p>\n<p><span style=\"font-weight: 400;\">Jest niezast\u0105piony, je\u015bli masz cienkie w\u0142osy, kt\u00f3rym brakuje obj\u0119to\u015bci i nie trzymaj\u0105 kszta\u0142tu stylizacji.<\/span><\/p>\n<p><span style=\"font-weight: 400;\">7 g<\/span><\/p>\n<p>&nbsp;<\/p>\n[maxbutton id=\"8\"]\n","protected":false},"featured_media":4152,"template":"","meta":[],"product_brand":[],"product_cat":[694],"product_tag":[],"class_list":{"0":"post-4151","1":"product","2":"type-product","3":"status-publish","4":"has-post-thumbnail","6":"product_cat-finish-styling-pl","7":"description-off","9":"first","10":"instock","11":"shipping-taxable","12":"product-type-simple"},"yoast_head":"<!-- This site is optimized with the Yoast SEO plugin v27.2 - https:\/\/yoast.com\/product\/yoast-seo-wordpress\/ -->\n<title>Pump it \u2013 Puder nadaj\u0105cy obj\u0119to\u015b\u0107 | Paul Rivera<\/title>\n<meta name=\"description\" content=\"Pump It jest to puder nadaj\u0105cy obj\u0119to\u015b\u0107, kt\u00f3ry jest szczeg\u00f3lnie polecany do w\u0142os\u00f3w cienkich i pozbawionych obj\u0119to\u015bci.\" \/>\n<meta name=\"robots\" content=\"index, follow, max-snippet:-1, max-image-preview:large, max-video-preview:-1\" \/>\n<link rel=\"canonical\" href=\"https:\/\/paulrivera.it\/pl\/prodotti\/finish-styling-pl\/pump-it-puder-nadajacy-objetosc\/\" \/>\n<meta property=\"og:locale\" content=\"pl_PL\" \/>\n<meta property=\"og:type\" content=\"article\" \/>\n<meta property=\"og:title\" content=\"Pump it \u2013 Puder nadaj\u0105cy obj\u0119to\u015b\u0107 | Paul Rivera\" \/>\n<meta property=\"og:description\" content=\"Pump It jest to puder nadaj\u0105cy obj\u0119to\u015b\u0107, kt\u00f3ry jest szczeg\u00f3lnie polecany do w\u0142os\u00f3w cienkich i pozbawionych obj\u0119to\u015bci.\" \/>\n<meta property=\"og:url\" content=\"https:\/\/paulrivera.it\/pl\/prodotti\/finish-styling-pl\/pump-it-puder-nadajacy-objetosc\/\" \/>\n<meta property=\"og:site_name\" content=\"Paul Rivera\" \/>\n<meta property=\"article:modified_time\" content=\"2024-05-13T07:45:27+00:00\" \/>\n<meta property=\"og:image\" content=\"https:\/\/paulrivera.it\/wp-content\/uploads\/2020\/06\/606136_paul_rivera_pump_it_volume_effect_powder_7g.png\" \/>\n\t<meta property=\"og:image:width\" content=\"800\" \/>\n\t<meta property=\"og:image:height\" content=\"800\" \/>\n\t<meta property=\"og:image:type\" content=\"image\/png\" \/>\n<meta name=\"twitter:card\" content=\"summary_large_image\" \/>\n<meta name=\"twitter:label1\" content=\"Est. reading time\" \/>\n\t<meta name=\"twitter:data1\" content=\"2 minutes\" \/>\n<script type=\"application\/ld+json\" class=\"yoast-schema-graph\">{\"@context\":\"https:\/\/schema.org\",\"@graph\":[{\"@type\":\"WebPage\",\"@id\":\"https:\/\/paulrivera.it\/pl\/prodotti\/finish-styling-pl\/pump-it-puder-nadajacy-objetosc\/\",\"url\":\"https:\/\/paulrivera.it\/pl\/prodotti\/finish-styling-pl\/pump-it-puder-nadajacy-objetosc\/\",\"name\":\"Pump it \u2013 Puder nadaj\u0105cy obj\u0119to\u015b\u0107 | Paul Rivera\",\"isPartOf\":{\"@id\":\"https:\/\/paulrivera.it\/pl\/#website\"},\"primaryImageOfPage\":{\"@id\":\"https:\/\/paulrivera.it\/pl\/prodotti\/finish-styling-pl\/pump-it-puder-nadajacy-objetosc\/#primaryimage\"},\"image\":{\"@id\":\"https:\/\/paulrivera.it\/pl\/prodotti\/finish-styling-pl\/pump-it-puder-nadajacy-objetosc\/#primaryimage\"},\"thumbnailUrl\":\"https:\/\/paulrivera.it\/wp-content\/uploads\/2020\/06\/606136_paul_rivera_pump_it_volume_effect_powder_7g.png\",\"datePublished\":\"2020-06-23T14:22:35+00:00\",\"dateModified\":\"2024-05-13T07:45:27+00:00\",\"description\":\"Pump It jest to puder nadaj\u0105cy obj\u0119to\u015b\u0107, kt\u00f3ry jest szczeg\u00f3lnie polecany do w\u0142os\u00f3w cienkich i pozbawionych obj\u0119to\u015bci.\",\"breadcrumb\":{\"@id\":\"https:\/\/paulrivera.it\/pl\/prodotti\/finish-styling-pl\/pump-it-puder-nadajacy-objetosc\/#breadcrumb\"},\"inLanguage\":\"pl-PL\",\"potentialAction\":[{\"@type\":\"ReadAction\",\"target\":[\"https:\/\/paulrivera.it\/pl\/prodotti\/finish-styling-pl\/pump-it-puder-nadajacy-objetosc\/\"]}]},{\"@type\":\"ImageObject\",\"inLanguage\":\"pl-PL\",\"@id\":\"https:\/\/paulrivera.it\/pl\/prodotti\/finish-styling-pl\/pump-it-puder-nadajacy-objetosc\/#primaryimage\",\"url\":\"https:\/\/paulrivera.it\/wp-content\/uploads\/2020\/06\/606136_paul_rivera_pump_it_volume_effect_powder_7g.png\",\"contentUrl\":\"https:\/\/paulrivera.it\/wp-content\/uploads\/2020\/06\/606136_paul_rivera_pump_it_volume_effect_powder_7g.png\",\"width\":800,\"height\":800,\"caption\":\"Pump it \u2013 Puder nadaj\u0105cy obj\u0119to\u015b\u0107\"},{\"@type\":\"BreadcrumbList\",\"@id\":\"https:\/\/paulrivera.it\/pl\/prodotti\/finish-styling-pl\/pump-it-puder-nadajacy-objetosc\/#breadcrumb\",\"itemListElement\":[{\"@type\":\"ListItem\",\"position\":1,\"name\":\"Home\",\"item\":\"https:\/\/paulrivera.it\/pl\/\"},{\"@type\":\"ListItem\",\"position\":2,\"name\":\"Pagina shop\",\"item\":\"https:\/\/paulrivera.it\/prodotti\/\"},{\"@type\":\"ListItem\",\"position\":3,\"name\":\"Pump it \u2013 Puder nadaj\u0105cy obj\u0119to\u015b\u0107\"}]},{\"@type\":\"WebSite\",\"@id\":\"https:\/\/paulrivera.it\/pl\/#website\",\"url\":\"https:\/\/paulrivera.it\/pl\/\",\"name\":\"Paul Rivera\",\"description\":\"Hair Beauty Celebration\",\"publisher\":{\"@id\":\"https:\/\/paulrivera.it\/pl\/#organization\"},\"potentialAction\":[{\"@type\":\"SearchAction\",\"target\":{\"@type\":\"EntryPoint\",\"urlTemplate\":\"https:\/\/paulrivera.it\/pl\/?s={search_term_string}\"},\"query-input\":{\"@type\":\"PropertyValueSpecification\",\"valueRequired\":true,\"valueName\":\"search_term_string\"}}],\"inLanguage\":\"pl-PL\"},{\"@type\":\"Organization\",\"@id\":\"https:\/\/paulrivera.it\/pl\/#organization\",\"name\":\"Paul Rivera\",\"url\":\"https:\/\/paulrivera.it\/pl\/\",\"logo\":{\"@type\":\"ImageObject\",\"inLanguage\":\"pl-PL\",\"@id\":\"https:\/\/paulrivera.it\/pl\/#\/schema\/logo\/image\/\",\"url\":\"https:\/\/paulrivera.it\/wp-content\/uploads\/2020\/02\/paul_rivera_logo_header_x2.png\",\"contentUrl\":\"https:\/\/paulrivera.it\/wp-content\/uploads\/2020\/02\/paul_rivera_logo_header_x2.png\",\"width\":470,\"height\":60,\"caption\":\"Paul Rivera\"},\"image\":{\"@id\":\"https:\/\/paulrivera.it\/pl\/#\/schema\/logo\/image\/\"}}]}<\/script>\n<!-- \/ Yoast SEO plugin. -->","yoast_head_json":{"title":"Pump it \u2013 Puder nadaj\u0105cy obj\u0119to\u015b\u0107 | Paul Rivera","description":"Pump It jest to puder nadaj\u0105cy obj\u0119to\u015b\u0107, kt\u00f3ry jest szczeg\u00f3lnie polecany do w\u0142os\u00f3w cienkich i pozbawionych obj\u0119to\u015bci.","robots":{"index":"index","follow":"follow","max-snippet":"max-snippet:-1","max-image-preview":"max-image-preview:large","max-video-preview":"max-video-preview:-1"},"canonical":"https:\/\/paulrivera.it\/pl\/prodotti\/finish-styling-pl\/pump-it-puder-nadajacy-objetosc\/","og_locale":"pl_PL","og_type":"article","og_title":"Pump it \u2013 Puder nadaj\u0105cy obj\u0119to\u015b\u0107 | Paul Rivera","og_description":"Pump It jest to puder nadaj\u0105cy obj\u0119to\u015b\u0107, kt\u00f3ry jest szczeg\u00f3lnie polecany do w\u0142os\u00f3w cienkich i pozbawionych obj\u0119to\u015bci.","og_url":"https:\/\/paulrivera.it\/pl\/prodotti\/finish-styling-pl\/pump-it-puder-nadajacy-objetosc\/","og_site_name":"Paul Rivera","article_modified_time":"2024-05-13T07:45:27+00:00","og_image":[{"width":800,"height":800,"url":"https:\/\/paulrivera.it\/wp-content\/uploads\/2020\/06\/606136_paul_rivera_pump_it_volume_effect_powder_7g.png","type":"image\/png"}],"twitter_card":"summary_large_image","twitter_misc":{"Est. reading time":"2 minutes"},"schema":{"@context":"https:\/\/schema.org","@graph":[{"@type":"WebPage","@id":"https:\/\/paulrivera.it\/pl\/prodotti\/finish-styling-pl\/pump-it-puder-nadajacy-objetosc\/","url":"https:\/\/paulrivera.it\/pl\/prodotti\/finish-styling-pl\/pump-it-puder-nadajacy-objetosc\/","name":"Pump it \u2013 Puder nadaj\u0105cy obj\u0119to\u015b\u0107 | Paul Rivera","isPartOf":{"@id":"https:\/\/paulrivera.it\/pl\/#website"},"primaryImageOfPage":{"@id":"https:\/\/paulrivera.it\/pl\/prodotti\/finish-styling-pl\/pump-it-puder-nadajacy-objetosc\/#primaryimage"},"image":{"@id":"https:\/\/paulrivera.it\/pl\/prodotti\/finish-styling-pl\/pump-it-puder-nadajacy-objetosc\/#primaryimage"},"thumbnailUrl":"https:\/\/paulrivera.it\/wp-content\/uploads\/2020\/06\/606136_paul_rivera_pump_it_volume_effect_powder_7g.png","datePublished":"2020-06-23T14:22:35+00:00","dateModified":"2024-05-13T07:45:27+00:00","description":"Pump It jest to puder nadaj\u0105cy obj\u0119to\u015b\u0107, kt\u00f3ry jest szczeg\u00f3lnie polecany do w\u0142os\u00f3w cienkich i pozbawionych obj\u0119to\u015bci.","breadcrumb":{"@id":"https:\/\/paulrivera.it\/pl\/prodotti\/finish-styling-pl\/pump-it-puder-nadajacy-objetosc\/#breadcrumb"},"inLanguage":"pl-PL","potentialAction":[{"@type":"ReadAction","target":["https:\/\/paulrivera.it\/pl\/prodotti\/finish-styling-pl\/pump-it-puder-nadajacy-objetosc\/"]}]},{"@type":"ImageObject","inLanguage":"pl-PL","@id":"https:\/\/paulrivera.it\/pl\/prodotti\/finish-styling-pl\/pump-it-puder-nadajacy-objetosc\/#primaryimage","url":"https:\/\/paulrivera.it\/wp-content\/uploads\/2020\/06\/606136_paul_rivera_pump_it_volume_effect_powder_7g.png","contentUrl":"https:\/\/paulrivera.it\/wp-content\/uploads\/2020\/06\/606136_paul_rivera_pump_it_volume_effect_powder_7g.png","width":800,"height":800,"caption":"Pump it \u2013 Puder nadaj\u0105cy obj\u0119to\u015b\u0107"},{"@type":"BreadcrumbList","@id":"https:\/\/paulrivera.it\/pl\/prodotti\/finish-styling-pl\/pump-it-puder-nadajacy-objetosc\/#breadcrumb","itemListElement":[{"@type":"ListItem","position":1,"name":"Home","item":"https:\/\/paulrivera.it\/pl\/"},{"@type":"ListItem","position":2,"name":"Pagina shop","item":"https:\/\/paulrivera.it\/prodotti\/"},{"@type":"ListItem","position":3,"name":"Pump it \u2013 Puder nadaj\u0105cy obj\u0119to\u015b\u0107"}]},{"@type":"WebSite","@id":"https:\/\/paulrivera.it\/pl\/#website","url":"https:\/\/paulrivera.it\/pl\/","name":"Paul Rivera","description":"Hair Beauty Celebration","publisher":{"@id":"https:\/\/paulrivera.it\/pl\/#organization"},"potentialAction":[{"@type":"SearchAction","target":{"@type":"EntryPoint","urlTemplate":"https:\/\/paulrivera.it\/pl\/?s={search_term_string}"},"query-input":{"@type":"PropertyValueSpecification","valueRequired":true,"valueName":"search_term_string"}}],"inLanguage":"pl-PL"},{"@type":"Organization","@id":"https:\/\/paulrivera.it\/pl\/#organization","name":"Paul Rivera","url":"https:\/\/paulrivera.it\/pl\/","logo":{"@type":"ImageObject","inLanguage":"pl-PL","@id":"https:\/\/paulrivera.it\/pl\/#\/schema\/logo\/image\/","url":"https:\/\/paulrivera.it\/wp-content\/uploads\/2020\/02\/paul_rivera_logo_header_x2.png","contentUrl":"https:\/\/paulrivera.it\/wp-content\/uploads\/2020\/02\/paul_rivera_logo_header_x2.png","width":470,"height":60,"caption":"Paul Rivera"},"image":{"@id":"https:\/\/paulrivera.it\/pl\/#\/schema\/logo\/image\/"}}]}},"_links":{"self":[{"href":"https:\/\/paulrivera.it\/pl\/wp-json\/wp\/v2\/product\/4151","targetHints":{"allow":["GET"]}}],"collection":[{"href":"https:\/\/paulrivera.it\/pl\/wp-json\/wp\/v2\/product"}],"about":[{"href":"https:\/\/paulrivera.it\/pl\/wp-json\/wp\/v2\/types\/product"}],"wp:featuredmedia":[{"embeddable":true,"href":"https:\/\/paulrivera.it\/pl\/wp-json\/wp\/v2\/media\/4152"}],"wp:attachment":[{"href":"https:\/\/paulrivera.it\/pl\/wp-json\/wp\/v2\/media?parent=4151"}],"wp:term":[{"taxonomy":"product_brand","embeddable":true,"href":"https:\/\/paulrivera.it\/pl\/wp-json\/wp\/v2\/product_brand?post=4151"},{"taxonomy":"product_cat","embeddable":true,"href":"https:\/\/paulrivera.it\/pl\/wp-json\/wp\/v2\/product_cat?post=4151"},{"taxonomy":"product_tag","embeddable":true,"href":"https:\/\/paulrivera.it\/pl\/wp-json\/wp\/v2\/product_tag?post=4151"}],"curies":[{"name":"wp","href":"https:\/\/api.w.org\/{rel}","templated":true}]}}