{"id":4172,"date":"2020-02-18T09:51:27","date_gmt":"2020-02-18T08:51:27","guid":{"rendered":"https:\/\/paulrivera.it\/product\/go-out-matt-wax-wosk-matujacy-wlosy\/"},"modified":"2024-05-13T09:53:00","modified_gmt":"2024-05-13T07:53:00","slug":"go-out-matt-wax-wosk-matujacy-wlosy","status":"publish","type":"product","link":"https:\/\/paulrivera.it\/pl\/prodotti\/finish-styling-pl\/go-out-matt-wax-wosk-matujacy-wlosy\/","title":{"rendered":"Go Out &#8211; Matt Wax \u2013 Wosk matuj\u0105cy w\u0142osy"},"content":{"rendered":"<div class=\"wpb-content-wrapper\"><p>[vc_row full_width=&#8221;stretch_row&#8221;][vc_column][vc_row_inner el_id=&#8221;desktop&#8221;][vc_column_inner width=&#8221;1\/2&#8243; css=&#8221;.vc_custom_1582194227194{padding-top: 10% !important;padding-right: 10% !important;padding-bottom: 10% !important;padding-left: 30% !important;}&#8221; offset=&#8221;vc_hidden-md vc_hidden-sm vc_hidden-xs&#8221;][vc_column_text]<\/p>\n<h1>Pokochasz ten produkt za to, \u017ce<\/h1>\n<ul>\n<li><span style=\"font-weight: 400;\">Ma niesamowity efekt matuj\u0105cy<\/span><\/li>\n<li>Zapewnia bardzo mocne i d\u0142ugotrwa\u0142e utrwalenie fryzury<\/li>\n<li>Nie skleja w\u0142os\u00f3w i pozwala na zmian\u0119 fryzury w ka\u017cdej chwili<\/li>\n<\/ul>\n<p>[\/vc_column_text][vc_column_text]<\/p>\n<h1>Jak stosowa\u0107?<\/h1>\n<p><span style=\"font-weight: 400;\">Rozgrza\u0107 wosk w d\u0142oniach i na\u0142o\u017cy\u0107 opuszkami na wilgotne lub suche w\u0142osy, aby uzyska\u0107 po\u017c\u0105dan\u0105 stylizacj\u0119.<\/span>[\/vc_column_text][\/vc_column_inner][vc_column_inner width=&#8221;1\/2&#8243; css=&#8221;.vc_custom_1582889160073{background-image: url(https:\/\/paulrivera.it\/wp-content\/uploads\/2020\/02\/background_adv_produc_go_out.png?id=915) !important;background-position: center !important;background-repeat: no-repeat !important;background-size: cover !important;}&#8221; offset=&#8221;vc_hidden-md vc_hidden-sm vc_hidden-xs&#8221;][vc_single_image image=&#8221;4164&#8243; img_size=&#8221;large&#8221; alignment=&#8221;center&#8221;][\/vc_column_inner][\/vc_row_inner][vc_row_inner el_id=&#8221;tablet&#8221;][vc_column_inner offset=&#8221;vc_hidden-lg vc_hidden-xs&#8221;][vc_column_text]<\/p>\n<h1>Pokochasz ten produkt za to, \u017ce<\/h1>\n<ul>\n<li><span style=\"font-weight: 400;\">Ma niesamowity efekt matuj\u0105cy<\/span><\/li>\n<li>Zapewnia bardzo mocne i d\u0142ugotrwa\u0142e utrwalenie fryzury<\/li>\n<li>Nie skleja w\u0142os\u00f3w i pozwala na zmian\u0119 fryzury w ka\u017cdej chwili<\/li>\n<\/ul>\n<p>[\/vc_column_text][vc_column_text]<\/p>\n<h1>Jak stosowa\u0107?<\/h1>\n<p><span style=\"font-weight: 400;\">Rozgrza\u0107 wosk w d\u0142oniach i na\u0142o\u017cy\u0107 opuszkami na wilgotne lub suche w\u0142osy, aby uzyska\u0107 po\u017c\u0105dan\u0105 stylizacj\u0119.<\/span>[\/vc_column_text][\/vc_column_inner][\/vc_row_inner][vc_row_inner el_id=&#8221;mobile&#8221;][vc_column_inner width=&#8221;1\/2&#8243; offset=&#8221;vc_hidden-lg vc_hidden-md vc_hidden-sm&#8221;][vc_column_text]<\/p>\n<h1>Pokochasz ten produkt za to, \u017ce<\/h1>\n<ul>\n<li><span style=\"font-weight: 400;\">Ma niesamowity efekt matuj\u0105cy<\/span><\/li>\n<li>Zapewnia bardzo mocne i d\u0142ugotrwa\u0142e utrwalenie fryzury<\/li>\n<li>Nie skleja w\u0142os\u00f3w i pozwala na zmian\u0119 fryzury w ka\u017cdej chwili<\/li>\n<\/ul>\n<p>[\/vc_column_text][vc_column_text]<\/p>\n<h1>Jak stosowa\u0107?<\/h1>\n<p><span style=\"font-weight: 400;\">Rozgrza\u0107 wosk w d\u0142oniach i na\u0142o\u017cy\u0107 opuszkami na wilgotne lub suche w\u0142osy, aby uzyska\u0107 po\u017c\u0105dan\u0105 stylizacj\u0119.<\/span>[\/vc_column_text][\/vc_column_inner][vc_column_inner width=&#8221;1\/2&#8243; css=&#8221;.vc_custom_1582889180615{background-image: url(https:\/\/paulrivera.it\/wp-content\/uploads\/2020\/02\/background_adv_produc_go_out.png?id=915) !important;background-position: center !important;background-repeat: no-repeat !important;background-size: cover !important;}&#8221; offset=&#8221;vc_hidden-lg vc_hidden-md vc_hidden-sm&#8221;][vc_single_image image=&#8221;4164&#8243; img_size=&#8221;large&#8221; alignment=&#8221;center&#8221;][\/vc_column_inner][\/vc_row_inner][\/vc_column][\/vc_row][vc_row css=&#8221;.vc_custom_1582192829011{padding-top: 50px !important;}&#8221;][vc_column][vc_row_inner][vc_column_inner][vc_column_text]<\/p>\n<h1 style=\"text-align: center;\"><span style=\"font-weight: 400;\">Spodoba Ci si\u0119 r\u00f3wnie\u017c<\/span><\/h1>\n<p>[\/vc_column_text][\/vc_column_inner][\/vc_row_inner][vc_raw_html]JTVCd3BiLXByb2R1Y3Qtc2xpZGVyLXNob3J0Y29kZSUyMGlkJTNEJTIyMTc2JTIyJTVE[\/vc_raw_html][\/vc_column][\/vc_row]<\/p>\n<\/div>","protected":false},"excerpt":{"rendered":"<p><span style=\"font-weight: 400;\">Kszta\u0142tuj, rze\u017ab i tw\u00f3rz nieko\u0144cz\u0105ce si\u0119 matowe tekstury. <\/span><b>Wosk matuj\u0105cy w\u0142osy<\/b><span style=\"font-weight: 400;\"> Go Out<\/span><span style=\"font-weight: 400;\"> pozwala stworzy\u0107 dynamiczne i precyzyjne stylizacje.<\/span><\/p>\n<p><span style=\"font-weight: 400;\">Zapewnia mi\u0119kkie, niewidoczne i elastyczne wyko\u0144czenie . Dzi\u0119ki woskowi <\/span><span style=\"font-weight: 400;\">Go Out<\/span><span style=\"font-weight: 400;\"> Twoja fryzura mo\u017ce w ka\u017cdej chwili przybiera\u0107 nowe kszta\u0142ty, co pozwala na zabaw\u0119 i tworzenie idealnego wygl\u0105du zawsze i wsz\u0119dzie! Dzi\u0119ki unikalnym w\u0142a\u015bciwo\u015bciom utrwalaj\u0105cym <\/span><b>utrzymuje wygl\u0105d niezmieniony<\/b><span style=\"font-weight: 400;\"> przez ca\u0142y dzie\u0144.<\/span><\/p>\n<p><span style=\"font-weight: 400;\">100 ml<\/span><\/p>\n<p>&nbsp;<\/p>\n[maxbutton id=\"8\"]\n","protected":false},"featured_media":4173,"template":"","meta":[],"product_brand":[],"product_cat":[694],"product_tag":[],"class_list":{"0":"post-4172","1":"product","2":"type-product","3":"status-publish","4":"has-post-thumbnail","6":"product_cat-finish-styling-pl","7":"description-off","9":"first","10":"instock","11":"shipping-taxable","12":"product-type-simple"},"yoast_head":"<!-- This site is optimized with the Yoast SEO plugin v27.2 - https:\/\/yoast.com\/product\/yoast-seo-wordpress\/ -->\n<title>Go Out - Matt Wax \u2013 Wosk matuj\u0105cy w\u0142osy | Paul Rivera<\/title>\n<meta name=\"description\" content=\"Kszta\u0142tuj, rze\u017ab i tw\u00f3rz nieko\u0144cz\u0105ce si\u0119 matowe tekstury. Wosk matuj\u0105cy w\u0142osy Go Out pozwala stworzy\u0107 dynamiczne i precyzyjne stylizacje.\" \/>\n<meta name=\"robots\" content=\"index, follow, max-snippet:-1, max-image-preview:large, max-video-preview:-1\" \/>\n<link rel=\"canonical\" href=\"https:\/\/paulrivera.it\/pl\/prodotti\/finish-styling-pl\/go-out-matt-wax-wosk-matujacy-wlosy\/\" \/>\n<meta property=\"og:locale\" content=\"pl_PL\" \/>\n<meta property=\"og:type\" content=\"article\" \/>\n<meta property=\"og:title\" content=\"Go Out - Matt Wax \u2013 Wosk matuj\u0105cy w\u0142osy | Paul Rivera\" \/>\n<meta property=\"og:description\" content=\"Kszta\u0142tuj, rze\u017ab i tw\u00f3rz nieko\u0144cz\u0105ce si\u0119 matowe tekstury. Wosk matuj\u0105cy w\u0142osy Go Out pozwala stworzy\u0107 dynamiczne i precyzyjne stylizacje.\" \/>\n<meta property=\"og:url\" content=\"https:\/\/paulrivera.it\/pl\/prodotti\/finish-styling-pl\/go-out-matt-wax-wosk-matujacy-wlosy\/\" \/>\n<meta property=\"og:site_name\" content=\"Paul Rivera\" \/>\n<meta property=\"article:modified_time\" content=\"2024-05-13T07:53:00+00:00\" \/>\n<meta property=\"og:image\" content=\"https:\/\/paulrivera.it\/wp-content\/uploads\/2020\/02\/606075_paul_rivera_go_out_matt_effect_shaping_wax_100ml.png\" \/>\n\t<meta property=\"og:image:width\" content=\"800\" \/>\n\t<meta property=\"og:image:height\" content=\"800\" \/>\n\t<meta property=\"og:image:type\" content=\"image\/png\" \/>\n<meta name=\"twitter:card\" content=\"summary_large_image\" \/>\n<meta name=\"twitter:label1\" content=\"Est. reading time\" \/>\n\t<meta name=\"twitter:data1\" content=\"2 minutes\" \/>\n<script type=\"application\/ld+json\" class=\"yoast-schema-graph\">{\"@context\":\"https:\/\/schema.org\",\"@graph\":[{\"@type\":\"WebPage\",\"@id\":\"https:\/\/paulrivera.it\/pl\/prodotti\/finish-styling-pl\/go-out-matt-wax-wosk-matujacy-wlosy\/\",\"url\":\"https:\/\/paulrivera.it\/pl\/prodotti\/finish-styling-pl\/go-out-matt-wax-wosk-matujacy-wlosy\/\",\"name\":\"Go Out - Matt Wax \u2013 Wosk matuj\u0105cy w\u0142osy | Paul Rivera\",\"isPartOf\":{\"@id\":\"https:\/\/paulrivera.it\/pl\/#website\"},\"primaryImageOfPage\":{\"@id\":\"https:\/\/paulrivera.it\/pl\/prodotti\/finish-styling-pl\/go-out-matt-wax-wosk-matujacy-wlosy\/#primaryimage\"},\"image\":{\"@id\":\"https:\/\/paulrivera.it\/pl\/prodotti\/finish-styling-pl\/go-out-matt-wax-wosk-matujacy-wlosy\/#primaryimage\"},\"thumbnailUrl\":\"https:\/\/paulrivera.it\/wp-content\/uploads\/2020\/02\/606075_paul_rivera_go_out_matt_effect_shaping_wax_100ml.png\",\"datePublished\":\"2020-02-18T08:51:27+00:00\",\"dateModified\":\"2024-05-13T07:53:00+00:00\",\"description\":\"Kszta\u0142tuj, rze\u017ab i tw\u00f3rz nieko\u0144cz\u0105ce si\u0119 matowe tekstury. Wosk matuj\u0105cy w\u0142osy Go Out pozwala stworzy\u0107 dynamiczne i precyzyjne stylizacje.\",\"breadcrumb\":{\"@id\":\"https:\/\/paulrivera.it\/pl\/prodotti\/finish-styling-pl\/go-out-matt-wax-wosk-matujacy-wlosy\/#breadcrumb\"},\"inLanguage\":\"pl-PL\",\"potentialAction\":[{\"@type\":\"ReadAction\",\"target\":[\"https:\/\/paulrivera.it\/pl\/prodotti\/finish-styling-pl\/go-out-matt-wax-wosk-matujacy-wlosy\/\"]}]},{\"@type\":\"ImageObject\",\"inLanguage\":\"pl-PL\",\"@id\":\"https:\/\/paulrivera.it\/pl\/prodotti\/finish-styling-pl\/go-out-matt-wax-wosk-matujacy-wlosy\/#primaryimage\",\"url\":\"https:\/\/paulrivera.it\/wp-content\/uploads\/2020\/02\/606075_paul_rivera_go_out_matt_effect_shaping_wax_100ml.png\",\"contentUrl\":\"https:\/\/paulrivera.it\/wp-content\/uploads\/2020\/02\/606075_paul_rivera_go_out_matt_effect_shaping_wax_100ml.png\",\"width\":800,\"height\":800,\"caption\":\"Go Out - Matt Wax \u2013 Wosk matuj\u0105cy w\u0142osy\"},{\"@type\":\"BreadcrumbList\",\"@id\":\"https:\/\/paulrivera.it\/pl\/prodotti\/finish-styling-pl\/go-out-matt-wax-wosk-matujacy-wlosy\/#breadcrumb\",\"itemListElement\":[{\"@type\":\"ListItem\",\"position\":1,\"name\":\"Home\",\"item\":\"https:\/\/paulrivera.it\/pl\/\"},{\"@type\":\"ListItem\",\"position\":2,\"name\":\"Pagina shop\",\"item\":\"https:\/\/paulrivera.it\/prodotti\/\"},{\"@type\":\"ListItem\",\"position\":3,\"name\":\"Go Out &#8211; Matt Wax \u2013 Wosk matuj\u0105cy w\u0142osy\"}]},{\"@type\":\"WebSite\",\"@id\":\"https:\/\/paulrivera.it\/pl\/#website\",\"url\":\"https:\/\/paulrivera.it\/pl\/\",\"name\":\"Paul Rivera\",\"description\":\"Hair Beauty Celebration\",\"publisher\":{\"@id\":\"https:\/\/paulrivera.it\/pl\/#organization\"},\"potentialAction\":[{\"@type\":\"SearchAction\",\"target\":{\"@type\":\"EntryPoint\",\"urlTemplate\":\"https:\/\/paulrivera.it\/pl\/?s={search_term_string}\"},\"query-input\":{\"@type\":\"PropertyValueSpecification\",\"valueRequired\":true,\"valueName\":\"search_term_string\"}}],\"inLanguage\":\"pl-PL\"},{\"@type\":\"Organization\",\"@id\":\"https:\/\/paulrivera.it\/pl\/#organization\",\"name\":\"Paul Rivera\",\"url\":\"https:\/\/paulrivera.it\/pl\/\",\"logo\":{\"@type\":\"ImageObject\",\"inLanguage\":\"pl-PL\",\"@id\":\"https:\/\/paulrivera.it\/pl\/#\/schema\/logo\/image\/\",\"url\":\"https:\/\/paulrivera.it\/wp-content\/uploads\/2020\/02\/paul_rivera_logo_header_x2.png\",\"contentUrl\":\"https:\/\/paulrivera.it\/wp-content\/uploads\/2020\/02\/paul_rivera_logo_header_x2.png\",\"width\":470,\"height\":60,\"caption\":\"Paul Rivera\"},\"image\":{\"@id\":\"https:\/\/paulrivera.it\/pl\/#\/schema\/logo\/image\/\"}}]}<\/script>\n<!-- \/ Yoast SEO plugin. -->","yoast_head_json":{"title":"Go Out - Matt Wax \u2013 Wosk matuj\u0105cy w\u0142osy | Paul Rivera","description":"Kszta\u0142tuj, rze\u017ab i tw\u00f3rz nieko\u0144cz\u0105ce si\u0119 matowe tekstury. Wosk matuj\u0105cy w\u0142osy Go Out pozwala stworzy\u0107 dynamiczne i precyzyjne stylizacje.","robots":{"index":"index","follow":"follow","max-snippet":"max-snippet:-1","max-image-preview":"max-image-preview:large","max-video-preview":"max-video-preview:-1"},"canonical":"https:\/\/paulrivera.it\/pl\/prodotti\/finish-styling-pl\/go-out-matt-wax-wosk-matujacy-wlosy\/","og_locale":"pl_PL","og_type":"article","og_title":"Go Out - Matt Wax \u2013 Wosk matuj\u0105cy w\u0142osy | Paul Rivera","og_description":"Kszta\u0142tuj, rze\u017ab i tw\u00f3rz nieko\u0144cz\u0105ce si\u0119 matowe tekstury. Wosk matuj\u0105cy w\u0142osy Go Out pozwala stworzy\u0107 dynamiczne i precyzyjne stylizacje.","og_url":"https:\/\/paulrivera.it\/pl\/prodotti\/finish-styling-pl\/go-out-matt-wax-wosk-matujacy-wlosy\/","og_site_name":"Paul Rivera","article_modified_time":"2024-05-13T07:53:00+00:00","og_image":[{"width":800,"height":800,"url":"https:\/\/paulrivera.it\/wp-content\/uploads\/2020\/02\/606075_paul_rivera_go_out_matt_effect_shaping_wax_100ml.png","type":"image\/png"}],"twitter_card":"summary_large_image","twitter_misc":{"Est. reading time":"2 minutes"},"schema":{"@context":"https:\/\/schema.org","@graph":[{"@type":"WebPage","@id":"https:\/\/paulrivera.it\/pl\/prodotti\/finish-styling-pl\/go-out-matt-wax-wosk-matujacy-wlosy\/","url":"https:\/\/paulrivera.it\/pl\/prodotti\/finish-styling-pl\/go-out-matt-wax-wosk-matujacy-wlosy\/","name":"Go Out - Matt Wax \u2013 Wosk matuj\u0105cy w\u0142osy | Paul Rivera","isPartOf":{"@id":"https:\/\/paulrivera.it\/pl\/#website"},"primaryImageOfPage":{"@id":"https:\/\/paulrivera.it\/pl\/prodotti\/finish-styling-pl\/go-out-matt-wax-wosk-matujacy-wlosy\/#primaryimage"},"image":{"@id":"https:\/\/paulrivera.it\/pl\/prodotti\/finish-styling-pl\/go-out-matt-wax-wosk-matujacy-wlosy\/#primaryimage"},"thumbnailUrl":"https:\/\/paulrivera.it\/wp-content\/uploads\/2020\/02\/606075_paul_rivera_go_out_matt_effect_shaping_wax_100ml.png","datePublished":"2020-02-18T08:51:27+00:00","dateModified":"2024-05-13T07:53:00+00:00","description":"Kszta\u0142tuj, rze\u017ab i tw\u00f3rz nieko\u0144cz\u0105ce si\u0119 matowe tekstury. Wosk matuj\u0105cy w\u0142osy Go Out pozwala stworzy\u0107 dynamiczne i precyzyjne stylizacje.","breadcrumb":{"@id":"https:\/\/paulrivera.it\/pl\/prodotti\/finish-styling-pl\/go-out-matt-wax-wosk-matujacy-wlosy\/#breadcrumb"},"inLanguage":"pl-PL","potentialAction":[{"@type":"ReadAction","target":["https:\/\/paulrivera.it\/pl\/prodotti\/finish-styling-pl\/go-out-matt-wax-wosk-matujacy-wlosy\/"]}]},{"@type":"ImageObject","inLanguage":"pl-PL","@id":"https:\/\/paulrivera.it\/pl\/prodotti\/finish-styling-pl\/go-out-matt-wax-wosk-matujacy-wlosy\/#primaryimage","url":"https:\/\/paulrivera.it\/wp-content\/uploads\/2020\/02\/606075_paul_rivera_go_out_matt_effect_shaping_wax_100ml.png","contentUrl":"https:\/\/paulrivera.it\/wp-content\/uploads\/2020\/02\/606075_paul_rivera_go_out_matt_effect_shaping_wax_100ml.png","width":800,"height":800,"caption":"Go Out - Matt Wax \u2013 Wosk matuj\u0105cy w\u0142osy"},{"@type":"BreadcrumbList","@id":"https:\/\/paulrivera.it\/pl\/prodotti\/finish-styling-pl\/go-out-matt-wax-wosk-matujacy-wlosy\/#breadcrumb","itemListElement":[{"@type":"ListItem","position":1,"name":"Home","item":"https:\/\/paulrivera.it\/pl\/"},{"@type":"ListItem","position":2,"name":"Pagina shop","item":"https:\/\/paulrivera.it\/prodotti\/"},{"@type":"ListItem","position":3,"name":"Go Out &#8211; Matt Wax \u2013 Wosk matuj\u0105cy w\u0142osy"}]},{"@type":"WebSite","@id":"https:\/\/paulrivera.it\/pl\/#website","url":"https:\/\/paulrivera.it\/pl\/","name":"Paul Rivera","description":"Hair Beauty Celebration","publisher":{"@id":"https:\/\/paulrivera.it\/pl\/#organization"},"potentialAction":[{"@type":"SearchAction","target":{"@type":"EntryPoint","urlTemplate":"https:\/\/paulrivera.it\/pl\/?s={search_term_string}"},"query-input":{"@type":"PropertyValueSpecification","valueRequired":true,"valueName":"search_term_string"}}],"inLanguage":"pl-PL"},{"@type":"Organization","@id":"https:\/\/paulrivera.it\/pl\/#organization","name":"Paul Rivera","url":"https:\/\/paulrivera.it\/pl\/","logo":{"@type":"ImageObject","inLanguage":"pl-PL","@id":"https:\/\/paulrivera.it\/pl\/#\/schema\/logo\/image\/","url":"https:\/\/paulrivera.it\/wp-content\/uploads\/2020\/02\/paul_rivera_logo_header_x2.png","contentUrl":"https:\/\/paulrivera.it\/wp-content\/uploads\/2020\/02\/paul_rivera_logo_header_x2.png","width":470,"height":60,"caption":"Paul Rivera"},"image":{"@id":"https:\/\/paulrivera.it\/pl\/#\/schema\/logo\/image\/"}}]}},"_links":{"self":[{"href":"https:\/\/paulrivera.it\/pl\/wp-json\/wp\/v2\/product\/4172","targetHints":{"allow":["GET"]}}],"collection":[{"href":"https:\/\/paulrivera.it\/pl\/wp-json\/wp\/v2\/product"}],"about":[{"href":"https:\/\/paulrivera.it\/pl\/wp-json\/wp\/v2\/types\/product"}],"wp:featuredmedia":[{"embeddable":true,"href":"https:\/\/paulrivera.it\/pl\/wp-json\/wp\/v2\/media\/4173"}],"wp:attachment":[{"href":"https:\/\/paulrivera.it\/pl\/wp-json\/wp\/v2\/media?parent=4172"}],"wp:term":[{"taxonomy":"product_brand","embeddable":true,"href":"https:\/\/paulrivera.it\/pl\/wp-json\/wp\/v2\/product_brand?post=4172"},{"taxonomy":"product_cat","embeddable":true,"href":"https:\/\/paulrivera.it\/pl\/wp-json\/wp\/v2\/product_cat?post=4172"},{"taxonomy":"product_tag","embeddable":true,"href":"https:\/\/paulrivera.it\/pl\/wp-json\/wp\/v2\/product_tag?post=4172"}],"curies":[{"name":"wp","href":"https:\/\/api.w.org\/{rel}","templated":true}]}}