{"id":4184,"date":"2020-02-18T09:48:58","date_gmt":"2020-02-18T08:48:58","guid":{"rendered":"https:\/\/paulrivera.it\/product\/spotlight-spray-nadajacy-blask\/"},"modified":"2024-05-13T09:55:59","modified_gmt":"2024-05-13T07:55:59","slug":"spotlight-spray-nadajacy-blask","status":"publish","type":"product","link":"https:\/\/paulrivera.it\/pl\/prodotti\/finish-styling-pl\/spotlight-spray-nadajacy-blask\/","title":{"rendered":"Spotlight &#8211; Spray nadaj\u0105cy blask"},"content":{"rendered":"<div class=\"wpb-content-wrapper\"><p>[vc_row full_width=&#8221;stretch_row&#8221;][vc_column][vc_row_inner el_id=&#8221;desktop&#8221;][vc_column_inner width=&#8221;1\/2&#8243; css=&#8221;.vc_custom_1582194227194{padding-top: 10% !important;padding-right: 10% !important;padding-bottom: 10% !important;padding-left: 30% !important;}&#8221; offset=&#8221;vc_hidden-md vc_hidden-sm vc_hidden-xs&#8221;][vc_column_text]<\/p>\n<h1>Pokochasz ten produkt za to, \u017ce<\/h1>\n<ul>\n<li><span style=\"font-weight: 400;\">Nadaje stylizacji ultra l\u015bni\u0105ce wyko\u0144czenie<\/span><\/li>\n<li>Eliminuje puszenie si\u0119 w\u0142os\u00f3w<\/li>\n<li>Chroni w\u0142osy przed wilgoci\u0105<\/li>\n<\/ul>\n<p>[\/vc_column_text][vc_column_text]<\/p>\n<h1>Sk\u0142adniki aktywne zawarte w formule<\/h1>\n<ul>\n<li><span style=\"font-weight: 400;\">Wyci\u0105g z jagody Goja: m<\/span>ieszanka witamin, minera\u0142\u00f3w i przeciwutleniaczy, kt\u00f3ra wzbogaca wyci\u0105g z jag\u00f3d goji sprawia, \u017ce w\u0142osy s\u0105 pi\u0119kne i l\u015bni\u0105ce.<\/li>\n<li>Aloes: ma dzia\u0142anie nawil\u017caj\u0105ce, antyoksydacyjne, wspomaga gojenie si\u0119 nask\u00f3rka i odbudow\u0119 kom\u00f3rek.<\/li>\n<\/ul>\n<p>[\/vc_column_text][vc_column_text]<\/p>\n<h1>Jak stosowa\u0107?<\/h1>\n<p><span style=\"font-weight: 400;\">Potrz\u0105sn\u0105\u0107 przed u\u017cyciem i spryska\u0107 na wysuszone w\u0142osy w odleg\u0142o\u015bci oko\u0142o 30 cm. <\/span>[\/vc_column_text][\/vc_column_inner][vc_column_inner width=&#8221;1\/2&#8243; css=&#8221;.vc_custom_1582892082018{background-image: url(https:\/\/paulrivera.it\/wp-content\/uploads\/2020\/02\/background_adv_produc_spot_light.png?id=907) !important;background-position: center !important;background-repeat: no-repeat !important;background-size: cover !important;}&#8221; offset=&#8221;vc_hidden-md vc_hidden-sm vc_hidden-xs&#8221;][vc_single_image image=&#8221;4160&#8243; img_size=&#8221;large&#8221; alignment=&#8221;center&#8221;][\/vc_column_inner][\/vc_row_inner][vc_row_inner el_id=&#8221;tablet&#8221;][vc_column_inner offset=&#8221;vc_hidden-lg vc_hidden-xs&#8221;][vc_column_text]<\/p>\n<h1>Pokochasz ten produkt za to, \u017ce<\/h1>\n<ul>\n<li><span style=\"font-weight: 400;\">Nadaje stylizacji ultra l\u015bni\u0105ce wyko\u0144czenie<\/span><\/li>\n<li>Eliminuje puszenie si\u0119 w\u0142os\u00f3w<\/li>\n<li>Chroni w\u0142osy przed wilgoci\u0105<\/li>\n<\/ul>\n<p>[\/vc_column_text][vc_column_text]<\/p>\n<h1>Sk\u0142adniki aktywne zawarte w formule<\/h1>\n<ul>\n<li><span style=\"font-weight: 400;\">Wyci\u0105g z jagody Goja: m<\/span>ieszanka witamin, minera\u0142\u00f3w i przeciwutleniaczy, kt\u00f3ra wzbogaca wyci\u0105g z jag\u00f3d goji sprawia, \u017ce w\u0142osy s\u0105 pi\u0119kne i l\u015bni\u0105ce.<\/li>\n<li>Aloes: ma dzia\u0142anie nawil\u017caj\u0105ce, antyoksydacyjne, wspomaga gojenie si\u0119 nask\u00f3rka i odbudow\u0119 kom\u00f3rek.<\/li>\n<\/ul>\n<p>[\/vc_column_text][vc_column_text]<\/p>\n<h1>Jak stosowa\u0107?<\/h1>\n<p><span style=\"font-weight: 400;\">Potrz\u0105sn\u0105\u0107 przed u\u017cyciem i spryska\u0107 na wysuszone w\u0142osy w odleg\u0142o\u015bci oko\u0142o 30 cm. <\/span>[\/vc_column_text][\/vc_column_inner][\/vc_row_inner][vc_row_inner el_id=&#8221;mobile&#8221;][vc_column_inner width=&#8221;1\/2&#8243; offset=&#8221;vc_hidden-lg vc_hidden-md vc_hidden-sm&#8221;][vc_column_text]<\/p>\n<h1>Pokochasz ten produkt za to, \u017ce<\/h1>\n<ul>\n<li><span style=\"font-weight: 400;\">Nadaje stylizacji ultra l\u015bni\u0105ce wyko\u0144czenie<\/span><\/li>\n<li>Eliminuje puszenie si\u0119 w\u0142os\u00f3w<\/li>\n<li>Chroni w\u0142osy przed wilgoci\u0105<\/li>\n<\/ul>\n<p>[\/vc_column_text][vc_column_text]<\/p>\n<h1>Sk\u0142adniki aktywne zawarte w formule<\/h1>\n<ul>\n<li><span style=\"font-weight: 400;\">Wyci\u0105g z jagody Goja: m<\/span>ieszanka witamin, minera\u0142\u00f3w i przeciwutleniaczy, kt\u00f3ra wzbogaca wyci\u0105g z jag\u00f3d goji sprawia, \u017ce w\u0142osy s\u0105 pi\u0119kne i l\u015bni\u0105ce.<\/li>\n<li>Aloes: ma dzia\u0142anie nawil\u017caj\u0105ce, antyoksydacyjne, wspomaga gojenie si\u0119 nask\u00f3rka i odbudow\u0119 kom\u00f3rek.<\/li>\n<\/ul>\n<p>[\/vc_column_text][vc_column_text]<\/p>\n<h1>Jak stosowa\u0107?<\/h1>\n<p><span style=\"font-weight: 400;\">Potrz\u0105sn\u0105\u0107 przed u\u017cyciem i spryska\u0107 na wysuszone w\u0142osy w odleg\u0142o\u015bci oko\u0142o 30 cm. <\/span>[\/vc_column_text][\/vc_column_inner][vc_column_inner width=&#8221;1\/2&#8243; css=&#8221;.vc_custom_1582892105272{background-image: url(https:\/\/paulrivera.it\/wp-content\/uploads\/2020\/02\/background_adv_produc_spot_light.png?id=907) !important;background-position: center !important;background-repeat: no-repeat !important;background-size: cover !important;}&#8221; offset=&#8221;vc_hidden-lg vc_hidden-md vc_hidden-sm&#8221;][vc_single_image image=&#8221;4160&#8243; img_size=&#8221;large&#8221; alignment=&#8221;center&#8221;][\/vc_column_inner][\/vc_row_inner][\/vc_column][\/vc_row][vc_row css=&#8221;.vc_custom_1582192829011{padding-top: 50px !important;}&#8221;][vc_column][vc_row_inner][vc_column_inner][vc_column_text]<\/p>\n<h1 class=\"p1\" style=\"text-align: center;\">Spodoba Ci si\u0119 r\u00f3wnie\u017c<\/h1>\n<p>[\/vc_column_text][\/vc_column_inner][\/vc_row_inner][vc_raw_html]JTVCd3BiLXByb2R1Y3Qtc2xpZGVyLXNob3J0Y29kZSUyMGlkJTNEJTIyMTg5JTIyJTVE[\/vc_raw_html][\/vc_column][\/vc_row]<\/p>\n<\/div>","protected":false},"excerpt":{"rendered":"<p><b>Spotlight<\/b> <span style=\"font-weight: 400;\">\u00a0to spray nadaj\u0105cy dodatkowy, wyj\u0105tkowy, naturalny <\/span><b>blask<\/b><span style=\"font-weight: 400;\">. Rozpylony na w\u0142osach nadaje im <\/span><b>niezwyk\u0142y blask <\/b><span style=\"font-weight: 400;\">bez efektu sklejenia i obci\u0105\u017cenia. W\u0142osy pozostaj\u0105 na d\u0142ugo l\u015bni\u0105ce i jedwabi\u015bcie mi\u0119kkie.<\/span><\/p>\n<p><span style=\"font-weight: 400;\">Spotlight jest przeznaczony do <\/span><b>ochrony w\u0142os\u00f3w<\/b><span style=\"font-weight: 400;\"> przed wilgoci\u0105. Ujarzmia puszenie si\u0119 w\u0142os\u00f3w dzi\u0119ki dzia\u0142aniu antystatycznemu, rewitalizuje na ca\u0142ej d\u0142ugo\u015bci i pozostawia w\u0142osy mocniejsze, dzi\u0119ki formule z <\/span><b>ekstraktami z jagody Goji<\/b><span style=\"font-weight: 400;\"> i <\/span><b>aloesu<\/b><span style=\"font-weight: 400;\">. <\/span><b>Elastyczna kontrola<\/b><span style=\"font-weight: 400;\"> i nieusztywniaj\u0105ce dzia\u0142anie u\u0142atwiaj\u0105 tworzenie po\u017c\u0105danej fryzury.<\/span><\/p>\n<p><span style=\"font-weight: 400;\">300 ml<\/span><\/p>\n<p>&nbsp;<\/p>\n[maxbutton id=\"8\"]\n","protected":false},"featured_media":4185,"template":"","meta":[],"product_brand":[],"product_cat":[694],"product_tag":[],"class_list":{"0":"post-4184","1":"product","2":"type-product","3":"status-publish","4":"has-post-thumbnail","6":"product_cat-finish-styling-pl","7":"description-off","9":"first","10":"instock","11":"shipping-taxable","12":"product-type-simple"},"yoast_head":"<!-- This site is optimized with the Yoast SEO plugin v27.2 - https:\/\/yoast.com\/product\/yoast-seo-wordpress\/ -->\n<title>Spotlight - Spray nadaj\u0105cy blask | Paul Rivera<\/title>\n<meta name=\"description\" content=\"Spotlight \u00a0to spray nadaj\u0105cy dodatkowy, wyj\u0105tkowy, naturalny blask. Rozpylony na w\u0142osach nadaje im niezwyk\u0142y blask bez efektu sklejenia i obci\u0105\u017cenia.\" \/>\n<meta name=\"robots\" content=\"index, follow, max-snippet:-1, max-image-preview:large, max-video-preview:-1\" \/>\n<link rel=\"canonical\" href=\"https:\/\/paulrivera.it\/pl\/prodotti\/finish-styling-pl\/spotlight-spray-nadajacy-blask\/\" \/>\n<meta property=\"og:locale\" content=\"pl_PL\" \/>\n<meta property=\"og:type\" content=\"article\" \/>\n<meta property=\"og:title\" content=\"Spotlight - Spray nadaj\u0105cy blask | Paul Rivera\" \/>\n<meta property=\"og:description\" content=\"Spotlight \u00a0to spray nadaj\u0105cy dodatkowy, wyj\u0105tkowy, naturalny blask. Rozpylony na w\u0142osach nadaje im niezwyk\u0142y blask bez efektu sklejenia i obci\u0105\u017cenia.\" \/>\n<meta property=\"og:url\" content=\"https:\/\/paulrivera.it\/pl\/prodotti\/finish-styling-pl\/spotlight-spray-nadajacy-blask\/\" \/>\n<meta property=\"og:site_name\" content=\"Paul Rivera\" \/>\n<meta property=\"article:modified_time\" content=\"2024-05-13T07:55:59+00:00\" \/>\n<meta property=\"og:image\" content=\"https:\/\/paulrivera.it\/wp-content\/uploads\/2020\/02\/606013_paul_rivera_spotlight_gloss_spray_500ml.png\" \/>\n\t<meta property=\"og:image:width\" content=\"800\" \/>\n\t<meta property=\"og:image:height\" content=\"800\" \/>\n\t<meta property=\"og:image:type\" content=\"image\/png\" \/>\n<meta name=\"twitter:card\" content=\"summary_large_image\" \/>\n<meta name=\"twitter:label1\" content=\"Est. reading time\" \/>\n\t<meta name=\"twitter:data1\" content=\"2 minutes\" \/>\n<script type=\"application\/ld+json\" class=\"yoast-schema-graph\">{\"@context\":\"https:\/\/schema.org\",\"@graph\":[{\"@type\":\"WebPage\",\"@id\":\"https:\/\/paulrivera.it\/pl\/prodotti\/finish-styling-pl\/spotlight-spray-nadajacy-blask\/\",\"url\":\"https:\/\/paulrivera.it\/pl\/prodotti\/finish-styling-pl\/spotlight-spray-nadajacy-blask\/\",\"name\":\"Spotlight - Spray nadaj\u0105cy blask | Paul Rivera\",\"isPartOf\":{\"@id\":\"https:\/\/paulrivera.it\/pl\/#website\"},\"primaryImageOfPage\":{\"@id\":\"https:\/\/paulrivera.it\/pl\/prodotti\/finish-styling-pl\/spotlight-spray-nadajacy-blask\/#primaryimage\"},\"image\":{\"@id\":\"https:\/\/paulrivera.it\/pl\/prodotti\/finish-styling-pl\/spotlight-spray-nadajacy-blask\/#primaryimage\"},\"thumbnailUrl\":\"https:\/\/paulrivera.it\/wp-content\/uploads\/2020\/02\/606013_paul_rivera_spotlight_gloss_spray_500ml.png\",\"datePublished\":\"2020-02-18T08:48:58+00:00\",\"dateModified\":\"2024-05-13T07:55:59+00:00\",\"description\":\"Spotlight \u00a0to spray nadaj\u0105cy dodatkowy, wyj\u0105tkowy, naturalny blask. Rozpylony na w\u0142osach nadaje im niezwyk\u0142y blask bez efektu sklejenia i obci\u0105\u017cenia.\",\"breadcrumb\":{\"@id\":\"https:\/\/paulrivera.it\/pl\/prodotti\/finish-styling-pl\/spotlight-spray-nadajacy-blask\/#breadcrumb\"},\"inLanguage\":\"pl-PL\",\"potentialAction\":[{\"@type\":\"ReadAction\",\"target\":[\"https:\/\/paulrivera.it\/pl\/prodotti\/finish-styling-pl\/spotlight-spray-nadajacy-blask\/\"]}]},{\"@type\":\"ImageObject\",\"inLanguage\":\"pl-PL\",\"@id\":\"https:\/\/paulrivera.it\/pl\/prodotti\/finish-styling-pl\/spotlight-spray-nadajacy-blask\/#primaryimage\",\"url\":\"https:\/\/paulrivera.it\/wp-content\/uploads\/2020\/02\/606013_paul_rivera_spotlight_gloss_spray_500ml.png\",\"contentUrl\":\"https:\/\/paulrivera.it\/wp-content\/uploads\/2020\/02\/606013_paul_rivera_spotlight_gloss_spray_500ml.png\",\"width\":800,\"height\":800,\"caption\":\"Spotlight - Spray nadaj\u0105cy blask\"},{\"@type\":\"BreadcrumbList\",\"@id\":\"https:\/\/paulrivera.it\/pl\/prodotti\/finish-styling-pl\/spotlight-spray-nadajacy-blask\/#breadcrumb\",\"itemListElement\":[{\"@type\":\"ListItem\",\"position\":1,\"name\":\"Home\",\"item\":\"https:\/\/paulrivera.it\/pl\/\"},{\"@type\":\"ListItem\",\"position\":2,\"name\":\"Pagina shop\",\"item\":\"https:\/\/paulrivera.it\/prodotti\/\"},{\"@type\":\"ListItem\",\"position\":3,\"name\":\"Spotlight &#8211; Spray nadaj\u0105cy blask\"}]},{\"@type\":\"WebSite\",\"@id\":\"https:\/\/paulrivera.it\/pl\/#website\",\"url\":\"https:\/\/paulrivera.it\/pl\/\",\"name\":\"Paul Rivera\",\"description\":\"Hair Beauty Celebration\",\"publisher\":{\"@id\":\"https:\/\/paulrivera.it\/pl\/#organization\"},\"potentialAction\":[{\"@type\":\"SearchAction\",\"target\":{\"@type\":\"EntryPoint\",\"urlTemplate\":\"https:\/\/paulrivera.it\/pl\/?s={search_term_string}\"},\"query-input\":{\"@type\":\"PropertyValueSpecification\",\"valueRequired\":true,\"valueName\":\"search_term_string\"}}],\"inLanguage\":\"pl-PL\"},{\"@type\":\"Organization\",\"@id\":\"https:\/\/paulrivera.it\/pl\/#organization\",\"name\":\"Paul Rivera\",\"url\":\"https:\/\/paulrivera.it\/pl\/\",\"logo\":{\"@type\":\"ImageObject\",\"inLanguage\":\"pl-PL\",\"@id\":\"https:\/\/paulrivera.it\/pl\/#\/schema\/logo\/image\/\",\"url\":\"https:\/\/paulrivera.it\/wp-content\/uploads\/2020\/02\/paul_rivera_logo_header_x2.png\",\"contentUrl\":\"https:\/\/paulrivera.it\/wp-content\/uploads\/2020\/02\/paul_rivera_logo_header_x2.png\",\"width\":470,\"height\":60,\"caption\":\"Paul Rivera\"},\"image\":{\"@id\":\"https:\/\/paulrivera.it\/pl\/#\/schema\/logo\/image\/\"}}]}<\/script>\n<!-- \/ Yoast SEO plugin. -->","yoast_head_json":{"title":"Spotlight - Spray nadaj\u0105cy blask | Paul Rivera","description":"Spotlight \u00a0to spray nadaj\u0105cy dodatkowy, wyj\u0105tkowy, naturalny blask. Rozpylony na w\u0142osach nadaje im niezwyk\u0142y blask bez efektu sklejenia i obci\u0105\u017cenia.","robots":{"index":"index","follow":"follow","max-snippet":"max-snippet:-1","max-image-preview":"max-image-preview:large","max-video-preview":"max-video-preview:-1"},"canonical":"https:\/\/paulrivera.it\/pl\/prodotti\/finish-styling-pl\/spotlight-spray-nadajacy-blask\/","og_locale":"pl_PL","og_type":"article","og_title":"Spotlight - Spray nadaj\u0105cy blask | Paul Rivera","og_description":"Spotlight \u00a0to spray nadaj\u0105cy dodatkowy, wyj\u0105tkowy, naturalny blask. Rozpylony na w\u0142osach nadaje im niezwyk\u0142y blask bez efektu sklejenia i obci\u0105\u017cenia.","og_url":"https:\/\/paulrivera.it\/pl\/prodotti\/finish-styling-pl\/spotlight-spray-nadajacy-blask\/","og_site_name":"Paul Rivera","article_modified_time":"2024-05-13T07:55:59+00:00","og_image":[{"width":800,"height":800,"url":"https:\/\/paulrivera.it\/wp-content\/uploads\/2020\/02\/606013_paul_rivera_spotlight_gloss_spray_500ml.png","type":"image\/png"}],"twitter_card":"summary_large_image","twitter_misc":{"Est. reading time":"2 minutes"},"schema":{"@context":"https:\/\/schema.org","@graph":[{"@type":"WebPage","@id":"https:\/\/paulrivera.it\/pl\/prodotti\/finish-styling-pl\/spotlight-spray-nadajacy-blask\/","url":"https:\/\/paulrivera.it\/pl\/prodotti\/finish-styling-pl\/spotlight-spray-nadajacy-blask\/","name":"Spotlight - Spray nadaj\u0105cy blask | Paul Rivera","isPartOf":{"@id":"https:\/\/paulrivera.it\/pl\/#website"},"primaryImageOfPage":{"@id":"https:\/\/paulrivera.it\/pl\/prodotti\/finish-styling-pl\/spotlight-spray-nadajacy-blask\/#primaryimage"},"image":{"@id":"https:\/\/paulrivera.it\/pl\/prodotti\/finish-styling-pl\/spotlight-spray-nadajacy-blask\/#primaryimage"},"thumbnailUrl":"https:\/\/paulrivera.it\/wp-content\/uploads\/2020\/02\/606013_paul_rivera_spotlight_gloss_spray_500ml.png","datePublished":"2020-02-18T08:48:58+00:00","dateModified":"2024-05-13T07:55:59+00:00","description":"Spotlight \u00a0to spray nadaj\u0105cy dodatkowy, wyj\u0105tkowy, naturalny blask. Rozpylony na w\u0142osach nadaje im niezwyk\u0142y blask bez efektu sklejenia i obci\u0105\u017cenia.","breadcrumb":{"@id":"https:\/\/paulrivera.it\/pl\/prodotti\/finish-styling-pl\/spotlight-spray-nadajacy-blask\/#breadcrumb"},"inLanguage":"pl-PL","potentialAction":[{"@type":"ReadAction","target":["https:\/\/paulrivera.it\/pl\/prodotti\/finish-styling-pl\/spotlight-spray-nadajacy-blask\/"]}]},{"@type":"ImageObject","inLanguage":"pl-PL","@id":"https:\/\/paulrivera.it\/pl\/prodotti\/finish-styling-pl\/spotlight-spray-nadajacy-blask\/#primaryimage","url":"https:\/\/paulrivera.it\/wp-content\/uploads\/2020\/02\/606013_paul_rivera_spotlight_gloss_spray_500ml.png","contentUrl":"https:\/\/paulrivera.it\/wp-content\/uploads\/2020\/02\/606013_paul_rivera_spotlight_gloss_spray_500ml.png","width":800,"height":800,"caption":"Spotlight - Spray nadaj\u0105cy blask"},{"@type":"BreadcrumbList","@id":"https:\/\/paulrivera.it\/pl\/prodotti\/finish-styling-pl\/spotlight-spray-nadajacy-blask\/#breadcrumb","itemListElement":[{"@type":"ListItem","position":1,"name":"Home","item":"https:\/\/paulrivera.it\/pl\/"},{"@type":"ListItem","position":2,"name":"Pagina shop","item":"https:\/\/paulrivera.it\/prodotti\/"},{"@type":"ListItem","position":3,"name":"Spotlight &#8211; Spray nadaj\u0105cy blask"}]},{"@type":"WebSite","@id":"https:\/\/paulrivera.it\/pl\/#website","url":"https:\/\/paulrivera.it\/pl\/","name":"Paul Rivera","description":"Hair Beauty Celebration","publisher":{"@id":"https:\/\/paulrivera.it\/pl\/#organization"},"potentialAction":[{"@type":"SearchAction","target":{"@type":"EntryPoint","urlTemplate":"https:\/\/paulrivera.it\/pl\/?s={search_term_string}"},"query-input":{"@type":"PropertyValueSpecification","valueRequired":true,"valueName":"search_term_string"}}],"inLanguage":"pl-PL"},{"@type":"Organization","@id":"https:\/\/paulrivera.it\/pl\/#organization","name":"Paul Rivera","url":"https:\/\/paulrivera.it\/pl\/","logo":{"@type":"ImageObject","inLanguage":"pl-PL","@id":"https:\/\/paulrivera.it\/pl\/#\/schema\/logo\/image\/","url":"https:\/\/paulrivera.it\/wp-content\/uploads\/2020\/02\/paul_rivera_logo_header_x2.png","contentUrl":"https:\/\/paulrivera.it\/wp-content\/uploads\/2020\/02\/paul_rivera_logo_header_x2.png","width":470,"height":60,"caption":"Paul Rivera"},"image":{"@id":"https:\/\/paulrivera.it\/pl\/#\/schema\/logo\/image\/"}}]}},"_links":{"self":[{"href":"https:\/\/paulrivera.it\/pl\/wp-json\/wp\/v2\/product\/4184","targetHints":{"allow":["GET"]}}],"collection":[{"href":"https:\/\/paulrivera.it\/pl\/wp-json\/wp\/v2\/product"}],"about":[{"href":"https:\/\/paulrivera.it\/pl\/wp-json\/wp\/v2\/types\/product"}],"wp:featuredmedia":[{"embeddable":true,"href":"https:\/\/paulrivera.it\/pl\/wp-json\/wp\/v2\/media\/4185"}],"wp:attachment":[{"href":"https:\/\/paulrivera.it\/pl\/wp-json\/wp\/v2\/media?parent=4184"}],"wp:term":[{"taxonomy":"product_brand","embeddable":true,"href":"https:\/\/paulrivera.it\/pl\/wp-json\/wp\/v2\/product_brand?post=4184"},{"taxonomy":"product_cat","embeddable":true,"href":"https:\/\/paulrivera.it\/pl\/wp-json\/wp\/v2\/product_cat?post=4184"},{"taxonomy":"product_tag","embeddable":true,"href":"https:\/\/paulrivera.it\/pl\/wp-json\/wp\/v2\/product_tag?post=4184"}],"curies":[{"name":"wp","href":"https:\/\/api.w.org\/{rel}","templated":true}]}}