{"id":4186,"date":"2020-02-18T09:48:38","date_gmt":"2020-02-18T08:48:38","guid":{"rendered":"https:\/\/paulrivera.it\/product\/colossal-ultra-mocny-lakier-do-wlosow\/"},"modified":"2025-07-17T16:45:06","modified_gmt":"2025-07-17T14:45:06","slug":"colossal-ultra-mocny-lakier-do-wlosow","status":"publish","type":"product","link":"https:\/\/paulrivera.it\/pl\/prodotti\/finish-styling-pl\/colossal-ultra-mocny-lakier-do-wlosow\/","title":{"rendered":"Colossal &#8211; Ultra mocny lakier do w\u0142os\u00f3w"},"content":{"rendered":"<div class=\"wpb-content-wrapper\"><p>[vc_row full_width=&#8221;stretch_row&#8221;][vc_column][vc_row_inner el_id=&#8221;desktop&#8221;][vc_column_inner width=&#8221;1\/2&#8243; css=&#8221;.vc_custom_1582194227194{padding-top: 10% !important;padding-right: 10% !important;padding-bottom: 10% !important;padding-left: 30% !important;}&#8221; offset=&#8221;vc_hidden-md vc_hidden-sm vc_hidden-xs&#8221;][vc_column_text]<\/p>\n<h1>L\u2019amerai perch\u00e9<\/h1>\n<ul>\n<li>Dona un fissaggio extra forte<\/li>\n<li>Protegge con azione anticrespo<\/li>\n<li>Ha una tenuta perfetta<\/li>\n<li>Non lascia residui e non appesantisce<\/li>\n<\/ul>\n<p>[\/vc_column_text][vc_column_text]<\/p>\n<h1>Gli attivi in formula<\/h1>\n<ul>\n<li>Estratti di Papavero: ricchi di vitamine C ed E, aiutano a rallentare l&#8217;invecchiamento cellulare e la comparsa dei radicali liberi con azione antiossidante.<\/li>\n<li>Mirtillo: grazie all\u2019elevata concentrazione di vitamine e minerali, idrata e ha un grande potere antiossidante che contrasta l\u2019invecchiamento.<\/li>\n<\/ul>\n<p>[\/vc_column_text][vc_column_text]<\/p>\n<h1>Come si usa<\/h1>\n<p>Agita la bombola prima dell\u2019uso. Vaporizza Colossal su capelli asciutti da una distanza di circa 30 cm.[\/vc_column_text][\/vc_column_inner][vc_column_inner width=&#8221;1\/2&#8243; css=&#8221;.vc_custom_1582892170218{background-image: url(https:\/\/paulrivera.it\/wp-content\/uploads\/2020\/02\/background_adv_produc_colossal.png?id=901) !important;background-position: center !important;background-repeat: no-repeat !important;background-size: cover !important;}&#8221; offset=&#8221;vc_hidden-md vc_hidden-sm vc_hidden-xs&#8221;][vc_single_image image=&#8221;4157&#8243; img_size=&#8221;large&#8221; alignment=&#8221;center&#8221;][\/vc_column_inner][\/vc_row_inner][vc_row_inner el_id=&#8221;tablet&#8221;][vc_column_inner offset=&#8221;vc_hidden-lg vc_hidden-xs&#8221;][vc_column_text]<\/p>\n<h1>L\u2019amerai perch\u00e9<\/h1>\n<ul>\n<li>Dona un fissaggio extra forte<\/li>\n<li>Protegge con azione anticrespo<\/li>\n<li>Ha una tenuta perfetta<\/li>\n<li>Non lascia residui e non appesantisce<\/li>\n<\/ul>\n<p>[\/vc_column_text][vc_column_text]<\/p>\n<h1>Gli attivi in formula<\/h1>\n<ul>\n<li>Estratti di Papavero: ricchi di vitamine C ed E, aiutano a rallentare l&#8217;invecchiamento cellulare e la comparsa dei radicali liberi con azione antiossidante.<\/li>\n<li>Mirtillo: grazie all\u2019elevata concentrazione di vitamine e minerali, idrata e ha un grande potere antiossidante che contrasta l\u2019invecchiamento.<\/li>\n<\/ul>\n<p>[\/vc_column_text][vc_column_text]<\/p>\n<h1>Come si usa<\/h1>\n<p>Agita la bombola prima dell\u2019uso. Vaporizza Colossal su capelli asciutti da una distanza di circa 30 cm.[\/vc_column_text][\/vc_column_inner][\/vc_row_inner][vc_row_inner el_id=&#8221;mobile&#8221;][vc_column_inner width=&#8221;1\/2&#8243; offset=&#8221;vc_hidden-lg vc_hidden-md vc_hidden-sm&#8221;][vc_column_text]<\/p>\n<h1>L\u2019amerai perch\u00e9<\/h1>\n<ul>\n<li>Dona un fissaggio extra forte<\/li>\n<li>Protegge con azione anticrespo<\/li>\n<li>Ha una tenuta perfetta<\/li>\n<li>Non lascia residui e non appesantisce<\/li>\n<\/ul>\n<p>[\/vc_column_text][vc_column_text]<\/p>\n<h1>Gli attivi in formula<\/h1>\n<ul>\n<li>Estratti di Papavero: ricchi di vitamine C ed E, aiutano a rallentare l&#8217;invecchiamento cellulare e la comparsa dei radicali liberi con azione antiossidante.<\/li>\n<li>Mirtillo: grazie all\u2019elevata concentrazione di vitamine e minerali, idrata e ha un grande potere antiossidante che contrasta l\u2019invecchiamento.<\/li>\n<\/ul>\n<p>[\/vc_column_text][vc_column_text]<\/p>\n<h1>Come si usa<\/h1>\n<p>Agita la bombola prima dell\u2019uso. Vaporizza Colossal su capelli asciutti da una distanza di circa 30 cm.[\/vc_column_text][\/vc_column_inner][vc_column_inner width=&#8221;1\/2&#8243; css=&#8221;.vc_custom_1582892191975{background-image: url(https:\/\/paulrivera.it\/wp-content\/uploads\/2020\/02\/background_adv_produc_colossal.png?id=901) !important;background-position: center !important;background-repeat: no-repeat !important;background-size: cover !important;}&#8221; offset=&#8221;vc_hidden-lg vc_hidden-md vc_hidden-sm&#8221;][vc_single_image image=&#8221;4157&#8243; img_size=&#8221;large&#8221; alignment=&#8221;center&#8221;][\/vc_column_inner][\/vc_row_inner][\/vc_column][\/vc_row][vc_row css=&#8221;.vc_custom_1582192829011{padding-top: 50px !important;}&#8221;][vc_column][vc_row_inner][vc_column_inner][vc_column_text]<\/p>\n<h1 style=\"text-align: center;\">Ti piaceranno anche<\/h1>\n<p>[\/vc_column_text][\/vc_column_inner][\/vc_row_inner][vc_raw_html]JTVCd3BiLXByb2R1Y3Qtc2xpZGVyLXNob3J0Y29kZSUyMGlkJTNEJTIyMTkxJTIyJTVE[\/vc_raw_html][\/vc_column][\/vc_row]<\/p>\n<\/div>","protected":false},"excerpt":{"rendered":"<p><span style=\"font-weight: 400;\">Ultra mocny lakier do w\u0142os\u00f3w <\/span><strong>Colossal<\/strong><span style=\"font-weight: 400;\"> daje wsparcie i <strong>ekstremalne utrwalenie fryzury bez obci\u0105\u017cania w\u0142os\u00f3w<\/strong>. Chroni przed wilgoci\u0105 i dyscyplinuje w\u0142osy, nadaj\u0105c fryzurze profesjonalne wyko\u0144czenie i nieskaziteln\u0105 trwa\u0142o\u015b\u0107.<\/span><\/p>\n<p><span style=\"font-weight: 400;\">Wzbogacony o<strong> wyci\u0105g z maku i bor\u00f3wki<\/strong>.<\/span><\/p>\n<p><span style=\"font-weight: 400;\">Ma niewidoczn\u0105 dla ludzkiego oka i lekk\u0105 konsystencj\u0119. Delikatna mgie\u0142ka otula w\u0142osy, utrwalaj\u0105c stylizacj\u0119 na d\u0142ugi czas. <\/span><strong>Colossal<\/strong><span style=\"font-weight: 400;\"><strong> nie pozostawia \u015blad\u00f3w<\/strong> i \u0142atwo si\u0119 usuwa za pomoc\u0105 zwyk\u0142ej szczotki.<\/span><\/p>\n<p>&nbsp;<\/p>\n[maxbutton id=\"8\"]\n","protected":false},"featured_media":4187,"template":"","meta":[],"product_brand":[],"product_cat":[694],"product_tag":[],"class_list":{"0":"post-4186","1":"product","2":"type-product","3":"status-publish","4":"has-post-thumbnail","6":"product_cat-finish-styling-pl","7":"description-off","9":"first","10":"instock","11":"shipping-taxable","12":"purchasable","13":"product-type-variable","14":"has-default-attributes"},"yoast_head":"<!-- This site is optimized with the Yoast SEO plugin v27.2 - https:\/\/yoast.com\/product\/yoast-seo-wordpress\/ -->\n<title>Colossal - Ultra mocny lakier do w\u0142os\u00f3w | Paul Rivera<\/title>\n<meta name=\"description\" content=\"Ultra mocny lakier do w\u0142os\u00f3w Colossal daje wsparcie i ekstremalne utrwalenie fryzury bez obci\u0105\u017cania w\u0142os\u00f3w.\" \/>\n<meta name=\"robots\" content=\"index, follow, max-snippet:-1, max-image-preview:large, max-video-preview:-1\" \/>\n<link rel=\"canonical\" href=\"https:\/\/paulrivera.it\/pl\/prodotti\/finish-styling-pl\/colossal-ultra-mocny-lakier-do-wlosow\/\" \/>\n<meta property=\"og:locale\" content=\"pl_PL\" \/>\n<meta property=\"og:type\" content=\"article\" \/>\n<meta property=\"og:title\" content=\"Colossal - Ultra mocny lakier do w\u0142os\u00f3w | Paul Rivera\" \/>\n<meta property=\"og:description\" content=\"Ultra mocny lakier do w\u0142os\u00f3w Colossal daje wsparcie i ekstremalne utrwalenie fryzury bez obci\u0105\u017cania w\u0142os\u00f3w.\" \/>\n<meta property=\"og:url\" content=\"https:\/\/paulrivera.it\/pl\/prodotti\/finish-styling-pl\/colossal-ultra-mocny-lakier-do-wlosow\/\" \/>\n<meta property=\"og:site_name\" content=\"Paul Rivera\" \/>\n<meta property=\"article:modified_time\" content=\"2025-07-17T14:45:06+00:00\" \/>\n<meta property=\"og:image\" content=\"https:\/\/paulrivera.it\/wp-content\/uploads\/2020\/02\/606006_paul_rivera_colossal_extra_strong_spray_500ml.png\" \/>\n\t<meta property=\"og:image:width\" content=\"800\" \/>\n\t<meta property=\"og:image:height\" content=\"800\" \/>\n\t<meta property=\"og:image:type\" content=\"image\/png\" \/>\n<meta name=\"twitter:card\" content=\"summary_large_image\" \/>\n<meta name=\"twitter:label1\" content=\"Est. reading time\" \/>\n\t<meta name=\"twitter:data1\" content=\"2 minutes\" \/>\n<script type=\"application\/ld+json\" class=\"yoast-schema-graph\">{\"@context\":\"https:\/\/schema.org\",\"@graph\":[{\"@type\":\"WebPage\",\"@id\":\"https:\/\/paulrivera.it\/pl\/prodotti\/finish-styling-pl\/colossal-ultra-mocny-lakier-do-wlosow\/\",\"url\":\"https:\/\/paulrivera.it\/pl\/prodotti\/finish-styling-pl\/colossal-ultra-mocny-lakier-do-wlosow\/\",\"name\":\"Colossal - Ultra mocny lakier do w\u0142os\u00f3w | Paul Rivera\",\"isPartOf\":{\"@id\":\"https:\/\/paulrivera.it\/pl\/#website\"},\"primaryImageOfPage\":{\"@id\":\"https:\/\/paulrivera.it\/pl\/prodotti\/finish-styling-pl\/colossal-ultra-mocny-lakier-do-wlosow\/#primaryimage\"},\"image\":{\"@id\":\"https:\/\/paulrivera.it\/pl\/prodotti\/finish-styling-pl\/colossal-ultra-mocny-lakier-do-wlosow\/#primaryimage\"},\"thumbnailUrl\":\"https:\/\/paulrivera.it\/wp-content\/uploads\/2020\/02\/606006_paul_rivera_colossal_extra_strong_spray_500ml.png\",\"datePublished\":\"2020-02-18T08:48:38+00:00\",\"dateModified\":\"2025-07-17T14:45:06+00:00\",\"description\":\"Ultra mocny lakier do w\u0142os\u00f3w Colossal daje wsparcie i ekstremalne utrwalenie fryzury bez obci\u0105\u017cania w\u0142os\u00f3w.\",\"breadcrumb\":{\"@id\":\"https:\/\/paulrivera.it\/pl\/prodotti\/finish-styling-pl\/colossal-ultra-mocny-lakier-do-wlosow\/#breadcrumb\"},\"inLanguage\":\"pl-PL\",\"potentialAction\":[{\"@type\":\"ReadAction\",\"target\":[\"https:\/\/paulrivera.it\/pl\/prodotti\/finish-styling-pl\/colossal-ultra-mocny-lakier-do-wlosow\/\"]}]},{\"@type\":\"ImageObject\",\"inLanguage\":\"pl-PL\",\"@id\":\"https:\/\/paulrivera.it\/pl\/prodotti\/finish-styling-pl\/colossal-ultra-mocny-lakier-do-wlosow\/#primaryimage\",\"url\":\"https:\/\/paulrivera.it\/wp-content\/uploads\/2020\/02\/606006_paul_rivera_colossal_extra_strong_spray_500ml.png\",\"contentUrl\":\"https:\/\/paulrivera.it\/wp-content\/uploads\/2020\/02\/606006_paul_rivera_colossal_extra_strong_spray_500ml.png\",\"width\":800,\"height\":800,\"caption\":\"Colossal - Ultra mocny lakier do w\u0142os\u00f3w\"},{\"@type\":\"BreadcrumbList\",\"@id\":\"https:\/\/paulrivera.it\/pl\/prodotti\/finish-styling-pl\/colossal-ultra-mocny-lakier-do-wlosow\/#breadcrumb\",\"itemListElement\":[{\"@type\":\"ListItem\",\"position\":1,\"name\":\"Home\",\"item\":\"https:\/\/paulrivera.it\/pl\/\"},{\"@type\":\"ListItem\",\"position\":2,\"name\":\"Pagina shop\",\"item\":\"https:\/\/paulrivera.it\/prodotti\/\"},{\"@type\":\"ListItem\",\"position\":3,\"name\":\"Colossal &#8211; Ultra mocny lakier do w\u0142os\u00f3w\"}]},{\"@type\":\"WebSite\",\"@id\":\"https:\/\/paulrivera.it\/pl\/#website\",\"url\":\"https:\/\/paulrivera.it\/pl\/\",\"name\":\"Paul Rivera\",\"description\":\"Hair Beauty Celebration\",\"publisher\":{\"@id\":\"https:\/\/paulrivera.it\/pl\/#organization\"},\"potentialAction\":[{\"@type\":\"SearchAction\",\"target\":{\"@type\":\"EntryPoint\",\"urlTemplate\":\"https:\/\/paulrivera.it\/pl\/?s={search_term_string}\"},\"query-input\":{\"@type\":\"PropertyValueSpecification\",\"valueRequired\":true,\"valueName\":\"search_term_string\"}}],\"inLanguage\":\"pl-PL\"},{\"@type\":\"Organization\",\"@id\":\"https:\/\/paulrivera.it\/pl\/#organization\",\"name\":\"Paul Rivera\",\"url\":\"https:\/\/paulrivera.it\/pl\/\",\"logo\":{\"@type\":\"ImageObject\",\"inLanguage\":\"pl-PL\",\"@id\":\"https:\/\/paulrivera.it\/pl\/#\/schema\/logo\/image\/\",\"url\":\"https:\/\/paulrivera.it\/wp-content\/uploads\/2020\/02\/paul_rivera_logo_header_x2.png\",\"contentUrl\":\"https:\/\/paulrivera.it\/wp-content\/uploads\/2020\/02\/paul_rivera_logo_header_x2.png\",\"width\":470,\"height\":60,\"caption\":\"Paul Rivera\"},\"image\":{\"@id\":\"https:\/\/paulrivera.it\/pl\/#\/schema\/logo\/image\/\"}}]}<\/script>\n<!-- \/ Yoast SEO plugin. -->","yoast_head_json":{"title":"Colossal - Ultra mocny lakier do w\u0142os\u00f3w | Paul Rivera","description":"Ultra mocny lakier do w\u0142os\u00f3w Colossal daje wsparcie i ekstremalne utrwalenie fryzury bez obci\u0105\u017cania w\u0142os\u00f3w.","robots":{"index":"index","follow":"follow","max-snippet":"max-snippet:-1","max-image-preview":"max-image-preview:large","max-video-preview":"max-video-preview:-1"},"canonical":"https:\/\/paulrivera.it\/pl\/prodotti\/finish-styling-pl\/colossal-ultra-mocny-lakier-do-wlosow\/","og_locale":"pl_PL","og_type":"article","og_title":"Colossal - Ultra mocny lakier do w\u0142os\u00f3w | Paul Rivera","og_description":"Ultra mocny lakier do w\u0142os\u00f3w Colossal daje wsparcie i ekstremalne utrwalenie fryzury bez obci\u0105\u017cania w\u0142os\u00f3w.","og_url":"https:\/\/paulrivera.it\/pl\/prodotti\/finish-styling-pl\/colossal-ultra-mocny-lakier-do-wlosow\/","og_site_name":"Paul Rivera","article_modified_time":"2025-07-17T14:45:06+00:00","og_image":[{"width":800,"height":800,"url":"https:\/\/paulrivera.it\/wp-content\/uploads\/2020\/02\/606006_paul_rivera_colossal_extra_strong_spray_500ml.png","type":"image\/png"}],"twitter_card":"summary_large_image","twitter_misc":{"Est. reading time":"2 minutes"},"schema":{"@context":"https:\/\/schema.org","@graph":[{"@type":"WebPage","@id":"https:\/\/paulrivera.it\/pl\/prodotti\/finish-styling-pl\/colossal-ultra-mocny-lakier-do-wlosow\/","url":"https:\/\/paulrivera.it\/pl\/prodotti\/finish-styling-pl\/colossal-ultra-mocny-lakier-do-wlosow\/","name":"Colossal - Ultra mocny lakier do w\u0142os\u00f3w | Paul Rivera","isPartOf":{"@id":"https:\/\/paulrivera.it\/pl\/#website"},"primaryImageOfPage":{"@id":"https:\/\/paulrivera.it\/pl\/prodotti\/finish-styling-pl\/colossal-ultra-mocny-lakier-do-wlosow\/#primaryimage"},"image":{"@id":"https:\/\/paulrivera.it\/pl\/prodotti\/finish-styling-pl\/colossal-ultra-mocny-lakier-do-wlosow\/#primaryimage"},"thumbnailUrl":"https:\/\/paulrivera.it\/wp-content\/uploads\/2020\/02\/606006_paul_rivera_colossal_extra_strong_spray_500ml.png","datePublished":"2020-02-18T08:48:38+00:00","dateModified":"2025-07-17T14:45:06+00:00","description":"Ultra mocny lakier do w\u0142os\u00f3w Colossal daje wsparcie i ekstremalne utrwalenie fryzury bez obci\u0105\u017cania w\u0142os\u00f3w.","breadcrumb":{"@id":"https:\/\/paulrivera.it\/pl\/prodotti\/finish-styling-pl\/colossal-ultra-mocny-lakier-do-wlosow\/#breadcrumb"},"inLanguage":"pl-PL","potentialAction":[{"@type":"ReadAction","target":["https:\/\/paulrivera.it\/pl\/prodotti\/finish-styling-pl\/colossal-ultra-mocny-lakier-do-wlosow\/"]}]},{"@type":"ImageObject","inLanguage":"pl-PL","@id":"https:\/\/paulrivera.it\/pl\/prodotti\/finish-styling-pl\/colossal-ultra-mocny-lakier-do-wlosow\/#primaryimage","url":"https:\/\/paulrivera.it\/wp-content\/uploads\/2020\/02\/606006_paul_rivera_colossal_extra_strong_spray_500ml.png","contentUrl":"https:\/\/paulrivera.it\/wp-content\/uploads\/2020\/02\/606006_paul_rivera_colossal_extra_strong_spray_500ml.png","width":800,"height":800,"caption":"Colossal - Ultra mocny lakier do w\u0142os\u00f3w"},{"@type":"BreadcrumbList","@id":"https:\/\/paulrivera.it\/pl\/prodotti\/finish-styling-pl\/colossal-ultra-mocny-lakier-do-wlosow\/#breadcrumb","itemListElement":[{"@type":"ListItem","position":1,"name":"Home","item":"https:\/\/paulrivera.it\/pl\/"},{"@type":"ListItem","position":2,"name":"Pagina shop","item":"https:\/\/paulrivera.it\/prodotti\/"},{"@type":"ListItem","position":3,"name":"Colossal &#8211; Ultra mocny lakier do w\u0142os\u00f3w"}]},{"@type":"WebSite","@id":"https:\/\/paulrivera.it\/pl\/#website","url":"https:\/\/paulrivera.it\/pl\/","name":"Paul Rivera","description":"Hair Beauty Celebration","publisher":{"@id":"https:\/\/paulrivera.it\/pl\/#organization"},"potentialAction":[{"@type":"SearchAction","target":{"@type":"EntryPoint","urlTemplate":"https:\/\/paulrivera.it\/pl\/?s={search_term_string}"},"query-input":{"@type":"PropertyValueSpecification","valueRequired":true,"valueName":"search_term_string"}}],"inLanguage":"pl-PL"},{"@type":"Organization","@id":"https:\/\/paulrivera.it\/pl\/#organization","name":"Paul Rivera","url":"https:\/\/paulrivera.it\/pl\/","logo":{"@type":"ImageObject","inLanguage":"pl-PL","@id":"https:\/\/paulrivera.it\/pl\/#\/schema\/logo\/image\/","url":"https:\/\/paulrivera.it\/wp-content\/uploads\/2020\/02\/paul_rivera_logo_header_x2.png","contentUrl":"https:\/\/paulrivera.it\/wp-content\/uploads\/2020\/02\/paul_rivera_logo_header_x2.png","width":470,"height":60,"caption":"Paul Rivera"},"image":{"@id":"https:\/\/paulrivera.it\/pl\/#\/schema\/logo\/image\/"}}]}},"_links":{"self":[{"href":"https:\/\/paulrivera.it\/pl\/wp-json\/wp\/v2\/product\/4186","targetHints":{"allow":["GET"]}}],"collection":[{"href":"https:\/\/paulrivera.it\/pl\/wp-json\/wp\/v2\/product"}],"about":[{"href":"https:\/\/paulrivera.it\/pl\/wp-json\/wp\/v2\/types\/product"}],"wp:featuredmedia":[{"embeddable":true,"href":"https:\/\/paulrivera.it\/pl\/wp-json\/wp\/v2\/media\/4187"}],"wp:attachment":[{"href":"https:\/\/paulrivera.it\/pl\/wp-json\/wp\/v2\/media?parent=4186"}],"wp:term":[{"taxonomy":"product_brand","embeddable":true,"href":"https:\/\/paulrivera.it\/pl\/wp-json\/wp\/v2\/product_brand?post=4186"},{"taxonomy":"product_cat","embeddable":true,"href":"https:\/\/paulrivera.it\/pl\/wp-json\/wp\/v2\/product_cat?post=4186"},{"taxonomy":"product_tag","embeddable":true,"href":"https:\/\/paulrivera.it\/pl\/wp-json\/wp\/v2\/product_tag?post=4186"}],"curies":[{"name":"wp","href":"https:\/\/api.w.org\/{rel}","templated":true}]}}